{"id":173167,"date":"2024-03-01T14:01:31","date_gmt":"2024-03-01T13:01:35","guid":{"rendered":"https:\/\/tourtravelandmore.com\/?post_type=product&#038;p=173167"},"modified":"2024-03-04T17:01:10","modified_gmt":"2024-03-04T16:01:10","slug":"visite-privee-de-bari-et-matera-au-depart-du-terminal-de-croisiere-de-bari-ou-de-lhotel-copy-2","status":"publish","type":"product","link":"https:\/\/tourtravelandmore.com\/fr\/tours\/italie-fr\/bari-fr-fr\/visite-privee-de-bari-et-matera-au-depart-du-terminal-de-croisiere-de-bari-ou-de-lhotel-copy-2\/","title":{"rendered":"Excursion priv\u00e9e \u00e0 Alberobello et Matera depuis Bari ou le terminal de croisi\u00e8re"},"content":{"rendered":"<h2>Description Excursion priv\u00e9e \u00e0 Alberobello et Matera depuis Bari ou le terminal de croisi\u00e8re<\/h2>\n<p>D\u00e9couvrez l&#8217;enchantement de la r\u00e9gion des Pouilles avec notre excursion priv\u00e9e exclusive \u00e0 Alberobello et Matera. Plongez dans l&#8217;histoire et la beaut\u00e9 de deux des destinations les plus fascinantes du sud de l&#8217;Italie, le tout accompagn\u00e9 d&#8217;un guide expert et d&#8217;un transport confortable.<\/p>\n<p>Commencez votre voyage par un trajet panoramique \u00e0 travers la campagne pittoresque des Pouilles, o\u00f9 les collines ondulantes et les oliveraies constituent la toile de fond de votre aventure. En vous enfon\u00e7ant au c\u0153ur de cette r\u00e9gion captivante, vous d\u00e9couvrirez l&#8217;allure intemporelle des trulli d&#8217;Alberobello et des anciennes maisons troglodytes de Matera, chacune offrant un aper\u00e7u du riche patrimoine culturel de l&#8217;Italie.<\/p>\n<p>Avec l&#8217;attention personnalis\u00e9e de votre guide et la flexibilit\u00e9 d&#8217;explorer \u00e0 votre propre rythme, cette visite priv\u00e9e promet une exploration inoubliable des joyaux cach\u00e9s des Pouilles.<\/p>\n<p>Embarquez dans cette aventure passionnante et d\u00e9couvrez les secrets les mieux gard\u00e9s d&#8217;Alberobello et de Matera gr\u00e2ce \u00e0 notre circuit priv\u00e9 exclusif !<\/p>\n<p>Pour plus de d\u00e9tails et de r\u00e9servations, veuillez visiter notre site web ou nous contacter directement. Nous nous r\u00e9jouissons de vous accompagner dans ce voyage inoubliable !<\/p>\n<h2>Points d&#8217;int\u00e9r\u00eat et monuments<\/h2>\n<p>Votre guide priv\u00e9 et votre chauffeur vous accueilleront \u00e0 l&#8217;endroit de votre choix, que ce soit \u00e0 votre h\u00f4tel \u00e0 Bari ou directement au terminal de croisi\u00e8re.<\/p>\n<p>D\u00e9tendez-vous dans le confort de votre v\u00e9hicule priv\u00e9 pendant que vous traversez la campagne pittoresque des Pouilles en direction d&#8217;Alberobello, c\u00e9l\u00e8bre pour ses maisons trulli uniques.<\/p>\n<p>Nous nous dirigerons vers Alberobello, un voyage qui vous emm\u00e8nera \u00e0 travers de superbes paysages italiens. Promenez-vous dans les charmantes rues d&#8217;Alberobello en compagnie de votre guide comp\u00e9tent. D\u00e9couvrez l&#8217;histoire et l&#8217;architecture de ces habitations traditionnelles en pierre calcaire, qui ont \u00e9t\u00e9 class\u00e9es au patrimoine mondial de l&#8217;UNESCO.<\/p>\n<p>Apr\u00e8s le d\u00e9jeuner, continuez votre voyage vers Matera, connue pour ses anciennes habitations troglodytes, ou &#8220;sassi&#8221;. \u00c9merveillez-vous devant le paysage et l&#8217;architecture uniques de cette ville historique tandis que votre guide vous donne un aper\u00e7u de son riche patrimoine culturel.<\/p>\n<p>D\u00e9couvrez les secrets de Matera en vous promenant dans ses ruelles sinueuses et ses rues caverneuses. Visitez des sites remarquables tels que les Sassi di Matera, la cath\u00e9drale de Matera et les anciennes \u00e9glises rupestres, tout en apprenant \u00e0 mieux conna\u00eetre le pass\u00e9 fascinant de la ville.<\/p>\n<p>Ne manquez pas cette occasion de vous plonger dans l&#8217;histoire et l&#8217;architecture captivantes d&#8217;Alberobello et de Matera gr\u00e2ce \u00e0 notre visite priv\u00e9e personnalis\u00e9e. R\u00e9servez d\u00e8s maintenant et embarquez pour un voyage au c\u0153ur des tr\u00e9sors culturels des Pouilles.<\/p>\n<p>Apr\u00e8s une journ\u00e9e d&#8217;exploration, d\u00e9tendez-vous pendant le voyage de retour vers Bari ou le terminal de croisi\u00e8re, en vous rem\u00e9morant les exp\u00e9riences inoubliables et les souvenirs cr\u00e9\u00e9s pendant votre visite.<\/p>\n","protected":false},"excerpt":{"rendered":"<p>D\u00e9couvrez l&#8217;enchantement de la r\u00e9gion des Pouilles avec notre excursion priv\u00e9e exclusive \u00e0 Alberobello et Matera. Plongez dans l&#8217;histoire et la beaut\u00e9 de deux des destinations les plus fascinantes du sud de l&#8217;Italie, le tout accompagn\u00e9 d&#8217;un guide expert et d&#8217;un transport confortable.<\/p>\n","protected":false},"featured_media":173177,"comment_status":"open","ping_status":"closed","template":"","meta":{"_acf_changed":false},"product_brand":[],"product_cat":[5070,5067,5071],"product_tag":[],"class_list":{"0":"post-173167","1":"product","2":"type-product","3":"status-publish","4":"has-post-thumbnail","6":"product_cat-all-private-tours-fr","7":"product_cat-bari-fr-fr","8":"product_cat-private-walking-tour-fr","10":"first","11":"instock","12":"shipping-taxable","13":"purchasable","14":"product-type-simple"},"acf":[],"yoast_head":"<!-- This site is optimized with the Yoast SEO Premium plugin v25.3.1 (Yoast SEO v25.3.1) - https:\/\/yoast.com\/wordpress\/plugins\/seo\/ -->\n<title>Excursion priv\u00e9e \u00e0 Alberobello et Matera depuis Bari | TourTravel&amp;More<\/title>\n<meta name=\"description\" content=\"D\u00e9couvrez la riche histoire et la beaut\u00e9 naturelle \u00e9poustouflante des r\u00e9gions des Pouilles et de la Basilicate lors de cette visite priv\u00e9e exclusive au d\u00e9part de Bari. \u2705\" \/>\n<meta name=\"robots\" content=\"index, follow, max-snippet:-1, max-image-preview:large, max-video-preview:-1\" \/>\n<link rel=\"canonical\" href=\"https:\/\/tourtravelandmore.com\/fr\/tours\/italie-fr\/bari-fr-fr\/visite-privee-de-bari-et-matera-au-depart-du-terminal-de-croisiere-de-bari-ou-de-lhotel-copy-2\/\" \/>\n<meta property=\"og:locale\" content=\"fr_FR\" \/>\n<meta property=\"og:type\" content=\"article\" \/>\n<meta property=\"og:title\" content=\"Excursion priv\u00e9e \u00e0 Alberobello et Matera depuis Bari ou le terminal de croisi\u00e8re\" \/>\n<meta property=\"og:description\" content=\"D\u00e9couvrez la riche histoire et la beaut\u00e9 naturelle \u00e9poustouflante des r\u00e9gions des Pouilles et de la Basilicate lors de cette visite priv\u00e9e exclusive au d\u00e9part de Bari. \u2705\" \/>\n<meta property=\"og:url\" content=\"https:\/\/tourtravelandmore.com\/fr\/tours\/italie-fr\/bari-fr-fr\/visite-privee-de-bari-et-matera-au-depart-du-terminal-de-croisiere-de-bari-ou-de-lhotel-copy-2\/\" \/>\n<meta property=\"og:site_name\" content=\"Tour Travel And More\" \/>\n<meta property=\"article:publisher\" content=\"https:\/\/www.facebook.com\/tourtravelandmore\/\" \/>\n<meta property=\"article:modified_time\" content=\"2024-03-04T16:01:10+00:00\" \/>\n<meta property=\"og:image\" content=\"https:\/\/tourtravelandmore.com\/wp-content\/uploads\/2024\/03\/pexels-kelly-12464262.jpg\" \/>\n\t<meta property=\"og:image:width\" content=\"1920\" \/>\n\t<meta property=\"og:image:height\" content=\"1079\" \/>\n\t<meta property=\"og:image:type\" content=\"image\/jpeg\" \/>\n<meta name=\"twitter:card\" content=\"summary_large_image\" \/>\n<meta name=\"twitter:site\" content=\"@TourTravel_More\" \/>\n<meta name=\"twitter:label1\" content=\"Dur\u00e9e de lecture estim\u00e9e\" \/>\n\t<meta name=\"twitter:data1\" content=\"2 minutes\" \/>\n<script type=\"application\/ld+json\" class=\"yoast-schema-graph\">{\"@context\":\"https:\/\/schema.org\",\"@graph\":[{\"@type\":\"WebPage\",\"@id\":\"https:\/\/tourtravelandmore.com\/fr\/tours\/italie-fr\/bari-fr-fr\/visite-privee-de-bari-et-matera-au-depart-du-terminal-de-croisiere-de-bari-ou-de-lhotel-copy-2\/\",\"url\":\"https:\/\/tourtravelandmore.com\/fr\/tours\/italie-fr\/bari-fr-fr\/visite-privee-de-bari-et-matera-au-depart-du-terminal-de-croisiere-de-bari-ou-de-lhotel-copy-2\/\",\"name\":\"Excursion priv\u00e9e \u00e0 Alberobello et Matera depuis Bari | TourTravel&More\",\"isPartOf\":{\"@id\":\"https:\/\/tourtravelandmore.com\/fr\/#website\"},\"primaryImageOfPage\":{\"@id\":\"https:\/\/tourtravelandmore.com\/fr\/tours\/italie-fr\/bari-fr-fr\/visite-privee-de-bari-et-matera-au-depart-du-terminal-de-croisiere-de-bari-ou-de-lhotel-copy-2\/#primaryimage\"},\"image\":{\"@id\":\"https:\/\/tourtravelandmore.com\/fr\/tours\/italie-fr\/bari-fr-fr\/visite-privee-de-bari-et-matera-au-depart-du-terminal-de-croisiere-de-bari-ou-de-lhotel-copy-2\/#primaryimage\"},\"thumbnailUrl\":\"https:\/\/tourtravelandmore.com\/wp-content\/uploads\/2024\/03\/pexels-kelly-12464262.jpg\",\"datePublished\":\"2024-03-01T13:01:35+00:00\",\"dateModified\":\"2024-03-04T16:01:10+00:00\",\"description\":\"D\u00e9couvrez la riche histoire et la beaut\u00e9 naturelle \u00e9poustouflante des r\u00e9gions des Pouilles et de la Basilicate lors de cette visite priv\u00e9e exclusive au d\u00e9part de Bari. \u2705\",\"breadcrumb\":{\"@id\":\"https:\/\/tourtravelandmore.com\/fr\/tours\/italie-fr\/bari-fr-fr\/visite-privee-de-bari-et-matera-au-depart-du-terminal-de-croisiere-de-bari-ou-de-lhotel-copy-2\/#breadcrumb\"},\"inLanguage\":\"fr-FR\",\"potentialAction\":[{\"@type\":\"ReadAction\",\"target\":[\"https:\/\/tourtravelandmore.com\/fr\/tours\/italie-fr\/bari-fr-fr\/visite-privee-de-bari-et-matera-au-depart-du-terminal-de-croisiere-de-bari-ou-de-lhotel-copy-2\/\"]}]},{\"@type\":\"ImageObject\",\"inLanguage\":\"fr-FR\",\"@id\":\"https:\/\/tourtravelandmore.com\/fr\/tours\/italie-fr\/bari-fr-fr\/visite-privee-de-bari-et-matera-au-depart-du-terminal-de-croisiere-de-bari-ou-de-lhotel-copy-2\/#primaryimage\",\"url\":\"https:\/\/tourtravelandmore.com\/wp-content\/uploads\/2024\/03\/pexels-kelly-12464262.jpg\",\"contentUrl\":\"https:\/\/tourtravelandmore.com\/wp-content\/uploads\/2024\/03\/pexels-kelly-12464262.jpg\",\"width\":1920,\"height\":1079},{\"@type\":\"BreadcrumbList\",\"@id\":\"https:\/\/tourtravelandmore.com\/fr\/tours\/italie-fr\/bari-fr-fr\/visite-privee-de-bari-et-matera-au-depart-du-terminal-de-croisiere-de-bari-ou-de-lhotel-copy-2\/#breadcrumb\",\"itemListElement\":[{\"@type\":\"ListItem\",\"position\":1,\"name\":\"Home\",\"item\":\"https:\/\/tourtravelandmore.com\/fr\/\"},{\"@type\":\"ListItem\",\"position\":2,\"name\":\"Tours\",\"item\":\"https:\/\/tourtravelandmore.com\/fr\/tours\/\"},{\"@type\":\"ListItem\",\"position\":3,\"name\":\"Excursion priv\u00e9e \u00e0 Alberobello et Matera depuis Bari ou le terminal de croisi\u00e8re\"}]},{\"@type\":\"WebSite\",\"@id\":\"https:\/\/tourtravelandmore.com\/fr\/#website\",\"url\":\"https:\/\/tourtravelandmore.com\/fr\/\",\"name\":\"Tour Travel And More\",\"description\":\"Private sightseeing tours and luxury transfers in Spain\",\"publisher\":{\"@id\":\"https:\/\/tourtravelandmore.com\/fr\/#organization\"},\"potentialAction\":[{\"@type\":\"SearchAction\",\"target\":{\"@type\":\"EntryPoint\",\"urlTemplate\":\"https:\/\/tourtravelandmore.com\/fr\/?s={search_term_string}\"},\"query-input\":{\"@type\":\"PropertyValueSpecification\",\"valueRequired\":true,\"valueName\":\"search_term_string\"}}],\"inLanguage\":\"fr-FR\"},{\"@type\":\"Organization\",\"@id\":\"https:\/\/tourtravelandmore.com\/fr\/#organization\",\"name\":\"Tour Travel And More\",\"url\":\"https:\/\/tourtravelandmore.com\/fr\/\",\"logo\":{\"@type\":\"ImageObject\",\"inLanguage\":\"fr-FR\",\"@id\":\"https:\/\/tourtravelandmore.com\/fr\/#\/schema\/logo\/image\/\",\"url\":\"https:\/\/tourtravelandmore.com\/wp-content\/uploads\/2022\/12\/cropped-logo-cabecera-new.png\",\"contentUrl\":\"https:\/\/tourtravelandmore.com\/wp-content\/uploads\/2022\/12\/cropped-logo-cabecera-new.png\",\"width\":430,\"height\":61,\"caption\":\"Tour Travel And More\"},\"image\":{\"@id\":\"https:\/\/tourtravelandmore.com\/fr\/#\/schema\/logo\/image\/\"},\"sameAs\":[\"https:\/\/www.facebook.com\/tourtravelandmore\/\",\"https:\/\/x.com\/TourTravel_More\"]}]}<\/script>\n<!-- \/ Yoast SEO Premium plugin. -->","yoast_head_json":{"title":"Excursion priv\u00e9e \u00e0 Alberobello et Matera depuis Bari | TourTravel&More","description":"D\u00e9couvrez la riche histoire et la beaut\u00e9 naturelle \u00e9poustouflante des r\u00e9gions des Pouilles et de la Basilicate lors de cette visite priv\u00e9e exclusive au d\u00e9part de Bari. \u2705","robots":{"index":"index","follow":"follow","max-snippet":"max-snippet:-1","max-image-preview":"max-image-preview:large","max-video-preview":"max-video-preview:-1"},"canonical":"https:\/\/tourtravelandmore.com\/fr\/tours\/italie-fr\/bari-fr-fr\/visite-privee-de-bari-et-matera-au-depart-du-terminal-de-croisiere-de-bari-ou-de-lhotel-copy-2\/","og_locale":"fr_FR","og_type":"article","og_title":"Excursion priv\u00e9e \u00e0 Alberobello et Matera depuis Bari ou le terminal de croisi\u00e8re","og_description":"D\u00e9couvrez la riche histoire et la beaut\u00e9 naturelle \u00e9poustouflante des r\u00e9gions des Pouilles et de la Basilicate lors de cette visite priv\u00e9e exclusive au d\u00e9part de Bari. \u2705","og_url":"https:\/\/tourtravelandmore.com\/fr\/tours\/italie-fr\/bari-fr-fr\/visite-privee-de-bari-et-matera-au-depart-du-terminal-de-croisiere-de-bari-ou-de-lhotel-copy-2\/","og_site_name":"Tour Travel And More","article_publisher":"https:\/\/www.facebook.com\/tourtravelandmore\/","article_modified_time":"2024-03-04T16:01:10+00:00","og_image":[{"width":1920,"height":1079,"url":"https:\/\/tourtravelandmore.com\/wp-content\/uploads\/2024\/03\/pexels-kelly-12464262.jpg","type":"image\/jpeg"}],"twitter_card":"summary_large_image","twitter_site":"@TourTravel_More","twitter_misc":{"Dur\u00e9e de lecture estim\u00e9e":"2 minutes"},"schema":{"@context":"https:\/\/schema.org","@graph":[{"@type":"WebPage","@id":"https:\/\/tourtravelandmore.com\/fr\/tours\/italie-fr\/bari-fr-fr\/visite-privee-de-bari-et-matera-au-depart-du-terminal-de-croisiere-de-bari-ou-de-lhotel-copy-2\/","url":"https:\/\/tourtravelandmore.com\/fr\/tours\/italie-fr\/bari-fr-fr\/visite-privee-de-bari-et-matera-au-depart-du-terminal-de-croisiere-de-bari-ou-de-lhotel-copy-2\/","name":"Excursion priv\u00e9e \u00e0 Alberobello et Matera depuis Bari | TourTravel&More","isPartOf":{"@id":"https:\/\/tourtravelandmore.com\/fr\/#website"},"primaryImageOfPage":{"@id":"https:\/\/tourtravelandmore.com\/fr\/tours\/italie-fr\/bari-fr-fr\/visite-privee-de-bari-et-matera-au-depart-du-terminal-de-croisiere-de-bari-ou-de-lhotel-copy-2\/#primaryimage"},"image":{"@id":"https:\/\/tourtravelandmore.com\/fr\/tours\/italie-fr\/bari-fr-fr\/visite-privee-de-bari-et-matera-au-depart-du-terminal-de-croisiere-de-bari-ou-de-lhotel-copy-2\/#primaryimage"},"thumbnailUrl":"https:\/\/tourtravelandmore.com\/wp-content\/uploads\/2024\/03\/pexels-kelly-12464262.jpg","datePublished":"2024-03-01T13:01:35+00:00","dateModified":"2024-03-04T16:01:10+00:00","description":"D\u00e9couvrez la riche histoire et la beaut\u00e9 naturelle \u00e9poustouflante des r\u00e9gions des Pouilles et de la Basilicate lors de cette visite priv\u00e9e exclusive au d\u00e9part de Bari. \u2705","breadcrumb":{"@id":"https:\/\/tourtravelandmore.com\/fr\/tours\/italie-fr\/bari-fr-fr\/visite-privee-de-bari-et-matera-au-depart-du-terminal-de-croisiere-de-bari-ou-de-lhotel-copy-2\/#breadcrumb"},"inLanguage":"fr-FR","potentialAction":[{"@type":"ReadAction","target":["https:\/\/tourtravelandmore.com\/fr\/tours\/italie-fr\/bari-fr-fr\/visite-privee-de-bari-et-matera-au-depart-du-terminal-de-croisiere-de-bari-ou-de-lhotel-copy-2\/"]}]},{"@type":"ImageObject","inLanguage":"fr-FR","@id":"https:\/\/tourtravelandmore.com\/fr\/tours\/italie-fr\/bari-fr-fr\/visite-privee-de-bari-et-matera-au-depart-du-terminal-de-croisiere-de-bari-ou-de-lhotel-copy-2\/#primaryimage","url":"https:\/\/tourtravelandmore.com\/wp-content\/uploads\/2024\/03\/pexels-kelly-12464262.jpg","contentUrl":"https:\/\/tourtravelandmore.com\/wp-content\/uploads\/2024\/03\/pexels-kelly-12464262.jpg","width":1920,"height":1079},{"@type":"BreadcrumbList","@id":"https:\/\/tourtravelandmore.com\/fr\/tours\/italie-fr\/bari-fr-fr\/visite-privee-de-bari-et-matera-au-depart-du-terminal-de-croisiere-de-bari-ou-de-lhotel-copy-2\/#breadcrumb","itemListElement":[{"@type":"ListItem","position":1,"name":"Home","item":"https:\/\/tourtravelandmore.com\/fr\/"},{"@type":"ListItem","position":2,"name":"Tours","item":"https:\/\/tourtravelandmore.com\/fr\/tours\/"},{"@type":"ListItem","position":3,"name":"Excursion priv\u00e9e \u00e0 Alberobello et Matera depuis Bari ou le terminal de croisi\u00e8re"}]},{"@type":"WebSite","@id":"https:\/\/tourtravelandmore.com\/fr\/#website","url":"https:\/\/tourtravelandmore.com\/fr\/","name":"Tour Travel And More","description":"Private sightseeing tours and luxury transfers in Spain","publisher":{"@id":"https:\/\/tourtravelandmore.com\/fr\/#organization"},"potentialAction":[{"@type":"SearchAction","target":{"@type":"EntryPoint","urlTemplate":"https:\/\/tourtravelandmore.com\/fr\/?s={search_term_string}"},"query-input":{"@type":"PropertyValueSpecification","valueRequired":true,"valueName":"search_term_string"}}],"inLanguage":"fr-FR"},{"@type":"Organization","@id":"https:\/\/tourtravelandmore.com\/fr\/#organization","name":"Tour Travel And More","url":"https:\/\/tourtravelandmore.com\/fr\/","logo":{"@type":"ImageObject","inLanguage":"fr-FR","@id":"https:\/\/tourtravelandmore.com\/fr\/#\/schema\/logo\/image\/","url":"https:\/\/tourtravelandmore.com\/wp-content\/uploads\/2022\/12\/cropped-logo-cabecera-new.png","contentUrl":"https:\/\/tourtravelandmore.com\/wp-content\/uploads\/2022\/12\/cropped-logo-cabecera-new.png","width":430,"height":61,"caption":"Tour Travel And More"},"image":{"@id":"https:\/\/tourtravelandmore.com\/fr\/#\/schema\/logo\/image\/"},"sameAs":["https:\/\/www.facebook.com\/tourtravelandmore\/","https:\/\/x.com\/TourTravel_More"]}]}},"_links":{"self":[{"href":"https:\/\/tourtravelandmore.com\/fr\/wp-json\/wp\/v2\/product\/173167","targetHints":{"allow":["GET"]}}],"collection":[{"href":"https:\/\/tourtravelandmore.com\/fr\/wp-json\/wp\/v2\/product"}],"about":[{"href":"https:\/\/tourtravelandmore.com\/fr\/wp-json\/wp\/v2\/types\/product"}],"replies":[{"embeddable":true,"href":"https:\/\/tourtravelandmore.com\/fr\/wp-json\/wp\/v2\/comments?post=173167"}],"wp:featuredmedia":[{"embeddable":true,"href":"https:\/\/tourtravelandmore.com\/fr\/wp-json\/wp\/v2\/media\/173177"}],"wp:attachment":[{"href":"https:\/\/tourtravelandmore.com\/fr\/wp-json\/wp\/v2\/media?parent=173167"}],"wp:term":[{"taxonomy":"product_brand","embeddable":true,"href":"https:\/\/tourtravelandmore.com\/fr\/wp-json\/wp\/v2\/product_brand?post=173167"},{"taxonomy":"product_cat","embeddable":true,"href":"https:\/\/tourtravelandmore.com\/fr\/wp-json\/wp\/v2\/product_cat?post=173167"},{"taxonomy":"product_tag","embeddable":true,"href":"https:\/\/tourtravelandmore.com\/fr\/wp-json\/wp\/v2\/product_tag?post=173167"}],"curies":[{"name":"wp","href":"https:\/\/api.w.org\/{rel}","templated":true}]}}