{"id":173140,"date":"2024-03-01T10:48:37","date_gmt":"2024-03-01T09:48:40","guid":{"rendered":"https:\/\/tourtravelandmore.com\/?post_type=product&#038;p=173140"},"modified":"2024-03-15T16:14:07","modified_gmt":"2024-03-15T15:14:07","slug":"visite-privee-de-logrono-et-visite-de-deux-caves-de-la-region","status":"publish","type":"product","link":"https:\/\/tourtravelandmore.com\/fr\/tours\/espagne-fr\/san-sebastian-fr\/toutes-les-visites-et-activites-privees-fr-7\/visite-privee-de-logrono-et-visite-de-deux-caves-de-la-region\/","title":{"rendered":"Visite priv\u00e9e de Logro\u00f1o avec visite de deux caves locales"},"content":{"rendered":"<h2>Visite priv\u00e9e de Logro\u00f1o avec visite de deux caves locales Description :<\/h2>\n<p>Embarquez pour un voyage captivant de 10 heures au c\u0153ur de La Rioja avec Tour Travel and More. Il s&#8217;agit de notre visite priv\u00e9e de Logro\u00f1o avec visite de deux caves locales. Cette visite exclusive combine le meilleur des exp\u00e9riences urbaines et rurales, en commen\u00e7ant par une visite guid\u00e9e de 2 heures \u00e0 Logro\u00f1o, qui vous immergera dans la sc\u00e8ne culinaire locale.<\/p>\n<p>Apr\u00e8s l&#8217;aventure urbaine, l&#8217;excursion se d\u00e9place vers la campagne sereine, o\u00f9 vous visiterez deux vignobles distingu\u00e9s. Chaque visite de cave comprend une visite approfondie et une s\u00e9ance de d\u00e9gustation, vous donnant un aper\u00e7u du monde complexe de la production de vin.<\/p>\n<p>Cette visite priv\u00e9e est con\u00e7ue pour offrir un aper\u00e7u intime du patrimoine culturel et \u0153nologique de La Rioja, ce qui en fait une exp\u00e9rience inoubliable pour les amateurs de vin comme pour les amoureux de la culture. Vous aurez \u00e0 choisir parmi une liste de caves telles que : Bodegas Marqu\u00e9s de Riscal, Bodegas Muga, Bodegas L\u00f3pez de Heredia Vi\u00f1a Tondonia, Bodegas Roda et Bodegas CVNE (Compa\u00f1\u00eda Vin\u00edcola del Norte de Espa\u00f1a). Le choix peut varier en fonction de la disponibilit\u00e9 de chaque cave.<\/p>\n<h2>Points d&#8217;int\u00e9r\u00eat :<\/h2>\n<p>Vous commencerez votre voyage \u00e0 Saint-S\u00e9bastien dans un transport priv\u00e9 confortable qui viendra vous chercher \u00e0 l&#8217;endroit de votre choix. Vous continuerez ensuite jusqu&#8217;\u00e0 Logro\u00f1o, o\u00f9 vous rencontrerez votre guide officiel priv\u00e9. \u00c0 votre arriv\u00e9e \u00e0 Logro\u00f1o, vous vous immergerez dans son atmosph\u00e8re historique et pittoresque. Vous profiterez d&#8217;une visite gastronomique de Logro\u00f1o, en visitant des bars traditionnels pour d\u00e9guster des tapas typiques de la r\u00e9gion. Vous d\u00e9couvrirez l&#8217;essence de la cuisine carioca en vous d\u00e9lectant de saveurs authentiques.<\/p>\n<p>Vous ferez l&#8217;exp\u00e9rience de la magie de deux vignobles renomm\u00e9s de La Rioja. Vous apprendrez le processus de fabrication du vin, de la vigne au verre. Vous d\u00e9couvrirez l&#8217;histoire de leurs vins et aurez l&#8217;occasion de d\u00e9guster leurs meilleures s\u00e9lections.<\/p>\n<p>Dans chaque cave, vous ferez une d\u00e9gustation guid\u00e9e par des \u0153nologues experts. Vous apprendrez \u00e0 appr\u00e9cier les ar\u00f4mes, les saveurs et les textures des vins de La Rioja. Ceux-ci sont c\u00e9l\u00e8bres dans le monde entier pour leur qualit\u00e9 et leur vari\u00e9t\u00e9.<\/p>\n<p>Apr\u00e8s une exp\u00e9rience enrichissante et savoureuse, vous retournerez \u00e0 Saint-S\u00e9bastien avec une nouvelle compr\u00e9hension de la culture du vin de La Rioja et des souvenirs inoubliables de votre visite \u00e0 Logro\u00f1o.<\/p>\n<p>D\u00e9couvrez la charmante ville de Logro\u00f1o et les vignobles de renomm\u00e9e mondiale de La Rioja avec Tour Travel and More. Notre s\u00e9lection de circuits priv\u00e9s tri\u00e9s sur le volet, comprenant des visites exclusives de vignobles en petits groupes, offre une exploration personnalis\u00e9e et luxueuse de la r\u00e9gion viticole la plus c\u00e9l\u00e8bre d&#8217;Espagne.<\/p>\n","protected":false},"excerpt":{"rendered":"<p><span style=\"font-weight: 400;\">Participez \u00e0 notre visite priv\u00e9e de Logro\u00f1o et plongez au c\u0153ur de La Rioja avec des visites exclusives de deux des vignobles les plus distingu\u00e9s de la r\u00e9gion. D\u00e9couvrez la vibrante culture des tapas de Logro\u00f1o et savourez les vins exquis qui font de La Rioja une ic\u00f4ne mondiale de la viticulture.<\/span><\/p>\n","protected":false},"featured_media":173160,"comment_status":"open","ping_status":"closed","template":"","meta":{"_acf_changed":false},"product_brand":[],"product_cat":[5085,4738,5084,4737,5086,4740,3574,3647],"product_tag":[],"class_list":{"0":"post-173140","1":"product","2":"type-product","3":"status-publish","4":"has-post-thumbnail","6":"product_cat-excursions-privees-dune-journee-fr-6","7":"product_cat-excursions-privees-dune-journee-fr-5","8":"product_cat-toutes-les-visites-et-activites-privees-fr-7","9":"product_cat-toutes-les-visites-et-activites-privees-fr-6","10":"product_cat-visites-guidees-privees-fr-11","11":"product_cat-visites-guidees-privees-fr-8","12":"product_cat-bilbao-fr","13":"product_cat-san-sebastian-fr","15":"first","16":"instock","17":"shipping-taxable","18":"purchasable","19":"product-type-simple"},"acf":[],"yoast_head":"<!-- This site is optimized with the Yoast SEO Premium plugin v25.3.1 (Yoast SEO v25.3.1) - https:\/\/yoast.com\/wordpress\/plugins\/seo\/ -->\n<title>\u27a1\ufe0f Visite priv\u00e9e de Logro\u00f1o avec visite de deux caves locales | Tour Travel &amp; More<\/title>\n<meta name=\"description\" content=\"Embarquez pour une visite priv\u00e9e de Logro\u00f1o avec des tapas et des visites exclusives de vignobles dans La Rioja. Un voyage vinicole vous attend ! \u2705\" \/>\n<meta name=\"robots\" content=\"index, follow, max-snippet:-1, max-image-preview:large, max-video-preview:-1\" \/>\n<link rel=\"canonical\" href=\"https:\/\/tourtravelandmore.com\/fr\/tours\/espagne-fr\/san-sebastian-fr\/toutes-les-visites-et-activites-privees-fr-7\/visite-privee-de-logrono-et-visite-de-deux-caves-de-la-region\/\" \/>\n<meta property=\"og:locale\" content=\"fr_FR\" \/>\n<meta property=\"og:type\" content=\"article\" \/>\n<meta property=\"og:title\" content=\"Visite priv\u00e9e de Logro\u00f1o avec visite de deux caves locales\" \/>\n<meta property=\"og:description\" content=\"Embarquez pour une visite priv\u00e9e de Logro\u00f1o avec des tapas et des visites exclusives de vignobles dans La Rioja. Un voyage vinicole vous attend ! \u2705\" \/>\n<meta property=\"og:url\" content=\"https:\/\/tourtravelandmore.com\/fr\/tours\/espagne-fr\/san-sebastian-fr\/toutes-les-visites-et-activites-privees-fr-7\/visite-privee-de-logrono-et-visite-de-deux-caves-de-la-region\/\" \/>\n<meta property=\"og:site_name\" content=\"Tour Travel And More\" \/>\n<meta property=\"article:publisher\" content=\"https:\/\/www.facebook.com\/tourtravelandmore\/\" \/>\n<meta property=\"article:modified_time\" content=\"2024-03-15T15:14:07+00:00\" \/>\n<meta property=\"og:image\" content=\"https:\/\/tourtravelandmore.com\/wp-content\/uploads\/2024\/03\/image4-1.jpg\" \/>\n\t<meta property=\"og:image:width\" content=\"950\" \/>\n\t<meta property=\"og:image:height\" content=\"750\" \/>\n\t<meta property=\"og:image:type\" content=\"image\/jpeg\" \/>\n<meta name=\"twitter:card\" content=\"summary_large_image\" \/>\n<meta name=\"twitter:site\" content=\"@TourTravel_More\" \/>\n<meta name=\"twitter:label1\" content=\"Dur\u00e9e de lecture estim\u00e9e\" \/>\n\t<meta name=\"twitter:data1\" content=\"5 minutes\" \/>\n<script type=\"application\/ld+json\" class=\"yoast-schema-graph\">{\"@context\":\"https:\/\/schema.org\",\"@graph\":[{\"@type\":\"WebPage\",\"@id\":\"https:\/\/tourtravelandmore.com\/fr\/tours\/espagne-fr\/san-sebastian-fr\/toutes-les-visites-et-activites-privees-fr-7\/visite-privee-de-logrono-et-visite-de-deux-caves-de-la-region\/\",\"url\":\"https:\/\/tourtravelandmore.com\/fr\/tours\/espagne-fr\/san-sebastian-fr\/toutes-les-visites-et-activites-privees-fr-7\/visite-privee-de-logrono-et-visite-de-deux-caves-de-la-region\/\",\"name\":\"\u27a1\ufe0f Visite priv\u00e9e de Logro\u00f1o avec visite de deux caves locales | Tour Travel & More\",\"isPartOf\":{\"@id\":\"https:\/\/tourtravelandmore.com\/fr\/#website\"},\"primaryImageOfPage\":{\"@id\":\"https:\/\/tourtravelandmore.com\/fr\/tours\/espagne-fr\/san-sebastian-fr\/toutes-les-visites-et-activites-privees-fr-7\/visite-privee-de-logrono-et-visite-de-deux-caves-de-la-region\/#primaryimage\"},\"image\":{\"@id\":\"https:\/\/tourtravelandmore.com\/fr\/tours\/espagne-fr\/san-sebastian-fr\/toutes-les-visites-et-activites-privees-fr-7\/visite-privee-de-logrono-et-visite-de-deux-caves-de-la-region\/#primaryimage\"},\"thumbnailUrl\":\"https:\/\/tourtravelandmore.com\/wp-content\/uploads\/2024\/03\/image4-1.jpg\",\"datePublished\":\"2024-03-01T09:48:40+00:00\",\"dateModified\":\"2024-03-15T15:14:07+00:00\",\"description\":\"Embarquez pour une visite priv\u00e9e de Logro\u00f1o avec des tapas et des visites exclusives de vignobles dans La Rioja. Un voyage vinicole vous attend ! \u2705\",\"breadcrumb\":{\"@id\":\"https:\/\/tourtravelandmore.com\/fr\/tours\/espagne-fr\/san-sebastian-fr\/toutes-les-visites-et-activites-privees-fr-7\/visite-privee-de-logrono-et-visite-de-deux-caves-de-la-region\/#breadcrumb\"},\"inLanguage\":\"fr-FR\",\"potentialAction\":[{\"@type\":\"ReadAction\",\"target\":[\"https:\/\/tourtravelandmore.com\/fr\/tours\/espagne-fr\/san-sebastian-fr\/toutes-les-visites-et-activites-privees-fr-7\/visite-privee-de-logrono-et-visite-de-deux-caves-de-la-region\/\"]}]},{\"@type\":\"ImageObject\",\"inLanguage\":\"fr-FR\",\"@id\":\"https:\/\/tourtravelandmore.com\/fr\/tours\/espagne-fr\/san-sebastian-fr\/toutes-les-visites-et-activites-privees-fr-7\/visite-privee-de-logrono-et-visite-de-deux-caves-de-la-region\/#primaryimage\",\"url\":\"https:\/\/tourtravelandmore.com\/wp-content\/uploads\/2024\/03\/image4-1.jpg\",\"contentUrl\":\"https:\/\/tourtravelandmore.com\/wp-content\/uploads\/2024\/03\/image4-1.jpg\",\"width\":950,\"height\":750},{\"@type\":\"BreadcrumbList\",\"@id\":\"https:\/\/tourtravelandmore.com\/fr\/tours\/espagne-fr\/san-sebastian-fr\/toutes-les-visites-et-activites-privees-fr-7\/visite-privee-de-logrono-et-visite-de-deux-caves-de-la-region\/#breadcrumb\",\"itemListElement\":[{\"@type\":\"ListItem\",\"position\":1,\"name\":\"Home\",\"item\":\"https:\/\/tourtravelandmore.com\/fr\/\"},{\"@type\":\"ListItem\",\"position\":2,\"name\":\"Tours\",\"item\":\"https:\/\/tourtravelandmore.com\/fr\/tours\/\"},{\"@type\":\"ListItem\",\"position\":3,\"name\":\"Visite priv\u00e9e de Logro\u00f1o avec visite de deux caves locales\"}]},{\"@type\":\"WebSite\",\"@id\":\"https:\/\/tourtravelandmore.com\/fr\/#website\",\"url\":\"https:\/\/tourtravelandmore.com\/fr\/\",\"name\":\"Tour Travel And More\",\"description\":\"Private sightseeing tours and luxury transfers in Spain\",\"publisher\":{\"@id\":\"https:\/\/tourtravelandmore.com\/fr\/#organization\"},\"potentialAction\":[{\"@type\":\"SearchAction\",\"target\":{\"@type\":\"EntryPoint\",\"urlTemplate\":\"https:\/\/tourtravelandmore.com\/fr\/?s={search_term_string}\"},\"query-input\":{\"@type\":\"PropertyValueSpecification\",\"valueRequired\":true,\"valueName\":\"search_term_string\"}}],\"inLanguage\":\"fr-FR\"},{\"@type\":\"Organization\",\"@id\":\"https:\/\/tourtravelandmore.com\/fr\/#organization\",\"name\":\"Tour Travel And More\",\"url\":\"https:\/\/tourtravelandmore.com\/fr\/\",\"logo\":{\"@type\":\"ImageObject\",\"inLanguage\":\"fr-FR\",\"@id\":\"https:\/\/tourtravelandmore.com\/fr\/#\/schema\/logo\/image\/\",\"url\":\"https:\/\/tourtravelandmore.com\/wp-content\/uploads\/2022\/12\/cropped-logo-cabecera-new.png\",\"contentUrl\":\"https:\/\/tourtravelandmore.com\/wp-content\/uploads\/2022\/12\/cropped-logo-cabecera-new.png\",\"width\":430,\"height\":61,\"caption\":\"Tour Travel And More\"},\"image\":{\"@id\":\"https:\/\/tourtravelandmore.com\/fr\/#\/schema\/logo\/image\/\"},\"sameAs\":[\"https:\/\/www.facebook.com\/tourtravelandmore\/\",\"https:\/\/x.com\/TourTravel_More\"]}]}<\/script>\n<!-- \/ Yoast SEO Premium plugin. -->","yoast_head_json":{"title":"\u27a1\ufe0f Visite priv\u00e9e de Logro\u00f1o avec visite de deux caves locales | Tour Travel & More","description":"Embarquez pour une visite priv\u00e9e de Logro\u00f1o avec des tapas et des visites exclusives de vignobles dans La Rioja. Un voyage vinicole vous attend ! \u2705","robots":{"index":"index","follow":"follow","max-snippet":"max-snippet:-1","max-image-preview":"max-image-preview:large","max-video-preview":"max-video-preview:-1"},"canonical":"https:\/\/tourtravelandmore.com\/fr\/tours\/espagne-fr\/san-sebastian-fr\/toutes-les-visites-et-activites-privees-fr-7\/visite-privee-de-logrono-et-visite-de-deux-caves-de-la-region\/","og_locale":"fr_FR","og_type":"article","og_title":"Visite priv\u00e9e de Logro\u00f1o avec visite de deux caves locales","og_description":"Embarquez pour une visite priv\u00e9e de Logro\u00f1o avec des tapas et des visites exclusives de vignobles dans La Rioja. Un voyage vinicole vous attend ! \u2705","og_url":"https:\/\/tourtravelandmore.com\/fr\/tours\/espagne-fr\/san-sebastian-fr\/toutes-les-visites-et-activites-privees-fr-7\/visite-privee-de-logrono-et-visite-de-deux-caves-de-la-region\/","og_site_name":"Tour Travel And More","article_publisher":"https:\/\/www.facebook.com\/tourtravelandmore\/","article_modified_time":"2024-03-15T15:14:07+00:00","og_image":[{"width":950,"height":750,"url":"https:\/\/tourtravelandmore.com\/wp-content\/uploads\/2024\/03\/image4-1.jpg","type":"image\/jpeg"}],"twitter_card":"summary_large_image","twitter_site":"@TourTravel_More","twitter_misc":{"Dur\u00e9e de lecture estim\u00e9e":"5 minutes"},"schema":{"@context":"https:\/\/schema.org","@graph":[{"@type":"WebPage","@id":"https:\/\/tourtravelandmore.com\/fr\/tours\/espagne-fr\/san-sebastian-fr\/toutes-les-visites-et-activites-privees-fr-7\/visite-privee-de-logrono-et-visite-de-deux-caves-de-la-region\/","url":"https:\/\/tourtravelandmore.com\/fr\/tours\/espagne-fr\/san-sebastian-fr\/toutes-les-visites-et-activites-privees-fr-7\/visite-privee-de-logrono-et-visite-de-deux-caves-de-la-region\/","name":"\u27a1\ufe0f Visite priv\u00e9e de Logro\u00f1o avec visite de deux caves locales | Tour Travel & More","isPartOf":{"@id":"https:\/\/tourtravelandmore.com\/fr\/#website"},"primaryImageOfPage":{"@id":"https:\/\/tourtravelandmore.com\/fr\/tours\/espagne-fr\/san-sebastian-fr\/toutes-les-visites-et-activites-privees-fr-7\/visite-privee-de-logrono-et-visite-de-deux-caves-de-la-region\/#primaryimage"},"image":{"@id":"https:\/\/tourtravelandmore.com\/fr\/tours\/espagne-fr\/san-sebastian-fr\/toutes-les-visites-et-activites-privees-fr-7\/visite-privee-de-logrono-et-visite-de-deux-caves-de-la-region\/#primaryimage"},"thumbnailUrl":"https:\/\/tourtravelandmore.com\/wp-content\/uploads\/2024\/03\/image4-1.jpg","datePublished":"2024-03-01T09:48:40+00:00","dateModified":"2024-03-15T15:14:07+00:00","description":"Embarquez pour une visite priv\u00e9e de Logro\u00f1o avec des tapas et des visites exclusives de vignobles dans La Rioja. Un voyage vinicole vous attend ! \u2705","breadcrumb":{"@id":"https:\/\/tourtravelandmore.com\/fr\/tours\/espagne-fr\/san-sebastian-fr\/toutes-les-visites-et-activites-privees-fr-7\/visite-privee-de-logrono-et-visite-de-deux-caves-de-la-region\/#breadcrumb"},"inLanguage":"fr-FR","potentialAction":[{"@type":"ReadAction","target":["https:\/\/tourtravelandmore.com\/fr\/tours\/espagne-fr\/san-sebastian-fr\/toutes-les-visites-et-activites-privees-fr-7\/visite-privee-de-logrono-et-visite-de-deux-caves-de-la-region\/"]}]},{"@type":"ImageObject","inLanguage":"fr-FR","@id":"https:\/\/tourtravelandmore.com\/fr\/tours\/espagne-fr\/san-sebastian-fr\/toutes-les-visites-et-activites-privees-fr-7\/visite-privee-de-logrono-et-visite-de-deux-caves-de-la-region\/#primaryimage","url":"https:\/\/tourtravelandmore.com\/wp-content\/uploads\/2024\/03\/image4-1.jpg","contentUrl":"https:\/\/tourtravelandmore.com\/wp-content\/uploads\/2024\/03\/image4-1.jpg","width":950,"height":750},{"@type":"BreadcrumbList","@id":"https:\/\/tourtravelandmore.com\/fr\/tours\/espagne-fr\/san-sebastian-fr\/toutes-les-visites-et-activites-privees-fr-7\/visite-privee-de-logrono-et-visite-de-deux-caves-de-la-region\/#breadcrumb","itemListElement":[{"@type":"ListItem","position":1,"name":"Home","item":"https:\/\/tourtravelandmore.com\/fr\/"},{"@type":"ListItem","position":2,"name":"Tours","item":"https:\/\/tourtravelandmore.com\/fr\/tours\/"},{"@type":"ListItem","position":3,"name":"Visite priv\u00e9e de Logro\u00f1o avec visite de deux caves locales"}]},{"@type":"WebSite","@id":"https:\/\/tourtravelandmore.com\/fr\/#website","url":"https:\/\/tourtravelandmore.com\/fr\/","name":"Tour Travel And More","description":"Private sightseeing tours and luxury transfers in Spain","publisher":{"@id":"https:\/\/tourtravelandmore.com\/fr\/#organization"},"potentialAction":[{"@type":"SearchAction","target":{"@type":"EntryPoint","urlTemplate":"https:\/\/tourtravelandmore.com\/fr\/?s={search_term_string}"},"query-input":{"@type":"PropertyValueSpecification","valueRequired":true,"valueName":"search_term_string"}}],"inLanguage":"fr-FR"},{"@type":"Organization","@id":"https:\/\/tourtravelandmore.com\/fr\/#organization","name":"Tour Travel And More","url":"https:\/\/tourtravelandmore.com\/fr\/","logo":{"@type":"ImageObject","inLanguage":"fr-FR","@id":"https:\/\/tourtravelandmore.com\/fr\/#\/schema\/logo\/image\/","url":"https:\/\/tourtravelandmore.com\/wp-content\/uploads\/2022\/12\/cropped-logo-cabecera-new.png","contentUrl":"https:\/\/tourtravelandmore.com\/wp-content\/uploads\/2022\/12\/cropped-logo-cabecera-new.png","width":430,"height":61,"caption":"Tour Travel And More"},"image":{"@id":"https:\/\/tourtravelandmore.com\/fr\/#\/schema\/logo\/image\/"},"sameAs":["https:\/\/www.facebook.com\/tourtravelandmore\/","https:\/\/x.com\/TourTravel_More"]}]}},"_links":{"self":[{"href":"https:\/\/tourtravelandmore.com\/fr\/wp-json\/wp\/v2\/product\/173140","targetHints":{"allow":["GET"]}}],"collection":[{"href":"https:\/\/tourtravelandmore.com\/fr\/wp-json\/wp\/v2\/product"}],"about":[{"href":"https:\/\/tourtravelandmore.com\/fr\/wp-json\/wp\/v2\/types\/product"}],"replies":[{"embeddable":true,"href":"https:\/\/tourtravelandmore.com\/fr\/wp-json\/wp\/v2\/comments?post=173140"}],"wp:featuredmedia":[{"embeddable":true,"href":"https:\/\/tourtravelandmore.com\/fr\/wp-json\/wp\/v2\/media\/173160"}],"wp:attachment":[{"href":"https:\/\/tourtravelandmore.com\/fr\/wp-json\/wp\/v2\/media?parent=173140"}],"wp:term":[{"taxonomy":"product_brand","embeddable":true,"href":"https:\/\/tourtravelandmore.com\/fr\/wp-json\/wp\/v2\/product_brand?post=173140"},{"taxonomy":"product_cat","embeddable":true,"href":"https:\/\/tourtravelandmore.com\/fr\/wp-json\/wp\/v2\/product_cat?post=173140"},{"taxonomy":"product_tag","embeddable":true,"href":"https:\/\/tourtravelandmore.com\/fr\/wp-json\/wp\/v2\/product_tag?post=173140"}],"curies":[{"name":"wp","href":"https:\/\/api.w.org\/{rel}","templated":true}]}}