{"id":173041,"date":"2024-02-29T20:35:41","date_gmt":"2024-02-29T19:35:47","guid":{"rendered":"https:\/\/tourtravelandmore.com\/?post_type=product&#038;p=173041"},"modified":"2024-03-04T16:42:10","modified_gmt":"2024-03-04T15:42:10","slug":"visite-privee-de-bari-et-matera-au-depart-du-terminal-de-croisiere-de-bari-ou-de-lhotel-copy","status":"publish","type":"product","link":"https:\/\/tourtravelandmore.com\/fr\/tours\/italie-fr\/bari-fr-fr\/visite-privee-de-bari-et-matera-au-depart-du-terminal-de-croisiere-de-bari-ou-de-lhotel-copy\/","title":{"rendered":"Visite priv\u00e9e d&#8217;Alberobello, Monopoli et Polignano a Mare au d\u00e9part de Bari"},"content":{"rendered":"<h2>Description Excursion priv\u00e9e \u00e0 Alberobello, Monopoli et Polignano a Mare au d\u00e9part de Bari<\/h2>\n<p>D\u00e9couvrez la beaut\u00e9 authentique et le charme de la r\u00e9gion des Pouilles gr\u00e2ce \u00e0 notre excursion priv\u00e9e exclusive \u00e0 Alberobello, Monopoli et Polignano a Mare. Depuis votre h\u00f4tel \u00e0 Bari ou le terminal de croisi\u00e8re, vous serez accompagn\u00e9 par un guide expert qui vous emm\u00e8nera dans un voyage inoubliable \u00e0 travers ces villes captivantes.<\/p>\n<p>D\u00e9couvrez la v\u00e9ritable essence des Pouilles avec notre visite priv\u00e9e exclusive. R\u00e9servez d\u00e8s maintenant et pr\u00e9parez-vous \u00e0 vivre une exp\u00e9rience inoubliable dans le sud de l&#8217;Italie !<\/p>\n<p>Embarquez dans cette aventure passionnante et d\u00e9couvrez les secrets les mieux gard\u00e9s d&#8217;Alberobello, de Monopoli et de Polignano a Mare gr\u00e2ce \u00e0 notre circuit priv\u00e9 exclusif !<\/p>\n<p>Pour plus de d\u00e9tails et de r\u00e9servations, veuillez visiter notre site web ou nous contacter directement. Nous nous r\u00e9jouissons de vous accompagner dans ce voyage inoubliable !<\/p>\n<h2>Points d&#8217;int\u00e9r\u00eat et monuments<\/h2>\n<p>Notre sympathique guide et notre chauffeur vous accueilleront au terminal de croisi\u00e8re ou \u00e0 la r\u00e9ception de votre h\u00f4tel \u00e0 Bari pour commencer ce voyage passionnant.<\/p>\n<p>Nous commencerons notre journ\u00e9e en explorant Alberobello, c\u00e9l\u00e8bre pour ses pittoresques trulli, des maisons coniques en pierre inscrites au patrimoine mondial de l&#8217;UNESCO. Plongez dans l&#8217;histoire et la culture de cette charmante ville en vous promenant dans ses rues pav\u00e9es et en admirant les structures uniques des trulli.<\/p>\n<p>Nous poursuivrons notre voyage vers Monopoli, un joyau de la c\u00f4te avec une vieille ville pittoresque et un port charmant. Laissez-vous s\u00e9duire par l&#8217;architecture m\u00e9di\u00e9vale, les rues \u00e9troites et l&#8217;atmosph\u00e8re anim\u00e9e de cette ville de bord de mer.<\/p>\n<p>Notre derni\u00e8re \u00e9tape nous m\u00e8nera \u00e0 Polignano a Mare, un spectaculaire village c\u00f4tier connu pour ses falaises \u00e9tonnantes et ses eaux cristallines. Profitez des vues panoramiques \u00e0 couper le souffle depuis les falaises, explorez les rues pittoresques du centre historique et, si le temps le permet, d\u00e9tendez-vous sur l&#8217;une des belles plages de la r\u00e9gion.<\/p>\n<p>Cet itin\u00e9raire est flexible et peut \u00eatre personnalis\u00e9 selon vos pr\u00e9f\u00e9rences. Votre guide se fera un plaisir d&#8217;adapter la visite \u00e0 vos int\u00e9r\u00eats et \u00e0 vos besoins.<\/p>\n<p>D\u00e9couvrez la v\u00e9ritable essence des Pouilles avec notre visite priv\u00e9e exclusive d&#8217;Alberobello, Monopoli et Polignano a Mare. R\u00e9servez d\u00e8s maintenant et pr\u00e9parez-vous \u00e0 vivre une exp\u00e9rience inoubliable dans le sud de l&#8217;Italie !<\/p>\n","protected":false},"excerpt":{"rendered":"<p>D\u00e9couvrez la v\u00e9ritable essence des Pouilles avec notre visite priv\u00e9e exclusive d&#8217;Alberobello, Monopoli et Polignano a Mare. R\u00e9servez d\u00e8s maintenant et pr\u00e9parez-vous \u00e0 vivre une exp\u00e9rience inoubliable dans le sud de l&#8217;Italie !<\/p>\n","protected":false},"featured_media":173051,"comment_status":"open","ping_status":"closed","template":"","meta":{"_acf_changed":false},"product_brand":[],"product_cat":[5070,5067,5071],"product_tag":[],"class_list":{"0":"post-173041","1":"product","2":"type-product","3":"status-publish","4":"has-post-thumbnail","6":"product_cat-all-private-tours-fr","7":"product_cat-bari-fr-fr","8":"product_cat-private-walking-tour-fr","10":"first","11":"instock","12":"shipping-taxable","13":"purchasable","14":"product-type-simple"},"acf":[],"yoast_head":"<!-- This site is optimized with the Yoast SEO Premium plugin v25.3.1 (Yoast SEO v25.3.1) - https:\/\/yoast.com\/wordpress\/plugins\/seo\/ -->\n<title>Visite priv\u00e9e d&#039;Alberobello, Monopoli et Polignano a Mare au d\u00e9part de Bari<\/title>\n<meta name=\"description\" content=\"D\u00e9couvrez la riche histoire et la beaut\u00e9 naturelle \u00e9poustouflante d&#039;Alberobello, de Monopoli et de Polignano a Mareon cette visite priv\u00e9e exclusive au d\u00e9part de Bari. \u2705\" \/>\n<meta name=\"robots\" content=\"index, follow, max-snippet:-1, max-image-preview:large, max-video-preview:-1\" \/>\n<link rel=\"canonical\" href=\"https:\/\/tourtravelandmore.com\/fr\/tours\/italie-fr\/bari-fr-fr\/visite-privee-de-bari-et-matera-au-depart-du-terminal-de-croisiere-de-bari-ou-de-lhotel-copy\/\" \/>\n<meta property=\"og:locale\" content=\"fr_FR\" \/>\n<meta property=\"og:type\" content=\"article\" \/>\n<meta property=\"og:title\" content=\"Visite priv\u00e9e d&#039;Alberobello, Monopoli et Polignano a Mare au d\u00e9part de Bari\" \/>\n<meta property=\"og:description\" content=\"D\u00e9couvrez la riche histoire et la beaut\u00e9 naturelle \u00e9poustouflante d&#039;Alberobello, de Monopoli et de Polignano a Mareon cette visite priv\u00e9e exclusive au d\u00e9part de Bari. \u2705\" \/>\n<meta property=\"og:url\" content=\"https:\/\/tourtravelandmore.com\/fr\/tours\/italie-fr\/bari-fr-fr\/visite-privee-de-bari-et-matera-au-depart-du-terminal-de-croisiere-de-bari-ou-de-lhotel-copy\/\" \/>\n<meta property=\"og:site_name\" content=\"Tour Travel And More\" \/>\n<meta property=\"article:publisher\" content=\"https:\/\/www.facebook.com\/tourtravelandmore\/\" \/>\n<meta property=\"article:modified_time\" content=\"2024-03-04T15:42:10+00:00\" \/>\n<meta property=\"og:image\" content=\"https:\/\/tourtravelandmore.com\/wp-content\/uploads\/2024\/02\/pexels-kelly-12464168.jpg\" \/>\n\t<meta property=\"og:image:width\" content=\"1920\" \/>\n\t<meta property=\"og:image:height\" content=\"1079\" \/>\n\t<meta property=\"og:image:type\" content=\"image\/jpeg\" \/>\n<meta name=\"twitter:card\" content=\"summary_large_image\" \/>\n<meta name=\"twitter:site\" content=\"@TourTravel_More\" \/>\n<meta name=\"twitter:label1\" content=\"Dur\u00e9e de lecture estim\u00e9e\" \/>\n\t<meta name=\"twitter:data1\" content=\"2 minutes\" \/>\n<script type=\"application\/ld+json\" class=\"yoast-schema-graph\">{\"@context\":\"https:\/\/schema.org\",\"@graph\":[{\"@type\":\"WebPage\",\"@id\":\"https:\/\/tourtravelandmore.com\/fr\/tours\/italie-fr\/bari-fr-fr\/visite-privee-de-bari-et-matera-au-depart-du-terminal-de-croisiere-de-bari-ou-de-lhotel-copy\/\",\"url\":\"https:\/\/tourtravelandmore.com\/fr\/tours\/italie-fr\/bari-fr-fr\/visite-privee-de-bari-et-matera-au-depart-du-terminal-de-croisiere-de-bari-ou-de-lhotel-copy\/\",\"name\":\"Visite priv\u00e9e d'Alberobello, Monopoli et Polignano a Mare au d\u00e9part de Bari\",\"isPartOf\":{\"@id\":\"https:\/\/tourtravelandmore.com\/fr\/#website\"},\"primaryImageOfPage\":{\"@id\":\"https:\/\/tourtravelandmore.com\/fr\/tours\/italie-fr\/bari-fr-fr\/visite-privee-de-bari-et-matera-au-depart-du-terminal-de-croisiere-de-bari-ou-de-lhotel-copy\/#primaryimage\"},\"image\":{\"@id\":\"https:\/\/tourtravelandmore.com\/fr\/tours\/italie-fr\/bari-fr-fr\/visite-privee-de-bari-et-matera-au-depart-du-terminal-de-croisiere-de-bari-ou-de-lhotel-copy\/#primaryimage\"},\"thumbnailUrl\":\"https:\/\/tourtravelandmore.com\/wp-content\/uploads\/2024\/02\/pexels-kelly-12464168.jpg\",\"datePublished\":\"2024-02-29T19:35:47+00:00\",\"dateModified\":\"2024-03-04T15:42:10+00:00\",\"description\":\"D\u00e9couvrez la riche histoire et la beaut\u00e9 naturelle \u00e9poustouflante d'Alberobello, de Monopoli et de Polignano a Mareon cette visite priv\u00e9e exclusive au d\u00e9part de Bari. \u2705\",\"breadcrumb\":{\"@id\":\"https:\/\/tourtravelandmore.com\/fr\/tours\/italie-fr\/bari-fr-fr\/visite-privee-de-bari-et-matera-au-depart-du-terminal-de-croisiere-de-bari-ou-de-lhotel-copy\/#breadcrumb\"},\"inLanguage\":\"fr-FR\",\"potentialAction\":[{\"@type\":\"ReadAction\",\"target\":[\"https:\/\/tourtravelandmore.com\/fr\/tours\/italie-fr\/bari-fr-fr\/visite-privee-de-bari-et-matera-au-depart-du-terminal-de-croisiere-de-bari-ou-de-lhotel-copy\/\"]}]},{\"@type\":\"ImageObject\",\"inLanguage\":\"fr-FR\",\"@id\":\"https:\/\/tourtravelandmore.com\/fr\/tours\/italie-fr\/bari-fr-fr\/visite-privee-de-bari-et-matera-au-depart-du-terminal-de-croisiere-de-bari-ou-de-lhotel-copy\/#primaryimage\",\"url\":\"https:\/\/tourtravelandmore.com\/wp-content\/uploads\/2024\/02\/pexels-kelly-12464168.jpg\",\"contentUrl\":\"https:\/\/tourtravelandmore.com\/wp-content\/uploads\/2024\/02\/pexels-kelly-12464168.jpg\",\"width\":1920,\"height\":1079},{\"@type\":\"BreadcrumbList\",\"@id\":\"https:\/\/tourtravelandmore.com\/fr\/tours\/italie-fr\/bari-fr-fr\/visite-privee-de-bari-et-matera-au-depart-du-terminal-de-croisiere-de-bari-ou-de-lhotel-copy\/#breadcrumb\",\"itemListElement\":[{\"@type\":\"ListItem\",\"position\":1,\"name\":\"Home\",\"item\":\"https:\/\/tourtravelandmore.com\/fr\/\"},{\"@type\":\"ListItem\",\"position\":2,\"name\":\"Tours\",\"item\":\"https:\/\/tourtravelandmore.com\/fr\/tours\/\"},{\"@type\":\"ListItem\",\"position\":3,\"name\":\"Visite priv\u00e9e d&#8217;Alberobello, Monopoli et Polignano a Mare au d\u00e9part de Bari\"}]},{\"@type\":\"WebSite\",\"@id\":\"https:\/\/tourtravelandmore.com\/fr\/#website\",\"url\":\"https:\/\/tourtravelandmore.com\/fr\/\",\"name\":\"Tour Travel And More\",\"description\":\"Private sightseeing tours and luxury transfers in Spain\",\"publisher\":{\"@id\":\"https:\/\/tourtravelandmore.com\/fr\/#organization\"},\"potentialAction\":[{\"@type\":\"SearchAction\",\"target\":{\"@type\":\"EntryPoint\",\"urlTemplate\":\"https:\/\/tourtravelandmore.com\/fr\/?s={search_term_string}\"},\"query-input\":{\"@type\":\"PropertyValueSpecification\",\"valueRequired\":true,\"valueName\":\"search_term_string\"}}],\"inLanguage\":\"fr-FR\"},{\"@type\":\"Organization\",\"@id\":\"https:\/\/tourtravelandmore.com\/fr\/#organization\",\"name\":\"Tour Travel And More\",\"url\":\"https:\/\/tourtravelandmore.com\/fr\/\",\"logo\":{\"@type\":\"ImageObject\",\"inLanguage\":\"fr-FR\",\"@id\":\"https:\/\/tourtravelandmore.com\/fr\/#\/schema\/logo\/image\/\",\"url\":\"https:\/\/tourtravelandmore.com\/wp-content\/uploads\/2022\/12\/cropped-logo-cabecera-new.png\",\"contentUrl\":\"https:\/\/tourtravelandmore.com\/wp-content\/uploads\/2022\/12\/cropped-logo-cabecera-new.png\",\"width\":430,\"height\":61,\"caption\":\"Tour Travel And More\"},\"image\":{\"@id\":\"https:\/\/tourtravelandmore.com\/fr\/#\/schema\/logo\/image\/\"},\"sameAs\":[\"https:\/\/www.facebook.com\/tourtravelandmore\/\",\"https:\/\/x.com\/TourTravel_More\"]}]}<\/script>\n<!-- \/ Yoast SEO Premium plugin. -->","yoast_head_json":{"title":"Visite priv\u00e9e d'Alberobello, Monopoli et Polignano a Mare au d\u00e9part de Bari","description":"D\u00e9couvrez la riche histoire et la beaut\u00e9 naturelle \u00e9poustouflante d'Alberobello, de Monopoli et de Polignano a Mareon cette visite priv\u00e9e exclusive au d\u00e9part de Bari. \u2705","robots":{"index":"index","follow":"follow","max-snippet":"max-snippet:-1","max-image-preview":"max-image-preview:large","max-video-preview":"max-video-preview:-1"},"canonical":"https:\/\/tourtravelandmore.com\/fr\/tours\/italie-fr\/bari-fr-fr\/visite-privee-de-bari-et-matera-au-depart-du-terminal-de-croisiere-de-bari-ou-de-lhotel-copy\/","og_locale":"fr_FR","og_type":"article","og_title":"Visite priv\u00e9e d'Alberobello, Monopoli et Polignano a Mare au d\u00e9part de Bari","og_description":"D\u00e9couvrez la riche histoire et la beaut\u00e9 naturelle \u00e9poustouflante d'Alberobello, de Monopoli et de Polignano a Mareon cette visite priv\u00e9e exclusive au d\u00e9part de Bari. \u2705","og_url":"https:\/\/tourtravelandmore.com\/fr\/tours\/italie-fr\/bari-fr-fr\/visite-privee-de-bari-et-matera-au-depart-du-terminal-de-croisiere-de-bari-ou-de-lhotel-copy\/","og_site_name":"Tour Travel And More","article_publisher":"https:\/\/www.facebook.com\/tourtravelandmore\/","article_modified_time":"2024-03-04T15:42:10+00:00","og_image":[{"width":1920,"height":1079,"url":"https:\/\/tourtravelandmore.com\/wp-content\/uploads\/2024\/02\/pexels-kelly-12464168.jpg","type":"image\/jpeg"}],"twitter_card":"summary_large_image","twitter_site":"@TourTravel_More","twitter_misc":{"Dur\u00e9e de lecture estim\u00e9e":"2 minutes"},"schema":{"@context":"https:\/\/schema.org","@graph":[{"@type":"WebPage","@id":"https:\/\/tourtravelandmore.com\/fr\/tours\/italie-fr\/bari-fr-fr\/visite-privee-de-bari-et-matera-au-depart-du-terminal-de-croisiere-de-bari-ou-de-lhotel-copy\/","url":"https:\/\/tourtravelandmore.com\/fr\/tours\/italie-fr\/bari-fr-fr\/visite-privee-de-bari-et-matera-au-depart-du-terminal-de-croisiere-de-bari-ou-de-lhotel-copy\/","name":"Visite priv\u00e9e d'Alberobello, Monopoli et Polignano a Mare au d\u00e9part de Bari","isPartOf":{"@id":"https:\/\/tourtravelandmore.com\/fr\/#website"},"primaryImageOfPage":{"@id":"https:\/\/tourtravelandmore.com\/fr\/tours\/italie-fr\/bari-fr-fr\/visite-privee-de-bari-et-matera-au-depart-du-terminal-de-croisiere-de-bari-ou-de-lhotel-copy\/#primaryimage"},"image":{"@id":"https:\/\/tourtravelandmore.com\/fr\/tours\/italie-fr\/bari-fr-fr\/visite-privee-de-bari-et-matera-au-depart-du-terminal-de-croisiere-de-bari-ou-de-lhotel-copy\/#primaryimage"},"thumbnailUrl":"https:\/\/tourtravelandmore.com\/wp-content\/uploads\/2024\/02\/pexels-kelly-12464168.jpg","datePublished":"2024-02-29T19:35:47+00:00","dateModified":"2024-03-04T15:42:10+00:00","description":"D\u00e9couvrez la riche histoire et la beaut\u00e9 naturelle \u00e9poustouflante d'Alberobello, de Monopoli et de Polignano a Mareon cette visite priv\u00e9e exclusive au d\u00e9part de Bari. \u2705","breadcrumb":{"@id":"https:\/\/tourtravelandmore.com\/fr\/tours\/italie-fr\/bari-fr-fr\/visite-privee-de-bari-et-matera-au-depart-du-terminal-de-croisiere-de-bari-ou-de-lhotel-copy\/#breadcrumb"},"inLanguage":"fr-FR","potentialAction":[{"@type":"ReadAction","target":["https:\/\/tourtravelandmore.com\/fr\/tours\/italie-fr\/bari-fr-fr\/visite-privee-de-bari-et-matera-au-depart-du-terminal-de-croisiere-de-bari-ou-de-lhotel-copy\/"]}]},{"@type":"ImageObject","inLanguage":"fr-FR","@id":"https:\/\/tourtravelandmore.com\/fr\/tours\/italie-fr\/bari-fr-fr\/visite-privee-de-bari-et-matera-au-depart-du-terminal-de-croisiere-de-bari-ou-de-lhotel-copy\/#primaryimage","url":"https:\/\/tourtravelandmore.com\/wp-content\/uploads\/2024\/02\/pexels-kelly-12464168.jpg","contentUrl":"https:\/\/tourtravelandmore.com\/wp-content\/uploads\/2024\/02\/pexels-kelly-12464168.jpg","width":1920,"height":1079},{"@type":"BreadcrumbList","@id":"https:\/\/tourtravelandmore.com\/fr\/tours\/italie-fr\/bari-fr-fr\/visite-privee-de-bari-et-matera-au-depart-du-terminal-de-croisiere-de-bari-ou-de-lhotel-copy\/#breadcrumb","itemListElement":[{"@type":"ListItem","position":1,"name":"Home","item":"https:\/\/tourtravelandmore.com\/fr\/"},{"@type":"ListItem","position":2,"name":"Tours","item":"https:\/\/tourtravelandmore.com\/fr\/tours\/"},{"@type":"ListItem","position":3,"name":"Visite priv\u00e9e d&#8217;Alberobello, Monopoli et Polignano a Mare au d\u00e9part de Bari"}]},{"@type":"WebSite","@id":"https:\/\/tourtravelandmore.com\/fr\/#website","url":"https:\/\/tourtravelandmore.com\/fr\/","name":"Tour Travel And More","description":"Private sightseeing tours and luxury transfers in Spain","publisher":{"@id":"https:\/\/tourtravelandmore.com\/fr\/#organization"},"potentialAction":[{"@type":"SearchAction","target":{"@type":"EntryPoint","urlTemplate":"https:\/\/tourtravelandmore.com\/fr\/?s={search_term_string}"},"query-input":{"@type":"PropertyValueSpecification","valueRequired":true,"valueName":"search_term_string"}}],"inLanguage":"fr-FR"},{"@type":"Organization","@id":"https:\/\/tourtravelandmore.com\/fr\/#organization","name":"Tour Travel And More","url":"https:\/\/tourtravelandmore.com\/fr\/","logo":{"@type":"ImageObject","inLanguage":"fr-FR","@id":"https:\/\/tourtravelandmore.com\/fr\/#\/schema\/logo\/image\/","url":"https:\/\/tourtravelandmore.com\/wp-content\/uploads\/2022\/12\/cropped-logo-cabecera-new.png","contentUrl":"https:\/\/tourtravelandmore.com\/wp-content\/uploads\/2022\/12\/cropped-logo-cabecera-new.png","width":430,"height":61,"caption":"Tour Travel And More"},"image":{"@id":"https:\/\/tourtravelandmore.com\/fr\/#\/schema\/logo\/image\/"},"sameAs":["https:\/\/www.facebook.com\/tourtravelandmore\/","https:\/\/x.com\/TourTravel_More"]}]}},"_links":{"self":[{"href":"https:\/\/tourtravelandmore.com\/fr\/wp-json\/wp\/v2\/product\/173041","targetHints":{"allow":["GET"]}}],"collection":[{"href":"https:\/\/tourtravelandmore.com\/fr\/wp-json\/wp\/v2\/product"}],"about":[{"href":"https:\/\/tourtravelandmore.com\/fr\/wp-json\/wp\/v2\/types\/product"}],"replies":[{"embeddable":true,"href":"https:\/\/tourtravelandmore.com\/fr\/wp-json\/wp\/v2\/comments?post=173041"}],"wp:featuredmedia":[{"embeddable":true,"href":"https:\/\/tourtravelandmore.com\/fr\/wp-json\/wp\/v2\/media\/173051"}],"wp:attachment":[{"href":"https:\/\/tourtravelandmore.com\/fr\/wp-json\/wp\/v2\/media?parent=173041"}],"wp:term":[{"taxonomy":"product_brand","embeddable":true,"href":"https:\/\/tourtravelandmore.com\/fr\/wp-json\/wp\/v2\/product_brand?post=173041"},{"taxonomy":"product_cat","embeddable":true,"href":"https:\/\/tourtravelandmore.com\/fr\/wp-json\/wp\/v2\/product_cat?post=173041"},{"taxonomy":"product_tag","embeddable":true,"href":"https:\/\/tourtravelandmore.com\/fr\/wp-json\/wp\/v2\/product_tag?post=173041"}],"curies":[{"name":"wp","href":"https:\/\/api.w.org\/{rel}","templated":true}]}}