{"id":173015,"date":"2024-02-29T15:06:05","date_gmt":"2024-02-29T14:06:08","guid":{"rendered":"https:\/\/tourtravelandmore.com\/?post_type=product&#038;p=173015"},"modified":"2024-02-29T16:01:46","modified_gmt":"2024-02-29T15:01:46","slug":"visite-privee-a-pied-de-bari-copy-2","status":"publish","type":"product","link":"https:\/\/tourtravelandmore.com\/fr\/tours\/italie-fr\/bari-fr-fr\/visite-privee-a-pied-de-bari-copy-2\/","title":{"rendered":"Visite priv\u00e9e de Bari avec v\u00e9hicule et chauffeur"},"content":{"rendered":"<h2>Visite priv\u00e9e de Bari Description<\/h2>\n<p>Plongez dans l&#8217;atmosph\u00e8re charmante de Bari gr\u00e2ce \u00e0 cette visite priv\u00e9e exclusive de son centre historique pittoresque. D\u00e9couvrez les tr\u00e9sors cach\u00e9s, la riche histoire et la culture vibrante de cette fascinante ville du sud de l&#8217;Italie avec un guide local comp\u00e9tent et votre v\u00e9hicule priv\u00e9 avec chauffeur.<\/p>\n<p>D\u00e9couvrez le meilleur de Bari avec cette visite priv\u00e9e exclusive qui combine la commodit\u00e9 d&#8217;un v\u00e9hicule priv\u00e9 avec l&#8217;expertise d&#8217;un guide local comp\u00e9tent. Explorez les points forts, les joyaux cach\u00e9s et les sites historiques de la ville dans le confort et le style.<\/p>\n<p>Votre chauffeur priv\u00e9 et votre guide viendront vous chercher \u00e0 votre h\u00f4tel ou \u00e0 l&#8217;endroit de votre choix \u00e0 Bari, ce qui vous permettra de commencer votre visite en toute tranquillit\u00e9.<\/p>\n<p>Embarquez dans cette aventure passionnante et d\u00e9couvrez les secrets les mieux gard\u00e9s de Bari gr\u00e2ce \u00e0 notre visite priv\u00e9e exclusive !<\/p>\n<p>Pour plus de d\u00e9tails et de r\u00e9servations, veuillez nous contacter directement. Nous nous r\u00e9jouissons de vous accompagner dans ce voyage inoubliable !<\/p>\n<h2>Points d&#8217;int\u00e9r\u00eat et monuments<\/h2>\n<p>Commencez votre voyage par une visite de l&#8217;impressionnante basilique Saint-Nicolas, un important lieu de p\u00e8lerinage et une merveille architecturale. D\u00e9couvrez l&#8217;histoire du saint patron de la ville et admirez les magnifiques \u0153uvres d&#8217;art de la basilique.<\/p>\n<p>Explorez les rues charmantes de la vieille ville de Bari, o\u00f9 l&#8217;architecture ancienne et les march\u00e9s anim\u00e9s vous attendent. Gr\u00e2ce \u00e0 l&#8217;expertise de votre guide, vous d\u00e9couvrirez des coins cach\u00e9s, des traditions locales et des saveurs authentiques en vous promenant dans ce quartier plein d&#8217;atmosph\u00e8re.<\/p>\n<p>Visitez la majestueuse cath\u00e9drale Saint-Sabinus et fl\u00e2nez sur les places historiques de Bari, telles que la Piazza del Ferrarese et la Piazza Mercantile. Admirez la splendeur architecturale et impr\u00e9gnez-vous de l&#8217;atmosph\u00e8re vibrante de ces lieux embl\u00e9matiques.<\/p>\n<p>Profitez d&#8217;un trajet pittoresque \u00e0 travers la p\u00e9riph\u00e9rie de Bari, pour admirer des vues panoramiques de la ville et de ses environs. Votre v\u00e9hicule priv\u00e9 vous offre confort et commodit\u00e9 pendant que vous explorez les environs du centre-ville.<\/p>\n<p>Apr\u00e8s trois heures d&#8217;exploration immersive, votre chauffeur et votre guide vous d\u00e9poseront \u00e0 votre h\u00f4tel ou \u00e0 l&#8217;endroit de votre choix \u00e0 Bari, vous laissant un souvenir imp\u00e9rissable de votre exp\u00e9rience dans cette ville enchanteresse.<\/p>\n<p>D\u00e9couvrez la beaut\u00e9 et le charme de Bari gr\u00e2ce \u00e0 cette visite priv\u00e9e personnalis\u00e9e, combinant la flexibilit\u00e9 d&#8217;un v\u00e9hicule priv\u00e9 et les connaissances d&#8217;un guide comp\u00e9tent. R\u00e9servez votre aventure d\u00e8s aujourd&#8217;hui et embarquez pour un voyage inoubliable \u00e0 travers cette ville captivante !<\/p>\n","protected":false},"excerpt":{"rendered":"<p>Plongez dans l&#8217;atmosph\u00e8re charmante de Bari gr\u00e2ce \u00e0 cette visite priv\u00e9e exclusive de son centre historique pittoresque. D\u00e9couvrez les tr\u00e9sors cach\u00e9s, la riche histoire et la culture vibrante de cette fascinante ville du sud de l&#8217;Italie avec un guide local comp\u00e9tent et votre v\u00e9hicule priv\u00e9 avec chauffeur.<\/p>\n","protected":false},"featured_media":173033,"comment_status":"open","ping_status":"closed","template":"","meta":{"_acf_changed":false},"product_brand":[],"product_cat":[5070,5067],"product_tag":[],"class_list":{"0":"post-173015","1":"product","2":"type-product","3":"status-publish","4":"has-post-thumbnail","6":"product_cat-all-private-tours-fr","7":"product_cat-bari-fr-fr","9":"first","10":"instock","11":"shipping-taxable","12":"purchasable","13":"product-type-simple"},"acf":[],"yoast_head":"<!-- This site is optimized with the Yoast SEO Premium plugin v25.3.1 (Yoast SEO v25.3.1) - https:\/\/yoast.com\/wordpress\/plugins\/seo\/ -->\n<title>Visite priv\u00e9e de Bari avec un guide officiel local<\/title>\n<meta name=\"description\" content=\"Profitez de la grande architecture de Bari et des sites magnifiques lors de cette visite priv\u00e9e avec votre propre guide officiel priv\u00e9. Apprenez \u00e0 conna\u00eetre son histoire.\" \/>\n<meta name=\"robots\" content=\"index, follow, max-snippet:-1, max-image-preview:large, max-video-preview:-1\" \/>\n<link rel=\"canonical\" href=\"https:\/\/tourtravelandmore.com\/fr\/tours\/italie-fr\/bari-fr-fr\/visite-privee-a-pied-de-bari-copy-2\/\" \/>\n<meta property=\"og:locale\" content=\"fr_FR\" \/>\n<meta property=\"og:type\" content=\"article\" \/>\n<meta property=\"og:title\" content=\"Visite priv\u00e9e de Bari avec v\u00e9hicule et chauffeur\" \/>\n<meta property=\"og:description\" content=\"Profitez de la grande architecture de Bari et des sites magnifiques lors de cette visite priv\u00e9e avec votre propre guide officiel priv\u00e9. Apprenez \u00e0 conna\u00eetre son histoire.\" \/>\n<meta property=\"og:url\" content=\"https:\/\/tourtravelandmore.com\/fr\/tours\/italie-fr\/bari-fr-fr\/visite-privee-a-pied-de-bari-copy-2\/\" \/>\n<meta property=\"og:site_name\" content=\"Tour Travel And More\" \/>\n<meta property=\"article:publisher\" content=\"https:\/\/www.facebook.com\/tourtravelandmore\/\" \/>\n<meta property=\"article:modified_time\" content=\"2024-02-29T15:01:46+00:00\" \/>\n<meta property=\"og:image\" content=\"https:\/\/tourtravelandmore.com\/wp-content\/uploads\/2024\/02\/pexels-md-hp-16775127-1.jpg\" \/>\n\t<meta property=\"og:image:width\" content=\"2560\" \/>\n\t<meta property=\"og:image:height\" content=\"1920\" \/>\n\t<meta property=\"og:image:type\" content=\"image\/jpeg\" \/>\n<meta name=\"twitter:card\" content=\"summary_large_image\" \/>\n<meta name=\"twitter:site\" content=\"@TourTravel_More\" \/>\n<meta name=\"twitter:label1\" content=\"Dur\u00e9e de lecture estim\u00e9e\" \/>\n\t<meta name=\"twitter:data1\" content=\"2 minutes\" \/>\n<script type=\"application\/ld+json\" class=\"yoast-schema-graph\">{\"@context\":\"https:\/\/schema.org\",\"@graph\":[{\"@type\":\"WebPage\",\"@id\":\"https:\/\/tourtravelandmore.com\/fr\/tours\/italie-fr\/bari-fr-fr\/visite-privee-a-pied-de-bari-copy-2\/\",\"url\":\"https:\/\/tourtravelandmore.com\/fr\/tours\/italie-fr\/bari-fr-fr\/visite-privee-a-pied-de-bari-copy-2\/\",\"name\":\"Visite priv\u00e9e de Bari avec un guide officiel local\",\"isPartOf\":{\"@id\":\"https:\/\/tourtravelandmore.com\/fr\/#website\"},\"primaryImageOfPage\":{\"@id\":\"https:\/\/tourtravelandmore.com\/fr\/tours\/italie-fr\/bari-fr-fr\/visite-privee-a-pied-de-bari-copy-2\/#primaryimage\"},\"image\":{\"@id\":\"https:\/\/tourtravelandmore.com\/fr\/tours\/italie-fr\/bari-fr-fr\/visite-privee-a-pied-de-bari-copy-2\/#primaryimage\"},\"thumbnailUrl\":\"https:\/\/tourtravelandmore.com\/wp-content\/uploads\/2024\/02\/pexels-md-hp-16775127-1.jpg\",\"datePublished\":\"2024-02-29T14:06:08+00:00\",\"dateModified\":\"2024-02-29T15:01:46+00:00\",\"description\":\"Profitez de la grande architecture de Bari et des sites magnifiques lors de cette visite priv\u00e9e avec votre propre guide officiel priv\u00e9. Apprenez \u00e0 conna\u00eetre son histoire.\",\"breadcrumb\":{\"@id\":\"https:\/\/tourtravelandmore.com\/fr\/tours\/italie-fr\/bari-fr-fr\/visite-privee-a-pied-de-bari-copy-2\/#breadcrumb\"},\"inLanguage\":\"fr-FR\",\"potentialAction\":[{\"@type\":\"ReadAction\",\"target\":[\"https:\/\/tourtravelandmore.com\/fr\/tours\/italie-fr\/bari-fr-fr\/visite-privee-a-pied-de-bari-copy-2\/\"]}]},{\"@type\":\"ImageObject\",\"inLanguage\":\"fr-FR\",\"@id\":\"https:\/\/tourtravelandmore.com\/fr\/tours\/italie-fr\/bari-fr-fr\/visite-privee-a-pied-de-bari-copy-2\/#primaryimage\",\"url\":\"https:\/\/tourtravelandmore.com\/wp-content\/uploads\/2024\/02\/pexels-md-hp-16775127-1.jpg\",\"contentUrl\":\"https:\/\/tourtravelandmore.com\/wp-content\/uploads\/2024\/02\/pexels-md-hp-16775127-1.jpg\",\"width\":2560,\"height\":1920},{\"@type\":\"BreadcrumbList\",\"@id\":\"https:\/\/tourtravelandmore.com\/fr\/tours\/italie-fr\/bari-fr-fr\/visite-privee-a-pied-de-bari-copy-2\/#breadcrumb\",\"itemListElement\":[{\"@type\":\"ListItem\",\"position\":1,\"name\":\"Home\",\"item\":\"https:\/\/tourtravelandmore.com\/fr\/\"},{\"@type\":\"ListItem\",\"position\":2,\"name\":\"Tours\",\"item\":\"https:\/\/tourtravelandmore.com\/fr\/tours\/\"},{\"@type\":\"ListItem\",\"position\":3,\"name\":\"Visite priv\u00e9e de Bari avec v\u00e9hicule et chauffeur\"}]},{\"@type\":\"WebSite\",\"@id\":\"https:\/\/tourtravelandmore.com\/fr\/#website\",\"url\":\"https:\/\/tourtravelandmore.com\/fr\/\",\"name\":\"Tour Travel And More\",\"description\":\"Private sightseeing tours and luxury transfers in Spain\",\"publisher\":{\"@id\":\"https:\/\/tourtravelandmore.com\/fr\/#organization\"},\"potentialAction\":[{\"@type\":\"SearchAction\",\"target\":{\"@type\":\"EntryPoint\",\"urlTemplate\":\"https:\/\/tourtravelandmore.com\/fr\/?s={search_term_string}\"},\"query-input\":{\"@type\":\"PropertyValueSpecification\",\"valueRequired\":true,\"valueName\":\"search_term_string\"}}],\"inLanguage\":\"fr-FR\"},{\"@type\":\"Organization\",\"@id\":\"https:\/\/tourtravelandmore.com\/fr\/#organization\",\"name\":\"Tour Travel And More\",\"url\":\"https:\/\/tourtravelandmore.com\/fr\/\",\"logo\":{\"@type\":\"ImageObject\",\"inLanguage\":\"fr-FR\",\"@id\":\"https:\/\/tourtravelandmore.com\/fr\/#\/schema\/logo\/image\/\",\"url\":\"https:\/\/tourtravelandmore.com\/wp-content\/uploads\/2022\/12\/cropped-logo-cabecera-new.png\",\"contentUrl\":\"https:\/\/tourtravelandmore.com\/wp-content\/uploads\/2022\/12\/cropped-logo-cabecera-new.png\",\"width\":430,\"height\":61,\"caption\":\"Tour Travel And More\"},\"image\":{\"@id\":\"https:\/\/tourtravelandmore.com\/fr\/#\/schema\/logo\/image\/\"},\"sameAs\":[\"https:\/\/www.facebook.com\/tourtravelandmore\/\",\"https:\/\/x.com\/TourTravel_More\"]}]}<\/script>\n<!-- \/ Yoast SEO Premium plugin. -->","yoast_head_json":{"title":"Visite priv\u00e9e de Bari avec un guide officiel local","description":"Profitez de la grande architecture de Bari et des sites magnifiques lors de cette visite priv\u00e9e avec votre propre guide officiel priv\u00e9. Apprenez \u00e0 conna\u00eetre son histoire.","robots":{"index":"index","follow":"follow","max-snippet":"max-snippet:-1","max-image-preview":"max-image-preview:large","max-video-preview":"max-video-preview:-1"},"canonical":"https:\/\/tourtravelandmore.com\/fr\/tours\/italie-fr\/bari-fr-fr\/visite-privee-a-pied-de-bari-copy-2\/","og_locale":"fr_FR","og_type":"article","og_title":"Visite priv\u00e9e de Bari avec v\u00e9hicule et chauffeur","og_description":"Profitez de la grande architecture de Bari et des sites magnifiques lors de cette visite priv\u00e9e avec votre propre guide officiel priv\u00e9. Apprenez \u00e0 conna\u00eetre son histoire.","og_url":"https:\/\/tourtravelandmore.com\/fr\/tours\/italie-fr\/bari-fr-fr\/visite-privee-a-pied-de-bari-copy-2\/","og_site_name":"Tour Travel And More","article_publisher":"https:\/\/www.facebook.com\/tourtravelandmore\/","article_modified_time":"2024-02-29T15:01:46+00:00","og_image":[{"width":2560,"height":1920,"url":"https:\/\/tourtravelandmore.com\/wp-content\/uploads\/2024\/02\/pexels-md-hp-16775127-1.jpg","type":"image\/jpeg"}],"twitter_card":"summary_large_image","twitter_site":"@TourTravel_More","twitter_misc":{"Dur\u00e9e de lecture estim\u00e9e":"2 minutes"},"schema":{"@context":"https:\/\/schema.org","@graph":[{"@type":"WebPage","@id":"https:\/\/tourtravelandmore.com\/fr\/tours\/italie-fr\/bari-fr-fr\/visite-privee-a-pied-de-bari-copy-2\/","url":"https:\/\/tourtravelandmore.com\/fr\/tours\/italie-fr\/bari-fr-fr\/visite-privee-a-pied-de-bari-copy-2\/","name":"Visite priv\u00e9e de Bari avec un guide officiel local","isPartOf":{"@id":"https:\/\/tourtravelandmore.com\/fr\/#website"},"primaryImageOfPage":{"@id":"https:\/\/tourtravelandmore.com\/fr\/tours\/italie-fr\/bari-fr-fr\/visite-privee-a-pied-de-bari-copy-2\/#primaryimage"},"image":{"@id":"https:\/\/tourtravelandmore.com\/fr\/tours\/italie-fr\/bari-fr-fr\/visite-privee-a-pied-de-bari-copy-2\/#primaryimage"},"thumbnailUrl":"https:\/\/tourtravelandmore.com\/wp-content\/uploads\/2024\/02\/pexels-md-hp-16775127-1.jpg","datePublished":"2024-02-29T14:06:08+00:00","dateModified":"2024-02-29T15:01:46+00:00","description":"Profitez de la grande architecture de Bari et des sites magnifiques lors de cette visite priv\u00e9e avec votre propre guide officiel priv\u00e9. Apprenez \u00e0 conna\u00eetre son histoire.","breadcrumb":{"@id":"https:\/\/tourtravelandmore.com\/fr\/tours\/italie-fr\/bari-fr-fr\/visite-privee-a-pied-de-bari-copy-2\/#breadcrumb"},"inLanguage":"fr-FR","potentialAction":[{"@type":"ReadAction","target":["https:\/\/tourtravelandmore.com\/fr\/tours\/italie-fr\/bari-fr-fr\/visite-privee-a-pied-de-bari-copy-2\/"]}]},{"@type":"ImageObject","inLanguage":"fr-FR","@id":"https:\/\/tourtravelandmore.com\/fr\/tours\/italie-fr\/bari-fr-fr\/visite-privee-a-pied-de-bari-copy-2\/#primaryimage","url":"https:\/\/tourtravelandmore.com\/wp-content\/uploads\/2024\/02\/pexels-md-hp-16775127-1.jpg","contentUrl":"https:\/\/tourtravelandmore.com\/wp-content\/uploads\/2024\/02\/pexels-md-hp-16775127-1.jpg","width":2560,"height":1920},{"@type":"BreadcrumbList","@id":"https:\/\/tourtravelandmore.com\/fr\/tours\/italie-fr\/bari-fr-fr\/visite-privee-a-pied-de-bari-copy-2\/#breadcrumb","itemListElement":[{"@type":"ListItem","position":1,"name":"Home","item":"https:\/\/tourtravelandmore.com\/fr\/"},{"@type":"ListItem","position":2,"name":"Tours","item":"https:\/\/tourtravelandmore.com\/fr\/tours\/"},{"@type":"ListItem","position":3,"name":"Visite priv\u00e9e de Bari avec v\u00e9hicule et chauffeur"}]},{"@type":"WebSite","@id":"https:\/\/tourtravelandmore.com\/fr\/#website","url":"https:\/\/tourtravelandmore.com\/fr\/","name":"Tour Travel And More","description":"Private sightseeing tours and luxury transfers in Spain","publisher":{"@id":"https:\/\/tourtravelandmore.com\/fr\/#organization"},"potentialAction":[{"@type":"SearchAction","target":{"@type":"EntryPoint","urlTemplate":"https:\/\/tourtravelandmore.com\/fr\/?s={search_term_string}"},"query-input":{"@type":"PropertyValueSpecification","valueRequired":true,"valueName":"search_term_string"}}],"inLanguage":"fr-FR"},{"@type":"Organization","@id":"https:\/\/tourtravelandmore.com\/fr\/#organization","name":"Tour Travel And More","url":"https:\/\/tourtravelandmore.com\/fr\/","logo":{"@type":"ImageObject","inLanguage":"fr-FR","@id":"https:\/\/tourtravelandmore.com\/fr\/#\/schema\/logo\/image\/","url":"https:\/\/tourtravelandmore.com\/wp-content\/uploads\/2022\/12\/cropped-logo-cabecera-new.png","contentUrl":"https:\/\/tourtravelandmore.com\/wp-content\/uploads\/2022\/12\/cropped-logo-cabecera-new.png","width":430,"height":61,"caption":"Tour Travel And More"},"image":{"@id":"https:\/\/tourtravelandmore.com\/fr\/#\/schema\/logo\/image\/"},"sameAs":["https:\/\/www.facebook.com\/tourtravelandmore\/","https:\/\/x.com\/TourTravel_More"]}]}},"_links":{"self":[{"href":"https:\/\/tourtravelandmore.com\/fr\/wp-json\/wp\/v2\/product\/173015","targetHints":{"allow":["GET"]}}],"collection":[{"href":"https:\/\/tourtravelandmore.com\/fr\/wp-json\/wp\/v2\/product"}],"about":[{"href":"https:\/\/tourtravelandmore.com\/fr\/wp-json\/wp\/v2\/types\/product"}],"replies":[{"embeddable":true,"href":"https:\/\/tourtravelandmore.com\/fr\/wp-json\/wp\/v2\/comments?post=173015"}],"wp:featuredmedia":[{"embeddable":true,"href":"https:\/\/tourtravelandmore.com\/fr\/wp-json\/wp\/v2\/media\/173033"}],"wp:attachment":[{"href":"https:\/\/tourtravelandmore.com\/fr\/wp-json\/wp\/v2\/media?parent=173015"}],"wp:term":[{"taxonomy":"product_brand","embeddable":true,"href":"https:\/\/tourtravelandmore.com\/fr\/wp-json\/wp\/v2\/product_brand?post=173015"},{"taxonomy":"product_cat","embeddable":true,"href":"https:\/\/tourtravelandmore.com\/fr\/wp-json\/wp\/v2\/product_cat?post=173015"},{"taxonomy":"product_tag","embeddable":true,"href":"https:\/\/tourtravelandmore.com\/fr\/wp-json\/wp\/v2\/product_tag?post=173015"}],"curies":[{"name":"wp","href":"https:\/\/api.w.org\/{rel}","templated":true}]}}