{"id":172986,"date":"2024-02-29T14:19:58","date_gmt":"2024-02-29T13:20:01","guid":{"rendered":"https:\/\/tourtravelandmore.com\/?post_type=product&#038;p=172986"},"modified":"2024-03-01T14:16:36","modified_gmt":"2024-03-01T13:16:36","slug":"visite-privee-a-pied-de-bari-copy","status":"publish","type":"product","link":"https:\/\/tourtravelandmore.com\/fr\/tours\/italie-fr\/bari-fr-fr\/visite-privee-a-pied-de-bari-copy\/","title":{"rendered":"Visite priv\u00e9e de Bari et Matera au d\u00e9part du terminal de croisi\u00e8re de Bari ou de l&#8217;h\u00f4tel"},"content":{"rendered":"<h2>Description<\/h2>\n<p>D\u00e9couvrez la riche histoire et l&#8217;\u00e9tonnante beaut\u00e9 naturelle des r\u00e9gions des Pouilles et de la Basilicate lors de cette visite priv\u00e9e exclusive au d\u00e9part de Bari. Avec le confort d&#8217;un guide personnel et d&#8217;un v\u00e9hicule priv\u00e9 \u00e0 votre disposition pendant 8 heures, cette exp\u00e9rience vous permettra d&#8217;explorer deux des destinations les plus fascinantes d&#8217;Italie : la charmante ville c\u00f4ti\u00e8re de Bari et la mystique Matera, class\u00e9e au patrimoine mondial de l&#8217;UNESCO.<\/p>\n<p>Plongez dans l&#8217;authenticit\u00e9 de ces villes en d\u00e9couvrant leurs tr\u00e9sors culturels et architecturaux, tout en profitant de la libert\u00e9 d&#8217;explorer \u00e0 votre rythme et en fonction de vos centres d&#8217;int\u00e9r\u00eat. De l&#8217;histoire m\u00e9di\u00e9vale de Bari aux anciennes grottes de Matera, ce circuit vous invite \u00e0 d\u00e9couvrir le meilleur de l&#8217;Italie du Sud avec une attention personnalis\u00e9e et un service de grande qualit\u00e9.<\/p>\n<p>Embarquez dans cette aventure passionnante et d\u00e9couvrez les secrets les mieux gard\u00e9s de Bari et de Matera gr\u00e2ce \u00e0 notre circuit priv\u00e9 exclusif !<\/p>\n<p>Pour plus de d\u00e9tails et de r\u00e9servations, veuillez visiter notre site web ou nous contacter directement. Nous nous r\u00e9jouissons de vous accompagner dans ce voyage inoubliable !<\/p>\n<h2>Points d&#8217;int\u00e9r\u00eat et monuments<\/h2>\n<p>Notre sympathique guide et notre chauffeur vous accueilleront au terminal des croisi\u00e8res ou \u00e0 la r\u00e9ception de votre h\u00f4tel \u00e0 Bari pour commencer ce voyage passionnant.<\/p>\n<p>Nous commencerons notre journ\u00e9e en explorant la belle ville de Bari. Promenez-vous dans les rues \u00e9troites de sa vieille ville et d\u00e9couvrez ses charmants march\u00e9s, l&#8217;impressionnante basilique Saint-Nicolas et l&#8217;imposant ch\u00e2teau souabe. Notre guide vous emm\u00e8nera dans les lieux les plus embl\u00e9matiques tout en vous plongeant dans l&#8217;histoire et la culture de cette ville c\u00f4ti\u00e8re.<\/p>\n<p>Apr\u00e8s avoir profit\u00e9 du meilleur de Bari, nous nous dirigerons vers Matera, un voyage qui vous m\u00e8nera \u00e0 travers de superbes paysages italiens.<\/p>\n<p>Une fois \u00e0 Matera, vous serez \u00e9merveill\u00e9s par les anciennes maisons taill\u00e9es dans la roche, les fascinantes ruelles et les vues panoramiques sur les Sassi, un labyrinthe de grottes anciennes datant de l&#8217;\u00e2ge de pierre. Notre guide vous conduira \u00e0 travers ce site impressionnant tout en partageant les histoires et les l\u00e9gendes qui l&#8217;entourent.<\/p>\n<p>Apr\u00e8s une journ\u00e9e riche en d\u00e9couvertes, nous retournerons \u00e0 Bari, o\u00f9 nous vous d\u00e9poserons au terminal de croisi\u00e8re ou \u00e0 votre h\u00f4tel, avec des souvenirs inoubliables de votre aventure dans les Pouilles et la Basilicate.<\/p>\n<p>Embarquez pour ce voyage unique et personnalis\u00e9 qui vous fera d\u00e9couvrir l&#8217;histoire et la beaut\u00e9 de Bari et de Matera. Avec l&#8217;attention personnalis\u00e9e de notre guide et le confort d&#8217;un v\u00e9hicule priv\u00e9, ce circuit vous garantit une exp\u00e9rience inoubliable dans le sud de l&#8217;Italie. R\u00e9servez d\u00e8s maintenant et d\u00e9couvrez le meilleur des Pouilles et de la Basilicate avec nous !<\/p>\n","protected":false},"excerpt":{"rendered":"<p>D\u00e9couvrez la riche histoire et l&#8217;\u00e9tonnante beaut\u00e9 naturelle des r\u00e9gions des Pouilles et de la Basilicate lors de cette visite priv\u00e9e exclusive au d\u00e9part de Bari. Avec le confort d&#8217;un guide personnel et d&#8217;un v\u00e9hicule priv\u00e9 \u00e0 votre disposition pendant 8 heures, cette exp\u00e9rience vous permettra d&#8217;explorer deux des destinations les plus fascinantes d&#8217;Italie : la charmante ville c\u00f4ti\u00e8re de Bari et la mystique Matera, class\u00e9e au patrimoine mondial de l&#8217;UNESCO.<\/p>\n","protected":false},"featured_media":172999,"comment_status":"open","ping_status":"closed","template":"","meta":{"_acf_changed":false},"product_brand":[],"product_cat":[5070,5067,5071],"product_tag":[],"class_list":{"0":"post-172986","1":"product","2":"type-product","3":"status-publish","4":"has-post-thumbnail","6":"product_cat-all-private-tours-fr","7":"product_cat-bari-fr-fr","8":"product_cat-private-walking-tour-fr","10":"first","11":"instock","12":"shipping-taxable","13":"purchasable","14":"product-type-simple"},"acf":[],"yoast_head":"<!-- This site is optimized with the Yoast SEO Premium plugin v25.3.1 (Yoast SEO v25.3.1) - https:\/\/yoast.com\/wordpress\/plugins\/seo\/ -->\n<title>Visite priv\u00e9e de Bari et Matera | TourTravel&amp;More<\/title>\n<meta name=\"description\" content=\"D\u00e9couvrez la riche histoire et la beaut\u00e9 naturelle \u00e9poustouflante des r\u00e9gions des Pouilles et de la Basilicate lors de cette visite priv\u00e9e exclusive au d\u00e9part de Bari. \u2705\" \/>\n<meta name=\"robots\" content=\"index, follow, max-snippet:-1, max-image-preview:large, max-video-preview:-1\" \/>\n<link rel=\"canonical\" href=\"https:\/\/tourtravelandmore.com\/fr\/tours\/italie-fr\/bari-fr-fr\/visite-privee-a-pied-de-bari-copy\/\" \/>\n<meta property=\"og:locale\" content=\"fr_FR\" \/>\n<meta property=\"og:type\" content=\"article\" \/>\n<meta property=\"og:title\" content=\"Visite priv\u00e9e de Bari et Matera au d\u00e9part du terminal de croisi\u00e8re de Bari ou de l&#039;h\u00f4tel\" \/>\n<meta property=\"og:description\" content=\"D\u00e9couvrez la riche histoire et la beaut\u00e9 naturelle \u00e9poustouflante des r\u00e9gions des Pouilles et de la Basilicate lors de cette visite priv\u00e9e exclusive au d\u00e9part de Bari. \u2705\" \/>\n<meta property=\"og:url\" content=\"https:\/\/tourtravelandmore.com\/fr\/tours\/italie-fr\/bari-fr-fr\/visite-privee-a-pied-de-bari-copy\/\" \/>\n<meta property=\"og:site_name\" content=\"Tour Travel And More\" \/>\n<meta property=\"article:publisher\" content=\"https:\/\/www.facebook.com\/tourtravelandmore\/\" \/>\n<meta property=\"article:modified_time\" content=\"2024-03-01T13:16:36+00:00\" \/>\n<meta property=\"og:image\" content=\"https:\/\/tourtravelandmore.com\/wp-content\/uploads\/2024\/02\/matera-4612016_1280.jpg\" \/>\n\t<meta property=\"og:image:width\" content=\"1280\" \/>\n\t<meta property=\"og:image:height\" content=\"720\" \/>\n\t<meta property=\"og:image:type\" content=\"image\/jpeg\" \/>\n<meta name=\"twitter:card\" content=\"summary_large_image\" \/>\n<meta name=\"twitter:site\" content=\"@TourTravel_More\" \/>\n<meta name=\"twitter:label1\" content=\"Dur\u00e9e de lecture estim\u00e9e\" \/>\n\t<meta name=\"twitter:data1\" content=\"3 minutes\" \/>\n<script type=\"application\/ld+json\" class=\"yoast-schema-graph\">{\"@context\":\"https:\/\/schema.org\",\"@graph\":[{\"@type\":\"WebPage\",\"@id\":\"https:\/\/tourtravelandmore.com\/fr\/tours\/italie-fr\/bari-fr-fr\/visite-privee-a-pied-de-bari-copy\/\",\"url\":\"https:\/\/tourtravelandmore.com\/fr\/tours\/italie-fr\/bari-fr-fr\/visite-privee-a-pied-de-bari-copy\/\",\"name\":\"Visite priv\u00e9e de Bari et Matera | TourTravel&More\",\"isPartOf\":{\"@id\":\"https:\/\/tourtravelandmore.com\/fr\/#website\"},\"primaryImageOfPage\":{\"@id\":\"https:\/\/tourtravelandmore.com\/fr\/tours\/italie-fr\/bari-fr-fr\/visite-privee-a-pied-de-bari-copy\/#primaryimage\"},\"image\":{\"@id\":\"https:\/\/tourtravelandmore.com\/fr\/tours\/italie-fr\/bari-fr-fr\/visite-privee-a-pied-de-bari-copy\/#primaryimage\"},\"thumbnailUrl\":\"https:\/\/tourtravelandmore.com\/wp-content\/uploads\/2024\/02\/matera-4612016_1280.jpg\",\"datePublished\":\"2024-02-29T13:20:01+00:00\",\"dateModified\":\"2024-03-01T13:16:36+00:00\",\"description\":\"D\u00e9couvrez la riche histoire et la beaut\u00e9 naturelle \u00e9poustouflante des r\u00e9gions des Pouilles et de la Basilicate lors de cette visite priv\u00e9e exclusive au d\u00e9part de Bari. \u2705\",\"breadcrumb\":{\"@id\":\"https:\/\/tourtravelandmore.com\/fr\/tours\/italie-fr\/bari-fr-fr\/visite-privee-a-pied-de-bari-copy\/#breadcrumb\"},\"inLanguage\":\"fr-FR\",\"potentialAction\":[{\"@type\":\"ReadAction\",\"target\":[\"https:\/\/tourtravelandmore.com\/fr\/tours\/italie-fr\/bari-fr-fr\/visite-privee-a-pied-de-bari-copy\/\"]}]},{\"@type\":\"ImageObject\",\"inLanguage\":\"fr-FR\",\"@id\":\"https:\/\/tourtravelandmore.com\/fr\/tours\/italie-fr\/bari-fr-fr\/visite-privee-a-pied-de-bari-copy\/#primaryimage\",\"url\":\"https:\/\/tourtravelandmore.com\/wp-content\/uploads\/2024\/02\/matera-4612016_1280.jpg\",\"contentUrl\":\"https:\/\/tourtravelandmore.com\/wp-content\/uploads\/2024\/02\/matera-4612016_1280.jpg\",\"width\":1280,\"height\":720},{\"@type\":\"BreadcrumbList\",\"@id\":\"https:\/\/tourtravelandmore.com\/fr\/tours\/italie-fr\/bari-fr-fr\/visite-privee-a-pied-de-bari-copy\/#breadcrumb\",\"itemListElement\":[{\"@type\":\"ListItem\",\"position\":1,\"name\":\"Home\",\"item\":\"https:\/\/tourtravelandmore.com\/fr\/\"},{\"@type\":\"ListItem\",\"position\":2,\"name\":\"Tours\",\"item\":\"https:\/\/tourtravelandmore.com\/fr\/tours\/\"},{\"@type\":\"ListItem\",\"position\":3,\"name\":\"Visite priv\u00e9e de Bari et Matera au d\u00e9part du terminal de croisi\u00e8re de Bari ou de l&#8217;h\u00f4tel\"}]},{\"@type\":\"WebSite\",\"@id\":\"https:\/\/tourtravelandmore.com\/fr\/#website\",\"url\":\"https:\/\/tourtravelandmore.com\/fr\/\",\"name\":\"Tour Travel And More\",\"description\":\"Private sightseeing tours and luxury transfers in Spain\",\"publisher\":{\"@id\":\"https:\/\/tourtravelandmore.com\/fr\/#organization\"},\"potentialAction\":[{\"@type\":\"SearchAction\",\"target\":{\"@type\":\"EntryPoint\",\"urlTemplate\":\"https:\/\/tourtravelandmore.com\/fr\/?s={search_term_string}\"},\"query-input\":{\"@type\":\"PropertyValueSpecification\",\"valueRequired\":true,\"valueName\":\"search_term_string\"}}],\"inLanguage\":\"fr-FR\"},{\"@type\":\"Organization\",\"@id\":\"https:\/\/tourtravelandmore.com\/fr\/#organization\",\"name\":\"Tour Travel And More\",\"url\":\"https:\/\/tourtravelandmore.com\/fr\/\",\"logo\":{\"@type\":\"ImageObject\",\"inLanguage\":\"fr-FR\",\"@id\":\"https:\/\/tourtravelandmore.com\/fr\/#\/schema\/logo\/image\/\",\"url\":\"https:\/\/tourtravelandmore.com\/wp-content\/uploads\/2022\/12\/cropped-logo-cabecera-new.png\",\"contentUrl\":\"https:\/\/tourtravelandmore.com\/wp-content\/uploads\/2022\/12\/cropped-logo-cabecera-new.png\",\"width\":430,\"height\":61,\"caption\":\"Tour Travel And More\"},\"image\":{\"@id\":\"https:\/\/tourtravelandmore.com\/fr\/#\/schema\/logo\/image\/\"},\"sameAs\":[\"https:\/\/www.facebook.com\/tourtravelandmore\/\",\"https:\/\/x.com\/TourTravel_More\"]}]}<\/script>\n<!-- \/ Yoast SEO Premium plugin. -->","yoast_head_json":{"title":"Visite priv\u00e9e de Bari et Matera | TourTravel&More","description":"D\u00e9couvrez la riche histoire et la beaut\u00e9 naturelle \u00e9poustouflante des r\u00e9gions des Pouilles et de la Basilicate lors de cette visite priv\u00e9e exclusive au d\u00e9part de Bari. \u2705","robots":{"index":"index","follow":"follow","max-snippet":"max-snippet:-1","max-image-preview":"max-image-preview:large","max-video-preview":"max-video-preview:-1"},"canonical":"https:\/\/tourtravelandmore.com\/fr\/tours\/italie-fr\/bari-fr-fr\/visite-privee-a-pied-de-bari-copy\/","og_locale":"fr_FR","og_type":"article","og_title":"Visite priv\u00e9e de Bari et Matera au d\u00e9part du terminal de croisi\u00e8re de Bari ou de l'h\u00f4tel","og_description":"D\u00e9couvrez la riche histoire et la beaut\u00e9 naturelle \u00e9poustouflante des r\u00e9gions des Pouilles et de la Basilicate lors de cette visite priv\u00e9e exclusive au d\u00e9part de Bari. \u2705","og_url":"https:\/\/tourtravelandmore.com\/fr\/tours\/italie-fr\/bari-fr-fr\/visite-privee-a-pied-de-bari-copy\/","og_site_name":"Tour Travel And More","article_publisher":"https:\/\/www.facebook.com\/tourtravelandmore\/","article_modified_time":"2024-03-01T13:16:36+00:00","og_image":[{"width":1280,"height":720,"url":"https:\/\/tourtravelandmore.com\/wp-content\/uploads\/2024\/02\/matera-4612016_1280.jpg","type":"image\/jpeg"}],"twitter_card":"summary_large_image","twitter_site":"@TourTravel_More","twitter_misc":{"Dur\u00e9e de lecture estim\u00e9e":"3 minutes"},"schema":{"@context":"https:\/\/schema.org","@graph":[{"@type":"WebPage","@id":"https:\/\/tourtravelandmore.com\/fr\/tours\/italie-fr\/bari-fr-fr\/visite-privee-a-pied-de-bari-copy\/","url":"https:\/\/tourtravelandmore.com\/fr\/tours\/italie-fr\/bari-fr-fr\/visite-privee-a-pied-de-bari-copy\/","name":"Visite priv\u00e9e de Bari et Matera | TourTravel&More","isPartOf":{"@id":"https:\/\/tourtravelandmore.com\/fr\/#website"},"primaryImageOfPage":{"@id":"https:\/\/tourtravelandmore.com\/fr\/tours\/italie-fr\/bari-fr-fr\/visite-privee-a-pied-de-bari-copy\/#primaryimage"},"image":{"@id":"https:\/\/tourtravelandmore.com\/fr\/tours\/italie-fr\/bari-fr-fr\/visite-privee-a-pied-de-bari-copy\/#primaryimage"},"thumbnailUrl":"https:\/\/tourtravelandmore.com\/wp-content\/uploads\/2024\/02\/matera-4612016_1280.jpg","datePublished":"2024-02-29T13:20:01+00:00","dateModified":"2024-03-01T13:16:36+00:00","description":"D\u00e9couvrez la riche histoire et la beaut\u00e9 naturelle \u00e9poustouflante des r\u00e9gions des Pouilles et de la Basilicate lors de cette visite priv\u00e9e exclusive au d\u00e9part de Bari. \u2705","breadcrumb":{"@id":"https:\/\/tourtravelandmore.com\/fr\/tours\/italie-fr\/bari-fr-fr\/visite-privee-a-pied-de-bari-copy\/#breadcrumb"},"inLanguage":"fr-FR","potentialAction":[{"@type":"ReadAction","target":["https:\/\/tourtravelandmore.com\/fr\/tours\/italie-fr\/bari-fr-fr\/visite-privee-a-pied-de-bari-copy\/"]}]},{"@type":"ImageObject","inLanguage":"fr-FR","@id":"https:\/\/tourtravelandmore.com\/fr\/tours\/italie-fr\/bari-fr-fr\/visite-privee-a-pied-de-bari-copy\/#primaryimage","url":"https:\/\/tourtravelandmore.com\/wp-content\/uploads\/2024\/02\/matera-4612016_1280.jpg","contentUrl":"https:\/\/tourtravelandmore.com\/wp-content\/uploads\/2024\/02\/matera-4612016_1280.jpg","width":1280,"height":720},{"@type":"BreadcrumbList","@id":"https:\/\/tourtravelandmore.com\/fr\/tours\/italie-fr\/bari-fr-fr\/visite-privee-a-pied-de-bari-copy\/#breadcrumb","itemListElement":[{"@type":"ListItem","position":1,"name":"Home","item":"https:\/\/tourtravelandmore.com\/fr\/"},{"@type":"ListItem","position":2,"name":"Tours","item":"https:\/\/tourtravelandmore.com\/fr\/tours\/"},{"@type":"ListItem","position":3,"name":"Visite priv\u00e9e de Bari et Matera au d\u00e9part du terminal de croisi\u00e8re de Bari ou de l&#8217;h\u00f4tel"}]},{"@type":"WebSite","@id":"https:\/\/tourtravelandmore.com\/fr\/#website","url":"https:\/\/tourtravelandmore.com\/fr\/","name":"Tour Travel And More","description":"Private sightseeing tours and luxury transfers in Spain","publisher":{"@id":"https:\/\/tourtravelandmore.com\/fr\/#organization"},"potentialAction":[{"@type":"SearchAction","target":{"@type":"EntryPoint","urlTemplate":"https:\/\/tourtravelandmore.com\/fr\/?s={search_term_string}"},"query-input":{"@type":"PropertyValueSpecification","valueRequired":true,"valueName":"search_term_string"}}],"inLanguage":"fr-FR"},{"@type":"Organization","@id":"https:\/\/tourtravelandmore.com\/fr\/#organization","name":"Tour Travel And More","url":"https:\/\/tourtravelandmore.com\/fr\/","logo":{"@type":"ImageObject","inLanguage":"fr-FR","@id":"https:\/\/tourtravelandmore.com\/fr\/#\/schema\/logo\/image\/","url":"https:\/\/tourtravelandmore.com\/wp-content\/uploads\/2022\/12\/cropped-logo-cabecera-new.png","contentUrl":"https:\/\/tourtravelandmore.com\/wp-content\/uploads\/2022\/12\/cropped-logo-cabecera-new.png","width":430,"height":61,"caption":"Tour Travel And More"},"image":{"@id":"https:\/\/tourtravelandmore.com\/fr\/#\/schema\/logo\/image\/"},"sameAs":["https:\/\/www.facebook.com\/tourtravelandmore\/","https:\/\/x.com\/TourTravel_More"]}]}},"_links":{"self":[{"href":"https:\/\/tourtravelandmore.com\/fr\/wp-json\/wp\/v2\/product\/172986","targetHints":{"allow":["GET"]}}],"collection":[{"href":"https:\/\/tourtravelandmore.com\/fr\/wp-json\/wp\/v2\/product"}],"about":[{"href":"https:\/\/tourtravelandmore.com\/fr\/wp-json\/wp\/v2\/types\/product"}],"replies":[{"embeddable":true,"href":"https:\/\/tourtravelandmore.com\/fr\/wp-json\/wp\/v2\/comments?post=172986"}],"wp:featuredmedia":[{"embeddable":true,"href":"https:\/\/tourtravelandmore.com\/fr\/wp-json\/wp\/v2\/media\/172999"}],"wp:attachment":[{"href":"https:\/\/tourtravelandmore.com\/fr\/wp-json\/wp\/v2\/media?parent=172986"}],"wp:term":[{"taxonomy":"product_brand","embeddable":true,"href":"https:\/\/tourtravelandmore.com\/fr\/wp-json\/wp\/v2\/product_brand?post=172986"},{"taxonomy":"product_cat","embeddable":true,"href":"https:\/\/tourtravelandmore.com\/fr\/wp-json\/wp\/v2\/product_cat?post=172986"},{"taxonomy":"product_tag","embeddable":true,"href":"https:\/\/tourtravelandmore.com\/fr\/wp-json\/wp\/v2\/product_tag?post=172986"}],"curies":[{"name":"wp","href":"https:\/\/api.w.org\/{rel}","templated":true}]}}