{"id":172958,"date":"2024-02-29T13:22:57","date_gmt":"2024-02-29T12:22:59","guid":{"rendered":"https:\/\/tourtravelandmore.com\/?post_type=product&#038;p=172958"},"modified":"2024-03-15T15:16:54","modified_gmt":"2024-03-15T14:16:54","slug":"excursion-privee-a-zumaia-zarauz-et-guetaria","status":"publish","type":"product","link":"https:\/\/tourtravelandmore.com\/fr\/tours\/espagne-fr\/san-sebastian-fr\/toutes-les-visites-et-activites-privees-fr-7\/excursion-privee-a-zumaia-zarauz-et-guetaria\/","title":{"rendered":"Excursion priv\u00e9e \u00e0 Zumaia, Zarauz et Guetaria"},"content":{"rendered":"<h2>Description :<\/h2>\n<p>Embarquez pour un voyage captivant avec Tour Travel &amp; More pour explorer les magnifiques villes c\u00f4ti\u00e8res de Zumaia, Zarautz et Getaria depuis Saint-S\u00e9bastien. Cette visite priv\u00e9e de Zumaia, Zarautz et Getaria est con\u00e7ue pour vous donner une exp\u00e9rience compl\u00e8te des paysages \u00e9poustouflants du Pays basque.<\/p>\n<p>D&#8217;une dur\u00e9e totale de 6 heures, dont 6 heures de transport en v\u00e9hicule confortable et 6 heures de guidage par un expert. Vous serez immerg\u00e9 dans le charme et la beaut\u00e9 de ces joyaux c\u00f4tiers.<\/p>\n<p>Tout au long du voyage, votre guide expert vous offrira des commentaires perspicaces sur l&#8217;histoire, la culture et les traditions de chaque destination. Cela vous garantira une exp\u00e9rience m\u00e9morable et enrichissante dans la beaut\u00e9 c\u00f4ti\u00e8re du Pays basque.<\/p>\n<h2>Visite priv\u00e9e de Zumaia, Zarauz et Guetaria : Points d&#8217;int\u00e9r\u00eat<\/h2>\n<p>L&#8217;aventure commence \u00e0 Zumaia, connue pour ses falaises spectaculaires et son histoire g\u00e9ologique unique. Nous visiterons des lieux tels que l&#8217;embl\u00e9matique plage d&#8217;Itzurun, c\u00e9l\u00e8bre pour ses formations rocheuses saisissantes et comme lieu de tournage de &#8220;Game of Thrones&#8221;. Nous explorerons \u00e9galement le centre historique de Zumaia, avec ses rues pav\u00e9es et ses b\u00e2timents historiques.<\/p>\n<p>Nous continuerons ensuite vers Zarautz, une ville c\u00f4ti\u00e8re pittoresque connue pour sa longue plage de sable dor\u00e9, parfaite pour le surf. Promenez-vous tranquillement le long de la promenade de Zarautz. D\u00e9couvrez la vibrante culture du surf de la ville et apprenez son importance en tant que destination de surf au Pays basque.<\/p>\n<p>L&#8217;excursion se termine \u00e0 Getaria, un charmant village de p\u00eacheurs caract\u00e9ris\u00e9 par ses rues \u00e9troites et ses maisons basques blanchies \u00e0 la chaux. Visitez le port anim\u00e9 de Getaria, observez les p\u00eacheurs locaux en action et admirez les vues panoramiques sur la mer Cantabrique.<\/p>\n<p>D\u00e9couvrez la beaut\u00e9 de la c\u00f4te basque avec la s\u00e9lection exclusive de visites priv\u00e9es de Tour Travel and More. Des majestueuses falaises de Zumaia aux rues historiques de Guetaria, nos visites sont con\u00e7ues pour offrir une exp\u00e9rience in\u00e9gal\u00e9e de Saint-S\u00e9bastien et des merveilles qui l&#8217;entourent. D\u00e9couvrez nos offres sur Tour Travel and More. Embarquez pour un voyage qui vous promet un tr\u00e9sor de souvenirs dans l&#8217;une des r\u00e9gions les plus pittoresques d&#8217;Espagne.<\/p>\n","protected":false},"excerpt":{"rendered":"<p><span style=\"font-weight: 400;\">Rejoignez-nous pour une excursion priv\u00e9e de 6 heures dans les magnifiques villes c\u00f4ti\u00e8res de Zumaia, Zarauz et Guetaria. D\u00e9couvrez les merveilles g\u00e9ologiques, pr\u00e9lassez-vous sur les belles plages et savourez le riche patrimoine culinaire sous la houlette de nos guides experts. Ce circuit offre une exploration intime des paysages les plus pittoresques et des sites historiques du Pays basque.<\/span><\/p>\n<p>&nbsp;<\/p>\n","protected":false},"featured_media":172969,"comment_status":"open","ping_status":"closed","template":"","meta":{"_acf_changed":false},"product_brand":[],"product_cat":[5085,5084,5086,3647],"product_tag":[],"class_list":{"0":"post-172958","1":"product","2":"type-product","3":"status-publish","4":"has-post-thumbnail","6":"product_cat-excursions-privees-dune-journee-fr-6","7":"product_cat-toutes-les-visites-et-activites-privees-fr-7","8":"product_cat-visites-guidees-privees-fr-11","9":"product_cat-san-sebastian-fr","11":"first","12":"instock","13":"shipping-taxable","14":"purchasable","15":"product-type-simple"},"acf":[],"yoast_head":"<!-- This site is optimized with the Yoast SEO Premium plugin v25.3.1 (Yoast SEO v25.3.1) - https:\/\/yoast.com\/wordpress\/plugins\/seo\/ -->\n<title>\u27a1\ufe0f Explorer Zumaia, Zarauz &amp; Guetaria : Circuit exclusif sur la c\u00f4te basque<\/title>\n<meta name=\"description\" content=\"D\u00e9couvrez la beaut\u00e9 de la c\u00f4te basque lors d&#039;une visite priv\u00e9e \u00e0 Zumaia, Zarauz et Guetaria. Des paysages \u00e9poustouflants et une histoire riche vous attendent ! \u2705\" \/>\n<meta name=\"robots\" content=\"index, follow, max-snippet:-1, max-image-preview:large, max-video-preview:-1\" \/>\n<link rel=\"canonical\" href=\"https:\/\/tourtravelandmore.com\/fr\/tours\/espagne-fr\/san-sebastian-fr\/toutes-les-visites-et-activites-privees-fr-7\/excursion-privee-a-zumaia-zarauz-et-guetaria\/\" \/>\n<meta property=\"og:locale\" content=\"fr_FR\" \/>\n<meta property=\"og:type\" content=\"article\" \/>\n<meta property=\"og:title\" content=\"Excursion priv\u00e9e \u00e0 Zumaia, Zarauz et Guetaria\" \/>\n<meta property=\"og:description\" content=\"D\u00e9couvrez la beaut\u00e9 de la c\u00f4te basque lors d&#039;une visite priv\u00e9e \u00e0 Zumaia, Zarauz et Guetaria. Des paysages \u00e9poustouflants et une histoire riche vous attendent ! \u2705\" \/>\n<meta property=\"og:url\" content=\"https:\/\/tourtravelandmore.com\/fr\/tours\/espagne-fr\/san-sebastian-fr\/toutes-les-visites-et-activites-privees-fr-7\/excursion-privee-a-zumaia-zarauz-et-guetaria\/\" \/>\n<meta property=\"og:site_name\" content=\"Tour Travel And More\" \/>\n<meta property=\"article:publisher\" content=\"https:\/\/www.facebook.com\/tourtravelandmore\/\" \/>\n<meta property=\"article:modified_time\" content=\"2024-03-15T14:16:54+00:00\" \/>\n<meta property=\"og:image\" content=\"https:\/\/tourtravelandmore.com\/wp-content\/uploads\/2024\/02\/image1-8.jpg\" \/>\n\t<meta property=\"og:image:width\" content=\"950\" \/>\n\t<meta property=\"og:image:height\" content=\"750\" \/>\n\t<meta property=\"og:image:type\" content=\"image\/jpeg\" \/>\n<meta name=\"twitter:card\" content=\"summary_large_image\" \/>\n<meta name=\"twitter:site\" content=\"@TourTravel_More\" \/>\n<meta name=\"twitter:label1\" content=\"Dur\u00e9e de lecture estim\u00e9e\" \/>\n\t<meta name=\"twitter:data1\" content=\"4 minutes\" \/>\n<script type=\"application\/ld+json\" class=\"yoast-schema-graph\">{\"@context\":\"https:\/\/schema.org\",\"@graph\":[{\"@type\":\"WebPage\",\"@id\":\"https:\/\/tourtravelandmore.com\/fr\/tours\/espagne-fr\/san-sebastian-fr\/toutes-les-visites-et-activites-privees-fr-7\/excursion-privee-a-zumaia-zarauz-et-guetaria\/\",\"url\":\"https:\/\/tourtravelandmore.com\/fr\/tours\/espagne-fr\/san-sebastian-fr\/toutes-les-visites-et-activites-privees-fr-7\/excursion-privee-a-zumaia-zarauz-et-guetaria\/\",\"name\":\"\u27a1\ufe0f Explorer Zumaia, Zarauz & Guetaria : Circuit exclusif sur la c\u00f4te basque\",\"isPartOf\":{\"@id\":\"https:\/\/tourtravelandmore.com\/fr\/#website\"},\"primaryImageOfPage\":{\"@id\":\"https:\/\/tourtravelandmore.com\/fr\/tours\/espagne-fr\/san-sebastian-fr\/toutes-les-visites-et-activites-privees-fr-7\/excursion-privee-a-zumaia-zarauz-et-guetaria\/#primaryimage\"},\"image\":{\"@id\":\"https:\/\/tourtravelandmore.com\/fr\/tours\/espagne-fr\/san-sebastian-fr\/toutes-les-visites-et-activites-privees-fr-7\/excursion-privee-a-zumaia-zarauz-et-guetaria\/#primaryimage\"},\"thumbnailUrl\":\"https:\/\/tourtravelandmore.com\/wp-content\/uploads\/2024\/02\/image1-8.jpg\",\"datePublished\":\"2024-02-29T12:22:59+00:00\",\"dateModified\":\"2024-03-15T14:16:54+00:00\",\"description\":\"D\u00e9couvrez la beaut\u00e9 de la c\u00f4te basque lors d'une visite priv\u00e9e \u00e0 Zumaia, Zarauz et Guetaria. Des paysages \u00e9poustouflants et une histoire riche vous attendent ! \u2705\",\"breadcrumb\":{\"@id\":\"https:\/\/tourtravelandmore.com\/fr\/tours\/espagne-fr\/san-sebastian-fr\/toutes-les-visites-et-activites-privees-fr-7\/excursion-privee-a-zumaia-zarauz-et-guetaria\/#breadcrumb\"},\"inLanguage\":\"fr-FR\",\"potentialAction\":[{\"@type\":\"ReadAction\",\"target\":[\"https:\/\/tourtravelandmore.com\/fr\/tours\/espagne-fr\/san-sebastian-fr\/toutes-les-visites-et-activites-privees-fr-7\/excursion-privee-a-zumaia-zarauz-et-guetaria\/\"]}]},{\"@type\":\"ImageObject\",\"inLanguage\":\"fr-FR\",\"@id\":\"https:\/\/tourtravelandmore.com\/fr\/tours\/espagne-fr\/san-sebastian-fr\/toutes-les-visites-et-activites-privees-fr-7\/excursion-privee-a-zumaia-zarauz-et-guetaria\/#primaryimage\",\"url\":\"https:\/\/tourtravelandmore.com\/wp-content\/uploads\/2024\/02\/image1-8.jpg\",\"contentUrl\":\"https:\/\/tourtravelandmore.com\/wp-content\/uploads\/2024\/02\/image1-8.jpg\",\"width\":950,\"height\":750},{\"@type\":\"BreadcrumbList\",\"@id\":\"https:\/\/tourtravelandmore.com\/fr\/tours\/espagne-fr\/san-sebastian-fr\/toutes-les-visites-et-activites-privees-fr-7\/excursion-privee-a-zumaia-zarauz-et-guetaria\/#breadcrumb\",\"itemListElement\":[{\"@type\":\"ListItem\",\"position\":1,\"name\":\"Home\",\"item\":\"https:\/\/tourtravelandmore.com\/fr\/\"},{\"@type\":\"ListItem\",\"position\":2,\"name\":\"Tours\",\"item\":\"https:\/\/tourtravelandmore.com\/fr\/tours\/\"},{\"@type\":\"ListItem\",\"position\":3,\"name\":\"Excursion priv\u00e9e \u00e0 Zumaia, Zarauz et Guetaria\"}]},{\"@type\":\"WebSite\",\"@id\":\"https:\/\/tourtravelandmore.com\/fr\/#website\",\"url\":\"https:\/\/tourtravelandmore.com\/fr\/\",\"name\":\"Tour Travel And More\",\"description\":\"Private sightseeing tours and luxury transfers in Spain\",\"publisher\":{\"@id\":\"https:\/\/tourtravelandmore.com\/fr\/#organization\"},\"potentialAction\":[{\"@type\":\"SearchAction\",\"target\":{\"@type\":\"EntryPoint\",\"urlTemplate\":\"https:\/\/tourtravelandmore.com\/fr\/?s={search_term_string}\"},\"query-input\":{\"@type\":\"PropertyValueSpecification\",\"valueRequired\":true,\"valueName\":\"search_term_string\"}}],\"inLanguage\":\"fr-FR\"},{\"@type\":\"Organization\",\"@id\":\"https:\/\/tourtravelandmore.com\/fr\/#organization\",\"name\":\"Tour Travel And More\",\"url\":\"https:\/\/tourtravelandmore.com\/fr\/\",\"logo\":{\"@type\":\"ImageObject\",\"inLanguage\":\"fr-FR\",\"@id\":\"https:\/\/tourtravelandmore.com\/fr\/#\/schema\/logo\/image\/\",\"url\":\"https:\/\/tourtravelandmore.com\/wp-content\/uploads\/2022\/12\/cropped-logo-cabecera-new.png\",\"contentUrl\":\"https:\/\/tourtravelandmore.com\/wp-content\/uploads\/2022\/12\/cropped-logo-cabecera-new.png\",\"width\":430,\"height\":61,\"caption\":\"Tour Travel And More\"},\"image\":{\"@id\":\"https:\/\/tourtravelandmore.com\/fr\/#\/schema\/logo\/image\/\"},\"sameAs\":[\"https:\/\/www.facebook.com\/tourtravelandmore\/\",\"https:\/\/x.com\/TourTravel_More\"]}]}<\/script>\n<!-- \/ Yoast SEO Premium plugin. -->","yoast_head_json":{"title":"\u27a1\ufe0f Explorer Zumaia, Zarauz & Guetaria : Circuit exclusif sur la c\u00f4te basque","description":"D\u00e9couvrez la beaut\u00e9 de la c\u00f4te basque lors d'une visite priv\u00e9e \u00e0 Zumaia, Zarauz et Guetaria. Des paysages \u00e9poustouflants et une histoire riche vous attendent ! \u2705","robots":{"index":"index","follow":"follow","max-snippet":"max-snippet:-1","max-image-preview":"max-image-preview:large","max-video-preview":"max-video-preview:-1"},"canonical":"https:\/\/tourtravelandmore.com\/fr\/tours\/espagne-fr\/san-sebastian-fr\/toutes-les-visites-et-activites-privees-fr-7\/excursion-privee-a-zumaia-zarauz-et-guetaria\/","og_locale":"fr_FR","og_type":"article","og_title":"Excursion priv\u00e9e \u00e0 Zumaia, Zarauz et Guetaria","og_description":"D\u00e9couvrez la beaut\u00e9 de la c\u00f4te basque lors d'une visite priv\u00e9e \u00e0 Zumaia, Zarauz et Guetaria. Des paysages \u00e9poustouflants et une histoire riche vous attendent ! \u2705","og_url":"https:\/\/tourtravelandmore.com\/fr\/tours\/espagne-fr\/san-sebastian-fr\/toutes-les-visites-et-activites-privees-fr-7\/excursion-privee-a-zumaia-zarauz-et-guetaria\/","og_site_name":"Tour Travel And More","article_publisher":"https:\/\/www.facebook.com\/tourtravelandmore\/","article_modified_time":"2024-03-15T14:16:54+00:00","og_image":[{"width":950,"height":750,"url":"https:\/\/tourtravelandmore.com\/wp-content\/uploads\/2024\/02\/image1-8.jpg","type":"image\/jpeg"}],"twitter_card":"summary_large_image","twitter_site":"@TourTravel_More","twitter_misc":{"Dur\u00e9e de lecture estim\u00e9e":"4 minutes"},"schema":{"@context":"https:\/\/schema.org","@graph":[{"@type":"WebPage","@id":"https:\/\/tourtravelandmore.com\/fr\/tours\/espagne-fr\/san-sebastian-fr\/toutes-les-visites-et-activites-privees-fr-7\/excursion-privee-a-zumaia-zarauz-et-guetaria\/","url":"https:\/\/tourtravelandmore.com\/fr\/tours\/espagne-fr\/san-sebastian-fr\/toutes-les-visites-et-activites-privees-fr-7\/excursion-privee-a-zumaia-zarauz-et-guetaria\/","name":"\u27a1\ufe0f Explorer Zumaia, Zarauz & Guetaria : Circuit exclusif sur la c\u00f4te basque","isPartOf":{"@id":"https:\/\/tourtravelandmore.com\/fr\/#website"},"primaryImageOfPage":{"@id":"https:\/\/tourtravelandmore.com\/fr\/tours\/espagne-fr\/san-sebastian-fr\/toutes-les-visites-et-activites-privees-fr-7\/excursion-privee-a-zumaia-zarauz-et-guetaria\/#primaryimage"},"image":{"@id":"https:\/\/tourtravelandmore.com\/fr\/tours\/espagne-fr\/san-sebastian-fr\/toutes-les-visites-et-activites-privees-fr-7\/excursion-privee-a-zumaia-zarauz-et-guetaria\/#primaryimage"},"thumbnailUrl":"https:\/\/tourtravelandmore.com\/wp-content\/uploads\/2024\/02\/image1-8.jpg","datePublished":"2024-02-29T12:22:59+00:00","dateModified":"2024-03-15T14:16:54+00:00","description":"D\u00e9couvrez la beaut\u00e9 de la c\u00f4te basque lors d'une visite priv\u00e9e \u00e0 Zumaia, Zarauz et Guetaria. Des paysages \u00e9poustouflants et une histoire riche vous attendent ! \u2705","breadcrumb":{"@id":"https:\/\/tourtravelandmore.com\/fr\/tours\/espagne-fr\/san-sebastian-fr\/toutes-les-visites-et-activites-privees-fr-7\/excursion-privee-a-zumaia-zarauz-et-guetaria\/#breadcrumb"},"inLanguage":"fr-FR","potentialAction":[{"@type":"ReadAction","target":["https:\/\/tourtravelandmore.com\/fr\/tours\/espagne-fr\/san-sebastian-fr\/toutes-les-visites-et-activites-privees-fr-7\/excursion-privee-a-zumaia-zarauz-et-guetaria\/"]}]},{"@type":"ImageObject","inLanguage":"fr-FR","@id":"https:\/\/tourtravelandmore.com\/fr\/tours\/espagne-fr\/san-sebastian-fr\/toutes-les-visites-et-activites-privees-fr-7\/excursion-privee-a-zumaia-zarauz-et-guetaria\/#primaryimage","url":"https:\/\/tourtravelandmore.com\/wp-content\/uploads\/2024\/02\/image1-8.jpg","contentUrl":"https:\/\/tourtravelandmore.com\/wp-content\/uploads\/2024\/02\/image1-8.jpg","width":950,"height":750},{"@type":"BreadcrumbList","@id":"https:\/\/tourtravelandmore.com\/fr\/tours\/espagne-fr\/san-sebastian-fr\/toutes-les-visites-et-activites-privees-fr-7\/excursion-privee-a-zumaia-zarauz-et-guetaria\/#breadcrumb","itemListElement":[{"@type":"ListItem","position":1,"name":"Home","item":"https:\/\/tourtravelandmore.com\/fr\/"},{"@type":"ListItem","position":2,"name":"Tours","item":"https:\/\/tourtravelandmore.com\/fr\/tours\/"},{"@type":"ListItem","position":3,"name":"Excursion priv\u00e9e \u00e0 Zumaia, Zarauz et Guetaria"}]},{"@type":"WebSite","@id":"https:\/\/tourtravelandmore.com\/fr\/#website","url":"https:\/\/tourtravelandmore.com\/fr\/","name":"Tour Travel And More","description":"Private sightseeing tours and luxury transfers in Spain","publisher":{"@id":"https:\/\/tourtravelandmore.com\/fr\/#organization"},"potentialAction":[{"@type":"SearchAction","target":{"@type":"EntryPoint","urlTemplate":"https:\/\/tourtravelandmore.com\/fr\/?s={search_term_string}"},"query-input":{"@type":"PropertyValueSpecification","valueRequired":true,"valueName":"search_term_string"}}],"inLanguage":"fr-FR"},{"@type":"Organization","@id":"https:\/\/tourtravelandmore.com\/fr\/#organization","name":"Tour Travel And More","url":"https:\/\/tourtravelandmore.com\/fr\/","logo":{"@type":"ImageObject","inLanguage":"fr-FR","@id":"https:\/\/tourtravelandmore.com\/fr\/#\/schema\/logo\/image\/","url":"https:\/\/tourtravelandmore.com\/wp-content\/uploads\/2022\/12\/cropped-logo-cabecera-new.png","contentUrl":"https:\/\/tourtravelandmore.com\/wp-content\/uploads\/2022\/12\/cropped-logo-cabecera-new.png","width":430,"height":61,"caption":"Tour Travel And More"},"image":{"@id":"https:\/\/tourtravelandmore.com\/fr\/#\/schema\/logo\/image\/"},"sameAs":["https:\/\/www.facebook.com\/tourtravelandmore\/","https:\/\/x.com\/TourTravel_More"]}]}},"_links":{"self":[{"href":"https:\/\/tourtravelandmore.com\/fr\/wp-json\/wp\/v2\/product\/172958","targetHints":{"allow":["GET"]}}],"collection":[{"href":"https:\/\/tourtravelandmore.com\/fr\/wp-json\/wp\/v2\/product"}],"about":[{"href":"https:\/\/tourtravelandmore.com\/fr\/wp-json\/wp\/v2\/types\/product"}],"replies":[{"embeddable":true,"href":"https:\/\/tourtravelandmore.com\/fr\/wp-json\/wp\/v2\/comments?post=172958"}],"wp:featuredmedia":[{"embeddable":true,"href":"https:\/\/tourtravelandmore.com\/fr\/wp-json\/wp\/v2\/media\/172969"}],"wp:attachment":[{"href":"https:\/\/tourtravelandmore.com\/fr\/wp-json\/wp\/v2\/media?parent=172958"}],"wp:term":[{"taxonomy":"product_brand","embeddable":true,"href":"https:\/\/tourtravelandmore.com\/fr\/wp-json\/wp\/v2\/product_brand?post=172958"},{"taxonomy":"product_cat","embeddable":true,"href":"https:\/\/tourtravelandmore.com\/fr\/wp-json\/wp\/v2\/product_cat?post=172958"},{"taxonomy":"product_tag","embeddable":true,"href":"https:\/\/tourtravelandmore.com\/fr\/wp-json\/wp\/v2\/product_tag?post=172958"}],"curies":[{"name":"wp","href":"https:\/\/api.w.org\/{rel}","templated":true}]}}