{"id":172882,"date":"2024-02-28T19:37:25","date_gmt":"2024-02-28T18:37:30","guid":{"rendered":"https:\/\/tourtravelandmore.com\/?post_type=product&#038;p=172882"},"modified":"2024-02-28T19:48:07","modified_gmt":"2024-02-28T18:48:07","slug":"visite-privee-du-chateau-de-frederiksborg-au-depart-de-copenhague-copy","status":"publish","type":"product","link":"https:\/\/tourtravelandmore.com\/fr\/tours\/danemark-fr\/copenhague-fr\/all-private-tours-activities-fr-9\/visite-privee-du-chateau-de-frederiksborg-au-depart-de-copenhague-copy\/","title":{"rendered":"Visite priv\u00e9e des ch\u00e2teaux de Roskilde, Frederiksborg et Kronborg"},"content":{"rendered":"<h2>Description:<\/h2>\n<p>Embarquez pour un voyage captivant de 9 heures \u00e0 travers l&#8217;histoire du Danemark gr\u00e2ce \u00e0 cette visite priv\u00e9e exclusive de trois magnifiques ch\u00e2teaux : Roskilde, Frederiksborg et Kronborg. Au d\u00e9part de Copenhague, votre guide bien inform\u00e9 vous accompagnera tout au long de la journ\u00e9e et vous donnera un aper\u00e7u du riche patrimoine culturel de chaque site.<\/p>\n<p>Le ch\u00e2teau de Frederiksborg est un complexe palatial situ\u00e9 \u00e0 Hiller\u00f8d, au Danemark, construit sur trois \u00eelots de Slotss\u00f8, le &#8220;lac du ch\u00e2teau&#8221;, et rattach\u00e9 \u00e0 un grand jardin baroque. Construit par Hans van Steenwinkel comme r\u00e9sidence royale du roi Christian IV de Danemark entre 1560 et 1630, en remplacement d&#8217;un ch\u00e2teau plus ancien acquis par Fr\u00e9d\u00e9ric II, en l&#8217;honneur duquel le b\u00e2timent a \u00e9t\u00e9 nomm\u00e9, il est devenu le plus grand ch\u00e2teau de style Renaissance de Scandinavie.<\/p>\n<p>Roskilde est une ville du Danemark situ\u00e9e au nord de l&#8217;\u00eele de Z\u00e9lande, \u00e0 l&#8217;extr\u00e9mit\u00e9 du fjord de Roskilde, qui est surplomb\u00e9 par un petit port. Roskilde est \u00e9galement la capitale de la municipalit\u00e9 du m\u00eame nom, la plus grande ville de la r\u00e9gion administrative de Zealand, avec 47 828 habitants, et la dixi\u00e8me du pays.<\/p>\n<p>Le ch\u00e2teau de Kronborg est situ\u00e9 pr\u00e8s d&#8217;Elseneur, au Danemark. Il est l&#8217;un des quatre sites culturels danois inscrits au patrimoine mondial en 2000, avec la cath\u00e9drale de Roskilde, les runes, les tumulus et l&#8217;\u00e9glise de Jelling, et le fjord gel\u00e9 d&#8217;Ilulissat.<\/p>\n<p>Ce circuit est enti\u00e8rement personnalisable. Vous pouvez adapter tous nos circuits \u00e0 Copenhague \u00e0 vos propres int\u00e9r\u00eats en nous contactant.<\/p>\n<h2>Sites d&#8217;int\u00e9r\u00eat et monuments<\/h2>\n<p>Cette excursion d\u00e9butera au point de rencontre de votre choix. Si votre h\u00f4tel est situ\u00e9 au centre, nous pouvons partir de l\u00e0. Sinon, nous pouvons organiser une prise en charge priv\u00e9e \u00e0 partir du point de rencontre de votre choix.<\/p>\n<p>L&#8217;imposante structure du b\u00e2timent vous fera comprendre pourquoi il s&#8217;agit du plus grand ch\u00e2teau de Scandinavie.<\/p>\n<p>Commencez votre journ\u00e9e en explorant le ch\u00e2teau de Roskilde, un \u00e9tonnant palais de la Renaissance impr\u00e9gn\u00e9 d&#8217;histoire royale. Admirez son architecture impressionnante et d\u00e9couvrez son importance en tant que r\u00e9sidence des monarques danois.<\/p>\n<p>Ensuite, vous vous aventurerez au ch\u00e2teau de Frederiksborg, un chef-d&#8217;\u0153uvre de la Renaissance danoise. \u00c9merveillez-vous devant ses tours majestueuses, ses jardins luxuriants et ses int\u00e9rieurs opulents, tout en vous plongeant dans les r\u00e9cits de ses habitants royaux. Explorez le mus\u00e9e du ch\u00e2teau, qui pr\u00e9sente des si\u00e8cles d&#8217;art et d&#8217;histoire du Danemark.<\/p>\n<p>Terminez votre visite par le ch\u00e2teau de Kronborg, immortalis\u00e9 par la pi\u00e8ce Hamlet de Shakespeare. Explorez les formidables remparts de la forteresse, ses chambres et ses cours, et imaginez les intrigues de la cour royale danoise qui se sont d\u00e9roul\u00e9es entre ses murs.<\/p>\n<p>Vous retournerez ensuite \u00e0 votre v\u00e9hicule priv\u00e9 o\u00f9 votre chauffeur vous attendra pour vous ramener \u00e0 votre point de d\u00e9part ou \u00e0 l&#8217;endroit de votre choix \u00e0 Copenhague.<\/p>\n<p>Si vous avez encore quelques jours \u00e0 passer dans la ville danoise, <strong><a href=\"https:\/\/tourtravelandmore.com\/fr\/city\/danemark-fr\/copenhague-fr\/\">vous pouvez consulter toutes nos visites priv\u00e9es de Copenhague ici !<\/a><\/strong><\/p>\n","protected":false},"excerpt":{"rendered":"<p>Embarquez pour un voyage captivant de 9 heures \u00e0 travers l&#8217;histoire du Danemark gr\u00e2ce \u00e0 cette visite priv\u00e9e exclusive de trois magnifiques ch\u00e2teaux : Roskilde, Frederiksborg et Kronborg. Au d\u00e9part de Copenhague, votre guide bien inform\u00e9 vous accompagnera tout au long de la journ\u00e9e et vous donnera un aper\u00e7u du riche patrimoine culturel de chaque site.<\/p>\n","protected":false},"featured_media":172894,"comment_status":"open","ping_status":"closed","template":"","meta":{"_acf_changed":false},"product_brand":[],"product_cat":[3748,3757,4213],"product_tag":[],"class_list":{"0":"post-172882","1":"product","2":"type-product","3":"status-publish","4":"has-post-thumbnail","6":"product_cat-danemark-fr","7":"product_cat-copenhague-fr","8":"product_cat-all-private-tours-activities-fr-9","10":"first","11":"instock","12":"shipping-taxable","13":"purchasable","14":"product-type-simple"},"acf":[],"yoast_head":"<!-- This site is optimized with the Yoast SEO Premium plugin v25.3.1 (Yoast SEO v25.3.1) - https:\/\/yoast.com\/wordpress\/plugins\/seo\/ -->\n<title>Visite priv\u00e9e des ch\u00e2teaux de Roskilde, Frederiksborg et Kronborg<\/title>\n<meta name=\"description\" content=\"Visite priv\u00e9e des ch\u00e2teaux de Roskilde, Frederiksborg et Kronborg. Explorez les paysages avec cette visite priv\u00e9e avec un guide et un v\u00e9hicule priv\u00e9 avec chauffeur.\" \/>\n<meta name=\"robots\" content=\"index, follow, max-snippet:-1, max-image-preview:large, max-video-preview:-1\" \/>\n<link rel=\"canonical\" href=\"https:\/\/tourtravelandmore.com\/fr\/tours\/danemark-fr\/copenhague-fr\/all-private-tours-activities-fr-9\/visite-privee-du-chateau-de-frederiksborg-au-depart-de-copenhague-copy\/\" \/>\n<meta property=\"og:locale\" content=\"fr_FR\" \/>\n<meta property=\"og:type\" content=\"article\" \/>\n<meta property=\"og:title\" content=\"Visite priv\u00e9e des ch\u00e2teaux de Roskilde, Frederiksborg et Kronborg\" \/>\n<meta property=\"og:description\" content=\"Visite priv\u00e9e des ch\u00e2teaux de Roskilde, Frederiksborg et Kronborg. Explorez les paysages avec cette visite priv\u00e9e avec un guide et un v\u00e9hicule priv\u00e9 avec chauffeur.\" \/>\n<meta property=\"og:url\" content=\"https:\/\/tourtravelandmore.com\/fr\/tours\/danemark-fr\/copenhague-fr\/all-private-tours-activities-fr-9\/visite-privee-du-chateau-de-frederiksborg-au-depart-de-copenhague-copy\/\" \/>\n<meta property=\"og:site_name\" content=\"Tour Travel And More\" \/>\n<meta property=\"article:publisher\" content=\"https:\/\/www.facebook.com\/tourtravelandmore\/\" \/>\n<meta property=\"article:modified_time\" content=\"2024-02-28T18:48:07+00:00\" \/>\n<meta property=\"og:image\" content=\"https:\/\/tourtravelandmore.com\/wp-content\/uploads\/2024\/02\/pexels-ivan-drazic-8874605.jpg\" \/>\n\t<meta property=\"og:image:width\" content=\"1280\" \/>\n\t<meta property=\"og:image:height\" content=\"960\" \/>\n\t<meta property=\"og:image:type\" content=\"image\/jpeg\" \/>\n<meta name=\"twitter:card\" content=\"summary_large_image\" \/>\n<meta name=\"twitter:site\" content=\"@TourTravel_More\" \/>\n<meta name=\"twitter:label1\" content=\"Dur\u00e9e de lecture estim\u00e9e\" \/>\n\t<meta name=\"twitter:data1\" content=\"3 minutes\" \/>\n<script type=\"application\/ld+json\" class=\"yoast-schema-graph\">{\"@context\":\"https:\/\/schema.org\",\"@graph\":[{\"@type\":\"WebPage\",\"@id\":\"https:\/\/tourtravelandmore.com\/fr\/tours\/danemark-fr\/copenhague-fr\/all-private-tours-activities-fr-9\/visite-privee-du-chateau-de-frederiksborg-au-depart-de-copenhague-copy\/\",\"url\":\"https:\/\/tourtravelandmore.com\/fr\/tours\/danemark-fr\/copenhague-fr\/all-private-tours-activities-fr-9\/visite-privee-du-chateau-de-frederiksborg-au-depart-de-copenhague-copy\/\",\"name\":\"Visite priv\u00e9e des ch\u00e2teaux de Roskilde, Frederiksborg et Kronborg\",\"isPartOf\":{\"@id\":\"https:\/\/tourtravelandmore.com\/fr\/#website\"},\"primaryImageOfPage\":{\"@id\":\"https:\/\/tourtravelandmore.com\/fr\/tours\/danemark-fr\/copenhague-fr\/all-private-tours-activities-fr-9\/visite-privee-du-chateau-de-frederiksborg-au-depart-de-copenhague-copy\/#primaryimage\"},\"image\":{\"@id\":\"https:\/\/tourtravelandmore.com\/fr\/tours\/danemark-fr\/copenhague-fr\/all-private-tours-activities-fr-9\/visite-privee-du-chateau-de-frederiksborg-au-depart-de-copenhague-copy\/#primaryimage\"},\"thumbnailUrl\":\"https:\/\/tourtravelandmore.com\/wp-content\/uploads\/2024\/02\/pexels-ivan-drazic-8874605.jpg\",\"datePublished\":\"2024-02-28T18:37:30+00:00\",\"dateModified\":\"2024-02-28T18:48:07+00:00\",\"description\":\"Visite priv\u00e9e des ch\u00e2teaux de Roskilde, Frederiksborg et Kronborg. Explorez les paysages avec cette visite priv\u00e9e avec un guide et un v\u00e9hicule priv\u00e9 avec chauffeur.\",\"breadcrumb\":{\"@id\":\"https:\/\/tourtravelandmore.com\/fr\/tours\/danemark-fr\/copenhague-fr\/all-private-tours-activities-fr-9\/visite-privee-du-chateau-de-frederiksborg-au-depart-de-copenhague-copy\/#breadcrumb\"},\"inLanguage\":\"fr-FR\",\"potentialAction\":[{\"@type\":\"ReadAction\",\"target\":[\"https:\/\/tourtravelandmore.com\/fr\/tours\/danemark-fr\/copenhague-fr\/all-private-tours-activities-fr-9\/visite-privee-du-chateau-de-frederiksborg-au-depart-de-copenhague-copy\/\"]}]},{\"@type\":\"ImageObject\",\"inLanguage\":\"fr-FR\",\"@id\":\"https:\/\/tourtravelandmore.com\/fr\/tours\/danemark-fr\/copenhague-fr\/all-private-tours-activities-fr-9\/visite-privee-du-chateau-de-frederiksborg-au-depart-de-copenhague-copy\/#primaryimage\",\"url\":\"https:\/\/tourtravelandmore.com\/wp-content\/uploads\/2024\/02\/pexels-ivan-drazic-8874605.jpg\",\"contentUrl\":\"https:\/\/tourtravelandmore.com\/wp-content\/uploads\/2024\/02\/pexels-ivan-drazic-8874605.jpg\",\"width\":1280,\"height\":960},{\"@type\":\"BreadcrumbList\",\"@id\":\"https:\/\/tourtravelandmore.com\/fr\/tours\/danemark-fr\/copenhague-fr\/all-private-tours-activities-fr-9\/visite-privee-du-chateau-de-frederiksborg-au-depart-de-copenhague-copy\/#breadcrumb\",\"itemListElement\":[{\"@type\":\"ListItem\",\"position\":1,\"name\":\"Home\",\"item\":\"https:\/\/tourtravelandmore.com\/fr\/\"},{\"@type\":\"ListItem\",\"position\":2,\"name\":\"Tours\",\"item\":\"https:\/\/tourtravelandmore.com\/fr\/tours\/\"},{\"@type\":\"ListItem\",\"position\":3,\"name\":\"Visite priv\u00e9e des ch\u00e2teaux de Roskilde, Frederiksborg et Kronborg\"}]},{\"@type\":\"WebSite\",\"@id\":\"https:\/\/tourtravelandmore.com\/fr\/#website\",\"url\":\"https:\/\/tourtravelandmore.com\/fr\/\",\"name\":\"Tour Travel And More\",\"description\":\"Private sightseeing tours and luxury transfers in Spain\",\"publisher\":{\"@id\":\"https:\/\/tourtravelandmore.com\/fr\/#organization\"},\"potentialAction\":[{\"@type\":\"SearchAction\",\"target\":{\"@type\":\"EntryPoint\",\"urlTemplate\":\"https:\/\/tourtravelandmore.com\/fr\/?s={search_term_string}\"},\"query-input\":{\"@type\":\"PropertyValueSpecification\",\"valueRequired\":true,\"valueName\":\"search_term_string\"}}],\"inLanguage\":\"fr-FR\"},{\"@type\":\"Organization\",\"@id\":\"https:\/\/tourtravelandmore.com\/fr\/#organization\",\"name\":\"Tour Travel And More\",\"url\":\"https:\/\/tourtravelandmore.com\/fr\/\",\"logo\":{\"@type\":\"ImageObject\",\"inLanguage\":\"fr-FR\",\"@id\":\"https:\/\/tourtravelandmore.com\/fr\/#\/schema\/logo\/image\/\",\"url\":\"https:\/\/tourtravelandmore.com\/wp-content\/uploads\/2022\/12\/cropped-logo-cabecera-new.png\",\"contentUrl\":\"https:\/\/tourtravelandmore.com\/wp-content\/uploads\/2022\/12\/cropped-logo-cabecera-new.png\",\"width\":430,\"height\":61,\"caption\":\"Tour Travel And More\"},\"image\":{\"@id\":\"https:\/\/tourtravelandmore.com\/fr\/#\/schema\/logo\/image\/\"},\"sameAs\":[\"https:\/\/www.facebook.com\/tourtravelandmore\/\",\"https:\/\/x.com\/TourTravel_More\"]}]}<\/script>\n<!-- \/ Yoast SEO Premium plugin. -->","yoast_head_json":{"title":"Visite priv\u00e9e des ch\u00e2teaux de Roskilde, Frederiksborg et Kronborg","description":"Visite priv\u00e9e des ch\u00e2teaux de Roskilde, Frederiksborg et Kronborg. Explorez les paysages avec cette visite priv\u00e9e avec un guide et un v\u00e9hicule priv\u00e9 avec chauffeur.","robots":{"index":"index","follow":"follow","max-snippet":"max-snippet:-1","max-image-preview":"max-image-preview:large","max-video-preview":"max-video-preview:-1"},"canonical":"https:\/\/tourtravelandmore.com\/fr\/tours\/danemark-fr\/copenhague-fr\/all-private-tours-activities-fr-9\/visite-privee-du-chateau-de-frederiksborg-au-depart-de-copenhague-copy\/","og_locale":"fr_FR","og_type":"article","og_title":"Visite priv\u00e9e des ch\u00e2teaux de Roskilde, Frederiksborg et Kronborg","og_description":"Visite priv\u00e9e des ch\u00e2teaux de Roskilde, Frederiksborg et Kronborg. Explorez les paysages avec cette visite priv\u00e9e avec un guide et un v\u00e9hicule priv\u00e9 avec chauffeur.","og_url":"https:\/\/tourtravelandmore.com\/fr\/tours\/danemark-fr\/copenhague-fr\/all-private-tours-activities-fr-9\/visite-privee-du-chateau-de-frederiksborg-au-depart-de-copenhague-copy\/","og_site_name":"Tour Travel And More","article_publisher":"https:\/\/www.facebook.com\/tourtravelandmore\/","article_modified_time":"2024-02-28T18:48:07+00:00","og_image":[{"width":1280,"height":960,"url":"https:\/\/tourtravelandmore.com\/wp-content\/uploads\/2024\/02\/pexels-ivan-drazic-8874605.jpg","type":"image\/jpeg"}],"twitter_card":"summary_large_image","twitter_site":"@TourTravel_More","twitter_misc":{"Dur\u00e9e de lecture estim\u00e9e":"3 minutes"},"schema":{"@context":"https:\/\/schema.org","@graph":[{"@type":"WebPage","@id":"https:\/\/tourtravelandmore.com\/fr\/tours\/danemark-fr\/copenhague-fr\/all-private-tours-activities-fr-9\/visite-privee-du-chateau-de-frederiksborg-au-depart-de-copenhague-copy\/","url":"https:\/\/tourtravelandmore.com\/fr\/tours\/danemark-fr\/copenhague-fr\/all-private-tours-activities-fr-9\/visite-privee-du-chateau-de-frederiksborg-au-depart-de-copenhague-copy\/","name":"Visite priv\u00e9e des ch\u00e2teaux de Roskilde, Frederiksborg et Kronborg","isPartOf":{"@id":"https:\/\/tourtravelandmore.com\/fr\/#website"},"primaryImageOfPage":{"@id":"https:\/\/tourtravelandmore.com\/fr\/tours\/danemark-fr\/copenhague-fr\/all-private-tours-activities-fr-9\/visite-privee-du-chateau-de-frederiksborg-au-depart-de-copenhague-copy\/#primaryimage"},"image":{"@id":"https:\/\/tourtravelandmore.com\/fr\/tours\/danemark-fr\/copenhague-fr\/all-private-tours-activities-fr-9\/visite-privee-du-chateau-de-frederiksborg-au-depart-de-copenhague-copy\/#primaryimage"},"thumbnailUrl":"https:\/\/tourtravelandmore.com\/wp-content\/uploads\/2024\/02\/pexels-ivan-drazic-8874605.jpg","datePublished":"2024-02-28T18:37:30+00:00","dateModified":"2024-02-28T18:48:07+00:00","description":"Visite priv\u00e9e des ch\u00e2teaux de Roskilde, Frederiksborg et Kronborg. Explorez les paysages avec cette visite priv\u00e9e avec un guide et un v\u00e9hicule priv\u00e9 avec chauffeur.","breadcrumb":{"@id":"https:\/\/tourtravelandmore.com\/fr\/tours\/danemark-fr\/copenhague-fr\/all-private-tours-activities-fr-9\/visite-privee-du-chateau-de-frederiksborg-au-depart-de-copenhague-copy\/#breadcrumb"},"inLanguage":"fr-FR","potentialAction":[{"@type":"ReadAction","target":["https:\/\/tourtravelandmore.com\/fr\/tours\/danemark-fr\/copenhague-fr\/all-private-tours-activities-fr-9\/visite-privee-du-chateau-de-frederiksborg-au-depart-de-copenhague-copy\/"]}]},{"@type":"ImageObject","inLanguage":"fr-FR","@id":"https:\/\/tourtravelandmore.com\/fr\/tours\/danemark-fr\/copenhague-fr\/all-private-tours-activities-fr-9\/visite-privee-du-chateau-de-frederiksborg-au-depart-de-copenhague-copy\/#primaryimage","url":"https:\/\/tourtravelandmore.com\/wp-content\/uploads\/2024\/02\/pexels-ivan-drazic-8874605.jpg","contentUrl":"https:\/\/tourtravelandmore.com\/wp-content\/uploads\/2024\/02\/pexels-ivan-drazic-8874605.jpg","width":1280,"height":960},{"@type":"BreadcrumbList","@id":"https:\/\/tourtravelandmore.com\/fr\/tours\/danemark-fr\/copenhague-fr\/all-private-tours-activities-fr-9\/visite-privee-du-chateau-de-frederiksborg-au-depart-de-copenhague-copy\/#breadcrumb","itemListElement":[{"@type":"ListItem","position":1,"name":"Home","item":"https:\/\/tourtravelandmore.com\/fr\/"},{"@type":"ListItem","position":2,"name":"Tours","item":"https:\/\/tourtravelandmore.com\/fr\/tours\/"},{"@type":"ListItem","position":3,"name":"Visite priv\u00e9e des ch\u00e2teaux de Roskilde, Frederiksborg et Kronborg"}]},{"@type":"WebSite","@id":"https:\/\/tourtravelandmore.com\/fr\/#website","url":"https:\/\/tourtravelandmore.com\/fr\/","name":"Tour Travel And More","description":"Private sightseeing tours and luxury transfers in Spain","publisher":{"@id":"https:\/\/tourtravelandmore.com\/fr\/#organization"},"potentialAction":[{"@type":"SearchAction","target":{"@type":"EntryPoint","urlTemplate":"https:\/\/tourtravelandmore.com\/fr\/?s={search_term_string}"},"query-input":{"@type":"PropertyValueSpecification","valueRequired":true,"valueName":"search_term_string"}}],"inLanguage":"fr-FR"},{"@type":"Organization","@id":"https:\/\/tourtravelandmore.com\/fr\/#organization","name":"Tour Travel And More","url":"https:\/\/tourtravelandmore.com\/fr\/","logo":{"@type":"ImageObject","inLanguage":"fr-FR","@id":"https:\/\/tourtravelandmore.com\/fr\/#\/schema\/logo\/image\/","url":"https:\/\/tourtravelandmore.com\/wp-content\/uploads\/2022\/12\/cropped-logo-cabecera-new.png","contentUrl":"https:\/\/tourtravelandmore.com\/wp-content\/uploads\/2022\/12\/cropped-logo-cabecera-new.png","width":430,"height":61,"caption":"Tour Travel And More"},"image":{"@id":"https:\/\/tourtravelandmore.com\/fr\/#\/schema\/logo\/image\/"},"sameAs":["https:\/\/www.facebook.com\/tourtravelandmore\/","https:\/\/x.com\/TourTravel_More"]}]}},"_links":{"self":[{"href":"https:\/\/tourtravelandmore.com\/fr\/wp-json\/wp\/v2\/product\/172882","targetHints":{"allow":["GET"]}}],"collection":[{"href":"https:\/\/tourtravelandmore.com\/fr\/wp-json\/wp\/v2\/product"}],"about":[{"href":"https:\/\/tourtravelandmore.com\/fr\/wp-json\/wp\/v2\/types\/product"}],"replies":[{"embeddable":true,"href":"https:\/\/tourtravelandmore.com\/fr\/wp-json\/wp\/v2\/comments?post=172882"}],"wp:featuredmedia":[{"embeddable":true,"href":"https:\/\/tourtravelandmore.com\/fr\/wp-json\/wp\/v2\/media\/172894"}],"wp:attachment":[{"href":"https:\/\/tourtravelandmore.com\/fr\/wp-json\/wp\/v2\/media?parent=172882"}],"wp:term":[{"taxonomy":"product_brand","embeddable":true,"href":"https:\/\/tourtravelandmore.com\/fr\/wp-json\/wp\/v2\/product_brand?post=172882"},{"taxonomy":"product_cat","embeddable":true,"href":"https:\/\/tourtravelandmore.com\/fr\/wp-json\/wp\/v2\/product_cat?post=172882"},{"taxonomy":"product_tag","embeddable":true,"href":"https:\/\/tourtravelandmore.com\/fr\/wp-json\/wp\/v2\/product_tag?post=172882"}],"curies":[{"name":"wp","href":"https:\/\/api.w.org\/{rel}","templated":true}]}}