{"id":172846,"date":"2024-02-28T15:03:37","date_gmt":"2024-02-28T14:03:44","guid":{"rendered":"https:\/\/tourtravelandmore.com\/?post_type=product&#038;p=172846"},"modified":"2024-03-13T16:47:36","modified_gmt":"2024-03-13T15:47:36","slug":"visite-privee-de-san-juan-de-luz-hondarribia-depuis-san-sebastian","status":"publish","type":"product","link":"https:\/\/tourtravelandmore.com\/fr\/tours\/espagne-fr\/san-sebastian-fr\/toutes-les-visites-et-activites-privees-fr-7\/visite-privee-de-san-juan-de-luz-hondarribia-depuis-san-sebastian\/","title":{"rendered":"Visite priv\u00e9e de San Juan de Luz et Hondarribia depuis Saint-S\u00e9bastien"},"content":{"rendered":"<h2>Visite priv\u00e9e de San Juan de Luz et Hondarribia depuis Saint-S\u00e9bastien Description :<\/h2>\n<p>Cette visite priv\u00e9e exclusive de San Juan de Luz et Hondarribia au d\u00e9part de Saint-S\u00e9bastien vous fera d\u00e9couvrir les charmantes villes c\u00f4ti\u00e8res de San Juan de Luz et Hondarribia. Vous profiterez d&#8217;une visite confortable et personnalis\u00e9e pour d\u00e9couvrir la richesse de l&#8217;histoire, de la culture et des paysages uniques de ces deux joyaux du Pays basque.<\/p>\n<p>Cette excursion vous fera vivre une exp\u00e9rience inoubliable, alliant la beaut\u00e9 naturelle, l&#8217;histoire et la d\u00e9licieuse gastronomie de la r\u00e9gion basque et fran\u00e7aise. Pr\u00e9parez-vous \u00e0 vous immerger dans la v\u00e9ritable essence de Saint-Jean-de-Luz et Hondarribia depuis Saint-S\u00e9bastien avec Tour Travel &amp; More !<\/p>\n<p>Apr\u00e8s avoir profit\u00e9 de ces deux merveilleuses villes, nous retournerons \u00e0 Saint-S\u00e9bastien, o\u00f9 nous vous d\u00e9poserons \u00e0 votre h\u00f4tel ou \u00e0 un endroit convenu dans la ville.<\/p>\n<h2>Points d&#8217;int\u00e9r\u00eat :<\/h2>\n<p>Notre guide expert et notre chauffeur priv\u00e9 viendront vous chercher \u00e0 votre h\u00f4tel ou \u00e0 un endroit convenu dans Saint-S\u00e9bastien. Nous continuerons notre voyage vers St Jean de Luz, une charmante ville de bord de mer dans la partie fran\u00e7aise du Pays basque. En chemin, vous pourrez admirer les vues \u00e9poustouflantes de la c\u00f4te basque.<\/p>\n<p>Une fois \u00e0 St Jean de Luz, nous nous prom\u00e8nerons dans ses rues pav\u00e9es et d\u00e9couvrirons sa riche histoire en tant qu&#8217;ancien port de p\u00eache \u00e0 la baleine et son importance dans les \u00e9v\u00e9nements historiques. L&#8217;\u00e9glise Saint-Jean-Baptiste, la place Louis XIV et le charmant port de p\u00eache sont parmi les points forts de la ville.<\/p>\n<p>Apr\u00e8s la visite de St Jean de Luz, nous nous dirigerons vers Hondarribia, une pittoresque ville fortifi\u00e9e sur la c\u00f4te espagnole. Le trajet entre les deux villes vous permettra d&#8217;appr\u00e9cier la diversit\u00e9 des paysages de la r\u00e9gion.<\/p>\n<p>\u00c0 l&#8217;arriv\u00e9e \u00e0 Hondarribia, nous entrerons dans sa vieille ville fortifi\u00e9e et nous nous prom\u00e8nerons dans ses rues \u00e9troites charg\u00e9es d&#8217;histoire. Le ch\u00e2teau de Charles Quint, la Plaza de Armas et le charmant quartier des p\u00eacheurs sont parmi les points forts de la ville.<\/p>\n<p>Explorez Saint-S\u00e9bastien et ses merveilles environnantes en profondeur avec Tour Travel and More. Notre s\u00e9lection de circuits priv\u00e9s, tri\u00e9s sur le volet, est con\u00e7ue pour r\u00e9pondre \u00e0 vos pr\u00e9f\u00e9rences uniques et vous garantir une exp\u00e9rience inoubliable dans cette r\u00e9gion pittoresque. Visitez notre site Web \u00e0 Tour Travel and More pour d\u00e9couvrir la gamme compl\u00e8te des visites exclusives que nous proposons. Laissez-nous vous guider \u00e0 travers les charmantes rues de Saint Jean de Luz, le c\u0153ur historique de Hondarribia et au-del\u00e0, en vous promettant un voyage intime et personnalis\u00e9 \u00e0 travers la splendeur du nord de l&#8217;Espagne.<\/p>\n","protected":false},"excerpt":{"rendered":"<p><span style=\"font-weight: 400;\">Rejoignez-nous pour une visite priv\u00e9e de 5 heures de San Sebasti\u00e1n aux villes captivantes de San Juan de Luz et Hondarribia. Plongez dans l&#8217;histoire de la r\u00e9gion basque, d\u00e9couvrez une architecture \u00e9tonnante et savourez les saveurs locales, le tout sous la houlette de nos guides experts. Ce circuit promet une exp\u00e9rience exclusive et enrichissante, d\u00e9voilant le charme de ces deux destinations embl\u00e9matiques.<\/span><\/p>\n","protected":false},"featured_media":172857,"comment_status":"open","ping_status":"closed","template":"","meta":{"_acf_changed":false},"product_brand":[],"product_cat":[5085,5084,3647],"product_tag":[],"class_list":{"0":"post-172846","1":"product","2":"type-product","3":"status-publish","4":"has-post-thumbnail","6":"product_cat-excursions-privees-dune-journee-fr-6","7":"product_cat-toutes-les-visites-et-activites-privees-fr-7","8":"product_cat-san-sebastian-fr","10":"first","11":"instock","12":"shipping-taxable","13":"purchasable","14":"product-type-simple"},"acf":[],"yoast_head":"<!-- This site is optimized with the Yoast SEO Premium plugin v25.3.1 (Yoast SEO v25.3.1) - https:\/\/yoast.com\/wordpress\/plugins\/seo\/ -->\n<title>\u27a1\ufe0f Visite priv\u00e9e de San Juan de Luz et Hondarribia depuis Saint-S\u00e9bastien<\/title>\n<meta name=\"description\" content=\"D\u00e9couvrez les joyaux cach\u00e9s de San Juan de Luz et Hondarribia lors d&#039;une visite priv\u00e9e de 5 heures au d\u00e9part de San Sebasti\u00e1n. Une culture et une histoire uniques vous attendent ! \u2705\" \/>\n<meta name=\"robots\" content=\"index, follow, max-snippet:-1, max-image-preview:large, max-video-preview:-1\" \/>\n<link rel=\"canonical\" href=\"https:\/\/tourtravelandmore.com\/fr\/tours\/espagne-fr\/san-sebastian-fr\/toutes-les-visites-et-activites-privees-fr-7\/visite-privee-de-san-juan-de-luz-hondarribia-depuis-san-sebastian\/\" \/>\n<meta property=\"og:locale\" content=\"fr_FR\" \/>\n<meta property=\"og:type\" content=\"article\" \/>\n<meta property=\"og:title\" content=\"Visite priv\u00e9e de San Juan de Luz et Hondarribia depuis Saint-S\u00e9bastien\" \/>\n<meta property=\"og:description\" content=\"D\u00e9couvrez les joyaux cach\u00e9s de San Juan de Luz et Hondarribia lors d&#039;une visite priv\u00e9e de 5 heures au d\u00e9part de San Sebasti\u00e1n. Une culture et une histoire uniques vous attendent ! \u2705\" \/>\n<meta property=\"og:url\" content=\"https:\/\/tourtravelandmore.com\/fr\/tours\/espagne-fr\/san-sebastian-fr\/toutes-les-visites-et-activites-privees-fr-7\/visite-privee-de-san-juan-de-luz-hondarribia-depuis-san-sebastian\/\" \/>\n<meta property=\"og:site_name\" content=\"Tour Travel And More\" \/>\n<meta property=\"article:publisher\" content=\"https:\/\/www.facebook.com\/tourtravelandmore\/\" \/>\n<meta property=\"article:modified_time\" content=\"2024-03-13T15:47:36+00:00\" \/>\n<meta property=\"og:image\" content=\"https:\/\/tourtravelandmore.com\/wp-content\/uploads\/2024\/02\/image1-7.jpg\" \/>\n\t<meta property=\"og:image:width\" content=\"950\" \/>\n\t<meta property=\"og:image:height\" content=\"750\" \/>\n\t<meta property=\"og:image:type\" content=\"image\/jpeg\" \/>\n<meta name=\"twitter:card\" content=\"summary_large_image\" \/>\n<meta name=\"twitter:site\" content=\"@TourTravel_More\" \/>\n<meta name=\"twitter:label1\" content=\"Dur\u00e9e de lecture estim\u00e9e\" \/>\n\t<meta name=\"twitter:data1\" content=\"4 minutes\" \/>\n<script type=\"application\/ld+json\" class=\"yoast-schema-graph\">{\"@context\":\"https:\/\/schema.org\",\"@graph\":[{\"@type\":\"WebPage\",\"@id\":\"https:\/\/tourtravelandmore.com\/fr\/tours\/espagne-fr\/san-sebastian-fr\/toutes-les-visites-et-activites-privees-fr-7\/visite-privee-de-san-juan-de-luz-hondarribia-depuis-san-sebastian\/\",\"url\":\"https:\/\/tourtravelandmore.com\/fr\/tours\/espagne-fr\/san-sebastian-fr\/toutes-les-visites-et-activites-privees-fr-7\/visite-privee-de-san-juan-de-luz-hondarribia-depuis-san-sebastian\/\",\"name\":\"\u27a1\ufe0f Visite priv\u00e9e de San Juan de Luz et Hondarribia depuis Saint-S\u00e9bastien\",\"isPartOf\":{\"@id\":\"https:\/\/tourtravelandmore.com\/fr\/#website\"},\"primaryImageOfPage\":{\"@id\":\"https:\/\/tourtravelandmore.com\/fr\/tours\/espagne-fr\/san-sebastian-fr\/toutes-les-visites-et-activites-privees-fr-7\/visite-privee-de-san-juan-de-luz-hondarribia-depuis-san-sebastian\/#primaryimage\"},\"image\":{\"@id\":\"https:\/\/tourtravelandmore.com\/fr\/tours\/espagne-fr\/san-sebastian-fr\/toutes-les-visites-et-activites-privees-fr-7\/visite-privee-de-san-juan-de-luz-hondarribia-depuis-san-sebastian\/#primaryimage\"},\"thumbnailUrl\":\"https:\/\/tourtravelandmore.com\/wp-content\/uploads\/2024\/02\/image1-7.jpg\",\"datePublished\":\"2024-02-28T14:03:44+00:00\",\"dateModified\":\"2024-03-13T15:47:36+00:00\",\"description\":\"D\u00e9couvrez les joyaux cach\u00e9s de San Juan de Luz et Hondarribia lors d'une visite priv\u00e9e de 5 heures au d\u00e9part de San Sebasti\u00e1n. Une culture et une histoire uniques vous attendent ! \u2705\",\"breadcrumb\":{\"@id\":\"https:\/\/tourtravelandmore.com\/fr\/tours\/espagne-fr\/san-sebastian-fr\/toutes-les-visites-et-activites-privees-fr-7\/visite-privee-de-san-juan-de-luz-hondarribia-depuis-san-sebastian\/#breadcrumb\"},\"inLanguage\":\"fr-FR\",\"potentialAction\":[{\"@type\":\"ReadAction\",\"target\":[\"https:\/\/tourtravelandmore.com\/fr\/tours\/espagne-fr\/san-sebastian-fr\/toutes-les-visites-et-activites-privees-fr-7\/visite-privee-de-san-juan-de-luz-hondarribia-depuis-san-sebastian\/\"]}]},{\"@type\":\"ImageObject\",\"inLanguage\":\"fr-FR\",\"@id\":\"https:\/\/tourtravelandmore.com\/fr\/tours\/espagne-fr\/san-sebastian-fr\/toutes-les-visites-et-activites-privees-fr-7\/visite-privee-de-san-juan-de-luz-hondarribia-depuis-san-sebastian\/#primaryimage\",\"url\":\"https:\/\/tourtravelandmore.com\/wp-content\/uploads\/2024\/02\/image1-7.jpg\",\"contentUrl\":\"https:\/\/tourtravelandmore.com\/wp-content\/uploads\/2024\/02\/image1-7.jpg\",\"width\":950,\"height\":750},{\"@type\":\"BreadcrumbList\",\"@id\":\"https:\/\/tourtravelandmore.com\/fr\/tours\/espagne-fr\/san-sebastian-fr\/toutes-les-visites-et-activites-privees-fr-7\/visite-privee-de-san-juan-de-luz-hondarribia-depuis-san-sebastian\/#breadcrumb\",\"itemListElement\":[{\"@type\":\"ListItem\",\"position\":1,\"name\":\"Home\",\"item\":\"https:\/\/tourtravelandmore.com\/fr\/\"},{\"@type\":\"ListItem\",\"position\":2,\"name\":\"Tours\",\"item\":\"https:\/\/tourtravelandmore.com\/fr\/tours\/\"},{\"@type\":\"ListItem\",\"position\":3,\"name\":\"Visite priv\u00e9e de San Juan de Luz et Hondarribia depuis Saint-S\u00e9bastien\"}]},{\"@type\":\"WebSite\",\"@id\":\"https:\/\/tourtravelandmore.com\/fr\/#website\",\"url\":\"https:\/\/tourtravelandmore.com\/fr\/\",\"name\":\"Tour Travel And More\",\"description\":\"Private sightseeing tours and luxury transfers in Spain\",\"publisher\":{\"@id\":\"https:\/\/tourtravelandmore.com\/fr\/#organization\"},\"potentialAction\":[{\"@type\":\"SearchAction\",\"target\":{\"@type\":\"EntryPoint\",\"urlTemplate\":\"https:\/\/tourtravelandmore.com\/fr\/?s={search_term_string}\"},\"query-input\":{\"@type\":\"PropertyValueSpecification\",\"valueRequired\":true,\"valueName\":\"search_term_string\"}}],\"inLanguage\":\"fr-FR\"},{\"@type\":\"Organization\",\"@id\":\"https:\/\/tourtravelandmore.com\/fr\/#organization\",\"name\":\"Tour Travel And More\",\"url\":\"https:\/\/tourtravelandmore.com\/fr\/\",\"logo\":{\"@type\":\"ImageObject\",\"inLanguage\":\"fr-FR\",\"@id\":\"https:\/\/tourtravelandmore.com\/fr\/#\/schema\/logo\/image\/\",\"url\":\"https:\/\/tourtravelandmore.com\/wp-content\/uploads\/2022\/12\/cropped-logo-cabecera-new.png\",\"contentUrl\":\"https:\/\/tourtravelandmore.com\/wp-content\/uploads\/2022\/12\/cropped-logo-cabecera-new.png\",\"width\":430,\"height\":61,\"caption\":\"Tour Travel And More\"},\"image\":{\"@id\":\"https:\/\/tourtravelandmore.com\/fr\/#\/schema\/logo\/image\/\"},\"sameAs\":[\"https:\/\/www.facebook.com\/tourtravelandmore\/\",\"https:\/\/x.com\/TourTravel_More\"]}]}<\/script>\n<!-- \/ Yoast SEO Premium plugin. -->","yoast_head_json":{"title":"\u27a1\ufe0f Visite priv\u00e9e de San Juan de Luz et Hondarribia depuis Saint-S\u00e9bastien","description":"D\u00e9couvrez les joyaux cach\u00e9s de San Juan de Luz et Hondarribia lors d'une visite priv\u00e9e de 5 heures au d\u00e9part de San Sebasti\u00e1n. Une culture et une histoire uniques vous attendent ! \u2705","robots":{"index":"index","follow":"follow","max-snippet":"max-snippet:-1","max-image-preview":"max-image-preview:large","max-video-preview":"max-video-preview:-1"},"canonical":"https:\/\/tourtravelandmore.com\/fr\/tours\/espagne-fr\/san-sebastian-fr\/toutes-les-visites-et-activites-privees-fr-7\/visite-privee-de-san-juan-de-luz-hondarribia-depuis-san-sebastian\/","og_locale":"fr_FR","og_type":"article","og_title":"Visite priv\u00e9e de San Juan de Luz et Hondarribia depuis Saint-S\u00e9bastien","og_description":"D\u00e9couvrez les joyaux cach\u00e9s de San Juan de Luz et Hondarribia lors d'une visite priv\u00e9e de 5 heures au d\u00e9part de San Sebasti\u00e1n. Une culture et une histoire uniques vous attendent ! \u2705","og_url":"https:\/\/tourtravelandmore.com\/fr\/tours\/espagne-fr\/san-sebastian-fr\/toutes-les-visites-et-activites-privees-fr-7\/visite-privee-de-san-juan-de-luz-hondarribia-depuis-san-sebastian\/","og_site_name":"Tour Travel And More","article_publisher":"https:\/\/www.facebook.com\/tourtravelandmore\/","article_modified_time":"2024-03-13T15:47:36+00:00","og_image":[{"width":950,"height":750,"url":"https:\/\/tourtravelandmore.com\/wp-content\/uploads\/2024\/02\/image1-7.jpg","type":"image\/jpeg"}],"twitter_card":"summary_large_image","twitter_site":"@TourTravel_More","twitter_misc":{"Dur\u00e9e de lecture estim\u00e9e":"4 minutes"},"schema":{"@context":"https:\/\/schema.org","@graph":[{"@type":"WebPage","@id":"https:\/\/tourtravelandmore.com\/fr\/tours\/espagne-fr\/san-sebastian-fr\/toutes-les-visites-et-activites-privees-fr-7\/visite-privee-de-san-juan-de-luz-hondarribia-depuis-san-sebastian\/","url":"https:\/\/tourtravelandmore.com\/fr\/tours\/espagne-fr\/san-sebastian-fr\/toutes-les-visites-et-activites-privees-fr-7\/visite-privee-de-san-juan-de-luz-hondarribia-depuis-san-sebastian\/","name":"\u27a1\ufe0f Visite priv\u00e9e de San Juan de Luz et Hondarribia depuis Saint-S\u00e9bastien","isPartOf":{"@id":"https:\/\/tourtravelandmore.com\/fr\/#website"},"primaryImageOfPage":{"@id":"https:\/\/tourtravelandmore.com\/fr\/tours\/espagne-fr\/san-sebastian-fr\/toutes-les-visites-et-activites-privees-fr-7\/visite-privee-de-san-juan-de-luz-hondarribia-depuis-san-sebastian\/#primaryimage"},"image":{"@id":"https:\/\/tourtravelandmore.com\/fr\/tours\/espagne-fr\/san-sebastian-fr\/toutes-les-visites-et-activites-privees-fr-7\/visite-privee-de-san-juan-de-luz-hondarribia-depuis-san-sebastian\/#primaryimage"},"thumbnailUrl":"https:\/\/tourtravelandmore.com\/wp-content\/uploads\/2024\/02\/image1-7.jpg","datePublished":"2024-02-28T14:03:44+00:00","dateModified":"2024-03-13T15:47:36+00:00","description":"D\u00e9couvrez les joyaux cach\u00e9s de San Juan de Luz et Hondarribia lors d'une visite priv\u00e9e de 5 heures au d\u00e9part de San Sebasti\u00e1n. Une culture et une histoire uniques vous attendent ! \u2705","breadcrumb":{"@id":"https:\/\/tourtravelandmore.com\/fr\/tours\/espagne-fr\/san-sebastian-fr\/toutes-les-visites-et-activites-privees-fr-7\/visite-privee-de-san-juan-de-luz-hondarribia-depuis-san-sebastian\/#breadcrumb"},"inLanguage":"fr-FR","potentialAction":[{"@type":"ReadAction","target":["https:\/\/tourtravelandmore.com\/fr\/tours\/espagne-fr\/san-sebastian-fr\/toutes-les-visites-et-activites-privees-fr-7\/visite-privee-de-san-juan-de-luz-hondarribia-depuis-san-sebastian\/"]}]},{"@type":"ImageObject","inLanguage":"fr-FR","@id":"https:\/\/tourtravelandmore.com\/fr\/tours\/espagne-fr\/san-sebastian-fr\/toutes-les-visites-et-activites-privees-fr-7\/visite-privee-de-san-juan-de-luz-hondarribia-depuis-san-sebastian\/#primaryimage","url":"https:\/\/tourtravelandmore.com\/wp-content\/uploads\/2024\/02\/image1-7.jpg","contentUrl":"https:\/\/tourtravelandmore.com\/wp-content\/uploads\/2024\/02\/image1-7.jpg","width":950,"height":750},{"@type":"BreadcrumbList","@id":"https:\/\/tourtravelandmore.com\/fr\/tours\/espagne-fr\/san-sebastian-fr\/toutes-les-visites-et-activites-privees-fr-7\/visite-privee-de-san-juan-de-luz-hondarribia-depuis-san-sebastian\/#breadcrumb","itemListElement":[{"@type":"ListItem","position":1,"name":"Home","item":"https:\/\/tourtravelandmore.com\/fr\/"},{"@type":"ListItem","position":2,"name":"Tours","item":"https:\/\/tourtravelandmore.com\/fr\/tours\/"},{"@type":"ListItem","position":3,"name":"Visite priv\u00e9e de San Juan de Luz et Hondarribia depuis Saint-S\u00e9bastien"}]},{"@type":"WebSite","@id":"https:\/\/tourtravelandmore.com\/fr\/#website","url":"https:\/\/tourtravelandmore.com\/fr\/","name":"Tour Travel And More","description":"Private sightseeing tours and luxury transfers in Spain","publisher":{"@id":"https:\/\/tourtravelandmore.com\/fr\/#organization"},"potentialAction":[{"@type":"SearchAction","target":{"@type":"EntryPoint","urlTemplate":"https:\/\/tourtravelandmore.com\/fr\/?s={search_term_string}"},"query-input":{"@type":"PropertyValueSpecification","valueRequired":true,"valueName":"search_term_string"}}],"inLanguage":"fr-FR"},{"@type":"Organization","@id":"https:\/\/tourtravelandmore.com\/fr\/#organization","name":"Tour Travel And More","url":"https:\/\/tourtravelandmore.com\/fr\/","logo":{"@type":"ImageObject","inLanguage":"fr-FR","@id":"https:\/\/tourtravelandmore.com\/fr\/#\/schema\/logo\/image\/","url":"https:\/\/tourtravelandmore.com\/wp-content\/uploads\/2022\/12\/cropped-logo-cabecera-new.png","contentUrl":"https:\/\/tourtravelandmore.com\/wp-content\/uploads\/2022\/12\/cropped-logo-cabecera-new.png","width":430,"height":61,"caption":"Tour Travel And More"},"image":{"@id":"https:\/\/tourtravelandmore.com\/fr\/#\/schema\/logo\/image\/"},"sameAs":["https:\/\/www.facebook.com\/tourtravelandmore\/","https:\/\/x.com\/TourTravel_More"]}]}},"_links":{"self":[{"href":"https:\/\/tourtravelandmore.com\/fr\/wp-json\/wp\/v2\/product\/172846","targetHints":{"allow":["GET"]}}],"collection":[{"href":"https:\/\/tourtravelandmore.com\/fr\/wp-json\/wp\/v2\/product"}],"about":[{"href":"https:\/\/tourtravelandmore.com\/fr\/wp-json\/wp\/v2\/types\/product"}],"replies":[{"embeddable":true,"href":"https:\/\/tourtravelandmore.com\/fr\/wp-json\/wp\/v2\/comments?post=172846"}],"wp:featuredmedia":[{"embeddable":true,"href":"https:\/\/tourtravelandmore.com\/fr\/wp-json\/wp\/v2\/media\/172857"}],"wp:attachment":[{"href":"https:\/\/tourtravelandmore.com\/fr\/wp-json\/wp\/v2\/media?parent=172846"}],"wp:term":[{"taxonomy":"product_brand","embeddable":true,"href":"https:\/\/tourtravelandmore.com\/fr\/wp-json\/wp\/v2\/product_brand?post=172846"},{"taxonomy":"product_cat","embeddable":true,"href":"https:\/\/tourtravelandmore.com\/fr\/wp-json\/wp\/v2\/product_cat?post=172846"},{"taxonomy":"product_tag","embeddable":true,"href":"https:\/\/tourtravelandmore.com\/fr\/wp-json\/wp\/v2\/product_tag?post=172846"}],"curies":[{"name":"wp","href":"https:\/\/api.w.org\/{rel}","templated":true}]}}