{"id":172789,"date":"2024-02-27T11:34:34","date_gmt":"2024-02-27T10:34:37","guid":{"rendered":"https:\/\/tourtravelandmore.com\/?post_type=product&#038;p=172789"},"modified":"2024-03-13T15:49:53","modified_gmt":"2024-03-13T14:49:53","slug":"visite-privee-de-saint-sebastien-getaria-degustation-de-txakoli-a-la-cave","status":"publish","type":"product","link":"https:\/\/tourtravelandmore.com\/fr\/tours\/espagne-fr\/san-sebastian-fr\/toutes-les-visites-et-activites-privees-fr-7\/visite-privee-de-saint-sebastien-getaria-degustation-de-txakoli-a-la-cave\/","title":{"rendered":"Visite priv\u00e9e de Saint-S\u00e9bastien et Getaria avec d\u00e9gustation de Txakoli"},"content":{"rendered":"<h2><b>Visite priv\u00e9e de Saint-S\u00e9bastien et Getaria avec d\u00e9gustation de Txakoli Description :<\/b><\/h2>\n<p>D\u00e9couvrez la culture et la gastronomie basques lors de notre visite priv\u00e9e de Saint-S\u00e9bastien et Getaria avec d\u00e9gustation de Txakoli. La dur\u00e9e est de six heures. Cette visite immersive offre un m\u00e9lange unique de visites touristiques, de d\u00e9gustations de vins et d&#8217;exploration culturelle. Il constituera une exp\u00e9rience m\u00e9morable pour les voyageurs \u00e0 la recherche d&#8217;un go\u00fbt authentique du Pays basque.<\/p>\n<p>Cette visite priv\u00e9e exclusive de 6 heures vous emm\u00e8nera de Saint-S\u00e9bastien \u00e0 la charmante ville de Getaria. Cette derni\u00e8re est c\u00e9l\u00e8bre pour son vin Txakoli et son cadre c\u00f4tier pittoresque. Vous serez accompagn\u00e9 par un guide expert de Tour Travel &amp; More. Il vous fournira des informations d\u00e9taill\u00e9es sur l&#8217;histoire, la culture et la gastronomie de la r\u00e9gion tout au long du trajet.<\/p>\n<p>Cette visite priv\u00e9e de Saint-S\u00e9bastien et Getaria avec d\u00e9gustation de Txakoli est id\u00e9ale pour ceux qui souhaitent une exp\u00e9rience personnalis\u00e9e, avec la flexibilit\u00e9 d&#8217;explorer \u00e0 leur propre rythme et de profiter de ce que la r\u00e9gion basque a de mieux \u00e0 offrir en termes d&#8217;histoire, de paysage et de d\u00e9lices culinaires.<\/p>\n<h2><b>Points forts :<\/b><\/h2>\n<p>Notre chauffeur viendra vous chercher \u00e0 votre h\u00f4tel ou \u00e0 l&#8217;endroit de votre choix \u00e0 Saint-S\u00e9bastien dans un v\u00e9hicule priv\u00e9. En commen\u00e7ant par Saint-S\u00e9bastien, vous visiterez les lieux les plus embl\u00e9matiques de la ville. La Concha, la vieille ville et le march\u00e9 de Bretxa.<\/p>\n<p>Ensuite, vous profiterez d&#8217;un trajet pittoresque d&#8217;environ une heure jusqu&#8217;\u00e0 la magnifique ville baln\u00e9aire de Getaria, situ\u00e9e sur la c\u00f4te basque. Nous nous rendrons \u00e0 Getaria pour visiter une cave Txakoli, en apprendre davantage sur sa production et profiter d&#8217;une d\u00e9gustation. Nous explorerons \u00e9galement le charme de Getaria en nous promenant dans ses rues \u00e9troites et pav\u00e9es. Nous visiterons des sites tels que l&#8217;\u00e9glise de San Salvador et le port de p\u00eache, tout en d\u00e9couvrant la riche histoire maritime de la r\u00e9gion.<\/p>\n<p>Apr\u00e8s avoir appr\u00e9ci\u00e9 la culture et la gastronomie de Getaria, nous retournerons \u00e0 Saint-S\u00e9bastien dans notre v\u00e9hicule priv\u00e9, assurant un voyage confortable et s\u00fbr jusqu&#8217;\u00e0 votre h\u00e9bergement ou votre destination pr\u00e9f\u00e9r\u00e9e dans la ville.<\/p>\n<p><span style=\"font-weight: 400;\">D\u00e9couvrez notre gamme compl\u00e8te de visites priv\u00e9es \u00e0 Saint-S\u00e9bastien et au-del\u00e0, offrant des exp\u00e9riences personnalis\u00e9es adapt\u00e9es \u00e0 vos int\u00e9r\u00eats et pr\u00e9f\u00e9rences. <\/span><a href=\"https:\/\/tourtravelandmore.com\/fr\/city\/espagne-fr\/san-sebastian-fr\/\"><span style=\"font-weight: 400;\">R\u00e9servez votre voyage inoubliable avec Tour Travel and More d\u00e8s aujourd&#8217;hui !<\/span><\/a><\/p>\n","protected":false},"excerpt":{"rendered":"<p><span style=\"font-weight: 400;\">Embarquez pour une visite priv\u00e9e de Saint-S\u00e9bastien, Getaria, et laissez-vous tenter par une d\u00e9gustation de Txakoli dans une cave locale. D\u00e9couvrez la riche histoire et les d\u00e9lices culinaires du Pays basque en explorant de charmantes villes c\u00f4ti\u00e8res, en d\u00e9gustant des pintxos traditionnels et en savourant les saveurs croustillantes du vin Txakoli. Gr\u00e2ce aux conseils d&#8217;experts, aux routes panoramiques et \u00e0 l&#8217;immersion culturelle, ce circuit promet un voyage inoubliable au c\u0153ur de la r\u00e9gion basque.<\/span><\/p>\n","protected":false},"featured_media":172801,"comment_status":"open","ping_status":"closed","template":"","meta":{"_acf_changed":false},"product_brand":[],"product_cat":[5085,5084,5086,3647],"product_tag":[],"class_list":{"0":"post-172789","1":"product","2":"type-product","3":"status-publish","4":"has-post-thumbnail","6":"product_cat-excursions-privees-dune-journee-fr-6","7":"product_cat-toutes-les-visites-et-activites-privees-fr-7","8":"product_cat-visites-guidees-privees-fr-11","9":"product_cat-san-sebastian-fr","11":"first","12":"instock","13":"shipping-taxable","14":"purchasable","15":"product-type-simple"},"acf":[],"yoast_head":"<!-- This site is optimized with the Yoast SEO Premium plugin v25.3.1 (Yoast SEO v25.3.1) - https:\/\/yoast.com\/wordpress\/plugins\/seo\/ -->\n<title>\u27a1\ufe0f Explorez Saint-S\u00e9bastien et Getaria avec d\u00e9gustation de Txakoli | Tour Travel and More \u2705<\/title>\n<meta name=\"description\" content=\"\u27a1\ufe0f Embarquez pour une visite priv\u00e9e de Saint-S\u00e9bastien et de Getaria, avec une d\u00e9licieuse d\u00e9gustation de Txakoli. D\u00e9couvrez le meilleur de la culture et de la cuisine basques ! \u2705\" \/>\n<meta name=\"robots\" content=\"index, follow, max-snippet:-1, max-image-preview:large, max-video-preview:-1\" \/>\n<link rel=\"canonical\" href=\"https:\/\/tourtravelandmore.com\/fr\/tours\/espagne-fr\/san-sebastian-fr\/toutes-les-visites-et-activites-privees-fr-7\/visite-privee-de-saint-sebastien-getaria-degustation-de-txakoli-a-la-cave\/\" \/>\n<meta property=\"og:locale\" content=\"fr_FR\" \/>\n<meta property=\"og:type\" content=\"article\" \/>\n<meta property=\"og:title\" content=\"Visite priv\u00e9e de Saint-S\u00e9bastien et Getaria avec d\u00e9gustation de Txakoli\" \/>\n<meta property=\"og:description\" content=\"\u27a1\ufe0f Embarquez pour une visite priv\u00e9e de Saint-S\u00e9bastien et de Getaria, avec une d\u00e9licieuse d\u00e9gustation de Txakoli. D\u00e9couvrez le meilleur de la culture et de la cuisine basques ! \u2705\" \/>\n<meta property=\"og:url\" content=\"https:\/\/tourtravelandmore.com\/fr\/tours\/espagne-fr\/san-sebastian-fr\/toutes-les-visites-et-activites-privees-fr-7\/visite-privee-de-saint-sebastien-getaria-degustation-de-txakoli-a-la-cave\/\" \/>\n<meta property=\"og:site_name\" content=\"Tour Travel And More\" \/>\n<meta property=\"article:publisher\" content=\"https:\/\/www.facebook.com\/tourtravelandmore\/\" \/>\n<meta property=\"article:modified_time\" content=\"2024-03-13T14:49:53+00:00\" \/>\n<meta property=\"og:image\" content=\"https:\/\/tourtravelandmore.com\/wp-content\/uploads\/2024\/02\/image1-6.jpg\" \/>\n\t<meta property=\"og:image:width\" content=\"950\" \/>\n\t<meta property=\"og:image:height\" content=\"750\" \/>\n\t<meta property=\"og:image:type\" content=\"image\/jpeg\" \/>\n<meta name=\"twitter:card\" content=\"summary_large_image\" \/>\n<meta name=\"twitter:site\" content=\"@TourTravel_More\" \/>\n<meta name=\"twitter:label1\" content=\"Dur\u00e9e de lecture estim\u00e9e\" \/>\n\t<meta name=\"twitter:data1\" content=\"4 minutes\" \/>\n<script type=\"application\/ld+json\" class=\"yoast-schema-graph\">{\"@context\":\"https:\/\/schema.org\",\"@graph\":[{\"@type\":\"WebPage\",\"@id\":\"https:\/\/tourtravelandmore.com\/fr\/tours\/espagne-fr\/san-sebastian-fr\/toutes-les-visites-et-activites-privees-fr-7\/visite-privee-de-saint-sebastien-getaria-degustation-de-txakoli-a-la-cave\/\",\"url\":\"https:\/\/tourtravelandmore.com\/fr\/tours\/espagne-fr\/san-sebastian-fr\/toutes-les-visites-et-activites-privees-fr-7\/visite-privee-de-saint-sebastien-getaria-degustation-de-txakoli-a-la-cave\/\",\"name\":\"\u27a1\ufe0f Explorez Saint-S\u00e9bastien et Getaria avec d\u00e9gustation de Txakoli | Tour Travel and More \u2705\",\"isPartOf\":{\"@id\":\"https:\/\/tourtravelandmore.com\/fr\/#website\"},\"primaryImageOfPage\":{\"@id\":\"https:\/\/tourtravelandmore.com\/fr\/tours\/espagne-fr\/san-sebastian-fr\/toutes-les-visites-et-activites-privees-fr-7\/visite-privee-de-saint-sebastien-getaria-degustation-de-txakoli-a-la-cave\/#primaryimage\"},\"image\":{\"@id\":\"https:\/\/tourtravelandmore.com\/fr\/tours\/espagne-fr\/san-sebastian-fr\/toutes-les-visites-et-activites-privees-fr-7\/visite-privee-de-saint-sebastien-getaria-degustation-de-txakoli-a-la-cave\/#primaryimage\"},\"thumbnailUrl\":\"https:\/\/tourtravelandmore.com\/wp-content\/uploads\/2024\/02\/image1-6.jpg\",\"datePublished\":\"2024-02-27T10:34:37+00:00\",\"dateModified\":\"2024-03-13T14:49:53+00:00\",\"description\":\"\u27a1\ufe0f Embarquez pour une visite priv\u00e9e de Saint-S\u00e9bastien et de Getaria, avec une d\u00e9licieuse d\u00e9gustation de Txakoli. D\u00e9couvrez le meilleur de la culture et de la cuisine basques ! \u2705\",\"breadcrumb\":{\"@id\":\"https:\/\/tourtravelandmore.com\/fr\/tours\/espagne-fr\/san-sebastian-fr\/toutes-les-visites-et-activites-privees-fr-7\/visite-privee-de-saint-sebastien-getaria-degustation-de-txakoli-a-la-cave\/#breadcrumb\"},\"inLanguage\":\"fr-FR\",\"potentialAction\":[{\"@type\":\"ReadAction\",\"target\":[\"https:\/\/tourtravelandmore.com\/fr\/tours\/espagne-fr\/san-sebastian-fr\/toutes-les-visites-et-activites-privees-fr-7\/visite-privee-de-saint-sebastien-getaria-degustation-de-txakoli-a-la-cave\/\"]}]},{\"@type\":\"ImageObject\",\"inLanguage\":\"fr-FR\",\"@id\":\"https:\/\/tourtravelandmore.com\/fr\/tours\/espagne-fr\/san-sebastian-fr\/toutes-les-visites-et-activites-privees-fr-7\/visite-privee-de-saint-sebastien-getaria-degustation-de-txakoli-a-la-cave\/#primaryimage\",\"url\":\"https:\/\/tourtravelandmore.com\/wp-content\/uploads\/2024\/02\/image1-6.jpg\",\"contentUrl\":\"https:\/\/tourtravelandmore.com\/wp-content\/uploads\/2024\/02\/image1-6.jpg\",\"width\":950,\"height\":750},{\"@type\":\"BreadcrumbList\",\"@id\":\"https:\/\/tourtravelandmore.com\/fr\/tours\/espagne-fr\/san-sebastian-fr\/toutes-les-visites-et-activites-privees-fr-7\/visite-privee-de-saint-sebastien-getaria-degustation-de-txakoli-a-la-cave\/#breadcrumb\",\"itemListElement\":[{\"@type\":\"ListItem\",\"position\":1,\"name\":\"Home\",\"item\":\"https:\/\/tourtravelandmore.com\/fr\/\"},{\"@type\":\"ListItem\",\"position\":2,\"name\":\"Tours\",\"item\":\"https:\/\/tourtravelandmore.com\/fr\/tours\/\"},{\"@type\":\"ListItem\",\"position\":3,\"name\":\"Visite priv\u00e9e de Saint-S\u00e9bastien et Getaria avec d\u00e9gustation de Txakoli\"}]},{\"@type\":\"WebSite\",\"@id\":\"https:\/\/tourtravelandmore.com\/fr\/#website\",\"url\":\"https:\/\/tourtravelandmore.com\/fr\/\",\"name\":\"Tour Travel And More\",\"description\":\"Private sightseeing tours and luxury transfers in Spain\",\"publisher\":{\"@id\":\"https:\/\/tourtravelandmore.com\/fr\/#organization\"},\"potentialAction\":[{\"@type\":\"SearchAction\",\"target\":{\"@type\":\"EntryPoint\",\"urlTemplate\":\"https:\/\/tourtravelandmore.com\/fr\/?s={search_term_string}\"},\"query-input\":{\"@type\":\"PropertyValueSpecification\",\"valueRequired\":true,\"valueName\":\"search_term_string\"}}],\"inLanguage\":\"fr-FR\"},{\"@type\":\"Organization\",\"@id\":\"https:\/\/tourtravelandmore.com\/fr\/#organization\",\"name\":\"Tour Travel And More\",\"url\":\"https:\/\/tourtravelandmore.com\/fr\/\",\"logo\":{\"@type\":\"ImageObject\",\"inLanguage\":\"fr-FR\",\"@id\":\"https:\/\/tourtravelandmore.com\/fr\/#\/schema\/logo\/image\/\",\"url\":\"https:\/\/tourtravelandmore.com\/wp-content\/uploads\/2022\/12\/cropped-logo-cabecera-new.png\",\"contentUrl\":\"https:\/\/tourtravelandmore.com\/wp-content\/uploads\/2022\/12\/cropped-logo-cabecera-new.png\",\"width\":430,\"height\":61,\"caption\":\"Tour Travel And More\"},\"image\":{\"@id\":\"https:\/\/tourtravelandmore.com\/fr\/#\/schema\/logo\/image\/\"},\"sameAs\":[\"https:\/\/www.facebook.com\/tourtravelandmore\/\",\"https:\/\/x.com\/TourTravel_More\"]}]}<\/script>\n<!-- \/ Yoast SEO Premium plugin. -->","yoast_head_json":{"title":"\u27a1\ufe0f Explorez Saint-S\u00e9bastien et Getaria avec d\u00e9gustation de Txakoli | Tour Travel and More \u2705","description":"\u27a1\ufe0f Embarquez pour une visite priv\u00e9e de Saint-S\u00e9bastien et de Getaria, avec une d\u00e9licieuse d\u00e9gustation de Txakoli. D\u00e9couvrez le meilleur de la culture et de la cuisine basques ! \u2705","robots":{"index":"index","follow":"follow","max-snippet":"max-snippet:-1","max-image-preview":"max-image-preview:large","max-video-preview":"max-video-preview:-1"},"canonical":"https:\/\/tourtravelandmore.com\/fr\/tours\/espagne-fr\/san-sebastian-fr\/toutes-les-visites-et-activites-privees-fr-7\/visite-privee-de-saint-sebastien-getaria-degustation-de-txakoli-a-la-cave\/","og_locale":"fr_FR","og_type":"article","og_title":"Visite priv\u00e9e de Saint-S\u00e9bastien et Getaria avec d\u00e9gustation de Txakoli","og_description":"\u27a1\ufe0f Embarquez pour une visite priv\u00e9e de Saint-S\u00e9bastien et de Getaria, avec une d\u00e9licieuse d\u00e9gustation de Txakoli. D\u00e9couvrez le meilleur de la culture et de la cuisine basques ! \u2705","og_url":"https:\/\/tourtravelandmore.com\/fr\/tours\/espagne-fr\/san-sebastian-fr\/toutes-les-visites-et-activites-privees-fr-7\/visite-privee-de-saint-sebastien-getaria-degustation-de-txakoli-a-la-cave\/","og_site_name":"Tour Travel And More","article_publisher":"https:\/\/www.facebook.com\/tourtravelandmore\/","article_modified_time":"2024-03-13T14:49:53+00:00","og_image":[{"width":950,"height":750,"url":"https:\/\/tourtravelandmore.com\/wp-content\/uploads\/2024\/02\/image1-6.jpg","type":"image\/jpeg"}],"twitter_card":"summary_large_image","twitter_site":"@TourTravel_More","twitter_misc":{"Dur\u00e9e de lecture estim\u00e9e":"4 minutes"},"schema":{"@context":"https:\/\/schema.org","@graph":[{"@type":"WebPage","@id":"https:\/\/tourtravelandmore.com\/fr\/tours\/espagne-fr\/san-sebastian-fr\/toutes-les-visites-et-activites-privees-fr-7\/visite-privee-de-saint-sebastien-getaria-degustation-de-txakoli-a-la-cave\/","url":"https:\/\/tourtravelandmore.com\/fr\/tours\/espagne-fr\/san-sebastian-fr\/toutes-les-visites-et-activites-privees-fr-7\/visite-privee-de-saint-sebastien-getaria-degustation-de-txakoli-a-la-cave\/","name":"\u27a1\ufe0f Explorez Saint-S\u00e9bastien et Getaria avec d\u00e9gustation de Txakoli | Tour Travel and More \u2705","isPartOf":{"@id":"https:\/\/tourtravelandmore.com\/fr\/#website"},"primaryImageOfPage":{"@id":"https:\/\/tourtravelandmore.com\/fr\/tours\/espagne-fr\/san-sebastian-fr\/toutes-les-visites-et-activites-privees-fr-7\/visite-privee-de-saint-sebastien-getaria-degustation-de-txakoli-a-la-cave\/#primaryimage"},"image":{"@id":"https:\/\/tourtravelandmore.com\/fr\/tours\/espagne-fr\/san-sebastian-fr\/toutes-les-visites-et-activites-privees-fr-7\/visite-privee-de-saint-sebastien-getaria-degustation-de-txakoli-a-la-cave\/#primaryimage"},"thumbnailUrl":"https:\/\/tourtravelandmore.com\/wp-content\/uploads\/2024\/02\/image1-6.jpg","datePublished":"2024-02-27T10:34:37+00:00","dateModified":"2024-03-13T14:49:53+00:00","description":"\u27a1\ufe0f Embarquez pour une visite priv\u00e9e de Saint-S\u00e9bastien et de Getaria, avec une d\u00e9licieuse d\u00e9gustation de Txakoli. D\u00e9couvrez le meilleur de la culture et de la cuisine basques ! \u2705","breadcrumb":{"@id":"https:\/\/tourtravelandmore.com\/fr\/tours\/espagne-fr\/san-sebastian-fr\/toutes-les-visites-et-activites-privees-fr-7\/visite-privee-de-saint-sebastien-getaria-degustation-de-txakoli-a-la-cave\/#breadcrumb"},"inLanguage":"fr-FR","potentialAction":[{"@type":"ReadAction","target":["https:\/\/tourtravelandmore.com\/fr\/tours\/espagne-fr\/san-sebastian-fr\/toutes-les-visites-et-activites-privees-fr-7\/visite-privee-de-saint-sebastien-getaria-degustation-de-txakoli-a-la-cave\/"]}]},{"@type":"ImageObject","inLanguage":"fr-FR","@id":"https:\/\/tourtravelandmore.com\/fr\/tours\/espagne-fr\/san-sebastian-fr\/toutes-les-visites-et-activites-privees-fr-7\/visite-privee-de-saint-sebastien-getaria-degustation-de-txakoli-a-la-cave\/#primaryimage","url":"https:\/\/tourtravelandmore.com\/wp-content\/uploads\/2024\/02\/image1-6.jpg","contentUrl":"https:\/\/tourtravelandmore.com\/wp-content\/uploads\/2024\/02\/image1-6.jpg","width":950,"height":750},{"@type":"BreadcrumbList","@id":"https:\/\/tourtravelandmore.com\/fr\/tours\/espagne-fr\/san-sebastian-fr\/toutes-les-visites-et-activites-privees-fr-7\/visite-privee-de-saint-sebastien-getaria-degustation-de-txakoli-a-la-cave\/#breadcrumb","itemListElement":[{"@type":"ListItem","position":1,"name":"Home","item":"https:\/\/tourtravelandmore.com\/fr\/"},{"@type":"ListItem","position":2,"name":"Tours","item":"https:\/\/tourtravelandmore.com\/fr\/tours\/"},{"@type":"ListItem","position":3,"name":"Visite priv\u00e9e de Saint-S\u00e9bastien et Getaria avec d\u00e9gustation de Txakoli"}]},{"@type":"WebSite","@id":"https:\/\/tourtravelandmore.com\/fr\/#website","url":"https:\/\/tourtravelandmore.com\/fr\/","name":"Tour Travel And More","description":"Private sightseeing tours and luxury transfers in Spain","publisher":{"@id":"https:\/\/tourtravelandmore.com\/fr\/#organization"},"potentialAction":[{"@type":"SearchAction","target":{"@type":"EntryPoint","urlTemplate":"https:\/\/tourtravelandmore.com\/fr\/?s={search_term_string}"},"query-input":{"@type":"PropertyValueSpecification","valueRequired":true,"valueName":"search_term_string"}}],"inLanguage":"fr-FR"},{"@type":"Organization","@id":"https:\/\/tourtravelandmore.com\/fr\/#organization","name":"Tour Travel And More","url":"https:\/\/tourtravelandmore.com\/fr\/","logo":{"@type":"ImageObject","inLanguage":"fr-FR","@id":"https:\/\/tourtravelandmore.com\/fr\/#\/schema\/logo\/image\/","url":"https:\/\/tourtravelandmore.com\/wp-content\/uploads\/2022\/12\/cropped-logo-cabecera-new.png","contentUrl":"https:\/\/tourtravelandmore.com\/wp-content\/uploads\/2022\/12\/cropped-logo-cabecera-new.png","width":430,"height":61,"caption":"Tour Travel And More"},"image":{"@id":"https:\/\/tourtravelandmore.com\/fr\/#\/schema\/logo\/image\/"},"sameAs":["https:\/\/www.facebook.com\/tourtravelandmore\/","https:\/\/x.com\/TourTravel_More"]}]}},"_links":{"self":[{"href":"https:\/\/tourtravelandmore.com\/fr\/wp-json\/wp\/v2\/product\/172789","targetHints":{"allow":["GET"]}}],"collection":[{"href":"https:\/\/tourtravelandmore.com\/fr\/wp-json\/wp\/v2\/product"}],"about":[{"href":"https:\/\/tourtravelandmore.com\/fr\/wp-json\/wp\/v2\/types\/product"}],"replies":[{"embeddable":true,"href":"https:\/\/tourtravelandmore.com\/fr\/wp-json\/wp\/v2\/comments?post=172789"}],"wp:featuredmedia":[{"embeddable":true,"href":"https:\/\/tourtravelandmore.com\/fr\/wp-json\/wp\/v2\/media\/172801"}],"wp:attachment":[{"href":"https:\/\/tourtravelandmore.com\/fr\/wp-json\/wp\/v2\/media?parent=172789"}],"wp:term":[{"taxonomy":"product_brand","embeddable":true,"href":"https:\/\/tourtravelandmore.com\/fr\/wp-json\/wp\/v2\/product_brand?post=172789"},{"taxonomy":"product_cat","embeddable":true,"href":"https:\/\/tourtravelandmore.com\/fr\/wp-json\/wp\/v2\/product_cat?post=172789"},{"taxonomy":"product_tag","embeddable":true,"href":"https:\/\/tourtravelandmore.com\/fr\/wp-json\/wp\/v2\/product_tag?post=172789"}],"curies":[{"name":"wp","href":"https:\/\/api.w.org\/{rel}","templated":true}]}}