{"id":172751,"date":"2024-02-26T10:01:09","date_gmt":"2024-02-26T09:01:12","guid":{"rendered":"https:\/\/tourtravelandmore.com\/?post_type=product&#038;p=172751"},"modified":"2024-03-13T14:26:00","modified_gmt":"2024-03-13T13:26:00","slug":"visite-privee-de-saint-sebastien-biarritz","status":"publish","type":"product","link":"https:\/\/tourtravelandmore.com\/fr\/tours\/espagne-fr\/san-sebastian-fr\/toutes-les-visites-et-activites-privees-fr-7\/visite-privee-de-saint-sebastien-biarritz\/","title":{"rendered":"Visite priv\u00e9e de Saint-S\u00e9bastien et Biarritz"},"content":{"rendered":"<h2>Visite priv\u00e9e de Saint-S\u00e9bastien et Biarritz Description :<\/h2>\n<p>Embarquez pour un voyage captivant \u00e0 travers deux des destinations c\u00f4ti\u00e8res les plus enchanteresses du Pays basque. Il s&#8217;agit de notre visite priv\u00e9e exclusive de Saint-S\u00e9bastien et de Biarritz. Cette exp\u00e9rience immersive offre un m\u00e9lange parfait d&#8217;exploration culturelle. Les paysages \u00e0 couper le souffle et les d\u00e9lices culinaires constituent une aventure inoubliable pour les voyageurs exigeants.<\/p>\n<p>L&#8217;excursion commence par une prise en charge pratique \u00e0 l&#8217;endroit de votre choix \u00e0 Saint-S\u00e9bastien. Notre guide expert et notre chauffeur seront \u00e0 votre service tout au long de la journ\u00e9e. Cela vous garantit une exp\u00e9rience personnalis\u00e9e et sans faille, adapt\u00e9e \u00e0 vos centres d&#8217;int\u00e9r\u00eat.<\/p>\n<p>Cette visite priv\u00e9e exclusive de 6 heures vous emm\u00e8nera de Saint-S\u00e9bastien \u00e0 la charmante ville c\u00f4ti\u00e8re de Biarritz. Il vous offrira une exp\u00e9rience unique, pleine de beaut\u00e9 naturelle, de culture et de gastronomie, en compagnie d&#8217;un guide expert de Tour Travel &amp; More.<\/p>\n<h2>Points forts :<\/h2>\n<p>Le d\u00e9part se fera de votre h\u00f4tel de Saint-S\u00e9bastien ou du lieu de votre choix. De l\u00e0, vous aurez une vue imprenable sur le littoral accident\u00e9 du golfe de Gascogne. Notre premi\u00e8re \u00e9tape est Saint-S\u00e9bastien, une charmante ville c\u00f4ti\u00e8re connue pour ses belles plages et sa riche histoire. Explorez la vieille ville historique, fl\u00e2nez le long de la pittoresque promenade de La Concha et admirez l&#8217;architecture orn\u00e9e de la cath\u00e9drale du Bon Pasteur.<\/p>\n<p>Ensuite, nous traverserons la fronti\u00e8re fran\u00e7aise pour nous rendre \u00e0 Biarritz, une station baln\u00e9aire \u00e0 la mode, appr\u00e9ci\u00e9e pour son architecture \u00e9l\u00e9gante, son atmosph\u00e8re anim\u00e9e et ses plages immacul\u00e9es. Explorez l&#8217;opulent H\u00f4tel du Palais, qui fut la r\u00e9sidence d&#8217;\u00e9t\u00e9 de Napol\u00e9on III et de l&#8217;imp\u00e9ratrice Eug\u00e9nie, et fl\u00e2nez le long de l&#8217;embl\u00e9matique promenade de la Grande Plage. Ne manquez pas de d\u00e9guster de d\u00e9licieuses p\u00e2tisseries fran\u00e7aises dans une boulangerie locale ou de savourer des fruits de mer frais dans un restaurant de bord de mer.<\/p>\n<p>Tout au long de la visite, notre guide bien inform\u00e9 partagera avec vous des informations fascinantes sur l&#8217;histoire, la culture et les traditions de Saint-S\u00e9bastien et de Biarritz, enrichissant ainsi votre exp\u00e9rience et cr\u00e9ant des souvenirs imp\u00e9rissables.<\/p>\n<p>Explorez l&#8217;\u00e9l\u00e9gante ville baln\u00e9aire de Biarritz, c\u00e9l\u00e8bre pour ses plages dor\u00e9es, son architecture historique et son atmosph\u00e8re sophistiqu\u00e9e. Visitez le Rocher de la Vierge, le Casino municipal et le Palais Bellevue tout en d\u00e9couvrant la riche histoire de la ville.<\/p>\n","protected":false},"excerpt":{"rendered":"<p><span style=\"font-weight: 400;\">D\u00e9couvrez la beaut\u00e9 \u00e9poustouflante et le riche patrimoine culturel de Saint-S\u00e9bastien et de Biarritz gr\u00e2ce \u00e0 notre circuit priv\u00e9. Explorez de charmantes villes c\u00f4ti\u00e8res, laissez-vous tenter par des d\u00e9lices culinaires et plongez-vous dans l&#8217;atmosph\u00e8re vibrante de ces destinations embl\u00e9matiques. Avec des conseils d&#8217;experts et un service personnalis\u00e9, ce circuit promet une exp\u00e9rience inoubliable pour les voyageurs qui cherchent \u00e0 explorer le meilleur du Pays basque et de la France.<\/span><\/p>\n","protected":false},"featured_media":172770,"comment_status":"open","ping_status":"closed","template":"","meta":{"_acf_changed":false},"product_brand":[],"product_cat":[5085,5084,5086,3647],"product_tag":[],"class_list":{"0":"post-172751","1":"product","2":"type-product","3":"status-publish","4":"has-post-thumbnail","6":"product_cat-excursions-privees-dune-journee-fr-6","7":"product_cat-toutes-les-visites-et-activites-privees-fr-7","8":"product_cat-visites-guidees-privees-fr-11","9":"product_cat-san-sebastian-fr","11":"first","12":"instock","13":"shipping-taxable","14":"purchasable","15":"product-type-simple"},"acf":[],"yoast_head":"<!-- This site is optimized with the Yoast SEO Premium plugin v25.3.1 (Yoast SEO v25.3.1) - https:\/\/yoast.com\/wordpress\/plugins\/seo\/ -->\n<title>\u27a1\ufe0f Explorer Saint-S\u00e9bastien et Biarritz | Tour Travel and More<\/title>\n<meta name=\"description\" content=\"D\u00e9couvrez le charme de Saint-S\u00e9bastien et de Biarritz lors d&#039;une visite priv\u00e9e. Explorez les sites historiques, les plages magnifiques et les d\u00e9lices culinaires. R\u00e9servez d\u00e8s maintenant ! \u2705\" \/>\n<meta name=\"robots\" content=\"index, follow, max-snippet:-1, max-image-preview:large, max-video-preview:-1\" \/>\n<link rel=\"canonical\" href=\"https:\/\/tourtravelandmore.com\/fr\/tours\/espagne-fr\/san-sebastian-fr\/toutes-les-visites-et-activites-privees-fr-7\/visite-privee-de-saint-sebastien-biarritz\/\" \/>\n<meta property=\"og:locale\" content=\"fr_FR\" \/>\n<meta property=\"og:type\" content=\"article\" \/>\n<meta property=\"og:title\" content=\"Visite priv\u00e9e de Saint-S\u00e9bastien et Biarritz\" \/>\n<meta property=\"og:description\" content=\"D\u00e9couvrez le charme de Saint-S\u00e9bastien et de Biarritz lors d&#039;une visite priv\u00e9e. Explorez les sites historiques, les plages magnifiques et les d\u00e9lices culinaires. R\u00e9servez d\u00e8s maintenant ! \u2705\" \/>\n<meta property=\"og:url\" content=\"https:\/\/tourtravelandmore.com\/fr\/tours\/espagne-fr\/san-sebastian-fr\/toutes-les-visites-et-activites-privees-fr-7\/visite-privee-de-saint-sebastien-biarritz\/\" \/>\n<meta property=\"og:site_name\" content=\"Tour Travel And More\" \/>\n<meta property=\"article:publisher\" content=\"https:\/\/www.facebook.com\/tourtravelandmore\/\" \/>\n<meta property=\"article:modified_time\" content=\"2024-03-13T13:26:00+00:00\" \/>\n<meta property=\"og:image\" content=\"https:\/\/tourtravelandmore.com\/wp-content\/uploads\/2024\/02\/image4-5.jpg\" \/>\n\t<meta property=\"og:image:width\" content=\"950\" \/>\n\t<meta property=\"og:image:height\" content=\"750\" \/>\n\t<meta property=\"og:image:type\" content=\"image\/jpeg\" \/>\n<meta name=\"twitter:card\" content=\"summary_large_image\" \/>\n<meta name=\"twitter:site\" content=\"@TourTravel_More\" \/>\n<meta name=\"twitter:label1\" content=\"Dur\u00e9e de lecture estim\u00e9e\" \/>\n\t<meta name=\"twitter:data1\" content=\"4 minutes\" \/>\n<script type=\"application\/ld+json\" class=\"yoast-schema-graph\">{\"@context\":\"https:\/\/schema.org\",\"@graph\":[{\"@type\":\"WebPage\",\"@id\":\"https:\/\/tourtravelandmore.com\/fr\/tours\/espagne-fr\/san-sebastian-fr\/toutes-les-visites-et-activites-privees-fr-7\/visite-privee-de-saint-sebastien-biarritz\/\",\"url\":\"https:\/\/tourtravelandmore.com\/fr\/tours\/espagne-fr\/san-sebastian-fr\/toutes-les-visites-et-activites-privees-fr-7\/visite-privee-de-saint-sebastien-biarritz\/\",\"name\":\"\u27a1\ufe0f Explorer Saint-S\u00e9bastien et Biarritz | Tour Travel and More\",\"isPartOf\":{\"@id\":\"https:\/\/tourtravelandmore.com\/fr\/#website\"},\"primaryImageOfPage\":{\"@id\":\"https:\/\/tourtravelandmore.com\/fr\/tours\/espagne-fr\/san-sebastian-fr\/toutes-les-visites-et-activites-privees-fr-7\/visite-privee-de-saint-sebastien-biarritz\/#primaryimage\"},\"image\":{\"@id\":\"https:\/\/tourtravelandmore.com\/fr\/tours\/espagne-fr\/san-sebastian-fr\/toutes-les-visites-et-activites-privees-fr-7\/visite-privee-de-saint-sebastien-biarritz\/#primaryimage\"},\"thumbnailUrl\":\"https:\/\/tourtravelandmore.com\/wp-content\/uploads\/2024\/02\/image4-5.jpg\",\"datePublished\":\"2024-02-26T09:01:12+00:00\",\"dateModified\":\"2024-03-13T13:26:00+00:00\",\"description\":\"D\u00e9couvrez le charme de Saint-S\u00e9bastien et de Biarritz lors d'une visite priv\u00e9e. Explorez les sites historiques, les plages magnifiques et les d\u00e9lices culinaires. R\u00e9servez d\u00e8s maintenant ! \u2705\",\"breadcrumb\":{\"@id\":\"https:\/\/tourtravelandmore.com\/fr\/tours\/espagne-fr\/san-sebastian-fr\/toutes-les-visites-et-activites-privees-fr-7\/visite-privee-de-saint-sebastien-biarritz\/#breadcrumb\"},\"inLanguage\":\"fr-FR\",\"potentialAction\":[{\"@type\":\"ReadAction\",\"target\":[\"https:\/\/tourtravelandmore.com\/fr\/tours\/espagne-fr\/san-sebastian-fr\/toutes-les-visites-et-activites-privees-fr-7\/visite-privee-de-saint-sebastien-biarritz\/\"]}]},{\"@type\":\"ImageObject\",\"inLanguage\":\"fr-FR\",\"@id\":\"https:\/\/tourtravelandmore.com\/fr\/tours\/espagne-fr\/san-sebastian-fr\/toutes-les-visites-et-activites-privees-fr-7\/visite-privee-de-saint-sebastien-biarritz\/#primaryimage\",\"url\":\"https:\/\/tourtravelandmore.com\/wp-content\/uploads\/2024\/02\/image4-5.jpg\",\"contentUrl\":\"https:\/\/tourtravelandmore.com\/wp-content\/uploads\/2024\/02\/image4-5.jpg\",\"width\":950,\"height\":750},{\"@type\":\"BreadcrumbList\",\"@id\":\"https:\/\/tourtravelandmore.com\/fr\/tours\/espagne-fr\/san-sebastian-fr\/toutes-les-visites-et-activites-privees-fr-7\/visite-privee-de-saint-sebastien-biarritz\/#breadcrumb\",\"itemListElement\":[{\"@type\":\"ListItem\",\"position\":1,\"name\":\"Home\",\"item\":\"https:\/\/tourtravelandmore.com\/fr\/\"},{\"@type\":\"ListItem\",\"position\":2,\"name\":\"Tours\",\"item\":\"https:\/\/tourtravelandmore.com\/fr\/tours\/\"},{\"@type\":\"ListItem\",\"position\":3,\"name\":\"Visite priv\u00e9e de Saint-S\u00e9bastien et Biarritz\"}]},{\"@type\":\"WebSite\",\"@id\":\"https:\/\/tourtravelandmore.com\/fr\/#website\",\"url\":\"https:\/\/tourtravelandmore.com\/fr\/\",\"name\":\"Tour Travel And More\",\"description\":\"Private sightseeing tours and luxury transfers in Spain\",\"publisher\":{\"@id\":\"https:\/\/tourtravelandmore.com\/fr\/#organization\"},\"potentialAction\":[{\"@type\":\"SearchAction\",\"target\":{\"@type\":\"EntryPoint\",\"urlTemplate\":\"https:\/\/tourtravelandmore.com\/fr\/?s={search_term_string}\"},\"query-input\":{\"@type\":\"PropertyValueSpecification\",\"valueRequired\":true,\"valueName\":\"search_term_string\"}}],\"inLanguage\":\"fr-FR\"},{\"@type\":\"Organization\",\"@id\":\"https:\/\/tourtravelandmore.com\/fr\/#organization\",\"name\":\"Tour Travel And More\",\"url\":\"https:\/\/tourtravelandmore.com\/fr\/\",\"logo\":{\"@type\":\"ImageObject\",\"inLanguage\":\"fr-FR\",\"@id\":\"https:\/\/tourtravelandmore.com\/fr\/#\/schema\/logo\/image\/\",\"url\":\"https:\/\/tourtravelandmore.com\/wp-content\/uploads\/2022\/12\/cropped-logo-cabecera-new.png\",\"contentUrl\":\"https:\/\/tourtravelandmore.com\/wp-content\/uploads\/2022\/12\/cropped-logo-cabecera-new.png\",\"width\":430,\"height\":61,\"caption\":\"Tour Travel And More\"},\"image\":{\"@id\":\"https:\/\/tourtravelandmore.com\/fr\/#\/schema\/logo\/image\/\"},\"sameAs\":[\"https:\/\/www.facebook.com\/tourtravelandmore\/\",\"https:\/\/x.com\/TourTravel_More\"]}]}<\/script>\n<!-- \/ Yoast SEO Premium plugin. -->","yoast_head_json":{"title":"\u27a1\ufe0f Explorer Saint-S\u00e9bastien et Biarritz | Tour Travel and More","description":"D\u00e9couvrez le charme de Saint-S\u00e9bastien et de Biarritz lors d'une visite priv\u00e9e. Explorez les sites historiques, les plages magnifiques et les d\u00e9lices culinaires. R\u00e9servez d\u00e8s maintenant ! \u2705","robots":{"index":"index","follow":"follow","max-snippet":"max-snippet:-1","max-image-preview":"max-image-preview:large","max-video-preview":"max-video-preview:-1"},"canonical":"https:\/\/tourtravelandmore.com\/fr\/tours\/espagne-fr\/san-sebastian-fr\/toutes-les-visites-et-activites-privees-fr-7\/visite-privee-de-saint-sebastien-biarritz\/","og_locale":"fr_FR","og_type":"article","og_title":"Visite priv\u00e9e de Saint-S\u00e9bastien et Biarritz","og_description":"D\u00e9couvrez le charme de Saint-S\u00e9bastien et de Biarritz lors d'une visite priv\u00e9e. Explorez les sites historiques, les plages magnifiques et les d\u00e9lices culinaires. R\u00e9servez d\u00e8s maintenant ! \u2705","og_url":"https:\/\/tourtravelandmore.com\/fr\/tours\/espagne-fr\/san-sebastian-fr\/toutes-les-visites-et-activites-privees-fr-7\/visite-privee-de-saint-sebastien-biarritz\/","og_site_name":"Tour Travel And More","article_publisher":"https:\/\/www.facebook.com\/tourtravelandmore\/","article_modified_time":"2024-03-13T13:26:00+00:00","og_image":[{"width":950,"height":750,"url":"https:\/\/tourtravelandmore.com\/wp-content\/uploads\/2024\/02\/image4-5.jpg","type":"image\/jpeg"}],"twitter_card":"summary_large_image","twitter_site":"@TourTravel_More","twitter_misc":{"Dur\u00e9e de lecture estim\u00e9e":"4 minutes"},"schema":{"@context":"https:\/\/schema.org","@graph":[{"@type":"WebPage","@id":"https:\/\/tourtravelandmore.com\/fr\/tours\/espagne-fr\/san-sebastian-fr\/toutes-les-visites-et-activites-privees-fr-7\/visite-privee-de-saint-sebastien-biarritz\/","url":"https:\/\/tourtravelandmore.com\/fr\/tours\/espagne-fr\/san-sebastian-fr\/toutes-les-visites-et-activites-privees-fr-7\/visite-privee-de-saint-sebastien-biarritz\/","name":"\u27a1\ufe0f Explorer Saint-S\u00e9bastien et Biarritz | Tour Travel and More","isPartOf":{"@id":"https:\/\/tourtravelandmore.com\/fr\/#website"},"primaryImageOfPage":{"@id":"https:\/\/tourtravelandmore.com\/fr\/tours\/espagne-fr\/san-sebastian-fr\/toutes-les-visites-et-activites-privees-fr-7\/visite-privee-de-saint-sebastien-biarritz\/#primaryimage"},"image":{"@id":"https:\/\/tourtravelandmore.com\/fr\/tours\/espagne-fr\/san-sebastian-fr\/toutes-les-visites-et-activites-privees-fr-7\/visite-privee-de-saint-sebastien-biarritz\/#primaryimage"},"thumbnailUrl":"https:\/\/tourtravelandmore.com\/wp-content\/uploads\/2024\/02\/image4-5.jpg","datePublished":"2024-02-26T09:01:12+00:00","dateModified":"2024-03-13T13:26:00+00:00","description":"D\u00e9couvrez le charme de Saint-S\u00e9bastien et de Biarritz lors d'une visite priv\u00e9e. Explorez les sites historiques, les plages magnifiques et les d\u00e9lices culinaires. R\u00e9servez d\u00e8s maintenant ! \u2705","breadcrumb":{"@id":"https:\/\/tourtravelandmore.com\/fr\/tours\/espagne-fr\/san-sebastian-fr\/toutes-les-visites-et-activites-privees-fr-7\/visite-privee-de-saint-sebastien-biarritz\/#breadcrumb"},"inLanguage":"fr-FR","potentialAction":[{"@type":"ReadAction","target":["https:\/\/tourtravelandmore.com\/fr\/tours\/espagne-fr\/san-sebastian-fr\/toutes-les-visites-et-activites-privees-fr-7\/visite-privee-de-saint-sebastien-biarritz\/"]}]},{"@type":"ImageObject","inLanguage":"fr-FR","@id":"https:\/\/tourtravelandmore.com\/fr\/tours\/espagne-fr\/san-sebastian-fr\/toutes-les-visites-et-activites-privees-fr-7\/visite-privee-de-saint-sebastien-biarritz\/#primaryimage","url":"https:\/\/tourtravelandmore.com\/wp-content\/uploads\/2024\/02\/image4-5.jpg","contentUrl":"https:\/\/tourtravelandmore.com\/wp-content\/uploads\/2024\/02\/image4-5.jpg","width":950,"height":750},{"@type":"BreadcrumbList","@id":"https:\/\/tourtravelandmore.com\/fr\/tours\/espagne-fr\/san-sebastian-fr\/toutes-les-visites-et-activites-privees-fr-7\/visite-privee-de-saint-sebastien-biarritz\/#breadcrumb","itemListElement":[{"@type":"ListItem","position":1,"name":"Home","item":"https:\/\/tourtravelandmore.com\/fr\/"},{"@type":"ListItem","position":2,"name":"Tours","item":"https:\/\/tourtravelandmore.com\/fr\/tours\/"},{"@type":"ListItem","position":3,"name":"Visite priv\u00e9e de Saint-S\u00e9bastien et Biarritz"}]},{"@type":"WebSite","@id":"https:\/\/tourtravelandmore.com\/fr\/#website","url":"https:\/\/tourtravelandmore.com\/fr\/","name":"Tour Travel And More","description":"Private sightseeing tours and luxury transfers in Spain","publisher":{"@id":"https:\/\/tourtravelandmore.com\/fr\/#organization"},"potentialAction":[{"@type":"SearchAction","target":{"@type":"EntryPoint","urlTemplate":"https:\/\/tourtravelandmore.com\/fr\/?s={search_term_string}"},"query-input":{"@type":"PropertyValueSpecification","valueRequired":true,"valueName":"search_term_string"}}],"inLanguage":"fr-FR"},{"@type":"Organization","@id":"https:\/\/tourtravelandmore.com\/fr\/#organization","name":"Tour Travel And More","url":"https:\/\/tourtravelandmore.com\/fr\/","logo":{"@type":"ImageObject","inLanguage":"fr-FR","@id":"https:\/\/tourtravelandmore.com\/fr\/#\/schema\/logo\/image\/","url":"https:\/\/tourtravelandmore.com\/wp-content\/uploads\/2022\/12\/cropped-logo-cabecera-new.png","contentUrl":"https:\/\/tourtravelandmore.com\/wp-content\/uploads\/2022\/12\/cropped-logo-cabecera-new.png","width":430,"height":61,"caption":"Tour Travel And More"},"image":{"@id":"https:\/\/tourtravelandmore.com\/fr\/#\/schema\/logo\/image\/"},"sameAs":["https:\/\/www.facebook.com\/tourtravelandmore\/","https:\/\/x.com\/TourTravel_More"]}]}},"_links":{"self":[{"href":"https:\/\/tourtravelandmore.com\/fr\/wp-json\/wp\/v2\/product\/172751","targetHints":{"allow":["GET"]}}],"collection":[{"href":"https:\/\/tourtravelandmore.com\/fr\/wp-json\/wp\/v2\/product"}],"about":[{"href":"https:\/\/tourtravelandmore.com\/fr\/wp-json\/wp\/v2\/types\/product"}],"replies":[{"embeddable":true,"href":"https:\/\/tourtravelandmore.com\/fr\/wp-json\/wp\/v2\/comments?post=172751"}],"wp:featuredmedia":[{"embeddable":true,"href":"https:\/\/tourtravelandmore.com\/fr\/wp-json\/wp\/v2\/media\/172770"}],"wp:attachment":[{"href":"https:\/\/tourtravelandmore.com\/fr\/wp-json\/wp\/v2\/media?parent=172751"}],"wp:term":[{"taxonomy":"product_brand","embeddable":true,"href":"https:\/\/tourtravelandmore.com\/fr\/wp-json\/wp\/v2\/product_brand?post=172751"},{"taxonomy":"product_cat","embeddable":true,"href":"https:\/\/tourtravelandmore.com\/fr\/wp-json\/wp\/v2\/product_cat?post=172751"},{"taxonomy":"product_tag","embeddable":true,"href":"https:\/\/tourtravelandmore.com\/fr\/wp-json\/wp\/v2\/product_tag?post=172751"}],"curies":[{"name":"wp","href":"https:\/\/api.w.org\/{rel}","templated":true}]}}