{"id":172724,"date":"2024-02-26T09:44:38","date_gmt":"2024-02-26T08:44:41","guid":{"rendered":"https:\/\/tourtravelandmore.com\/?post_type=product&#038;p=172724"},"modified":"2024-03-12T21:10:15","modified_gmt":"2024-03-12T20:10:15","slug":"visite-privee-de-saint-sebastien-zumaia-loyola","status":"publish","type":"product","link":"https:\/\/tourtravelandmore.com\/fr\/tours\/espagne-fr\/san-sebastian-fr\/toutes-les-visites-et-activites-privees-fr-7\/visite-privee-de-saint-sebastien-zumaia-loyola\/","title":{"rendered":"Visite priv\u00e9e de Saint-S\u00e9bastien, Zumaia et Loyola"},"content":{"rendered":"<h2><b>Visite priv\u00e9e de Saint-S\u00e9bastien, Zumaia et Loyola Description :<\/b><\/h2>\n<p>Embarquez pour un voyage captivant \u00e0 travers le Pays basque avec notre visite priv\u00e9e exclusive de Saint-S\u00e9bastien, Zumaia et Loyola. Cette exp\u00e9rience immersive offre un m\u00e9lange parfait d&#8217;histoire, de culture et de beaut\u00e9 naturelle, offrant une exploration compl\u00e8te de certaines des destinations les plus embl\u00e9matiques de la r\u00e9gion.<\/p>\n<p>Commencez votre journ\u00e9e par une exp\u00e9rience unique de 6 heures qui combine la beaut\u00e9 c\u00f4ti\u00e8re de Zumaia et la tranquillit\u00e9 de Loyola, le tout depuis la charmante ville de Saint-S\u00e9bastien. Cette visite priv\u00e9e exclusive de Tour Travel &amp; More vous offre la possibilit\u00e9 de vous immerger dans des paysages \u00e0 couper le souffle et de d\u00e9couvrir l&#8217;histoire et la culture de la r\u00e9gion.<\/p>\n<p>Cette visite priv\u00e9e de 6 heures est id\u00e9ale pour ceux qui souhaitent explorer la c\u00f4te basque et se plonger dans sa riche histoire religieuse, tout en b\u00e9n\u00e9ficiant du service personnalis\u00e9 exclusif de Tour Travel &amp; More.<\/p>\n<h2>Points forts :<\/h2>\n<p>Votre guide priv\u00e9 et votre v\u00e9hicule de luxe viendront vous chercher \u00e0 votre h\u00f4tel ou \u00e0 un point de rencontre pratique \u00e0 Saint-S\u00e9bastien. Notre guide officiel priv\u00e9 vous proposera une visite guid\u00e9e de Saint-S\u00e9bastien o\u00f9 vous d\u00e9couvrirez en profondeur la culture de l&#8217;un des joyaux du Pays basque.<\/p>\n<p>Ensuite, vous profiterez d&#8217;une route panoramique pour vous rendre \u00e0 Zumaia, une charmante ville c\u00f4ti\u00e8re connue pour ses falaises et ses plages de r\u00eave. Explorez les impressionnantes falaises de Zumaia, c\u00e9l\u00e8bres pour leurs formations g\u00e9ologiques uniques qui ont servi de d\u00e9cor \u00e0 des films et s\u00e9ries populaires. Vous aurez du temps libre pour fl\u00e2ner dans les rues pittoresques, prendre des photos panoramiques et profiter de l&#8217;atmosph\u00e8re relaxante du bord de mer.<\/p>\n<p>Poursuivez votre voyage jusqu&#8217;\u00e0 Loyola, o\u00f9 se trouve le Sanctuaire de Loyola, un important lieu de p\u00e8lerinage religieux et un impressionnant exemple d&#8217;architecture sacr\u00e9e. D\u00e9couvrez l&#8217;histoire de saint Ignace de Loyola en visitant sa maison natale et l&#8217;impressionnant sanctuaire qui abrite son h\u00e9ritage. Prenez le temps de vous d\u00e9tendre dans cet environnement paisible.<\/p>\n<p>Apr\u00e8s une exp\u00e9rience enrichissante et m\u00e9morable, retournez \u00e0 Saint-S\u00e9bastien dans votre confortable v\u00e9hicule priv\u00e9 pendant que votre guide vous donne plus d&#8217;informations sur la r\u00e9gion et r\u00e9pond \u00e0 vos questions.<\/p>\n<p><a href=\"https:\/\/tourtravelandmore.com\/fr\/city\/espagne-fr\/san-sebastian-fr\/\"><span style=\"font-weight: 400;\">D\u00e9couvrez la beaut\u00e9 et la culture du Pays basque avec Tour Travel and More. <\/span><\/a><span style=\"font-weight: 400;\">Explorez notre gamme de circuits priv\u00e9s et d\u00e9couvrez les joyaux cach\u00e9s de Saint-S\u00e9bastien, Zumaia et Loyola. R\u00e9servez votre aventure inoubliable d\u00e8s aujourd&#8217;hui !<\/span><\/p>\n","protected":false},"excerpt":{"rendered":"<p><span style=\"font-weight: 400;\">D\u00e9couvrez les paysages \u00e9poustouflants, la riche histoire et la culture vibrante du Pays basque lors de notre visite priv\u00e9e de Saint-S\u00e9bastien, Zumaia et Loyola. Explorez de charmantes villes c\u00f4ti\u00e8res, \u00e9merveillez-vous devant des merveilles g\u00e9ologiques et impr\u00e9gnez-vous de l&#8217;h\u00e9ritage spirituel de la r\u00e9gion. Avec des conseils d&#8217;experts et un service personnalis\u00e9, cette visite promet une exp\u00e9rience inoubliable pour les voyageurs qui recherchent une connexion plus profonde avec la beaut\u00e9 du nord de l&#8217;Espagne.<\/span><\/p>\n","protected":false},"featured_media":172744,"comment_status":"open","ping_status":"closed","template":"","meta":{"_acf_changed":false},"product_brand":[],"product_cat":[5085,5084,5086,3647],"product_tag":[],"class_list":{"0":"post-172724","1":"product","2":"type-product","3":"status-publish","4":"has-post-thumbnail","6":"product_cat-excursions-privees-dune-journee-fr-6","7":"product_cat-toutes-les-visites-et-activites-privees-fr-7","8":"product_cat-visites-guidees-privees-fr-11","9":"product_cat-san-sebastian-fr","11":"first","12":"instock","13":"shipping-taxable","14":"purchasable","15":"product-type-simple"},"acf":[],"yoast_head":"<!-- This site is optimized with the Yoast SEO Premium plugin v25.3.1 (Yoast SEO v25.3.1) - https:\/\/yoast.com\/wordpress\/plugins\/seo\/ -->\n<title>\u27a1\ufe0f Explorer le Pays Basque | Visite priv\u00e9e de Saint-S\u00e9bastien, Zumaia et Loyola<\/title>\n<meta name=\"description\" content=\"D\u00e9couvrez Saint-S\u00e9bastien, Zumaia et Loyola lors d&#039;une visite priv\u00e9e. Explorez des paysages \u00e9poustouflants, des sites historiques et des tr\u00e9sors culturels. R\u00e9servez d\u00e8s maintenant ! \u2705\" \/>\n<meta name=\"robots\" content=\"index, follow, max-snippet:-1, max-image-preview:large, max-video-preview:-1\" \/>\n<link rel=\"canonical\" href=\"https:\/\/tourtravelandmore.com\/fr\/tours\/espagne-fr\/san-sebastian-fr\/toutes-les-visites-et-activites-privees-fr-7\/visite-privee-de-saint-sebastien-zumaia-loyola\/\" \/>\n<meta property=\"og:locale\" content=\"fr_FR\" \/>\n<meta property=\"og:type\" content=\"article\" \/>\n<meta property=\"og:title\" content=\"Visite priv\u00e9e de Saint-S\u00e9bastien, Zumaia et Loyola\" \/>\n<meta property=\"og:description\" content=\"D\u00e9couvrez Saint-S\u00e9bastien, Zumaia et Loyola lors d&#039;une visite priv\u00e9e. Explorez des paysages \u00e9poustouflants, des sites historiques et des tr\u00e9sors culturels. R\u00e9servez d\u00e8s maintenant ! \u2705\" \/>\n<meta property=\"og:url\" content=\"https:\/\/tourtravelandmore.com\/fr\/tours\/espagne-fr\/san-sebastian-fr\/toutes-les-visites-et-activites-privees-fr-7\/visite-privee-de-saint-sebastien-zumaia-loyola\/\" \/>\n<meta property=\"og:site_name\" content=\"Tour Travel And More\" \/>\n<meta property=\"article:publisher\" content=\"https:\/\/www.facebook.com\/tourtravelandmore\/\" \/>\n<meta property=\"article:modified_time\" content=\"2024-03-12T20:10:15+00:00\" \/>\n<meta property=\"og:image\" content=\"https:\/\/tourtravelandmore.com\/wp-content\/uploads\/2024\/02\/image4-4.jpg\" \/>\n\t<meta property=\"og:image:width\" content=\"950\" \/>\n\t<meta property=\"og:image:height\" content=\"750\" \/>\n\t<meta property=\"og:image:type\" content=\"image\/jpeg\" \/>\n<meta name=\"twitter:card\" content=\"summary_large_image\" \/>\n<meta name=\"twitter:site\" content=\"@TourTravel_More\" \/>\n<meta name=\"twitter:label1\" content=\"Dur\u00e9e de lecture estim\u00e9e\" \/>\n\t<meta name=\"twitter:data1\" content=\"4 minutes\" \/>\n<script type=\"application\/ld+json\" class=\"yoast-schema-graph\">{\"@context\":\"https:\/\/schema.org\",\"@graph\":[{\"@type\":\"WebPage\",\"@id\":\"https:\/\/tourtravelandmore.com\/fr\/tours\/espagne-fr\/san-sebastian-fr\/toutes-les-visites-et-activites-privees-fr-7\/visite-privee-de-saint-sebastien-zumaia-loyola\/\",\"url\":\"https:\/\/tourtravelandmore.com\/fr\/tours\/espagne-fr\/san-sebastian-fr\/toutes-les-visites-et-activites-privees-fr-7\/visite-privee-de-saint-sebastien-zumaia-loyola\/\",\"name\":\"\u27a1\ufe0f Explorer le Pays Basque | Visite priv\u00e9e de Saint-S\u00e9bastien, Zumaia et Loyola\",\"isPartOf\":{\"@id\":\"https:\/\/tourtravelandmore.com\/fr\/#website\"},\"primaryImageOfPage\":{\"@id\":\"https:\/\/tourtravelandmore.com\/fr\/tours\/espagne-fr\/san-sebastian-fr\/toutes-les-visites-et-activites-privees-fr-7\/visite-privee-de-saint-sebastien-zumaia-loyola\/#primaryimage\"},\"image\":{\"@id\":\"https:\/\/tourtravelandmore.com\/fr\/tours\/espagne-fr\/san-sebastian-fr\/toutes-les-visites-et-activites-privees-fr-7\/visite-privee-de-saint-sebastien-zumaia-loyola\/#primaryimage\"},\"thumbnailUrl\":\"https:\/\/tourtravelandmore.com\/wp-content\/uploads\/2024\/02\/image4-4.jpg\",\"datePublished\":\"2024-02-26T08:44:41+00:00\",\"dateModified\":\"2024-03-12T20:10:15+00:00\",\"description\":\"D\u00e9couvrez Saint-S\u00e9bastien, Zumaia et Loyola lors d'une visite priv\u00e9e. Explorez des paysages \u00e9poustouflants, des sites historiques et des tr\u00e9sors culturels. R\u00e9servez d\u00e8s maintenant ! \u2705\",\"breadcrumb\":{\"@id\":\"https:\/\/tourtravelandmore.com\/fr\/tours\/espagne-fr\/san-sebastian-fr\/toutes-les-visites-et-activites-privees-fr-7\/visite-privee-de-saint-sebastien-zumaia-loyola\/#breadcrumb\"},\"inLanguage\":\"fr-FR\",\"potentialAction\":[{\"@type\":\"ReadAction\",\"target\":[\"https:\/\/tourtravelandmore.com\/fr\/tours\/espagne-fr\/san-sebastian-fr\/toutes-les-visites-et-activites-privees-fr-7\/visite-privee-de-saint-sebastien-zumaia-loyola\/\"]}]},{\"@type\":\"ImageObject\",\"inLanguage\":\"fr-FR\",\"@id\":\"https:\/\/tourtravelandmore.com\/fr\/tours\/espagne-fr\/san-sebastian-fr\/toutes-les-visites-et-activites-privees-fr-7\/visite-privee-de-saint-sebastien-zumaia-loyola\/#primaryimage\",\"url\":\"https:\/\/tourtravelandmore.com\/wp-content\/uploads\/2024\/02\/image4-4.jpg\",\"contentUrl\":\"https:\/\/tourtravelandmore.com\/wp-content\/uploads\/2024\/02\/image4-4.jpg\",\"width\":950,\"height\":750},{\"@type\":\"BreadcrumbList\",\"@id\":\"https:\/\/tourtravelandmore.com\/fr\/tours\/espagne-fr\/san-sebastian-fr\/toutes-les-visites-et-activites-privees-fr-7\/visite-privee-de-saint-sebastien-zumaia-loyola\/#breadcrumb\",\"itemListElement\":[{\"@type\":\"ListItem\",\"position\":1,\"name\":\"Home\",\"item\":\"https:\/\/tourtravelandmore.com\/fr\/\"},{\"@type\":\"ListItem\",\"position\":2,\"name\":\"Tours\",\"item\":\"https:\/\/tourtravelandmore.com\/fr\/tours\/\"},{\"@type\":\"ListItem\",\"position\":3,\"name\":\"Visite priv\u00e9e de Saint-S\u00e9bastien, Zumaia et Loyola\"}]},{\"@type\":\"WebSite\",\"@id\":\"https:\/\/tourtravelandmore.com\/fr\/#website\",\"url\":\"https:\/\/tourtravelandmore.com\/fr\/\",\"name\":\"Tour Travel And More\",\"description\":\"Private sightseeing tours and luxury transfers in Spain\",\"publisher\":{\"@id\":\"https:\/\/tourtravelandmore.com\/fr\/#organization\"},\"potentialAction\":[{\"@type\":\"SearchAction\",\"target\":{\"@type\":\"EntryPoint\",\"urlTemplate\":\"https:\/\/tourtravelandmore.com\/fr\/?s={search_term_string}\"},\"query-input\":{\"@type\":\"PropertyValueSpecification\",\"valueRequired\":true,\"valueName\":\"search_term_string\"}}],\"inLanguage\":\"fr-FR\"},{\"@type\":\"Organization\",\"@id\":\"https:\/\/tourtravelandmore.com\/fr\/#organization\",\"name\":\"Tour Travel And More\",\"url\":\"https:\/\/tourtravelandmore.com\/fr\/\",\"logo\":{\"@type\":\"ImageObject\",\"inLanguage\":\"fr-FR\",\"@id\":\"https:\/\/tourtravelandmore.com\/fr\/#\/schema\/logo\/image\/\",\"url\":\"https:\/\/tourtravelandmore.com\/wp-content\/uploads\/2022\/12\/cropped-logo-cabecera-new.png\",\"contentUrl\":\"https:\/\/tourtravelandmore.com\/wp-content\/uploads\/2022\/12\/cropped-logo-cabecera-new.png\",\"width\":430,\"height\":61,\"caption\":\"Tour Travel And More\"},\"image\":{\"@id\":\"https:\/\/tourtravelandmore.com\/fr\/#\/schema\/logo\/image\/\"},\"sameAs\":[\"https:\/\/www.facebook.com\/tourtravelandmore\/\",\"https:\/\/x.com\/TourTravel_More\"]}]}<\/script>\n<!-- \/ Yoast SEO Premium plugin. -->","yoast_head_json":{"title":"\u27a1\ufe0f Explorer le Pays Basque | Visite priv\u00e9e de Saint-S\u00e9bastien, Zumaia et Loyola","description":"D\u00e9couvrez Saint-S\u00e9bastien, Zumaia et Loyola lors d'une visite priv\u00e9e. Explorez des paysages \u00e9poustouflants, des sites historiques et des tr\u00e9sors culturels. R\u00e9servez d\u00e8s maintenant ! \u2705","robots":{"index":"index","follow":"follow","max-snippet":"max-snippet:-1","max-image-preview":"max-image-preview:large","max-video-preview":"max-video-preview:-1"},"canonical":"https:\/\/tourtravelandmore.com\/fr\/tours\/espagne-fr\/san-sebastian-fr\/toutes-les-visites-et-activites-privees-fr-7\/visite-privee-de-saint-sebastien-zumaia-loyola\/","og_locale":"fr_FR","og_type":"article","og_title":"Visite priv\u00e9e de Saint-S\u00e9bastien, Zumaia et Loyola","og_description":"D\u00e9couvrez Saint-S\u00e9bastien, Zumaia et Loyola lors d'une visite priv\u00e9e. Explorez des paysages \u00e9poustouflants, des sites historiques et des tr\u00e9sors culturels. R\u00e9servez d\u00e8s maintenant ! \u2705","og_url":"https:\/\/tourtravelandmore.com\/fr\/tours\/espagne-fr\/san-sebastian-fr\/toutes-les-visites-et-activites-privees-fr-7\/visite-privee-de-saint-sebastien-zumaia-loyola\/","og_site_name":"Tour Travel And More","article_publisher":"https:\/\/www.facebook.com\/tourtravelandmore\/","article_modified_time":"2024-03-12T20:10:15+00:00","og_image":[{"width":950,"height":750,"url":"https:\/\/tourtravelandmore.com\/wp-content\/uploads\/2024\/02\/image4-4.jpg","type":"image\/jpeg"}],"twitter_card":"summary_large_image","twitter_site":"@TourTravel_More","twitter_misc":{"Dur\u00e9e de lecture estim\u00e9e":"4 minutes"},"schema":{"@context":"https:\/\/schema.org","@graph":[{"@type":"WebPage","@id":"https:\/\/tourtravelandmore.com\/fr\/tours\/espagne-fr\/san-sebastian-fr\/toutes-les-visites-et-activites-privees-fr-7\/visite-privee-de-saint-sebastien-zumaia-loyola\/","url":"https:\/\/tourtravelandmore.com\/fr\/tours\/espagne-fr\/san-sebastian-fr\/toutes-les-visites-et-activites-privees-fr-7\/visite-privee-de-saint-sebastien-zumaia-loyola\/","name":"\u27a1\ufe0f Explorer le Pays Basque | Visite priv\u00e9e de Saint-S\u00e9bastien, Zumaia et Loyola","isPartOf":{"@id":"https:\/\/tourtravelandmore.com\/fr\/#website"},"primaryImageOfPage":{"@id":"https:\/\/tourtravelandmore.com\/fr\/tours\/espagne-fr\/san-sebastian-fr\/toutes-les-visites-et-activites-privees-fr-7\/visite-privee-de-saint-sebastien-zumaia-loyola\/#primaryimage"},"image":{"@id":"https:\/\/tourtravelandmore.com\/fr\/tours\/espagne-fr\/san-sebastian-fr\/toutes-les-visites-et-activites-privees-fr-7\/visite-privee-de-saint-sebastien-zumaia-loyola\/#primaryimage"},"thumbnailUrl":"https:\/\/tourtravelandmore.com\/wp-content\/uploads\/2024\/02\/image4-4.jpg","datePublished":"2024-02-26T08:44:41+00:00","dateModified":"2024-03-12T20:10:15+00:00","description":"D\u00e9couvrez Saint-S\u00e9bastien, Zumaia et Loyola lors d'une visite priv\u00e9e. Explorez des paysages \u00e9poustouflants, des sites historiques et des tr\u00e9sors culturels. R\u00e9servez d\u00e8s maintenant ! \u2705","breadcrumb":{"@id":"https:\/\/tourtravelandmore.com\/fr\/tours\/espagne-fr\/san-sebastian-fr\/toutes-les-visites-et-activites-privees-fr-7\/visite-privee-de-saint-sebastien-zumaia-loyola\/#breadcrumb"},"inLanguage":"fr-FR","potentialAction":[{"@type":"ReadAction","target":["https:\/\/tourtravelandmore.com\/fr\/tours\/espagne-fr\/san-sebastian-fr\/toutes-les-visites-et-activites-privees-fr-7\/visite-privee-de-saint-sebastien-zumaia-loyola\/"]}]},{"@type":"ImageObject","inLanguage":"fr-FR","@id":"https:\/\/tourtravelandmore.com\/fr\/tours\/espagne-fr\/san-sebastian-fr\/toutes-les-visites-et-activites-privees-fr-7\/visite-privee-de-saint-sebastien-zumaia-loyola\/#primaryimage","url":"https:\/\/tourtravelandmore.com\/wp-content\/uploads\/2024\/02\/image4-4.jpg","contentUrl":"https:\/\/tourtravelandmore.com\/wp-content\/uploads\/2024\/02\/image4-4.jpg","width":950,"height":750},{"@type":"BreadcrumbList","@id":"https:\/\/tourtravelandmore.com\/fr\/tours\/espagne-fr\/san-sebastian-fr\/toutes-les-visites-et-activites-privees-fr-7\/visite-privee-de-saint-sebastien-zumaia-loyola\/#breadcrumb","itemListElement":[{"@type":"ListItem","position":1,"name":"Home","item":"https:\/\/tourtravelandmore.com\/fr\/"},{"@type":"ListItem","position":2,"name":"Tours","item":"https:\/\/tourtravelandmore.com\/fr\/tours\/"},{"@type":"ListItem","position":3,"name":"Visite priv\u00e9e de Saint-S\u00e9bastien, Zumaia et Loyola"}]},{"@type":"WebSite","@id":"https:\/\/tourtravelandmore.com\/fr\/#website","url":"https:\/\/tourtravelandmore.com\/fr\/","name":"Tour Travel And More","description":"Private sightseeing tours and luxury transfers in Spain","publisher":{"@id":"https:\/\/tourtravelandmore.com\/fr\/#organization"},"potentialAction":[{"@type":"SearchAction","target":{"@type":"EntryPoint","urlTemplate":"https:\/\/tourtravelandmore.com\/fr\/?s={search_term_string}"},"query-input":{"@type":"PropertyValueSpecification","valueRequired":true,"valueName":"search_term_string"}}],"inLanguage":"fr-FR"},{"@type":"Organization","@id":"https:\/\/tourtravelandmore.com\/fr\/#organization","name":"Tour Travel And More","url":"https:\/\/tourtravelandmore.com\/fr\/","logo":{"@type":"ImageObject","inLanguage":"fr-FR","@id":"https:\/\/tourtravelandmore.com\/fr\/#\/schema\/logo\/image\/","url":"https:\/\/tourtravelandmore.com\/wp-content\/uploads\/2022\/12\/cropped-logo-cabecera-new.png","contentUrl":"https:\/\/tourtravelandmore.com\/wp-content\/uploads\/2022\/12\/cropped-logo-cabecera-new.png","width":430,"height":61,"caption":"Tour Travel And More"},"image":{"@id":"https:\/\/tourtravelandmore.com\/fr\/#\/schema\/logo\/image\/"},"sameAs":["https:\/\/www.facebook.com\/tourtravelandmore\/","https:\/\/x.com\/TourTravel_More"]}]}},"_links":{"self":[{"href":"https:\/\/tourtravelandmore.com\/fr\/wp-json\/wp\/v2\/product\/172724","targetHints":{"allow":["GET"]}}],"collection":[{"href":"https:\/\/tourtravelandmore.com\/fr\/wp-json\/wp\/v2\/product"}],"about":[{"href":"https:\/\/tourtravelandmore.com\/fr\/wp-json\/wp\/v2\/types\/product"}],"replies":[{"embeddable":true,"href":"https:\/\/tourtravelandmore.com\/fr\/wp-json\/wp\/v2\/comments?post=172724"}],"wp:featuredmedia":[{"embeddable":true,"href":"https:\/\/tourtravelandmore.com\/fr\/wp-json\/wp\/v2\/media\/172744"}],"wp:attachment":[{"href":"https:\/\/tourtravelandmore.com\/fr\/wp-json\/wp\/v2\/media?parent=172724"}],"wp:term":[{"taxonomy":"product_brand","embeddable":true,"href":"https:\/\/tourtravelandmore.com\/fr\/wp-json\/wp\/v2\/product_brand?post=172724"},{"taxonomy":"product_cat","embeddable":true,"href":"https:\/\/tourtravelandmore.com\/fr\/wp-json\/wp\/v2\/product_cat?post=172724"},{"taxonomy":"product_tag","embeddable":true,"href":"https:\/\/tourtravelandmore.com\/fr\/wp-json\/wp\/v2\/product_tag?post=172724"}],"curies":[{"name":"wp","href":"https:\/\/api.w.org\/{rel}","templated":true}]}}