{"id":172697,"date":"2024-02-26T09:27:52","date_gmt":"2024-02-26T08:27:55","guid":{"rendered":"https:\/\/tourtravelandmore.com\/?post_type=product&#038;p=172697"},"modified":"2024-03-12T19:57:40","modified_gmt":"2024-03-12T18:57:40","slug":"excursion-privee-a-hondarribia-san-juan-et-san-pedro","status":"publish","type":"product","link":"https:\/\/tourtravelandmore.com\/fr\/tours\/espagne-fr\/san-sebastian-fr\/toutes-les-visites-et-activites-privees-fr-7\/excursion-privee-a-hondarribia-san-juan-et-san-pedro\/","title":{"rendered":"Visite priv\u00e9e de Hondarribia, San Juan et San Pedro"},"content":{"rendered":"<h2>Circuit priv\u00e9 \u00e0 Hondarribia, San Juan et San Pedro Description :<\/h2>\n<p>Embarquez pour un voyage inoubliable \u00e0 travers le Pays basque avec notre excursion priv\u00e9e \u00e0 Hondarribia, San Juan et San Pedro. Nich\u00e9es le long de la c\u00f4te accident\u00e9e du nord de l&#8217;Espagne, ces charmantes villes offrent une riche tapisserie d&#8217;histoire, de culture et de beaut\u00e9 naturelle qui ne demande qu&#8217;\u00e0 \u00eatre explor\u00e9e.<\/p>\n<p>Votre aventure commence par une prise en charge pratique \u00e0 l&#8217;endroit de votre choix \u00e0 Saint-S\u00e9bastien. Notre guide expert et notre chauffeur seront \u00e0 votre disposition tout au long de l&#8217;excursion, pour vous garantir une exp\u00e9rience personnalis\u00e9e et sans faille, adapt\u00e9e \u00e0 vos pr\u00e9f\u00e9rences.<\/p>\n<p>Cette visite priv\u00e9e de 4 heures vous emm\u00e8nera de Saint-S\u00e9bastien \u00e0 trois joyaux du Pays basque : Hondarribia, San Juan et San Pedro. Profitez du confort d&#8217;un guide expert et d&#8217;un v\u00e9hicule priv\u00e9 avec chauffeur pour explorer ces lieux enchanteurs.<\/p>\n<p>Ce circuit vous permet de d\u00e9couvrir les richesses culturelles, historiques et naturelles de la r\u00e9gion dans une atmosph\u00e8re exclusive et personnalis\u00e9e. Venez vivre une exp\u00e9rience inoubliable avec Tour Travel &amp; More !<\/p>\n<h2>Points forts :<\/h2>\n<p>Nous commencerons notre visite \u00e0 Hondarribia. Cette charmante ville c\u00f4ti\u00e8re en impose avec ses rues pav\u00e9es, ses maisons color\u00e9es et son grand ch\u00e2teau. D\u00e9couvrez l&#8217;histoire de cette ancienne forteresse et admirez les vues panoramiques sur la mer et la ville depuis le sommet.<\/p>\n<p>Poursuivez votre voyage jusqu&#8217;\u00e0 St Jean de Luz, une ville fran\u00e7aise pittoresque c\u00e9l\u00e8bre pour ses plages de sable dor\u00e9 et son charmant port de p\u00eache. Profitez d&#8217;une promenade relaxante dans ses rues charg\u00e9es d&#8217;histoire et de culture basque-fran\u00e7aise.<\/p>\n<p>Notre derni\u00e8re \u00e9tape sera le village pittoresque de San Pedro, connu pour ses pittoresques maisons blanches et ses rues \u00e9troites. D\u00e9couvrez la vie quotidienne des habitants et appr\u00e9ciez l&#8217;authenticit\u00e9 de cet endroit charmant.<\/p>\n<p>D\u00e9couvrez la beaut\u00e9 et le charme de Hondarribia, San Juan et San Pedro avec Tour Travel and More. Explorez notre gamme de circuits priv\u00e9s et d\u00e9couvrez les tr\u00e9sors cach\u00e9s du Pays basque. R\u00e9servez d\u00e8s aujourd&#8217;hui votre aventure inoubliable.<\/p>\n","protected":false},"excerpt":{"rendered":"<p><span style=\"font-weight: 400;\">Explorez les tr\u00e9sors cach\u00e9s du Pays basque lors de notre excursion priv\u00e9e \u00e0 Hondarribia, San Juan et San Pedro. D\u00e9couvrez des ch\u00e2teaux m\u00e9di\u00e9vaux, des villages de p\u00eacheurs pittoresques et des paysages c\u00f4tiers \u00e9poustouflants en vous immergeant dans la riche histoire et la culture de cette r\u00e9gion enchanteresse.<\/span><\/p>\n","protected":false},"featured_media":172716,"comment_status":"open","ping_status":"closed","template":"","meta":{"_acf_changed":false},"product_brand":[],"product_cat":[5085,5084,3647],"product_tag":[],"class_list":{"0":"post-172697","1":"product","2":"type-product","3":"status-publish","4":"has-post-thumbnail","6":"product_cat-excursions-privees-dune-journee-fr-6","7":"product_cat-toutes-les-visites-et-activites-privees-fr-7","8":"product_cat-san-sebastian-fr","10":"first","11":"instock","12":"shipping-taxable","13":"purchasable","14":"product-type-simple"},"acf":[],"yoast_head":"<!-- This site is optimized with the Yoast SEO Premium plugin v25.3.1 (Yoast SEO v25.3.1) - https:\/\/yoast.com\/wordpress\/plugins\/seo\/ -->\n<title>\u27a1\ufe0f D\u00e9couvrez les tr\u00e9sors cach\u00e9s du Pays Basque | Excursion priv\u00e9e<\/title>\n<meta name=\"description\" content=\"Explorez Hondarribia, San Juan et San Pedro lors d&#039;une excursion priv\u00e9e. D\u00e9couvrez des ch\u00e2teaux m\u00e9di\u00e9vaux, de charmants villages et des paysages c\u00f4tiers \u00e0 couper le souffle. R\u00e9servez d\u00e8s maintenant ! \u2705\" \/>\n<meta name=\"robots\" content=\"index, follow, max-snippet:-1, max-image-preview:large, max-video-preview:-1\" \/>\n<link rel=\"canonical\" href=\"https:\/\/tourtravelandmore.com\/fr\/tours\/espagne-fr\/san-sebastian-fr\/toutes-les-visites-et-activites-privees-fr-7\/excursion-privee-a-hondarribia-san-juan-et-san-pedro\/\" \/>\n<meta property=\"og:locale\" content=\"fr_FR\" \/>\n<meta property=\"og:type\" content=\"article\" \/>\n<meta property=\"og:title\" content=\"Visite priv\u00e9e de Hondarribia, San Juan et San Pedro\" \/>\n<meta property=\"og:description\" content=\"Explorez Hondarribia, San Juan et San Pedro lors d&#039;une excursion priv\u00e9e. D\u00e9couvrez des ch\u00e2teaux m\u00e9di\u00e9vaux, de charmants villages et des paysages c\u00f4tiers \u00e0 couper le souffle. R\u00e9servez d\u00e8s maintenant ! \u2705\" \/>\n<meta property=\"og:url\" content=\"https:\/\/tourtravelandmore.com\/fr\/tours\/espagne-fr\/san-sebastian-fr\/toutes-les-visites-et-activites-privees-fr-7\/excursion-privee-a-hondarribia-san-juan-et-san-pedro\/\" \/>\n<meta property=\"og:site_name\" content=\"Tour Travel And More\" \/>\n<meta property=\"article:publisher\" content=\"https:\/\/www.facebook.com\/tourtravelandmore\/\" \/>\n<meta property=\"article:modified_time\" content=\"2024-03-12T18:57:40+00:00\" \/>\n<meta property=\"og:image\" content=\"https:\/\/tourtravelandmore.com\/wp-content\/uploads\/2024\/02\/image4-3.jpg\" \/>\n\t<meta property=\"og:image:width\" content=\"950\" \/>\n\t<meta property=\"og:image:height\" content=\"750\" \/>\n\t<meta property=\"og:image:type\" content=\"image\/jpeg\" \/>\n<meta name=\"twitter:card\" content=\"summary_large_image\" \/>\n<meta name=\"twitter:site\" content=\"@TourTravel_More\" \/>\n<meta name=\"twitter:label1\" content=\"Dur\u00e9e de lecture estim\u00e9e\" \/>\n\t<meta name=\"twitter:data1\" content=\"4 minutes\" \/>\n<script type=\"application\/ld+json\" class=\"yoast-schema-graph\">{\"@context\":\"https:\/\/schema.org\",\"@graph\":[{\"@type\":\"WebPage\",\"@id\":\"https:\/\/tourtravelandmore.com\/fr\/tours\/espagne-fr\/san-sebastian-fr\/toutes-les-visites-et-activites-privees-fr-7\/excursion-privee-a-hondarribia-san-juan-et-san-pedro\/\",\"url\":\"https:\/\/tourtravelandmore.com\/fr\/tours\/espagne-fr\/san-sebastian-fr\/toutes-les-visites-et-activites-privees-fr-7\/excursion-privee-a-hondarribia-san-juan-et-san-pedro\/\",\"name\":\"\u27a1\ufe0f D\u00e9couvrez les tr\u00e9sors cach\u00e9s du Pays Basque | Excursion priv\u00e9e\",\"isPartOf\":{\"@id\":\"https:\/\/tourtravelandmore.com\/fr\/#website\"},\"primaryImageOfPage\":{\"@id\":\"https:\/\/tourtravelandmore.com\/fr\/tours\/espagne-fr\/san-sebastian-fr\/toutes-les-visites-et-activites-privees-fr-7\/excursion-privee-a-hondarribia-san-juan-et-san-pedro\/#primaryimage\"},\"image\":{\"@id\":\"https:\/\/tourtravelandmore.com\/fr\/tours\/espagne-fr\/san-sebastian-fr\/toutes-les-visites-et-activites-privees-fr-7\/excursion-privee-a-hondarribia-san-juan-et-san-pedro\/#primaryimage\"},\"thumbnailUrl\":\"https:\/\/tourtravelandmore.com\/wp-content\/uploads\/2024\/02\/image4-3.jpg\",\"datePublished\":\"2024-02-26T08:27:55+00:00\",\"dateModified\":\"2024-03-12T18:57:40+00:00\",\"description\":\"Explorez Hondarribia, San Juan et San Pedro lors d'une excursion priv\u00e9e. D\u00e9couvrez des ch\u00e2teaux m\u00e9di\u00e9vaux, de charmants villages et des paysages c\u00f4tiers \u00e0 couper le souffle. R\u00e9servez d\u00e8s maintenant ! \u2705\",\"breadcrumb\":{\"@id\":\"https:\/\/tourtravelandmore.com\/fr\/tours\/espagne-fr\/san-sebastian-fr\/toutes-les-visites-et-activites-privees-fr-7\/excursion-privee-a-hondarribia-san-juan-et-san-pedro\/#breadcrumb\"},\"inLanguage\":\"fr-FR\",\"potentialAction\":[{\"@type\":\"ReadAction\",\"target\":[\"https:\/\/tourtravelandmore.com\/fr\/tours\/espagne-fr\/san-sebastian-fr\/toutes-les-visites-et-activites-privees-fr-7\/excursion-privee-a-hondarribia-san-juan-et-san-pedro\/\"]}]},{\"@type\":\"ImageObject\",\"inLanguage\":\"fr-FR\",\"@id\":\"https:\/\/tourtravelandmore.com\/fr\/tours\/espagne-fr\/san-sebastian-fr\/toutes-les-visites-et-activites-privees-fr-7\/excursion-privee-a-hondarribia-san-juan-et-san-pedro\/#primaryimage\",\"url\":\"https:\/\/tourtravelandmore.com\/wp-content\/uploads\/2024\/02\/image4-3.jpg\",\"contentUrl\":\"https:\/\/tourtravelandmore.com\/wp-content\/uploads\/2024\/02\/image4-3.jpg\",\"width\":950,\"height\":750},{\"@type\":\"BreadcrumbList\",\"@id\":\"https:\/\/tourtravelandmore.com\/fr\/tours\/espagne-fr\/san-sebastian-fr\/toutes-les-visites-et-activites-privees-fr-7\/excursion-privee-a-hondarribia-san-juan-et-san-pedro\/#breadcrumb\",\"itemListElement\":[{\"@type\":\"ListItem\",\"position\":1,\"name\":\"Home\",\"item\":\"https:\/\/tourtravelandmore.com\/fr\/\"},{\"@type\":\"ListItem\",\"position\":2,\"name\":\"Tours\",\"item\":\"https:\/\/tourtravelandmore.com\/fr\/tours\/\"},{\"@type\":\"ListItem\",\"position\":3,\"name\":\"Visite priv\u00e9e de Hondarribia, San Juan et San Pedro\"}]},{\"@type\":\"WebSite\",\"@id\":\"https:\/\/tourtravelandmore.com\/fr\/#website\",\"url\":\"https:\/\/tourtravelandmore.com\/fr\/\",\"name\":\"Tour Travel And More\",\"description\":\"Private sightseeing tours and luxury transfers in Spain\",\"publisher\":{\"@id\":\"https:\/\/tourtravelandmore.com\/fr\/#organization\"},\"potentialAction\":[{\"@type\":\"SearchAction\",\"target\":{\"@type\":\"EntryPoint\",\"urlTemplate\":\"https:\/\/tourtravelandmore.com\/fr\/?s={search_term_string}\"},\"query-input\":{\"@type\":\"PropertyValueSpecification\",\"valueRequired\":true,\"valueName\":\"search_term_string\"}}],\"inLanguage\":\"fr-FR\"},{\"@type\":\"Organization\",\"@id\":\"https:\/\/tourtravelandmore.com\/fr\/#organization\",\"name\":\"Tour Travel And More\",\"url\":\"https:\/\/tourtravelandmore.com\/fr\/\",\"logo\":{\"@type\":\"ImageObject\",\"inLanguage\":\"fr-FR\",\"@id\":\"https:\/\/tourtravelandmore.com\/fr\/#\/schema\/logo\/image\/\",\"url\":\"https:\/\/tourtravelandmore.com\/wp-content\/uploads\/2022\/12\/cropped-logo-cabecera-new.png\",\"contentUrl\":\"https:\/\/tourtravelandmore.com\/wp-content\/uploads\/2022\/12\/cropped-logo-cabecera-new.png\",\"width\":430,\"height\":61,\"caption\":\"Tour Travel And More\"},\"image\":{\"@id\":\"https:\/\/tourtravelandmore.com\/fr\/#\/schema\/logo\/image\/\"},\"sameAs\":[\"https:\/\/www.facebook.com\/tourtravelandmore\/\",\"https:\/\/x.com\/TourTravel_More\"]}]}<\/script>\n<!-- \/ Yoast SEO Premium plugin. -->","yoast_head_json":{"title":"\u27a1\ufe0f D\u00e9couvrez les tr\u00e9sors cach\u00e9s du Pays Basque | Excursion priv\u00e9e","description":"Explorez Hondarribia, San Juan et San Pedro lors d'une excursion priv\u00e9e. D\u00e9couvrez des ch\u00e2teaux m\u00e9di\u00e9vaux, de charmants villages et des paysages c\u00f4tiers \u00e0 couper le souffle. R\u00e9servez d\u00e8s maintenant ! \u2705","robots":{"index":"index","follow":"follow","max-snippet":"max-snippet:-1","max-image-preview":"max-image-preview:large","max-video-preview":"max-video-preview:-1"},"canonical":"https:\/\/tourtravelandmore.com\/fr\/tours\/espagne-fr\/san-sebastian-fr\/toutes-les-visites-et-activites-privees-fr-7\/excursion-privee-a-hondarribia-san-juan-et-san-pedro\/","og_locale":"fr_FR","og_type":"article","og_title":"Visite priv\u00e9e de Hondarribia, San Juan et San Pedro","og_description":"Explorez Hondarribia, San Juan et San Pedro lors d'une excursion priv\u00e9e. D\u00e9couvrez des ch\u00e2teaux m\u00e9di\u00e9vaux, de charmants villages et des paysages c\u00f4tiers \u00e0 couper le souffle. R\u00e9servez d\u00e8s maintenant ! \u2705","og_url":"https:\/\/tourtravelandmore.com\/fr\/tours\/espagne-fr\/san-sebastian-fr\/toutes-les-visites-et-activites-privees-fr-7\/excursion-privee-a-hondarribia-san-juan-et-san-pedro\/","og_site_name":"Tour Travel And More","article_publisher":"https:\/\/www.facebook.com\/tourtravelandmore\/","article_modified_time":"2024-03-12T18:57:40+00:00","og_image":[{"width":950,"height":750,"url":"https:\/\/tourtravelandmore.com\/wp-content\/uploads\/2024\/02\/image4-3.jpg","type":"image\/jpeg"}],"twitter_card":"summary_large_image","twitter_site":"@TourTravel_More","twitter_misc":{"Dur\u00e9e de lecture estim\u00e9e":"4 minutes"},"schema":{"@context":"https:\/\/schema.org","@graph":[{"@type":"WebPage","@id":"https:\/\/tourtravelandmore.com\/fr\/tours\/espagne-fr\/san-sebastian-fr\/toutes-les-visites-et-activites-privees-fr-7\/excursion-privee-a-hondarribia-san-juan-et-san-pedro\/","url":"https:\/\/tourtravelandmore.com\/fr\/tours\/espagne-fr\/san-sebastian-fr\/toutes-les-visites-et-activites-privees-fr-7\/excursion-privee-a-hondarribia-san-juan-et-san-pedro\/","name":"\u27a1\ufe0f D\u00e9couvrez les tr\u00e9sors cach\u00e9s du Pays Basque | Excursion priv\u00e9e","isPartOf":{"@id":"https:\/\/tourtravelandmore.com\/fr\/#website"},"primaryImageOfPage":{"@id":"https:\/\/tourtravelandmore.com\/fr\/tours\/espagne-fr\/san-sebastian-fr\/toutes-les-visites-et-activites-privees-fr-7\/excursion-privee-a-hondarribia-san-juan-et-san-pedro\/#primaryimage"},"image":{"@id":"https:\/\/tourtravelandmore.com\/fr\/tours\/espagne-fr\/san-sebastian-fr\/toutes-les-visites-et-activites-privees-fr-7\/excursion-privee-a-hondarribia-san-juan-et-san-pedro\/#primaryimage"},"thumbnailUrl":"https:\/\/tourtravelandmore.com\/wp-content\/uploads\/2024\/02\/image4-3.jpg","datePublished":"2024-02-26T08:27:55+00:00","dateModified":"2024-03-12T18:57:40+00:00","description":"Explorez Hondarribia, San Juan et San Pedro lors d'une excursion priv\u00e9e. D\u00e9couvrez des ch\u00e2teaux m\u00e9di\u00e9vaux, de charmants villages et des paysages c\u00f4tiers \u00e0 couper le souffle. R\u00e9servez d\u00e8s maintenant ! \u2705","breadcrumb":{"@id":"https:\/\/tourtravelandmore.com\/fr\/tours\/espagne-fr\/san-sebastian-fr\/toutes-les-visites-et-activites-privees-fr-7\/excursion-privee-a-hondarribia-san-juan-et-san-pedro\/#breadcrumb"},"inLanguage":"fr-FR","potentialAction":[{"@type":"ReadAction","target":["https:\/\/tourtravelandmore.com\/fr\/tours\/espagne-fr\/san-sebastian-fr\/toutes-les-visites-et-activites-privees-fr-7\/excursion-privee-a-hondarribia-san-juan-et-san-pedro\/"]}]},{"@type":"ImageObject","inLanguage":"fr-FR","@id":"https:\/\/tourtravelandmore.com\/fr\/tours\/espagne-fr\/san-sebastian-fr\/toutes-les-visites-et-activites-privees-fr-7\/excursion-privee-a-hondarribia-san-juan-et-san-pedro\/#primaryimage","url":"https:\/\/tourtravelandmore.com\/wp-content\/uploads\/2024\/02\/image4-3.jpg","contentUrl":"https:\/\/tourtravelandmore.com\/wp-content\/uploads\/2024\/02\/image4-3.jpg","width":950,"height":750},{"@type":"BreadcrumbList","@id":"https:\/\/tourtravelandmore.com\/fr\/tours\/espagne-fr\/san-sebastian-fr\/toutes-les-visites-et-activites-privees-fr-7\/excursion-privee-a-hondarribia-san-juan-et-san-pedro\/#breadcrumb","itemListElement":[{"@type":"ListItem","position":1,"name":"Home","item":"https:\/\/tourtravelandmore.com\/fr\/"},{"@type":"ListItem","position":2,"name":"Tours","item":"https:\/\/tourtravelandmore.com\/fr\/tours\/"},{"@type":"ListItem","position":3,"name":"Visite priv\u00e9e de Hondarribia, San Juan et San Pedro"}]},{"@type":"WebSite","@id":"https:\/\/tourtravelandmore.com\/fr\/#website","url":"https:\/\/tourtravelandmore.com\/fr\/","name":"Tour Travel And More","description":"Private sightseeing tours and luxury transfers in Spain","publisher":{"@id":"https:\/\/tourtravelandmore.com\/fr\/#organization"},"potentialAction":[{"@type":"SearchAction","target":{"@type":"EntryPoint","urlTemplate":"https:\/\/tourtravelandmore.com\/fr\/?s={search_term_string}"},"query-input":{"@type":"PropertyValueSpecification","valueRequired":true,"valueName":"search_term_string"}}],"inLanguage":"fr-FR"},{"@type":"Organization","@id":"https:\/\/tourtravelandmore.com\/fr\/#organization","name":"Tour Travel And More","url":"https:\/\/tourtravelandmore.com\/fr\/","logo":{"@type":"ImageObject","inLanguage":"fr-FR","@id":"https:\/\/tourtravelandmore.com\/fr\/#\/schema\/logo\/image\/","url":"https:\/\/tourtravelandmore.com\/wp-content\/uploads\/2022\/12\/cropped-logo-cabecera-new.png","contentUrl":"https:\/\/tourtravelandmore.com\/wp-content\/uploads\/2022\/12\/cropped-logo-cabecera-new.png","width":430,"height":61,"caption":"Tour Travel And More"},"image":{"@id":"https:\/\/tourtravelandmore.com\/fr\/#\/schema\/logo\/image\/"},"sameAs":["https:\/\/www.facebook.com\/tourtravelandmore\/","https:\/\/x.com\/TourTravel_More"]}]}},"_links":{"self":[{"href":"https:\/\/tourtravelandmore.com\/fr\/wp-json\/wp\/v2\/product\/172697","targetHints":{"allow":["GET"]}}],"collection":[{"href":"https:\/\/tourtravelandmore.com\/fr\/wp-json\/wp\/v2\/product"}],"about":[{"href":"https:\/\/tourtravelandmore.com\/fr\/wp-json\/wp\/v2\/types\/product"}],"replies":[{"embeddable":true,"href":"https:\/\/tourtravelandmore.com\/fr\/wp-json\/wp\/v2\/comments?post=172697"}],"wp:featuredmedia":[{"embeddable":true,"href":"https:\/\/tourtravelandmore.com\/fr\/wp-json\/wp\/v2\/media\/172716"}],"wp:attachment":[{"href":"https:\/\/tourtravelandmore.com\/fr\/wp-json\/wp\/v2\/media?parent=172697"}],"wp:term":[{"taxonomy":"product_brand","embeddable":true,"href":"https:\/\/tourtravelandmore.com\/fr\/wp-json\/wp\/v2\/product_brand?post=172697"},{"taxonomy":"product_cat","embeddable":true,"href":"https:\/\/tourtravelandmore.com\/fr\/wp-json\/wp\/v2\/product_cat?post=172697"},{"taxonomy":"product_tag","embeddable":true,"href":"https:\/\/tourtravelandmore.com\/fr\/wp-json\/wp\/v2\/product_tag?post=172697"}],"curies":[{"name":"wp","href":"https:\/\/api.w.org\/{rel}","templated":true}]}}