{"id":172577,"date":"2024-02-19T14:15:27","date_gmt":"2024-02-19T13:15:31","guid":{"rendered":"https:\/\/tourtravelandmore.com\/?post_type=product&#038;p=172577"},"modified":"2024-02-19T14:25:38","modified_gmt":"2024-02-19T13:25:38","slug":"excursion-privee-au-lac-de-garde-et-a-sirmione","status":"publish","type":"product","link":"https:\/\/tourtravelandmore.com\/fr\/tours\/italie-fr\/verona-fr\/toutes-les-visites-et-activites-privees-verona-fr\/excursion-privee-au-lac-de-garde-et-a-sirmione\/","title":{"rendered":"Excursion priv\u00e9e au Lac de Garde et \u00e0 Sirmione"},"content":{"rendered":"<h2><b>Excursion priv\u00e9e au lac de Garde et \u00e0 Sirmione Description<\/b><\/h2>\n<p><span style=\"font-weight: 400;\">L&#8217;attrait intemporel de l&#8217;Italie prend vie dans notre excursion priv\u00e9e au lac de Garde et \u00e0 Sirmione. Chez Tour Travel and More, notre priorit\u00e9 est d&#8217;offrir des exp\u00e9riences m\u00e9morables, et cette excursion de cinq heures avec un guide local et un v\u00e9hicule remplit largement cette promesse.<\/span><\/p>\n<p><span style=\"font-weight: 400;\">Cette excursion d\u00e9voile le c\u0153ur de deux destinations italiennes embl\u00e9matiques. Tout d&#8217;abord, le lac de Garde, le plus grand et peut-\u00eatre le plus impressionnant lac d&#8217;Italie, et ensuite Sirmione, une petite ville avec des si\u00e8cles d&#8217;histoire et de culture qui a \u00e9t\u00e9 surnomm\u00e9e la &#8220;Perle du lac&#8221;.<\/span><\/p>\n<p><span style=\"font-weight: 400;\">La beaut\u00e9 in\u00e9gal\u00e9e du lac de Garde se r\u00e9v\u00e8le dans ses eaux cristallines et son littoral parsem\u00e9 de villages pittoresques. Ses eaux fra\u00eeches et sereines refl\u00e8tent les couleurs vibrantes des montagnes environnantes et des fleurs \u00e9clatantes qui bordent ses rives. Le lac offre un cadre paisible pour profiter de la nature et de la beaut\u00e9 des paysages italiens.<\/span><\/p>\n<p><span style=\"font-weight: 400;\">D&#8217;autre part, Sirmione se distingue par son remarquable patrimoine architectural et culturel. Son impressionnant ch\u00e2teau m\u00e9di\u00e9val, ses thermes romains et son atmosph\u00e8re enchanteresse capturent l&#8217;essence m\u00eame de l&#8217;Italie. Cette visite priv\u00e9e vous permettra de vous immerger dans ces deux destinations italiennes exceptionnelles, en d\u00e9couvrant leurs richesses naturelles et historiques.<\/span><\/p>\n<h2><b>Points d&#8217;int\u00e9r\u00eat de l&#8217;excursion priv\u00e9e au lac de Garde et \u00e0 Sirmione<\/b><\/h2>\n<ul>\n<li style=\"font-weight: 400;\" aria-level=\"1\"><b>Lac de Garde :<\/b><span style=\"font-weight: 400;\"> Notre excursion commence par l&#8217;incomparable lac de Garde. Ce paradis pour les amoureux de la nature est un spectacle majestueux. Entour\u00e9 de montagnes et agr\u00e9ment\u00e9 de charmants villages sur ses rives, chaque coin de ce lac raconte sa propre histoire. C&#8217;est l&#8217;endroit id\u00e9al pour pratiquer toute une s\u00e9rie d&#8217;activit\u00e9s de plein air. Que vous d\u00e9cidiez de vous promener sur les sentiers de montagne, de pique-niquer sur les rives ou simplement d&#8217;admirer la beaut\u00e9 du lac, votre visite au lac de Garde sera une exp\u00e9rience inoubliable.<\/span><\/li>\n<li style=\"font-weight: 400;\" aria-level=\"1\"><b>Sirmione :<\/b><span style=\"font-weight: 400;\"> Notre prochaine \u00e9tape est la charmante ville de Sirmione. Situ\u00e9e sur une p\u00e9ninsule qui s&#8217;avance dans le lac, Sirmione offre une combinaison unique d&#8217;histoire naturelle et culturelle. Elle est connue pour son ch\u00e2teau m\u00e9di\u00e9val, la Rocca Scaligera, qui offre une vue panoramique spectaculaire sur le lac et la ville. En vous promenant dans ses rues \u00e9troites et sinueuses, vous remonterez le temps, \u00e0 l&#8217;\u00e9poque des chevaliers et des forteresses.<\/span><\/li>\n<li style=\"font-weight: 400;\" aria-level=\"1\"><b>Thermes de Sirmione :<\/b><span style=\"font-weight: 400;\"> Sirmione est connue pour ses sources thermales, qui sont un lieu de gu\u00e9rison et de rajeunissement depuis des si\u00e8cles. Les thermes de Sirmione sont une v\u00e9ritable oasis de d\u00e9tente. Vous pouvez vous immerger dans les eaux chaudes et th\u00e9rapeutiques, riches en min\u00e9raux, et profiter d&#8217;une vari\u00e9t\u00e9 de traitements de bien-\u00eatre, faisant de votre visite \u00e0 Sirmione une exp\u00e9rience de luxe et de relaxation.<\/span><\/li>\n<li style=\"font-weight: 400;\" aria-level=\"1\"><b>Grotte di Catullo :<\/b><span style=\"font-weight: 400;\"> Notre derni\u00e8re \u00e9tape est la Grotte di Catullo, un ancien complexe de ruines romaines situ\u00e9 \u00e0 l&#8217;extr\u00e9mit\u00e9 de la p\u00e9ninsule de Sirmione. Les &#8220;grottes&#8221;, qui sont en fait les ruines d&#8217;une ancienne villa romaine, surplombent le lac et offrent une vue panoramique \u00e9poustouflante. Vous pouvez explorer les ruines fascinantes, vous promener dans le mus\u00e9e et d\u00e9couvrir la riche histoire de ce lieu.<\/span><\/li>\n<\/ul>\n<p><span style=\"font-weight: 400;\">N&#8217;attendez plus, d\u00e9couvrez le lac de Garde et Sirmione \u00e0 votre fa\u00e7on.<\/span><span style=\"font-weight: 400;\"> Chez Tour Travel and More, nous sommes fiers d&#8217;offrir un service exceptionnel et personnalis\u00e9, adapt\u00e9 \u00e0 vos pr\u00e9f\u00e9rences et \u00e0 vos int\u00e9r\u00eats. Chaque circuit est une aventure sp\u00e9cialement con\u00e7ue pour vous, vous donnant une vision intime et unique de ces fascinantes destinations italiennes. Nous invitons nos chers voyageurs \u00e0 explorer la vaste gamme de circuits priv\u00e9s que nous proposons \u00e0 V\u00e9rone et dans ses environs sur notre site web : https:\/\/tourtravelandmore.com\/. R\u00e9servez d\u00e8s aujourd&#8217;hui votre exp\u00e9rience inoubliable.<\/span><\/p>\n","protected":false},"excerpt":{"rendered":"<p><span style=\"font-weight: 400;\">Embarquez pour une aventure magique \u00e0 travers le majestueux lac de Garde et la ville historique de Sirmione. D\u00e9couvrez la richesse de l&#8217;histoire et la beaut\u00e9 naturelle qui font de ces destinations italiennes des lieux incontournables.<\/span><\/p>\n","protected":false},"featured_media":172587,"comment_status":"open","ping_status":"closed","template":"","meta":{"_acf_changed":false},"product_brand":[],"product_cat":[3707,4315,4316],"product_tag":[],"class_list":{"0":"post-172577","1":"product","2":"type-product","3":"status-publish","4":"has-post-thumbnail","6":"product_cat-verona-fr","7":"product_cat-toutes-les-visites-et-activites-privees-verona-fr","8":"product_cat-visites-guidees-privees-verona-fr","10":"first","11":"instock","12":"shipping-taxable","13":"purchasable","14":"product-type-simple"},"acf":[],"yoast_head":"<!-- This site is optimized with the Yoast SEO Premium plugin v25.3.1 (Yoast SEO v25.3.1) - https:\/\/yoast.com\/wordpress\/plugins\/seo\/ -->\n<title>\u27a1\ufe0f Private Tour au Lac de Garde et \u00e0 Sirmione | Tour Travel &amp; More<\/title>\n<meta name=\"description\" content=\"D\u00e9couvrez la beaut\u00e9 naturelle et la richesse historique du lac de Garde et de Sirmione lors d&#039;une visite priv\u00e9e. D\u00e9couvrez le meilleur de l&#039;Italie avec nous. \u2705\" \/>\n<meta name=\"robots\" content=\"index, follow, max-snippet:-1, max-image-preview:large, max-video-preview:-1\" \/>\n<link rel=\"canonical\" href=\"https:\/\/tourtravelandmore.com\/fr\/tours\/italie-fr\/verona-fr\/toutes-les-visites-et-activites-privees-verona-fr\/excursion-privee-au-lac-de-garde-et-a-sirmione\/\" \/>\n<meta property=\"og:locale\" content=\"fr_FR\" \/>\n<meta property=\"og:type\" content=\"article\" \/>\n<meta property=\"og:title\" content=\"Excursion priv\u00e9e au Lac de Garde et \u00e0 Sirmione\" \/>\n<meta property=\"og:description\" content=\"D\u00e9couvrez la beaut\u00e9 naturelle et la richesse historique du lac de Garde et de Sirmione lors d&#039;une visite priv\u00e9e. D\u00e9couvrez le meilleur de l&#039;Italie avec nous. \u2705\" \/>\n<meta property=\"og:url\" content=\"https:\/\/tourtravelandmore.com\/fr\/tours\/italie-fr\/verona-fr\/toutes-les-visites-et-activites-privees-verona-fr\/excursion-privee-au-lac-de-garde-et-a-sirmione\/\" \/>\n<meta property=\"og:site_name\" content=\"Tour Travel And More\" \/>\n<meta property=\"article:publisher\" content=\"https:\/\/www.facebook.com\/tourtravelandmore\/\" \/>\n<meta property=\"article:modified_time\" content=\"2024-02-19T13:25:38+00:00\" \/>\n<meta property=\"og:image\" content=\"https:\/\/tourtravelandmore.com\/wp-content\/uploads\/2024\/02\/1.jpg\" \/>\n\t<meta property=\"og:image:width\" content=\"950\" \/>\n\t<meta property=\"og:image:height\" content=\"750\" \/>\n\t<meta property=\"og:image:type\" content=\"image\/jpeg\" \/>\n<meta name=\"twitter:card\" content=\"summary_large_image\" \/>\n<meta name=\"twitter:site\" content=\"@TourTravel_More\" \/>\n<meta name=\"twitter:label1\" content=\"Dur\u00e9e de lecture estim\u00e9e\" \/>\n\t<meta name=\"twitter:data1\" content=\"3 minutes\" \/>\n<script type=\"application\/ld+json\" class=\"yoast-schema-graph\">{\"@context\":\"https:\/\/schema.org\",\"@graph\":[{\"@type\":\"WebPage\",\"@id\":\"https:\/\/tourtravelandmore.com\/fr\/tours\/italie-fr\/verona-fr\/toutes-les-visites-et-activites-privees-verona-fr\/excursion-privee-au-lac-de-garde-et-a-sirmione\/\",\"url\":\"https:\/\/tourtravelandmore.com\/fr\/tours\/italie-fr\/verona-fr\/toutes-les-visites-et-activites-privees-verona-fr\/excursion-privee-au-lac-de-garde-et-a-sirmione\/\",\"name\":\"\u27a1\ufe0f Private Tour au Lac de Garde et \u00e0 Sirmione | Tour Travel & More\",\"isPartOf\":{\"@id\":\"https:\/\/tourtravelandmore.com\/fr\/#website\"},\"primaryImageOfPage\":{\"@id\":\"https:\/\/tourtravelandmore.com\/fr\/tours\/italie-fr\/verona-fr\/toutes-les-visites-et-activites-privees-verona-fr\/excursion-privee-au-lac-de-garde-et-a-sirmione\/#primaryimage\"},\"image\":{\"@id\":\"https:\/\/tourtravelandmore.com\/fr\/tours\/italie-fr\/verona-fr\/toutes-les-visites-et-activites-privees-verona-fr\/excursion-privee-au-lac-de-garde-et-a-sirmione\/#primaryimage\"},\"thumbnailUrl\":\"https:\/\/tourtravelandmore.com\/wp-content\/uploads\/2024\/02\/1.jpg\",\"datePublished\":\"2024-02-19T13:15:31+00:00\",\"dateModified\":\"2024-02-19T13:25:38+00:00\",\"description\":\"D\u00e9couvrez la beaut\u00e9 naturelle et la richesse historique du lac de Garde et de Sirmione lors d'une visite priv\u00e9e. D\u00e9couvrez le meilleur de l'Italie avec nous. \u2705\",\"breadcrumb\":{\"@id\":\"https:\/\/tourtravelandmore.com\/fr\/tours\/italie-fr\/verona-fr\/toutes-les-visites-et-activites-privees-verona-fr\/excursion-privee-au-lac-de-garde-et-a-sirmione\/#breadcrumb\"},\"inLanguage\":\"fr-FR\",\"potentialAction\":[{\"@type\":\"ReadAction\",\"target\":[\"https:\/\/tourtravelandmore.com\/fr\/tours\/italie-fr\/verona-fr\/toutes-les-visites-et-activites-privees-verona-fr\/excursion-privee-au-lac-de-garde-et-a-sirmione\/\"]}]},{\"@type\":\"ImageObject\",\"inLanguage\":\"fr-FR\",\"@id\":\"https:\/\/tourtravelandmore.com\/fr\/tours\/italie-fr\/verona-fr\/toutes-les-visites-et-activites-privees-verona-fr\/excursion-privee-au-lac-de-garde-et-a-sirmione\/#primaryimage\",\"url\":\"https:\/\/tourtravelandmore.com\/wp-content\/uploads\/2024\/02\/1.jpg\",\"contentUrl\":\"https:\/\/tourtravelandmore.com\/wp-content\/uploads\/2024\/02\/1.jpg\",\"width\":950,\"height\":750},{\"@type\":\"BreadcrumbList\",\"@id\":\"https:\/\/tourtravelandmore.com\/fr\/tours\/italie-fr\/verona-fr\/toutes-les-visites-et-activites-privees-verona-fr\/excursion-privee-au-lac-de-garde-et-a-sirmione\/#breadcrumb\",\"itemListElement\":[{\"@type\":\"ListItem\",\"position\":1,\"name\":\"Home\",\"item\":\"https:\/\/tourtravelandmore.com\/fr\/\"},{\"@type\":\"ListItem\",\"position\":2,\"name\":\"Tours\",\"item\":\"https:\/\/tourtravelandmore.com\/fr\/tours\/\"},{\"@type\":\"ListItem\",\"position\":3,\"name\":\"Excursion priv\u00e9e au Lac de Garde et \u00e0 Sirmione\"}]},{\"@type\":\"WebSite\",\"@id\":\"https:\/\/tourtravelandmore.com\/fr\/#website\",\"url\":\"https:\/\/tourtravelandmore.com\/fr\/\",\"name\":\"Tour Travel And More\",\"description\":\"Private sightseeing tours and luxury transfers in Spain\",\"publisher\":{\"@id\":\"https:\/\/tourtravelandmore.com\/fr\/#organization\"},\"potentialAction\":[{\"@type\":\"SearchAction\",\"target\":{\"@type\":\"EntryPoint\",\"urlTemplate\":\"https:\/\/tourtravelandmore.com\/fr\/?s={search_term_string}\"},\"query-input\":{\"@type\":\"PropertyValueSpecification\",\"valueRequired\":true,\"valueName\":\"search_term_string\"}}],\"inLanguage\":\"fr-FR\"},{\"@type\":\"Organization\",\"@id\":\"https:\/\/tourtravelandmore.com\/fr\/#organization\",\"name\":\"Tour Travel And More\",\"url\":\"https:\/\/tourtravelandmore.com\/fr\/\",\"logo\":{\"@type\":\"ImageObject\",\"inLanguage\":\"fr-FR\",\"@id\":\"https:\/\/tourtravelandmore.com\/fr\/#\/schema\/logo\/image\/\",\"url\":\"https:\/\/tourtravelandmore.com\/wp-content\/uploads\/2022\/12\/cropped-logo-cabecera-new.png\",\"contentUrl\":\"https:\/\/tourtravelandmore.com\/wp-content\/uploads\/2022\/12\/cropped-logo-cabecera-new.png\",\"width\":430,\"height\":61,\"caption\":\"Tour Travel And More\"},\"image\":{\"@id\":\"https:\/\/tourtravelandmore.com\/fr\/#\/schema\/logo\/image\/\"},\"sameAs\":[\"https:\/\/www.facebook.com\/tourtravelandmore\/\",\"https:\/\/x.com\/TourTravel_More\"]}]}<\/script>\n<!-- \/ Yoast SEO Premium plugin. -->","yoast_head_json":{"title":"\u27a1\ufe0f Private Tour au Lac de Garde et \u00e0 Sirmione | Tour Travel & More","description":"D\u00e9couvrez la beaut\u00e9 naturelle et la richesse historique du lac de Garde et de Sirmione lors d'une visite priv\u00e9e. D\u00e9couvrez le meilleur de l'Italie avec nous. \u2705","robots":{"index":"index","follow":"follow","max-snippet":"max-snippet:-1","max-image-preview":"max-image-preview:large","max-video-preview":"max-video-preview:-1"},"canonical":"https:\/\/tourtravelandmore.com\/fr\/tours\/italie-fr\/verona-fr\/toutes-les-visites-et-activites-privees-verona-fr\/excursion-privee-au-lac-de-garde-et-a-sirmione\/","og_locale":"fr_FR","og_type":"article","og_title":"Excursion priv\u00e9e au Lac de Garde et \u00e0 Sirmione","og_description":"D\u00e9couvrez la beaut\u00e9 naturelle et la richesse historique du lac de Garde et de Sirmione lors d'une visite priv\u00e9e. D\u00e9couvrez le meilleur de l'Italie avec nous. \u2705","og_url":"https:\/\/tourtravelandmore.com\/fr\/tours\/italie-fr\/verona-fr\/toutes-les-visites-et-activites-privees-verona-fr\/excursion-privee-au-lac-de-garde-et-a-sirmione\/","og_site_name":"Tour Travel And More","article_publisher":"https:\/\/www.facebook.com\/tourtravelandmore\/","article_modified_time":"2024-02-19T13:25:38+00:00","og_image":[{"width":950,"height":750,"url":"https:\/\/tourtravelandmore.com\/wp-content\/uploads\/2024\/02\/1.jpg","type":"image\/jpeg"}],"twitter_card":"summary_large_image","twitter_site":"@TourTravel_More","twitter_misc":{"Dur\u00e9e de lecture estim\u00e9e":"3 minutes"},"schema":{"@context":"https:\/\/schema.org","@graph":[{"@type":"WebPage","@id":"https:\/\/tourtravelandmore.com\/fr\/tours\/italie-fr\/verona-fr\/toutes-les-visites-et-activites-privees-verona-fr\/excursion-privee-au-lac-de-garde-et-a-sirmione\/","url":"https:\/\/tourtravelandmore.com\/fr\/tours\/italie-fr\/verona-fr\/toutes-les-visites-et-activites-privees-verona-fr\/excursion-privee-au-lac-de-garde-et-a-sirmione\/","name":"\u27a1\ufe0f Private Tour au Lac de Garde et \u00e0 Sirmione | Tour Travel & More","isPartOf":{"@id":"https:\/\/tourtravelandmore.com\/fr\/#website"},"primaryImageOfPage":{"@id":"https:\/\/tourtravelandmore.com\/fr\/tours\/italie-fr\/verona-fr\/toutes-les-visites-et-activites-privees-verona-fr\/excursion-privee-au-lac-de-garde-et-a-sirmione\/#primaryimage"},"image":{"@id":"https:\/\/tourtravelandmore.com\/fr\/tours\/italie-fr\/verona-fr\/toutes-les-visites-et-activites-privees-verona-fr\/excursion-privee-au-lac-de-garde-et-a-sirmione\/#primaryimage"},"thumbnailUrl":"https:\/\/tourtravelandmore.com\/wp-content\/uploads\/2024\/02\/1.jpg","datePublished":"2024-02-19T13:15:31+00:00","dateModified":"2024-02-19T13:25:38+00:00","description":"D\u00e9couvrez la beaut\u00e9 naturelle et la richesse historique du lac de Garde et de Sirmione lors d'une visite priv\u00e9e. D\u00e9couvrez le meilleur de l'Italie avec nous. \u2705","breadcrumb":{"@id":"https:\/\/tourtravelandmore.com\/fr\/tours\/italie-fr\/verona-fr\/toutes-les-visites-et-activites-privees-verona-fr\/excursion-privee-au-lac-de-garde-et-a-sirmione\/#breadcrumb"},"inLanguage":"fr-FR","potentialAction":[{"@type":"ReadAction","target":["https:\/\/tourtravelandmore.com\/fr\/tours\/italie-fr\/verona-fr\/toutes-les-visites-et-activites-privees-verona-fr\/excursion-privee-au-lac-de-garde-et-a-sirmione\/"]}]},{"@type":"ImageObject","inLanguage":"fr-FR","@id":"https:\/\/tourtravelandmore.com\/fr\/tours\/italie-fr\/verona-fr\/toutes-les-visites-et-activites-privees-verona-fr\/excursion-privee-au-lac-de-garde-et-a-sirmione\/#primaryimage","url":"https:\/\/tourtravelandmore.com\/wp-content\/uploads\/2024\/02\/1.jpg","contentUrl":"https:\/\/tourtravelandmore.com\/wp-content\/uploads\/2024\/02\/1.jpg","width":950,"height":750},{"@type":"BreadcrumbList","@id":"https:\/\/tourtravelandmore.com\/fr\/tours\/italie-fr\/verona-fr\/toutes-les-visites-et-activites-privees-verona-fr\/excursion-privee-au-lac-de-garde-et-a-sirmione\/#breadcrumb","itemListElement":[{"@type":"ListItem","position":1,"name":"Home","item":"https:\/\/tourtravelandmore.com\/fr\/"},{"@type":"ListItem","position":2,"name":"Tours","item":"https:\/\/tourtravelandmore.com\/fr\/tours\/"},{"@type":"ListItem","position":3,"name":"Excursion priv\u00e9e au Lac de Garde et \u00e0 Sirmione"}]},{"@type":"WebSite","@id":"https:\/\/tourtravelandmore.com\/fr\/#website","url":"https:\/\/tourtravelandmore.com\/fr\/","name":"Tour Travel And More","description":"Private sightseeing tours and luxury transfers in Spain","publisher":{"@id":"https:\/\/tourtravelandmore.com\/fr\/#organization"},"potentialAction":[{"@type":"SearchAction","target":{"@type":"EntryPoint","urlTemplate":"https:\/\/tourtravelandmore.com\/fr\/?s={search_term_string}"},"query-input":{"@type":"PropertyValueSpecification","valueRequired":true,"valueName":"search_term_string"}}],"inLanguage":"fr-FR"},{"@type":"Organization","@id":"https:\/\/tourtravelandmore.com\/fr\/#organization","name":"Tour Travel And More","url":"https:\/\/tourtravelandmore.com\/fr\/","logo":{"@type":"ImageObject","inLanguage":"fr-FR","@id":"https:\/\/tourtravelandmore.com\/fr\/#\/schema\/logo\/image\/","url":"https:\/\/tourtravelandmore.com\/wp-content\/uploads\/2022\/12\/cropped-logo-cabecera-new.png","contentUrl":"https:\/\/tourtravelandmore.com\/wp-content\/uploads\/2022\/12\/cropped-logo-cabecera-new.png","width":430,"height":61,"caption":"Tour Travel And More"},"image":{"@id":"https:\/\/tourtravelandmore.com\/fr\/#\/schema\/logo\/image\/"},"sameAs":["https:\/\/www.facebook.com\/tourtravelandmore\/","https:\/\/x.com\/TourTravel_More"]}]}},"_links":{"self":[{"href":"https:\/\/tourtravelandmore.com\/fr\/wp-json\/wp\/v2\/product\/172577","targetHints":{"allow":["GET"]}}],"collection":[{"href":"https:\/\/tourtravelandmore.com\/fr\/wp-json\/wp\/v2\/product"}],"about":[{"href":"https:\/\/tourtravelandmore.com\/fr\/wp-json\/wp\/v2\/types\/product"}],"replies":[{"embeddable":true,"href":"https:\/\/tourtravelandmore.com\/fr\/wp-json\/wp\/v2\/comments?post=172577"}],"wp:featuredmedia":[{"embeddable":true,"href":"https:\/\/tourtravelandmore.com\/fr\/wp-json\/wp\/v2\/media\/172587"}],"wp:attachment":[{"href":"https:\/\/tourtravelandmore.com\/fr\/wp-json\/wp\/v2\/media?parent=172577"}],"wp:term":[{"taxonomy":"product_brand","embeddable":true,"href":"https:\/\/tourtravelandmore.com\/fr\/wp-json\/wp\/v2\/product_brand?post=172577"},{"taxonomy":"product_cat","embeddable":true,"href":"https:\/\/tourtravelandmore.com\/fr\/wp-json\/wp\/v2\/product_cat?post=172577"},{"taxonomy":"product_tag","embeddable":true,"href":"https:\/\/tourtravelandmore.com\/fr\/wp-json\/wp\/v2\/product_tag?post=172577"}],"curies":[{"name":"wp","href":"https:\/\/api.w.org\/{rel}","templated":true}]}}