{"id":172450,"date":"2024-02-08T14:00:22","date_gmt":"2024-02-08T13:00:25","guid":{"rendered":"https:\/\/tourtravelandmore.com\/?post_type=product&#038;p=172450"},"modified":"2024-04-17T15:07:06","modified_gmt":"2024-04-17T13:07:06","slug":"litalie-et-la-suisse-en-un-jour-lac-de-come-bellagio-et-lugano-au-depart-de-milan-copy","status":"publish","type":"product","link":"https:\/\/tourtravelandmore.com\/fr\/tours\/italie-fr\/le-lac-de-come\/litalie-et-la-suisse-en-un-jour-lac-de-come-bellagio-et-lugano-au-depart-de-milan-copy\/","title":{"rendered":"Visite priv\u00e9e \u00e0 pied \u00e0 C\u00f4me"},"content":{"rendered":"<h2>Description Visite priv\u00e9e \u00e0 pied \u00e0 C\u00f4me<\/h2>\n<p>C\u00f4me, en Italie, est une ville charmante situ\u00e9e sur les rives du lac de C\u00f4me. Si deux heures ne suffisent pas pour tout explorer, vous pouvez n\u00e9anmoins tirer le meilleur parti de votre visite gr\u00e2ce aux suggestions suivantes :<\/p>\n<p>Votre guide anglophone exp\u00e9riment\u00e9 vous accompagnera tout au long du voyage, en vous fournissant des commentaires perspicaces et en vous garantissant une exp\u00e9rience personnalis\u00e9e adapt\u00e9e \u00e0 vos int\u00e9r\u00eats.<\/p>\n<p>Cette excursion de 2 heures est faite sur mesure pour vous. En effet, vous pouvez choisir parmi les diff\u00e9rents circuits disponibles celui qui correspond le mieux \u00e0 votre emploi du temps et \u00e0 vos besoins.<\/p>\n<p>Embarquez pour un voyage captivant \u00e0 la d\u00e9couverte de la beaut\u00e9 sereine du lac de C\u00f4me gr\u00e2ce \u00e0 notre excursion priv\u00e9e exclusive. Cette excursion personnalis\u00e9e offre aux voyageurs exigeants la possibilit\u00e9 d&#8217;\u00e9chapper \u00e0 l&#8217;agitation urbaine et de s&#8217;immerger dans les paysages idylliques et le riche patrimoine culturel du nord de l&#8217;Italie.<\/p>\n<p>Conduite par un guide expert, cette exp\u00e9rience sur mesure promet une aventure inoubliable, remplie de vues panoramiques, de monuments historiques et du charme quintessentiel des villes lacustres du lac de C\u00f4me. D\u00e9couvrez l&#8217;attrait de C\u00f4me \u00e0 votre propre rythme, avec des itin\u00e9raires sur mesure con\u00e7us pour r\u00e9pondre \u00e0 vos pr\u00e9f\u00e9rences et \u00e0 vos int\u00e9r\u00eats, garantissant une exploration vraiment m\u00e9morable et immersive de deux des destinations les plus enchanteresses d&#8217;Italie.<\/p>\n<h2>Points d&#8217;int\u00e9r\u00eat<\/h2>\n<p>C\u00f4me, en Italie, est une ville charmante situ\u00e9e sur les rives du lac de C\u00f4me. Si deux heures ne suffisent pas pour tout explorer, vous pouvez n\u00e9anmoins tirer le meilleur parti de votre visite gr\u00e2ce aux suggestions suivantes :<\/p>\n<p><strong>Cath\u00e9drale de C\u00f4me (Cattedrale di Como) :<\/strong> Visitez la magnifique cath\u00e9drale de C\u00f4me, situ\u00e9e au c\u0153ur de la ville. Il s&#8217;agit d&#8217;un exemple \u00e9tonnant d&#8217;architecture gothique, avec des \u0153uvres d&#8217;art et des sculptures impressionnantes.<\/p>\n<p><strong>Promenade du lac de C\u00f4me (Lungo Lario Trento) :<\/strong> Promenez-vous tranquillement le long de la promenade du lac de C\u00f4me. Profitez des vues panoramiques sur le lac, les montagnes environnantes et les charmants b\u00e2timents situ\u00e9s au bord de l&#8217;eau.<\/p>\n<p><strong>Piazza Cavour :<\/strong> D\u00e9tendez-vous sur la Piazza Cavour, la place principale de C\u00f4me. Savourez un caf\u00e9 ou une glace dans l&#8217;un des caf\u00e9s et impr\u00e9gnez-vous de l&#8217;atmosph\u00e8re locale.<\/p>\n<p><strong>L\u00e8che-vitrines :<\/strong> Explorez les rues \u00e9troites du centre historique de C\u00f4me pour faire du l\u00e8che-vitrines. La ville compte de nombreuses boutiques vendant des produits locaux, de la mode et de l&#8217;artisanat.<\/p>\n<p>N&#8217;oubliez pas de v\u00e9rifier les heures d&#8217;ouverture de toutes les attractions que vous pr\u00e9voyez de visiter et pr\u00e9voyez un peu de temps pour vous d\u00e9placer \u00e0 pied. C\u00f4me est une ville pittoresque, et m\u00eame une courte visite peut vous donner un aper\u00e7u de sa beaut\u00e9 et de son charme.<\/p>\n<p>Si vous disposez d&#8217;un peu plus de temps en Italie, nous vous recommandons d&#8217;inclure dans votre itin\u00e9raire de voyage notre visite priv\u00e9e \u00e0 Bergame au d\u00e9part de Milan pour d\u00e9couvrir l&#8217;une des villes les plus embl\u00e9matiques de Lombardie.<\/p>\n","protected":false},"excerpt":{"rendered":"<p>Embarquez pour un voyage captivant \u00e0 la d\u00e9couverte de la beaut\u00e9 sereine du lac de C\u00f4me gr\u00e2ce \u00e0 notre visite priv\u00e9e exclusive. Cette excursion personnalis\u00e9e offre aux voyageurs exigeants la possibilit\u00e9 d&#8217;\u00e9chapper \u00e0 l&#8217;agitation urbaine et de s&#8217;immerger dans les paysages idylliques et le riche patrimoine culturel du nord de l&#8217;Italie.<\/p>\n","protected":false},"featured_media":172463,"comment_status":"open","ping_status":"closed","template":"","meta":{"_acf_changed":false},"product_brand":[],"product_cat":[4910],"product_tag":[],"class_list":{"0":"post-172450","1":"product","2":"type-product","3":"status-publish","4":"has-post-thumbnail","6":"product_cat-le-lac-de-come","8":"first","9":"instock","10":"shipping-taxable","11":"purchasable","12":"product-type-simple"},"acf":[],"yoast_head":"<!-- This site is optimized with the Yoast SEO Premium plugin v25.3.1 (Yoast SEO v25.3.1) - https:\/\/yoast.com\/wordpress\/plugins\/seo\/ -->\n<title>Visite priv\u00e9e \u00e0 pied \u00e0 C\u00f4me - Tour Travel and More<\/title>\n<meta name=\"description\" content=\"Visite priv\u00e9e \u00e0 pied \u00e0 C\u00f4me - Tour Travel and More. Profitez de cette exp\u00e9rience exceptionnelle en compagnie de votre guide priv\u00e9. Venez avec nous !\" \/>\n<meta name=\"robots\" content=\"index, follow, max-snippet:-1, max-image-preview:large, max-video-preview:-1\" \/>\n<link rel=\"canonical\" href=\"https:\/\/tourtravelandmore.com\/fr\/tours\/italie-fr\/le-lac-de-come\/litalie-et-la-suisse-en-un-jour-lac-de-come-bellagio-et-lugano-au-depart-de-milan-copy\/\" \/>\n<meta property=\"og:locale\" content=\"fr_FR\" \/>\n<meta property=\"og:type\" content=\"article\" \/>\n<meta property=\"og:title\" content=\"Visite priv\u00e9e \u00e0 pied \u00e0 C\u00f4me\" \/>\n<meta property=\"og:description\" content=\"Visite priv\u00e9e \u00e0 pied \u00e0 C\u00f4me - Tour Travel and More. Profitez de cette exp\u00e9rience exceptionnelle en compagnie de votre guide priv\u00e9. Venez avec nous !\" \/>\n<meta property=\"og:url\" content=\"https:\/\/tourtravelandmore.com\/fr\/tours\/italie-fr\/le-lac-de-come\/litalie-et-la-suisse-en-un-jour-lac-de-come-bellagio-et-lugano-au-depart-de-milan-copy\/\" \/>\n<meta property=\"og:site_name\" content=\"Tour Travel And More\" \/>\n<meta property=\"article:publisher\" content=\"https:\/\/www.facebook.com\/tourtravelandmore\/\" \/>\n<meta property=\"article:modified_time\" content=\"2024-04-17T13:07:06+00:00\" \/>\n<meta property=\"og:image\" content=\"https:\/\/tourtravelandmore.com\/wp-content\/uploads\/2024\/02\/20210302144440-varenna-lago-di-como-lombardia-gettyimages-874859776-2-1.jpg\" \/>\n\t<meta property=\"og:image:width\" content=\"1280\" \/>\n\t<meta property=\"og:image:height\" content=\"854\" \/>\n\t<meta property=\"og:image:type\" content=\"image\/jpeg\" \/>\n<meta name=\"twitter:card\" content=\"summary_large_image\" \/>\n<meta name=\"twitter:site\" content=\"@TourTravel_More\" \/>\n<meta name=\"twitter:label1\" content=\"Dur\u00e9e de lecture estim\u00e9e\" \/>\n\t<meta name=\"twitter:data1\" content=\"3 minutes\" \/>\n<script type=\"application\/ld+json\" class=\"yoast-schema-graph\">{\"@context\":\"https:\/\/schema.org\",\"@graph\":[{\"@type\":\"WebPage\",\"@id\":\"https:\/\/tourtravelandmore.com\/fr\/tours\/italie-fr\/le-lac-de-come\/litalie-et-la-suisse-en-un-jour-lac-de-come-bellagio-et-lugano-au-depart-de-milan-copy\/\",\"url\":\"https:\/\/tourtravelandmore.com\/fr\/tours\/italie-fr\/le-lac-de-come\/litalie-et-la-suisse-en-un-jour-lac-de-come-bellagio-et-lugano-au-depart-de-milan-copy\/\",\"name\":\"Visite priv\u00e9e \u00e0 pied \u00e0 C\u00f4me - Tour Travel and More\",\"isPartOf\":{\"@id\":\"https:\/\/tourtravelandmore.com\/fr\/#website\"},\"primaryImageOfPage\":{\"@id\":\"https:\/\/tourtravelandmore.com\/fr\/tours\/italie-fr\/le-lac-de-come\/litalie-et-la-suisse-en-un-jour-lac-de-come-bellagio-et-lugano-au-depart-de-milan-copy\/#primaryimage\"},\"image\":{\"@id\":\"https:\/\/tourtravelandmore.com\/fr\/tours\/italie-fr\/le-lac-de-come\/litalie-et-la-suisse-en-un-jour-lac-de-come-bellagio-et-lugano-au-depart-de-milan-copy\/#primaryimage\"},\"thumbnailUrl\":\"https:\/\/tourtravelandmore.com\/wp-content\/uploads\/2024\/02\/20210302144440-varenna-lago-di-como-lombardia-gettyimages-874859776-2-1.jpg\",\"datePublished\":\"2024-02-08T13:00:25+00:00\",\"dateModified\":\"2024-04-17T13:07:06+00:00\",\"description\":\"Visite priv\u00e9e \u00e0 pied \u00e0 C\u00f4me - Tour Travel and More. Profitez de cette exp\u00e9rience exceptionnelle en compagnie de votre guide priv\u00e9. Venez avec nous !\",\"breadcrumb\":{\"@id\":\"https:\/\/tourtravelandmore.com\/fr\/tours\/italie-fr\/le-lac-de-come\/litalie-et-la-suisse-en-un-jour-lac-de-come-bellagio-et-lugano-au-depart-de-milan-copy\/#breadcrumb\"},\"inLanguage\":\"fr-FR\",\"potentialAction\":[{\"@type\":\"ReadAction\",\"target\":[\"https:\/\/tourtravelandmore.com\/fr\/tours\/italie-fr\/le-lac-de-come\/litalie-et-la-suisse-en-un-jour-lac-de-come-bellagio-et-lugano-au-depart-de-milan-copy\/\"]}]},{\"@type\":\"ImageObject\",\"inLanguage\":\"fr-FR\",\"@id\":\"https:\/\/tourtravelandmore.com\/fr\/tours\/italie-fr\/le-lac-de-come\/litalie-et-la-suisse-en-un-jour-lac-de-come-bellagio-et-lugano-au-depart-de-milan-copy\/#primaryimage\",\"url\":\"https:\/\/tourtravelandmore.com\/wp-content\/uploads\/2024\/02\/20210302144440-varenna-lago-di-como-lombardia-gettyimages-874859776-2-1.jpg\",\"contentUrl\":\"https:\/\/tourtravelandmore.com\/wp-content\/uploads\/2024\/02\/20210302144440-varenna-lago-di-como-lombardia-gettyimages-874859776-2-1.jpg\",\"width\":1280,\"height\":854},{\"@type\":\"BreadcrumbList\",\"@id\":\"https:\/\/tourtravelandmore.com\/fr\/tours\/italie-fr\/le-lac-de-come\/litalie-et-la-suisse-en-un-jour-lac-de-come-bellagio-et-lugano-au-depart-de-milan-copy\/#breadcrumb\",\"itemListElement\":[{\"@type\":\"ListItem\",\"position\":1,\"name\":\"Home\",\"item\":\"https:\/\/tourtravelandmore.com\/fr\/\"},{\"@type\":\"ListItem\",\"position\":2,\"name\":\"Tours\",\"item\":\"https:\/\/tourtravelandmore.com\/fr\/tours\/\"},{\"@type\":\"ListItem\",\"position\":3,\"name\":\"Visite priv\u00e9e \u00e0 pied \u00e0 C\u00f4me\"}]},{\"@type\":\"WebSite\",\"@id\":\"https:\/\/tourtravelandmore.com\/fr\/#website\",\"url\":\"https:\/\/tourtravelandmore.com\/fr\/\",\"name\":\"Tour Travel And More\",\"description\":\"Private sightseeing tours and luxury transfers in Spain\",\"publisher\":{\"@id\":\"https:\/\/tourtravelandmore.com\/fr\/#organization\"},\"potentialAction\":[{\"@type\":\"SearchAction\",\"target\":{\"@type\":\"EntryPoint\",\"urlTemplate\":\"https:\/\/tourtravelandmore.com\/fr\/?s={search_term_string}\"},\"query-input\":{\"@type\":\"PropertyValueSpecification\",\"valueRequired\":true,\"valueName\":\"search_term_string\"}}],\"inLanguage\":\"fr-FR\"},{\"@type\":\"Organization\",\"@id\":\"https:\/\/tourtravelandmore.com\/fr\/#organization\",\"name\":\"Tour Travel And More\",\"url\":\"https:\/\/tourtravelandmore.com\/fr\/\",\"logo\":{\"@type\":\"ImageObject\",\"inLanguage\":\"fr-FR\",\"@id\":\"https:\/\/tourtravelandmore.com\/fr\/#\/schema\/logo\/image\/\",\"url\":\"https:\/\/tourtravelandmore.com\/wp-content\/uploads\/2022\/12\/cropped-logo-cabecera-new.png\",\"contentUrl\":\"https:\/\/tourtravelandmore.com\/wp-content\/uploads\/2022\/12\/cropped-logo-cabecera-new.png\",\"width\":430,\"height\":61,\"caption\":\"Tour Travel And More\"},\"image\":{\"@id\":\"https:\/\/tourtravelandmore.com\/fr\/#\/schema\/logo\/image\/\"},\"sameAs\":[\"https:\/\/www.facebook.com\/tourtravelandmore\/\",\"https:\/\/x.com\/TourTravel_More\"]}]}<\/script>\n<!-- \/ Yoast SEO Premium plugin. -->","yoast_head_json":{"title":"Visite priv\u00e9e \u00e0 pied \u00e0 C\u00f4me - Tour Travel and More","description":"Visite priv\u00e9e \u00e0 pied \u00e0 C\u00f4me - Tour Travel and More. Profitez de cette exp\u00e9rience exceptionnelle en compagnie de votre guide priv\u00e9. Venez avec nous !","robots":{"index":"index","follow":"follow","max-snippet":"max-snippet:-1","max-image-preview":"max-image-preview:large","max-video-preview":"max-video-preview:-1"},"canonical":"https:\/\/tourtravelandmore.com\/fr\/tours\/italie-fr\/le-lac-de-come\/litalie-et-la-suisse-en-un-jour-lac-de-come-bellagio-et-lugano-au-depart-de-milan-copy\/","og_locale":"fr_FR","og_type":"article","og_title":"Visite priv\u00e9e \u00e0 pied \u00e0 C\u00f4me","og_description":"Visite priv\u00e9e \u00e0 pied \u00e0 C\u00f4me - Tour Travel and More. Profitez de cette exp\u00e9rience exceptionnelle en compagnie de votre guide priv\u00e9. Venez avec nous !","og_url":"https:\/\/tourtravelandmore.com\/fr\/tours\/italie-fr\/le-lac-de-come\/litalie-et-la-suisse-en-un-jour-lac-de-come-bellagio-et-lugano-au-depart-de-milan-copy\/","og_site_name":"Tour Travel And More","article_publisher":"https:\/\/www.facebook.com\/tourtravelandmore\/","article_modified_time":"2024-04-17T13:07:06+00:00","og_image":[{"width":1280,"height":854,"url":"https:\/\/tourtravelandmore.com\/wp-content\/uploads\/2024\/02\/20210302144440-varenna-lago-di-como-lombardia-gettyimages-874859776-2-1.jpg","type":"image\/jpeg"}],"twitter_card":"summary_large_image","twitter_site":"@TourTravel_More","twitter_misc":{"Dur\u00e9e de lecture estim\u00e9e":"3 minutes"},"schema":{"@context":"https:\/\/schema.org","@graph":[{"@type":"WebPage","@id":"https:\/\/tourtravelandmore.com\/fr\/tours\/italie-fr\/le-lac-de-come\/litalie-et-la-suisse-en-un-jour-lac-de-come-bellagio-et-lugano-au-depart-de-milan-copy\/","url":"https:\/\/tourtravelandmore.com\/fr\/tours\/italie-fr\/le-lac-de-come\/litalie-et-la-suisse-en-un-jour-lac-de-come-bellagio-et-lugano-au-depart-de-milan-copy\/","name":"Visite priv\u00e9e \u00e0 pied \u00e0 C\u00f4me - Tour Travel and More","isPartOf":{"@id":"https:\/\/tourtravelandmore.com\/fr\/#website"},"primaryImageOfPage":{"@id":"https:\/\/tourtravelandmore.com\/fr\/tours\/italie-fr\/le-lac-de-come\/litalie-et-la-suisse-en-un-jour-lac-de-come-bellagio-et-lugano-au-depart-de-milan-copy\/#primaryimage"},"image":{"@id":"https:\/\/tourtravelandmore.com\/fr\/tours\/italie-fr\/le-lac-de-come\/litalie-et-la-suisse-en-un-jour-lac-de-come-bellagio-et-lugano-au-depart-de-milan-copy\/#primaryimage"},"thumbnailUrl":"https:\/\/tourtravelandmore.com\/wp-content\/uploads\/2024\/02\/20210302144440-varenna-lago-di-como-lombardia-gettyimages-874859776-2-1.jpg","datePublished":"2024-02-08T13:00:25+00:00","dateModified":"2024-04-17T13:07:06+00:00","description":"Visite priv\u00e9e \u00e0 pied \u00e0 C\u00f4me - Tour Travel and More. Profitez de cette exp\u00e9rience exceptionnelle en compagnie de votre guide priv\u00e9. Venez avec nous !","breadcrumb":{"@id":"https:\/\/tourtravelandmore.com\/fr\/tours\/italie-fr\/le-lac-de-come\/litalie-et-la-suisse-en-un-jour-lac-de-come-bellagio-et-lugano-au-depart-de-milan-copy\/#breadcrumb"},"inLanguage":"fr-FR","potentialAction":[{"@type":"ReadAction","target":["https:\/\/tourtravelandmore.com\/fr\/tours\/italie-fr\/le-lac-de-come\/litalie-et-la-suisse-en-un-jour-lac-de-come-bellagio-et-lugano-au-depart-de-milan-copy\/"]}]},{"@type":"ImageObject","inLanguage":"fr-FR","@id":"https:\/\/tourtravelandmore.com\/fr\/tours\/italie-fr\/le-lac-de-come\/litalie-et-la-suisse-en-un-jour-lac-de-come-bellagio-et-lugano-au-depart-de-milan-copy\/#primaryimage","url":"https:\/\/tourtravelandmore.com\/wp-content\/uploads\/2024\/02\/20210302144440-varenna-lago-di-como-lombardia-gettyimages-874859776-2-1.jpg","contentUrl":"https:\/\/tourtravelandmore.com\/wp-content\/uploads\/2024\/02\/20210302144440-varenna-lago-di-como-lombardia-gettyimages-874859776-2-1.jpg","width":1280,"height":854},{"@type":"BreadcrumbList","@id":"https:\/\/tourtravelandmore.com\/fr\/tours\/italie-fr\/le-lac-de-come\/litalie-et-la-suisse-en-un-jour-lac-de-come-bellagio-et-lugano-au-depart-de-milan-copy\/#breadcrumb","itemListElement":[{"@type":"ListItem","position":1,"name":"Home","item":"https:\/\/tourtravelandmore.com\/fr\/"},{"@type":"ListItem","position":2,"name":"Tours","item":"https:\/\/tourtravelandmore.com\/fr\/tours\/"},{"@type":"ListItem","position":3,"name":"Visite priv\u00e9e \u00e0 pied \u00e0 C\u00f4me"}]},{"@type":"WebSite","@id":"https:\/\/tourtravelandmore.com\/fr\/#website","url":"https:\/\/tourtravelandmore.com\/fr\/","name":"Tour Travel And More","description":"Private sightseeing tours and luxury transfers in Spain","publisher":{"@id":"https:\/\/tourtravelandmore.com\/fr\/#organization"},"potentialAction":[{"@type":"SearchAction","target":{"@type":"EntryPoint","urlTemplate":"https:\/\/tourtravelandmore.com\/fr\/?s={search_term_string}"},"query-input":{"@type":"PropertyValueSpecification","valueRequired":true,"valueName":"search_term_string"}}],"inLanguage":"fr-FR"},{"@type":"Organization","@id":"https:\/\/tourtravelandmore.com\/fr\/#organization","name":"Tour Travel And More","url":"https:\/\/tourtravelandmore.com\/fr\/","logo":{"@type":"ImageObject","inLanguage":"fr-FR","@id":"https:\/\/tourtravelandmore.com\/fr\/#\/schema\/logo\/image\/","url":"https:\/\/tourtravelandmore.com\/wp-content\/uploads\/2022\/12\/cropped-logo-cabecera-new.png","contentUrl":"https:\/\/tourtravelandmore.com\/wp-content\/uploads\/2022\/12\/cropped-logo-cabecera-new.png","width":430,"height":61,"caption":"Tour Travel And More"},"image":{"@id":"https:\/\/tourtravelandmore.com\/fr\/#\/schema\/logo\/image\/"},"sameAs":["https:\/\/www.facebook.com\/tourtravelandmore\/","https:\/\/x.com\/TourTravel_More"]}]}},"_links":{"self":[{"href":"https:\/\/tourtravelandmore.com\/fr\/wp-json\/wp\/v2\/product\/172450","targetHints":{"allow":["GET"]}}],"collection":[{"href":"https:\/\/tourtravelandmore.com\/fr\/wp-json\/wp\/v2\/product"}],"about":[{"href":"https:\/\/tourtravelandmore.com\/fr\/wp-json\/wp\/v2\/types\/product"}],"replies":[{"embeddable":true,"href":"https:\/\/tourtravelandmore.com\/fr\/wp-json\/wp\/v2\/comments?post=172450"}],"wp:featuredmedia":[{"embeddable":true,"href":"https:\/\/tourtravelandmore.com\/fr\/wp-json\/wp\/v2\/media\/172463"}],"wp:attachment":[{"href":"https:\/\/tourtravelandmore.com\/fr\/wp-json\/wp\/v2\/media?parent=172450"}],"wp:term":[{"taxonomy":"product_brand","embeddable":true,"href":"https:\/\/tourtravelandmore.com\/fr\/wp-json\/wp\/v2\/product_brand?post=172450"},{"taxonomy":"product_cat","embeddable":true,"href":"https:\/\/tourtravelandmore.com\/fr\/wp-json\/wp\/v2\/product_cat?post=172450"},{"taxonomy":"product_tag","embeddable":true,"href":"https:\/\/tourtravelandmore.com\/fr\/wp-json\/wp\/v2\/product_tag?post=172450"}],"curies":[{"name":"wp","href":"https:\/\/api.w.org\/{rel}","templated":true}]}}