{"id":172424,"date":"2024-02-08T13:49:58","date_gmt":"2024-02-08T12:50:04","guid":{"rendered":"https:\/\/tourtravelandmore.com\/?post_type=product&#038;p=172424"},"modified":"2024-02-08T14:00:06","modified_gmt":"2024-02-08T13:00:06","slug":"visite-privee-du-lac-de-come-de-bellagio-et-de-varenna-au-depart-de-milan-copy-2","status":"publish","type":"product","link":"https:\/\/tourtravelandmore.com\/fr\/tours\/italie-fr\/milan-fr\/visite-privee-du-lac-de-come-de-bellagio-et-de-varenna-au-depart-de-milan-copy-2\/","title":{"rendered":"L&#8217;Italie et la Suisse en un jour : Lac de C\u00f4me, Bellagio et Lugano au d\u00e9part de Milan"},"content":{"rendered":"<h2>Description Excursion priv\u00e9e au lac de C\u00f4me, Bellagio et Varenna au d\u00e9part de Milan<\/h2>\n<p>Explorez la beaut\u00e9 enchanteresse de l&#8217;Italie et de la Suisse lors de cette excursion en voiture priv\u00e9e d&#8217;une journ\u00e9e au d\u00e9part de Milan. Visitez les villes pittoresques de C\u00f4me, Bellagio et Lugano, chacune offrant un charme unique et des paysages \u00e9poustouflants.<\/p>\n<p>Votre chauffeur anglophone exp\u00e9riment\u00e9 vous accompagnera tout au long du voyage, vous fournissant des commentaires perspicaces et vous garantissant une exp\u00e9rience personnalis\u00e9e adapt\u00e9e \u00e0 vos int\u00e9r\u00eats.<\/p>\n<p>Cette excursion de 12 heures est faite sur mesure pour vous. En fait, vous pouvez choisir parmi les diff\u00e9rentes options disponibles celle qui correspond le mieux \u00e0 votre emploi du temps et \u00e0 vos besoins.<\/p>\n<p>Toutes les options choisies comprennent le transfert de retour \u00e0 Milan pour que vous puissiez poursuivre votre itin\u00e9raire.<\/p>\n<h2>Points d&#8217;int\u00e9r\u00eat de la visite priv\u00e9e<\/h2>\n<p>Votre chauffeur priv\u00e9 viendra vous chercher \u00e0 votre h\u00e9bergement \u00e0 Milan. Montez dans le v\u00e9hicule et pr\u00e9parez-vous \u00e0 une journ\u00e9e remplie de beaut\u00e9 naturelle et de charme historique au lac de C\u00f4me. Nous arriverons dans la charmante ville de C\u00f4me, situ\u00e9e sur les rives du lac.<\/p>\n<p>Votre premi\u00e8re \u00e9tape est C\u00f4me, une charmante ville nich\u00e9e sur les rives du lac de C\u00f4me. Promenez-vous tranquillement le long de l&#8217;\u00e9l\u00e9gante promenade du front de mer, bord\u00e9e de caf\u00e9s, de boutiques et de b\u00e2timents historiques. Admirez la magnifique cath\u00e9drale de C\u00f4me, chef-d&#8217;\u0153uvre de l&#8217;architecture gothique, et d\u00e9couvrez la richesse de l&#8217;histoire et de la culture de la ville.<\/p>\n<p>Ensuite, vous vous rendrez \u00e0 Bellagio, souvent appel\u00e9e la &#8220;perle du lac de C\u00f4me&#8221;. Explorez cette ville pittoresque r\u00e9put\u00e9e pour ses rues pav\u00e9es \u00e9troites, ses maisons color\u00e9es et ses vues panoramiques sur le lac et les montagnes environnantes. Visitez les magnifiques jardins de la Villa Melzi ou d\u00e9tendez-vous simplement et impr\u00e9gnez-vous de l&#8217;atmosph\u00e8re idyllique.<\/p>\n<p>En traversant la fronti\u00e8re suisse, vous arriverez \u00e0 Lugano, une ville cosmopolite nich\u00e9e au c\u0153ur des Alpes suisses. Promenez-vous le long de l&#8217;\u00e9l\u00e9gante promenade du lac, bord\u00e9e de palmiers et de boutiques de luxe. D\u00e9couvrez la charmante vieille ville avec ses places pittoresques, ses b\u00e2timents historiques et ses caf\u00e9s anim\u00e9s. Ne manquez pas de visiter la Chiesa di Santa Maria degli Angioli pour admirer ses superbes fresques de la Renaissance.<\/p>\n<p>Apr\u00e8s une journ\u00e9e compl\u00e8te d&#8217;exploration et de visites, d\u00e9tendez-vous dans le confort de votre voiture priv\u00e9e pendant votre retour \u00e0 Milan. Votre chauffeur vous d\u00e9posera \u00e0 votre h\u00e9bergement, concluant ainsi votre m\u00e9morable circuit en Italie et en Suisse.<\/p>\n<p><span style=\"font-weight: 400;\">Si vous disposez d&#8217;un peu plus de temps en Italie, nous vous recommandons d&#8217;inclure dans votre itin\u00e9raire de voyage notre <\/span><a href=\"https:\/\/tourtravelandmore.com\/fr\/tours\/italie-fr\/milan-fr\/visite-privee-de-bergame-au-depart-de-milan\/\"><b>visite priv\u00e9e de Bergame au d\u00e9part de Milan <\/b><\/a><span style=\"font-weight: 400;\">pour explorer l&#8217;une des villes les plus embl\u00e9matiques de la Lombardie.<\/span><\/p>\n","protected":false},"excerpt":{"rendered":"<p>Explorez la beaut\u00e9 enchanteresse de l&#8217;Italie et de la Suisse lors de cette excursion en voiture priv\u00e9e d&#8217;une journ\u00e9e au d\u00e9part de Milan. Visitez les villes pittoresques de C\u00f4me, Bellagio et Lugano, chacune offrant un charme unique et des paysages \u00e9poustouflants. Votre chauffeur anglophone exp\u00e9riment\u00e9 vous accompagnera tout au long du voyage, vous fournissant des commentaires perspicaces et vous garantissant une exp\u00e9rience personnalis\u00e9e adapt\u00e9e \u00e0 vos int\u00e9r\u00eats.<\/p>\n","protected":false},"featured_media":172434,"comment_status":"open","ping_status":"closed","template":"","meta":{"_acf_changed":false},"product_brand":[],"product_cat":[4911,4910,4912,4913,3700],"product_tag":[],"class_list":{"0":"post-172424","1":"product","2":"type-product","3":"status-publish","4":"has-post-thumbnail","6":"product_cat-all-private-tours-activities-fr-25","7":"product_cat-le-lac-de-come","8":"product_cat-private-day-trips-fr-15","9":"product_cat-private-sightseeing-tours-fr-28","10":"product_cat-milan-fr","12":"first","13":"instock","14":"shipping-taxable","15":"purchasable","16":"product-type-simple"},"acf":[],"yoast_head":"<!-- This site is optimized with the Yoast SEO Premium plugin v25.3.1 (Yoast SEO v25.3.1) - https:\/\/yoast.com\/wordpress\/plugins\/seo\/ -->\n<title>Italie et Suisse en une journ\u00e9e Lac de C\u00f4me Bellagio et Lugano au d\u00e9part de Milan<\/title>\n<meta name=\"description\" content=\"L&#039;Italie et la Suisse en un jour : Lac de C\u00f4me, Bellagio et Lugano au d\u00e9part de Milan - Tour Travel and More. Profitez de cette exp\u00e9rience exceptionnelle !\" \/>\n<meta name=\"robots\" content=\"index, follow, max-snippet:-1, max-image-preview:large, max-video-preview:-1\" \/>\n<link rel=\"canonical\" href=\"https:\/\/tourtravelandmore.com\/fr\/tours\/italie-fr\/milan-fr\/visite-privee-du-lac-de-come-de-bellagio-et-de-varenna-au-depart-de-milan-copy-2\/\" \/>\n<meta property=\"og:locale\" content=\"fr_FR\" \/>\n<meta property=\"og:type\" content=\"article\" \/>\n<meta property=\"og:title\" content=\"L&#039;Italie et la Suisse en un jour : Lac de C\u00f4me, Bellagio et Lugano au d\u00e9part de Milan\" \/>\n<meta property=\"og:description\" content=\"L&#039;Italie et la Suisse en un jour : Lac de C\u00f4me, Bellagio et Lugano au d\u00e9part de Milan - Tour Travel and More. Profitez de cette exp\u00e9rience exceptionnelle !\" \/>\n<meta property=\"og:url\" content=\"https:\/\/tourtravelandmore.com\/fr\/tours\/italie-fr\/milan-fr\/visite-privee-du-lac-de-come-de-bellagio-et-de-varenna-au-depart-de-milan-copy-2\/\" \/>\n<meta property=\"og:site_name\" content=\"Tour Travel And More\" \/>\n<meta property=\"article:publisher\" content=\"https:\/\/www.facebook.com\/tourtravelandmore\/\" \/>\n<meta property=\"article:modified_time\" content=\"2024-02-08T13:00:06+00:00\" \/>\n<meta property=\"og:image\" content=\"https:\/\/tourtravelandmore.com\/wp-content\/uploads\/2024\/02\/129344.webp\" \/>\n\t<meta property=\"og:image:width\" content=\"1600\" \/>\n\t<meta property=\"og:image:height\" content=\"1067\" \/>\n\t<meta property=\"og:image:type\" content=\"image\/webp\" \/>\n<meta name=\"twitter:card\" content=\"summary_large_image\" \/>\n<meta name=\"twitter:site\" content=\"@TourTravel_More\" \/>\n<meta name=\"twitter:label1\" content=\"Dur\u00e9e de lecture estim\u00e9e\" \/>\n\t<meta name=\"twitter:data1\" content=\"3 minutes\" \/>\n<script type=\"application\/ld+json\" class=\"yoast-schema-graph\">{\"@context\":\"https:\/\/schema.org\",\"@graph\":[{\"@type\":\"WebPage\",\"@id\":\"https:\/\/tourtravelandmore.com\/fr\/tours\/italie-fr\/milan-fr\/visite-privee-du-lac-de-come-de-bellagio-et-de-varenna-au-depart-de-milan-copy-2\/\",\"url\":\"https:\/\/tourtravelandmore.com\/fr\/tours\/italie-fr\/milan-fr\/visite-privee-du-lac-de-come-de-bellagio-et-de-varenna-au-depart-de-milan-copy-2\/\",\"name\":\"Italie et Suisse en une journ\u00e9e Lac de C\u00f4me Bellagio et Lugano au d\u00e9part de Milan\",\"isPartOf\":{\"@id\":\"https:\/\/tourtravelandmore.com\/fr\/#website\"},\"primaryImageOfPage\":{\"@id\":\"https:\/\/tourtravelandmore.com\/fr\/tours\/italie-fr\/milan-fr\/visite-privee-du-lac-de-come-de-bellagio-et-de-varenna-au-depart-de-milan-copy-2\/#primaryimage\"},\"image\":{\"@id\":\"https:\/\/tourtravelandmore.com\/fr\/tours\/italie-fr\/milan-fr\/visite-privee-du-lac-de-come-de-bellagio-et-de-varenna-au-depart-de-milan-copy-2\/#primaryimage\"},\"thumbnailUrl\":\"https:\/\/tourtravelandmore.com\/wp-content\/uploads\/2024\/02\/129344.webp\",\"datePublished\":\"2024-02-08T12:50:04+00:00\",\"dateModified\":\"2024-02-08T13:00:06+00:00\",\"description\":\"L'Italie et la Suisse en un jour : Lac de C\u00f4me, Bellagio et Lugano au d\u00e9part de Milan - Tour Travel and More. Profitez de cette exp\u00e9rience exceptionnelle !\",\"breadcrumb\":{\"@id\":\"https:\/\/tourtravelandmore.com\/fr\/tours\/italie-fr\/milan-fr\/visite-privee-du-lac-de-come-de-bellagio-et-de-varenna-au-depart-de-milan-copy-2\/#breadcrumb\"},\"inLanguage\":\"fr-FR\",\"potentialAction\":[{\"@type\":\"ReadAction\",\"target\":[\"https:\/\/tourtravelandmore.com\/fr\/tours\/italie-fr\/milan-fr\/visite-privee-du-lac-de-come-de-bellagio-et-de-varenna-au-depart-de-milan-copy-2\/\"]}]},{\"@type\":\"ImageObject\",\"inLanguage\":\"fr-FR\",\"@id\":\"https:\/\/tourtravelandmore.com\/fr\/tours\/italie-fr\/milan-fr\/visite-privee-du-lac-de-come-de-bellagio-et-de-varenna-au-depart-de-milan-copy-2\/#primaryimage\",\"url\":\"https:\/\/tourtravelandmore.com\/wp-content\/uploads\/2024\/02\/129344.webp\",\"contentUrl\":\"https:\/\/tourtravelandmore.com\/wp-content\/uploads\/2024\/02\/129344.webp\",\"width\":1600,\"height\":1067},{\"@type\":\"BreadcrumbList\",\"@id\":\"https:\/\/tourtravelandmore.com\/fr\/tours\/italie-fr\/milan-fr\/visite-privee-du-lac-de-come-de-bellagio-et-de-varenna-au-depart-de-milan-copy-2\/#breadcrumb\",\"itemListElement\":[{\"@type\":\"ListItem\",\"position\":1,\"name\":\"Home\",\"item\":\"https:\/\/tourtravelandmore.com\/fr\/\"},{\"@type\":\"ListItem\",\"position\":2,\"name\":\"Tours\",\"item\":\"https:\/\/tourtravelandmore.com\/fr\/tours\/\"},{\"@type\":\"ListItem\",\"position\":3,\"name\":\"L&#8217;Italie et la Suisse en un jour : Lac de C\u00f4me, Bellagio et Lugano au d\u00e9part de Milan\"}]},{\"@type\":\"WebSite\",\"@id\":\"https:\/\/tourtravelandmore.com\/fr\/#website\",\"url\":\"https:\/\/tourtravelandmore.com\/fr\/\",\"name\":\"Tour Travel And More\",\"description\":\"Private sightseeing tours and luxury transfers in Spain\",\"publisher\":{\"@id\":\"https:\/\/tourtravelandmore.com\/fr\/#organization\"},\"potentialAction\":[{\"@type\":\"SearchAction\",\"target\":{\"@type\":\"EntryPoint\",\"urlTemplate\":\"https:\/\/tourtravelandmore.com\/fr\/?s={search_term_string}\"},\"query-input\":{\"@type\":\"PropertyValueSpecification\",\"valueRequired\":true,\"valueName\":\"search_term_string\"}}],\"inLanguage\":\"fr-FR\"},{\"@type\":\"Organization\",\"@id\":\"https:\/\/tourtravelandmore.com\/fr\/#organization\",\"name\":\"Tour Travel And More\",\"url\":\"https:\/\/tourtravelandmore.com\/fr\/\",\"logo\":{\"@type\":\"ImageObject\",\"inLanguage\":\"fr-FR\",\"@id\":\"https:\/\/tourtravelandmore.com\/fr\/#\/schema\/logo\/image\/\",\"url\":\"https:\/\/tourtravelandmore.com\/wp-content\/uploads\/2022\/12\/cropped-logo-cabecera-new.png\",\"contentUrl\":\"https:\/\/tourtravelandmore.com\/wp-content\/uploads\/2022\/12\/cropped-logo-cabecera-new.png\",\"width\":430,\"height\":61,\"caption\":\"Tour Travel And More\"},\"image\":{\"@id\":\"https:\/\/tourtravelandmore.com\/fr\/#\/schema\/logo\/image\/\"},\"sameAs\":[\"https:\/\/www.facebook.com\/tourtravelandmore\/\",\"https:\/\/x.com\/TourTravel_More\"]}]}<\/script>\n<!-- \/ Yoast SEO Premium plugin. -->","yoast_head_json":{"title":"Italie et Suisse en une journ\u00e9e Lac de C\u00f4me Bellagio et Lugano au d\u00e9part de Milan","description":"L'Italie et la Suisse en un jour : Lac de C\u00f4me, Bellagio et Lugano au d\u00e9part de Milan - Tour Travel and More. Profitez de cette exp\u00e9rience exceptionnelle !","robots":{"index":"index","follow":"follow","max-snippet":"max-snippet:-1","max-image-preview":"max-image-preview:large","max-video-preview":"max-video-preview:-1"},"canonical":"https:\/\/tourtravelandmore.com\/fr\/tours\/italie-fr\/milan-fr\/visite-privee-du-lac-de-come-de-bellagio-et-de-varenna-au-depart-de-milan-copy-2\/","og_locale":"fr_FR","og_type":"article","og_title":"L'Italie et la Suisse en un jour : Lac de C\u00f4me, Bellagio et Lugano au d\u00e9part de Milan","og_description":"L'Italie et la Suisse en un jour : Lac de C\u00f4me, Bellagio et Lugano au d\u00e9part de Milan - Tour Travel and More. Profitez de cette exp\u00e9rience exceptionnelle !","og_url":"https:\/\/tourtravelandmore.com\/fr\/tours\/italie-fr\/milan-fr\/visite-privee-du-lac-de-come-de-bellagio-et-de-varenna-au-depart-de-milan-copy-2\/","og_site_name":"Tour Travel And More","article_publisher":"https:\/\/www.facebook.com\/tourtravelandmore\/","article_modified_time":"2024-02-08T13:00:06+00:00","og_image":[{"width":1600,"height":1067,"url":"https:\/\/tourtravelandmore.com\/wp-content\/uploads\/2024\/02\/129344.webp","type":"image\/webp"}],"twitter_card":"summary_large_image","twitter_site":"@TourTravel_More","twitter_misc":{"Dur\u00e9e de lecture estim\u00e9e":"3 minutes"},"schema":{"@context":"https:\/\/schema.org","@graph":[{"@type":"WebPage","@id":"https:\/\/tourtravelandmore.com\/fr\/tours\/italie-fr\/milan-fr\/visite-privee-du-lac-de-come-de-bellagio-et-de-varenna-au-depart-de-milan-copy-2\/","url":"https:\/\/tourtravelandmore.com\/fr\/tours\/italie-fr\/milan-fr\/visite-privee-du-lac-de-come-de-bellagio-et-de-varenna-au-depart-de-milan-copy-2\/","name":"Italie et Suisse en une journ\u00e9e Lac de C\u00f4me Bellagio et Lugano au d\u00e9part de Milan","isPartOf":{"@id":"https:\/\/tourtravelandmore.com\/fr\/#website"},"primaryImageOfPage":{"@id":"https:\/\/tourtravelandmore.com\/fr\/tours\/italie-fr\/milan-fr\/visite-privee-du-lac-de-come-de-bellagio-et-de-varenna-au-depart-de-milan-copy-2\/#primaryimage"},"image":{"@id":"https:\/\/tourtravelandmore.com\/fr\/tours\/italie-fr\/milan-fr\/visite-privee-du-lac-de-come-de-bellagio-et-de-varenna-au-depart-de-milan-copy-2\/#primaryimage"},"thumbnailUrl":"https:\/\/tourtravelandmore.com\/wp-content\/uploads\/2024\/02\/129344.webp","datePublished":"2024-02-08T12:50:04+00:00","dateModified":"2024-02-08T13:00:06+00:00","description":"L'Italie et la Suisse en un jour : Lac de C\u00f4me, Bellagio et Lugano au d\u00e9part de Milan - Tour Travel and More. Profitez de cette exp\u00e9rience exceptionnelle !","breadcrumb":{"@id":"https:\/\/tourtravelandmore.com\/fr\/tours\/italie-fr\/milan-fr\/visite-privee-du-lac-de-come-de-bellagio-et-de-varenna-au-depart-de-milan-copy-2\/#breadcrumb"},"inLanguage":"fr-FR","potentialAction":[{"@type":"ReadAction","target":["https:\/\/tourtravelandmore.com\/fr\/tours\/italie-fr\/milan-fr\/visite-privee-du-lac-de-come-de-bellagio-et-de-varenna-au-depart-de-milan-copy-2\/"]}]},{"@type":"ImageObject","inLanguage":"fr-FR","@id":"https:\/\/tourtravelandmore.com\/fr\/tours\/italie-fr\/milan-fr\/visite-privee-du-lac-de-come-de-bellagio-et-de-varenna-au-depart-de-milan-copy-2\/#primaryimage","url":"https:\/\/tourtravelandmore.com\/wp-content\/uploads\/2024\/02\/129344.webp","contentUrl":"https:\/\/tourtravelandmore.com\/wp-content\/uploads\/2024\/02\/129344.webp","width":1600,"height":1067},{"@type":"BreadcrumbList","@id":"https:\/\/tourtravelandmore.com\/fr\/tours\/italie-fr\/milan-fr\/visite-privee-du-lac-de-come-de-bellagio-et-de-varenna-au-depart-de-milan-copy-2\/#breadcrumb","itemListElement":[{"@type":"ListItem","position":1,"name":"Home","item":"https:\/\/tourtravelandmore.com\/fr\/"},{"@type":"ListItem","position":2,"name":"Tours","item":"https:\/\/tourtravelandmore.com\/fr\/tours\/"},{"@type":"ListItem","position":3,"name":"L&#8217;Italie et la Suisse en un jour : Lac de C\u00f4me, Bellagio et Lugano au d\u00e9part de Milan"}]},{"@type":"WebSite","@id":"https:\/\/tourtravelandmore.com\/fr\/#website","url":"https:\/\/tourtravelandmore.com\/fr\/","name":"Tour Travel And More","description":"Private sightseeing tours and luxury transfers in Spain","publisher":{"@id":"https:\/\/tourtravelandmore.com\/fr\/#organization"},"potentialAction":[{"@type":"SearchAction","target":{"@type":"EntryPoint","urlTemplate":"https:\/\/tourtravelandmore.com\/fr\/?s={search_term_string}"},"query-input":{"@type":"PropertyValueSpecification","valueRequired":true,"valueName":"search_term_string"}}],"inLanguage":"fr-FR"},{"@type":"Organization","@id":"https:\/\/tourtravelandmore.com\/fr\/#organization","name":"Tour Travel And More","url":"https:\/\/tourtravelandmore.com\/fr\/","logo":{"@type":"ImageObject","inLanguage":"fr-FR","@id":"https:\/\/tourtravelandmore.com\/fr\/#\/schema\/logo\/image\/","url":"https:\/\/tourtravelandmore.com\/wp-content\/uploads\/2022\/12\/cropped-logo-cabecera-new.png","contentUrl":"https:\/\/tourtravelandmore.com\/wp-content\/uploads\/2022\/12\/cropped-logo-cabecera-new.png","width":430,"height":61,"caption":"Tour Travel And More"},"image":{"@id":"https:\/\/tourtravelandmore.com\/fr\/#\/schema\/logo\/image\/"},"sameAs":["https:\/\/www.facebook.com\/tourtravelandmore\/","https:\/\/x.com\/TourTravel_More"]}]}},"_links":{"self":[{"href":"https:\/\/tourtravelandmore.com\/fr\/wp-json\/wp\/v2\/product\/172424","targetHints":{"allow":["GET"]}}],"collection":[{"href":"https:\/\/tourtravelandmore.com\/fr\/wp-json\/wp\/v2\/product"}],"about":[{"href":"https:\/\/tourtravelandmore.com\/fr\/wp-json\/wp\/v2\/types\/product"}],"replies":[{"embeddable":true,"href":"https:\/\/tourtravelandmore.com\/fr\/wp-json\/wp\/v2\/comments?post=172424"}],"wp:featuredmedia":[{"embeddable":true,"href":"https:\/\/tourtravelandmore.com\/fr\/wp-json\/wp\/v2\/media\/172434"}],"wp:attachment":[{"href":"https:\/\/tourtravelandmore.com\/fr\/wp-json\/wp\/v2\/media?parent=172424"}],"wp:term":[{"taxonomy":"product_brand","embeddable":true,"href":"https:\/\/tourtravelandmore.com\/fr\/wp-json\/wp\/v2\/product_brand?post=172424"},{"taxonomy":"product_cat","embeddable":true,"href":"https:\/\/tourtravelandmore.com\/fr\/wp-json\/wp\/v2\/product_cat?post=172424"},{"taxonomy":"product_tag","embeddable":true,"href":"https:\/\/tourtravelandmore.com\/fr\/wp-json\/wp\/v2\/product_tag?post=172424"}],"curies":[{"name":"wp","href":"https:\/\/api.w.org\/{rel}","templated":true}]}}