{"id":172398,"date":"2024-02-07T20:59:15","date_gmt":"2024-02-07T19:59:18","guid":{"rendered":"https:\/\/tourtravelandmore.com\/?post_type=product&#038;p=172398"},"modified":"2024-03-18T14:01:07","modified_gmt":"2024-03-18T13:01:07","slug":"excursion-privee-au-lac-de-come-et-bellagio-depuis-milan-avec-promenade-en-bateau-seulement-voiture-avec-chauffeur-copy-copy","status":"publish","type":"product","link":"https:\/\/tourtravelandmore.com\/fr\/tours\/italie-fr\/milan-fr\/excursion-privee-au-lac-de-come-et-bellagio-depuis-milan-avec-promenade-en-bateau-seulement-voiture-avec-chauffeur-copy-copy\/","title":{"rendered":"V\u00e9hicule priv\u00e9 avec chauffeur pour COMO et Bellagio depuis Milan"},"content":{"rendered":"<h2>Description V\u00e9hicule priv\u00e9 avec chauffeur pour COMO et Bellagio au d\u00e9part de Milan<\/h2>\n<p>L&#8217;excursion d&#8217;une journ\u00e9e compl\u00e8te avec Tour Travel &amp; More est une exp\u00e9rience inoubliable qui vous emm\u00e8ne \u00e0 la d\u00e9couverte de deux joyaux du lac de C\u00f4me : l&#8217;\u00e9l\u00e9gante ville de C\u00f4me et la pittoresque Bellagio. Dans le confort d&#8217;un v\u00e9hicule priv\u00e9 avec chauffeur, vous aurez l&#8217;occasion d&#8217;explorer ces destinations enchanteresses et de profiter de paysages spectaculaires en chemin.<\/p>\n<p>Cette excursion priv\u00e9e au lac de C\u00f4me et \u00e0 Bellagio au d\u00e9part de Milan (voiture seule avec chauffeur) est id\u00e9ale pour d\u00e9couvrir le troisi\u00e8me plus grand lac d&#8217;Italie, dont la forme en &#8221; Y &#8221; invers\u00e9 ressemble \u00e0 deux bras pr\u00eats \u00e0 \u00e9treindre les voyageurs. Cette excursion de 8 heures est faite sur mesure pour vous. En effet, vous pouvez choisir parmi les diff\u00e9rentes options disponibles celle qui correspond le mieux \u00e0 votre emploi du temps et \u00e0 vos besoins.<\/p>\n<p>Toutes les options choisies comprennent le transfert de retour \u00e0 Milan pour que vous puissiez poursuivre votre itin\u00e9raire.<\/p>\n<h2>Points d&#8217;int\u00e9r\u00eat<\/h2>\n<p>Votre chauffeur professionnel viendra vous chercher \u00e0 Milan dans un v\u00e9hicule confortable et s\u00fbr, pr\u00eat \u00e0 commencer votre voyage vers le lac de C\u00f4me.<\/p>\n<p>En chemin, vous pourrez admirer la beaut\u00e9 de la campagne italienne et les vues majestueuses des Alpes \u00e0 l&#8217;approche du lac de C\u00f4me. Votre chauffeur sera heureux de vous fournir des informations sur les lieux d&#8217;int\u00e9r\u00eat le long de la route.<\/p>\n<p>Une fois \u00e0 C\u00f4me, vous aurez du temps libre pour d\u00e9couvrir cette ville historique \u00e0 votre rythme. Promenez-vous dans les charmantes rues pav\u00e9es, visitez l&#8217;impressionnante cath\u00e9drale de C\u00f4me avec ses \u0153uvres d&#8217;art complexes et profitez des vues panoramiques depuis la promenade au bord du lac.<\/p>\n<p>Apr\u00e8s avoir explor\u00e9 C\u00f4me, votre chauffeur vous conduira \u00e0 Bellagio, surnomm\u00e9e la &#8220;perle du lac de C\u00f4me&#8221;. Cette charmante ville vous s\u00e9duira par ses jardins luxuriants, ses rues pav\u00e9es et ses vues \u00e0 couper le souffle sur le lac et les montagnes environnantes. Bellagio abrite plusieurs villas historiques et de magnifiques jardins que vous pourrez visiter. La Villa Melzi d&#8217;Eril et ses magnifiques jardins botaniques, ainsi que la Villa Serbelloni, entour\u00e9e de parcs et de for\u00eats luxuriantes, figurent parmi les sites les plus remarquables.<\/p>\n<p>Apr\u00e8s une journ\u00e9e riche en explorations et en beaut\u00e9s naturelles, vous retournerez \u00e0 Milan dans votre v\u00e9hicule priv\u00e9. Vous aurez tout le temps de vous d\u00e9tendre et de profiter du paysage pendant votre retour en ville.<\/p>\n<p>Si vous disposez d&#8217;un peu plus de temps en Italie, nous vous recommandons d&#8217;inclure dans votre itin\u00e9raire de voyage notre visite priv\u00e9e de Bergame au d\u00e9part de Milan pour explorer l&#8217;une des villes les plus embl\u00e9matiques de Lombardie.<\/p>\n","protected":false},"excerpt":{"rendered":"<p>Cette visite priv\u00e9e du lac de C\u00f4me et de Bellagio au d\u00e9part de Milan (voiture seule avec chauffeur) est id\u00e9ale pour d\u00e9couvrir le troisi\u00e8me plus grand lac d&#8217;Italie, dont la forme en &#8220;Y&#8221; invers\u00e9 ressemble \u00e0 deux bras pr\u00eats \u00e0 \u00e9treindre les voyageurs. Cette excursion de 8 heures est faite sur mesure pour vous. En effet, vous pouvez choisir parmi les diff\u00e9rents circuits propos\u00e9s celui qui correspond le mieux \u00e0 votre emploi du temps et \u00e0 vos besoins. Le lac de C\u00f4me est situ\u00e9 tout pr\u00e8s de Milan. Cela en a fait un lieu de pr\u00e9dilection pour les riches et les c\u00e9l\u00e8bres.<\/p>\n","protected":false},"featured_media":172408,"comment_status":"open","ping_status":"closed","template":"","meta":{"_acf_changed":false},"product_brand":[],"product_cat":[4911,4910,4912,4913,3700],"product_tag":[],"class_list":{"0":"post-172398","1":"product","2":"type-product","3":"status-publish","4":"has-post-thumbnail","6":"product_cat-all-private-tours-activities-fr-25","7":"product_cat-le-lac-de-come","8":"product_cat-private-day-trips-fr-15","9":"product_cat-private-sightseeing-tours-fr-28","10":"product_cat-milan-fr","12":"first","13":"instock","14":"shipping-taxable","15":"purchasable","16":"product-type-simple"},"acf":[],"yoast_head":"<!-- This site is optimized with the Yoast SEO Premium plugin v25.3.1 (Yoast SEO v25.3.1) - https:\/\/yoast.com\/wordpress\/plugins\/seo\/ -->\n<title>Excursion priv\u00e9e au lac de C\u00f4me et Bellagio au d\u00e9part de Milan - TTM<\/title>\n<meta name=\"description\" content=\"Visite priv\u00e9e du lac de C\u00f4me et Bellagio au d\u00e9part de Milan. Vous pouvez \u00e9galement demander un guide priv\u00e9 et, si vous le souhaitez, inclure une promenade relaxante en bateau sur le lac.\" \/>\n<meta name=\"robots\" content=\"index, follow, max-snippet:-1, max-image-preview:large, max-video-preview:-1\" \/>\n<link rel=\"canonical\" href=\"https:\/\/tourtravelandmore.com\/fr\/tours\/italie-fr\/milan-fr\/excursion-privee-au-lac-de-come-et-bellagio-depuis-milan-avec-promenade-en-bateau-seulement-voiture-avec-chauffeur-copy-copy\/\" \/>\n<meta property=\"og:locale\" content=\"fr_FR\" \/>\n<meta property=\"og:type\" content=\"article\" \/>\n<meta property=\"og:title\" content=\"V\u00e9hicule priv\u00e9 avec chauffeur pour COMO et Bellagio depuis Milan\" \/>\n<meta property=\"og:description\" content=\"Visite priv\u00e9e du lac de C\u00f4me et Bellagio au d\u00e9part de Milan. Vous pouvez \u00e9galement demander un guide priv\u00e9 et, si vous le souhaitez, inclure une promenade relaxante en bateau sur le lac.\" \/>\n<meta property=\"og:url\" content=\"https:\/\/tourtravelandmore.com\/fr\/tours\/italie-fr\/milan-fr\/excursion-privee-au-lac-de-come-et-bellagio-depuis-milan-avec-promenade-en-bateau-seulement-voiture-avec-chauffeur-copy-copy\/\" \/>\n<meta property=\"og:site_name\" content=\"Tour Travel And More\" \/>\n<meta property=\"article:publisher\" content=\"https:\/\/www.facebook.com\/tourtravelandmore\/\" \/>\n<meta property=\"article:modified_time\" content=\"2024-03-18T13:01:07+00:00\" \/>\n<meta property=\"og:image\" content=\"https:\/\/tourtravelandmore.com\/wp-content\/uploads\/2024\/02\/Lake-Como-Inspirations.jpg\" \/>\n\t<meta property=\"og:image:width\" content=\"1920\" \/>\n\t<meta property=\"og:image:height\" content=\"1080\" \/>\n\t<meta property=\"og:image:type\" content=\"image\/jpeg\" \/>\n<meta name=\"twitter:card\" content=\"summary_large_image\" \/>\n<meta name=\"twitter:site\" content=\"@TourTravel_More\" \/>\n<meta name=\"twitter:label1\" content=\"Dur\u00e9e de lecture estim\u00e9e\" \/>\n\t<meta name=\"twitter:data1\" content=\"2 minutes\" \/>\n<script type=\"application\/ld+json\" class=\"yoast-schema-graph\">{\"@context\":\"https:\/\/schema.org\",\"@graph\":[{\"@type\":\"WebPage\",\"@id\":\"https:\/\/tourtravelandmore.com\/fr\/tours\/italie-fr\/milan-fr\/excursion-privee-au-lac-de-come-et-bellagio-depuis-milan-avec-promenade-en-bateau-seulement-voiture-avec-chauffeur-copy-copy\/\",\"url\":\"https:\/\/tourtravelandmore.com\/fr\/tours\/italie-fr\/milan-fr\/excursion-privee-au-lac-de-come-et-bellagio-depuis-milan-avec-promenade-en-bateau-seulement-voiture-avec-chauffeur-copy-copy\/\",\"name\":\"Excursion priv\u00e9e au lac de C\u00f4me et Bellagio au d\u00e9part de Milan - TTM\",\"isPartOf\":{\"@id\":\"https:\/\/tourtravelandmore.com\/fr\/#website\"},\"primaryImageOfPage\":{\"@id\":\"https:\/\/tourtravelandmore.com\/fr\/tours\/italie-fr\/milan-fr\/excursion-privee-au-lac-de-come-et-bellagio-depuis-milan-avec-promenade-en-bateau-seulement-voiture-avec-chauffeur-copy-copy\/#primaryimage\"},\"image\":{\"@id\":\"https:\/\/tourtravelandmore.com\/fr\/tours\/italie-fr\/milan-fr\/excursion-privee-au-lac-de-come-et-bellagio-depuis-milan-avec-promenade-en-bateau-seulement-voiture-avec-chauffeur-copy-copy\/#primaryimage\"},\"thumbnailUrl\":\"https:\/\/tourtravelandmore.com\/wp-content\/uploads\/2024\/02\/Lake-Como-Inspirations.jpg\",\"datePublished\":\"2024-02-07T19:59:18+00:00\",\"dateModified\":\"2024-03-18T13:01:07+00:00\",\"description\":\"Visite priv\u00e9e du lac de C\u00f4me et Bellagio au d\u00e9part de Milan. Vous pouvez \u00e9galement demander un guide priv\u00e9 et, si vous le souhaitez, inclure une promenade relaxante en bateau sur le lac.\",\"breadcrumb\":{\"@id\":\"https:\/\/tourtravelandmore.com\/fr\/tours\/italie-fr\/milan-fr\/excursion-privee-au-lac-de-come-et-bellagio-depuis-milan-avec-promenade-en-bateau-seulement-voiture-avec-chauffeur-copy-copy\/#breadcrumb\"},\"inLanguage\":\"fr-FR\",\"potentialAction\":[{\"@type\":\"ReadAction\",\"target\":[\"https:\/\/tourtravelandmore.com\/fr\/tours\/italie-fr\/milan-fr\/excursion-privee-au-lac-de-come-et-bellagio-depuis-milan-avec-promenade-en-bateau-seulement-voiture-avec-chauffeur-copy-copy\/\"]}]},{\"@type\":\"ImageObject\",\"inLanguage\":\"fr-FR\",\"@id\":\"https:\/\/tourtravelandmore.com\/fr\/tours\/italie-fr\/milan-fr\/excursion-privee-au-lac-de-come-et-bellagio-depuis-milan-avec-promenade-en-bateau-seulement-voiture-avec-chauffeur-copy-copy\/#primaryimage\",\"url\":\"https:\/\/tourtravelandmore.com\/wp-content\/uploads\/2024\/02\/Lake-Como-Inspirations.jpg\",\"contentUrl\":\"https:\/\/tourtravelandmore.com\/wp-content\/uploads\/2024\/02\/Lake-Como-Inspirations.jpg\",\"width\":1920,\"height\":1080},{\"@type\":\"BreadcrumbList\",\"@id\":\"https:\/\/tourtravelandmore.com\/fr\/tours\/italie-fr\/milan-fr\/excursion-privee-au-lac-de-come-et-bellagio-depuis-milan-avec-promenade-en-bateau-seulement-voiture-avec-chauffeur-copy-copy\/#breadcrumb\",\"itemListElement\":[{\"@type\":\"ListItem\",\"position\":1,\"name\":\"Home\",\"item\":\"https:\/\/tourtravelandmore.com\/fr\/\"},{\"@type\":\"ListItem\",\"position\":2,\"name\":\"Tours\",\"item\":\"https:\/\/tourtravelandmore.com\/fr\/tours\/\"},{\"@type\":\"ListItem\",\"position\":3,\"name\":\"V\u00e9hicule priv\u00e9 avec chauffeur pour COMO et Bellagio depuis Milan\"}]},{\"@type\":\"WebSite\",\"@id\":\"https:\/\/tourtravelandmore.com\/fr\/#website\",\"url\":\"https:\/\/tourtravelandmore.com\/fr\/\",\"name\":\"Tour Travel And More\",\"description\":\"Private sightseeing tours and luxury transfers in Spain\",\"publisher\":{\"@id\":\"https:\/\/tourtravelandmore.com\/fr\/#organization\"},\"potentialAction\":[{\"@type\":\"SearchAction\",\"target\":{\"@type\":\"EntryPoint\",\"urlTemplate\":\"https:\/\/tourtravelandmore.com\/fr\/?s={search_term_string}\"},\"query-input\":{\"@type\":\"PropertyValueSpecification\",\"valueRequired\":true,\"valueName\":\"search_term_string\"}}],\"inLanguage\":\"fr-FR\"},{\"@type\":\"Organization\",\"@id\":\"https:\/\/tourtravelandmore.com\/fr\/#organization\",\"name\":\"Tour Travel And More\",\"url\":\"https:\/\/tourtravelandmore.com\/fr\/\",\"logo\":{\"@type\":\"ImageObject\",\"inLanguage\":\"fr-FR\",\"@id\":\"https:\/\/tourtravelandmore.com\/fr\/#\/schema\/logo\/image\/\",\"url\":\"https:\/\/tourtravelandmore.com\/wp-content\/uploads\/2022\/12\/cropped-logo-cabecera-new.png\",\"contentUrl\":\"https:\/\/tourtravelandmore.com\/wp-content\/uploads\/2022\/12\/cropped-logo-cabecera-new.png\",\"width\":430,\"height\":61,\"caption\":\"Tour Travel And More\"},\"image\":{\"@id\":\"https:\/\/tourtravelandmore.com\/fr\/#\/schema\/logo\/image\/\"},\"sameAs\":[\"https:\/\/www.facebook.com\/tourtravelandmore\/\",\"https:\/\/x.com\/TourTravel_More\"]}]}<\/script>\n<!-- \/ Yoast SEO Premium plugin. -->","yoast_head_json":{"title":"Excursion priv\u00e9e au lac de C\u00f4me et Bellagio au d\u00e9part de Milan - TTM","description":"Visite priv\u00e9e du lac de C\u00f4me et Bellagio au d\u00e9part de Milan. Vous pouvez \u00e9galement demander un guide priv\u00e9 et, si vous le souhaitez, inclure une promenade relaxante en bateau sur le lac.","robots":{"index":"index","follow":"follow","max-snippet":"max-snippet:-1","max-image-preview":"max-image-preview:large","max-video-preview":"max-video-preview:-1"},"canonical":"https:\/\/tourtravelandmore.com\/fr\/tours\/italie-fr\/milan-fr\/excursion-privee-au-lac-de-come-et-bellagio-depuis-milan-avec-promenade-en-bateau-seulement-voiture-avec-chauffeur-copy-copy\/","og_locale":"fr_FR","og_type":"article","og_title":"V\u00e9hicule priv\u00e9 avec chauffeur pour COMO et Bellagio depuis Milan","og_description":"Visite priv\u00e9e du lac de C\u00f4me et Bellagio au d\u00e9part de Milan. Vous pouvez \u00e9galement demander un guide priv\u00e9 et, si vous le souhaitez, inclure une promenade relaxante en bateau sur le lac.","og_url":"https:\/\/tourtravelandmore.com\/fr\/tours\/italie-fr\/milan-fr\/excursion-privee-au-lac-de-come-et-bellagio-depuis-milan-avec-promenade-en-bateau-seulement-voiture-avec-chauffeur-copy-copy\/","og_site_name":"Tour Travel And More","article_publisher":"https:\/\/www.facebook.com\/tourtravelandmore\/","article_modified_time":"2024-03-18T13:01:07+00:00","og_image":[{"width":1920,"height":1080,"url":"https:\/\/tourtravelandmore.com\/wp-content\/uploads\/2024\/02\/Lake-Como-Inspirations.jpg","type":"image\/jpeg"}],"twitter_card":"summary_large_image","twitter_site":"@TourTravel_More","twitter_misc":{"Dur\u00e9e de lecture estim\u00e9e":"2 minutes"},"schema":{"@context":"https:\/\/schema.org","@graph":[{"@type":"WebPage","@id":"https:\/\/tourtravelandmore.com\/fr\/tours\/italie-fr\/milan-fr\/excursion-privee-au-lac-de-come-et-bellagio-depuis-milan-avec-promenade-en-bateau-seulement-voiture-avec-chauffeur-copy-copy\/","url":"https:\/\/tourtravelandmore.com\/fr\/tours\/italie-fr\/milan-fr\/excursion-privee-au-lac-de-come-et-bellagio-depuis-milan-avec-promenade-en-bateau-seulement-voiture-avec-chauffeur-copy-copy\/","name":"Excursion priv\u00e9e au lac de C\u00f4me et Bellagio au d\u00e9part de Milan - TTM","isPartOf":{"@id":"https:\/\/tourtravelandmore.com\/fr\/#website"},"primaryImageOfPage":{"@id":"https:\/\/tourtravelandmore.com\/fr\/tours\/italie-fr\/milan-fr\/excursion-privee-au-lac-de-come-et-bellagio-depuis-milan-avec-promenade-en-bateau-seulement-voiture-avec-chauffeur-copy-copy\/#primaryimage"},"image":{"@id":"https:\/\/tourtravelandmore.com\/fr\/tours\/italie-fr\/milan-fr\/excursion-privee-au-lac-de-come-et-bellagio-depuis-milan-avec-promenade-en-bateau-seulement-voiture-avec-chauffeur-copy-copy\/#primaryimage"},"thumbnailUrl":"https:\/\/tourtravelandmore.com\/wp-content\/uploads\/2024\/02\/Lake-Como-Inspirations.jpg","datePublished":"2024-02-07T19:59:18+00:00","dateModified":"2024-03-18T13:01:07+00:00","description":"Visite priv\u00e9e du lac de C\u00f4me et Bellagio au d\u00e9part de Milan. Vous pouvez \u00e9galement demander un guide priv\u00e9 et, si vous le souhaitez, inclure une promenade relaxante en bateau sur le lac.","breadcrumb":{"@id":"https:\/\/tourtravelandmore.com\/fr\/tours\/italie-fr\/milan-fr\/excursion-privee-au-lac-de-come-et-bellagio-depuis-milan-avec-promenade-en-bateau-seulement-voiture-avec-chauffeur-copy-copy\/#breadcrumb"},"inLanguage":"fr-FR","potentialAction":[{"@type":"ReadAction","target":["https:\/\/tourtravelandmore.com\/fr\/tours\/italie-fr\/milan-fr\/excursion-privee-au-lac-de-come-et-bellagio-depuis-milan-avec-promenade-en-bateau-seulement-voiture-avec-chauffeur-copy-copy\/"]}]},{"@type":"ImageObject","inLanguage":"fr-FR","@id":"https:\/\/tourtravelandmore.com\/fr\/tours\/italie-fr\/milan-fr\/excursion-privee-au-lac-de-come-et-bellagio-depuis-milan-avec-promenade-en-bateau-seulement-voiture-avec-chauffeur-copy-copy\/#primaryimage","url":"https:\/\/tourtravelandmore.com\/wp-content\/uploads\/2024\/02\/Lake-Como-Inspirations.jpg","contentUrl":"https:\/\/tourtravelandmore.com\/wp-content\/uploads\/2024\/02\/Lake-Como-Inspirations.jpg","width":1920,"height":1080},{"@type":"BreadcrumbList","@id":"https:\/\/tourtravelandmore.com\/fr\/tours\/italie-fr\/milan-fr\/excursion-privee-au-lac-de-come-et-bellagio-depuis-milan-avec-promenade-en-bateau-seulement-voiture-avec-chauffeur-copy-copy\/#breadcrumb","itemListElement":[{"@type":"ListItem","position":1,"name":"Home","item":"https:\/\/tourtravelandmore.com\/fr\/"},{"@type":"ListItem","position":2,"name":"Tours","item":"https:\/\/tourtravelandmore.com\/fr\/tours\/"},{"@type":"ListItem","position":3,"name":"V\u00e9hicule priv\u00e9 avec chauffeur pour COMO et Bellagio depuis Milan"}]},{"@type":"WebSite","@id":"https:\/\/tourtravelandmore.com\/fr\/#website","url":"https:\/\/tourtravelandmore.com\/fr\/","name":"Tour Travel And More","description":"Private sightseeing tours and luxury transfers in Spain","publisher":{"@id":"https:\/\/tourtravelandmore.com\/fr\/#organization"},"potentialAction":[{"@type":"SearchAction","target":{"@type":"EntryPoint","urlTemplate":"https:\/\/tourtravelandmore.com\/fr\/?s={search_term_string}"},"query-input":{"@type":"PropertyValueSpecification","valueRequired":true,"valueName":"search_term_string"}}],"inLanguage":"fr-FR"},{"@type":"Organization","@id":"https:\/\/tourtravelandmore.com\/fr\/#organization","name":"Tour Travel And More","url":"https:\/\/tourtravelandmore.com\/fr\/","logo":{"@type":"ImageObject","inLanguage":"fr-FR","@id":"https:\/\/tourtravelandmore.com\/fr\/#\/schema\/logo\/image\/","url":"https:\/\/tourtravelandmore.com\/wp-content\/uploads\/2022\/12\/cropped-logo-cabecera-new.png","contentUrl":"https:\/\/tourtravelandmore.com\/wp-content\/uploads\/2022\/12\/cropped-logo-cabecera-new.png","width":430,"height":61,"caption":"Tour Travel And More"},"image":{"@id":"https:\/\/tourtravelandmore.com\/fr\/#\/schema\/logo\/image\/"},"sameAs":["https:\/\/www.facebook.com\/tourtravelandmore\/","https:\/\/x.com\/TourTravel_More"]}]}},"_links":{"self":[{"href":"https:\/\/tourtravelandmore.com\/fr\/wp-json\/wp\/v2\/product\/172398","targetHints":{"allow":["GET"]}}],"collection":[{"href":"https:\/\/tourtravelandmore.com\/fr\/wp-json\/wp\/v2\/product"}],"about":[{"href":"https:\/\/tourtravelandmore.com\/fr\/wp-json\/wp\/v2\/types\/product"}],"replies":[{"embeddable":true,"href":"https:\/\/tourtravelandmore.com\/fr\/wp-json\/wp\/v2\/comments?post=172398"}],"wp:featuredmedia":[{"embeddable":true,"href":"https:\/\/tourtravelandmore.com\/fr\/wp-json\/wp\/v2\/media\/172408"}],"wp:attachment":[{"href":"https:\/\/tourtravelandmore.com\/fr\/wp-json\/wp\/v2\/media?parent=172398"}],"wp:term":[{"taxonomy":"product_brand","embeddable":true,"href":"https:\/\/tourtravelandmore.com\/fr\/wp-json\/wp\/v2\/product_brand?post=172398"},{"taxonomy":"product_cat","embeddable":true,"href":"https:\/\/tourtravelandmore.com\/fr\/wp-json\/wp\/v2\/product_cat?post=172398"},{"taxonomy":"product_tag","embeddable":true,"href":"https:\/\/tourtravelandmore.com\/fr\/wp-json\/wp\/v2\/product_tag?post=172398"}],"curies":[{"name":"wp","href":"https:\/\/api.w.org\/{rel}","templated":true}]}}