{"id":172320,"date":"2024-02-07T19:09:27","date_gmt":"2024-02-07T18:09:32","guid":{"rendered":"https:\/\/tourtravelandmore.com\/?post_type=product&#038;p=172320"},"modified":"2024-02-14T15:30:03","modified_gmt":"2024-02-14T14:30:03","slug":"visite-privee-du-lac-de-come-de-bellagio-et-de-varenna-au-depart-de-milan-copy","status":"publish","type":"product","link":"https:\/\/tourtravelandmore.com\/fr\/tours\/italie-fr\/milan-fr\/visite-privee-du-lac-de-come-de-bellagio-et-de-varenna-au-depart-de-milan-copy\/","title":{"rendered":"V\u00e9hicule priv\u00e9 avec chauffeur pour COMO, Bellagio et Varenna au d\u00e9part de Milan"},"content":{"rendered":"<h2>Description V\u00e9hicule priv\u00e9 avec chauffeur pour COMO, Bellagio et Varenna au d\u00e9part de Milan<\/h2>\n<p>Ann\u00e9e apr\u00e8s ann\u00e9e, des milliers de touristes choisissent l&#8217;Italie comme destination de voyage. La visite du lac de C\u00f4me figure toujours sur leur itin\u00e9raire, car il s&#8217;agit de l&#8217;un des paysages naturels les plus attrayants d&#8217;Europe.<\/p>\n<p>Cette visite priv\u00e9e du lac de C\u00f4me, de Bellagio et de Varenna au d\u00e9part de Milan est id\u00e9ale pour d\u00e9couvrir le troisi\u00e8me plus grand lac d&#8217;Italie, dont la forme en &#8220;Y&#8221; invers\u00e9 ressemble \u00e0 deux bras pr\u00eats \u00e0 \u00e9treindre les voyageurs.<\/p>\n<p>Cette excursion de 10 heures est con\u00e7ue sur mesure pour vous. En effet, vous pouvez choisir parmi les diff\u00e9rents circuits propos\u00e9s celui qui correspond le mieux \u00e0 votre emploi du temps et \u00e0 vos besoins.<\/p>\n<p>Le lac de C\u00f4me est situ\u00e9 tout pr\u00e8s de Milan. Cela en a fait un lieu de pr\u00e9dilection pour les riches et les c\u00e9l\u00e8bres.<\/p>\n<p>Toutes les options de visite que vous choisissez comprennent le transfert \u00e0 Milan pour que vous puissiez continuer votre itin\u00e9raire.<\/p>\n<h2>Points d&#8217;int\u00e9r\u00eat de la visite priv\u00e9e<\/h2>\n<p>Votre chauffeur priv\u00e9 viendra vous chercher \u00e0 votre lieu d&#8217;h\u00e9bergement \u00e0 Milan. Montez dans le v\u00e9hicule et pr\u00e9parez-vous \u00e0 une journ\u00e9e remplie de beaut\u00e9 naturelle et de charme historique au lac de C\u00f4me. Nous arriverons dans la charmante ville de C\u00f4me, situ\u00e9e sur les rives du lac.<\/p>\n<p>Notre chauffeur nous emm\u00e8nera nous promener dans la vieille ville de C\u00f4me. Nous pourrons y admirer l&#8217;\u00e9tonnante cath\u00e9drale gothique et explorer les charmantes rues charg\u00e9es d&#8217;histoire et de charme. Nous prendrons un d\u00e9licieux d\u00e9jeuner dans un restaurant local recommand\u00e9 par notre guide. Nous y d\u00e9gusterons une authentique cuisine italienne tout en profitant de la vue sur le lac.<\/p>\n<p>Apr\u00e8s le d\u00e9jeuner, nous nous rendrons en voiture priv\u00e9e \u00e0 Bellagio, surnomm\u00e9e la &#8220;perle du lac de C\u00f4me&#8221;. Nous ferons une promenade pittoresque dans cette charmante ville situ\u00e9e \u00e0 l&#8217;extr\u00e9mit\u00e9 de la p\u00e9ninsule de Bellagio. Nous continuerons notre voyage vers Varenna, un autre beau village sur les rives du lac de C\u00f4me, connu pour son charmant port et ses rues pav\u00e9es.<\/p>\n<p>Pour vous rendre \u00e0 Varenna, vous devrez prendre le ferry depuis Bellagio. Votre chauffeur priv\u00e9 vous attendra \u00e0 Bellagio pendant que vous visiterez Varenna. Les billets de ferry ne sont pas inclus, vous devrez les acheter sur place.<\/p>\n<p>O\u00f9 nous pourrons visiter l&#8217;\u00e9glise de San Giorgio et la pittoresque promenade au bord du lac. Apr\u00e8s une journ\u00e9e d&#8217;exploration et de d\u00e9couverte, nous ferons nos adieux au lac de C\u00f4me et retournerons \u00e0 Milan.<\/p>\n<p>Nous retournerons \u00e0 votre h\u00e9bergement \u00e0 Milan, concluant ainsi notre inoubliable visite priv\u00e9e du lac de C\u00f4me, de Bellagio et de Varenna.<\/p>\n<p><span style=\"font-weight: 400;\">Si vous disposez d&#8217;un peu plus de temps en Italie, nous vous recommandons d&#8217;inclure dans votre itin\u00e9raire de voyage notre <\/span><a href=\"https:\/\/tourtravelandmore.com\/fr\/tours\/italie-fr\/milan-fr\/visite-privee-de-bergame-au-depart-de-milan\/\"><b>visite priv\u00e9e de Bergame au d\u00e9part de Milan <\/b><\/a><span style=\"font-weight: 400;\">pour explorer l&#8217;une des villes les plus embl\u00e9matiques de la Lombardie.<\/span><\/p>\n","protected":false},"excerpt":{"rendered":"<p>Cette excursion priv\u00e9e au lac de C\u00f4me, Bellagio et Varenna au d\u00e9part de Milan est id\u00e9ale pour d\u00e9couvrir le troisi\u00e8me plus grand lac d&#8217;Italie, dont la forme en &#8220;Y&#8221; invers\u00e9 ressemble \u00e0 deux bras pr\u00eats \u00e0 \u00e9treindre les voyageurs. Cette excursion de 10 heures est con\u00e7ue sur mesure pour vous. En effet, vous pouvez choisir parmi les diff\u00e9rents circuits propos\u00e9s celui qui correspond le mieux \u00e0 votre emploi du temps et \u00e0 vos besoins. Le lac de C\u00f4me est situ\u00e9 tout pr\u00e8s de Milan. Cela en a fait un lieu de pr\u00e9dilection pour les riches et les c\u00e9l\u00e8bres.<\/p>\n","protected":false},"featured_media":172330,"comment_status":"open","ping_status":"closed","template":"","meta":{"_acf_changed":false},"product_brand":[],"product_cat":[4911,4910,4912,4913,3700],"product_tag":[],"class_list":{"0":"post-172320","1":"product","2":"type-product","3":"status-publish","4":"has-post-thumbnail","6":"product_cat-all-private-tours-activities-fr-25","7":"product_cat-le-lac-de-come","8":"product_cat-private-day-trips-fr-15","9":"product_cat-private-sightseeing-tours-fr-28","10":"product_cat-milan-fr","12":"first","13":"instock","14":"shipping-taxable","15":"purchasable","16":"product-type-simple"},"acf":[],"yoast_head":"<!-- This site is optimized with the Yoast SEO Premium plugin v25.3.1 (Yoast SEO v25.3.1) - https:\/\/yoast.com\/wordpress\/plugins\/seo\/ -->\n<title>Excursion priv\u00e9e au lac de C\u00f4me, Bellagio et Varenna au d\u00e9part de Milan - TTM<\/title>\n<meta name=\"description\" content=\"Visite priv\u00e9e du lac de C\u00f4me, de Bellagio et de Varenna au d\u00e9part de Milan. Vous pouvez \u00e9galement demander un guide priv\u00e9 et, si vous le souhaitez, inclure une promenade relaxante en bateau sur le lac.\" \/>\n<meta name=\"robots\" content=\"index, follow, max-snippet:-1, max-image-preview:large, max-video-preview:-1\" \/>\n<link rel=\"canonical\" href=\"https:\/\/tourtravelandmore.com\/fr\/tours\/italie-fr\/milan-fr\/visite-privee-du-lac-de-come-de-bellagio-et-de-varenna-au-depart-de-milan-copy\/\" \/>\n<meta property=\"og:locale\" content=\"fr_FR\" \/>\n<meta property=\"og:type\" content=\"article\" \/>\n<meta property=\"og:title\" content=\"V\u00e9hicule priv\u00e9 avec chauffeur pour COMO, Bellagio et Varenna au d\u00e9part de Milan\" \/>\n<meta property=\"og:description\" content=\"Visite priv\u00e9e du lac de C\u00f4me, de Bellagio et de Varenna au d\u00e9part de Milan. Vous pouvez \u00e9galement demander un guide priv\u00e9 et, si vous le souhaitez, inclure une promenade relaxante en bateau sur le lac.\" \/>\n<meta property=\"og:url\" content=\"https:\/\/tourtravelandmore.com\/fr\/tours\/italie-fr\/milan-fr\/visite-privee-du-lac-de-come-de-bellagio-et-de-varenna-au-depart-de-milan-copy\/\" \/>\n<meta property=\"og:site_name\" content=\"Tour Travel And More\" \/>\n<meta property=\"article:publisher\" content=\"https:\/\/www.facebook.com\/tourtravelandmore\/\" \/>\n<meta property=\"article:modified_time\" content=\"2024-02-14T14:30:03+00:00\" \/>\n<meta property=\"og:image\" content=\"https:\/\/tourtravelandmore.com\/wp-content\/uploads\/2024\/02\/pexels-photo-8431053.jpg\" \/>\n\t<meta property=\"og:image:width\" content=\"1126\" \/>\n\t<meta property=\"og:image:height\" content=\"750\" \/>\n\t<meta property=\"og:image:type\" content=\"image\/jpeg\" \/>\n<meta name=\"twitter:card\" content=\"summary_large_image\" \/>\n<meta name=\"twitter:site\" content=\"@TourTravel_More\" \/>\n<meta name=\"twitter:label1\" content=\"Dur\u00e9e de lecture estim\u00e9e\" \/>\n\t<meta name=\"twitter:data1\" content=\"3 minutes\" \/>\n<script type=\"application\/ld+json\" class=\"yoast-schema-graph\">{\"@context\":\"https:\/\/schema.org\",\"@graph\":[{\"@type\":\"WebPage\",\"@id\":\"https:\/\/tourtravelandmore.com\/fr\/tours\/italie-fr\/milan-fr\/visite-privee-du-lac-de-come-de-bellagio-et-de-varenna-au-depart-de-milan-copy\/\",\"url\":\"https:\/\/tourtravelandmore.com\/fr\/tours\/italie-fr\/milan-fr\/visite-privee-du-lac-de-come-de-bellagio-et-de-varenna-au-depart-de-milan-copy\/\",\"name\":\"Excursion priv\u00e9e au lac de C\u00f4me, Bellagio et Varenna au d\u00e9part de Milan - TTM\",\"isPartOf\":{\"@id\":\"https:\/\/tourtravelandmore.com\/fr\/#website\"},\"primaryImageOfPage\":{\"@id\":\"https:\/\/tourtravelandmore.com\/fr\/tours\/italie-fr\/milan-fr\/visite-privee-du-lac-de-come-de-bellagio-et-de-varenna-au-depart-de-milan-copy\/#primaryimage\"},\"image\":{\"@id\":\"https:\/\/tourtravelandmore.com\/fr\/tours\/italie-fr\/milan-fr\/visite-privee-du-lac-de-come-de-bellagio-et-de-varenna-au-depart-de-milan-copy\/#primaryimage\"},\"thumbnailUrl\":\"https:\/\/tourtravelandmore.com\/wp-content\/uploads\/2024\/02\/pexels-photo-8431053.jpg\",\"datePublished\":\"2024-02-07T18:09:32+00:00\",\"dateModified\":\"2024-02-14T14:30:03+00:00\",\"description\":\"Visite priv\u00e9e du lac de C\u00f4me, de Bellagio et de Varenna au d\u00e9part de Milan. Vous pouvez \u00e9galement demander un guide priv\u00e9 et, si vous le souhaitez, inclure une promenade relaxante en bateau sur le lac.\",\"breadcrumb\":{\"@id\":\"https:\/\/tourtravelandmore.com\/fr\/tours\/italie-fr\/milan-fr\/visite-privee-du-lac-de-come-de-bellagio-et-de-varenna-au-depart-de-milan-copy\/#breadcrumb\"},\"inLanguage\":\"fr-FR\",\"potentialAction\":[{\"@type\":\"ReadAction\",\"target\":[\"https:\/\/tourtravelandmore.com\/fr\/tours\/italie-fr\/milan-fr\/visite-privee-du-lac-de-come-de-bellagio-et-de-varenna-au-depart-de-milan-copy\/\"]}]},{\"@type\":\"ImageObject\",\"inLanguage\":\"fr-FR\",\"@id\":\"https:\/\/tourtravelandmore.com\/fr\/tours\/italie-fr\/milan-fr\/visite-privee-du-lac-de-come-de-bellagio-et-de-varenna-au-depart-de-milan-copy\/#primaryimage\",\"url\":\"https:\/\/tourtravelandmore.com\/wp-content\/uploads\/2024\/02\/pexels-photo-8431053.jpg\",\"contentUrl\":\"https:\/\/tourtravelandmore.com\/wp-content\/uploads\/2024\/02\/pexels-photo-8431053.jpg\",\"width\":1126,\"height\":750},{\"@type\":\"BreadcrumbList\",\"@id\":\"https:\/\/tourtravelandmore.com\/fr\/tours\/italie-fr\/milan-fr\/visite-privee-du-lac-de-come-de-bellagio-et-de-varenna-au-depart-de-milan-copy\/#breadcrumb\",\"itemListElement\":[{\"@type\":\"ListItem\",\"position\":1,\"name\":\"Home\",\"item\":\"https:\/\/tourtravelandmore.com\/fr\/\"},{\"@type\":\"ListItem\",\"position\":2,\"name\":\"Tours\",\"item\":\"https:\/\/tourtravelandmore.com\/fr\/tours\/\"},{\"@type\":\"ListItem\",\"position\":3,\"name\":\"V\u00e9hicule priv\u00e9 avec chauffeur pour COMO, Bellagio et Varenna au d\u00e9part de Milan\"}]},{\"@type\":\"WebSite\",\"@id\":\"https:\/\/tourtravelandmore.com\/fr\/#website\",\"url\":\"https:\/\/tourtravelandmore.com\/fr\/\",\"name\":\"Tour Travel And More\",\"description\":\"Private sightseeing tours and luxury transfers in Spain\",\"publisher\":{\"@id\":\"https:\/\/tourtravelandmore.com\/fr\/#organization\"},\"potentialAction\":[{\"@type\":\"SearchAction\",\"target\":{\"@type\":\"EntryPoint\",\"urlTemplate\":\"https:\/\/tourtravelandmore.com\/fr\/?s={search_term_string}\"},\"query-input\":{\"@type\":\"PropertyValueSpecification\",\"valueRequired\":true,\"valueName\":\"search_term_string\"}}],\"inLanguage\":\"fr-FR\"},{\"@type\":\"Organization\",\"@id\":\"https:\/\/tourtravelandmore.com\/fr\/#organization\",\"name\":\"Tour Travel And More\",\"url\":\"https:\/\/tourtravelandmore.com\/fr\/\",\"logo\":{\"@type\":\"ImageObject\",\"inLanguage\":\"fr-FR\",\"@id\":\"https:\/\/tourtravelandmore.com\/fr\/#\/schema\/logo\/image\/\",\"url\":\"https:\/\/tourtravelandmore.com\/wp-content\/uploads\/2022\/12\/cropped-logo-cabecera-new.png\",\"contentUrl\":\"https:\/\/tourtravelandmore.com\/wp-content\/uploads\/2022\/12\/cropped-logo-cabecera-new.png\",\"width\":430,\"height\":61,\"caption\":\"Tour Travel And More\"},\"image\":{\"@id\":\"https:\/\/tourtravelandmore.com\/fr\/#\/schema\/logo\/image\/\"},\"sameAs\":[\"https:\/\/www.facebook.com\/tourtravelandmore\/\",\"https:\/\/x.com\/TourTravel_More\"]}]}<\/script>\n<!-- \/ Yoast SEO Premium plugin. -->","yoast_head_json":{"title":"Excursion priv\u00e9e au lac de C\u00f4me, Bellagio et Varenna au d\u00e9part de Milan - TTM","description":"Visite priv\u00e9e du lac de C\u00f4me, de Bellagio et de Varenna au d\u00e9part de Milan. Vous pouvez \u00e9galement demander un guide priv\u00e9 et, si vous le souhaitez, inclure une promenade relaxante en bateau sur le lac.","robots":{"index":"index","follow":"follow","max-snippet":"max-snippet:-1","max-image-preview":"max-image-preview:large","max-video-preview":"max-video-preview:-1"},"canonical":"https:\/\/tourtravelandmore.com\/fr\/tours\/italie-fr\/milan-fr\/visite-privee-du-lac-de-come-de-bellagio-et-de-varenna-au-depart-de-milan-copy\/","og_locale":"fr_FR","og_type":"article","og_title":"V\u00e9hicule priv\u00e9 avec chauffeur pour COMO, Bellagio et Varenna au d\u00e9part de Milan","og_description":"Visite priv\u00e9e du lac de C\u00f4me, de Bellagio et de Varenna au d\u00e9part de Milan. Vous pouvez \u00e9galement demander un guide priv\u00e9 et, si vous le souhaitez, inclure une promenade relaxante en bateau sur le lac.","og_url":"https:\/\/tourtravelandmore.com\/fr\/tours\/italie-fr\/milan-fr\/visite-privee-du-lac-de-come-de-bellagio-et-de-varenna-au-depart-de-milan-copy\/","og_site_name":"Tour Travel And More","article_publisher":"https:\/\/www.facebook.com\/tourtravelandmore\/","article_modified_time":"2024-02-14T14:30:03+00:00","og_image":[{"width":1126,"height":750,"url":"https:\/\/tourtravelandmore.com\/wp-content\/uploads\/2024\/02\/pexels-photo-8431053.jpg","type":"image\/jpeg"}],"twitter_card":"summary_large_image","twitter_site":"@TourTravel_More","twitter_misc":{"Dur\u00e9e de lecture estim\u00e9e":"3 minutes"},"schema":{"@context":"https:\/\/schema.org","@graph":[{"@type":"WebPage","@id":"https:\/\/tourtravelandmore.com\/fr\/tours\/italie-fr\/milan-fr\/visite-privee-du-lac-de-come-de-bellagio-et-de-varenna-au-depart-de-milan-copy\/","url":"https:\/\/tourtravelandmore.com\/fr\/tours\/italie-fr\/milan-fr\/visite-privee-du-lac-de-come-de-bellagio-et-de-varenna-au-depart-de-milan-copy\/","name":"Excursion priv\u00e9e au lac de C\u00f4me, Bellagio et Varenna au d\u00e9part de Milan - TTM","isPartOf":{"@id":"https:\/\/tourtravelandmore.com\/fr\/#website"},"primaryImageOfPage":{"@id":"https:\/\/tourtravelandmore.com\/fr\/tours\/italie-fr\/milan-fr\/visite-privee-du-lac-de-come-de-bellagio-et-de-varenna-au-depart-de-milan-copy\/#primaryimage"},"image":{"@id":"https:\/\/tourtravelandmore.com\/fr\/tours\/italie-fr\/milan-fr\/visite-privee-du-lac-de-come-de-bellagio-et-de-varenna-au-depart-de-milan-copy\/#primaryimage"},"thumbnailUrl":"https:\/\/tourtravelandmore.com\/wp-content\/uploads\/2024\/02\/pexels-photo-8431053.jpg","datePublished":"2024-02-07T18:09:32+00:00","dateModified":"2024-02-14T14:30:03+00:00","description":"Visite priv\u00e9e du lac de C\u00f4me, de Bellagio et de Varenna au d\u00e9part de Milan. Vous pouvez \u00e9galement demander un guide priv\u00e9 et, si vous le souhaitez, inclure une promenade relaxante en bateau sur le lac.","breadcrumb":{"@id":"https:\/\/tourtravelandmore.com\/fr\/tours\/italie-fr\/milan-fr\/visite-privee-du-lac-de-come-de-bellagio-et-de-varenna-au-depart-de-milan-copy\/#breadcrumb"},"inLanguage":"fr-FR","potentialAction":[{"@type":"ReadAction","target":["https:\/\/tourtravelandmore.com\/fr\/tours\/italie-fr\/milan-fr\/visite-privee-du-lac-de-come-de-bellagio-et-de-varenna-au-depart-de-milan-copy\/"]}]},{"@type":"ImageObject","inLanguage":"fr-FR","@id":"https:\/\/tourtravelandmore.com\/fr\/tours\/italie-fr\/milan-fr\/visite-privee-du-lac-de-come-de-bellagio-et-de-varenna-au-depart-de-milan-copy\/#primaryimage","url":"https:\/\/tourtravelandmore.com\/wp-content\/uploads\/2024\/02\/pexels-photo-8431053.jpg","contentUrl":"https:\/\/tourtravelandmore.com\/wp-content\/uploads\/2024\/02\/pexels-photo-8431053.jpg","width":1126,"height":750},{"@type":"BreadcrumbList","@id":"https:\/\/tourtravelandmore.com\/fr\/tours\/italie-fr\/milan-fr\/visite-privee-du-lac-de-come-de-bellagio-et-de-varenna-au-depart-de-milan-copy\/#breadcrumb","itemListElement":[{"@type":"ListItem","position":1,"name":"Home","item":"https:\/\/tourtravelandmore.com\/fr\/"},{"@type":"ListItem","position":2,"name":"Tours","item":"https:\/\/tourtravelandmore.com\/fr\/tours\/"},{"@type":"ListItem","position":3,"name":"V\u00e9hicule priv\u00e9 avec chauffeur pour COMO, Bellagio et Varenna au d\u00e9part de Milan"}]},{"@type":"WebSite","@id":"https:\/\/tourtravelandmore.com\/fr\/#website","url":"https:\/\/tourtravelandmore.com\/fr\/","name":"Tour Travel And More","description":"Private sightseeing tours and luxury transfers in Spain","publisher":{"@id":"https:\/\/tourtravelandmore.com\/fr\/#organization"},"potentialAction":[{"@type":"SearchAction","target":{"@type":"EntryPoint","urlTemplate":"https:\/\/tourtravelandmore.com\/fr\/?s={search_term_string}"},"query-input":{"@type":"PropertyValueSpecification","valueRequired":true,"valueName":"search_term_string"}}],"inLanguage":"fr-FR"},{"@type":"Organization","@id":"https:\/\/tourtravelandmore.com\/fr\/#organization","name":"Tour Travel And More","url":"https:\/\/tourtravelandmore.com\/fr\/","logo":{"@type":"ImageObject","inLanguage":"fr-FR","@id":"https:\/\/tourtravelandmore.com\/fr\/#\/schema\/logo\/image\/","url":"https:\/\/tourtravelandmore.com\/wp-content\/uploads\/2022\/12\/cropped-logo-cabecera-new.png","contentUrl":"https:\/\/tourtravelandmore.com\/wp-content\/uploads\/2022\/12\/cropped-logo-cabecera-new.png","width":430,"height":61,"caption":"Tour Travel And More"},"image":{"@id":"https:\/\/tourtravelandmore.com\/fr\/#\/schema\/logo\/image\/"},"sameAs":["https:\/\/www.facebook.com\/tourtravelandmore\/","https:\/\/x.com\/TourTravel_More"]}]}},"_links":{"self":[{"href":"https:\/\/tourtravelandmore.com\/fr\/wp-json\/wp\/v2\/product\/172320","targetHints":{"allow":["GET"]}}],"collection":[{"href":"https:\/\/tourtravelandmore.com\/fr\/wp-json\/wp\/v2\/product"}],"about":[{"href":"https:\/\/tourtravelandmore.com\/fr\/wp-json\/wp\/v2\/types\/product"}],"replies":[{"embeddable":true,"href":"https:\/\/tourtravelandmore.com\/fr\/wp-json\/wp\/v2\/comments?post=172320"}],"wp:featuredmedia":[{"embeddable":true,"href":"https:\/\/tourtravelandmore.com\/fr\/wp-json\/wp\/v2\/media\/172330"}],"wp:attachment":[{"href":"https:\/\/tourtravelandmore.com\/fr\/wp-json\/wp\/v2\/media?parent=172320"}],"wp:term":[{"taxonomy":"product_brand","embeddable":true,"href":"https:\/\/tourtravelandmore.com\/fr\/wp-json\/wp\/v2\/product_brand?post=172320"},{"taxonomy":"product_cat","embeddable":true,"href":"https:\/\/tourtravelandmore.com\/fr\/wp-json\/wp\/v2\/product_cat?post=172320"},{"taxonomy":"product_tag","embeddable":true,"href":"https:\/\/tourtravelandmore.com\/fr\/wp-json\/wp\/v2\/product_tag?post=172320"}],"curies":[{"name":"wp","href":"https:\/\/api.w.org\/{rel}","templated":true}]}}