{"id":172256,"date":"2024-02-04T17:38:24","date_gmt":"2024-02-04T16:38:27","guid":{"rendered":"https:\/\/tourtravelandmore.com\/?post_type=product&#038;p=172256"},"modified":"2024-08-21T17:31:32","modified_gmt":"2024-08-21T15:31:32","slug":"excursion-privee-a-caserte-depuis-naples","status":"publish","type":"product","link":"https:\/\/tourtravelandmore.com\/fr\/tours\/italie-fr\/naplespompei-fr\/all-private-tours-activities-fr-7-naplespompei-fr\/excursion-privee-a-caserte-depuis-naples\/","title":{"rendered":"Excursion priv\u00e9e \u00e0 Caserte depuis Naples"},"content":{"rendered":"<h2><b>Visite priv\u00e9e de Caserte au d\u00e9part de Naples Description<\/b><\/h2>\n<p><span style=\"font-weight: 400;\">Embarquez pour un voyage inoubliable \u00e0 Caserte, une ville charg\u00e9e d&#8217;histoire et r\u00e9put\u00e9e pour son magnifique palais royal. Cette visite priv\u00e9e au d\u00e9part de Naples, propos\u00e9e par Tour Travel and More, vous promet une journ\u00e9e enti\u00e8re d&#8217;exploration, de culture et de splendeur architecturale.<\/span><\/p>\n<p><span style=\"font-weight: 400;\">L&#8217;aventure commence lorsque vous \u00eates accueilli par votre chauffeur pour une excursion de 8 heures. Votre chauffeur priv\u00e9 empruntera l&#8217;itin\u00e9raire pittoresque de Naples \u00e0 Caserte, pour un voyage confortable et pratique. \u00c0 votre arriv\u00e9e \u00e0 Caserta, vous serez rejoint par un guide local expert qui vous conduira \u00e0 travers l&#8217;enchanteur Palais Royal.<\/span><\/p>\n<p><span style=\"font-weight: 400;\">Caserte, ville de la r\u00e9gion de Campanie en Italie, est c\u00e9l\u00e8bre pour son palais royal \u00e0 couper le souffle, class\u00e9 au patrimoine mondial de l&#8217;UNESCO. En p\u00e9n\u00e9trant dans ce palais opulent, vous serez transport\u00e9 dans une \u00e9poque r\u00e9volue de royaut\u00e9 et d&#8217;extravagance. Admirez la grandeur de l&#8217;architecture du palais, orn\u00e9e d&#8217;\u00e9l\u00e9ments baroques et n\u00e9oclassiques exquis.<\/span><\/p>\n<p><span style=\"font-weight: 400;\">Le palais royal de Caserte, souvent appel\u00e9 le &#8220;Versailles de l&#8217;Italie&#8221;, compte plus de 1 200 pi\u00e8ces, toutes plus somptueuses les unes que les autres. Votre guide expert vous d\u00e9voilera les secrets et l&#8217;histoire de ce chef-d&#8217;\u0153uvre architectural. Vous en apprendrez plus sur la dynastie des Bourbons, qui a command\u00e9 le palais, et sur l&#8217;influence qu&#8217;elle a exerc\u00e9e sur la r\u00e9gion.<\/span><\/p>\n<h2><b>Visite priv\u00e9e de Caserta au d\u00e9part de Naples Points forts<\/b><\/h2>\n<p><span style=\"font-weight: 400;\">Votre visite priv\u00e9e de Caserte au d\u00e9part de Naples vous promet un \u00e9ventail de points forts captivants :<\/span><\/p>\n<ul>\n<li style=\"font-weight: 400;\" aria-level=\"1\"><b>Le palais royal de Caserte :<\/b><span style=\"font-weight: 400;\"> Explorez l&#8217;opulence du palais royal, avec son grand escalier, ses plafonds orn\u00e9s de fresques et ses magnifiques jardins. D\u00e9couvrez l&#8217;importance historique et les merveilles architecturales qui font de ce palais une destination incontournable.<\/span><\/li>\n<li style=\"font-weight: 400;\" aria-level=\"1\"><b>Jardins du palais :<\/b><span style=\"font-weight: 400;\"> Parcourez les jardins m\u00e9ticuleusement am\u00e9nag\u00e9s, orn\u00e9s de sculptures, de fontaines et de haies parfaitement taill\u00e9es. Le jardin anglais, inspir\u00e9 de Versailles, offre une \u00e9chapp\u00e9e tranquille gr\u00e2ce \u00e0 sa beaut\u00e9 naturelle.<\/span><\/li>\n<li style=\"font-weight: 400;\" aria-level=\"1\"><b>La Grande Cascade :<\/b><span style=\"font-weight: 400;\"> Laissez-vous envo\u00fbter par la Grande Cascade, une cascade monumentale situ\u00e9e dans les jardins du ch\u00e2teau. C&#8217;est un chef-d&#8217;\u0153uvre d&#8217;ing\u00e9nierie hydraulique et un spectacle \u00e0 couper le souffle.<\/span><\/li>\n<li style=\"font-weight: 400;\" aria-level=\"1\"><b>Vieille ville de Caserte <\/b><span style=\"font-weight: 400;\">: Promenez-vous dans les rues charmantes du centre historique de Caserte, qui regorge de boutiques pittoresques, de caf\u00e9s et d&#8217;une architecture vieille de plusieurs si\u00e8cles. Plongez dans la culture locale et savourez l&#8217;authentique cuisine italienne.<\/span><\/li>\n<li style=\"font-weight: 400;\" aria-level=\"1\"><b>Culture locale : <\/b><span style=\"font-weight: 400;\">Cette visite vous offre la possibilit\u00e9 de d\u00e9couvrir la culture locale et les traditions de Caserta. Discutez avec des habitants sympathiques et d\u00e9couvrez le riche patrimoine de la ville.<\/span><\/li>\n<li style=\"font-weight: 400;\" aria-level=\"1\"><b>Cath\u00e9drale de Caserte <\/b><span style=\"font-weight: 400;\">: Visitez la cath\u00e9drale de Caserte, un monument religieux \u00e9tonnant qui met en valeur l&#8217;architecture baroque napolitaine. Admirez les d\u00e9tails complexes de l&#8217;int\u00e9rieur de la cath\u00e9drale et d\u00e9couvrez son importance historique.<\/span><\/li>\n<li style=\"font-weight: 400;\" aria-level=\"1\"><b>Th\u00e9\u00e2tre royal de la Cour :<\/b><span style=\"font-weight: 400;\"> Entrez dans le Th\u00e9\u00e2tre royal de la Cour, un \u00e9l\u00e9gant op\u00e9ra qui a accueilli de nombreuses repr\u00e9sentations tout au long de son histoire. Explorez l&#8217;int\u00e9rieur somptueux du th\u00e9\u00e2tre et imaginez la grandeur des productions pass\u00e9es.<\/span><\/li>\n<li style=\"font-weight: 400;\" aria-level=\"1\"><b>March\u00e9s locaux :<\/b><span style=\"font-weight: 400;\"> Plongez dans l&#8217;atmosph\u00e8re vibrante des march\u00e9s locaux de Caserte. Promenez-vous parmi les \u00e9tals remplis de produits frais, de produits artisanaux et d&#8217;artisanat local. Discutez avec les vendeurs sympathiques et peut-\u00eatre ramasserez-vous un souvenir de votre visite.<\/span><\/li>\n<\/ul>\n<p><span style=\"font-weight: 400;\">Cette visite priv\u00e9e comprend les billets d&#8217;entr\u00e9e au Palais royal de Caserte, ce qui garantit une exp\u00e9rience sans faille. \u00c0 la fin de votre voyage \u00e0 travers les joyaux historiques de Caserta, votre chauffeur vous ram\u00e8nera en toute s\u00e9curit\u00e9 \u00e0 Naples, vous laissant avec des souvenirs pr\u00e9cieux de cette aventure royale.<\/span><\/p>\n<p><span style=\"font-weight: 400;\">Ne manquez pas l&#8217;occasion de vous immerger dans la splendeur du palais royal de Caserte. R\u00e9servez votre visite priv\u00e9e avec Tour Travel and More et d\u00e9couvrez l&#8217;histoire royale et les tr\u00e9sors culturels de cette remarquable destination.<\/span><\/p>\n<p><a href=\"https:\/\/tourtravelandmore.com\/fr\/city\/italie-fr\/naplespompei-fr\/\"><span style=\"font-weight: 400;\">Explorez d&#8217;autres visites et exp\u00e9riences \u00e0 Naples avec Tour Travel and More ! \u2705<\/span><\/a><\/p>\n","protected":false},"excerpt":{"rendered":"<p><span style=\"font-weight: 400;\">D\u00e9couvrez la grandeur du palais royal de Caserte lors de notre visite priv\u00e9e au d\u00e9part de Naples. Plongez dans l&#8217;opulence de ce site class\u00e9 au patrimoine mondial de l&#8217;UNESCO, explorez les jardins m\u00e9ticuleusement am\u00e9nag\u00e9s et \u00e9merveillez-vous de la signification historique de chaque d\u00e9tail architectural. Cette aventure d&#8217;une journ\u00e9e promet un voyage sans encombre, guid\u00e9 par nos experts locaux. D\u00e9couvrez les secrets de la dynastie des Bourbons et plongez dans la riche culture de Caserte.<\/span><\/p>\n<p>&nbsp;<\/p>\n","protected":false},"featured_media":172266,"comment_status":"open","ping_status":"closed","template":"","meta":{"_acf_changed":false},"product_brand":[],"product_cat":[4370,4372,4371],"product_tag":[],"class_list":{"0":"post-172256","1":"product","2":"type-product","3":"status-publish","4":"has-post-thumbnail","6":"product_cat-all-private-tours-activities-fr-7-naplespompei-fr","7":"product_cat-private-shore-excursions-fr-8-naplespompei-fr","8":"product_cat-private-sightseeing-tours-fr-7-naplespompei-fr","10":"first","11":"instock","12":"shipping-taxable","13":"purchasable","14":"product-type-simple"},"acf":[],"yoast_head":"<!-- This site is optimized with the Yoast SEO Premium plugin v25.3.1 (Yoast SEO v25.3.1) - https:\/\/yoast.com\/wordpress\/plugins\/seo\/ -->\n<title>\u27a1\ufe0f Le Palais Royal de Caserta | Visite priv\u00e9e de Naples<\/title>\n<meta name=\"description\" content=\"D\u00e9couvrez l&#039;opulence du palais royal de Caserta lors de notre visite priv\u00e9e depuis Naples. Vous serez \u00e9merveill\u00e9 par la grandeur historique et les magnifiques jardins. \u2705\" \/>\n<meta name=\"robots\" content=\"index, follow, max-snippet:-1, max-image-preview:large, max-video-preview:-1\" \/>\n<link rel=\"canonical\" href=\"https:\/\/tourtravelandmore.com\/fr\/tours\/italie-fr\/naplespompei-fr\/all-private-tours-activities-fr-7-naplespompei-fr\/excursion-privee-a-caserte-depuis-naples\/\" \/>\n<meta property=\"og:locale\" content=\"fr_FR\" \/>\n<meta property=\"og:type\" content=\"article\" \/>\n<meta property=\"og:title\" content=\"Excursion priv\u00e9e \u00e0 Caserte depuis Naples\" \/>\n<meta property=\"og:description\" content=\"D\u00e9couvrez l&#039;opulence du palais royal de Caserta lors de notre visite priv\u00e9e depuis Naples. Vous serez \u00e9merveill\u00e9 par la grandeur historique et les magnifiques jardins. \u2705\" \/>\n<meta property=\"og:url\" content=\"https:\/\/tourtravelandmore.com\/fr\/tours\/italie-fr\/naplespompei-fr\/all-private-tours-activities-fr-7-naplespompei-fr\/excursion-privee-a-caserte-depuis-naples\/\" \/>\n<meta property=\"og:site_name\" content=\"Tour Travel And More\" \/>\n<meta property=\"article:publisher\" content=\"https:\/\/www.facebook.com\/tourtravelandmore\/\" \/>\n<meta property=\"article:modified_time\" content=\"2024-08-21T15:31:32+00:00\" \/>\n<meta property=\"og:image\" content=\"https:\/\/tourtravelandmore.com\/wp-content\/uploads\/2024\/02\/image1-1.jpg\" \/>\n\t<meta property=\"og:image:width\" content=\"1544\" \/>\n\t<meta property=\"og:image:height\" content=\"1219\" \/>\n\t<meta property=\"og:image:type\" content=\"image\/jpeg\" \/>\n<meta name=\"twitter:card\" content=\"summary_large_image\" \/>\n<meta name=\"twitter:site\" content=\"@TourTravel_More\" \/>\n<meta name=\"twitter:label1\" content=\"Dur\u00e9e de lecture estim\u00e9e\" \/>\n\t<meta name=\"twitter:data1\" content=\"3 minutes\" \/>\n<script type=\"application\/ld+json\" class=\"yoast-schema-graph\">{\"@context\":\"https:\/\/schema.org\",\"@graph\":[{\"@type\":\"WebPage\",\"@id\":\"https:\/\/tourtravelandmore.com\/fr\/tours\/italie-fr\/naplespompei-fr\/all-private-tours-activities-fr-7-naplespompei-fr\/excursion-privee-a-caserte-depuis-naples\/\",\"url\":\"https:\/\/tourtravelandmore.com\/fr\/tours\/italie-fr\/naplespompei-fr\/all-private-tours-activities-fr-7-naplespompei-fr\/excursion-privee-a-caserte-depuis-naples\/\",\"name\":\"\u27a1\ufe0f Le Palais Royal de Caserta | Visite priv\u00e9e de Naples\",\"isPartOf\":{\"@id\":\"https:\/\/tourtravelandmore.com\/fr\/#website\"},\"primaryImageOfPage\":{\"@id\":\"https:\/\/tourtravelandmore.com\/fr\/tours\/italie-fr\/naplespompei-fr\/all-private-tours-activities-fr-7-naplespompei-fr\/excursion-privee-a-caserte-depuis-naples\/#primaryimage\"},\"image\":{\"@id\":\"https:\/\/tourtravelandmore.com\/fr\/tours\/italie-fr\/naplespompei-fr\/all-private-tours-activities-fr-7-naplespompei-fr\/excursion-privee-a-caserte-depuis-naples\/#primaryimage\"},\"thumbnailUrl\":\"https:\/\/tourtravelandmore.com\/wp-content\/uploads\/2024\/02\/image1-1.jpg\",\"datePublished\":\"2024-02-04T16:38:27+00:00\",\"dateModified\":\"2024-08-21T15:31:32+00:00\",\"description\":\"D\u00e9couvrez l'opulence du palais royal de Caserta lors de notre visite priv\u00e9e depuis Naples. Vous serez \u00e9merveill\u00e9 par la grandeur historique et les magnifiques jardins. \u2705\",\"breadcrumb\":{\"@id\":\"https:\/\/tourtravelandmore.com\/fr\/tours\/italie-fr\/naplespompei-fr\/all-private-tours-activities-fr-7-naplespompei-fr\/excursion-privee-a-caserte-depuis-naples\/#breadcrumb\"},\"inLanguage\":\"fr-FR\",\"potentialAction\":[{\"@type\":\"ReadAction\",\"target\":[\"https:\/\/tourtravelandmore.com\/fr\/tours\/italie-fr\/naplespompei-fr\/all-private-tours-activities-fr-7-naplespompei-fr\/excursion-privee-a-caserte-depuis-naples\/\"]}]},{\"@type\":\"ImageObject\",\"inLanguage\":\"fr-FR\",\"@id\":\"https:\/\/tourtravelandmore.com\/fr\/tours\/italie-fr\/naplespompei-fr\/all-private-tours-activities-fr-7-naplespompei-fr\/excursion-privee-a-caserte-depuis-naples\/#primaryimage\",\"url\":\"https:\/\/tourtravelandmore.com\/wp-content\/uploads\/2024\/02\/image1-1.jpg\",\"contentUrl\":\"https:\/\/tourtravelandmore.com\/wp-content\/uploads\/2024\/02\/image1-1.jpg\",\"width\":1544,\"height\":1219},{\"@type\":\"BreadcrumbList\",\"@id\":\"https:\/\/tourtravelandmore.com\/fr\/tours\/italie-fr\/naplespompei-fr\/all-private-tours-activities-fr-7-naplespompei-fr\/excursion-privee-a-caserte-depuis-naples\/#breadcrumb\",\"itemListElement\":[{\"@type\":\"ListItem\",\"position\":1,\"name\":\"Home\",\"item\":\"https:\/\/tourtravelandmore.com\/fr\/\"},{\"@type\":\"ListItem\",\"position\":2,\"name\":\"Tours\",\"item\":\"https:\/\/tourtravelandmore.com\/fr\/tours\/\"},{\"@type\":\"ListItem\",\"position\":3,\"name\":\"Excursion priv\u00e9e \u00e0 Caserte depuis Naples\"}]},{\"@type\":\"WebSite\",\"@id\":\"https:\/\/tourtravelandmore.com\/fr\/#website\",\"url\":\"https:\/\/tourtravelandmore.com\/fr\/\",\"name\":\"Tour Travel And More\",\"description\":\"Private sightseeing tours and luxury transfers in Spain\",\"publisher\":{\"@id\":\"https:\/\/tourtravelandmore.com\/fr\/#organization\"},\"potentialAction\":[{\"@type\":\"SearchAction\",\"target\":{\"@type\":\"EntryPoint\",\"urlTemplate\":\"https:\/\/tourtravelandmore.com\/fr\/?s={search_term_string}\"},\"query-input\":{\"@type\":\"PropertyValueSpecification\",\"valueRequired\":true,\"valueName\":\"search_term_string\"}}],\"inLanguage\":\"fr-FR\"},{\"@type\":\"Organization\",\"@id\":\"https:\/\/tourtravelandmore.com\/fr\/#organization\",\"name\":\"Tour Travel And More\",\"url\":\"https:\/\/tourtravelandmore.com\/fr\/\",\"logo\":{\"@type\":\"ImageObject\",\"inLanguage\":\"fr-FR\",\"@id\":\"https:\/\/tourtravelandmore.com\/fr\/#\/schema\/logo\/image\/\",\"url\":\"https:\/\/tourtravelandmore.com\/wp-content\/uploads\/2022\/12\/cropped-logo-cabecera-new.png\",\"contentUrl\":\"https:\/\/tourtravelandmore.com\/wp-content\/uploads\/2022\/12\/cropped-logo-cabecera-new.png\",\"width\":430,\"height\":61,\"caption\":\"Tour Travel And More\"},\"image\":{\"@id\":\"https:\/\/tourtravelandmore.com\/fr\/#\/schema\/logo\/image\/\"},\"sameAs\":[\"https:\/\/www.facebook.com\/tourtravelandmore\/\",\"https:\/\/x.com\/TourTravel_More\"]}]}<\/script>\n<!-- \/ Yoast SEO Premium plugin. -->","yoast_head_json":{"title":"\u27a1\ufe0f Le Palais Royal de Caserta | Visite priv\u00e9e de Naples","description":"D\u00e9couvrez l'opulence du palais royal de Caserta lors de notre visite priv\u00e9e depuis Naples. Vous serez \u00e9merveill\u00e9 par la grandeur historique et les magnifiques jardins. \u2705","robots":{"index":"index","follow":"follow","max-snippet":"max-snippet:-1","max-image-preview":"max-image-preview:large","max-video-preview":"max-video-preview:-1"},"canonical":"https:\/\/tourtravelandmore.com\/fr\/tours\/italie-fr\/naplespompei-fr\/all-private-tours-activities-fr-7-naplespompei-fr\/excursion-privee-a-caserte-depuis-naples\/","og_locale":"fr_FR","og_type":"article","og_title":"Excursion priv\u00e9e \u00e0 Caserte depuis Naples","og_description":"D\u00e9couvrez l'opulence du palais royal de Caserta lors de notre visite priv\u00e9e depuis Naples. Vous serez \u00e9merveill\u00e9 par la grandeur historique et les magnifiques jardins. \u2705","og_url":"https:\/\/tourtravelandmore.com\/fr\/tours\/italie-fr\/naplespompei-fr\/all-private-tours-activities-fr-7-naplespompei-fr\/excursion-privee-a-caserte-depuis-naples\/","og_site_name":"Tour Travel And More","article_publisher":"https:\/\/www.facebook.com\/tourtravelandmore\/","article_modified_time":"2024-08-21T15:31:32+00:00","og_image":[{"width":1544,"height":1219,"url":"https:\/\/tourtravelandmore.com\/wp-content\/uploads\/2024\/02\/image1-1.jpg","type":"image\/jpeg"}],"twitter_card":"summary_large_image","twitter_site":"@TourTravel_More","twitter_misc":{"Dur\u00e9e de lecture estim\u00e9e":"3 minutes"},"schema":{"@context":"https:\/\/schema.org","@graph":[{"@type":"WebPage","@id":"https:\/\/tourtravelandmore.com\/fr\/tours\/italie-fr\/naplespompei-fr\/all-private-tours-activities-fr-7-naplespompei-fr\/excursion-privee-a-caserte-depuis-naples\/","url":"https:\/\/tourtravelandmore.com\/fr\/tours\/italie-fr\/naplespompei-fr\/all-private-tours-activities-fr-7-naplespompei-fr\/excursion-privee-a-caserte-depuis-naples\/","name":"\u27a1\ufe0f Le Palais Royal de Caserta | Visite priv\u00e9e de Naples","isPartOf":{"@id":"https:\/\/tourtravelandmore.com\/fr\/#website"},"primaryImageOfPage":{"@id":"https:\/\/tourtravelandmore.com\/fr\/tours\/italie-fr\/naplespompei-fr\/all-private-tours-activities-fr-7-naplespompei-fr\/excursion-privee-a-caserte-depuis-naples\/#primaryimage"},"image":{"@id":"https:\/\/tourtravelandmore.com\/fr\/tours\/italie-fr\/naplespompei-fr\/all-private-tours-activities-fr-7-naplespompei-fr\/excursion-privee-a-caserte-depuis-naples\/#primaryimage"},"thumbnailUrl":"https:\/\/tourtravelandmore.com\/wp-content\/uploads\/2024\/02\/image1-1.jpg","datePublished":"2024-02-04T16:38:27+00:00","dateModified":"2024-08-21T15:31:32+00:00","description":"D\u00e9couvrez l'opulence du palais royal de Caserta lors de notre visite priv\u00e9e depuis Naples. Vous serez \u00e9merveill\u00e9 par la grandeur historique et les magnifiques jardins. \u2705","breadcrumb":{"@id":"https:\/\/tourtravelandmore.com\/fr\/tours\/italie-fr\/naplespompei-fr\/all-private-tours-activities-fr-7-naplespompei-fr\/excursion-privee-a-caserte-depuis-naples\/#breadcrumb"},"inLanguage":"fr-FR","potentialAction":[{"@type":"ReadAction","target":["https:\/\/tourtravelandmore.com\/fr\/tours\/italie-fr\/naplespompei-fr\/all-private-tours-activities-fr-7-naplespompei-fr\/excursion-privee-a-caserte-depuis-naples\/"]}]},{"@type":"ImageObject","inLanguage":"fr-FR","@id":"https:\/\/tourtravelandmore.com\/fr\/tours\/italie-fr\/naplespompei-fr\/all-private-tours-activities-fr-7-naplespompei-fr\/excursion-privee-a-caserte-depuis-naples\/#primaryimage","url":"https:\/\/tourtravelandmore.com\/wp-content\/uploads\/2024\/02\/image1-1.jpg","contentUrl":"https:\/\/tourtravelandmore.com\/wp-content\/uploads\/2024\/02\/image1-1.jpg","width":1544,"height":1219},{"@type":"BreadcrumbList","@id":"https:\/\/tourtravelandmore.com\/fr\/tours\/italie-fr\/naplespompei-fr\/all-private-tours-activities-fr-7-naplespompei-fr\/excursion-privee-a-caserte-depuis-naples\/#breadcrumb","itemListElement":[{"@type":"ListItem","position":1,"name":"Home","item":"https:\/\/tourtravelandmore.com\/fr\/"},{"@type":"ListItem","position":2,"name":"Tours","item":"https:\/\/tourtravelandmore.com\/fr\/tours\/"},{"@type":"ListItem","position":3,"name":"Excursion priv\u00e9e \u00e0 Caserte depuis Naples"}]},{"@type":"WebSite","@id":"https:\/\/tourtravelandmore.com\/fr\/#website","url":"https:\/\/tourtravelandmore.com\/fr\/","name":"Tour Travel And More","description":"Private sightseeing tours and luxury transfers in Spain","publisher":{"@id":"https:\/\/tourtravelandmore.com\/fr\/#organization"},"potentialAction":[{"@type":"SearchAction","target":{"@type":"EntryPoint","urlTemplate":"https:\/\/tourtravelandmore.com\/fr\/?s={search_term_string}"},"query-input":{"@type":"PropertyValueSpecification","valueRequired":true,"valueName":"search_term_string"}}],"inLanguage":"fr-FR"},{"@type":"Organization","@id":"https:\/\/tourtravelandmore.com\/fr\/#organization","name":"Tour Travel And More","url":"https:\/\/tourtravelandmore.com\/fr\/","logo":{"@type":"ImageObject","inLanguage":"fr-FR","@id":"https:\/\/tourtravelandmore.com\/fr\/#\/schema\/logo\/image\/","url":"https:\/\/tourtravelandmore.com\/wp-content\/uploads\/2022\/12\/cropped-logo-cabecera-new.png","contentUrl":"https:\/\/tourtravelandmore.com\/wp-content\/uploads\/2022\/12\/cropped-logo-cabecera-new.png","width":430,"height":61,"caption":"Tour Travel And More"},"image":{"@id":"https:\/\/tourtravelandmore.com\/fr\/#\/schema\/logo\/image\/"},"sameAs":["https:\/\/www.facebook.com\/tourtravelandmore\/","https:\/\/x.com\/TourTravel_More"]}]}},"_links":{"self":[{"href":"https:\/\/tourtravelandmore.com\/fr\/wp-json\/wp\/v2\/product\/172256","targetHints":{"allow":["GET"]}}],"collection":[{"href":"https:\/\/tourtravelandmore.com\/fr\/wp-json\/wp\/v2\/product"}],"about":[{"href":"https:\/\/tourtravelandmore.com\/fr\/wp-json\/wp\/v2\/types\/product"}],"replies":[{"embeddable":true,"href":"https:\/\/tourtravelandmore.com\/fr\/wp-json\/wp\/v2\/comments?post=172256"}],"wp:featuredmedia":[{"embeddable":true,"href":"https:\/\/tourtravelandmore.com\/fr\/wp-json\/wp\/v2\/media\/172266"}],"wp:attachment":[{"href":"https:\/\/tourtravelandmore.com\/fr\/wp-json\/wp\/v2\/media?parent=172256"}],"wp:term":[{"taxonomy":"product_brand","embeddable":true,"href":"https:\/\/tourtravelandmore.com\/fr\/wp-json\/wp\/v2\/product_brand?post=172256"},{"taxonomy":"product_cat","embeddable":true,"href":"https:\/\/tourtravelandmore.com\/fr\/wp-json\/wp\/v2\/product_cat?post=172256"},{"taxonomy":"product_tag","embeddable":true,"href":"https:\/\/tourtravelandmore.com\/fr\/wp-json\/wp\/v2\/product_tag?post=172256"}],"curies":[{"name":"wp","href":"https:\/\/api.w.org\/{rel}","templated":true}]}}