{"id":172229,"date":"2024-02-04T17:12:23","date_gmt":"2024-02-04T16:12:27","guid":{"rendered":"https:\/\/tourtravelandmore.com\/?post_type=product&#038;p=172229"},"modified":"2024-10-07T17:08:50","modified_gmt":"2024-10-07T15:08:50","slug":"excursion-privee-a-pompei-et-herculanum-depuis-naples","status":"publish","type":"product","link":"https:\/\/tourtravelandmore.com\/fr\/tours\/italie-fr\/naplespompei-fr\/all-private-tours-activities-fr-7-naplespompei-fr\/excursion-privee-a-pompei-et-herculanum-depuis-naples\/","title":{"rendered":"Excursion priv\u00e9e \u00e0 Pomp\u00e9i et Herculanum depuis Naples"},"content":{"rendered":"<h2><b>Description de l&#8217;excursion priv\u00e9e \u00e0 Pomp\u00e9i et Herculanum au d\u00e9part de Naples<\/b><\/h2>\n<p><span style=\"font-weight: 400;\">Embarquez pour un voyage fascinant \u00e0 travers le temps avec notre visite priv\u00e9e de Pomp\u00e9i et Herculanum au d\u00e9part de Naples. Cette exp\u00e9rience immersive de 6 heures vous transportera dans deux des sites arch\u00e9ologiques les plus embl\u00e9matiques d&#8217;Italie, vous permettant de plonger au c\u0153ur de leur histoire et de leurs myst\u00e8res.<\/span><\/p>\n<p><span style=\"font-weight: 400;\">Pomp\u00e9i et Herculanum, tous deux tragiquement d\u00e9truits par l&#8217;\u00e9ruption catastrophique du V\u00e9suve en 79 apr\u00e8s J.-C., offrent un aper\u00e7u unique de la vie romaine antique. Votre aventure commence lorsque notre guide expert, fort de 4 heures de connaissances approfondies, vous accompagne dans les ruines fascinantes de Pomp\u00e9i, o\u00f9 des rues, des maisons et des espaces publics bien pr\u00e9serv\u00e9s d\u00e9voilent l&#8217;existence quotidienne de cette ville antique.<\/span><\/p>\n<p><span style=\"font-weight: 400;\">Herculanum, autre victime du V\u00e9suve, attend votre exploration. Situ\u00e9 au bord de l&#8217;eau, ce site plus petit mais tout aussi captivant donne un aper\u00e7u de la vie des Romains de l&#8217;Antiquit\u00e9. Promenez-vous dans des maisons bien pr\u00e9serv\u00e9es, admirez des mosa\u00efques complexes et contemplez les ruines de temples et de thermes.<\/span><\/p>\n<p><span style=\"font-weight: 400;\">Au cours de cette visite de 6 heures, vous serez accompagn\u00e9 d&#8217;un chauffeur d\u00e9vou\u00e9 pour un maximum de confort et de commodit\u00e9. De plus, les billets d&#8217;entr\u00e9e \u00e0 Pomp\u00e9i et \u00e0 Herculanum sont inclus, ce qui vous garantit une exp\u00e9rience enrichissante et sans faille.<\/span><\/p>\n<p><span style=\"font-weight: 400;\">En parcourant ces merveilles arch\u00e9ologiques, imaginez les rues anim\u00e9es, les gens qui vivaient ici et la fin soudaine et tragique \u00e0 laquelle ils ont d\u00fb faire face. Notre guide expert brossera un tableau vivant de leur vie, faisant de ce voyage une exp\u00e9rience \u00e9ducative et \u00e9motionnelle.<\/span><\/p>\n<h2><b>Visite priv\u00e9e de Pomp\u00e9i et Herculanum \u00e0 partir des points d&#8217;int\u00e9r\u00eat de Naples<\/b><\/h2>\n<p><span style=\"font-weight: 400;\">D\u00e9couvrez les sites captivants et les histoires de Pomp\u00e9i et d&#8217;Herculanum :<\/span><\/p>\n<h3><span style=\"font-weight: 400;\">Pomp\u00e9i : Les ruines d&#8217;une cit\u00e9 perdue<\/span><\/h3>\n<p><span style=\"font-weight: 400;\">Pomp\u00e9i, autrefois une ville romaine prosp\u00e8re, a \u00e9t\u00e9 ensevelie sous des couches de cendres et de pierre ponce lors de l&#8217;\u00e9ruption du V\u00e9suve. Explorez ses ruines remarquablement pr\u00e9serv\u00e9es, notamment le Forum, les thermes et la c\u00e9l\u00e8bre Maison du Faune. Ces tr\u00e9sors arch\u00e9ologiques offrent un aper\u00e7u fascinant de la vie quotidienne, de l&#8217;architecture et de l&#8217;art de l&#8217;ancienne Pomp\u00e9i.<\/span><\/p>\n<h3><span style=\"font-weight: 400;\">Herculanum : Un joyau en bord de mer<\/span><\/h3>\n<p><span style=\"font-weight: 400;\">Herculanum, nich\u00e9e dans la baie de Naples, offre une perspective unique sur la vie romaine. Admirez la Villa des Papyri, magnifiquement conserv\u00e9e, la Maison de l&#8217;Atrium Mosa\u00efque et le littoral antique. La proximit\u00e9 de la mer permet de mieux comprendre les activit\u00e9s maritimes et le commerce \u00e0 l&#8217;\u00e9poque romaine, ce qui fait de cette ville un joyau c\u00f4tier d&#8217;une grande importance historique.<\/span><\/p>\n<h3><span style=\"font-weight: 400;\">Temples et th\u00e9\u00e2tres<\/span><\/h3>\n<p><span style=\"font-weight: 400;\">Pomp\u00e9i et Herculanum poss\u00e8dent toutes deux des temples et des th\u00e9\u00e2tres impressionnants, qui donnent un aper\u00e7u des aspects religieux et culturels de la soci\u00e9t\u00e9 romaine. \u00c0 Pomp\u00e9i, le temple de Jupiter, o\u00f9 se d\u00e9roulaient les c\u00e9r\u00e9monies religieuses, est d&#8217;une grande beaut\u00e9. \u00c0 Herculanum, explorez les thermes suburbains, qui t\u00e9moignent de l&#8217;importance des bains collectifs dans la culture romaine. Ces merveilles architecturales t\u00e9moignent de l&#8217;attachement des Romains au divin et \u00e0 la vie en commun.<\/span><\/p>\n<h3><span style=\"font-weight: 400;\">R\u00e9sidences antiques<\/span><\/h3>\n<p><span style=\"font-weight: 400;\">Explorez les anciennes maisons de Pomp\u00e9i et d&#8217;Herculanum, qui vont des grandes villas aux modestes habitations. Orn\u00e9es de fresques exquises et de mosa\u00efques complexes, ces r\u00e9sidences donnent un aper\u00e7u de l&#8217;esth\u00e9tique et de la vie quotidienne des Pomp\u00e9iens et des Herculaniens. D\u00e9couvrez l&#8217;art et l&#8217;artisanat qui ornaient ces maisons, refl\u00e9tant le go\u00fbt et le statut social de leurs occupants.<\/span><\/p>\n<h3><span style=\"font-weight: 400;\">Histoires tragiques d\u00e9voil\u00e9es<\/span><\/h3>\n<p><span style=\"font-weight: 400;\">Votre guide vous racontera les histoires tragiques des personnes qui ont p\u00e9ri lors de l&#8217;\u00e9ruption, leurs restes \u00e9tant \u00e0 jamais fig\u00e9s dans des moulages en pl\u00e2tre. Ces poignants rappels du pass\u00e9 offrent une sombre r\u00e9flexion sur le co\u00fbt humain de la fureur du V\u00e9suve. Chaque moulage repr\u00e9sente une vie brutalement interrompue par l&#8217;\u00e9v\u00e9nement cataclysmique, faisant de cette partie de la visite un hommage \u00e9mouvant aux personnes qui ont autrefois prosp\u00e9r\u00e9 dans ces anciennes villes.<\/span><\/p>\n<p><span style=\"font-weight: 400;\">Ne manquez pas l&#8217;occasion d&#8217;explorer Pomp\u00e9i et Herculanum lors de notre visite priv\u00e9e au d\u00e9part de Naples. Visitez notre site Web Tour Travel and More pour d\u00e9couvrir d&#8217;autres visites exclusives \u00e0 Naples et ailleurs.<\/span><a href=\"https:\/\/tourtravelandmore.com\/fr\/city\/italie-fr\/naplespompei-fr\/\"><span style=\"font-weight: 400;\"> R\u00e9servez votre aventure historique d\u00e8s aujourd&#8217;hui et d\u00e9couvrez les merveilles de la Rome antique de premi\u00e8re main !<\/span><\/a><\/p>\n","protected":false},"excerpt":{"rendered":"<p><span style=\"font-weight: 400;\">Remontez le temps et plongez dans l&#8217;histoire ancienne de Pomp\u00e9i et d&#8217;Herculanum lors d&#8217;une visite priv\u00e9e de 6 heures au d\u00e9part de Naples. Sous la conduite de notre guide expert, vous explorerez ces sites arch\u00e9ologiques remarquables, en acqu\u00e9rant des connaissances sur la vie des anciens Romains qui les ont habit\u00e9s.<\/span><\/p>\n<p>&nbsp;<\/p>\n","protected":false},"featured_media":172248,"comment_status":"open","ping_status":"closed","template":"","meta":{"_acf_changed":false},"product_brand":[],"product_cat":[4370,5423,4372,4371,3551],"product_tag":[],"class_list":{"0":"post-172229","1":"product","2":"type-product","3":"status-publish","4":"has-post-thumbnail","6":"product_cat-all-private-tours-activities-fr-7-naplespompei-fr","7":"product_cat-private-day-trips-fr-20","8":"product_cat-private-shore-excursions-fr-8-naplespompei-fr","9":"product_cat-private-sightseeing-tours-fr-7-naplespompei-fr","10":"product_cat-naplespompei-fr","12":"first","13":"instock","14":"shipping-taxable","15":"purchasable","16":"product-type-simple"},"acf":[],"yoast_head":"<!-- This site is optimized with the Yoast SEO Premium plugin v25.3.1 (Yoast SEO v25.3.1) - https:\/\/yoast.com\/wordpress\/plugins\/seo\/ -->\n<title>\u27a1\ufe0f D\u00e9couvrez Pomp\u00e9i et Herculanum lors d&#039;une visite priv\u00e9e au d\u00e9part de Naples.<\/title>\n<meta name=\"description\" content=\"D\u00e9couvrez les ruines antiques de Pomp\u00e9i et d&#039;Herculanum lors d&#039;une visite priv\u00e9e \u00e0 Naples Tour Travel and More. Des exp\u00e9riences inoubliables vous attendent ! \u2705\" \/>\n<meta name=\"robots\" content=\"index, follow, max-snippet:-1, max-image-preview:large, max-video-preview:-1\" \/>\n<link rel=\"canonical\" href=\"https:\/\/tourtravelandmore.com\/fr\/tours\/italie-fr\/naplespompei-fr\/all-private-tours-activities-fr-7-naplespompei-fr\/excursion-privee-a-pompei-et-herculanum-depuis-naples\/\" \/>\n<meta property=\"og:locale\" content=\"fr_FR\" \/>\n<meta property=\"og:type\" content=\"article\" \/>\n<meta property=\"og:title\" content=\"Excursion priv\u00e9e \u00e0 Pomp\u00e9i et Herculanum depuis Naples\" \/>\n<meta property=\"og:description\" content=\"D\u00e9couvrez les ruines antiques de Pomp\u00e9i et d&#039;Herculanum lors d&#039;une visite priv\u00e9e \u00e0 Naples Tour Travel and More. Des exp\u00e9riences inoubliables vous attendent ! \u2705\" \/>\n<meta property=\"og:url\" content=\"https:\/\/tourtravelandmore.com\/fr\/tours\/italie-fr\/naplespompei-fr\/all-private-tours-activities-fr-7-naplespompei-fr\/excursion-privee-a-pompei-et-herculanum-depuis-naples\/\" \/>\n<meta property=\"og:site_name\" content=\"Tour Travel And More\" \/>\n<meta property=\"article:publisher\" content=\"https:\/\/www.facebook.com\/tourtravelandmore\/\" \/>\n<meta property=\"article:modified_time\" content=\"2024-10-07T15:08:50+00:00\" \/>\n<meta property=\"og:image\" content=\"https:\/\/tourtravelandmore.com\/wp-content\/uploads\/2024\/02\/image4.jpg\" \/>\n\t<meta property=\"og:image:width\" content=\"950\" \/>\n\t<meta property=\"og:image:height\" content=\"750\" \/>\n\t<meta property=\"og:image:type\" content=\"image\/jpeg\" \/>\n<meta name=\"twitter:card\" content=\"summary_large_image\" \/>\n<meta name=\"twitter:site\" content=\"@TourTravel_More\" \/>\n<meta name=\"twitter:label1\" content=\"Dur\u00e9e de lecture estim\u00e9e\" \/>\n\t<meta name=\"twitter:data1\" content=\"4 minutes\" \/>\n<script type=\"application\/ld+json\" class=\"yoast-schema-graph\">{\"@context\":\"https:\/\/schema.org\",\"@graph\":[{\"@type\":\"WebPage\",\"@id\":\"https:\/\/tourtravelandmore.com\/fr\/tours\/italie-fr\/naplespompei-fr\/all-private-tours-activities-fr-7-naplespompei-fr\/excursion-privee-a-pompei-et-herculanum-depuis-naples\/\",\"url\":\"https:\/\/tourtravelandmore.com\/fr\/tours\/italie-fr\/naplespompei-fr\/all-private-tours-activities-fr-7-naplespompei-fr\/excursion-privee-a-pompei-et-herculanum-depuis-naples\/\",\"name\":\"\u27a1\ufe0f D\u00e9couvrez Pomp\u00e9i et Herculanum lors d'une visite priv\u00e9e au d\u00e9part de Naples.\",\"isPartOf\":{\"@id\":\"https:\/\/tourtravelandmore.com\/fr\/#website\"},\"primaryImageOfPage\":{\"@id\":\"https:\/\/tourtravelandmore.com\/fr\/tours\/italie-fr\/naplespompei-fr\/all-private-tours-activities-fr-7-naplespompei-fr\/excursion-privee-a-pompei-et-herculanum-depuis-naples\/#primaryimage\"},\"image\":{\"@id\":\"https:\/\/tourtravelandmore.com\/fr\/tours\/italie-fr\/naplespompei-fr\/all-private-tours-activities-fr-7-naplespompei-fr\/excursion-privee-a-pompei-et-herculanum-depuis-naples\/#primaryimage\"},\"thumbnailUrl\":\"https:\/\/tourtravelandmore.com\/wp-content\/uploads\/2024\/02\/image4.jpg\",\"datePublished\":\"2024-02-04T16:12:27+00:00\",\"dateModified\":\"2024-10-07T15:08:50+00:00\",\"description\":\"D\u00e9couvrez les ruines antiques de Pomp\u00e9i et d'Herculanum lors d'une visite priv\u00e9e \u00e0 Naples Tour Travel and More. Des exp\u00e9riences inoubliables vous attendent ! \u2705\",\"breadcrumb\":{\"@id\":\"https:\/\/tourtravelandmore.com\/fr\/tours\/italie-fr\/naplespompei-fr\/all-private-tours-activities-fr-7-naplespompei-fr\/excursion-privee-a-pompei-et-herculanum-depuis-naples\/#breadcrumb\"},\"inLanguage\":\"fr-FR\",\"potentialAction\":[{\"@type\":\"ReadAction\",\"target\":[\"https:\/\/tourtravelandmore.com\/fr\/tours\/italie-fr\/naplespompei-fr\/all-private-tours-activities-fr-7-naplespompei-fr\/excursion-privee-a-pompei-et-herculanum-depuis-naples\/\"]}]},{\"@type\":\"ImageObject\",\"inLanguage\":\"fr-FR\",\"@id\":\"https:\/\/tourtravelandmore.com\/fr\/tours\/italie-fr\/naplespompei-fr\/all-private-tours-activities-fr-7-naplespompei-fr\/excursion-privee-a-pompei-et-herculanum-depuis-naples\/#primaryimage\",\"url\":\"https:\/\/tourtravelandmore.com\/wp-content\/uploads\/2024\/02\/image4.jpg\",\"contentUrl\":\"https:\/\/tourtravelandmore.com\/wp-content\/uploads\/2024\/02\/image4.jpg\",\"width\":950,\"height\":750},{\"@type\":\"BreadcrumbList\",\"@id\":\"https:\/\/tourtravelandmore.com\/fr\/tours\/italie-fr\/naplespompei-fr\/all-private-tours-activities-fr-7-naplespompei-fr\/excursion-privee-a-pompei-et-herculanum-depuis-naples\/#breadcrumb\",\"itemListElement\":[{\"@type\":\"ListItem\",\"position\":1,\"name\":\"Home\",\"item\":\"https:\/\/tourtravelandmore.com\/fr\/\"},{\"@type\":\"ListItem\",\"position\":2,\"name\":\"Tours\",\"item\":\"https:\/\/tourtravelandmore.com\/fr\/tours\/\"},{\"@type\":\"ListItem\",\"position\":3,\"name\":\"Excursion priv\u00e9e \u00e0 Pomp\u00e9i et Herculanum depuis Naples\"}]},{\"@type\":\"WebSite\",\"@id\":\"https:\/\/tourtravelandmore.com\/fr\/#website\",\"url\":\"https:\/\/tourtravelandmore.com\/fr\/\",\"name\":\"Tour Travel And More\",\"description\":\"Private sightseeing tours and luxury transfers in Spain\",\"publisher\":{\"@id\":\"https:\/\/tourtravelandmore.com\/fr\/#organization\"},\"potentialAction\":[{\"@type\":\"SearchAction\",\"target\":{\"@type\":\"EntryPoint\",\"urlTemplate\":\"https:\/\/tourtravelandmore.com\/fr\/?s={search_term_string}\"},\"query-input\":{\"@type\":\"PropertyValueSpecification\",\"valueRequired\":true,\"valueName\":\"search_term_string\"}}],\"inLanguage\":\"fr-FR\"},{\"@type\":\"Organization\",\"@id\":\"https:\/\/tourtravelandmore.com\/fr\/#organization\",\"name\":\"Tour Travel And More\",\"url\":\"https:\/\/tourtravelandmore.com\/fr\/\",\"logo\":{\"@type\":\"ImageObject\",\"inLanguage\":\"fr-FR\",\"@id\":\"https:\/\/tourtravelandmore.com\/fr\/#\/schema\/logo\/image\/\",\"url\":\"https:\/\/tourtravelandmore.com\/wp-content\/uploads\/2022\/12\/cropped-logo-cabecera-new.png\",\"contentUrl\":\"https:\/\/tourtravelandmore.com\/wp-content\/uploads\/2022\/12\/cropped-logo-cabecera-new.png\",\"width\":430,\"height\":61,\"caption\":\"Tour Travel And More\"},\"image\":{\"@id\":\"https:\/\/tourtravelandmore.com\/fr\/#\/schema\/logo\/image\/\"},\"sameAs\":[\"https:\/\/www.facebook.com\/tourtravelandmore\/\",\"https:\/\/x.com\/TourTravel_More\"]}]}<\/script>\n<!-- \/ Yoast SEO Premium plugin. -->","yoast_head_json":{"title":"\u27a1\ufe0f D\u00e9couvrez Pomp\u00e9i et Herculanum lors d'une visite priv\u00e9e au d\u00e9part de Naples.","description":"D\u00e9couvrez les ruines antiques de Pomp\u00e9i et d'Herculanum lors d'une visite priv\u00e9e \u00e0 Naples Tour Travel and More. Des exp\u00e9riences inoubliables vous attendent ! \u2705","robots":{"index":"index","follow":"follow","max-snippet":"max-snippet:-1","max-image-preview":"max-image-preview:large","max-video-preview":"max-video-preview:-1"},"canonical":"https:\/\/tourtravelandmore.com\/fr\/tours\/italie-fr\/naplespompei-fr\/all-private-tours-activities-fr-7-naplespompei-fr\/excursion-privee-a-pompei-et-herculanum-depuis-naples\/","og_locale":"fr_FR","og_type":"article","og_title":"Excursion priv\u00e9e \u00e0 Pomp\u00e9i et Herculanum depuis Naples","og_description":"D\u00e9couvrez les ruines antiques de Pomp\u00e9i et d'Herculanum lors d'une visite priv\u00e9e \u00e0 Naples Tour Travel and More. Des exp\u00e9riences inoubliables vous attendent ! \u2705","og_url":"https:\/\/tourtravelandmore.com\/fr\/tours\/italie-fr\/naplespompei-fr\/all-private-tours-activities-fr-7-naplespompei-fr\/excursion-privee-a-pompei-et-herculanum-depuis-naples\/","og_site_name":"Tour Travel And More","article_publisher":"https:\/\/www.facebook.com\/tourtravelandmore\/","article_modified_time":"2024-10-07T15:08:50+00:00","og_image":[{"width":950,"height":750,"url":"https:\/\/tourtravelandmore.com\/wp-content\/uploads\/2024\/02\/image4.jpg","type":"image\/jpeg"}],"twitter_card":"summary_large_image","twitter_site":"@TourTravel_More","twitter_misc":{"Dur\u00e9e de lecture estim\u00e9e":"4 minutes"},"schema":{"@context":"https:\/\/schema.org","@graph":[{"@type":"WebPage","@id":"https:\/\/tourtravelandmore.com\/fr\/tours\/italie-fr\/naplespompei-fr\/all-private-tours-activities-fr-7-naplespompei-fr\/excursion-privee-a-pompei-et-herculanum-depuis-naples\/","url":"https:\/\/tourtravelandmore.com\/fr\/tours\/italie-fr\/naplespompei-fr\/all-private-tours-activities-fr-7-naplespompei-fr\/excursion-privee-a-pompei-et-herculanum-depuis-naples\/","name":"\u27a1\ufe0f D\u00e9couvrez Pomp\u00e9i et Herculanum lors d'une visite priv\u00e9e au d\u00e9part de Naples.","isPartOf":{"@id":"https:\/\/tourtravelandmore.com\/fr\/#website"},"primaryImageOfPage":{"@id":"https:\/\/tourtravelandmore.com\/fr\/tours\/italie-fr\/naplespompei-fr\/all-private-tours-activities-fr-7-naplespompei-fr\/excursion-privee-a-pompei-et-herculanum-depuis-naples\/#primaryimage"},"image":{"@id":"https:\/\/tourtravelandmore.com\/fr\/tours\/italie-fr\/naplespompei-fr\/all-private-tours-activities-fr-7-naplespompei-fr\/excursion-privee-a-pompei-et-herculanum-depuis-naples\/#primaryimage"},"thumbnailUrl":"https:\/\/tourtravelandmore.com\/wp-content\/uploads\/2024\/02\/image4.jpg","datePublished":"2024-02-04T16:12:27+00:00","dateModified":"2024-10-07T15:08:50+00:00","description":"D\u00e9couvrez les ruines antiques de Pomp\u00e9i et d'Herculanum lors d'une visite priv\u00e9e \u00e0 Naples Tour Travel and More. Des exp\u00e9riences inoubliables vous attendent ! \u2705","breadcrumb":{"@id":"https:\/\/tourtravelandmore.com\/fr\/tours\/italie-fr\/naplespompei-fr\/all-private-tours-activities-fr-7-naplespompei-fr\/excursion-privee-a-pompei-et-herculanum-depuis-naples\/#breadcrumb"},"inLanguage":"fr-FR","potentialAction":[{"@type":"ReadAction","target":["https:\/\/tourtravelandmore.com\/fr\/tours\/italie-fr\/naplespompei-fr\/all-private-tours-activities-fr-7-naplespompei-fr\/excursion-privee-a-pompei-et-herculanum-depuis-naples\/"]}]},{"@type":"ImageObject","inLanguage":"fr-FR","@id":"https:\/\/tourtravelandmore.com\/fr\/tours\/italie-fr\/naplespompei-fr\/all-private-tours-activities-fr-7-naplespompei-fr\/excursion-privee-a-pompei-et-herculanum-depuis-naples\/#primaryimage","url":"https:\/\/tourtravelandmore.com\/wp-content\/uploads\/2024\/02\/image4.jpg","contentUrl":"https:\/\/tourtravelandmore.com\/wp-content\/uploads\/2024\/02\/image4.jpg","width":950,"height":750},{"@type":"BreadcrumbList","@id":"https:\/\/tourtravelandmore.com\/fr\/tours\/italie-fr\/naplespompei-fr\/all-private-tours-activities-fr-7-naplespompei-fr\/excursion-privee-a-pompei-et-herculanum-depuis-naples\/#breadcrumb","itemListElement":[{"@type":"ListItem","position":1,"name":"Home","item":"https:\/\/tourtravelandmore.com\/fr\/"},{"@type":"ListItem","position":2,"name":"Tours","item":"https:\/\/tourtravelandmore.com\/fr\/tours\/"},{"@type":"ListItem","position":3,"name":"Excursion priv\u00e9e \u00e0 Pomp\u00e9i et Herculanum depuis Naples"}]},{"@type":"WebSite","@id":"https:\/\/tourtravelandmore.com\/fr\/#website","url":"https:\/\/tourtravelandmore.com\/fr\/","name":"Tour Travel And More","description":"Private sightseeing tours and luxury transfers in Spain","publisher":{"@id":"https:\/\/tourtravelandmore.com\/fr\/#organization"},"potentialAction":[{"@type":"SearchAction","target":{"@type":"EntryPoint","urlTemplate":"https:\/\/tourtravelandmore.com\/fr\/?s={search_term_string}"},"query-input":{"@type":"PropertyValueSpecification","valueRequired":true,"valueName":"search_term_string"}}],"inLanguage":"fr-FR"},{"@type":"Organization","@id":"https:\/\/tourtravelandmore.com\/fr\/#organization","name":"Tour Travel And More","url":"https:\/\/tourtravelandmore.com\/fr\/","logo":{"@type":"ImageObject","inLanguage":"fr-FR","@id":"https:\/\/tourtravelandmore.com\/fr\/#\/schema\/logo\/image\/","url":"https:\/\/tourtravelandmore.com\/wp-content\/uploads\/2022\/12\/cropped-logo-cabecera-new.png","contentUrl":"https:\/\/tourtravelandmore.com\/wp-content\/uploads\/2022\/12\/cropped-logo-cabecera-new.png","width":430,"height":61,"caption":"Tour Travel And More"},"image":{"@id":"https:\/\/tourtravelandmore.com\/fr\/#\/schema\/logo\/image\/"},"sameAs":["https:\/\/www.facebook.com\/tourtravelandmore\/","https:\/\/x.com\/TourTravel_More"]}]}},"_links":{"self":[{"href":"https:\/\/tourtravelandmore.com\/fr\/wp-json\/wp\/v2\/product\/172229","targetHints":{"allow":["GET"]}}],"collection":[{"href":"https:\/\/tourtravelandmore.com\/fr\/wp-json\/wp\/v2\/product"}],"about":[{"href":"https:\/\/tourtravelandmore.com\/fr\/wp-json\/wp\/v2\/types\/product"}],"replies":[{"embeddable":true,"href":"https:\/\/tourtravelandmore.com\/fr\/wp-json\/wp\/v2\/comments?post=172229"}],"wp:featuredmedia":[{"embeddable":true,"href":"https:\/\/tourtravelandmore.com\/fr\/wp-json\/wp\/v2\/media\/172248"}],"wp:attachment":[{"href":"https:\/\/tourtravelandmore.com\/fr\/wp-json\/wp\/v2\/media?parent=172229"}],"wp:term":[{"taxonomy":"product_brand","embeddable":true,"href":"https:\/\/tourtravelandmore.com\/fr\/wp-json\/wp\/v2\/product_brand?post=172229"},{"taxonomy":"product_cat","embeddable":true,"href":"https:\/\/tourtravelandmore.com\/fr\/wp-json\/wp\/v2\/product_cat?post=172229"},{"taxonomy":"product_tag","embeddable":true,"href":"https:\/\/tourtravelandmore.com\/fr\/wp-json\/wp\/v2\/product_tag?post=172229"}],"curies":[{"name":"wp","href":"https:\/\/api.w.org\/{rel}","templated":true}]}}