{"id":171961,"date":"2024-01-05T09:57:38","date_gmt":"2024-01-05T08:57:41","guid":{"rendered":"https:\/\/tourtravelandmore.com\/?post_type=product&#038;p=171961"},"modified":"2024-08-27T15:21:58","modified_gmt":"2024-08-27T13:21:58","slug":"visite-privee-a-vitoria-depuis-bilbao","status":"publish","type":"product","link":"https:\/\/tourtravelandmore.com\/fr\/tours\/espagne-fr\/bilbao-fr\/toutes-les-visites-et-activites-privees-fr-6\/visite-privee-a-vitoria-depuis-bilbao\/","title":{"rendered":"Visite priv\u00e9e \u00e0 Vitoria depuis Bilbao"},"content":{"rendered":"<h2><b>Excursion priv\u00e9e \u00e0 Vitoria depuis Bilbao Description :<\/b><\/h2>\n<p><span style=\"font-weight: 400;\">Cette visite priv\u00e9e de 8 heures de Bilbao \u00e0 Vitoria offre une occasion unique d&#8217;explorer le c\u0153ur historique et culturel du Pays basque. Le voyage commence par un trajet pittoresque jusqu&#8217;\u00e0 Vitoria, la capitale connue pour sa riche histoire, son architecture \u00e9tonnante et sa sc\u00e8ne culturelle dynamique. L&#8217;excursion comprend une exploration guid\u00e9e des sites les plus embl\u00e9matiques de Vitoria, qui permet de d\u00e9couvrir le pass\u00e9 m\u00e9di\u00e9val de la ville et son \u00e9volution en un centre culturel moderne. L&#8217;excursion m\u00eale la beaut\u00e9 des paysages basques au charme des rues et des places de Vitoria.<\/span><\/p>\n<p><span style=\"font-weight: 400;\">Cette visite priv\u00e9e prolong\u00e9e de Vitoria au d\u00e9part de Bilbao vous permettra de vous immerger dans la riche tapisserie de l&#8217;histoire et de la culture de Vitoria. La ville, connue pour son remarquable m\u00e9lange d&#8217;architecture m\u00e9di\u00e9vale et moderne, offre un voyage dans le temps. En fl\u00e2nant dans ses rues, vous d\u00e9couvrirez l&#8217;atmosph\u00e8re anim\u00e9e des march\u00e9s locaux et des caf\u00e9s, o\u00f9 le mode de vie traditionnel basque est palpable. Le circuit comprend \u00e9galement des visites de quartiers moins connus, mais tout aussi enchanteurs, qui r\u00e9v\u00e8lent des joyaux cach\u00e9s et permettent de mieux comprendre le caract\u00e8re et le patrimoine uniques de Vitoria. Cette visite compl\u00e8te n&#8217;est pas un simple voyage touristique, c&#8217;est une rencontre intime avec le c\u0153ur et l&#8217;\u00e2me du Pays basque.<\/span><\/p>\n<p><span style=\"font-weight: 400;\">Cette visite vous permettra de d\u00e9couvrir l&#8217;essence m\u00eame de Vitoria, en explorant son c\u00e9l\u00e8bre mus\u00e9e Artium et l&#8217;idyllique parc de la Floride. La juxtaposition d&#8217;\u00e9l\u00e9ments m\u00e9di\u00e9vaux et contemporains offre un paysage urbain fascinant. Vous d\u00e9couvrirez \u00e9galement les d\u00e9lices culinaires de Vitoria et aurez l&#8217;occasion de go\u00fbter \u00e0 la cuisine basque locale. Il ne s&#8217;agit pas seulement de faire du tourisme, mais aussi de d\u00e9couvrir la vie, la culture et le rythme de cette capitale basque dynamique. C&#8217;est un voyage qui offre \u00e0 la fois un festin visuel et une immersion culturelle profonde dans l&#8217;une des villes les plus captivantes d&#8217;Espagne.<\/span><\/p>\n<h2><b>Visite priv\u00e9e de Vitoria depuis Bilbao Points forts :<\/b><\/h2>\n<ul>\n<li style=\"font-weight: 400;\" aria-level=\"1\"><b>La vieille ville de Vitoria :<\/b><span style=\"font-weight: 400;\"> Un centre m\u00e9di\u00e9val bien pr\u00e9serv\u00e9, connu pour ses rues \u00e9troites, ses b\u00e2timents historiques et la magnifique cath\u00e9drale Santa Maria.<\/span><\/li>\n<li style=\"font-weight: 400;\" aria-level=\"1\"><b>Le mus\u00e9e Artium : <\/b><span style=\"font-weight: 400;\">Un mus\u00e9e d&#8217;art contemporain qui pr\u00e9sente une riche collection d&#8217;art basque et espagnol moderne et contemporain.<\/span><\/li>\n<li style=\"font-weight: 400;\" aria-level=\"1\"><b>Plaza de la Virgen Blanca :<\/b><span style=\"font-weight: 400;\"> le c\u0153ur de la ville, c\u00e9l\u00e8bre pour son atmosph\u00e8re vibrante et le site de nombreux \u00e9v\u00e9nements culturels.<\/span><\/li>\n<li style=\"font-weight: 400;\" aria-level=\"1\"><b>Anneau vert de Vitoria :<\/b><span style=\"font-weight: 400;\"> Un r\u00e9seau de parcs et d&#8217;espaces verts entourant la ville, offrant une \u00e9chapp\u00e9e rafra\u00eechissante dans la nature.<\/span><\/li>\n<li style=\"font-weight: 400;\" aria-level=\"1\"><b>Cath\u00e9drale de Marie Immacul\u00e9e (Nouvelle Cath\u00e9drale) :<\/b><span style=\"font-weight: 400;\"> Un exemple \u00e9tonnant d&#8217;architecture gothique du XXe si\u00e8cle, qui contraste avec la cath\u00e9drale Santa Maria, plus ancienne, et enrichit le paysage architectural de Vitoria.<\/span><\/li>\n<li style=\"font-weight: 400;\" aria-level=\"1\"><b>Parlement basque :<\/b><span style=\"font-weight: 400;\"> Symbole de l&#8217;autonomie et de l&#8217;identit\u00e9 culturelle du Pays basque, ce b\u00e2timent allie signification historique et pertinence politique moderne.<\/span><\/li>\n<li style=\"font-weight: 400;\" aria-level=\"1\"><b>Parc Florida :<\/b><span style=\"font-weight: 400;\"> Un parc magnifiquement am\u00e9nag\u00e9 au c\u0153ur de la ville, connu pour sa verdure luxuriante et ses \u00e9tangs tranquilles, offrant une retraite paisible dans l&#8217;environnement urbain.<\/span><\/li>\n<li style=\"font-weight: 400;\" aria-level=\"1\"><b>Los Arquillos et Plaza del Machete <\/b><span style=\"font-weight: 400;\">: Quartiers historiques de Vitoria, o\u00f9 des b\u00e2timents anciens et des passages \u00e9troits m\u00e8nent \u00e0 la charmante Plaza del Machete, un site impr\u00e9gn\u00e9 d&#8217;histoire et de traditions locales.<\/span><\/li>\n<li style=\"font-weight: 400;\" aria-level=\"1\"><b>Mus\u00e9e Bibat <\/b><span style=\"font-weight: 400;\">: Combinant les mus\u00e9es d&#8217;arch\u00e9ologie et des cartes \u00e0 jouer Fournier, ce mus\u00e9e unique offre un aper\u00e7u de l&#8217;histoire r\u00e9gionale et du monde fascinant des cartes \u00e0 jouer, refl\u00e9tant ainsi la diversit\u00e9 de l&#8217;offre culturelle de Vitoria.<\/span><\/li>\n<\/ul>\n<p><span style=\"font-weight: 400;\">Explorez davantage le Pays basque gr\u00e2ce \u00e0 la gamme vari\u00e9e de circuits priv\u00e9s propos\u00e9s par Tour Travel and More au d\u00e9part de Bilbao. Nos circuits sont con\u00e7us pour vous faire d\u00e9couvrir la richesse de la culture, de l&#8217;histoire et de la beaut\u00e9 naturelle de la r\u00e9gion.<\/span><a href=\"https:\/\/tourtravelandmore.com\/fr\/city\/espagne-fr\/bilbao-fr\/\"><span style=\"font-weight: 400;\"> Visitez Tour Travel and More pour d\u00e9couvrir notre s\u00e9lection de circuits personnalis\u00e9s qui vous promettent des exp\u00e9riences inoubliables \u00e0 Bilbao et au-del\u00e0.<\/span><\/a><\/p>\n","protected":false},"excerpt":{"rendered":"<p><span style=\"font-weight: 400;\">D\u00e9couvrez le charme historique et l&#8217;effervescence culturelle de Vitoria lors de cette visite priv\u00e9e de 8 heures au d\u00e9part de Bilbao, comprenant des explorations guid\u00e9es des sites les plus embl\u00e9matiques et des joyaux cach\u00e9s de la ville.<\/span><\/p>\n","protected":false},"featured_media":171971,"comment_status":"open","ping_status":"closed","template":"","meta":{"_acf_changed":false},"product_brand":[],"product_cat":[4739,4737,4740,3574],"product_tag":[],"class_list":{"0":"post-171961","1":"product","2":"type-product","3":"status-publish","4":"has-post-thumbnail","6":"product_cat-excursions-a-terre-privees-fr","7":"product_cat-toutes-les-visites-et-activites-privees-fr-6","8":"product_cat-visites-guidees-privees-fr-8","9":"product_cat-bilbao-fr","11":"first","12":"instock","13":"shipping-taxable","14":"purchasable","15":"product-type-simple"},"acf":[],"yoast_head":"<!-- This site is optimized with the Yoast SEO Premium plugin v25.3.1 (Yoast SEO v25.3.1) - https:\/\/yoast.com\/wordpress\/plugins\/seo\/ -->\n<title>\u27a1\ufe0f D\u00e9couvrez Vitoria : Visite priv\u00e9e exclusive au d\u00e9part de Bilbao<\/title>\n<meta name=\"description\" content=\"D\u00e9couvrez le charme m\u00e9di\u00e9val et les sites culturels de Vitoria lors d&#039;une visite priv\u00e9e de 8 heures au d\u00e9part de Bilbao. L&#039;histoire et la beaut\u00e9 en un seul voyage. \u2705\" \/>\n<meta name=\"robots\" content=\"index, follow, max-snippet:-1, max-image-preview:large, max-video-preview:-1\" \/>\n<link rel=\"canonical\" href=\"https:\/\/tourtravelandmore.com\/fr\/tours\/espagne-fr\/bilbao-fr\/toutes-les-visites-et-activites-privees-fr-6\/visite-privee-a-vitoria-depuis-bilbao\/\" \/>\n<meta property=\"og:locale\" content=\"fr_FR\" \/>\n<meta property=\"og:type\" content=\"article\" \/>\n<meta property=\"og:title\" content=\"Visite priv\u00e9e \u00e0 Vitoria depuis Bilbao\" \/>\n<meta property=\"og:description\" content=\"D\u00e9couvrez le charme m\u00e9di\u00e9val et les sites culturels de Vitoria lors d&#039;une visite priv\u00e9e de 8 heures au d\u00e9part de Bilbao. L&#039;histoire et la beaut\u00e9 en un seul voyage. \u2705\" \/>\n<meta property=\"og:url\" content=\"https:\/\/tourtravelandmore.com\/fr\/tours\/espagne-fr\/bilbao-fr\/toutes-les-visites-et-activites-privees-fr-6\/visite-privee-a-vitoria-depuis-bilbao\/\" \/>\n<meta property=\"og:site_name\" content=\"Tour Travel And More\" \/>\n<meta property=\"article:publisher\" content=\"https:\/\/www.facebook.com\/tourtravelandmore\/\" \/>\n<meta property=\"article:modified_time\" content=\"2024-08-27T13:21:58+00:00\" \/>\n<meta property=\"og:image\" content=\"https:\/\/tourtravelandmore.com\/wp-content\/uploads\/2024\/01\/image1-7.jpg\" \/>\n\t<meta property=\"og:image:width\" content=\"950\" \/>\n\t<meta property=\"og:image:height\" content=\"750\" \/>\n\t<meta property=\"og:image:type\" content=\"image\/jpeg\" \/>\n<meta name=\"twitter:card\" content=\"summary_large_image\" \/>\n<meta name=\"twitter:site\" content=\"@TourTravel_More\" \/>\n<meta name=\"twitter:label1\" content=\"Dur\u00e9e de lecture estim\u00e9e\" \/>\n\t<meta name=\"twitter:data1\" content=\"3 minutes\" \/>\n<script type=\"application\/ld+json\" class=\"yoast-schema-graph\">{\"@context\":\"https:\/\/schema.org\",\"@graph\":[{\"@type\":\"WebPage\",\"@id\":\"https:\/\/tourtravelandmore.com\/fr\/tours\/espagne-fr\/bilbao-fr\/toutes-les-visites-et-activites-privees-fr-6\/visite-privee-a-vitoria-depuis-bilbao\/\",\"url\":\"https:\/\/tourtravelandmore.com\/fr\/tours\/espagne-fr\/bilbao-fr\/toutes-les-visites-et-activites-privees-fr-6\/visite-privee-a-vitoria-depuis-bilbao\/\",\"name\":\"\u27a1\ufe0f D\u00e9couvrez Vitoria : Visite priv\u00e9e exclusive au d\u00e9part de Bilbao\",\"isPartOf\":{\"@id\":\"https:\/\/tourtravelandmore.com\/fr\/#website\"},\"primaryImageOfPage\":{\"@id\":\"https:\/\/tourtravelandmore.com\/fr\/tours\/espagne-fr\/bilbao-fr\/toutes-les-visites-et-activites-privees-fr-6\/visite-privee-a-vitoria-depuis-bilbao\/#primaryimage\"},\"image\":{\"@id\":\"https:\/\/tourtravelandmore.com\/fr\/tours\/espagne-fr\/bilbao-fr\/toutes-les-visites-et-activites-privees-fr-6\/visite-privee-a-vitoria-depuis-bilbao\/#primaryimage\"},\"thumbnailUrl\":\"https:\/\/tourtravelandmore.com\/wp-content\/uploads\/2024\/01\/image1-7.jpg\",\"datePublished\":\"2024-01-05T08:57:41+00:00\",\"dateModified\":\"2024-08-27T13:21:58+00:00\",\"description\":\"D\u00e9couvrez le charme m\u00e9di\u00e9val et les sites culturels de Vitoria lors d'une visite priv\u00e9e de 8 heures au d\u00e9part de Bilbao. L'histoire et la beaut\u00e9 en un seul voyage. \u2705\",\"breadcrumb\":{\"@id\":\"https:\/\/tourtravelandmore.com\/fr\/tours\/espagne-fr\/bilbao-fr\/toutes-les-visites-et-activites-privees-fr-6\/visite-privee-a-vitoria-depuis-bilbao\/#breadcrumb\"},\"inLanguage\":\"fr-FR\",\"potentialAction\":[{\"@type\":\"ReadAction\",\"target\":[\"https:\/\/tourtravelandmore.com\/fr\/tours\/espagne-fr\/bilbao-fr\/toutes-les-visites-et-activites-privees-fr-6\/visite-privee-a-vitoria-depuis-bilbao\/\"]}]},{\"@type\":\"ImageObject\",\"inLanguage\":\"fr-FR\",\"@id\":\"https:\/\/tourtravelandmore.com\/fr\/tours\/espagne-fr\/bilbao-fr\/toutes-les-visites-et-activites-privees-fr-6\/visite-privee-a-vitoria-depuis-bilbao\/#primaryimage\",\"url\":\"https:\/\/tourtravelandmore.com\/wp-content\/uploads\/2024\/01\/image1-7.jpg\",\"contentUrl\":\"https:\/\/tourtravelandmore.com\/wp-content\/uploads\/2024\/01\/image1-7.jpg\",\"width\":950,\"height\":750},{\"@type\":\"BreadcrumbList\",\"@id\":\"https:\/\/tourtravelandmore.com\/fr\/tours\/espagne-fr\/bilbao-fr\/toutes-les-visites-et-activites-privees-fr-6\/visite-privee-a-vitoria-depuis-bilbao\/#breadcrumb\",\"itemListElement\":[{\"@type\":\"ListItem\",\"position\":1,\"name\":\"Home\",\"item\":\"https:\/\/tourtravelandmore.com\/fr\/\"},{\"@type\":\"ListItem\",\"position\":2,\"name\":\"Tours\",\"item\":\"https:\/\/tourtravelandmore.com\/fr\/tours\/\"},{\"@type\":\"ListItem\",\"position\":3,\"name\":\"Visite priv\u00e9e \u00e0 Vitoria depuis Bilbao\"}]},{\"@type\":\"WebSite\",\"@id\":\"https:\/\/tourtravelandmore.com\/fr\/#website\",\"url\":\"https:\/\/tourtravelandmore.com\/fr\/\",\"name\":\"Tour Travel And More\",\"description\":\"Private sightseeing tours and luxury transfers in Spain\",\"publisher\":{\"@id\":\"https:\/\/tourtravelandmore.com\/fr\/#organization\"},\"potentialAction\":[{\"@type\":\"SearchAction\",\"target\":{\"@type\":\"EntryPoint\",\"urlTemplate\":\"https:\/\/tourtravelandmore.com\/fr\/?s={search_term_string}\"},\"query-input\":{\"@type\":\"PropertyValueSpecification\",\"valueRequired\":true,\"valueName\":\"search_term_string\"}}],\"inLanguage\":\"fr-FR\"},{\"@type\":\"Organization\",\"@id\":\"https:\/\/tourtravelandmore.com\/fr\/#organization\",\"name\":\"Tour Travel And More\",\"url\":\"https:\/\/tourtravelandmore.com\/fr\/\",\"logo\":{\"@type\":\"ImageObject\",\"inLanguage\":\"fr-FR\",\"@id\":\"https:\/\/tourtravelandmore.com\/fr\/#\/schema\/logo\/image\/\",\"url\":\"https:\/\/tourtravelandmore.com\/wp-content\/uploads\/2022\/12\/cropped-logo-cabecera-new.png\",\"contentUrl\":\"https:\/\/tourtravelandmore.com\/wp-content\/uploads\/2022\/12\/cropped-logo-cabecera-new.png\",\"width\":430,\"height\":61,\"caption\":\"Tour Travel And More\"},\"image\":{\"@id\":\"https:\/\/tourtravelandmore.com\/fr\/#\/schema\/logo\/image\/\"},\"sameAs\":[\"https:\/\/www.facebook.com\/tourtravelandmore\/\",\"https:\/\/x.com\/TourTravel_More\"]}]}<\/script>\n<!-- \/ Yoast SEO Premium plugin. -->","yoast_head_json":{"title":"\u27a1\ufe0f D\u00e9couvrez Vitoria : Visite priv\u00e9e exclusive au d\u00e9part de Bilbao","description":"D\u00e9couvrez le charme m\u00e9di\u00e9val et les sites culturels de Vitoria lors d'une visite priv\u00e9e de 8 heures au d\u00e9part de Bilbao. L'histoire et la beaut\u00e9 en un seul voyage. \u2705","robots":{"index":"index","follow":"follow","max-snippet":"max-snippet:-1","max-image-preview":"max-image-preview:large","max-video-preview":"max-video-preview:-1"},"canonical":"https:\/\/tourtravelandmore.com\/fr\/tours\/espagne-fr\/bilbao-fr\/toutes-les-visites-et-activites-privees-fr-6\/visite-privee-a-vitoria-depuis-bilbao\/","og_locale":"fr_FR","og_type":"article","og_title":"Visite priv\u00e9e \u00e0 Vitoria depuis Bilbao","og_description":"D\u00e9couvrez le charme m\u00e9di\u00e9val et les sites culturels de Vitoria lors d'une visite priv\u00e9e de 8 heures au d\u00e9part de Bilbao. L'histoire et la beaut\u00e9 en un seul voyage. \u2705","og_url":"https:\/\/tourtravelandmore.com\/fr\/tours\/espagne-fr\/bilbao-fr\/toutes-les-visites-et-activites-privees-fr-6\/visite-privee-a-vitoria-depuis-bilbao\/","og_site_name":"Tour Travel And More","article_publisher":"https:\/\/www.facebook.com\/tourtravelandmore\/","article_modified_time":"2024-08-27T13:21:58+00:00","og_image":[{"width":950,"height":750,"url":"https:\/\/tourtravelandmore.com\/wp-content\/uploads\/2024\/01\/image1-7.jpg","type":"image\/jpeg"}],"twitter_card":"summary_large_image","twitter_site":"@TourTravel_More","twitter_misc":{"Dur\u00e9e de lecture estim\u00e9e":"3 minutes"},"schema":{"@context":"https:\/\/schema.org","@graph":[{"@type":"WebPage","@id":"https:\/\/tourtravelandmore.com\/fr\/tours\/espagne-fr\/bilbao-fr\/toutes-les-visites-et-activites-privees-fr-6\/visite-privee-a-vitoria-depuis-bilbao\/","url":"https:\/\/tourtravelandmore.com\/fr\/tours\/espagne-fr\/bilbao-fr\/toutes-les-visites-et-activites-privees-fr-6\/visite-privee-a-vitoria-depuis-bilbao\/","name":"\u27a1\ufe0f D\u00e9couvrez Vitoria : Visite priv\u00e9e exclusive au d\u00e9part de Bilbao","isPartOf":{"@id":"https:\/\/tourtravelandmore.com\/fr\/#website"},"primaryImageOfPage":{"@id":"https:\/\/tourtravelandmore.com\/fr\/tours\/espagne-fr\/bilbao-fr\/toutes-les-visites-et-activites-privees-fr-6\/visite-privee-a-vitoria-depuis-bilbao\/#primaryimage"},"image":{"@id":"https:\/\/tourtravelandmore.com\/fr\/tours\/espagne-fr\/bilbao-fr\/toutes-les-visites-et-activites-privees-fr-6\/visite-privee-a-vitoria-depuis-bilbao\/#primaryimage"},"thumbnailUrl":"https:\/\/tourtravelandmore.com\/wp-content\/uploads\/2024\/01\/image1-7.jpg","datePublished":"2024-01-05T08:57:41+00:00","dateModified":"2024-08-27T13:21:58+00:00","description":"D\u00e9couvrez le charme m\u00e9di\u00e9val et les sites culturels de Vitoria lors d'une visite priv\u00e9e de 8 heures au d\u00e9part de Bilbao. L'histoire et la beaut\u00e9 en un seul voyage. \u2705","breadcrumb":{"@id":"https:\/\/tourtravelandmore.com\/fr\/tours\/espagne-fr\/bilbao-fr\/toutes-les-visites-et-activites-privees-fr-6\/visite-privee-a-vitoria-depuis-bilbao\/#breadcrumb"},"inLanguage":"fr-FR","potentialAction":[{"@type":"ReadAction","target":["https:\/\/tourtravelandmore.com\/fr\/tours\/espagne-fr\/bilbao-fr\/toutes-les-visites-et-activites-privees-fr-6\/visite-privee-a-vitoria-depuis-bilbao\/"]}]},{"@type":"ImageObject","inLanguage":"fr-FR","@id":"https:\/\/tourtravelandmore.com\/fr\/tours\/espagne-fr\/bilbao-fr\/toutes-les-visites-et-activites-privees-fr-6\/visite-privee-a-vitoria-depuis-bilbao\/#primaryimage","url":"https:\/\/tourtravelandmore.com\/wp-content\/uploads\/2024\/01\/image1-7.jpg","contentUrl":"https:\/\/tourtravelandmore.com\/wp-content\/uploads\/2024\/01\/image1-7.jpg","width":950,"height":750},{"@type":"BreadcrumbList","@id":"https:\/\/tourtravelandmore.com\/fr\/tours\/espagne-fr\/bilbao-fr\/toutes-les-visites-et-activites-privees-fr-6\/visite-privee-a-vitoria-depuis-bilbao\/#breadcrumb","itemListElement":[{"@type":"ListItem","position":1,"name":"Home","item":"https:\/\/tourtravelandmore.com\/fr\/"},{"@type":"ListItem","position":2,"name":"Tours","item":"https:\/\/tourtravelandmore.com\/fr\/tours\/"},{"@type":"ListItem","position":3,"name":"Visite priv\u00e9e \u00e0 Vitoria depuis Bilbao"}]},{"@type":"WebSite","@id":"https:\/\/tourtravelandmore.com\/fr\/#website","url":"https:\/\/tourtravelandmore.com\/fr\/","name":"Tour Travel And More","description":"Private sightseeing tours and luxury transfers in Spain","publisher":{"@id":"https:\/\/tourtravelandmore.com\/fr\/#organization"},"potentialAction":[{"@type":"SearchAction","target":{"@type":"EntryPoint","urlTemplate":"https:\/\/tourtravelandmore.com\/fr\/?s={search_term_string}"},"query-input":{"@type":"PropertyValueSpecification","valueRequired":true,"valueName":"search_term_string"}}],"inLanguage":"fr-FR"},{"@type":"Organization","@id":"https:\/\/tourtravelandmore.com\/fr\/#organization","name":"Tour Travel And More","url":"https:\/\/tourtravelandmore.com\/fr\/","logo":{"@type":"ImageObject","inLanguage":"fr-FR","@id":"https:\/\/tourtravelandmore.com\/fr\/#\/schema\/logo\/image\/","url":"https:\/\/tourtravelandmore.com\/wp-content\/uploads\/2022\/12\/cropped-logo-cabecera-new.png","contentUrl":"https:\/\/tourtravelandmore.com\/wp-content\/uploads\/2022\/12\/cropped-logo-cabecera-new.png","width":430,"height":61,"caption":"Tour Travel And More"},"image":{"@id":"https:\/\/tourtravelandmore.com\/fr\/#\/schema\/logo\/image\/"},"sameAs":["https:\/\/www.facebook.com\/tourtravelandmore\/","https:\/\/x.com\/TourTravel_More"]}]}},"_links":{"self":[{"href":"https:\/\/tourtravelandmore.com\/fr\/wp-json\/wp\/v2\/product\/171961","targetHints":{"allow":["GET"]}}],"collection":[{"href":"https:\/\/tourtravelandmore.com\/fr\/wp-json\/wp\/v2\/product"}],"about":[{"href":"https:\/\/tourtravelandmore.com\/fr\/wp-json\/wp\/v2\/types\/product"}],"replies":[{"embeddable":true,"href":"https:\/\/tourtravelandmore.com\/fr\/wp-json\/wp\/v2\/comments?post=171961"}],"wp:featuredmedia":[{"embeddable":true,"href":"https:\/\/tourtravelandmore.com\/fr\/wp-json\/wp\/v2\/media\/171971"}],"wp:attachment":[{"href":"https:\/\/tourtravelandmore.com\/fr\/wp-json\/wp\/v2\/media?parent=171961"}],"wp:term":[{"taxonomy":"product_brand","embeddable":true,"href":"https:\/\/tourtravelandmore.com\/fr\/wp-json\/wp\/v2\/product_brand?post=171961"},{"taxonomy":"product_cat","embeddable":true,"href":"https:\/\/tourtravelandmore.com\/fr\/wp-json\/wp\/v2\/product_cat?post=171961"},{"taxonomy":"product_tag","embeddable":true,"href":"https:\/\/tourtravelandmore.com\/fr\/wp-json\/wp\/v2\/product_tag?post=171961"}],"curies":[{"name":"wp","href":"https:\/\/api.w.org\/{rel}","templated":true}]}}