{"id":171934,"date":"2024-01-05T09:30:48","date_gmt":"2024-01-05T08:30:53","guid":{"rendered":"https:\/\/tourtravelandmore.com\/?post_type=product&#038;p=171934"},"modified":"2026-02-02T15:34:25","modified_gmt":"2026-02-02T14:34:25","slug":"circuit-prive-biarritz-bayonne-et-saint-jean-de-luz-depuis-bilbao","status":"publish","type":"product","link":"https:\/\/tourtravelandmore.com\/fr\/tours\/espagne-fr\/bilbao-fr\/toutes-les-visites-et-activites-privees-fr-6\/circuit-prive-biarritz-bayonne-et-saint-jean-de-luz-depuis-bilbao\/","title":{"rendered":"Visite priv\u00e9e de Biarritz, Bayonne et Saint-Jean-de-Luz au d\u00e9part de Bilbao"},"content":{"rendered":"<h2><b>Visite priv\u00e9e de Biarritz, Bayonne et Saint-Jean-de-Luz au d\u00e9part de Bilbao Description :<\/b><\/h2>\n<p><span style=\"font-weight: 400;\">Embarquez pour une visite priv\u00e9e de 10 heures au d\u00e9part de Bilbao vers les villes enchanteresses de Biarritz, Bayonne et Saint-Jean-de-Luz. Cette visite combine l&#8217;\u00e9l\u00e9gance de Biarritz, connue pour ses stations baln\u00e9aires et ses plages luxueuses, avec le riche patrimoine culturel de Bayonne, une ville c\u00e9l\u00e8bre pour ses chocolats fins et son architecture basque traditionnelle. Saint-Jean-de-Luz, pittoresque ville de p\u00eacheurs, offre une ambiance charmante avec son beau port et ses sites historiques. Ce circuit est une exploration de la diversit\u00e9 des paysages et de la richesse culturelle du Pays basque fran\u00e7ais.<\/span><\/p>\n<p><span style=\"font-weight: 400;\">En poursuivant la description de l&#8217;excursion priv\u00e9e de Bilbao \u00e0 Biarritz, Bayonne et Saint-Jean-de-Luz, vous d\u00e9couvrirez la beaut\u00e9 des paysages et l&#8217;essence culturelle de ces villes. Biarritz offre une exp\u00e9rience c\u00f4ti\u00e8re in\u00e9gal\u00e9e avec son front de mer grandiose et sa culture vibrante du surf. \u00c0 Bayonne, vous serez captiv\u00e9 par le m\u00e9lange de tr\u00e9sors historiques et de sc\u00e8nes artistiques contemporaines. Saint-Jean-de-Luz offre une \u00e9vasion sereine avec ses plages idylliques et sa riche histoire maritime. Ce circuit est un m\u00e9lange parfait de loisirs, d&#8217;exploration culturelle et de beaut\u00e9 naturelle, con\u00e7u pour offrir une exp\u00e9rience compl\u00e8te du charme du Pays basque fran\u00e7ais.<\/span><\/p>\n<p><span style=\"font-weight: 400;\">En passant par Biarritz, Bayonne et Saint-Jean-de-Luz, vous d\u00e9couvrirez un m\u00e9lange unique de nature et de culture. \u00c0 Biarritz, le contraste entre les b\u00e2timents historiques et les surfeurs sur les vagues illustre une ville o\u00f9 la tradition c\u00f4toie la modernit\u00e9. Les rues pav\u00e9es de Bayonne, bord\u00e9es de chocolateries et de galeries d&#8217;art, offrent une exp\u00e9rience sensorielle riche. \u00c0 Saint-Jean-de-Luz, la tranquillit\u00e9 de la ville est accentu\u00e9e par son port de p\u00eache historique et ses maisons basques traditionnelles, offrant une atmosph\u00e8re \u00e0 la fois paisible et riche sur le plan culturel. Ce circuit est id\u00e9al pour d\u00e9couvrir la beaut\u00e9 du Pays basque fran\u00e7ais dans toute sa diversit\u00e9.<\/span><\/p>\n<h2><b>Circuit priv\u00e9 Biarritz, Bayonne et Saint-Jean-de-Luz depuis Bilbao Points forts :<\/b><\/h2>\n<ul>\n<li style=\"font-weight: 400;\" aria-level=\"1\"><b>Biarritz :<\/b><span style=\"font-weight: 400;\"> Connue pour ses belles plages, ses spas de luxe et sa vie urbaine anim\u00e9e, Biarritz est une visite incontournable pour ceux qui recherchent \u00e0 la fois la d\u00e9tente et les exp\u00e9riences culturelles.<\/span><\/li>\n<li style=\"font-weight: 400;\" aria-level=\"1\"><b>Bayonne : <\/b><span style=\"font-weight: 400;\">C\u00e9l\u00e8bre pour sa tradition chocolati\u00e8re, son \u00e9tonnante cath\u00e9drale gothique et ses festivals anim\u00e9s, Bayonne offre une riche exp\u00e9rience culturelle.<\/span><\/li>\n<li style=\"font-weight: 400;\" aria-level=\"1\"><b>Saint-Jean-de-Luz :<\/b><span style=\"font-weight: 400;\"> Cette pittoresque ville de p\u00eacheurs est connue pour son magnifique port, ses b\u00e2timents historiques et ses march\u00e9s locaux, ce qui en fait une destination parfaite pour ceux qui appr\u00e9cient un rythme de vie plus lent et la richesse culturelle.<\/span><\/li>\n<li style=\"font-weight: 400;\" aria-level=\"1\"><b>Rocher de la Vierge \u00e0 Biarritz <\/b><span style=\"font-weight: 400;\">: ce c\u00e9l\u00e8bre site naturel offre une vue imprenable sur l&#8217;oc\u00e9an et la ville et t\u00e9moigne de l&#8217;h\u00e9ritage maritime de Biarritz.<\/span><\/li>\n<li style=\"font-weight: 400;\" aria-level=\"1\"><b>Mus\u00e9e basque de Bayonne :<\/b><span style=\"font-weight: 400;\"> Ce mus\u00e9e offre une plong\u00e9e profonde dans la riche culture et l&#8217;histoire basque, enrichissant ainsi l&#8217;exp\u00e9rience culturelle de la visite.<\/span><\/li>\n<li style=\"font-weight: 400;\" aria-level=\"1\"><b>Maison de Louis XIV \u00e0 Saint-Jean-de-Luz <\/b><span style=\"font-weight: 400;\">: Cette demeure historique, o\u00f9 le c\u00e9l\u00e8bre roi a s\u00e9journ\u00e9, ajoute une touche royale \u00e0 l&#8217;importance historique de la ville.<\/span><\/li>\n<li style=\"font-weight: 400;\" aria-level=\"1\"><b>Grand Plage \u00e0 Biarritz :<\/b><span style=\"font-weight: 400;\"> cette plage principale embl\u00e9matique est le lieu de pr\u00e9dilection des amateurs de bronzage et de surf, offrant une atmosph\u00e8re anim\u00e9e et des vues pittoresques sur le bord de mer.<\/span><\/li>\n<li style=\"font-weight: 400;\" aria-level=\"1\"><b>\u00c9glise Saint-Jean-Baptiste \u00e0 Saint-Jean-de-Luz :<\/b><span style=\"font-weight: 400;\"> Cette \u00e9glise historique, connue pour avoir accueilli le mariage de Louis XIV, repr\u00e9sente le lien de la ville avec l&#8217;histoire de France.<\/span><\/li>\n<\/ul>\n<p><span style=\"font-weight: 400;\">Pour une exploration plus large de la r\u00e9gion basque, Tour Travel and More propose une large gamme de circuits priv\u00e9s au d\u00e9part de Bilbao. Ces circuits sont con\u00e7us pour permettre une meilleure compr\u00e9hension de l&#8217;histoire, de la culture et de la beaut\u00e9 naturelle de la r\u00e9gion. Visitez <\/span><a href=\"https:\/\/tourtravelandmore.com\/fr\/city\/espagne-fr\/bilbao-fr\/\"><span style=\"font-weight: 400;\">Tour Travel and More pour d\u00e9couvrir d&#8217;autres circuits et cr\u00e9er des souvenirs inoubliables au Pays basque.<\/span><\/a><\/p>\n","protected":false},"excerpt":{"rendered":"<p><span style=\"font-weight: 400;\">Rejoignez-nous pour un circuit priv\u00e9 de Bilbao \u00e0 Biarritz, Bayonne et Saint-Jean-de-Luz, o\u00f9 vous d\u00e9couvrirez le m\u00e9lange unique de beaut\u00e9 naturelle, d&#8217;h\u00e9ritage culturel et de d\u00e9lices culinaires du Pays basque fran\u00e7ais.<\/span><\/p>\n","protected":false},"featured_media":171944,"comment_status":"open","ping_status":"closed","template":"","meta":{"_acf_changed":false},"product_brand":[],"product_cat":[4739,4737,4740,3574],"product_tag":[],"class_list":{"0":"post-171934","1":"product","2":"type-product","3":"status-publish","4":"has-post-thumbnail","6":"product_cat-excursions-a-terre-privees-fr","7":"product_cat-toutes-les-visites-et-activites-privees-fr-6","8":"product_cat-visites-guidees-privees-fr-8","9":"product_cat-bilbao-fr","11":"first","12":"instock","13":"shipping-taxable","14":"purchasable","15":"product-type-simple"},"acf":[],"yoast_head":"<!-- This site is optimized with the Yoast SEO Premium plugin v25.3.1 (Yoast SEO v25.3.1) - https:\/\/yoast.com\/wordpress\/plugins\/seo\/ -->\n<title>\u27a1\ufe0f Explorer Biarritz, Bayonne et Saint-Jean-de-Luz en une journ\u00e9e depuis Bilbao<\/title>\n<meta name=\"description\" content=\"D\u00e9couvrez le charme de Biarritz, Bayonne et Saint-Jean-de-Luz lors de notre visite priv\u00e9e de 10 heures au d\u00e9part de Bilbao. La culture, l&#039;histoire et la beaut\u00e9 vous attendent. \u2705\" \/>\n<meta name=\"robots\" content=\"index, follow, max-snippet:-1, max-image-preview:large, max-video-preview:-1\" \/>\n<link rel=\"canonical\" href=\"https:\/\/tourtravelandmore.com\/fr\/tours\/espagne-fr\/bilbao-fr\/toutes-les-visites-et-activites-privees-fr-6\/circuit-prive-biarritz-bayonne-et-saint-jean-de-luz-depuis-bilbao\/\" \/>\n<meta property=\"og:locale\" content=\"fr_FR\" \/>\n<meta property=\"og:type\" content=\"article\" \/>\n<meta property=\"og:title\" content=\"Visite priv\u00e9e de Biarritz, Bayonne et Saint-Jean-de-Luz au d\u00e9part de Bilbao\" \/>\n<meta property=\"og:description\" content=\"D\u00e9couvrez le charme de Biarritz, Bayonne et Saint-Jean-de-Luz lors de notre visite priv\u00e9e de 10 heures au d\u00e9part de Bilbao. La culture, l&#039;histoire et la beaut\u00e9 vous attendent. \u2705\" \/>\n<meta property=\"og:url\" content=\"https:\/\/tourtravelandmore.com\/fr\/tours\/espagne-fr\/bilbao-fr\/toutes-les-visites-et-activites-privees-fr-6\/circuit-prive-biarritz-bayonne-et-saint-jean-de-luz-depuis-bilbao\/\" \/>\n<meta property=\"og:site_name\" content=\"Tour Travel And More\" \/>\n<meta property=\"article:publisher\" content=\"https:\/\/www.facebook.com\/tourtravelandmore\/\" \/>\n<meta property=\"article:modified_time\" content=\"2026-02-02T14:34:25+00:00\" \/>\n<meta property=\"og:image\" content=\"https:\/\/tourtravelandmore.com\/wp-content\/uploads\/2024\/01\/image1-6.jpg\" \/>\n\t<meta property=\"og:image:width\" content=\"1663\" \/>\n\t<meta property=\"og:image:height\" content=\"1313\" \/>\n\t<meta property=\"og:image:type\" content=\"image\/jpeg\" \/>\n<meta name=\"twitter:card\" content=\"summary_large_image\" \/>\n<meta name=\"twitter:site\" content=\"@TourTravel_More\" \/>\n<meta name=\"twitter:label1\" content=\"Dur\u00e9e de lecture estim\u00e9e\" \/>\n\t<meta name=\"twitter:data1\" content=\"3 minutes\" \/>\n<script type=\"application\/ld+json\" class=\"yoast-schema-graph\">{\"@context\":\"https:\/\/schema.org\",\"@graph\":[{\"@type\":\"WebPage\",\"@id\":\"https:\/\/tourtravelandmore.com\/fr\/tours\/espagne-fr\/bilbao-fr\/toutes-les-visites-et-activites-privees-fr-6\/circuit-prive-biarritz-bayonne-et-saint-jean-de-luz-depuis-bilbao\/\",\"url\":\"https:\/\/tourtravelandmore.com\/fr\/tours\/espagne-fr\/bilbao-fr\/toutes-les-visites-et-activites-privees-fr-6\/circuit-prive-biarritz-bayonne-et-saint-jean-de-luz-depuis-bilbao\/\",\"name\":\"\u27a1\ufe0f Explorer Biarritz, Bayonne et Saint-Jean-de-Luz en une journ\u00e9e depuis Bilbao\",\"isPartOf\":{\"@id\":\"https:\/\/tourtravelandmore.com\/fr\/#website\"},\"primaryImageOfPage\":{\"@id\":\"https:\/\/tourtravelandmore.com\/fr\/tours\/espagne-fr\/bilbao-fr\/toutes-les-visites-et-activites-privees-fr-6\/circuit-prive-biarritz-bayonne-et-saint-jean-de-luz-depuis-bilbao\/#primaryimage\"},\"image\":{\"@id\":\"https:\/\/tourtravelandmore.com\/fr\/tours\/espagne-fr\/bilbao-fr\/toutes-les-visites-et-activites-privees-fr-6\/circuit-prive-biarritz-bayonne-et-saint-jean-de-luz-depuis-bilbao\/#primaryimage\"},\"thumbnailUrl\":\"https:\/\/tourtravelandmore.com\/wp-content\/uploads\/2024\/01\/image1-6.jpg\",\"datePublished\":\"2024-01-05T08:30:53+00:00\",\"dateModified\":\"2026-02-02T14:34:25+00:00\",\"description\":\"D\u00e9couvrez le charme de Biarritz, Bayonne et Saint-Jean-de-Luz lors de notre visite priv\u00e9e de 10 heures au d\u00e9part de Bilbao. La culture, l'histoire et la beaut\u00e9 vous attendent. \u2705\",\"breadcrumb\":{\"@id\":\"https:\/\/tourtravelandmore.com\/fr\/tours\/espagne-fr\/bilbao-fr\/toutes-les-visites-et-activites-privees-fr-6\/circuit-prive-biarritz-bayonne-et-saint-jean-de-luz-depuis-bilbao\/#breadcrumb\"},\"inLanguage\":\"fr-FR\",\"potentialAction\":[{\"@type\":\"ReadAction\",\"target\":[\"https:\/\/tourtravelandmore.com\/fr\/tours\/espagne-fr\/bilbao-fr\/toutes-les-visites-et-activites-privees-fr-6\/circuit-prive-biarritz-bayonne-et-saint-jean-de-luz-depuis-bilbao\/\"]}]},{\"@type\":\"ImageObject\",\"inLanguage\":\"fr-FR\",\"@id\":\"https:\/\/tourtravelandmore.com\/fr\/tours\/espagne-fr\/bilbao-fr\/toutes-les-visites-et-activites-privees-fr-6\/circuit-prive-biarritz-bayonne-et-saint-jean-de-luz-depuis-bilbao\/#primaryimage\",\"url\":\"https:\/\/tourtravelandmore.com\/wp-content\/uploads\/2024\/01\/image1-6.jpg\",\"contentUrl\":\"https:\/\/tourtravelandmore.com\/wp-content\/uploads\/2024\/01\/image1-6.jpg\",\"width\":1663,\"height\":1313},{\"@type\":\"BreadcrumbList\",\"@id\":\"https:\/\/tourtravelandmore.com\/fr\/tours\/espagne-fr\/bilbao-fr\/toutes-les-visites-et-activites-privees-fr-6\/circuit-prive-biarritz-bayonne-et-saint-jean-de-luz-depuis-bilbao\/#breadcrumb\",\"itemListElement\":[{\"@type\":\"ListItem\",\"position\":1,\"name\":\"Home\",\"item\":\"https:\/\/tourtravelandmore.com\/fr\/\"},{\"@type\":\"ListItem\",\"position\":2,\"name\":\"Tours\",\"item\":\"https:\/\/tourtravelandmore.com\/fr\/tours\/\"},{\"@type\":\"ListItem\",\"position\":3,\"name\":\"Visite priv\u00e9e de Biarritz, Bayonne et Saint-Jean-de-Luz au d\u00e9part de Bilbao\"}]},{\"@type\":\"WebSite\",\"@id\":\"https:\/\/tourtravelandmore.com\/fr\/#website\",\"url\":\"https:\/\/tourtravelandmore.com\/fr\/\",\"name\":\"Tour Travel And More\",\"description\":\"Private sightseeing tours and luxury transfers in Spain\",\"publisher\":{\"@id\":\"https:\/\/tourtravelandmore.com\/fr\/#organization\"},\"potentialAction\":[{\"@type\":\"SearchAction\",\"target\":{\"@type\":\"EntryPoint\",\"urlTemplate\":\"https:\/\/tourtravelandmore.com\/fr\/?s={search_term_string}\"},\"query-input\":{\"@type\":\"PropertyValueSpecification\",\"valueRequired\":true,\"valueName\":\"search_term_string\"}}],\"inLanguage\":\"fr-FR\"},{\"@type\":\"Organization\",\"@id\":\"https:\/\/tourtravelandmore.com\/fr\/#organization\",\"name\":\"Tour Travel And More\",\"url\":\"https:\/\/tourtravelandmore.com\/fr\/\",\"logo\":{\"@type\":\"ImageObject\",\"inLanguage\":\"fr-FR\",\"@id\":\"https:\/\/tourtravelandmore.com\/fr\/#\/schema\/logo\/image\/\",\"url\":\"https:\/\/tourtravelandmore.com\/wp-content\/uploads\/2022\/12\/cropped-logo-cabecera-new.png\",\"contentUrl\":\"https:\/\/tourtravelandmore.com\/wp-content\/uploads\/2022\/12\/cropped-logo-cabecera-new.png\",\"width\":430,\"height\":61,\"caption\":\"Tour Travel And More\"},\"image\":{\"@id\":\"https:\/\/tourtravelandmore.com\/fr\/#\/schema\/logo\/image\/\"},\"sameAs\":[\"https:\/\/www.facebook.com\/tourtravelandmore\/\",\"https:\/\/x.com\/TourTravel_More\"]}]}<\/script>\n<!-- \/ Yoast SEO Premium plugin. -->","yoast_head_json":{"title":"\u27a1\ufe0f Explorer Biarritz, Bayonne et Saint-Jean-de-Luz en une journ\u00e9e depuis Bilbao","description":"D\u00e9couvrez le charme de Biarritz, Bayonne et Saint-Jean-de-Luz lors de notre visite priv\u00e9e de 10 heures au d\u00e9part de Bilbao. La culture, l'histoire et la beaut\u00e9 vous attendent. \u2705","robots":{"index":"index","follow":"follow","max-snippet":"max-snippet:-1","max-image-preview":"max-image-preview:large","max-video-preview":"max-video-preview:-1"},"canonical":"https:\/\/tourtravelandmore.com\/fr\/tours\/espagne-fr\/bilbao-fr\/toutes-les-visites-et-activites-privees-fr-6\/circuit-prive-biarritz-bayonne-et-saint-jean-de-luz-depuis-bilbao\/","og_locale":"fr_FR","og_type":"article","og_title":"Visite priv\u00e9e de Biarritz, Bayonne et Saint-Jean-de-Luz au d\u00e9part de Bilbao","og_description":"D\u00e9couvrez le charme de Biarritz, Bayonne et Saint-Jean-de-Luz lors de notre visite priv\u00e9e de 10 heures au d\u00e9part de Bilbao. La culture, l'histoire et la beaut\u00e9 vous attendent. \u2705","og_url":"https:\/\/tourtravelandmore.com\/fr\/tours\/espagne-fr\/bilbao-fr\/toutes-les-visites-et-activites-privees-fr-6\/circuit-prive-biarritz-bayonne-et-saint-jean-de-luz-depuis-bilbao\/","og_site_name":"Tour Travel And More","article_publisher":"https:\/\/www.facebook.com\/tourtravelandmore\/","article_modified_time":"2026-02-02T14:34:25+00:00","og_image":[{"width":1663,"height":1313,"url":"https:\/\/tourtravelandmore.com\/wp-content\/uploads\/2024\/01\/image1-6.jpg","type":"image\/jpeg"}],"twitter_card":"summary_large_image","twitter_site":"@TourTravel_More","twitter_misc":{"Dur\u00e9e de lecture estim\u00e9e":"3 minutes"},"schema":{"@context":"https:\/\/schema.org","@graph":[{"@type":"WebPage","@id":"https:\/\/tourtravelandmore.com\/fr\/tours\/espagne-fr\/bilbao-fr\/toutes-les-visites-et-activites-privees-fr-6\/circuit-prive-biarritz-bayonne-et-saint-jean-de-luz-depuis-bilbao\/","url":"https:\/\/tourtravelandmore.com\/fr\/tours\/espagne-fr\/bilbao-fr\/toutes-les-visites-et-activites-privees-fr-6\/circuit-prive-biarritz-bayonne-et-saint-jean-de-luz-depuis-bilbao\/","name":"\u27a1\ufe0f Explorer Biarritz, Bayonne et Saint-Jean-de-Luz en une journ\u00e9e depuis Bilbao","isPartOf":{"@id":"https:\/\/tourtravelandmore.com\/fr\/#website"},"primaryImageOfPage":{"@id":"https:\/\/tourtravelandmore.com\/fr\/tours\/espagne-fr\/bilbao-fr\/toutes-les-visites-et-activites-privees-fr-6\/circuit-prive-biarritz-bayonne-et-saint-jean-de-luz-depuis-bilbao\/#primaryimage"},"image":{"@id":"https:\/\/tourtravelandmore.com\/fr\/tours\/espagne-fr\/bilbao-fr\/toutes-les-visites-et-activites-privees-fr-6\/circuit-prive-biarritz-bayonne-et-saint-jean-de-luz-depuis-bilbao\/#primaryimage"},"thumbnailUrl":"https:\/\/tourtravelandmore.com\/wp-content\/uploads\/2024\/01\/image1-6.jpg","datePublished":"2024-01-05T08:30:53+00:00","dateModified":"2026-02-02T14:34:25+00:00","description":"D\u00e9couvrez le charme de Biarritz, Bayonne et Saint-Jean-de-Luz lors de notre visite priv\u00e9e de 10 heures au d\u00e9part de Bilbao. La culture, l'histoire et la beaut\u00e9 vous attendent. \u2705","breadcrumb":{"@id":"https:\/\/tourtravelandmore.com\/fr\/tours\/espagne-fr\/bilbao-fr\/toutes-les-visites-et-activites-privees-fr-6\/circuit-prive-biarritz-bayonne-et-saint-jean-de-luz-depuis-bilbao\/#breadcrumb"},"inLanguage":"fr-FR","potentialAction":[{"@type":"ReadAction","target":["https:\/\/tourtravelandmore.com\/fr\/tours\/espagne-fr\/bilbao-fr\/toutes-les-visites-et-activites-privees-fr-6\/circuit-prive-biarritz-bayonne-et-saint-jean-de-luz-depuis-bilbao\/"]}]},{"@type":"ImageObject","inLanguage":"fr-FR","@id":"https:\/\/tourtravelandmore.com\/fr\/tours\/espagne-fr\/bilbao-fr\/toutes-les-visites-et-activites-privees-fr-6\/circuit-prive-biarritz-bayonne-et-saint-jean-de-luz-depuis-bilbao\/#primaryimage","url":"https:\/\/tourtravelandmore.com\/wp-content\/uploads\/2024\/01\/image1-6.jpg","contentUrl":"https:\/\/tourtravelandmore.com\/wp-content\/uploads\/2024\/01\/image1-6.jpg","width":1663,"height":1313},{"@type":"BreadcrumbList","@id":"https:\/\/tourtravelandmore.com\/fr\/tours\/espagne-fr\/bilbao-fr\/toutes-les-visites-et-activites-privees-fr-6\/circuit-prive-biarritz-bayonne-et-saint-jean-de-luz-depuis-bilbao\/#breadcrumb","itemListElement":[{"@type":"ListItem","position":1,"name":"Home","item":"https:\/\/tourtravelandmore.com\/fr\/"},{"@type":"ListItem","position":2,"name":"Tours","item":"https:\/\/tourtravelandmore.com\/fr\/tours\/"},{"@type":"ListItem","position":3,"name":"Visite priv\u00e9e de Biarritz, Bayonne et Saint-Jean-de-Luz au d\u00e9part de Bilbao"}]},{"@type":"WebSite","@id":"https:\/\/tourtravelandmore.com\/fr\/#website","url":"https:\/\/tourtravelandmore.com\/fr\/","name":"Tour Travel And More","description":"Private sightseeing tours and luxury transfers in Spain","publisher":{"@id":"https:\/\/tourtravelandmore.com\/fr\/#organization"},"potentialAction":[{"@type":"SearchAction","target":{"@type":"EntryPoint","urlTemplate":"https:\/\/tourtravelandmore.com\/fr\/?s={search_term_string}"},"query-input":{"@type":"PropertyValueSpecification","valueRequired":true,"valueName":"search_term_string"}}],"inLanguage":"fr-FR"},{"@type":"Organization","@id":"https:\/\/tourtravelandmore.com\/fr\/#organization","name":"Tour Travel And More","url":"https:\/\/tourtravelandmore.com\/fr\/","logo":{"@type":"ImageObject","inLanguage":"fr-FR","@id":"https:\/\/tourtravelandmore.com\/fr\/#\/schema\/logo\/image\/","url":"https:\/\/tourtravelandmore.com\/wp-content\/uploads\/2022\/12\/cropped-logo-cabecera-new.png","contentUrl":"https:\/\/tourtravelandmore.com\/wp-content\/uploads\/2022\/12\/cropped-logo-cabecera-new.png","width":430,"height":61,"caption":"Tour Travel And More"},"image":{"@id":"https:\/\/tourtravelandmore.com\/fr\/#\/schema\/logo\/image\/"},"sameAs":["https:\/\/www.facebook.com\/tourtravelandmore\/","https:\/\/x.com\/TourTravel_More"]}]}},"_links":{"self":[{"href":"https:\/\/tourtravelandmore.com\/fr\/wp-json\/wp\/v2\/product\/171934","targetHints":{"allow":["GET"]}}],"collection":[{"href":"https:\/\/tourtravelandmore.com\/fr\/wp-json\/wp\/v2\/product"}],"about":[{"href":"https:\/\/tourtravelandmore.com\/fr\/wp-json\/wp\/v2\/types\/product"}],"replies":[{"embeddable":true,"href":"https:\/\/tourtravelandmore.com\/fr\/wp-json\/wp\/v2\/comments?post=171934"}],"wp:featuredmedia":[{"embeddable":true,"href":"https:\/\/tourtravelandmore.com\/fr\/wp-json\/wp\/v2\/media\/171944"}],"wp:attachment":[{"href":"https:\/\/tourtravelandmore.com\/fr\/wp-json\/wp\/v2\/media?parent=171934"}],"wp:term":[{"taxonomy":"product_brand","embeddable":true,"href":"https:\/\/tourtravelandmore.com\/fr\/wp-json\/wp\/v2\/product_brand?post=171934"},{"taxonomy":"product_cat","embeddable":true,"href":"https:\/\/tourtravelandmore.com\/fr\/wp-json\/wp\/v2\/product_cat?post=171934"},{"taxonomy":"product_tag","embeddable":true,"href":"https:\/\/tourtravelandmore.com\/fr\/wp-json\/wp\/v2\/product_tag?post=171934"}],"curies":[{"name":"wp","href":"https:\/\/api.w.org\/{rel}","templated":true}]}}