{"id":171907,"date":"2024-01-04T15:43:28","date_gmt":"2024-01-04T14:43:36","guid":{"rendered":"https:\/\/tourtravelandmore.com\/?post_type=product&#038;p=171907"},"modified":"2024-09-27T18:27:19","modified_gmt":"2024-09-27T16:27:19","slug":"visite-privee-de-saint-sebastien-getaria-degustation-de-txakoli-dans-une-cave-depuis-bilbao","status":"publish","type":"product","link":"https:\/\/tourtravelandmore.com\/fr\/tours\/espagne-fr\/bilbao-fr\/toutes-les-visites-et-activites-privees-fr-6\/visite-privee-de-saint-sebastien-getaria-degustation-de-txakoli-dans-une-cave-depuis-bilbao\/","title":{"rendered":"Visite priv\u00e9e de Saint-S\u00e9bastien + Getaria + d\u00e9gustation de Txakoli dans une cave depuis Bilbao"},"content":{"rendered":"<h2><b>Circuit priv\u00e9 Saint-S\u00e9bastien + Getaria + D\u00e9gustation de Txakoli dans une cave depuis Bilbao Description :<\/b><\/h2>\n<p><span style=\"font-weight: 400;\">Embarquez pour un luxueux voyage de 10 heures qui combine les splendeurs de Saint-S\u00e9bastien et de Getaria avec l&#8217;exp\u00e9rience unique de la d\u00e9gustation de vin de Txakoli. L&#8217;excursion commence par un trajet pittoresque depuis Bilbao jusqu&#8217;\u00e0 la ville pittoresque de Saint-S\u00e9bastien. Connue pour ses plages \u00e0 couper le souffle et sa sc\u00e8ne culinaire dynamique, Saint-S\u00e9bastien est un v\u00e9ritable festin pour les sens. Ensuite, vous explorerez le village de p\u00eacheurs historique de Getaria, c\u00e9l\u00e8bre pour ses fruits de mer exquis et le lieu de naissance de l&#8217;ic\u00f4ne de la mode Crist\u00f3bal Balenciaga. Le point culminant de cette excursion est la visite d&#8217;une cave traditionnelle de Txakoli, o\u00f9 vous pourrez d\u00e9guster ce vin local exquis, connu pour sa saveur vive et rafra\u00eechissante.<\/span><\/p>\n<p><span style=\"font-weight: 400;\">En traversant Saint-S\u00e9bastien, vous vous impr\u00e9gnerez de ses c\u00e9l\u00e8bres merveilles architecturales, notamment l&#8217;impressionnant centre de congr\u00e8s et auditorium Kursaal, un symbole moderniste qui contraste avec les structures plus anciennes de la ville. Le trajet le long de la route c\u00f4ti\u00e8re jusqu&#8217;\u00e0 Getaria est lui-m\u00eame un r\u00e9gal visuel, offrant des vues panoramiques sur le littoral basque. \u00c0 Getaria, les rues pittoresques et le port racontent des histoires d&#8217;anciennes traditions maritimes, tandis que la visite de la cave de Txakoli offre une exp\u00e9rience pratique du monde de la vinification basque, m\u00ealant tradition et techniques modernes. Ce circuit est un m\u00e9lange exquis de richesse culturelle, de profondeur historique et de plaisir sensoriel&#8230;<\/span><\/p>\n<p><span style=\"font-weight: 400;\">En poursuivant le voyage, vous d\u00e9couvrirez la beaut\u00e9 tranquille de la plage d&#8217;Ondarreta \u00e0 Saint-S\u00e9bastien, un pendant plus calme de La Concha, parfait pour ceux qui recherchent une exp\u00e9rience plus sereine de la plage. L&#8217;itin\u00e9raire vous emm\u00e8ne ensuite \u00e0 travers les paysages verdoyants des environs de Getaria, offrant un aper\u00e7u de la vie traditionnelle du Pays basque. Cette partie du circuit ne met pas seulement en valeur la beaut\u00e9 naturelle et l&#8217;importance culturelle de la r\u00e9gion basque, mais offre \u00e9galement une retraite paisible loin de l&#8217;agitation de la ville, ce qui en fait une partie int\u00e9grante de l&#8217;exp\u00e9rience.<\/span><\/p>\n<h2><b>Visite priv\u00e9e de Saint-S\u00e9bastien + Getaria + d\u00e9gustation de Txakoli dans un \u00e9tablissement vinicole depuis Bilbao Points forts :<\/b><\/h2>\n<ul>\n<li style=\"font-weight: 400;\" aria-level=\"1\"><b>Plage de La Concha \u00e0 Saint-S\u00e9bastien <\/b><span style=\"font-weight: 400;\">: Une \u00e9tonnante plage urbaine connue pour sa magnifique baie et sa promenade, id\u00e9ale pour la d\u00e9tente et les promenades pittoresques.<\/span><\/li>\n<li style=\"font-weight: 400;\" aria-level=\"1\"><b>Vieille ville de Saint-S\u00e9bastien :<\/b><span style=\"font-weight: 400;\"> Un quartier vivant qui regorge de monuments historiques, de bars \u00e0 pintxos traditionnels et d&#8217;une atmosph\u00e8re anim\u00e9e.<\/span><\/li>\n<li style=\"font-weight: 400;\" aria-level=\"1\"><b>Centre historique de Getaria :<\/b><span style=\"font-weight: 400;\"> Explorez les rues charmantes de Getaria, avec sa riche histoire maritime et son architecture m\u00e9di\u00e9vale bien pr\u00e9serv\u00e9e.<\/span><\/li>\n<li style=\"font-weight: 400;\" aria-level=\"1\"><b>Mus\u00e9e Balenciaga \u00e0 Getaria : <\/b><span style=\"font-weight: 400;\">D\u00e9di\u00e9 au l\u00e9gendaire cr\u00e9ateur de mode Crist\u00f3bal Balenciaga, ce mus\u00e9e pr\u00e9sente son incroyable travail et son impact sur le monde de la mode.<\/span><\/li>\n<li style=\"font-weight: 400;\" aria-level=\"1\"><b>L&#8217;exp\u00e9rience du vignoble de Txakoli <\/b><span style=\"font-weight: 400;\">: D\u00e9couvrez les m\u00e9thodes traditionnelles de production du vin Txakoli et profitez d&#8217;une d\u00e9gustation guid\u00e9e pour d\u00e9couvrir les saveurs uniques de ce vin basque local.<\/span><\/li>\n<li style=\"font-weight: 400;\" aria-level=\"1\"><b>Mont Urgull \u00e0 Saint-S\u00e9bastien : <\/b><span style=\"font-weight: 400;\">Cette colline historique offre une vue panoramique de la ville et de sa baie, avec une forteresse et une statue du Christ au sommet, symbole de l&#8217;histoire et de l&#8217;identit\u00e9 culturelle de la ville.<\/span><\/li>\n<li style=\"font-weight: 400;\" aria-level=\"1\"><b>Mus\u00e9e San Telmo \u00e0 Saint-S\u00e9bastien <\/b><span style=\"font-weight: 400;\">: Incontournable pour les amateurs d&#8217;histoire et d&#8217;art, ce mus\u00e9e donne un aper\u00e7u de la soci\u00e9t\u00e9 et de la culture basques gr\u00e2ce \u00e0 ses vastes collections et expositions.<\/span><\/li>\n<li style=\"font-weight: 400;\" aria-level=\"1\"><b>Quai des p\u00eacheurs de Getaria :<\/b><span style=\"font-weight: 400;\"> D\u00e9couvrez la vie quotidienne des p\u00eacheurs locaux et d\u00e9gustez des fruits de mer frais sur ce quai anim\u00e9 et pittoresque, qui t\u00e9moigne de l&#8217;h\u00e9ritage maritime du village.<\/span><\/li>\n<li style=\"font-weight: 400;\" aria-level=\"1\"><b>Gaztandegi Txakolina \u00e0 Getaria <\/b><span style=\"font-weight: 400;\">: au-del\u00e0 de la d\u00e9gustation du Txakoli, explorez les vignobles et d\u00e9couvrez le processus de culture du raisin, pour une exp\u00e9rience compl\u00e8te de la vigne au vin.<\/span><\/li>\n<\/ul>\n<p><span style=\"font-weight: 400;\">Pour ceux qui recherchent des exp\u00e9riences plus exquises au Pays basque, Tour Travel and More propose un large \u00e9ventail de visites priv\u00e9es \u00e0 Bilbao. Des excursions culturelles aux aventures culinaires, nos visites personnalis\u00e9es sont con\u00e7ues pour r\u00e9pondre \u00e0 vos int\u00e9r\u00eats et vous garantir une exp\u00e9rience inoubliable. <\/span><a href=\"https:\/\/tourtravelandmore.com\/fr\/city\/espagne-fr\/bilbao-fr\/\"><span style=\"font-weight: 400;\">D\u00e9couvrez la ville vibrante de Bilbao et ses environs avec nos guides experts. <\/span><\/a><span style=\"font-weight: 400;\">Visitez Tour Travel and More pour explorer notre s\u00e9lection de circuits \u00e0 Bilbao et commencer \u00e0 planifier votre prochaine aventure.<\/span><\/p>\n<p>&#8220;Il est important d&#8217;informer nos clients que les tours incluant des visites de vignobles et d\u00e9gustation de vins dans diverses caves peuvent \u00eatre partag\u00e9s avec d&#8217;autres groupes. Cela d\u00e9pend de la saison et du jour sp\u00e9cifique. Bien que nous cherchions \u00e0 offrir une exp\u00e9rience enrichissante, ces tours ne sont pas priv\u00e9s.&#8221;<\/p>\n","protected":false},"excerpt":{"rendered":"<p><span style=\"font-weight: 400;\">D\u00e9couvrez le meilleur de la culture basque lors de cette excursion priv\u00e9e au d\u00e9part de Bilbao, en explorant Saint-S\u00e9bastien et Getaria, et en terminant par une d\u00e9gustation de vin de Txakoli. Profitez des paysages \u00e9poustouflants, de la riche histoire et des d\u00e9lices culinaires uniques de ces r\u00e9gions.<\/span><\/p>\n","protected":false},"featured_media":171926,"comment_status":"open","ping_status":"closed","template":"","meta":{"_acf_changed":false},"product_brand":[],"product_cat":[4739,4737,4740,3574],"product_tag":[],"class_list":{"0":"post-171907","1":"product","2":"type-product","3":"status-publish","4":"has-post-thumbnail","6":"product_cat-excursions-a-terre-privees-fr","7":"product_cat-toutes-les-visites-et-activites-privees-fr-6","8":"product_cat-visites-guidees-privees-fr-8","9":"product_cat-bilbao-fr","11":"first","12":"instock","13":"shipping-taxable","14":"purchasable","15":"product-type-simple"},"acf":[],"yoast_head":"<!-- This site is optimized with the Yoast SEO Premium plugin v25.3.1 (Yoast SEO v25.3.1) - https:\/\/yoast.com\/wordpress\/plugins\/seo\/ -->\n<title>\u27a1\ufe0f Visite exclusive de Saint-S\u00e9bastien, Getaria et du vin de Txakoli depuis Bilbao<\/title>\n<meta name=\"description\" content=\"D\u00e9couvrez le charme de Saint-S\u00e9bastien, le patrimoine de Getaria et go\u00fbtez au vin de Txakoli lors d&#039;une visite priv\u00e9e de 10 heures. Luxe et culture combin\u00e9s. \u2705\" \/>\n<meta name=\"robots\" content=\"index, follow, max-snippet:-1, max-image-preview:large, max-video-preview:-1\" \/>\n<link rel=\"canonical\" href=\"https:\/\/tourtravelandmore.com\/fr\/tours\/espagne-fr\/bilbao-fr\/toutes-les-visites-et-activites-privees-fr-6\/visite-privee-de-saint-sebastien-getaria-degustation-de-txakoli-dans-une-cave-depuis-bilbao\/\" \/>\n<meta property=\"og:locale\" content=\"fr_FR\" \/>\n<meta property=\"og:type\" content=\"article\" \/>\n<meta property=\"og:title\" content=\"Visite priv\u00e9e de Saint-S\u00e9bastien + Getaria + d\u00e9gustation de Txakoli dans une cave depuis Bilbao\" \/>\n<meta property=\"og:description\" content=\"D\u00e9couvrez le charme de Saint-S\u00e9bastien, le patrimoine de Getaria et go\u00fbtez au vin de Txakoli lors d&#039;une visite priv\u00e9e de 10 heures. Luxe et culture combin\u00e9s. \u2705\" \/>\n<meta property=\"og:url\" content=\"https:\/\/tourtravelandmore.com\/fr\/tours\/espagne-fr\/bilbao-fr\/toutes-les-visites-et-activites-privees-fr-6\/visite-privee-de-saint-sebastien-getaria-degustation-de-txakoli-dans-une-cave-depuis-bilbao\/\" \/>\n<meta property=\"og:site_name\" content=\"Tour Travel And More\" \/>\n<meta property=\"article:publisher\" content=\"https:\/\/www.facebook.com\/tourtravelandmore\/\" \/>\n<meta property=\"article:modified_time\" content=\"2024-09-27T16:27:19+00:00\" \/>\n<meta property=\"og:image\" content=\"https:\/\/tourtravelandmore.com\/wp-content\/uploads\/2024\/01\/image4-5.jpg\" \/>\n\t<meta property=\"og:image:width\" content=\"950\" \/>\n\t<meta property=\"og:image:height\" content=\"750\" \/>\n\t<meta property=\"og:image:type\" content=\"image\/jpeg\" \/>\n<meta name=\"twitter:card\" content=\"summary_large_image\" \/>\n<meta name=\"twitter:site\" content=\"@TourTravel_More\" \/>\n<meta name=\"twitter:label1\" content=\"Dur\u00e9e de lecture estim\u00e9e\" \/>\n\t<meta name=\"twitter:data1\" content=\"4 minutes\" \/>\n<script type=\"application\/ld+json\" class=\"yoast-schema-graph\">{\"@context\":\"https:\/\/schema.org\",\"@graph\":[{\"@type\":\"WebPage\",\"@id\":\"https:\/\/tourtravelandmore.com\/fr\/tours\/espagne-fr\/bilbao-fr\/toutes-les-visites-et-activites-privees-fr-6\/visite-privee-de-saint-sebastien-getaria-degustation-de-txakoli-dans-une-cave-depuis-bilbao\/\",\"url\":\"https:\/\/tourtravelandmore.com\/fr\/tours\/espagne-fr\/bilbao-fr\/toutes-les-visites-et-activites-privees-fr-6\/visite-privee-de-saint-sebastien-getaria-degustation-de-txakoli-dans-une-cave-depuis-bilbao\/\",\"name\":\"\u27a1\ufe0f Visite exclusive de Saint-S\u00e9bastien, Getaria et du vin de Txakoli depuis Bilbao\",\"isPartOf\":{\"@id\":\"https:\/\/tourtravelandmore.com\/fr\/#website\"},\"primaryImageOfPage\":{\"@id\":\"https:\/\/tourtravelandmore.com\/fr\/tours\/espagne-fr\/bilbao-fr\/toutes-les-visites-et-activites-privees-fr-6\/visite-privee-de-saint-sebastien-getaria-degustation-de-txakoli-dans-une-cave-depuis-bilbao\/#primaryimage\"},\"image\":{\"@id\":\"https:\/\/tourtravelandmore.com\/fr\/tours\/espagne-fr\/bilbao-fr\/toutes-les-visites-et-activites-privees-fr-6\/visite-privee-de-saint-sebastien-getaria-degustation-de-txakoli-dans-une-cave-depuis-bilbao\/#primaryimage\"},\"thumbnailUrl\":\"https:\/\/tourtravelandmore.com\/wp-content\/uploads\/2024\/01\/image4-5.jpg\",\"datePublished\":\"2024-01-04T14:43:36+00:00\",\"dateModified\":\"2024-09-27T16:27:19+00:00\",\"description\":\"D\u00e9couvrez le charme de Saint-S\u00e9bastien, le patrimoine de Getaria et go\u00fbtez au vin de Txakoli lors d'une visite priv\u00e9e de 10 heures. Luxe et culture combin\u00e9s. \u2705\",\"breadcrumb\":{\"@id\":\"https:\/\/tourtravelandmore.com\/fr\/tours\/espagne-fr\/bilbao-fr\/toutes-les-visites-et-activites-privees-fr-6\/visite-privee-de-saint-sebastien-getaria-degustation-de-txakoli-dans-une-cave-depuis-bilbao\/#breadcrumb\"},\"inLanguage\":\"fr-FR\",\"potentialAction\":[{\"@type\":\"ReadAction\",\"target\":[\"https:\/\/tourtravelandmore.com\/fr\/tours\/espagne-fr\/bilbao-fr\/toutes-les-visites-et-activites-privees-fr-6\/visite-privee-de-saint-sebastien-getaria-degustation-de-txakoli-dans-une-cave-depuis-bilbao\/\"]}]},{\"@type\":\"ImageObject\",\"inLanguage\":\"fr-FR\",\"@id\":\"https:\/\/tourtravelandmore.com\/fr\/tours\/espagne-fr\/bilbao-fr\/toutes-les-visites-et-activites-privees-fr-6\/visite-privee-de-saint-sebastien-getaria-degustation-de-txakoli-dans-une-cave-depuis-bilbao\/#primaryimage\",\"url\":\"https:\/\/tourtravelandmore.com\/wp-content\/uploads\/2024\/01\/image4-5.jpg\",\"contentUrl\":\"https:\/\/tourtravelandmore.com\/wp-content\/uploads\/2024\/01\/image4-5.jpg\",\"width\":950,\"height\":750},{\"@type\":\"BreadcrumbList\",\"@id\":\"https:\/\/tourtravelandmore.com\/fr\/tours\/espagne-fr\/bilbao-fr\/toutes-les-visites-et-activites-privees-fr-6\/visite-privee-de-saint-sebastien-getaria-degustation-de-txakoli-dans-une-cave-depuis-bilbao\/#breadcrumb\",\"itemListElement\":[{\"@type\":\"ListItem\",\"position\":1,\"name\":\"Home\",\"item\":\"https:\/\/tourtravelandmore.com\/fr\/\"},{\"@type\":\"ListItem\",\"position\":2,\"name\":\"Tours\",\"item\":\"https:\/\/tourtravelandmore.com\/fr\/tours\/\"},{\"@type\":\"ListItem\",\"position\":3,\"name\":\"Visite priv\u00e9e de Saint-S\u00e9bastien + Getaria + d\u00e9gustation de Txakoli dans une cave depuis Bilbao\"}]},{\"@type\":\"WebSite\",\"@id\":\"https:\/\/tourtravelandmore.com\/fr\/#website\",\"url\":\"https:\/\/tourtravelandmore.com\/fr\/\",\"name\":\"Tour Travel And More\",\"description\":\"Private sightseeing tours and luxury transfers in Spain\",\"publisher\":{\"@id\":\"https:\/\/tourtravelandmore.com\/fr\/#organization\"},\"potentialAction\":[{\"@type\":\"SearchAction\",\"target\":{\"@type\":\"EntryPoint\",\"urlTemplate\":\"https:\/\/tourtravelandmore.com\/fr\/?s={search_term_string}\"},\"query-input\":{\"@type\":\"PropertyValueSpecification\",\"valueRequired\":true,\"valueName\":\"search_term_string\"}}],\"inLanguage\":\"fr-FR\"},{\"@type\":\"Organization\",\"@id\":\"https:\/\/tourtravelandmore.com\/fr\/#organization\",\"name\":\"Tour Travel And More\",\"url\":\"https:\/\/tourtravelandmore.com\/fr\/\",\"logo\":{\"@type\":\"ImageObject\",\"inLanguage\":\"fr-FR\",\"@id\":\"https:\/\/tourtravelandmore.com\/fr\/#\/schema\/logo\/image\/\",\"url\":\"https:\/\/tourtravelandmore.com\/wp-content\/uploads\/2022\/12\/cropped-logo-cabecera-new.png\",\"contentUrl\":\"https:\/\/tourtravelandmore.com\/wp-content\/uploads\/2022\/12\/cropped-logo-cabecera-new.png\",\"width\":430,\"height\":61,\"caption\":\"Tour Travel And More\"},\"image\":{\"@id\":\"https:\/\/tourtravelandmore.com\/fr\/#\/schema\/logo\/image\/\"},\"sameAs\":[\"https:\/\/www.facebook.com\/tourtravelandmore\/\",\"https:\/\/x.com\/TourTravel_More\"]}]}<\/script>\n<!-- \/ Yoast SEO Premium plugin. -->","yoast_head_json":{"title":"\u27a1\ufe0f Visite exclusive de Saint-S\u00e9bastien, Getaria et du vin de Txakoli depuis Bilbao","description":"D\u00e9couvrez le charme de Saint-S\u00e9bastien, le patrimoine de Getaria et go\u00fbtez au vin de Txakoli lors d'une visite priv\u00e9e de 10 heures. Luxe et culture combin\u00e9s. \u2705","robots":{"index":"index","follow":"follow","max-snippet":"max-snippet:-1","max-image-preview":"max-image-preview:large","max-video-preview":"max-video-preview:-1"},"canonical":"https:\/\/tourtravelandmore.com\/fr\/tours\/espagne-fr\/bilbao-fr\/toutes-les-visites-et-activites-privees-fr-6\/visite-privee-de-saint-sebastien-getaria-degustation-de-txakoli-dans-une-cave-depuis-bilbao\/","og_locale":"fr_FR","og_type":"article","og_title":"Visite priv\u00e9e de Saint-S\u00e9bastien + Getaria + d\u00e9gustation de Txakoli dans une cave depuis Bilbao","og_description":"D\u00e9couvrez le charme de Saint-S\u00e9bastien, le patrimoine de Getaria et go\u00fbtez au vin de Txakoli lors d'une visite priv\u00e9e de 10 heures. Luxe et culture combin\u00e9s. \u2705","og_url":"https:\/\/tourtravelandmore.com\/fr\/tours\/espagne-fr\/bilbao-fr\/toutes-les-visites-et-activites-privees-fr-6\/visite-privee-de-saint-sebastien-getaria-degustation-de-txakoli-dans-une-cave-depuis-bilbao\/","og_site_name":"Tour Travel And More","article_publisher":"https:\/\/www.facebook.com\/tourtravelandmore\/","article_modified_time":"2024-09-27T16:27:19+00:00","og_image":[{"width":950,"height":750,"url":"https:\/\/tourtravelandmore.com\/wp-content\/uploads\/2024\/01\/image4-5.jpg","type":"image\/jpeg"}],"twitter_card":"summary_large_image","twitter_site":"@TourTravel_More","twitter_misc":{"Dur\u00e9e de lecture estim\u00e9e":"4 minutes"},"schema":{"@context":"https:\/\/schema.org","@graph":[{"@type":"WebPage","@id":"https:\/\/tourtravelandmore.com\/fr\/tours\/espagne-fr\/bilbao-fr\/toutes-les-visites-et-activites-privees-fr-6\/visite-privee-de-saint-sebastien-getaria-degustation-de-txakoli-dans-une-cave-depuis-bilbao\/","url":"https:\/\/tourtravelandmore.com\/fr\/tours\/espagne-fr\/bilbao-fr\/toutes-les-visites-et-activites-privees-fr-6\/visite-privee-de-saint-sebastien-getaria-degustation-de-txakoli-dans-une-cave-depuis-bilbao\/","name":"\u27a1\ufe0f Visite exclusive de Saint-S\u00e9bastien, Getaria et du vin de Txakoli depuis Bilbao","isPartOf":{"@id":"https:\/\/tourtravelandmore.com\/fr\/#website"},"primaryImageOfPage":{"@id":"https:\/\/tourtravelandmore.com\/fr\/tours\/espagne-fr\/bilbao-fr\/toutes-les-visites-et-activites-privees-fr-6\/visite-privee-de-saint-sebastien-getaria-degustation-de-txakoli-dans-une-cave-depuis-bilbao\/#primaryimage"},"image":{"@id":"https:\/\/tourtravelandmore.com\/fr\/tours\/espagne-fr\/bilbao-fr\/toutes-les-visites-et-activites-privees-fr-6\/visite-privee-de-saint-sebastien-getaria-degustation-de-txakoli-dans-une-cave-depuis-bilbao\/#primaryimage"},"thumbnailUrl":"https:\/\/tourtravelandmore.com\/wp-content\/uploads\/2024\/01\/image4-5.jpg","datePublished":"2024-01-04T14:43:36+00:00","dateModified":"2024-09-27T16:27:19+00:00","description":"D\u00e9couvrez le charme de Saint-S\u00e9bastien, le patrimoine de Getaria et go\u00fbtez au vin de Txakoli lors d'une visite priv\u00e9e de 10 heures. Luxe et culture combin\u00e9s. \u2705","breadcrumb":{"@id":"https:\/\/tourtravelandmore.com\/fr\/tours\/espagne-fr\/bilbao-fr\/toutes-les-visites-et-activites-privees-fr-6\/visite-privee-de-saint-sebastien-getaria-degustation-de-txakoli-dans-une-cave-depuis-bilbao\/#breadcrumb"},"inLanguage":"fr-FR","potentialAction":[{"@type":"ReadAction","target":["https:\/\/tourtravelandmore.com\/fr\/tours\/espagne-fr\/bilbao-fr\/toutes-les-visites-et-activites-privees-fr-6\/visite-privee-de-saint-sebastien-getaria-degustation-de-txakoli-dans-une-cave-depuis-bilbao\/"]}]},{"@type":"ImageObject","inLanguage":"fr-FR","@id":"https:\/\/tourtravelandmore.com\/fr\/tours\/espagne-fr\/bilbao-fr\/toutes-les-visites-et-activites-privees-fr-6\/visite-privee-de-saint-sebastien-getaria-degustation-de-txakoli-dans-une-cave-depuis-bilbao\/#primaryimage","url":"https:\/\/tourtravelandmore.com\/wp-content\/uploads\/2024\/01\/image4-5.jpg","contentUrl":"https:\/\/tourtravelandmore.com\/wp-content\/uploads\/2024\/01\/image4-5.jpg","width":950,"height":750},{"@type":"BreadcrumbList","@id":"https:\/\/tourtravelandmore.com\/fr\/tours\/espagne-fr\/bilbao-fr\/toutes-les-visites-et-activites-privees-fr-6\/visite-privee-de-saint-sebastien-getaria-degustation-de-txakoli-dans-une-cave-depuis-bilbao\/#breadcrumb","itemListElement":[{"@type":"ListItem","position":1,"name":"Home","item":"https:\/\/tourtravelandmore.com\/fr\/"},{"@type":"ListItem","position":2,"name":"Tours","item":"https:\/\/tourtravelandmore.com\/fr\/tours\/"},{"@type":"ListItem","position":3,"name":"Visite priv\u00e9e de Saint-S\u00e9bastien + Getaria + d\u00e9gustation de Txakoli dans une cave depuis Bilbao"}]},{"@type":"WebSite","@id":"https:\/\/tourtravelandmore.com\/fr\/#website","url":"https:\/\/tourtravelandmore.com\/fr\/","name":"Tour Travel And More","description":"Private sightseeing tours and luxury transfers in Spain","publisher":{"@id":"https:\/\/tourtravelandmore.com\/fr\/#organization"},"potentialAction":[{"@type":"SearchAction","target":{"@type":"EntryPoint","urlTemplate":"https:\/\/tourtravelandmore.com\/fr\/?s={search_term_string}"},"query-input":{"@type":"PropertyValueSpecification","valueRequired":true,"valueName":"search_term_string"}}],"inLanguage":"fr-FR"},{"@type":"Organization","@id":"https:\/\/tourtravelandmore.com\/fr\/#organization","name":"Tour Travel And More","url":"https:\/\/tourtravelandmore.com\/fr\/","logo":{"@type":"ImageObject","inLanguage":"fr-FR","@id":"https:\/\/tourtravelandmore.com\/fr\/#\/schema\/logo\/image\/","url":"https:\/\/tourtravelandmore.com\/wp-content\/uploads\/2022\/12\/cropped-logo-cabecera-new.png","contentUrl":"https:\/\/tourtravelandmore.com\/wp-content\/uploads\/2022\/12\/cropped-logo-cabecera-new.png","width":430,"height":61,"caption":"Tour Travel And More"},"image":{"@id":"https:\/\/tourtravelandmore.com\/fr\/#\/schema\/logo\/image\/"},"sameAs":["https:\/\/www.facebook.com\/tourtravelandmore\/","https:\/\/x.com\/TourTravel_More"]}]}},"_links":{"self":[{"href":"https:\/\/tourtravelandmore.com\/fr\/wp-json\/wp\/v2\/product\/171907","targetHints":{"allow":["GET"]}}],"collection":[{"href":"https:\/\/tourtravelandmore.com\/fr\/wp-json\/wp\/v2\/product"}],"about":[{"href":"https:\/\/tourtravelandmore.com\/fr\/wp-json\/wp\/v2\/types\/product"}],"replies":[{"embeddable":true,"href":"https:\/\/tourtravelandmore.com\/fr\/wp-json\/wp\/v2\/comments?post=171907"}],"wp:featuredmedia":[{"embeddable":true,"href":"https:\/\/tourtravelandmore.com\/fr\/wp-json\/wp\/v2\/media\/171926"}],"wp:attachment":[{"href":"https:\/\/tourtravelandmore.com\/fr\/wp-json\/wp\/v2\/media?parent=171907"}],"wp:term":[{"taxonomy":"product_brand","embeddable":true,"href":"https:\/\/tourtravelandmore.com\/fr\/wp-json\/wp\/v2\/product_brand?post=171907"},{"taxonomy":"product_cat","embeddable":true,"href":"https:\/\/tourtravelandmore.com\/fr\/wp-json\/wp\/v2\/product_cat?post=171907"},{"taxonomy":"product_tag","embeddable":true,"href":"https:\/\/tourtravelandmore.com\/fr\/wp-json\/wp\/v2\/product_tag?post=171907"}],"curies":[{"name":"wp","href":"https:\/\/api.w.org\/{rel}","templated":true}]}}