{"id":171880,"date":"2024-01-03T16:59:23","date_gmt":"2024-01-03T15:59:31","guid":{"rendered":"https:\/\/tourtravelandmore.com\/?post_type=product&#038;p=171880"},"modified":"2024-02-01T20:15:49","modified_gmt":"2024-02-01T19:15:49","slug":"visite-privee-de-sebastien-zumaia-et-le-sanctuaire-de-loyola-depuis-bilbao","status":"publish","type":"product","link":"https:\/\/tourtravelandmore.com\/fr\/tours\/espagne-fr\/bilbao-fr\/toutes-les-visites-et-activites-privees-fr-6\/visite-privee-de-sebastien-zumaia-et-le-sanctuaire-de-loyola-depuis-bilbao\/","title":{"rendered":"Visite priv\u00e9e de S\u00e9bastien, Zumaia et le Sanctuaire de Loyola depuis Bilbao"},"content":{"rendered":"<h2><strong>Visite priv\u00e9e de Saint-S\u00e9bastien, Zumaia et le Sanctuaire de Loyola depuis Bilbao Description :<\/strong><\/h2>\n<p><span style=\"font-weight: 400;\">Cette visite priv\u00e9e de 10 heures offre une exploration compl\u00e8te de Saint-S\u00e9bastien, Zumaia et le Sanctuaire de Loyola, au d\u00e9part de Bilbao. Le voyage commence par un luxueux trajet en voiture, qui ouvre la voie \u00e0 une journ\u00e9e de d\u00e9couverte. \u00c0 Saint-S\u00e9bastien, plongez dans la beaut\u00e9 architecturale et la sc\u00e8ne culinaire de la ville. Admirez les falaises de flysch de Zumaia, un chef-d&#8217;\u0153uvre g\u00e9ologique form\u00e9 au cours de millions d&#8217;ann\u00e9es. La visite se termine au Sanctuaire de Loyola, un havre spirituel et une merveille architecturale refl\u00e9tant l&#8217;h\u00e9ritage des J\u00e9suites. Cette exp\u00e9rience n&#8217;est pas une simple visite, c&#8217;est une plong\u00e9e au c\u0153ur de la culture, de l&#8217;histoire et de la splendeur naturelle du Pays basque.<\/span><\/p>\n<p><span style=\"font-weight: 400;\">Cette visite priv\u00e9e d\u00e9taill\u00e9e vous permettra de d\u00e9couvrir le meilleur de l&#8217;h\u00e9ritage culturel basque et de la beaut\u00e9 naturelle. Saint-S\u00e9bastien s\u00e9duit par ses plages \u00e9l\u00e9gantes et sa sc\u00e8ne culturelle dynamique, notamment la plage embl\u00e9matique de La Concha et la vieille ville historique, haut lieu des traditions et de la gastronomie basques. Les falaises de flysch de Zumaia sont une merveille naturelle, mettant en sc\u00e8ne l&#8217;histoire g\u00e9ologique de la Terre dans un spectacle \u00e9poustouflant. Le circuit se termine par le Sanctuaire de Loyola, un chef-d&#8217;\u0153uvre architectural qui offre un voyage dans les domaines spirituel et historique. Cette visite promet non seulement de montrer la beaut\u00e9 de ces lieux, mais aussi de fournir une compr\u00e9hension plus profonde de l&#8217;identit\u00e9 et de l&#8217;histoire uniques de la r\u00e9gion basque.<\/span><\/p>\n<p><span style=\"font-weight: 400;\">L&#8217;excursion plonge ensuite dans l&#8217;essence de Saint-S\u00e9bastien avec la visite de l&#8217;enchanteur palais de Miramar, symbole du pass\u00e9 royal de la ville et de son lien avec la monarchie espagnole. \u00c0 Zumaia, outre les \u00e9tonnantes falaises de flysch, vous explorerez son port de p\u00eache pittoresque, qui met en valeur l&#8217;h\u00e9ritage maritime de la ville et offre des vues pittoresques. Le voyage spirituel au Sanctuaire de Loyola est enrichi par la beaut\u00e9 naturelle qui l&#8217;entoure, cr\u00e9ant un environnement tranquille pour la contemplation. Cette visite compl\u00e8te est con\u00e7ue pour offrir une compr\u00e9hension holistique de la diversit\u00e9 des paysages de la r\u00e9gion basque, de ses merveilles architecturales urbaines \u00e0 ses merveilles naturelles sereines, ce qui en fait une exp\u00e9rience inoubliable.<\/span><\/p>\n<h2><b>Visite priv\u00e9e de Saint-S\u00e9bastien, Zumaia et le Sanctuaire de Loyola depuis Bilbao Points d&#8217;int\u00e9r\u00eat :<\/b><\/h2>\n<ul>\n<li style=\"font-weight: 400;\" aria-level=\"1\"><b>Saint-S\u00e9bastien : <\/b><span style=\"font-weight: 400;\">Cette ville est une tapisserie de richesses culturelles, de la c\u00e9l\u00e8bre plage de La Concha \u00e0 la vieille ville historique, offrant un aper\u00e7u des traditions basques et de la vie contemporaine.<\/span><\/li>\n<li style=\"font-weight: 400;\" aria-level=\"1\"><b>Falaises de Zumaia Flysch :<\/b><span style=\"font-weight: 400;\"> Ph\u00e9nom\u00e8ne naturel, ces falaises pr\u00e9sentent des couches d&#8217;histoire g\u00e9ologique qui attirent les g\u00e9ologues et les amoureux de la nature. Elles t\u00e9moignent des forces dynamiques de la nature et du temps.<\/span><\/li>\n<li style=\"font-weight: 400;\" aria-level=\"1\"><b>Sanctuaire de Loyola : <\/b><span style=\"font-weight: 400;\">Plus qu&#8217;un site religieux, le sanctuaire de Loyola est un lieu de paix et de r\u00e9flexion spirituelle. Son architecture complexe et son importance historique donnent un profond sentiment de connexion avec le pass\u00e9.<\/span><\/li>\n<li style=\"font-weight: 400;\" aria-level=\"1\"><b>Plaza de la Constituci\u00f3n \u00e0 Saint-S\u00e9bastien : <\/b><span style=\"font-weight: 400;\">Au c\u0153ur des festivit\u00e9s et de la vie quotidienne de la ville, cette place est entour\u00e9e de b\u00e2timents aux balcons num\u00e9rot\u00e9s, rappelant son pass\u00e9 d&#8217;ar\u00e8ne. C&#8217;est l&#8217;endroit id\u00e9al pour s&#8217;impr\u00e9gner de l&#8217;atmosph\u00e8re et de la culture locales.<\/span><\/li>\n<li style=\"font-weight: 400;\" aria-level=\"1\"><b>G\u00e9oparc de la c\u00f4te basque pr\u00e8s de Zumaia :<\/b><span style=\"font-weight: 400;\"> ce parc ne se limite pas aux falaises de flysch, il abrite \u00e9galement une riche biodiversit\u00e9 et des \u00e9cosyst\u00e8mes c\u00f4tiers uniques, qui offrent un aper\u00e7u fascinant du patrimoine naturel de la r\u00e9gion.<\/span><\/li>\n<li style=\"font-weight: 400;\" aria-level=\"1\"><b>\u00c9glise de San Salvador \u00e0 Zumaia : <\/b><span style=\"font-weight: 400;\">Cette \u00e9glise historique offre un aper\u00e7u de l&#8217;histoire religieuse et architecturale du Pays basque et compl\u00e8te le parcours spirituel de la visite.<\/span><\/li>\n<li style=\"font-weight: 400;\" aria-level=\"1\"><b>Mus\u00e9e ferroviaire d&#8217;Azpeitia, pr\u00e8s de Loyola : <\/b><span style=\"font-weight: 400;\">Situ\u00e9 \u00e0 proximit\u00e9 du Sanctuaire de Loyola, ce mus\u00e9e pr\u00e9sente le riche patrimoine ferroviaire de la r\u00e9gion, id\u00e9al pour les passionn\u00e9s d&#8217;histoire et les familles.<\/span><\/li>\n<\/ul>\n<p><span style=\"font-weight: 400;\">Tour Travel and More vous invite \u00e0 explorer les multiples facettes de la ville de Bilbao gr\u00e2ce \u00e0 ses visites priv\u00e9es exclusives. Chaque visite est soigneusement con\u00e7ue pour offrir une <\/span><a href=\"https:\/\/tourtravelandmore.com\/fr\/city\/espagne-fr\/bilbao-fr\/\"><span style=\"font-weight: 400;\">exp\u00e9rience personnalis\u00e9e et m\u00e9morable, englobant la riche histoire de Bilbao<\/span><\/a><span style=\"font-weight: 400;\">,<\/span><span style=\"font-weight: 400;\"> sa culture vibrante et son architecture \u00e9poustouflante. D\u00e9couvrez notre vaste gamme de circuits sur notre site web, Tour Travel and More, et choisissez votre prochaine aventure au c\u0153ur du Pays basque.<\/span><\/p>\n","protected":false},"excerpt":{"rendered":"<p><span style=\"font-weight: 400;\">Rejoignez-nous pour un circuit priv\u00e9 de Bilbao \u00e0 Saint-S\u00e9bastien, Zumaia et le Sanctuaire de Loyola. Ce circuit offre la possibilit\u00e9 d&#8217;explorer des sites historiques, de s&#8217;\u00e9merveiller devant des merveilles naturelles et de trouver un r\u00e9confort spirituel, le tout accompagn\u00e9 d&#8217;un transport luxueux et de conseils d&#8217;experts.<\/span><\/p>\n","protected":false},"featured_media":171890,"comment_status":"open","ping_status":"closed","template":"","meta":{"_acf_changed":false},"product_brand":[],"product_cat":[4739,4737,4740,3574],"product_tag":[],"class_list":{"0":"post-171880","1":"product","2":"type-product","3":"status-publish","4":"has-post-thumbnail","6":"product_cat-excursions-a-terre-privees-fr","7":"product_cat-toutes-les-visites-et-activites-privees-fr-6","8":"product_cat-visites-guidees-privees-fr-8","9":"product_cat-bilbao-fr","11":"first","12":"instock","13":"shipping-taxable","14":"purchasable","15":"product-type-simple"},"acf":[],"yoast_head":"<!-- This site is optimized with the Yoast SEO Premium plugin v25.3.1 (Yoast SEO v25.3.1) - https:\/\/yoast.com\/wordpress\/plugins\/seo\/ -->\n<title>\u27a1\ufe0f D\u00e9couvrez Saint-S\u00e9bastien, Zumaia, Loyola : Circuit exclusif au d\u00e9part de Bilbao<\/title>\n<meta name=\"description\" content=\"D\u00e9couvrez la culture de Saint-S\u00e9bastien, les falaises de Zumaia et le sanctuaire de Loyola au cours d&#039;une excursion de luxe de 10 heures au d\u00e9part de Bilbao. Des exp\u00e9riences inoubliables vous attendent. \u2705\" \/>\n<meta name=\"robots\" content=\"index, follow, max-snippet:-1, max-image-preview:large, max-video-preview:-1\" \/>\n<link rel=\"canonical\" href=\"https:\/\/tourtravelandmore.com\/fr\/tours\/espagne-fr\/bilbao-fr\/toutes-les-visites-et-activites-privees-fr-6\/visite-privee-de-sebastien-zumaia-et-le-sanctuaire-de-loyola-depuis-bilbao\/\" \/>\n<meta property=\"og:locale\" content=\"fr_FR\" \/>\n<meta property=\"og:type\" content=\"article\" \/>\n<meta property=\"og:title\" content=\"Visite priv\u00e9e de S\u00e9bastien, Zumaia et le Sanctuaire de Loyola depuis Bilbao\" \/>\n<meta property=\"og:description\" content=\"D\u00e9couvrez la culture de Saint-S\u00e9bastien, les falaises de Zumaia et le sanctuaire de Loyola au cours d&#039;une excursion de luxe de 10 heures au d\u00e9part de Bilbao. Des exp\u00e9riences inoubliables vous attendent. \u2705\" \/>\n<meta property=\"og:url\" content=\"https:\/\/tourtravelandmore.com\/fr\/tours\/espagne-fr\/bilbao-fr\/toutes-les-visites-et-activites-privees-fr-6\/visite-privee-de-sebastien-zumaia-et-le-sanctuaire-de-loyola-depuis-bilbao\/\" \/>\n<meta property=\"og:site_name\" content=\"Tour Travel And More\" \/>\n<meta property=\"article:publisher\" content=\"https:\/\/www.facebook.com\/tourtravelandmore\/\" \/>\n<meta property=\"article:modified_time\" content=\"2024-02-01T19:15:49+00:00\" \/>\n<meta property=\"og:image\" content=\"https:\/\/tourtravelandmore.com\/wp-content\/uploads\/2024\/01\/image1.png\" \/>\n\t<meta property=\"og:image:width\" content=\"950\" \/>\n\t<meta property=\"og:image:height\" content=\"750\" \/>\n\t<meta property=\"og:image:type\" content=\"image\/png\" \/>\n<meta name=\"twitter:card\" content=\"summary_large_image\" \/>\n<meta name=\"twitter:site\" content=\"@TourTravel_More\" \/>\n<meta name=\"twitter:label1\" content=\"Dur\u00e9e de lecture estim\u00e9e\" \/>\n\t<meta name=\"twitter:data1\" content=\"4 minutes\" \/>\n<script type=\"application\/ld+json\" class=\"yoast-schema-graph\">{\"@context\":\"https:\/\/schema.org\",\"@graph\":[{\"@type\":\"WebPage\",\"@id\":\"https:\/\/tourtravelandmore.com\/fr\/tours\/espagne-fr\/bilbao-fr\/toutes-les-visites-et-activites-privees-fr-6\/visite-privee-de-sebastien-zumaia-et-le-sanctuaire-de-loyola-depuis-bilbao\/\",\"url\":\"https:\/\/tourtravelandmore.com\/fr\/tours\/espagne-fr\/bilbao-fr\/toutes-les-visites-et-activites-privees-fr-6\/visite-privee-de-sebastien-zumaia-et-le-sanctuaire-de-loyola-depuis-bilbao\/\",\"name\":\"\u27a1\ufe0f D\u00e9couvrez Saint-S\u00e9bastien, Zumaia, Loyola : Circuit exclusif au d\u00e9part de Bilbao\",\"isPartOf\":{\"@id\":\"https:\/\/tourtravelandmore.com\/fr\/#website\"},\"primaryImageOfPage\":{\"@id\":\"https:\/\/tourtravelandmore.com\/fr\/tours\/espagne-fr\/bilbao-fr\/toutes-les-visites-et-activites-privees-fr-6\/visite-privee-de-sebastien-zumaia-et-le-sanctuaire-de-loyola-depuis-bilbao\/#primaryimage\"},\"image\":{\"@id\":\"https:\/\/tourtravelandmore.com\/fr\/tours\/espagne-fr\/bilbao-fr\/toutes-les-visites-et-activites-privees-fr-6\/visite-privee-de-sebastien-zumaia-et-le-sanctuaire-de-loyola-depuis-bilbao\/#primaryimage\"},\"thumbnailUrl\":\"https:\/\/tourtravelandmore.com\/wp-content\/uploads\/2024\/01\/image1.png\",\"datePublished\":\"2024-01-03T15:59:31+00:00\",\"dateModified\":\"2024-02-01T19:15:49+00:00\",\"description\":\"D\u00e9couvrez la culture de Saint-S\u00e9bastien, les falaises de Zumaia et le sanctuaire de Loyola au cours d'une excursion de luxe de 10 heures au d\u00e9part de Bilbao. Des exp\u00e9riences inoubliables vous attendent. \u2705\",\"breadcrumb\":{\"@id\":\"https:\/\/tourtravelandmore.com\/fr\/tours\/espagne-fr\/bilbao-fr\/toutes-les-visites-et-activites-privees-fr-6\/visite-privee-de-sebastien-zumaia-et-le-sanctuaire-de-loyola-depuis-bilbao\/#breadcrumb\"},\"inLanguage\":\"fr-FR\",\"potentialAction\":[{\"@type\":\"ReadAction\",\"target\":[\"https:\/\/tourtravelandmore.com\/fr\/tours\/espagne-fr\/bilbao-fr\/toutes-les-visites-et-activites-privees-fr-6\/visite-privee-de-sebastien-zumaia-et-le-sanctuaire-de-loyola-depuis-bilbao\/\"]}]},{\"@type\":\"ImageObject\",\"inLanguage\":\"fr-FR\",\"@id\":\"https:\/\/tourtravelandmore.com\/fr\/tours\/espagne-fr\/bilbao-fr\/toutes-les-visites-et-activites-privees-fr-6\/visite-privee-de-sebastien-zumaia-et-le-sanctuaire-de-loyola-depuis-bilbao\/#primaryimage\",\"url\":\"https:\/\/tourtravelandmore.com\/wp-content\/uploads\/2024\/01\/image1.png\",\"contentUrl\":\"https:\/\/tourtravelandmore.com\/wp-content\/uploads\/2024\/01\/image1.png\",\"width\":950,\"height\":750},{\"@type\":\"BreadcrumbList\",\"@id\":\"https:\/\/tourtravelandmore.com\/fr\/tours\/espagne-fr\/bilbao-fr\/toutes-les-visites-et-activites-privees-fr-6\/visite-privee-de-sebastien-zumaia-et-le-sanctuaire-de-loyola-depuis-bilbao\/#breadcrumb\",\"itemListElement\":[{\"@type\":\"ListItem\",\"position\":1,\"name\":\"Home\",\"item\":\"https:\/\/tourtravelandmore.com\/fr\/\"},{\"@type\":\"ListItem\",\"position\":2,\"name\":\"Tours\",\"item\":\"https:\/\/tourtravelandmore.com\/fr\/tours\/\"},{\"@type\":\"ListItem\",\"position\":3,\"name\":\"Visite priv\u00e9e de S\u00e9bastien, Zumaia et le Sanctuaire de Loyola depuis Bilbao\"}]},{\"@type\":\"WebSite\",\"@id\":\"https:\/\/tourtravelandmore.com\/fr\/#website\",\"url\":\"https:\/\/tourtravelandmore.com\/fr\/\",\"name\":\"Tour Travel And More\",\"description\":\"Private sightseeing tours and luxury transfers in Spain\",\"publisher\":{\"@id\":\"https:\/\/tourtravelandmore.com\/fr\/#organization\"},\"potentialAction\":[{\"@type\":\"SearchAction\",\"target\":{\"@type\":\"EntryPoint\",\"urlTemplate\":\"https:\/\/tourtravelandmore.com\/fr\/?s={search_term_string}\"},\"query-input\":{\"@type\":\"PropertyValueSpecification\",\"valueRequired\":true,\"valueName\":\"search_term_string\"}}],\"inLanguage\":\"fr-FR\"},{\"@type\":\"Organization\",\"@id\":\"https:\/\/tourtravelandmore.com\/fr\/#organization\",\"name\":\"Tour Travel And More\",\"url\":\"https:\/\/tourtravelandmore.com\/fr\/\",\"logo\":{\"@type\":\"ImageObject\",\"inLanguage\":\"fr-FR\",\"@id\":\"https:\/\/tourtravelandmore.com\/fr\/#\/schema\/logo\/image\/\",\"url\":\"https:\/\/tourtravelandmore.com\/wp-content\/uploads\/2022\/12\/cropped-logo-cabecera-new.png\",\"contentUrl\":\"https:\/\/tourtravelandmore.com\/wp-content\/uploads\/2022\/12\/cropped-logo-cabecera-new.png\",\"width\":430,\"height\":61,\"caption\":\"Tour Travel And More\"},\"image\":{\"@id\":\"https:\/\/tourtravelandmore.com\/fr\/#\/schema\/logo\/image\/\"},\"sameAs\":[\"https:\/\/www.facebook.com\/tourtravelandmore\/\",\"https:\/\/x.com\/TourTravel_More\"]}]}<\/script>\n<!-- \/ Yoast SEO Premium plugin. -->","yoast_head_json":{"title":"\u27a1\ufe0f D\u00e9couvrez Saint-S\u00e9bastien, Zumaia, Loyola : Circuit exclusif au d\u00e9part de Bilbao","description":"D\u00e9couvrez la culture de Saint-S\u00e9bastien, les falaises de Zumaia et le sanctuaire de Loyola au cours d'une excursion de luxe de 10 heures au d\u00e9part de Bilbao. Des exp\u00e9riences inoubliables vous attendent. \u2705","robots":{"index":"index","follow":"follow","max-snippet":"max-snippet:-1","max-image-preview":"max-image-preview:large","max-video-preview":"max-video-preview:-1"},"canonical":"https:\/\/tourtravelandmore.com\/fr\/tours\/espagne-fr\/bilbao-fr\/toutes-les-visites-et-activites-privees-fr-6\/visite-privee-de-sebastien-zumaia-et-le-sanctuaire-de-loyola-depuis-bilbao\/","og_locale":"fr_FR","og_type":"article","og_title":"Visite priv\u00e9e de S\u00e9bastien, Zumaia et le Sanctuaire de Loyola depuis Bilbao","og_description":"D\u00e9couvrez la culture de Saint-S\u00e9bastien, les falaises de Zumaia et le sanctuaire de Loyola au cours d'une excursion de luxe de 10 heures au d\u00e9part de Bilbao. Des exp\u00e9riences inoubliables vous attendent. \u2705","og_url":"https:\/\/tourtravelandmore.com\/fr\/tours\/espagne-fr\/bilbao-fr\/toutes-les-visites-et-activites-privees-fr-6\/visite-privee-de-sebastien-zumaia-et-le-sanctuaire-de-loyola-depuis-bilbao\/","og_site_name":"Tour Travel And More","article_publisher":"https:\/\/www.facebook.com\/tourtravelandmore\/","article_modified_time":"2024-02-01T19:15:49+00:00","og_image":[{"width":950,"height":750,"url":"https:\/\/tourtravelandmore.com\/wp-content\/uploads\/2024\/01\/image1.png","type":"image\/png"}],"twitter_card":"summary_large_image","twitter_site":"@TourTravel_More","twitter_misc":{"Dur\u00e9e de lecture estim\u00e9e":"4 minutes"},"schema":{"@context":"https:\/\/schema.org","@graph":[{"@type":"WebPage","@id":"https:\/\/tourtravelandmore.com\/fr\/tours\/espagne-fr\/bilbao-fr\/toutes-les-visites-et-activites-privees-fr-6\/visite-privee-de-sebastien-zumaia-et-le-sanctuaire-de-loyola-depuis-bilbao\/","url":"https:\/\/tourtravelandmore.com\/fr\/tours\/espagne-fr\/bilbao-fr\/toutes-les-visites-et-activites-privees-fr-6\/visite-privee-de-sebastien-zumaia-et-le-sanctuaire-de-loyola-depuis-bilbao\/","name":"\u27a1\ufe0f D\u00e9couvrez Saint-S\u00e9bastien, Zumaia, Loyola : Circuit exclusif au d\u00e9part de Bilbao","isPartOf":{"@id":"https:\/\/tourtravelandmore.com\/fr\/#website"},"primaryImageOfPage":{"@id":"https:\/\/tourtravelandmore.com\/fr\/tours\/espagne-fr\/bilbao-fr\/toutes-les-visites-et-activites-privees-fr-6\/visite-privee-de-sebastien-zumaia-et-le-sanctuaire-de-loyola-depuis-bilbao\/#primaryimage"},"image":{"@id":"https:\/\/tourtravelandmore.com\/fr\/tours\/espagne-fr\/bilbao-fr\/toutes-les-visites-et-activites-privees-fr-6\/visite-privee-de-sebastien-zumaia-et-le-sanctuaire-de-loyola-depuis-bilbao\/#primaryimage"},"thumbnailUrl":"https:\/\/tourtravelandmore.com\/wp-content\/uploads\/2024\/01\/image1.png","datePublished":"2024-01-03T15:59:31+00:00","dateModified":"2024-02-01T19:15:49+00:00","description":"D\u00e9couvrez la culture de Saint-S\u00e9bastien, les falaises de Zumaia et le sanctuaire de Loyola au cours d'une excursion de luxe de 10 heures au d\u00e9part de Bilbao. Des exp\u00e9riences inoubliables vous attendent. \u2705","breadcrumb":{"@id":"https:\/\/tourtravelandmore.com\/fr\/tours\/espagne-fr\/bilbao-fr\/toutes-les-visites-et-activites-privees-fr-6\/visite-privee-de-sebastien-zumaia-et-le-sanctuaire-de-loyola-depuis-bilbao\/#breadcrumb"},"inLanguage":"fr-FR","potentialAction":[{"@type":"ReadAction","target":["https:\/\/tourtravelandmore.com\/fr\/tours\/espagne-fr\/bilbao-fr\/toutes-les-visites-et-activites-privees-fr-6\/visite-privee-de-sebastien-zumaia-et-le-sanctuaire-de-loyola-depuis-bilbao\/"]}]},{"@type":"ImageObject","inLanguage":"fr-FR","@id":"https:\/\/tourtravelandmore.com\/fr\/tours\/espagne-fr\/bilbao-fr\/toutes-les-visites-et-activites-privees-fr-6\/visite-privee-de-sebastien-zumaia-et-le-sanctuaire-de-loyola-depuis-bilbao\/#primaryimage","url":"https:\/\/tourtravelandmore.com\/wp-content\/uploads\/2024\/01\/image1.png","contentUrl":"https:\/\/tourtravelandmore.com\/wp-content\/uploads\/2024\/01\/image1.png","width":950,"height":750},{"@type":"BreadcrumbList","@id":"https:\/\/tourtravelandmore.com\/fr\/tours\/espagne-fr\/bilbao-fr\/toutes-les-visites-et-activites-privees-fr-6\/visite-privee-de-sebastien-zumaia-et-le-sanctuaire-de-loyola-depuis-bilbao\/#breadcrumb","itemListElement":[{"@type":"ListItem","position":1,"name":"Home","item":"https:\/\/tourtravelandmore.com\/fr\/"},{"@type":"ListItem","position":2,"name":"Tours","item":"https:\/\/tourtravelandmore.com\/fr\/tours\/"},{"@type":"ListItem","position":3,"name":"Visite priv\u00e9e de S\u00e9bastien, Zumaia et le Sanctuaire de Loyola depuis Bilbao"}]},{"@type":"WebSite","@id":"https:\/\/tourtravelandmore.com\/fr\/#website","url":"https:\/\/tourtravelandmore.com\/fr\/","name":"Tour Travel And More","description":"Private sightseeing tours and luxury transfers in Spain","publisher":{"@id":"https:\/\/tourtravelandmore.com\/fr\/#organization"},"potentialAction":[{"@type":"SearchAction","target":{"@type":"EntryPoint","urlTemplate":"https:\/\/tourtravelandmore.com\/fr\/?s={search_term_string}"},"query-input":{"@type":"PropertyValueSpecification","valueRequired":true,"valueName":"search_term_string"}}],"inLanguage":"fr-FR"},{"@type":"Organization","@id":"https:\/\/tourtravelandmore.com\/fr\/#organization","name":"Tour Travel And More","url":"https:\/\/tourtravelandmore.com\/fr\/","logo":{"@type":"ImageObject","inLanguage":"fr-FR","@id":"https:\/\/tourtravelandmore.com\/fr\/#\/schema\/logo\/image\/","url":"https:\/\/tourtravelandmore.com\/wp-content\/uploads\/2022\/12\/cropped-logo-cabecera-new.png","contentUrl":"https:\/\/tourtravelandmore.com\/wp-content\/uploads\/2022\/12\/cropped-logo-cabecera-new.png","width":430,"height":61,"caption":"Tour Travel And More"},"image":{"@id":"https:\/\/tourtravelandmore.com\/fr\/#\/schema\/logo\/image\/"},"sameAs":["https:\/\/www.facebook.com\/tourtravelandmore\/","https:\/\/x.com\/TourTravel_More"]}]}},"_links":{"self":[{"href":"https:\/\/tourtravelandmore.com\/fr\/wp-json\/wp\/v2\/product\/171880","targetHints":{"allow":["GET"]}}],"collection":[{"href":"https:\/\/tourtravelandmore.com\/fr\/wp-json\/wp\/v2\/product"}],"about":[{"href":"https:\/\/tourtravelandmore.com\/fr\/wp-json\/wp\/v2\/types\/product"}],"replies":[{"embeddable":true,"href":"https:\/\/tourtravelandmore.com\/fr\/wp-json\/wp\/v2\/comments?post=171880"}],"wp:featuredmedia":[{"embeddable":true,"href":"https:\/\/tourtravelandmore.com\/fr\/wp-json\/wp\/v2\/media\/171890"}],"wp:attachment":[{"href":"https:\/\/tourtravelandmore.com\/fr\/wp-json\/wp\/v2\/media?parent=171880"}],"wp:term":[{"taxonomy":"product_brand","embeddable":true,"href":"https:\/\/tourtravelandmore.com\/fr\/wp-json\/wp\/v2\/product_brand?post=171880"},{"taxonomy":"product_cat","embeddable":true,"href":"https:\/\/tourtravelandmore.com\/fr\/wp-json\/wp\/v2\/product_cat?post=171880"},{"taxonomy":"product_tag","embeddable":true,"href":"https:\/\/tourtravelandmore.com\/fr\/wp-json\/wp\/v2\/product_tag?post=171880"}],"curies":[{"name":"wp","href":"https:\/\/api.w.org\/{rel}","templated":true}]}}