{"id":171852,"date":"2024-01-02T12:21:07","date_gmt":"2024-01-02T11:21:11","guid":{"rendered":"https:\/\/tourtravelandmore.com\/?post_type=product&#038;p=171852"},"modified":"2024-01-05T13:12:37","modified_gmt":"2024-01-05T12:12:37","slug":"visite-privee-de-saint-sebastien-et-biarritz","status":"publish","type":"product","link":"https:\/\/tourtravelandmore.com\/fr\/tours\/espagne-fr\/bilbao-fr\/toutes-les-visites-et-activites-privees-fr-6\/visite-privee-de-saint-sebastien-et-biarritz\/","title":{"rendered":"Visite priv\u00e9e de Saint-S\u00e9bastien et Biarritz"},"content":{"rendered":"<h2><b>Visite priv\u00e9e de Saint-S\u00e9bastien et Biarritz Description :<\/b><\/h2>\n<p><span style=\"font-weight: 400;\">D\u00e9couvrez le charme et l&#8217;\u00e9l\u00e9gance de la r\u00e9gion basque lors de cette visite priv\u00e9e exclusive de 10 heures de Saint-S\u00e9bastien et Biarritz. Avec une voiture de luxe \u00e0 votre service, voyagez confortablement tout en plongeant dans la riche tapisserie culturelle de ces deux villes. Saint-S\u00e9bastien, paradis culinaire, est c\u00e9l\u00e8bre pour sa magnifique plage de La Concha et sa vieille ville anim\u00e9e, o\u00f9 l&#8217;histoire et la modernit\u00e9 se m\u00ealent harmonieusement. Biarritz, joyau de la c\u00f4te basque fran\u00e7aise, offre un m\u00e9lange de stations baln\u00e9aires luxueuses et de paysages naturels \u00e9poustouflants. Ce circuit n&#8217;est pas seulement un voyage \u00e0 travers deux villes, mais une exploration d&#8217;une r\u00e9gion culturelle unique qui promet de laisser des souvenirs imp\u00e9rissables.<\/span><\/p>\n<p><span style=\"font-weight: 400;\">Au cours de cette visite priv\u00e9e, vous d\u00e9couvrirez les saveurs uniques de la gastronomie basque, r\u00e9put\u00e9e dans le monde entier pour son innovation et sa tradition. Saint-S\u00e9bastien, souvent consid\u00e9r\u00e9 comme le paradis des gastronomes, offre un \u00e9ventail de restaurants \u00e9toil\u00e9s et de bars \u00e0 pintxos authentiques. Biarritz, avec son \u00e9l\u00e9gant m\u00e9lange d&#8217;influences fran\u00e7aises et basques, offre un voyage culinaire \u00e0 part enti\u00e8re, des restaurants haut de gamme aux charmants bistrots locaux. Tout au long du circuit, les paysages \u00e9poustouflants du golfe de Gascogne servent de toile de fond, enrichissant l&#8217;exp\u00e9rience de vues \u00e0 couper le souffle et d&#8217;un sentiment de tranquillit\u00e9 que seule la c\u00f4te basque peut offrir. Ce circuit est un m\u00e9lange id\u00e9al d&#8217;exploration culinaire, d&#8217;immersion culturelle et de beaut\u00e9 des paysages.<\/span><\/p>\n<p><span style=\"font-weight: 400;\">En poursuivant votre voyage, vous serez captiv\u00e9 par les merveilles architecturales des deux villes, des b\u00e2timents Belle \u00c9poque de Biarritz aux structures contemporaines de Saint-S\u00e9bastien. Chaque ville s&#8217;enorgueillit de ses propres festivals et \u00e9v\u00e9nements culturels, offrant un aper\u00e7u des traditions et c\u00e9l\u00e9brations locales. La beaut\u00e9 sereine des plages, juxtapos\u00e9e \u00e0 l&#8217;\u00e9nergie urbaine, cr\u00e9e une exp\u00e9rience inoubliable. Les routes panoramiques le long de la c\u00f4te, o\u00f9 l&#8217;oc\u00e9an Atlantique rencontre des paysages accident\u00e9s, offrent des vues pittoresques et des occasions de prendre des photos. Ce circuit, qui allie luxe et profondeur culturelle, promet une exp\u00e9rience de voyage enrichissante et diversifi\u00e9e.<\/span><\/p>\n<h2><b>Visite priv\u00e9e de Saint-S\u00e9bastien et Biarritz Points forts :<\/b><\/h2>\n<ul>\n<li style=\"font-weight: 400;\" aria-level=\"1\"><b>Plage de La Concha : <\/b><span style=\"font-weight: 400;\">D\u00e9couvrez la plage embl\u00e9matique de La Concha \u00e0 Saint-S\u00e9bastien, r\u00e9put\u00e9e pour sa forme en croissant et son sable dor\u00e9, offrant un cadre pittoresque sur fond urbain. Elle repr\u00e9sente parfaitement le m\u00e9lange de beaut\u00e9 naturelle et de sophistication urbaine de la ville.<\/span><\/li>\n<li style=\"font-weight: 400;\" aria-level=\"1\"><b>La vieille ville (Parte Vieja) de Saint-S\u00e9bastien : <\/b><span style=\"font-weight: 400;\">Explorez le c\u0153ur de Saint-S\u00e9bastien, o\u00f9 l&#8217;histoire r\u00e9sonne dans ses rues \u00e9troites. Connue pour sa richesse culinaire, la vieille ville est un havre gastronomique qui offre un aper\u00e7u de la cuisine basque traditionnelle.<\/span><\/li>\n<li style=\"font-weight: 400;\" aria-level=\"1\"><b>Phare de Biarritz :<\/b><span style=\"font-weight: 400;\"> Dress\u00e9 sur la c\u00f4te, le phare de Biarritz offre une vue panoramique \u00e0 couper le souffle sur le littoral basque fran\u00e7ais et sur la ville. C&#8217;est un symbole de l&#8217;h\u00e9ritage maritime de Biarritz et une visite incontournable pour sa signification historique et ses vues \u00e9poustouflantes.<\/span><\/li>\n<li style=\"font-weight: 400;\" aria-level=\"1\"><b>Rocher de la Vierge \u00e0 Biarritz <\/b><span style=\"font-weight: 400;\">: merveille naturelle, le Rocher de la Vierge est accessible par un pont et offre une vue exceptionnelle sur l&#8217;oc\u00e9an Atlantique. Ce monument t\u00e9moigne du lien entre Biarritz et la mer et est impr\u00e9gn\u00e9 de l\u00e9gendes locales.<\/span><\/li>\n<li style=\"font-weight: 400;\" aria-level=\"1\"><b>Monte Igueldo \u00e0 Saint-S\u00e9bastien :<\/b><span style=\"font-weight: 400;\"> Le Monte Igueldo offre une vue imprenable sur la ville et la baie. Ce point d&#8217;observation offre une perspective unique sur les paysages naturels et urbains de Saint-S\u00e9bastien, ce qui en fait un lieu de pr\u00e9dilection pour les photographes et les amoureux de la nature.<\/span><\/li>\n<li style=\"font-weight: 400;\" aria-level=\"1\"><b>Aquarium de Biarritz :<\/b><span style=\"font-weight: 400;\"> Explorez la vie marine fascinante \u00e0 l&#8217;Aquarium de Biarritz. C&#8217;est une exp\u00e9rience passionnante pour tous les \u00e2ges, qui met en valeur la riche biodiversit\u00e9 du golfe de Gascogne et de l&#8217;oc\u00e9an Atlantique.<\/span><\/li>\n<li style=\"font-weight: 400;\" aria-level=\"1\"><b>Playa de la Zurriola \u00e0 Saint-S\u00e9bastien :<\/b><span style=\"font-weight: 400;\"> R\u00e9put\u00e9e pour sa culture du surf, la Playa de la Zurriola est une plage anim\u00e9e qui contraste avec La Concha, plus sereine. C&#8217;est un lieu de pr\u00e9dilection pour les surfeurs et un endroit id\u00e9al pour d\u00e9couvrir la culture baln\u00e9aire anim\u00e9e de la ville.<\/span><\/li>\n<li style=\"font-weight: 400;\" aria-level=\"1\"><b>Le centre historique de Biarritz :<\/b><span style=\"font-weight: 400;\"> Promenez-vous dans les rues charmantes du centre historique de Biarritz, o\u00f9 vous trouverez un m\u00e9lange d&#8217;architecture basque traditionnelle et de style fran\u00e7ais chic. Ce quartier est id\u00e9al pour ceux qui aiment explorer les boutiques pittoresques, les galeries d&#8217;art locales et les caf\u00e9s accueillants.<\/span><\/li>\n<\/ul>\n<p><a href=\"https:\/\/tourtravelandmore.com\/fr\/city\/espagne-fr\/bilbao-fr\/\"><span style=\"font-weight: 400;\">Plongez dans la culture vibrante et la riche histoire de la r\u00e9gion basque gr\u00e2ce aux visites priv\u00e9es exclusives de Tour Travel and More \u00e0 Bilbao.<\/span><\/a><span style=\"font-weight: 400;\"> Explorez les merveilles architecturales, laissez-vous tenter par une gastronomie unique et d\u00e9couvrez le patrimoine local de Bilbao gr\u00e2ce \u00e0 nos visites sur mesure. Visitez notre site web \u00e0 Tour Travel and More pour d\u00e9couvrir une gamme de visites priv\u00e9es \u00e0 Bilbao, chacune con\u00e7ue pour offrir un voyage intime et inoubliable \u00e0 travers cette ville fascinante.<\/span><\/p>\n","protected":false},"excerpt":{"rendered":"<p><span style=\"font-weight: 400;\">Rejoignez-nous pour une luxueuse visite priv\u00e9e de Saint-S\u00e9bastien et de Biarritz, o\u00f9 la culture, l&#8217;histoire et les paysages \u00e9poustouflants prennent vie. De la c\u00e9l\u00e8bre plage de La Concha aux rues historiques de Biarritz, cette visite offre une exp\u00e9rience compl\u00e8te de ces deux villes embl\u00e9matiques. Un transport confortable et des conseils d&#8217;experts sont inclus, garantissant un voyage m\u00e9morable et sans tracas.<\/span><\/p>\n<p>&nbsp;<\/p>\n","protected":false},"featured_media":171868,"comment_status":"open","ping_status":"closed","template":"","meta":{"_acf_changed":false},"product_brand":[],"product_cat":[4738,4737,4740,3574],"product_tag":[],"class_list":{"0":"post-171852","1":"product","2":"type-product","3":"status-publish","4":"has-post-thumbnail","6":"product_cat-excursions-privees-dune-journee-fr-5","7":"product_cat-toutes-les-visites-et-activites-privees-fr-6","8":"product_cat-visites-guidees-privees-fr-8","9":"product_cat-bilbao-fr","11":"first","12":"instock","13":"shipping-taxable","14":"purchasable","15":"product-type-simple"},"acf":[],"yoast_head":"<!-- This site is optimized with the Yoast SEO Premium plugin v25.3.1 (Yoast SEO v25.3.1) - https:\/\/yoast.com\/wordpress\/plugins\/seo\/ -->\n<title>\u27a1\ufe0f Explorez Saint-S\u00e9bastien et Biarritz dans le luxe avec Tour Travel and More<\/title>\n<meta name=\"description\" content=\"D\u00e9couvrez la beaut\u00e9 de Saint-S\u00e9bastien et de Biarritz lors d&#039;une visite priv\u00e9e de 10 heures. La culture, l&#039;histoire et le luxe vous attendent. \u2705\" \/>\n<meta name=\"robots\" content=\"index, follow, max-snippet:-1, max-image-preview:large, max-video-preview:-1\" \/>\n<link rel=\"canonical\" href=\"https:\/\/tourtravelandmore.com\/fr\/tours\/espagne-fr\/bilbao-fr\/toutes-les-visites-et-activites-privees-fr-6\/visite-privee-de-saint-sebastien-et-biarritz\/\" \/>\n<meta property=\"og:locale\" content=\"fr_FR\" \/>\n<meta property=\"og:type\" content=\"article\" \/>\n<meta property=\"og:title\" content=\"Visite priv\u00e9e de Saint-S\u00e9bastien et Biarritz\" \/>\n<meta property=\"og:description\" content=\"D\u00e9couvrez la beaut\u00e9 de Saint-S\u00e9bastien et de Biarritz lors d&#039;une visite priv\u00e9e de 10 heures. La culture, l&#039;histoire et le luxe vous attendent. \u2705\" \/>\n<meta property=\"og:url\" content=\"https:\/\/tourtravelandmore.com\/fr\/tours\/espagne-fr\/bilbao-fr\/toutes-les-visites-et-activites-privees-fr-6\/visite-privee-de-saint-sebastien-et-biarritz\/\" \/>\n<meta property=\"og:site_name\" content=\"Tour Travel And More\" \/>\n<meta property=\"article:publisher\" content=\"https:\/\/www.facebook.com\/tourtravelandmore\/\" \/>\n<meta property=\"article:modified_time\" content=\"2024-01-05T12:12:37+00:00\" \/>\n<meta property=\"og:image\" content=\"https:\/\/tourtravelandmore.com\/wp-content\/uploads\/2024\/01\/image3-4.jpg\" \/>\n\t<meta property=\"og:image:width\" content=\"950\" \/>\n\t<meta property=\"og:image:height\" content=\"750\" \/>\n\t<meta property=\"og:image:type\" content=\"image\/jpeg\" \/>\n<meta name=\"twitter:card\" content=\"summary_large_image\" \/>\n<meta name=\"twitter:site\" content=\"@TourTravel_More\" \/>\n<meta name=\"twitter:label1\" content=\"Dur\u00e9e de lecture estim\u00e9e\" \/>\n\t<meta name=\"twitter:data1\" content=\"4 minutes\" \/>\n<script type=\"application\/ld+json\" class=\"yoast-schema-graph\">{\"@context\":\"https:\/\/schema.org\",\"@graph\":[{\"@type\":\"WebPage\",\"@id\":\"https:\/\/tourtravelandmore.com\/fr\/tours\/espagne-fr\/bilbao-fr\/toutes-les-visites-et-activites-privees-fr-6\/visite-privee-de-saint-sebastien-et-biarritz\/\",\"url\":\"https:\/\/tourtravelandmore.com\/fr\/tours\/espagne-fr\/bilbao-fr\/toutes-les-visites-et-activites-privees-fr-6\/visite-privee-de-saint-sebastien-et-biarritz\/\",\"name\":\"\u27a1\ufe0f Explorez Saint-S\u00e9bastien et Biarritz dans le luxe avec Tour Travel and More\",\"isPartOf\":{\"@id\":\"https:\/\/tourtravelandmore.com\/fr\/#website\"},\"primaryImageOfPage\":{\"@id\":\"https:\/\/tourtravelandmore.com\/fr\/tours\/espagne-fr\/bilbao-fr\/toutes-les-visites-et-activites-privees-fr-6\/visite-privee-de-saint-sebastien-et-biarritz\/#primaryimage\"},\"image\":{\"@id\":\"https:\/\/tourtravelandmore.com\/fr\/tours\/espagne-fr\/bilbao-fr\/toutes-les-visites-et-activites-privees-fr-6\/visite-privee-de-saint-sebastien-et-biarritz\/#primaryimage\"},\"thumbnailUrl\":\"https:\/\/tourtravelandmore.com\/wp-content\/uploads\/2024\/01\/image3-4.jpg\",\"datePublished\":\"2024-01-02T11:21:11+00:00\",\"dateModified\":\"2024-01-05T12:12:37+00:00\",\"description\":\"D\u00e9couvrez la beaut\u00e9 de Saint-S\u00e9bastien et de Biarritz lors d'une visite priv\u00e9e de 10 heures. La culture, l'histoire et le luxe vous attendent. \u2705\",\"breadcrumb\":{\"@id\":\"https:\/\/tourtravelandmore.com\/fr\/tours\/espagne-fr\/bilbao-fr\/toutes-les-visites-et-activites-privees-fr-6\/visite-privee-de-saint-sebastien-et-biarritz\/#breadcrumb\"},\"inLanguage\":\"fr-FR\",\"potentialAction\":[{\"@type\":\"ReadAction\",\"target\":[\"https:\/\/tourtravelandmore.com\/fr\/tours\/espagne-fr\/bilbao-fr\/toutes-les-visites-et-activites-privees-fr-6\/visite-privee-de-saint-sebastien-et-biarritz\/\"]}]},{\"@type\":\"ImageObject\",\"inLanguage\":\"fr-FR\",\"@id\":\"https:\/\/tourtravelandmore.com\/fr\/tours\/espagne-fr\/bilbao-fr\/toutes-les-visites-et-activites-privees-fr-6\/visite-privee-de-saint-sebastien-et-biarritz\/#primaryimage\",\"url\":\"https:\/\/tourtravelandmore.com\/wp-content\/uploads\/2024\/01\/image3-4.jpg\",\"contentUrl\":\"https:\/\/tourtravelandmore.com\/wp-content\/uploads\/2024\/01\/image3-4.jpg\",\"width\":950,\"height\":750},{\"@type\":\"BreadcrumbList\",\"@id\":\"https:\/\/tourtravelandmore.com\/fr\/tours\/espagne-fr\/bilbao-fr\/toutes-les-visites-et-activites-privees-fr-6\/visite-privee-de-saint-sebastien-et-biarritz\/#breadcrumb\",\"itemListElement\":[{\"@type\":\"ListItem\",\"position\":1,\"name\":\"Home\",\"item\":\"https:\/\/tourtravelandmore.com\/fr\/\"},{\"@type\":\"ListItem\",\"position\":2,\"name\":\"Tours\",\"item\":\"https:\/\/tourtravelandmore.com\/fr\/tours\/\"},{\"@type\":\"ListItem\",\"position\":3,\"name\":\"Visite priv\u00e9e de Saint-S\u00e9bastien et Biarritz\"}]},{\"@type\":\"WebSite\",\"@id\":\"https:\/\/tourtravelandmore.com\/fr\/#website\",\"url\":\"https:\/\/tourtravelandmore.com\/fr\/\",\"name\":\"Tour Travel And More\",\"description\":\"Private sightseeing tours and luxury transfers in Spain\",\"publisher\":{\"@id\":\"https:\/\/tourtravelandmore.com\/fr\/#organization\"},\"potentialAction\":[{\"@type\":\"SearchAction\",\"target\":{\"@type\":\"EntryPoint\",\"urlTemplate\":\"https:\/\/tourtravelandmore.com\/fr\/?s={search_term_string}\"},\"query-input\":{\"@type\":\"PropertyValueSpecification\",\"valueRequired\":true,\"valueName\":\"search_term_string\"}}],\"inLanguage\":\"fr-FR\"},{\"@type\":\"Organization\",\"@id\":\"https:\/\/tourtravelandmore.com\/fr\/#organization\",\"name\":\"Tour Travel And More\",\"url\":\"https:\/\/tourtravelandmore.com\/fr\/\",\"logo\":{\"@type\":\"ImageObject\",\"inLanguage\":\"fr-FR\",\"@id\":\"https:\/\/tourtravelandmore.com\/fr\/#\/schema\/logo\/image\/\",\"url\":\"https:\/\/tourtravelandmore.com\/wp-content\/uploads\/2022\/12\/cropped-logo-cabecera-new.png\",\"contentUrl\":\"https:\/\/tourtravelandmore.com\/wp-content\/uploads\/2022\/12\/cropped-logo-cabecera-new.png\",\"width\":430,\"height\":61,\"caption\":\"Tour Travel And More\"},\"image\":{\"@id\":\"https:\/\/tourtravelandmore.com\/fr\/#\/schema\/logo\/image\/\"},\"sameAs\":[\"https:\/\/www.facebook.com\/tourtravelandmore\/\",\"https:\/\/x.com\/TourTravel_More\"]}]}<\/script>\n<!-- \/ Yoast SEO Premium plugin. -->","yoast_head_json":{"title":"\u27a1\ufe0f Explorez Saint-S\u00e9bastien et Biarritz dans le luxe avec Tour Travel and More","description":"D\u00e9couvrez la beaut\u00e9 de Saint-S\u00e9bastien et de Biarritz lors d'une visite priv\u00e9e de 10 heures. La culture, l'histoire et le luxe vous attendent. \u2705","robots":{"index":"index","follow":"follow","max-snippet":"max-snippet:-1","max-image-preview":"max-image-preview:large","max-video-preview":"max-video-preview:-1"},"canonical":"https:\/\/tourtravelandmore.com\/fr\/tours\/espagne-fr\/bilbao-fr\/toutes-les-visites-et-activites-privees-fr-6\/visite-privee-de-saint-sebastien-et-biarritz\/","og_locale":"fr_FR","og_type":"article","og_title":"Visite priv\u00e9e de Saint-S\u00e9bastien et Biarritz","og_description":"D\u00e9couvrez la beaut\u00e9 de Saint-S\u00e9bastien et de Biarritz lors d'une visite priv\u00e9e de 10 heures. La culture, l'histoire et le luxe vous attendent. \u2705","og_url":"https:\/\/tourtravelandmore.com\/fr\/tours\/espagne-fr\/bilbao-fr\/toutes-les-visites-et-activites-privees-fr-6\/visite-privee-de-saint-sebastien-et-biarritz\/","og_site_name":"Tour Travel And More","article_publisher":"https:\/\/www.facebook.com\/tourtravelandmore\/","article_modified_time":"2024-01-05T12:12:37+00:00","og_image":[{"width":950,"height":750,"url":"https:\/\/tourtravelandmore.com\/wp-content\/uploads\/2024\/01\/image3-4.jpg","type":"image\/jpeg"}],"twitter_card":"summary_large_image","twitter_site":"@TourTravel_More","twitter_misc":{"Dur\u00e9e de lecture estim\u00e9e":"4 minutes"},"schema":{"@context":"https:\/\/schema.org","@graph":[{"@type":"WebPage","@id":"https:\/\/tourtravelandmore.com\/fr\/tours\/espagne-fr\/bilbao-fr\/toutes-les-visites-et-activites-privees-fr-6\/visite-privee-de-saint-sebastien-et-biarritz\/","url":"https:\/\/tourtravelandmore.com\/fr\/tours\/espagne-fr\/bilbao-fr\/toutes-les-visites-et-activites-privees-fr-6\/visite-privee-de-saint-sebastien-et-biarritz\/","name":"\u27a1\ufe0f Explorez Saint-S\u00e9bastien et Biarritz dans le luxe avec Tour Travel and More","isPartOf":{"@id":"https:\/\/tourtravelandmore.com\/fr\/#website"},"primaryImageOfPage":{"@id":"https:\/\/tourtravelandmore.com\/fr\/tours\/espagne-fr\/bilbao-fr\/toutes-les-visites-et-activites-privees-fr-6\/visite-privee-de-saint-sebastien-et-biarritz\/#primaryimage"},"image":{"@id":"https:\/\/tourtravelandmore.com\/fr\/tours\/espagne-fr\/bilbao-fr\/toutes-les-visites-et-activites-privees-fr-6\/visite-privee-de-saint-sebastien-et-biarritz\/#primaryimage"},"thumbnailUrl":"https:\/\/tourtravelandmore.com\/wp-content\/uploads\/2024\/01\/image3-4.jpg","datePublished":"2024-01-02T11:21:11+00:00","dateModified":"2024-01-05T12:12:37+00:00","description":"D\u00e9couvrez la beaut\u00e9 de Saint-S\u00e9bastien et de Biarritz lors d'une visite priv\u00e9e de 10 heures. La culture, l'histoire et le luxe vous attendent. \u2705","breadcrumb":{"@id":"https:\/\/tourtravelandmore.com\/fr\/tours\/espagne-fr\/bilbao-fr\/toutes-les-visites-et-activites-privees-fr-6\/visite-privee-de-saint-sebastien-et-biarritz\/#breadcrumb"},"inLanguage":"fr-FR","potentialAction":[{"@type":"ReadAction","target":["https:\/\/tourtravelandmore.com\/fr\/tours\/espagne-fr\/bilbao-fr\/toutes-les-visites-et-activites-privees-fr-6\/visite-privee-de-saint-sebastien-et-biarritz\/"]}]},{"@type":"ImageObject","inLanguage":"fr-FR","@id":"https:\/\/tourtravelandmore.com\/fr\/tours\/espagne-fr\/bilbao-fr\/toutes-les-visites-et-activites-privees-fr-6\/visite-privee-de-saint-sebastien-et-biarritz\/#primaryimage","url":"https:\/\/tourtravelandmore.com\/wp-content\/uploads\/2024\/01\/image3-4.jpg","contentUrl":"https:\/\/tourtravelandmore.com\/wp-content\/uploads\/2024\/01\/image3-4.jpg","width":950,"height":750},{"@type":"BreadcrumbList","@id":"https:\/\/tourtravelandmore.com\/fr\/tours\/espagne-fr\/bilbao-fr\/toutes-les-visites-et-activites-privees-fr-6\/visite-privee-de-saint-sebastien-et-biarritz\/#breadcrumb","itemListElement":[{"@type":"ListItem","position":1,"name":"Home","item":"https:\/\/tourtravelandmore.com\/fr\/"},{"@type":"ListItem","position":2,"name":"Tours","item":"https:\/\/tourtravelandmore.com\/fr\/tours\/"},{"@type":"ListItem","position":3,"name":"Visite priv\u00e9e de Saint-S\u00e9bastien et Biarritz"}]},{"@type":"WebSite","@id":"https:\/\/tourtravelandmore.com\/fr\/#website","url":"https:\/\/tourtravelandmore.com\/fr\/","name":"Tour Travel And More","description":"Private sightseeing tours and luxury transfers in Spain","publisher":{"@id":"https:\/\/tourtravelandmore.com\/fr\/#organization"},"potentialAction":[{"@type":"SearchAction","target":{"@type":"EntryPoint","urlTemplate":"https:\/\/tourtravelandmore.com\/fr\/?s={search_term_string}"},"query-input":{"@type":"PropertyValueSpecification","valueRequired":true,"valueName":"search_term_string"}}],"inLanguage":"fr-FR"},{"@type":"Organization","@id":"https:\/\/tourtravelandmore.com\/fr\/#organization","name":"Tour Travel And More","url":"https:\/\/tourtravelandmore.com\/fr\/","logo":{"@type":"ImageObject","inLanguage":"fr-FR","@id":"https:\/\/tourtravelandmore.com\/fr\/#\/schema\/logo\/image\/","url":"https:\/\/tourtravelandmore.com\/wp-content\/uploads\/2022\/12\/cropped-logo-cabecera-new.png","contentUrl":"https:\/\/tourtravelandmore.com\/wp-content\/uploads\/2022\/12\/cropped-logo-cabecera-new.png","width":430,"height":61,"caption":"Tour Travel And More"},"image":{"@id":"https:\/\/tourtravelandmore.com\/fr\/#\/schema\/logo\/image\/"},"sameAs":["https:\/\/www.facebook.com\/tourtravelandmore\/","https:\/\/x.com\/TourTravel_More"]}]}},"_links":{"self":[{"href":"https:\/\/tourtravelandmore.com\/fr\/wp-json\/wp\/v2\/product\/171852","targetHints":{"allow":["GET"]}}],"collection":[{"href":"https:\/\/tourtravelandmore.com\/fr\/wp-json\/wp\/v2\/product"}],"about":[{"href":"https:\/\/tourtravelandmore.com\/fr\/wp-json\/wp\/v2\/types\/product"}],"replies":[{"embeddable":true,"href":"https:\/\/tourtravelandmore.com\/fr\/wp-json\/wp\/v2\/comments?post=171852"}],"wp:featuredmedia":[{"embeddable":true,"href":"https:\/\/tourtravelandmore.com\/fr\/wp-json\/wp\/v2\/media\/171868"}],"wp:attachment":[{"href":"https:\/\/tourtravelandmore.com\/fr\/wp-json\/wp\/v2\/media?parent=171852"}],"wp:term":[{"taxonomy":"product_brand","embeddable":true,"href":"https:\/\/tourtravelandmore.com\/fr\/wp-json\/wp\/v2\/product_brand?post=171852"},{"taxonomy":"product_cat","embeddable":true,"href":"https:\/\/tourtravelandmore.com\/fr\/wp-json\/wp\/v2\/product_cat?post=171852"},{"taxonomy":"product_tag","embeddable":true,"href":"https:\/\/tourtravelandmore.com\/fr\/wp-json\/wp\/v2\/product_tag?post=171852"}],"curies":[{"name":"wp","href":"https:\/\/api.w.org\/{rel}","templated":true}]}}