{"id":171825,"date":"2024-01-01T17:26:03","date_gmt":"2024-01-01T16:26:05","guid":{"rendered":"https:\/\/tourtravelandmore.com\/?post_type=product&#038;p=171825"},"modified":"2024-01-05T13:09:55","modified_gmt":"2024-01-05T12:09:55","slug":"visite-privee-de-saint-sebastien-et-hondarribia-depuis-bilbao","status":"publish","type":"product","link":"https:\/\/tourtravelandmore.com\/fr\/tours\/espagne-fr\/bilbao-fr\/toutes-les-visites-et-activites-privees-fr-6\/visite-privee-de-saint-sebastien-et-hondarribia-depuis-bilbao\/","title":{"rendered":"Visite priv\u00e9e de Saint-S\u00e9bastien et Hondarribia depuis Bilbao"},"content":{"rendered":"<h2><b>Visite priv\u00e9e de Saint-S\u00e9bastien et Hondarribia depuis Bilbao Description<\/b><\/h2>\n<p><span style=\"font-weight: 400;\">Embarquez pour un voyage captivant de 10 heures depuis le c\u0153ur de Bilbao vers les villes de Saint-S\u00e9bastien et Hondarribia. Cette visite priv\u00e9e m\u00e9ticuleusement pr\u00e9par\u00e9e, pr\u00e9sent\u00e9e par Tour Travel and More, offre une exploration exclusive et approfondie de deux des destinations les plus enchanteresses du Pays basque. Votre journ\u00e9e commence dans le confort et le luxe d&#8217;un v\u00e9hicule priv\u00e9, qui vous emm\u00e8ne de Bilbao vers les splendeurs c\u00f4ti\u00e8res de Saint-S\u00e9bastien et Hondarribia.<\/span><\/p>\n<p><span style=\"font-weight: 400;\">Au cours de notre voyage \u00e0 travers le pittoresque paysage basque, votre guide personnel vous racontera des anecdotes et vous fera partager ses impressions, enrichissant ainsi votre compr\u00e9hension de cette r\u00e9gion culturelle unique. \u00c0 Saint-S\u00e9bastien, connue pour sa magnifique plage de La Concha et sa sc\u00e8ne culinaire dynamique, vous plongerez au c\u0153ur de la culture basque. Promenez-vous dans les rues \u00e9l\u00e9gantes de la ville, explorez sa vieille ville historique et laissez-vous tenter par les fameux pintxos locaux.<\/span><\/p>\n<p><span style=\"font-weight: 400;\">L&#8217;aventure se poursuit dans la ville moins connue mais tout aussi captivante de Hondarribia. Ici, l&#8217;histoire prend vie dans les rues pav\u00e9es \u00e9troites bord\u00e9es de maisons color\u00e9es, d&#8217;anciennes fortifications et d&#8217;un charmant port de plaisance qui t\u00e9moigne de son h\u00e9ritage maritime.<\/span><\/p>\n<p><span style=\"font-weight: 400;\">Ce circuit est plus qu&#8217;une simple visite touristique ; c&#8217;est un voyage \u00e0 travers l&#8217;histoire, la cuisine et des paysages \u00e0 couper le souffle, tout en profitant du confort et de la commodit\u00e9 d&#8217;un transport priv\u00e9 et de l&#8217;expertise d&#8217;un guide local.<\/span><\/p>\n<p><span style=\"font-weight: 400;\">\u00c0 Hondarribia, vous serez captiv\u00e9 par la fusion des influences fran\u00e7aises et espagnoles, \u00e9videntes dans son architecture et sa gastronomie. Cette ville, avec son centre m\u00e9di\u00e9val magnifiquement pr\u00e9serv\u00e9, offre une ambiance tranquille mais profond\u00e9ment historique. Explorez le Parador de Hondarribia, une forteresse devenue h\u00f4tel, et la Plaza de Armas, qui t\u00e9moigne du riche pass\u00e9 de la ville.<\/span><\/p>\n<p><span style=\"font-weight: 400;\">Au fil de la visite, vous aurez l&#8217;occasion d&#8217;admirer les vues \u00e9poustouflantes du golfe de Gascogne. Les vues panoramiques depuis les diff\u00e9rents points d&#8217;observation le long de la c\u00f4te sont vraiment fascinantes, cr\u00e9ant des moments parfaits qui incarnent la beaut\u00e9 du Pays basque.<\/span><\/p>\n<h2><b>Visite priv\u00e9e de Saint-S\u00e9bastien et Hondarribia depuis Bilbao Points forts<\/b><\/h2>\n<ul>\n<li style=\"font-weight: 400;\" aria-level=\"1\"><b>La vieille ville de Saint-S\u00e9bastien : <\/b><span style=\"font-weight: 400;\">Plongez au c\u0153ur de Saint-S\u00e9bastien en visitant sa vieille ville historique. Admirez l&#8217;architecture s\u00e9culaire et plongez dans l&#8217;atmosph\u00e8re anim\u00e9e de ce centre culturel.<\/span><\/li>\n<li style=\"font-weight: 400;\" aria-level=\"1\"><b>Plage de La Concha : <\/b><span style=\"font-weight: 400;\">Admirez la beaut\u00e9 de La Concha, l&#8217;une des plages urbaines les plus c\u00e9l\u00e8bres d&#8217;Europe. Sa forme en croissant et ses vues imprenables en font une destination incontournable.<\/span><\/li>\n<li style=\"font-weight: 400;\" aria-level=\"1\"><b>Le centre historique d&#8217;Hondarribia :<\/b><span style=\"font-weight: 400;\"> D\u00e9couvrez le charme de la vieille ville d&#8217;Hondarribia, un lieu o\u00f9 l&#8217;histoire m\u00e9di\u00e9vale rencontre l&#8217;architecture basque color\u00e9e.<\/span><\/li>\n<li style=\"font-weight: 400;\" aria-level=\"1\"><b>D\u00e9lices gastronomiques :<\/b><span style=\"font-weight: 400;\"> Laissez-vous tenter par les sp\u00e9cialit\u00e9s culinaires de la r\u00e9gion, des restaurants \u00e9toil\u00e9s au guide Michelin \u00e0 Saint-S\u00e9bastien aux restaurants basques traditionnels \u00e0 Hondarribia.<\/span><\/li>\n<li style=\"font-weight: 400;\" aria-level=\"1\"><b>Vues panoramiques de la c\u00f4te :<\/b><span style=\"font-weight: 400;\"> Tout au long de l&#8217;excursion, profitez de vues c\u00f4ti\u00e8res \u00e0 couper le souffle qui mettent en valeur la beaut\u00e9 naturelle du Pays basque.<\/span><\/li>\n<li style=\"font-weight: 400;\" aria-level=\"1\"><b>Aper\u00e7u culturel :<\/b><span style=\"font-weight: 400;\"> D\u00e9couvrez la culture et l&#8217;histoire basques gr\u00e2ce aux r\u00e9cits d&#8217;experts fournis par votre guide personnel.<\/span><\/li>\n<li style=\"font-weight: 400;\" aria-level=\"1\"><b>Itin\u00e9raire personnalisable :<\/b><span style=\"font-weight: 400;\"> Adaptez votre voyage \u00e0 vos centres d&#8217;int\u00e9r\u00eat. Que vous souhaitiez passer plus de temps sur la plage, explorer davantage de sites historiques ou profiter d&#8217;un d\u00e9jeuner tranquille, notre itin\u00e9raire flexible vous garantit que votre visite se d\u00e9roulera exactement comme vous le souhaitez.<\/span><\/li>\n<li style=\"font-weight: 400;\" aria-level=\"1\"><b>Sculptures de Peine del Viento :<\/b><span style=\"font-weight: 400;\"> Admirez les sculptures embl\u00e9matiques d&#8217;Eduardo Chillida \u00e0 Saint-S\u00e9bastien, avec la mer en toile de fond, qui r\u00e9sument l&#8217;esprit artistique de la ville.<\/span><\/li>\n<li style=\"font-weight: 400;\" aria-level=\"1\"><b>Palais Miramar :<\/b><span style=\"font-weight: 400;\"> Explorez l&#8217;\u00e9l\u00e9gant palais de Miramar \u00e0 Saint-S\u00e9bastien. Cette ancienne r\u00e9sidence royale offre non seulement des informations historiques, mais aussi des vues panoramiques sur les plages de la ville et le golfe de Gascogne.<\/span><\/li>\n<\/ul>\n<p><span style=\"font-weight: 400;\">D\u00e9couvrez le meilleur du Pays basque avec Tour Travel and More. <\/span><a href=\"https:\/\/tourtravelandmore.com\/fr\/city\/espagne-fr\/bilbao-fr\/\"><span style=\"font-weight: 400;\">Nos circuits priv\u00e9s au d\u00e9part de Bilbao sont con\u00e7us pour offrir un voyage intime, <\/span><\/a><span style=\"font-weight: 400;\">luxueux et inoubliable \u00e0 travers cette r\u00e9gion unique de l&#8217;Espagne. D\u00e9couvrez d&#8217;autres circuits et personnalisez votre exp\u00e9rience de voyage avec nous.<\/span><\/p>\n","protected":false},"excerpt":{"rendered":"<p><span style=\"font-weight: 400;\">Participez \u00e0 notre visite priv\u00e9e de Saint-S\u00e9bastien et Hondarribia au d\u00e9part de Bilbao pour une journ\u00e9e compl\u00e8te d&#8217;exploration de plages magnifiques, de villes historiques et d&#8217;une cuisine basque exquise. Avec un transport priv\u00e9 et des conseils d&#8217;experts, d\u00e9couvrez la beaut\u00e9 et la culture de ces deux villes remarquables.<\/span><\/p>\n","protected":false},"featured_media":171835,"comment_status":"open","ping_status":"closed","template":"","meta":{"_acf_changed":false},"product_brand":[],"product_cat":[4739,4737,4740,3574],"product_tag":[],"class_list":{"0":"post-171825","1":"product","2":"type-product","3":"status-publish","4":"has-post-thumbnail","6":"product_cat-excursions-a-terre-privees-fr","7":"product_cat-toutes-les-visites-et-activites-privees-fr-6","8":"product_cat-visites-guidees-privees-fr-8","9":"product_cat-bilbao-fr","11":"first","12":"instock","13":"shipping-taxable","14":"purchasable","15":"product-type-simple"},"acf":[],"yoast_head":"<!-- This site is optimized with the Yoast SEO Premium plugin v25.3.1 (Yoast SEO v25.3.1) - https:\/\/yoast.com\/wordpress\/plugins\/seo\/ -->\n<title>\u27a1\ufe0f D\u00e9couvrez Saint-S\u00e9bastien et Hondarribia lors d&#039;une visite priv\u00e9e luxueuse au d\u00e9part de Bilbao \u2705<\/title>\n<meta name=\"description\" content=\"Embarquez pour une visite priv\u00e9e de 10 heures au d\u00e9part de Bilbao pour d\u00e9couvrir les charmes de Saint-S\u00e9bastien et la beaut\u00e9 historique d&#039;Hondarribia, avec un transport de luxe et des guides experts. R\u00e9servez d\u00e8s maintenant ! \u2705\" \/>\n<meta name=\"robots\" content=\"index, follow, max-snippet:-1, max-image-preview:large, max-video-preview:-1\" \/>\n<link rel=\"canonical\" href=\"https:\/\/tourtravelandmore.com\/fr\/tours\/espagne-fr\/bilbao-fr\/toutes-les-visites-et-activites-privees-fr-6\/visite-privee-de-saint-sebastien-et-hondarribia-depuis-bilbao\/\" \/>\n<meta property=\"og:locale\" content=\"fr_FR\" \/>\n<meta property=\"og:type\" content=\"article\" \/>\n<meta property=\"og:title\" content=\"Visite priv\u00e9e de Saint-S\u00e9bastien et Hondarribia depuis Bilbao\" \/>\n<meta property=\"og:description\" content=\"Embarquez pour une visite priv\u00e9e de 10 heures au d\u00e9part de Bilbao pour d\u00e9couvrir les charmes de Saint-S\u00e9bastien et la beaut\u00e9 historique d&#039;Hondarribia, avec un transport de luxe et des guides experts. R\u00e9servez d\u00e8s maintenant ! \u2705\" \/>\n<meta property=\"og:url\" content=\"https:\/\/tourtravelandmore.com\/fr\/tours\/espagne-fr\/bilbao-fr\/toutes-les-visites-et-activites-privees-fr-6\/visite-privee-de-saint-sebastien-et-hondarribia-depuis-bilbao\/\" \/>\n<meta property=\"og:site_name\" content=\"Tour Travel And More\" \/>\n<meta property=\"article:publisher\" content=\"https:\/\/www.facebook.com\/tourtravelandmore\/\" \/>\n<meta property=\"article:modified_time\" content=\"2024-01-05T12:09:55+00:00\" \/>\n<meta property=\"og:image\" content=\"https:\/\/tourtravelandmore.com\/wp-content\/uploads\/2024\/01\/image1-3.jpg\" \/>\n\t<meta property=\"og:image:width\" content=\"950\" \/>\n\t<meta property=\"og:image:height\" content=\"750\" \/>\n\t<meta property=\"og:image:type\" content=\"image\/jpeg\" \/>\n<meta name=\"twitter:card\" content=\"summary_large_image\" \/>\n<meta name=\"twitter:site\" content=\"@TourTravel_More\" \/>\n<meta name=\"twitter:label1\" content=\"Dur\u00e9e de lecture estim\u00e9e\" \/>\n\t<meta name=\"twitter:data1\" content=\"4 minutes\" \/>\n<script type=\"application\/ld+json\" class=\"yoast-schema-graph\">{\"@context\":\"https:\/\/schema.org\",\"@graph\":[{\"@type\":\"WebPage\",\"@id\":\"https:\/\/tourtravelandmore.com\/fr\/tours\/espagne-fr\/bilbao-fr\/toutes-les-visites-et-activites-privees-fr-6\/visite-privee-de-saint-sebastien-et-hondarribia-depuis-bilbao\/\",\"url\":\"https:\/\/tourtravelandmore.com\/fr\/tours\/espagne-fr\/bilbao-fr\/toutes-les-visites-et-activites-privees-fr-6\/visite-privee-de-saint-sebastien-et-hondarribia-depuis-bilbao\/\",\"name\":\"\u27a1\ufe0f D\u00e9couvrez Saint-S\u00e9bastien et Hondarribia lors d'une visite priv\u00e9e luxueuse au d\u00e9part de Bilbao \u2705\",\"isPartOf\":{\"@id\":\"https:\/\/tourtravelandmore.com\/fr\/#website\"},\"primaryImageOfPage\":{\"@id\":\"https:\/\/tourtravelandmore.com\/fr\/tours\/espagne-fr\/bilbao-fr\/toutes-les-visites-et-activites-privees-fr-6\/visite-privee-de-saint-sebastien-et-hondarribia-depuis-bilbao\/#primaryimage\"},\"image\":{\"@id\":\"https:\/\/tourtravelandmore.com\/fr\/tours\/espagne-fr\/bilbao-fr\/toutes-les-visites-et-activites-privees-fr-6\/visite-privee-de-saint-sebastien-et-hondarribia-depuis-bilbao\/#primaryimage\"},\"thumbnailUrl\":\"https:\/\/tourtravelandmore.com\/wp-content\/uploads\/2024\/01\/image1-3.jpg\",\"datePublished\":\"2024-01-01T16:26:05+00:00\",\"dateModified\":\"2024-01-05T12:09:55+00:00\",\"description\":\"Embarquez pour une visite priv\u00e9e de 10 heures au d\u00e9part de Bilbao pour d\u00e9couvrir les charmes de Saint-S\u00e9bastien et la beaut\u00e9 historique d'Hondarribia, avec un transport de luxe et des guides experts. R\u00e9servez d\u00e8s maintenant ! \u2705\",\"breadcrumb\":{\"@id\":\"https:\/\/tourtravelandmore.com\/fr\/tours\/espagne-fr\/bilbao-fr\/toutes-les-visites-et-activites-privees-fr-6\/visite-privee-de-saint-sebastien-et-hondarribia-depuis-bilbao\/#breadcrumb\"},\"inLanguage\":\"fr-FR\",\"potentialAction\":[{\"@type\":\"ReadAction\",\"target\":[\"https:\/\/tourtravelandmore.com\/fr\/tours\/espagne-fr\/bilbao-fr\/toutes-les-visites-et-activites-privees-fr-6\/visite-privee-de-saint-sebastien-et-hondarribia-depuis-bilbao\/\"]}]},{\"@type\":\"ImageObject\",\"inLanguage\":\"fr-FR\",\"@id\":\"https:\/\/tourtravelandmore.com\/fr\/tours\/espagne-fr\/bilbao-fr\/toutes-les-visites-et-activites-privees-fr-6\/visite-privee-de-saint-sebastien-et-hondarribia-depuis-bilbao\/#primaryimage\",\"url\":\"https:\/\/tourtravelandmore.com\/wp-content\/uploads\/2024\/01\/image1-3.jpg\",\"contentUrl\":\"https:\/\/tourtravelandmore.com\/wp-content\/uploads\/2024\/01\/image1-3.jpg\",\"width\":950,\"height\":750},{\"@type\":\"BreadcrumbList\",\"@id\":\"https:\/\/tourtravelandmore.com\/fr\/tours\/espagne-fr\/bilbao-fr\/toutes-les-visites-et-activites-privees-fr-6\/visite-privee-de-saint-sebastien-et-hondarribia-depuis-bilbao\/#breadcrumb\",\"itemListElement\":[{\"@type\":\"ListItem\",\"position\":1,\"name\":\"Home\",\"item\":\"https:\/\/tourtravelandmore.com\/fr\/\"},{\"@type\":\"ListItem\",\"position\":2,\"name\":\"Tours\",\"item\":\"https:\/\/tourtravelandmore.com\/fr\/tours\/\"},{\"@type\":\"ListItem\",\"position\":3,\"name\":\"Visite priv\u00e9e de Saint-S\u00e9bastien et Hondarribia depuis Bilbao\"}]},{\"@type\":\"WebSite\",\"@id\":\"https:\/\/tourtravelandmore.com\/fr\/#website\",\"url\":\"https:\/\/tourtravelandmore.com\/fr\/\",\"name\":\"Tour Travel And More\",\"description\":\"Private sightseeing tours and luxury transfers in Spain\",\"publisher\":{\"@id\":\"https:\/\/tourtravelandmore.com\/fr\/#organization\"},\"potentialAction\":[{\"@type\":\"SearchAction\",\"target\":{\"@type\":\"EntryPoint\",\"urlTemplate\":\"https:\/\/tourtravelandmore.com\/fr\/?s={search_term_string}\"},\"query-input\":{\"@type\":\"PropertyValueSpecification\",\"valueRequired\":true,\"valueName\":\"search_term_string\"}}],\"inLanguage\":\"fr-FR\"},{\"@type\":\"Organization\",\"@id\":\"https:\/\/tourtravelandmore.com\/fr\/#organization\",\"name\":\"Tour Travel And More\",\"url\":\"https:\/\/tourtravelandmore.com\/fr\/\",\"logo\":{\"@type\":\"ImageObject\",\"inLanguage\":\"fr-FR\",\"@id\":\"https:\/\/tourtravelandmore.com\/fr\/#\/schema\/logo\/image\/\",\"url\":\"https:\/\/tourtravelandmore.com\/wp-content\/uploads\/2022\/12\/cropped-logo-cabecera-new.png\",\"contentUrl\":\"https:\/\/tourtravelandmore.com\/wp-content\/uploads\/2022\/12\/cropped-logo-cabecera-new.png\",\"width\":430,\"height\":61,\"caption\":\"Tour Travel And More\"},\"image\":{\"@id\":\"https:\/\/tourtravelandmore.com\/fr\/#\/schema\/logo\/image\/\"},\"sameAs\":[\"https:\/\/www.facebook.com\/tourtravelandmore\/\",\"https:\/\/x.com\/TourTravel_More\"]}]}<\/script>\n<!-- \/ Yoast SEO Premium plugin. -->","yoast_head_json":{"title":"\u27a1\ufe0f D\u00e9couvrez Saint-S\u00e9bastien et Hondarribia lors d'une visite priv\u00e9e luxueuse au d\u00e9part de Bilbao \u2705","description":"Embarquez pour une visite priv\u00e9e de 10 heures au d\u00e9part de Bilbao pour d\u00e9couvrir les charmes de Saint-S\u00e9bastien et la beaut\u00e9 historique d'Hondarribia, avec un transport de luxe et des guides experts. R\u00e9servez d\u00e8s maintenant ! \u2705","robots":{"index":"index","follow":"follow","max-snippet":"max-snippet:-1","max-image-preview":"max-image-preview:large","max-video-preview":"max-video-preview:-1"},"canonical":"https:\/\/tourtravelandmore.com\/fr\/tours\/espagne-fr\/bilbao-fr\/toutes-les-visites-et-activites-privees-fr-6\/visite-privee-de-saint-sebastien-et-hondarribia-depuis-bilbao\/","og_locale":"fr_FR","og_type":"article","og_title":"Visite priv\u00e9e de Saint-S\u00e9bastien et Hondarribia depuis Bilbao","og_description":"Embarquez pour une visite priv\u00e9e de 10 heures au d\u00e9part de Bilbao pour d\u00e9couvrir les charmes de Saint-S\u00e9bastien et la beaut\u00e9 historique d'Hondarribia, avec un transport de luxe et des guides experts. R\u00e9servez d\u00e8s maintenant ! \u2705","og_url":"https:\/\/tourtravelandmore.com\/fr\/tours\/espagne-fr\/bilbao-fr\/toutes-les-visites-et-activites-privees-fr-6\/visite-privee-de-saint-sebastien-et-hondarribia-depuis-bilbao\/","og_site_name":"Tour Travel And More","article_publisher":"https:\/\/www.facebook.com\/tourtravelandmore\/","article_modified_time":"2024-01-05T12:09:55+00:00","og_image":[{"width":950,"height":750,"url":"https:\/\/tourtravelandmore.com\/wp-content\/uploads\/2024\/01\/image1-3.jpg","type":"image\/jpeg"}],"twitter_card":"summary_large_image","twitter_site":"@TourTravel_More","twitter_misc":{"Dur\u00e9e de lecture estim\u00e9e":"4 minutes"},"schema":{"@context":"https:\/\/schema.org","@graph":[{"@type":"WebPage","@id":"https:\/\/tourtravelandmore.com\/fr\/tours\/espagne-fr\/bilbao-fr\/toutes-les-visites-et-activites-privees-fr-6\/visite-privee-de-saint-sebastien-et-hondarribia-depuis-bilbao\/","url":"https:\/\/tourtravelandmore.com\/fr\/tours\/espagne-fr\/bilbao-fr\/toutes-les-visites-et-activites-privees-fr-6\/visite-privee-de-saint-sebastien-et-hondarribia-depuis-bilbao\/","name":"\u27a1\ufe0f D\u00e9couvrez Saint-S\u00e9bastien et Hondarribia lors d'une visite priv\u00e9e luxueuse au d\u00e9part de Bilbao \u2705","isPartOf":{"@id":"https:\/\/tourtravelandmore.com\/fr\/#website"},"primaryImageOfPage":{"@id":"https:\/\/tourtravelandmore.com\/fr\/tours\/espagne-fr\/bilbao-fr\/toutes-les-visites-et-activites-privees-fr-6\/visite-privee-de-saint-sebastien-et-hondarribia-depuis-bilbao\/#primaryimage"},"image":{"@id":"https:\/\/tourtravelandmore.com\/fr\/tours\/espagne-fr\/bilbao-fr\/toutes-les-visites-et-activites-privees-fr-6\/visite-privee-de-saint-sebastien-et-hondarribia-depuis-bilbao\/#primaryimage"},"thumbnailUrl":"https:\/\/tourtravelandmore.com\/wp-content\/uploads\/2024\/01\/image1-3.jpg","datePublished":"2024-01-01T16:26:05+00:00","dateModified":"2024-01-05T12:09:55+00:00","description":"Embarquez pour une visite priv\u00e9e de 10 heures au d\u00e9part de Bilbao pour d\u00e9couvrir les charmes de Saint-S\u00e9bastien et la beaut\u00e9 historique d'Hondarribia, avec un transport de luxe et des guides experts. R\u00e9servez d\u00e8s maintenant ! \u2705","breadcrumb":{"@id":"https:\/\/tourtravelandmore.com\/fr\/tours\/espagne-fr\/bilbao-fr\/toutes-les-visites-et-activites-privees-fr-6\/visite-privee-de-saint-sebastien-et-hondarribia-depuis-bilbao\/#breadcrumb"},"inLanguage":"fr-FR","potentialAction":[{"@type":"ReadAction","target":["https:\/\/tourtravelandmore.com\/fr\/tours\/espagne-fr\/bilbao-fr\/toutes-les-visites-et-activites-privees-fr-6\/visite-privee-de-saint-sebastien-et-hondarribia-depuis-bilbao\/"]}]},{"@type":"ImageObject","inLanguage":"fr-FR","@id":"https:\/\/tourtravelandmore.com\/fr\/tours\/espagne-fr\/bilbao-fr\/toutes-les-visites-et-activites-privees-fr-6\/visite-privee-de-saint-sebastien-et-hondarribia-depuis-bilbao\/#primaryimage","url":"https:\/\/tourtravelandmore.com\/wp-content\/uploads\/2024\/01\/image1-3.jpg","contentUrl":"https:\/\/tourtravelandmore.com\/wp-content\/uploads\/2024\/01\/image1-3.jpg","width":950,"height":750},{"@type":"BreadcrumbList","@id":"https:\/\/tourtravelandmore.com\/fr\/tours\/espagne-fr\/bilbao-fr\/toutes-les-visites-et-activites-privees-fr-6\/visite-privee-de-saint-sebastien-et-hondarribia-depuis-bilbao\/#breadcrumb","itemListElement":[{"@type":"ListItem","position":1,"name":"Home","item":"https:\/\/tourtravelandmore.com\/fr\/"},{"@type":"ListItem","position":2,"name":"Tours","item":"https:\/\/tourtravelandmore.com\/fr\/tours\/"},{"@type":"ListItem","position":3,"name":"Visite priv\u00e9e de Saint-S\u00e9bastien et Hondarribia depuis Bilbao"}]},{"@type":"WebSite","@id":"https:\/\/tourtravelandmore.com\/fr\/#website","url":"https:\/\/tourtravelandmore.com\/fr\/","name":"Tour Travel And More","description":"Private sightseeing tours and luxury transfers in Spain","publisher":{"@id":"https:\/\/tourtravelandmore.com\/fr\/#organization"},"potentialAction":[{"@type":"SearchAction","target":{"@type":"EntryPoint","urlTemplate":"https:\/\/tourtravelandmore.com\/fr\/?s={search_term_string}"},"query-input":{"@type":"PropertyValueSpecification","valueRequired":true,"valueName":"search_term_string"}}],"inLanguage":"fr-FR"},{"@type":"Organization","@id":"https:\/\/tourtravelandmore.com\/fr\/#organization","name":"Tour Travel And More","url":"https:\/\/tourtravelandmore.com\/fr\/","logo":{"@type":"ImageObject","inLanguage":"fr-FR","@id":"https:\/\/tourtravelandmore.com\/fr\/#\/schema\/logo\/image\/","url":"https:\/\/tourtravelandmore.com\/wp-content\/uploads\/2022\/12\/cropped-logo-cabecera-new.png","contentUrl":"https:\/\/tourtravelandmore.com\/wp-content\/uploads\/2022\/12\/cropped-logo-cabecera-new.png","width":430,"height":61,"caption":"Tour Travel And More"},"image":{"@id":"https:\/\/tourtravelandmore.com\/fr\/#\/schema\/logo\/image\/"},"sameAs":["https:\/\/www.facebook.com\/tourtravelandmore\/","https:\/\/x.com\/TourTravel_More"]}]}},"_links":{"self":[{"href":"https:\/\/tourtravelandmore.com\/fr\/wp-json\/wp\/v2\/product\/171825","targetHints":{"allow":["GET"]}}],"collection":[{"href":"https:\/\/tourtravelandmore.com\/fr\/wp-json\/wp\/v2\/product"}],"about":[{"href":"https:\/\/tourtravelandmore.com\/fr\/wp-json\/wp\/v2\/types\/product"}],"replies":[{"embeddable":true,"href":"https:\/\/tourtravelandmore.com\/fr\/wp-json\/wp\/v2\/comments?post=171825"}],"wp:featuredmedia":[{"embeddable":true,"href":"https:\/\/tourtravelandmore.com\/fr\/wp-json\/wp\/v2\/media\/171835"}],"wp:attachment":[{"href":"https:\/\/tourtravelandmore.com\/fr\/wp-json\/wp\/v2\/media?parent=171825"}],"wp:term":[{"taxonomy":"product_brand","embeddable":true,"href":"https:\/\/tourtravelandmore.com\/fr\/wp-json\/wp\/v2\/product_brand?post=171825"},{"taxonomy":"product_cat","embeddable":true,"href":"https:\/\/tourtravelandmore.com\/fr\/wp-json\/wp\/v2\/product_cat?post=171825"},{"taxonomy":"product_tag","embeddable":true,"href":"https:\/\/tourtravelandmore.com\/fr\/wp-json\/wp\/v2\/product_tag?post=171825"}],"curies":[{"name":"wp","href":"https:\/\/api.w.org\/{rel}","templated":true}]}}