{"id":171798,"date":"2024-01-01T17:04:26","date_gmt":"2024-01-01T16:04:28","guid":{"rendered":"https:\/\/tourtravelandmore.com\/?post_type=product&#038;p=171798"},"modified":"2024-01-05T13:07:58","modified_gmt":"2024-01-05T12:07:58","slug":"visite-privee-a-pied-de-bilbao-avec-le-musee-guggenheim","status":"publish","type":"product","link":"https:\/\/tourtravelandmore.com\/fr\/tours\/espagne-fr\/bilbao-fr\/toutes-les-visites-et-activites-privees-fr-6\/visite-privee-a-pied-de-bilbao-avec-le-musee-guggenheim\/","title":{"rendered":"Visite priv\u00e9e \u00e0 pied de Bilbao avec le Mus\u00e9e Guggenheim"},"content":{"rendered":"<h2><b>Visite priv\u00e9e \u00e0 pied de Bilbao avec le mus\u00e9e Guggenheim Description<\/b><\/h2>\n<p><span style=\"font-weight: 400;\">Profitez d&#8217;une exploration de Bilbao riche en culture et visuellement \u00e9tonnante gr\u00e2ce \u00e0 notre &#8220;Visite priv\u00e9e \u00e0 pied de Bilbao avec le mus\u00e9e Guggenheim&#8221;. Cette visite de 4 heures, men\u00e9e par un guide expert, est con\u00e7ue pour d\u00e9voiler la beaut\u00e9 et l&#8217;histoire de Bilbao, une ville qui a magistralement m\u00eal\u00e9 son pass\u00e9 industriel \u00e0 une architecture d&#8217;avant-garde et \u00e0 des sc\u00e8nes culturelles vibrantes. Votre visite comprendra l&#8217;embl\u00e9matique mus\u00e9e Guggenheim, r\u00e9put\u00e9 pour ses collections d&#8217;art moderne et contemporain et son design \u00e9poustouflant.<\/span><\/p>\n<p><span style=\"font-weight: 400;\">Notre guide vous emm\u00e8nera dans les rues sinueuses de Bilbao, o\u00f9 l&#8217;histoire et la modernit\u00e9 se m\u00e9langent harmonieusement. Du Casco Viejo (vieille ville) historique aux monuments futuristes qui ont remodel\u00e9 l&#8217;horizon de la ville, chaque \u00e9tape de cette visite est remplie d&#8217;images et d&#8217;histoires fascinantes. Vous d\u00e9couvrirez la transformation de la ville, qui est pass\u00e9e d&#8217;un grand centre industriel \u00e0 un haut lieu de la culture mondiale.<\/span><\/p>\n<p><span style=\"font-weight: 400;\">La visite du mus\u00e9e Guggenheim, symbole de la renaissance culturelle de Bilbao, sera l&#8217;un des temps forts de ce circuit. Vous y d\u00e9couvrirez un monde d&#8217;expositions d&#8217;art exceptionnelles au sein d&#8217;une merveille architecturale. La conception innovante du mus\u00e9e par Frank Gehry est un spectacle magnifique. \u00c0 l&#8217;int\u00e9rieur, une collection d&#8217;art moderne et contemporain vous attend, promettant de vous enchanter et de vous inspirer.<\/span><\/p>\n<p><span style=\"font-weight: 400;\">Tout au long de la visite, votre guide vous donnera un aper\u00e7u captivant de la culture, de l&#8217;histoire et de l&#8217;architecture de Bilbao. La visite est con\u00e7ue pour \u00eatre attrayante et informative, garantissant une exp\u00e9rience m\u00e9morable pour les amateurs d&#8217;art, les passionn\u00e9s d&#8217;histoire et les visiteurs occasionnels.<\/span><\/p>\n<p><span style=\"font-weight: 400;\">Au fur et \u00e0 mesure de la visite, vous vous immergerez dans l&#8217;atmosph\u00e8re vibrante des rues de Bilbao, pleines de vie et d&#8217;expressions artistiques. Votre guide vous conduira vers des sites importants mais souvent m\u00e9connus, r\u00e9v\u00e9lant les joyaux cach\u00e9s qui contribuent au caract\u00e8re unique de la ville. Il s&#8217;agit notamment du pittoresque front de mer, c\u0153ur du patrimoine industriel de Bilbao, aujourd&#8217;hui transform\u00e9 en espace de loisirs et d&#8217;activit\u00e9s culturelles.<\/span><\/p>\n<p><span style=\"font-weight: 400;\">La visite \u00e0 pied offre \u00e9galement l&#8217;occasion d&#8217;assister \u00e0 la fusion de la culture basque traditionnelle et des influences mondiales. Vous passerez devant des boutiques d&#8217;artisans locaux, des installations d&#8217;art contemporain et des espaces publics qui t\u00e9moignent de l&#8217;engagement de la ville en faveur de la diversit\u00e9 culturelle et de la libert\u00e9 artistique.<\/span><\/p>\n<h2><b>Visite priv\u00e9e \u00e0 pied de Bilbao avec les points forts du mus\u00e9e Guggenheim<\/b><\/h2>\n<ul>\n<li style=\"font-weight: 400;\" aria-level=\"1\"><b>Mus\u00e9e Guggenheim :<\/b><span style=\"font-weight: 400;\"> D\u00e9couvrez la splendeur architecturale et les tr\u00e9sors artistiques de ce mus\u00e9e de renomm\u00e9e mondiale. \u00c9merveillez-vous devant ses collections d&#8217;art contemporain et moderne, toutes situ\u00e9es dans un b\u00e2timent qui est un chef-d&#8217;\u0153uvre de l&#8217;architecture du XXe si\u00e8cle.<\/span><\/li>\n<li style=\"font-weight: 400;\" aria-level=\"1\"><b>Casco Viejo (vieille ville) :<\/b><span style=\"font-weight: 400;\"> Fl\u00e2nez dans les charmantes rues du c\u0153ur historique de Bilbao, o\u00f9 des b\u00e2timents centenaires abritent des boutiques pittoresques, des caf\u00e9s et des places anim\u00e9es.<\/span><\/li>\n<li style=\"font-weight: 400;\" aria-level=\"1\"><b>Place Moy\u00faa :<\/b><span style=\"font-weight: 400;\"> D\u00e9couvrez ce centre ville anim\u00e9, m\u00e9lange parfait de l&#8217;architecture traditionnelle de Bilbao et du d\u00e9veloppement urbain contemporain.<\/span><\/li>\n<li style=\"font-weight: 400;\" aria-level=\"1\"><b>Pont Zubizuri :<\/b><span style=\"font-weight: 400;\"> Admirez la conception innovante du pont de Santiago Calatrava, symbole de la modernisation et de l&#8217;ing\u00e9niosit\u00e9 architecturale de Bilbao.<\/span><\/li>\n<li style=\"font-weight: 400;\" aria-level=\"1\"><b>Mus\u00e9e des beaux-arts de Bilbao : <\/b><span style=\"font-weight: 400;\">Explorez la collection d&#8217;\u0153uvres d&#8217;art du XIIe si\u00e8cle \u00e0 l&#8217;\u00e9poque moderne, qui t\u00e9moigne du riche patrimoine artistique de la r\u00e9gion basque.<\/span><\/li>\n<li style=\"font-weight: 400;\" aria-level=\"1\"><b>Rue Ib\u00e1\u00f1ez de Bilbao :<\/b><span style=\"font-weight: 400;\"> Fl\u00e2nez dans cette rue embl\u00e9matique de Bilbao, connue pour son atmosph\u00e8re vibrante et son \u00e9ventail de boutiques, de caf\u00e9s et de galeries d&#8217;art. Elle incarne la culture urbaine vivante de la ville et constitue un endroit id\u00e9al pour d\u00e9couvrir la vie locale.<\/span><\/li>\n<li style=\"font-weight: 400;\" aria-level=\"1\"><b>Gran Via :<\/b><span style=\"font-weight: 400;\"> Cette grande art\u00e8re de Bilbao est un centre d&#8217;activit\u00e9 commerciale et culturelle. Bord\u00e9e de b\u00e2timents impressionnants, elle refl\u00e8te la croissance et la prosp\u00e9rit\u00e9 de la ville au fil des ans. La Gran Via t\u00e9moigne du m\u00e9lange de charme traditionnel et de dynamisme moderne de Bilbao.<\/span><\/li>\n<li style=\"font-weight: 400;\" aria-level=\"1\"><b>Th\u00e9\u00e2tre Arriaga :<\/b><span style=\"font-weight: 400;\"> Visitez ce th\u00e9\u00e2tre embl\u00e9matique de Bilbao, un point de rep\u00e8re culturel connu pour son architecture \u00e9tonnante et son riche programme de spectacles. Le th\u00e9\u00e2tre Arriaga n&#8217;est pas seulement un lieu de divertissement, c&#8217;est un symbole du patrimoine artistique et de la sc\u00e8ne culturelle dynamique de la ville.<\/span><\/li>\n<li style=\"font-weight: 400;\" aria-level=\"1\"><b>Vues panoramiques depuis le mont Artxanda <\/b><span style=\"font-weight: 400;\">: Pour une perspective diff\u00e9rente, prenez le temps d&#8217;admirer Bilbao depuis le mont Artxanda. Les vues panoramiques de la ville, du fleuve et des paysages environnants sont \u00e0 couper le souffle et offrent une occasion parfaite de prendre des photos.<\/span><\/li>\n<li style=\"font-weight: 400;\" aria-level=\"1\"><b>D\u00e9lices gastronomiques locaux :<\/b><span style=\"font-weight: 400;\"> La visite de Bilbao ne serait pas compl\u00e8te sans la d\u00e9couverte de ses sp\u00e9cialit\u00e9s culinaires. Go\u00fbtez aux plats traditionnels basques et d\u00e9gustez les c\u00e9l\u00e8bres pintxos de la ville, une fa\u00e7on d\u00e9licieuse de vous immerger dans la culture et les saveurs locales.<\/span><\/li>\n<\/ul>\n<p><span style=\"font-weight: 400;\">Tout en vous immergeant dans la culture et la beaut\u00e9 de Bilbao, cette visite \u00e0 pied vous offrira une exp\u00e9rience compl\u00e8te et captivante, adapt\u00e9e \u00e0 vos int\u00e9r\u00eats et \u00e0 vos pr\u00e9f\u00e9rences. Gr\u00e2ce aux informations exclusives de votre guide et \u00e0 l&#8217;acc\u00e8s prioritaire au mus\u00e9e Guggenheim, cette visite est un must pour tous ceux qui souhaitent plonger au c\u0153ur de Bilbao.<\/span><\/p>\n<p><span style=\"font-weight: 400;\">D\u00e9couvrez Bilbao et ses environs avec Tour Travel and More. Nous proposons une vari\u00e9t\u00e9 de visites priv\u00e9es, chacune promettant une exp\u00e9rience unique et personnalis\u00e9e. Que vous souhaitiez d\u00e9couvrir les merveilles architecturales de Bilbao, go\u00fbter aux d\u00e9lices culinaires de la r\u00e9gion ou vous aventurer dans les environs, l&#8217;\u00e9quipe de Tour Travel and More peut cr\u00e9er l&#8217;itin\u00e9raire id\u00e9al pour vous. <\/span><a href=\"https:\/\/tourtravelandmore.com\/fr\/city\/espagne-fr\/bilbao-fr\/\"><span style=\"font-weight: 400;\">Visitez Tour Travel and More pour plus d&#8217;informations et pour r\u00e9server votre prochain voyage inoubliable.<\/span><\/a><\/p>\n","protected":false},"excerpt":{"rendered":"<p><span style=\"font-weight: 400;\">Participez \u00e0 notre &#8220;Private Walking Tour of Bilbao with Guggenheim Museum&#8221; pour une exploration intime de la riche tapisserie culturelle de Bilbao. Des rues historiques du Casco Viejo aux merveilles modernes du Mus\u00e9e Guggenheim, d\u00e9couvrez le meilleur de Bilbao avec notre guide expert. L&#8217;entr\u00e9e au mus\u00e9e et une exp\u00e9rience unique \u00e0 Bilbao vous attendent !<\/span><\/p>\n","protected":false},"featured_media":171808,"comment_status":"open","ping_status":"closed","template":"","meta":{"_acf_changed":false},"product_brand":[],"product_cat":[4739,4738,4737,4742,3574],"product_tag":[],"class_list":{"0":"post-171798","1":"product","2":"type-product","3":"status-publish","4":"has-post-thumbnail","6":"product_cat-excursions-a-terre-privees-fr","7":"product_cat-excursions-privees-dune-journee-fr-5","8":"product_cat-toutes-les-visites-et-activites-privees-fr-6","9":"product_cat-visites-a-pied-privees-fr-8","10":"product_cat-bilbao-fr","12":"first","13":"instock","14":"shipping-taxable","15":"purchasable","16":"product-type-simple"},"acf":[],"yoast_head":"<!-- This site is optimized with the Yoast SEO Premium plugin v25.3.1 (Yoast SEO v25.3.1) - https:\/\/yoast.com\/wordpress\/plugins\/seo\/ -->\n<title>\u27a1\ufe0f D\u00e9couvrez l&#039;art et la culture de Bilbao : Visite priv\u00e9e du mus\u00e9e Guggenheim | Tour Travel and More \u2705<\/title>\n<meta name=\"description\" content=\"Explorez le meilleur de Bilbao lors d&#039;une visite priv\u00e9e \u00e0 pied avec un acc\u00e8s exclusif au mus\u00e9e Guggenheim. Des guides experts, des aper\u00e7us historiques et des exp\u00e9riences inoubliables vous attendent. \u2705\" \/>\n<meta name=\"robots\" content=\"index, follow, max-snippet:-1, max-image-preview:large, max-video-preview:-1\" \/>\n<link rel=\"canonical\" href=\"https:\/\/tourtravelandmore.com\/fr\/tours\/espagne-fr\/bilbao-fr\/toutes-les-visites-et-activites-privees-fr-6\/visite-privee-a-pied-de-bilbao-avec-le-musee-guggenheim\/\" \/>\n<meta property=\"og:locale\" content=\"fr_FR\" \/>\n<meta property=\"og:type\" content=\"article\" \/>\n<meta property=\"og:title\" content=\"Visite priv\u00e9e \u00e0 pied de Bilbao avec le Mus\u00e9e Guggenheim\" \/>\n<meta property=\"og:description\" content=\"Explorez le meilleur de Bilbao lors d&#039;une visite priv\u00e9e \u00e0 pied avec un acc\u00e8s exclusif au mus\u00e9e Guggenheim. Des guides experts, des aper\u00e7us historiques et des exp\u00e9riences inoubliables vous attendent. \u2705\" \/>\n<meta property=\"og:url\" content=\"https:\/\/tourtravelandmore.com\/fr\/tours\/espagne-fr\/bilbao-fr\/toutes-les-visites-et-activites-privees-fr-6\/visite-privee-a-pied-de-bilbao-avec-le-musee-guggenheim\/\" \/>\n<meta property=\"og:site_name\" content=\"Tour Travel And More\" \/>\n<meta property=\"article:publisher\" content=\"https:\/\/www.facebook.com\/tourtravelandmore\/\" \/>\n<meta property=\"article:modified_time\" content=\"2024-01-05T12:07:58+00:00\" \/>\n<meta property=\"og:image\" content=\"https:\/\/tourtravelandmore.com\/wp-content\/uploads\/2024\/01\/image1-2.jpg\" \/>\n\t<meta property=\"og:image:width\" content=\"950\" \/>\n\t<meta property=\"og:image:height\" content=\"750\" \/>\n\t<meta property=\"og:image:type\" content=\"image\/jpeg\" \/>\n<meta name=\"twitter:card\" content=\"summary_large_image\" \/>\n<meta name=\"twitter:site\" content=\"@TourTravel_More\" \/>\n<meta name=\"twitter:label1\" content=\"Dur\u00e9e de lecture estim\u00e9e\" \/>\n\t<meta name=\"twitter:data1\" content=\"5 minutes\" \/>\n<script type=\"application\/ld+json\" class=\"yoast-schema-graph\">{\"@context\":\"https:\/\/schema.org\",\"@graph\":[{\"@type\":\"WebPage\",\"@id\":\"https:\/\/tourtravelandmore.com\/fr\/tours\/espagne-fr\/bilbao-fr\/toutes-les-visites-et-activites-privees-fr-6\/visite-privee-a-pied-de-bilbao-avec-le-musee-guggenheim\/\",\"url\":\"https:\/\/tourtravelandmore.com\/fr\/tours\/espagne-fr\/bilbao-fr\/toutes-les-visites-et-activites-privees-fr-6\/visite-privee-a-pied-de-bilbao-avec-le-musee-guggenheim\/\",\"name\":\"\u27a1\ufe0f D\u00e9couvrez l'art et la culture de Bilbao : Visite priv\u00e9e du mus\u00e9e Guggenheim | Tour Travel and More \u2705\",\"isPartOf\":{\"@id\":\"https:\/\/tourtravelandmore.com\/fr\/#website\"},\"primaryImageOfPage\":{\"@id\":\"https:\/\/tourtravelandmore.com\/fr\/tours\/espagne-fr\/bilbao-fr\/toutes-les-visites-et-activites-privees-fr-6\/visite-privee-a-pied-de-bilbao-avec-le-musee-guggenheim\/#primaryimage\"},\"image\":{\"@id\":\"https:\/\/tourtravelandmore.com\/fr\/tours\/espagne-fr\/bilbao-fr\/toutes-les-visites-et-activites-privees-fr-6\/visite-privee-a-pied-de-bilbao-avec-le-musee-guggenheim\/#primaryimage\"},\"thumbnailUrl\":\"https:\/\/tourtravelandmore.com\/wp-content\/uploads\/2024\/01\/image1-2.jpg\",\"datePublished\":\"2024-01-01T16:04:28+00:00\",\"dateModified\":\"2024-01-05T12:07:58+00:00\",\"description\":\"Explorez le meilleur de Bilbao lors d'une visite priv\u00e9e \u00e0 pied avec un acc\u00e8s exclusif au mus\u00e9e Guggenheim. Des guides experts, des aper\u00e7us historiques et des exp\u00e9riences inoubliables vous attendent. \u2705\",\"breadcrumb\":{\"@id\":\"https:\/\/tourtravelandmore.com\/fr\/tours\/espagne-fr\/bilbao-fr\/toutes-les-visites-et-activites-privees-fr-6\/visite-privee-a-pied-de-bilbao-avec-le-musee-guggenheim\/#breadcrumb\"},\"inLanguage\":\"fr-FR\",\"potentialAction\":[{\"@type\":\"ReadAction\",\"target\":[\"https:\/\/tourtravelandmore.com\/fr\/tours\/espagne-fr\/bilbao-fr\/toutes-les-visites-et-activites-privees-fr-6\/visite-privee-a-pied-de-bilbao-avec-le-musee-guggenheim\/\"]}]},{\"@type\":\"ImageObject\",\"inLanguage\":\"fr-FR\",\"@id\":\"https:\/\/tourtravelandmore.com\/fr\/tours\/espagne-fr\/bilbao-fr\/toutes-les-visites-et-activites-privees-fr-6\/visite-privee-a-pied-de-bilbao-avec-le-musee-guggenheim\/#primaryimage\",\"url\":\"https:\/\/tourtravelandmore.com\/wp-content\/uploads\/2024\/01\/image1-2.jpg\",\"contentUrl\":\"https:\/\/tourtravelandmore.com\/wp-content\/uploads\/2024\/01\/image1-2.jpg\",\"width\":950,\"height\":750},{\"@type\":\"BreadcrumbList\",\"@id\":\"https:\/\/tourtravelandmore.com\/fr\/tours\/espagne-fr\/bilbao-fr\/toutes-les-visites-et-activites-privees-fr-6\/visite-privee-a-pied-de-bilbao-avec-le-musee-guggenheim\/#breadcrumb\",\"itemListElement\":[{\"@type\":\"ListItem\",\"position\":1,\"name\":\"Home\",\"item\":\"https:\/\/tourtravelandmore.com\/fr\/\"},{\"@type\":\"ListItem\",\"position\":2,\"name\":\"Tours\",\"item\":\"https:\/\/tourtravelandmore.com\/fr\/tours\/\"},{\"@type\":\"ListItem\",\"position\":3,\"name\":\"Visite priv\u00e9e \u00e0 pied de Bilbao avec le Mus\u00e9e Guggenheim\"}]},{\"@type\":\"WebSite\",\"@id\":\"https:\/\/tourtravelandmore.com\/fr\/#website\",\"url\":\"https:\/\/tourtravelandmore.com\/fr\/\",\"name\":\"Tour Travel And More\",\"description\":\"Private sightseeing tours and luxury transfers in Spain\",\"publisher\":{\"@id\":\"https:\/\/tourtravelandmore.com\/fr\/#organization\"},\"potentialAction\":[{\"@type\":\"SearchAction\",\"target\":{\"@type\":\"EntryPoint\",\"urlTemplate\":\"https:\/\/tourtravelandmore.com\/fr\/?s={search_term_string}\"},\"query-input\":{\"@type\":\"PropertyValueSpecification\",\"valueRequired\":true,\"valueName\":\"search_term_string\"}}],\"inLanguage\":\"fr-FR\"},{\"@type\":\"Organization\",\"@id\":\"https:\/\/tourtravelandmore.com\/fr\/#organization\",\"name\":\"Tour Travel And More\",\"url\":\"https:\/\/tourtravelandmore.com\/fr\/\",\"logo\":{\"@type\":\"ImageObject\",\"inLanguage\":\"fr-FR\",\"@id\":\"https:\/\/tourtravelandmore.com\/fr\/#\/schema\/logo\/image\/\",\"url\":\"https:\/\/tourtravelandmore.com\/wp-content\/uploads\/2022\/12\/cropped-logo-cabecera-new.png\",\"contentUrl\":\"https:\/\/tourtravelandmore.com\/wp-content\/uploads\/2022\/12\/cropped-logo-cabecera-new.png\",\"width\":430,\"height\":61,\"caption\":\"Tour Travel And More\"},\"image\":{\"@id\":\"https:\/\/tourtravelandmore.com\/fr\/#\/schema\/logo\/image\/\"},\"sameAs\":[\"https:\/\/www.facebook.com\/tourtravelandmore\/\",\"https:\/\/x.com\/TourTravel_More\"]}]}<\/script>\n<!-- \/ Yoast SEO Premium plugin. -->","yoast_head_json":{"title":"\u27a1\ufe0f D\u00e9couvrez l'art et la culture de Bilbao : Visite priv\u00e9e du mus\u00e9e Guggenheim | Tour Travel and More \u2705","description":"Explorez le meilleur de Bilbao lors d'une visite priv\u00e9e \u00e0 pied avec un acc\u00e8s exclusif au mus\u00e9e Guggenheim. Des guides experts, des aper\u00e7us historiques et des exp\u00e9riences inoubliables vous attendent. \u2705","robots":{"index":"index","follow":"follow","max-snippet":"max-snippet:-1","max-image-preview":"max-image-preview:large","max-video-preview":"max-video-preview:-1"},"canonical":"https:\/\/tourtravelandmore.com\/fr\/tours\/espagne-fr\/bilbao-fr\/toutes-les-visites-et-activites-privees-fr-6\/visite-privee-a-pied-de-bilbao-avec-le-musee-guggenheim\/","og_locale":"fr_FR","og_type":"article","og_title":"Visite priv\u00e9e \u00e0 pied de Bilbao avec le Mus\u00e9e Guggenheim","og_description":"Explorez le meilleur de Bilbao lors d'une visite priv\u00e9e \u00e0 pied avec un acc\u00e8s exclusif au mus\u00e9e Guggenheim. Des guides experts, des aper\u00e7us historiques et des exp\u00e9riences inoubliables vous attendent. \u2705","og_url":"https:\/\/tourtravelandmore.com\/fr\/tours\/espagne-fr\/bilbao-fr\/toutes-les-visites-et-activites-privees-fr-6\/visite-privee-a-pied-de-bilbao-avec-le-musee-guggenheim\/","og_site_name":"Tour Travel And More","article_publisher":"https:\/\/www.facebook.com\/tourtravelandmore\/","article_modified_time":"2024-01-05T12:07:58+00:00","og_image":[{"width":950,"height":750,"url":"https:\/\/tourtravelandmore.com\/wp-content\/uploads\/2024\/01\/image1-2.jpg","type":"image\/jpeg"}],"twitter_card":"summary_large_image","twitter_site":"@TourTravel_More","twitter_misc":{"Dur\u00e9e de lecture estim\u00e9e":"5 minutes"},"schema":{"@context":"https:\/\/schema.org","@graph":[{"@type":"WebPage","@id":"https:\/\/tourtravelandmore.com\/fr\/tours\/espagne-fr\/bilbao-fr\/toutes-les-visites-et-activites-privees-fr-6\/visite-privee-a-pied-de-bilbao-avec-le-musee-guggenheim\/","url":"https:\/\/tourtravelandmore.com\/fr\/tours\/espagne-fr\/bilbao-fr\/toutes-les-visites-et-activites-privees-fr-6\/visite-privee-a-pied-de-bilbao-avec-le-musee-guggenheim\/","name":"\u27a1\ufe0f D\u00e9couvrez l'art et la culture de Bilbao : Visite priv\u00e9e du mus\u00e9e Guggenheim | Tour Travel and More \u2705","isPartOf":{"@id":"https:\/\/tourtravelandmore.com\/fr\/#website"},"primaryImageOfPage":{"@id":"https:\/\/tourtravelandmore.com\/fr\/tours\/espagne-fr\/bilbao-fr\/toutes-les-visites-et-activites-privees-fr-6\/visite-privee-a-pied-de-bilbao-avec-le-musee-guggenheim\/#primaryimage"},"image":{"@id":"https:\/\/tourtravelandmore.com\/fr\/tours\/espagne-fr\/bilbao-fr\/toutes-les-visites-et-activites-privees-fr-6\/visite-privee-a-pied-de-bilbao-avec-le-musee-guggenheim\/#primaryimage"},"thumbnailUrl":"https:\/\/tourtravelandmore.com\/wp-content\/uploads\/2024\/01\/image1-2.jpg","datePublished":"2024-01-01T16:04:28+00:00","dateModified":"2024-01-05T12:07:58+00:00","description":"Explorez le meilleur de Bilbao lors d'une visite priv\u00e9e \u00e0 pied avec un acc\u00e8s exclusif au mus\u00e9e Guggenheim. Des guides experts, des aper\u00e7us historiques et des exp\u00e9riences inoubliables vous attendent. \u2705","breadcrumb":{"@id":"https:\/\/tourtravelandmore.com\/fr\/tours\/espagne-fr\/bilbao-fr\/toutes-les-visites-et-activites-privees-fr-6\/visite-privee-a-pied-de-bilbao-avec-le-musee-guggenheim\/#breadcrumb"},"inLanguage":"fr-FR","potentialAction":[{"@type":"ReadAction","target":["https:\/\/tourtravelandmore.com\/fr\/tours\/espagne-fr\/bilbao-fr\/toutes-les-visites-et-activites-privees-fr-6\/visite-privee-a-pied-de-bilbao-avec-le-musee-guggenheim\/"]}]},{"@type":"ImageObject","inLanguage":"fr-FR","@id":"https:\/\/tourtravelandmore.com\/fr\/tours\/espagne-fr\/bilbao-fr\/toutes-les-visites-et-activites-privees-fr-6\/visite-privee-a-pied-de-bilbao-avec-le-musee-guggenheim\/#primaryimage","url":"https:\/\/tourtravelandmore.com\/wp-content\/uploads\/2024\/01\/image1-2.jpg","contentUrl":"https:\/\/tourtravelandmore.com\/wp-content\/uploads\/2024\/01\/image1-2.jpg","width":950,"height":750},{"@type":"BreadcrumbList","@id":"https:\/\/tourtravelandmore.com\/fr\/tours\/espagne-fr\/bilbao-fr\/toutes-les-visites-et-activites-privees-fr-6\/visite-privee-a-pied-de-bilbao-avec-le-musee-guggenheim\/#breadcrumb","itemListElement":[{"@type":"ListItem","position":1,"name":"Home","item":"https:\/\/tourtravelandmore.com\/fr\/"},{"@type":"ListItem","position":2,"name":"Tours","item":"https:\/\/tourtravelandmore.com\/fr\/tours\/"},{"@type":"ListItem","position":3,"name":"Visite priv\u00e9e \u00e0 pied de Bilbao avec le Mus\u00e9e Guggenheim"}]},{"@type":"WebSite","@id":"https:\/\/tourtravelandmore.com\/fr\/#website","url":"https:\/\/tourtravelandmore.com\/fr\/","name":"Tour Travel And More","description":"Private sightseeing tours and luxury transfers in Spain","publisher":{"@id":"https:\/\/tourtravelandmore.com\/fr\/#organization"},"potentialAction":[{"@type":"SearchAction","target":{"@type":"EntryPoint","urlTemplate":"https:\/\/tourtravelandmore.com\/fr\/?s={search_term_string}"},"query-input":{"@type":"PropertyValueSpecification","valueRequired":true,"valueName":"search_term_string"}}],"inLanguage":"fr-FR"},{"@type":"Organization","@id":"https:\/\/tourtravelandmore.com\/fr\/#organization","name":"Tour Travel And More","url":"https:\/\/tourtravelandmore.com\/fr\/","logo":{"@type":"ImageObject","inLanguage":"fr-FR","@id":"https:\/\/tourtravelandmore.com\/fr\/#\/schema\/logo\/image\/","url":"https:\/\/tourtravelandmore.com\/wp-content\/uploads\/2022\/12\/cropped-logo-cabecera-new.png","contentUrl":"https:\/\/tourtravelandmore.com\/wp-content\/uploads\/2022\/12\/cropped-logo-cabecera-new.png","width":430,"height":61,"caption":"Tour Travel And More"},"image":{"@id":"https:\/\/tourtravelandmore.com\/fr\/#\/schema\/logo\/image\/"},"sameAs":["https:\/\/www.facebook.com\/tourtravelandmore\/","https:\/\/x.com\/TourTravel_More"]}]}},"_links":{"self":[{"href":"https:\/\/tourtravelandmore.com\/fr\/wp-json\/wp\/v2\/product\/171798","targetHints":{"allow":["GET"]}}],"collection":[{"href":"https:\/\/tourtravelandmore.com\/fr\/wp-json\/wp\/v2\/product"}],"about":[{"href":"https:\/\/tourtravelandmore.com\/fr\/wp-json\/wp\/v2\/types\/product"}],"replies":[{"embeddable":true,"href":"https:\/\/tourtravelandmore.com\/fr\/wp-json\/wp\/v2\/comments?post=171798"}],"wp:featuredmedia":[{"embeddable":true,"href":"https:\/\/tourtravelandmore.com\/fr\/wp-json\/wp\/v2\/media\/171808"}],"wp:attachment":[{"href":"https:\/\/tourtravelandmore.com\/fr\/wp-json\/wp\/v2\/media?parent=171798"}],"wp:term":[{"taxonomy":"product_brand","embeddable":true,"href":"https:\/\/tourtravelandmore.com\/fr\/wp-json\/wp\/v2\/product_brand?post=171798"},{"taxonomy":"product_cat","embeddable":true,"href":"https:\/\/tourtravelandmore.com\/fr\/wp-json\/wp\/v2\/product_cat?post=171798"},{"taxonomy":"product_tag","embeddable":true,"href":"https:\/\/tourtravelandmore.com\/fr\/wp-json\/wp\/v2\/product_tag?post=171798"}],"curies":[{"name":"wp","href":"https:\/\/api.w.org\/{rel}","templated":true}]}}