{"id":171771,"date":"2024-01-01T16:43:54","date_gmt":"2024-01-01T15:43:56","guid":{"rendered":"https:\/\/tourtravelandmore.com\/?post_type=product&#038;p=171771"},"modified":"2024-01-05T13:07:40","modified_gmt":"2024-01-05T12:07:40","slug":"visite-privee-complete-de-bilbao-a-pied","status":"publish","type":"product","link":"https:\/\/tourtravelandmore.com\/fr\/tours\/espagne-fr\/bilbao-fr\/toutes-les-visites-et-activites-privees-fr-6\/visite-privee-complete-de-bilbao-a-pied\/","title":{"rendered":"Visite priv\u00e9e compl\u00e8te de Bilbao \u00e0 pied"},"content":{"rendered":"<h2><b>Description de l&#8217;excursion priv\u00e9e compl\u00e8te de Bilbao<\/b><\/h2>\n<p><span style=\"font-weight: 400;\">D\u00e9couvrez l&#8217;essence de Bilbao dans le cadre d&#8217;une exp\u00e9rience compl\u00e8te et immersive avec notre visite priv\u00e9e compl\u00e8te de Bilbao. D&#8217;une dur\u00e9e de 5 heures, cette visite est m\u00e9ticuleusement con\u00e7ue pour mettre en valeur la culture vibrante, l&#8217;histoire et l&#8217;architecture de Bilbao. Votre voyage commence par un accueil chaleureux de notre guide local, pr\u00eat \u00e0 vous guider \u00e0 travers les rues sinueuses et les sites embl\u00e9matiques de cette ville basque.<\/span><\/p>\n<p><span style=\"font-weight: 400;\">Au cours de cette aventure, vous serez envelopp\u00e9 dans la riche tapisserie du pass\u00e9 et du pr\u00e9sent de Bilbao. Du charme historique de la vieille ville \u00e0 l&#8217;esprit d&#8217;innovation de la ville moderne, chaque \u00e9tape r\u00e9v\u00e8le de nouvelles facettes de l&#8217;identit\u00e9 de Bilbao. Notre guide vous donnera un aper\u00e7u approfondi de la culture de la ville, en vous r\u00e9galant d&#8217;histoires et de l\u00e9gendes qui donnent vie aux rues.<\/span><\/p>\n<p><span style=\"font-weight: 400;\">Il ne s&#8217;agit pas seulement de faire du tourisme, mais d&#8217;entrer en contact avec l&#8217;\u00e2me de la ville. Vous explorerez les coins cach\u00e9s et les endroits les plus populaires, et vous vous plongerez dans le mode de vie local. La visite comprend l&#8217;entr\u00e9e dans un mus\u00e9e important, o\u00f9 l&#8217;art et l&#8217;histoire convergent, ce qui permet de mieux comprendre l&#8217;h\u00e9ritage artistique de Bilbao.<\/span><\/p>\n<p><span style=\"font-weight: 400;\">L&#8217;exp\u00e9rience est enrichie par un aper\u00e7u de la gastronomie basque. Savourez une boisson rafra\u00eechissante et d\u00e9gustez deux d\u00e9licieux pintxos, des amuse-gueules traditionnels basques, qui ajoutent une dimension culinaire \u00e0 votre exploration culturelle.<\/span><\/p>\n<p><span style=\"font-weight: 400;\">\u00c0 la fin de la visite, vous aurez acquis une connaissance intime et compl\u00e8te de Bilbao, ce qui rendra votre visite vraiment inoubliable.<\/span><\/p>\n<p><span style=\"font-weight: 400;\">Ce voyage personnalis\u00e9 \u00e0 travers Bilbao est l&#8217;occasion de s&#8217;impr\u00e9gner du rythme dynamique de la ville. Vous vous prom\u00e8nerez le long de la rivi\u00e8re Nervi\u00f3n et verrez comment elle traverse \u00e9l\u00e9gamment la ville, jetant un pont entre l&#8217;ancien et le nouveau. Votre guide vous d\u00e9voilera l&#8217;importance des berges de Bilbao, jadis zones industrielles, aujourd&#8217;hui transform\u00e9es en espaces de renouveau artistique et social.<\/span><\/p>\n<p><span style=\"font-weight: 400;\">Au fil des m\u00e9andres de la ville, chaque quartier r\u00e9v\u00e8le son caract\u00e8re et son histoire. Vous visiterez les tours futuristes d&#8217;Isozaki Atea, qui symbolisent l&#8217;\u00e9volution architecturale de Bilbao, puis vous remonterez le temps en vous promenant dans les rues enchanteresses des Sept Rues de la vieille ville, le c\u0153ur m\u00e9di\u00e9val d&#8217;origine de la ville.<\/span><\/p>\n<p><span style=\"font-weight: 400;\">Tout au long de la visite, votre guide vous fera d\u00e9couvrir le mode de vie local. Vous d\u00e9couvrirez les traditions basques, la langue et la sc\u00e8ne culturelle contemporaine qui font de Bilbao une ville europ\u00e9enne unique. Le m\u00e9lange de coutumes anciennes et de perspectives modernes est palpable \u00e0 chaque coin de rue, offrant une exp\u00e9rience riche et \u00e0 multiples facettes.<\/span><\/p>\n<h2><b>Points forts de la visite priv\u00e9e \u00e0 pied de Bilbao<\/b><\/h2>\n<ul>\n<li style=\"font-weight: 400;\" aria-level=\"1\"><b>Vieille ville (Casco Viejo) :<\/b><span style=\"font-weight: 400;\"> Explorez le c\u0153ur de l&#8217;histoire de Bilbao dans la vieille ville. Promenez-vous dans ses rues labyrinthiques, bord\u00e9es de boutiques pittoresques et de places anim\u00e9es, notamment le tr\u00e8s anim\u00e9 Mercado de la Ribera et la charmante Plaza Nueva.<\/span><\/li>\n<li style=\"font-weight: 400;\" aria-level=\"1\"><b>Mus\u00e9e Guggenheim :<\/b><span style=\"font-weight: 400;\"> Visitez cette ic\u00f4ne de l&#8217;architecture moderne, symbole de la renaissance culturelle de Bilbao. L&#8217;impressionnante collection du mus\u00e9e et son design remarquable t\u00e9moignent de l&#8217;esprit artistique de la ville.<\/span><\/li>\n<li style=\"font-weight: 400;\" aria-level=\"1\"><b>Place Moy\u00faa :<\/b><span style=\"font-weight: 400;\"> D\u00e9couvrez cette place centrale de Bilbao, entour\u00e9e de b\u00e2timents remarquables et anim\u00e9e par la vie urbaine. C&#8217;est l&#8217;endroit id\u00e9al pour d\u00e9couvrir le charme urbain de Bilbao.<\/span><\/li>\n<li style=\"font-weight: 400;\" aria-level=\"1\"><b>Pont Zubizuri :<\/b><span style=\"font-weight: 400;\"> \u00c9merveillez-vous devant ce chef-d&#8217;\u0153uvre architectural de Santiago Calatrava. Le design \u00e9l\u00e9gant du pont et sa structure innovante refl\u00e8tent le flair moderne de Bilbao.<\/span><\/li>\n<li style=\"font-weight: 400;\" aria-level=\"1\"><b>Mus\u00e9e des beaux-arts de Bilbao : <\/b><span style=\"font-weight: 400;\">Plongez dans l&#8217;art en visitant l&#8217;un des mus\u00e9es les plus importants d&#8217;Espagne. La vaste collection du mus\u00e9e s&#8217;\u00e9tend sur plusieurs si\u00e8cles, offrant une fen\u00eatre sur l&#8217;\u00e9volution artistique de la r\u00e9gion.<\/span><\/li>\n<li style=\"font-weight: 400;\" aria-level=\"1\"><b>Tours Isozaki Atea :<\/b><span style=\"font-weight: 400;\"> D\u00e9couvrez les merveilles architecturales modernes de Bilbao en visitant les tours Isozaki Atea. Ces deux gratte-ciel repr\u00e9sentent le d\u00e9veloppement rapide de la ville et sont un symbole de ses aspirations futuristes.<\/span><\/li>\n<li style=\"font-weight: 400;\" aria-level=\"1\"><b>Les sept rues de la vieille ville :<\/b><span style=\"font-weight: 400;\"> Plongez dans les sept rues historiques, le c\u0153ur du Bilbao m\u00e9di\u00e9val. Ce quartier n&#8217;est pas seulement un t\u00e9moignage du pass\u00e9 de la ville, mais aussi une partie vivante de son pr\u00e9sent, avec de nombreux caf\u00e9s, bars et boutiques d&#8217;artisanat local.<\/span><\/li>\n<\/ul>\n<p>&nbsp;<\/p>\n<p><span style=\"font-weight: 400;\">Embarquez pour un voyage de d\u00e9couverte avec Tour Travel and More, votre porte d&#8217;entr\u00e9e pour les meilleures visites priv\u00e9es \u00e0 Bilbao. Nos exp\u00e9riences sur mesure sont con\u00e7ues pour r\u00e9v\u00e9ler la v\u00e9ritable essence de cette ville dynamique. Des monuments historiques aux d\u00e9lices culinaires, nos guides experts vous garantissent une exploration m\u00e9morable et personnelle de Bilbao.<\/span><a href=\"https:\/\/tourtravelandmore.com\/fr\/city\/espagne-fr\/bilbao-fr\/\"><span style=\"font-weight: 400;\"> Visitez-nous pour d\u00e9couvrir d&#8217;autres circuits exclusifs et cr\u00e9er votre aventure parfaite \u00e0 Bilbao.<\/span><\/a><\/p>\n","protected":false},"excerpt":{"rendered":"<p><span style=\"font-weight: 400;\">Participez \u00e0 notre visite priv\u00e9e compl\u00e8te \u00e0 pied de Bilbao pour une exploration approfondie de la riche histoire de la ville, de son architecture \u00e9poustouflante et de ses d\u00e9lices culinaires. De la vieille ville historique \u00e0 l&#8217;embl\u00e9matique mus\u00e9e Guggenheim, plongez dans l&#8217;essence de Bilbao avec nos guides experts.<\/span><\/p>\n","protected":false},"featured_media":171790,"comment_status":"open","ping_status":"closed","template":"","meta":{"_acf_changed":false},"product_brand":[],"product_cat":[4739,4738,4737,4742,3574],"product_tag":[],"class_list":{"0":"post-171771","1":"product","2":"type-product","3":"status-publish","4":"has-post-thumbnail","6":"product_cat-excursions-a-terre-privees-fr","7":"product_cat-excursions-privees-dune-journee-fr-5","8":"product_cat-toutes-les-visites-et-activites-privees-fr-6","9":"product_cat-visites-a-pied-privees-fr-8","10":"product_cat-bilbao-fr","12":"first","13":"instock","14":"shipping-taxable","15":"purchasable","16":"product-type-simple"},"acf":[],"yoast_head":"<!-- This site is optimized with the Yoast SEO Premium plugin v25.3.1 (Yoast SEO v25.3.1) - https:\/\/yoast.com\/wordpress\/plugins\/seo\/ -->\n<title>\u27a1\ufe0f Explorez le meilleur de Bilbao avec notre visite priv\u00e9e \u00e0 pied \u2705<\/title>\n<meta name=\"description\" content=\"D\u00e9couvrez le charme historique et les merveilles modernes de Bilbao lors d&#039;une visite \u00e0 pied priv\u00e9e de 5 heures avec des conseils d&#039;experts, une entr\u00e9e au mus\u00e9e et des pintxos basques. R\u00e9servez d\u00e8s maintenant ! \u2705\" \/>\n<meta name=\"robots\" content=\"index, follow, max-snippet:-1, max-image-preview:large, max-video-preview:-1\" \/>\n<link rel=\"canonical\" href=\"https:\/\/tourtravelandmore.com\/fr\/tours\/espagne-fr\/bilbao-fr\/toutes-les-visites-et-activites-privees-fr-6\/visite-privee-complete-de-bilbao-a-pied\/\" \/>\n<meta property=\"og:locale\" content=\"fr_FR\" \/>\n<meta property=\"og:type\" content=\"article\" \/>\n<meta property=\"og:title\" content=\"Visite priv\u00e9e compl\u00e8te de Bilbao \u00e0 pied\" \/>\n<meta property=\"og:description\" content=\"D\u00e9couvrez le charme historique et les merveilles modernes de Bilbao lors d&#039;une visite \u00e0 pied priv\u00e9e de 5 heures avec des conseils d&#039;experts, une entr\u00e9e au mus\u00e9e et des pintxos basques. R\u00e9servez d\u00e8s maintenant ! \u2705\" \/>\n<meta property=\"og:url\" content=\"https:\/\/tourtravelandmore.com\/fr\/tours\/espagne-fr\/bilbao-fr\/toutes-les-visites-et-activites-privees-fr-6\/visite-privee-complete-de-bilbao-a-pied\/\" \/>\n<meta property=\"og:site_name\" content=\"Tour Travel And More\" \/>\n<meta property=\"article:publisher\" content=\"https:\/\/www.facebook.com\/tourtravelandmore\/\" \/>\n<meta property=\"article:modified_time\" content=\"2024-01-05T12:07:40+00:00\" \/>\n<meta property=\"og:image\" content=\"https:\/\/tourtravelandmore.com\/wp-content\/uploads\/2024\/01\/image4-1.jpg\" \/>\n\t<meta property=\"og:image:width\" content=\"950\" \/>\n\t<meta property=\"og:image:height\" content=\"750\" \/>\n\t<meta property=\"og:image:type\" content=\"image\/jpeg\" \/>\n<meta name=\"twitter:card\" content=\"summary_large_image\" \/>\n<meta name=\"twitter:site\" content=\"@TourTravel_More\" \/>\n<meta name=\"twitter:label1\" content=\"Dur\u00e9e de lecture estim\u00e9e\" \/>\n\t<meta name=\"twitter:data1\" content=\"4 minutes\" \/>\n<script type=\"application\/ld+json\" class=\"yoast-schema-graph\">{\"@context\":\"https:\/\/schema.org\",\"@graph\":[{\"@type\":\"WebPage\",\"@id\":\"https:\/\/tourtravelandmore.com\/fr\/tours\/espagne-fr\/bilbao-fr\/toutes-les-visites-et-activites-privees-fr-6\/visite-privee-complete-de-bilbao-a-pied\/\",\"url\":\"https:\/\/tourtravelandmore.com\/fr\/tours\/espagne-fr\/bilbao-fr\/toutes-les-visites-et-activites-privees-fr-6\/visite-privee-complete-de-bilbao-a-pied\/\",\"name\":\"\u27a1\ufe0f Explorez le meilleur de Bilbao avec notre visite priv\u00e9e \u00e0 pied \u2705\",\"isPartOf\":{\"@id\":\"https:\/\/tourtravelandmore.com\/fr\/#website\"},\"primaryImageOfPage\":{\"@id\":\"https:\/\/tourtravelandmore.com\/fr\/tours\/espagne-fr\/bilbao-fr\/toutes-les-visites-et-activites-privees-fr-6\/visite-privee-complete-de-bilbao-a-pied\/#primaryimage\"},\"image\":{\"@id\":\"https:\/\/tourtravelandmore.com\/fr\/tours\/espagne-fr\/bilbao-fr\/toutes-les-visites-et-activites-privees-fr-6\/visite-privee-complete-de-bilbao-a-pied\/#primaryimage\"},\"thumbnailUrl\":\"https:\/\/tourtravelandmore.com\/wp-content\/uploads\/2024\/01\/image4-1.jpg\",\"datePublished\":\"2024-01-01T15:43:56+00:00\",\"dateModified\":\"2024-01-05T12:07:40+00:00\",\"description\":\"D\u00e9couvrez le charme historique et les merveilles modernes de Bilbao lors d'une visite \u00e0 pied priv\u00e9e de 5 heures avec des conseils d'experts, une entr\u00e9e au mus\u00e9e et des pintxos basques. R\u00e9servez d\u00e8s maintenant ! \u2705\",\"breadcrumb\":{\"@id\":\"https:\/\/tourtravelandmore.com\/fr\/tours\/espagne-fr\/bilbao-fr\/toutes-les-visites-et-activites-privees-fr-6\/visite-privee-complete-de-bilbao-a-pied\/#breadcrumb\"},\"inLanguage\":\"fr-FR\",\"potentialAction\":[{\"@type\":\"ReadAction\",\"target\":[\"https:\/\/tourtravelandmore.com\/fr\/tours\/espagne-fr\/bilbao-fr\/toutes-les-visites-et-activites-privees-fr-6\/visite-privee-complete-de-bilbao-a-pied\/\"]}]},{\"@type\":\"ImageObject\",\"inLanguage\":\"fr-FR\",\"@id\":\"https:\/\/tourtravelandmore.com\/fr\/tours\/espagne-fr\/bilbao-fr\/toutes-les-visites-et-activites-privees-fr-6\/visite-privee-complete-de-bilbao-a-pied\/#primaryimage\",\"url\":\"https:\/\/tourtravelandmore.com\/wp-content\/uploads\/2024\/01\/image4-1.jpg\",\"contentUrl\":\"https:\/\/tourtravelandmore.com\/wp-content\/uploads\/2024\/01\/image4-1.jpg\",\"width\":950,\"height\":750},{\"@type\":\"BreadcrumbList\",\"@id\":\"https:\/\/tourtravelandmore.com\/fr\/tours\/espagne-fr\/bilbao-fr\/toutes-les-visites-et-activites-privees-fr-6\/visite-privee-complete-de-bilbao-a-pied\/#breadcrumb\",\"itemListElement\":[{\"@type\":\"ListItem\",\"position\":1,\"name\":\"Home\",\"item\":\"https:\/\/tourtravelandmore.com\/fr\/\"},{\"@type\":\"ListItem\",\"position\":2,\"name\":\"Tours\",\"item\":\"https:\/\/tourtravelandmore.com\/fr\/tours\/\"},{\"@type\":\"ListItem\",\"position\":3,\"name\":\"Visite priv\u00e9e compl\u00e8te de Bilbao \u00e0 pied\"}]},{\"@type\":\"WebSite\",\"@id\":\"https:\/\/tourtravelandmore.com\/fr\/#website\",\"url\":\"https:\/\/tourtravelandmore.com\/fr\/\",\"name\":\"Tour Travel And More\",\"description\":\"Private sightseeing tours and luxury transfers in Spain\",\"publisher\":{\"@id\":\"https:\/\/tourtravelandmore.com\/fr\/#organization\"},\"potentialAction\":[{\"@type\":\"SearchAction\",\"target\":{\"@type\":\"EntryPoint\",\"urlTemplate\":\"https:\/\/tourtravelandmore.com\/fr\/?s={search_term_string}\"},\"query-input\":{\"@type\":\"PropertyValueSpecification\",\"valueRequired\":true,\"valueName\":\"search_term_string\"}}],\"inLanguage\":\"fr-FR\"},{\"@type\":\"Organization\",\"@id\":\"https:\/\/tourtravelandmore.com\/fr\/#organization\",\"name\":\"Tour Travel And More\",\"url\":\"https:\/\/tourtravelandmore.com\/fr\/\",\"logo\":{\"@type\":\"ImageObject\",\"inLanguage\":\"fr-FR\",\"@id\":\"https:\/\/tourtravelandmore.com\/fr\/#\/schema\/logo\/image\/\",\"url\":\"https:\/\/tourtravelandmore.com\/wp-content\/uploads\/2022\/12\/cropped-logo-cabecera-new.png\",\"contentUrl\":\"https:\/\/tourtravelandmore.com\/wp-content\/uploads\/2022\/12\/cropped-logo-cabecera-new.png\",\"width\":430,\"height\":61,\"caption\":\"Tour Travel And More\"},\"image\":{\"@id\":\"https:\/\/tourtravelandmore.com\/fr\/#\/schema\/logo\/image\/\"},\"sameAs\":[\"https:\/\/www.facebook.com\/tourtravelandmore\/\",\"https:\/\/x.com\/TourTravel_More\"]}]}<\/script>\n<!-- \/ Yoast SEO Premium plugin. -->","yoast_head_json":{"title":"\u27a1\ufe0f Explorez le meilleur de Bilbao avec notre visite priv\u00e9e \u00e0 pied \u2705","description":"D\u00e9couvrez le charme historique et les merveilles modernes de Bilbao lors d'une visite \u00e0 pied priv\u00e9e de 5 heures avec des conseils d'experts, une entr\u00e9e au mus\u00e9e et des pintxos basques. R\u00e9servez d\u00e8s maintenant ! \u2705","robots":{"index":"index","follow":"follow","max-snippet":"max-snippet:-1","max-image-preview":"max-image-preview:large","max-video-preview":"max-video-preview:-1"},"canonical":"https:\/\/tourtravelandmore.com\/fr\/tours\/espagne-fr\/bilbao-fr\/toutes-les-visites-et-activites-privees-fr-6\/visite-privee-complete-de-bilbao-a-pied\/","og_locale":"fr_FR","og_type":"article","og_title":"Visite priv\u00e9e compl\u00e8te de Bilbao \u00e0 pied","og_description":"D\u00e9couvrez le charme historique et les merveilles modernes de Bilbao lors d'une visite \u00e0 pied priv\u00e9e de 5 heures avec des conseils d'experts, une entr\u00e9e au mus\u00e9e et des pintxos basques. R\u00e9servez d\u00e8s maintenant ! \u2705","og_url":"https:\/\/tourtravelandmore.com\/fr\/tours\/espagne-fr\/bilbao-fr\/toutes-les-visites-et-activites-privees-fr-6\/visite-privee-complete-de-bilbao-a-pied\/","og_site_name":"Tour Travel And More","article_publisher":"https:\/\/www.facebook.com\/tourtravelandmore\/","article_modified_time":"2024-01-05T12:07:40+00:00","og_image":[{"width":950,"height":750,"url":"https:\/\/tourtravelandmore.com\/wp-content\/uploads\/2024\/01\/image4-1.jpg","type":"image\/jpeg"}],"twitter_card":"summary_large_image","twitter_site":"@TourTravel_More","twitter_misc":{"Dur\u00e9e de lecture estim\u00e9e":"4 minutes"},"schema":{"@context":"https:\/\/schema.org","@graph":[{"@type":"WebPage","@id":"https:\/\/tourtravelandmore.com\/fr\/tours\/espagne-fr\/bilbao-fr\/toutes-les-visites-et-activites-privees-fr-6\/visite-privee-complete-de-bilbao-a-pied\/","url":"https:\/\/tourtravelandmore.com\/fr\/tours\/espagne-fr\/bilbao-fr\/toutes-les-visites-et-activites-privees-fr-6\/visite-privee-complete-de-bilbao-a-pied\/","name":"\u27a1\ufe0f Explorez le meilleur de Bilbao avec notre visite priv\u00e9e \u00e0 pied \u2705","isPartOf":{"@id":"https:\/\/tourtravelandmore.com\/fr\/#website"},"primaryImageOfPage":{"@id":"https:\/\/tourtravelandmore.com\/fr\/tours\/espagne-fr\/bilbao-fr\/toutes-les-visites-et-activites-privees-fr-6\/visite-privee-complete-de-bilbao-a-pied\/#primaryimage"},"image":{"@id":"https:\/\/tourtravelandmore.com\/fr\/tours\/espagne-fr\/bilbao-fr\/toutes-les-visites-et-activites-privees-fr-6\/visite-privee-complete-de-bilbao-a-pied\/#primaryimage"},"thumbnailUrl":"https:\/\/tourtravelandmore.com\/wp-content\/uploads\/2024\/01\/image4-1.jpg","datePublished":"2024-01-01T15:43:56+00:00","dateModified":"2024-01-05T12:07:40+00:00","description":"D\u00e9couvrez le charme historique et les merveilles modernes de Bilbao lors d'une visite \u00e0 pied priv\u00e9e de 5 heures avec des conseils d'experts, une entr\u00e9e au mus\u00e9e et des pintxos basques. R\u00e9servez d\u00e8s maintenant ! \u2705","breadcrumb":{"@id":"https:\/\/tourtravelandmore.com\/fr\/tours\/espagne-fr\/bilbao-fr\/toutes-les-visites-et-activites-privees-fr-6\/visite-privee-complete-de-bilbao-a-pied\/#breadcrumb"},"inLanguage":"fr-FR","potentialAction":[{"@type":"ReadAction","target":["https:\/\/tourtravelandmore.com\/fr\/tours\/espagne-fr\/bilbao-fr\/toutes-les-visites-et-activites-privees-fr-6\/visite-privee-complete-de-bilbao-a-pied\/"]}]},{"@type":"ImageObject","inLanguage":"fr-FR","@id":"https:\/\/tourtravelandmore.com\/fr\/tours\/espagne-fr\/bilbao-fr\/toutes-les-visites-et-activites-privees-fr-6\/visite-privee-complete-de-bilbao-a-pied\/#primaryimage","url":"https:\/\/tourtravelandmore.com\/wp-content\/uploads\/2024\/01\/image4-1.jpg","contentUrl":"https:\/\/tourtravelandmore.com\/wp-content\/uploads\/2024\/01\/image4-1.jpg","width":950,"height":750},{"@type":"BreadcrumbList","@id":"https:\/\/tourtravelandmore.com\/fr\/tours\/espagne-fr\/bilbao-fr\/toutes-les-visites-et-activites-privees-fr-6\/visite-privee-complete-de-bilbao-a-pied\/#breadcrumb","itemListElement":[{"@type":"ListItem","position":1,"name":"Home","item":"https:\/\/tourtravelandmore.com\/fr\/"},{"@type":"ListItem","position":2,"name":"Tours","item":"https:\/\/tourtravelandmore.com\/fr\/tours\/"},{"@type":"ListItem","position":3,"name":"Visite priv\u00e9e compl\u00e8te de Bilbao \u00e0 pied"}]},{"@type":"WebSite","@id":"https:\/\/tourtravelandmore.com\/fr\/#website","url":"https:\/\/tourtravelandmore.com\/fr\/","name":"Tour Travel And More","description":"Private sightseeing tours and luxury transfers in Spain","publisher":{"@id":"https:\/\/tourtravelandmore.com\/fr\/#organization"},"potentialAction":[{"@type":"SearchAction","target":{"@type":"EntryPoint","urlTemplate":"https:\/\/tourtravelandmore.com\/fr\/?s={search_term_string}"},"query-input":{"@type":"PropertyValueSpecification","valueRequired":true,"valueName":"search_term_string"}}],"inLanguage":"fr-FR"},{"@type":"Organization","@id":"https:\/\/tourtravelandmore.com\/fr\/#organization","name":"Tour Travel And More","url":"https:\/\/tourtravelandmore.com\/fr\/","logo":{"@type":"ImageObject","inLanguage":"fr-FR","@id":"https:\/\/tourtravelandmore.com\/fr\/#\/schema\/logo\/image\/","url":"https:\/\/tourtravelandmore.com\/wp-content\/uploads\/2022\/12\/cropped-logo-cabecera-new.png","contentUrl":"https:\/\/tourtravelandmore.com\/wp-content\/uploads\/2022\/12\/cropped-logo-cabecera-new.png","width":430,"height":61,"caption":"Tour Travel And More"},"image":{"@id":"https:\/\/tourtravelandmore.com\/fr\/#\/schema\/logo\/image\/"},"sameAs":["https:\/\/www.facebook.com\/tourtravelandmore\/","https:\/\/x.com\/TourTravel_More"]}]}},"_links":{"self":[{"href":"https:\/\/tourtravelandmore.com\/fr\/wp-json\/wp\/v2\/product\/171771","targetHints":{"allow":["GET"]}}],"collection":[{"href":"https:\/\/tourtravelandmore.com\/fr\/wp-json\/wp\/v2\/product"}],"about":[{"href":"https:\/\/tourtravelandmore.com\/fr\/wp-json\/wp\/v2\/types\/product"}],"replies":[{"embeddable":true,"href":"https:\/\/tourtravelandmore.com\/fr\/wp-json\/wp\/v2\/comments?post=171771"}],"wp:featuredmedia":[{"embeddable":true,"href":"https:\/\/tourtravelandmore.com\/fr\/wp-json\/wp\/v2\/media\/171790"}],"wp:attachment":[{"href":"https:\/\/tourtravelandmore.com\/fr\/wp-json\/wp\/v2\/media?parent=171771"}],"wp:term":[{"taxonomy":"product_brand","embeddable":true,"href":"https:\/\/tourtravelandmore.com\/fr\/wp-json\/wp\/v2\/product_brand?post=171771"},{"taxonomy":"product_cat","embeddable":true,"href":"https:\/\/tourtravelandmore.com\/fr\/wp-json\/wp\/v2\/product_cat?post=171771"},{"taxonomy":"product_tag","embeddable":true,"href":"https:\/\/tourtravelandmore.com\/fr\/wp-json\/wp\/v2\/product_tag?post=171771"}],"curies":[{"name":"wp","href":"https:\/\/api.w.org\/{rel}","templated":true}]}}