{"id":171743,"date":"2024-01-01T16:24:54","date_gmt":"2024-01-01T15:25:02","guid":{"rendered":"https:\/\/tourtravelandmore.com\/?post_type=product&#038;p=171743"},"modified":"2024-01-05T13:09:04","modified_gmt":"2024-01-05T12:09:04","slug":"visite-privee-de-bilbao-et-saint-sebastien","status":"publish","type":"product","link":"https:\/\/tourtravelandmore.com\/fr\/tours\/espagne-fr\/bilbao-fr\/toutes-les-visites-et-activites-privees-fr-6\/visite-privee-de-bilbao-et-saint-sebastien\/","title":{"rendered":"Visite priv\u00e9e de Bilbao et Saint-S\u00e9bastien"},"content":{"rendered":"<h2><b>Visite priv\u00e9e de Bilbao et Saint-S\u00e9bastien Description<\/b><\/h2>\n<p><span style=\"font-weight: 400;\">Faites l&#8217;exp\u00e9rience de l&#8217;exploration ultime du Pays basque avec notre &#8220;Private Tour of Bilbao and San Sebastian&#8221; (Excursion priv\u00e9e de Bilbao et Saint-S\u00e9bastien). Cette excursion d&#8217;une journ\u00e9e compl\u00e8te et de 8 heures, propos\u00e9e par Tour Travel and More, est con\u00e7ue pour les voyageurs \u00e0 la recherche d&#8217;une exp\u00e9rience compl\u00e8te et luxueuse de deux des villes les plus captivantes du nord de l&#8217;Espagne.<\/span><\/p>\n<p><span style=\"font-weight: 400;\">D\u00e8s que notre guide professionnel et notre v\u00e9hicule de luxe vous prennent en charge, votre voyage au c\u0153ur de la culture, de l&#8217;histoire et de la beaut\u00e9 basques commence. En commen\u00e7ant par la ville anim\u00e9e de Bilbao, connue pour son architecture moderne saisissante et ses tr\u00e9sors historiques, vous serez immerg\u00e9 dans un monde o\u00f9 les traditions anciennes rencontrent l&#8217;innovation contemporaine. Alors que vous vous dirigez vers l&#8217;\u00e9tonnante ville c\u00f4ti\u00e8re de Saint-S\u00e9bastien, connue pour ses plages immacul\u00e9es et son excellence culinaire, les paysages pittoresques de la r\u00e9gion basque se d\u00e9ploient autour de vous, vous offrant un aper\u00e7u de la splendeur naturelle de la r\u00e9gion.<\/span><\/p>\n<p><span style=\"font-weight: 400;\">\u00c0 Bilbao, vous explorerez des sites tels que le mus\u00e9e Guggenheim de renomm\u00e9e mondiale, la charmante vieille ville et le tr\u00e8s anim\u00e9 Mercado de la Ribera. \u00c0 Saint-S\u00e9bastien, pr\u00e9parez-vous \u00e0 \u00eatre enchant\u00e9 par l&#8217;\u00e9l\u00e9gance de la plage de La Concha, le charme historique de la vieille ville et la beaut\u00e9 royale du palais de Miramar. Tout au long de la visite, notre guide bien inform\u00e9 vous fournira des informations fascinantes sur chaque site, enrichissant ainsi votre compr\u00e9hension de la culture et de l&#8217;histoire basques.<\/span><\/p>\n<p><span style=\"font-weight: 400;\">Votre exploration se poursuit par une d\u00e9gustation authentique de la cuisine basque, r\u00e9put\u00e9e pour ses saveurs audacieuses et ses plats innovants. \u00c0 Saint-S\u00e9bastien, souvent consid\u00e9r\u00e9e comme la capitale culinaire de l&#8217;Espagne, vous aurez l&#8217;occasion de savourer un \u00e9ventail de d\u00e9lices locaux, des pintxos traditionnels aux cr\u00e9ations \u00e9toil\u00e9es au guide Michelin. Tout au long de votre p\u00e9riple dans ces deux villes, chaque instant est ponctu\u00e9 d&#8217;histoires, de l\u00e9gendes et d&#8217;anecdotes qui font de votre voyage non pas une simple visite touristique, mais une v\u00e9ritable immersion culturelle.<\/span><\/p>\n<p><span style=\"font-weight: 400;\">Ce circuit sur mesure garantit une exp\u00e9rience personnalis\u00e9e, vous permettant d&#8217;approfondir les aspects de Bilbao et de Saint-S\u00e9bastien qui vous intriguent le plus. Qu&#8217;il s&#8217;agisse d&#8217;art, d&#8217;architecture, d&#8217;histoire ou de cuisine, notre circuit s&#8217;adapte \u00e0 vos centres d&#8217;int\u00e9r\u00eat pour que chaque instant compte. \u00c0 chaque \u00e9tape, vous tomberez amoureux de l&#8217;esprit et du charme uniques du Pays basque, cr\u00e9ant des souvenirs qui dureront toute une vie.<\/span><\/p>\n<h2><b>Points forts de la visite priv\u00e9e de Bilbao et Saint-S\u00e9bastien<\/b><\/h2>\n<ul>\n<li style=\"font-weight: 400;\" aria-level=\"1\"><b>Mus\u00e9e Guggenheim (Bilbao) :<\/b><span style=\"font-weight: 400;\"> Symbole de la renaissance culturelle de Bilbao, cet \u00e9tonnant mus\u00e9e, con\u00e7u par Frank Gehry, abrite une impressionnante collection d&#8217;art moderne et contemporain. Son architecture et ses expositions en font un lieu incontournable.<\/span><\/li>\n<li style=\"font-weight: 400;\" aria-level=\"1\"><b>Vieille ville (Bilbao et Saint-S\u00e9bastien) :<\/b><span style=\"font-weight: 400;\"> Les deux villes poss\u00e8dent des vieilles villes anim\u00e9es, o\u00f9 les rues pav\u00e9es m\u00e8nent \u00e0 des places cach\u00e9es, des boutiques pittoresques et des bars \u00e0 pintxos traditionnels. Le m\u00e9lange d&#8217;architecture historique et d&#8217;atmosph\u00e8re anim\u00e9e offre une exp\u00e9rience basque authentique.<\/span><\/li>\n<li style=\"font-weight: 400;\" aria-level=\"1\"><b>Plage de La Concha (Saint-S\u00e9bastien) :<\/b><span style=\"font-weight: 400;\"> R\u00e9put\u00e9e pour \u00eatre l&#8217;une des plus belles plages urbaines d&#8217;Europe, la plage de la Concha est id\u00e9ale pour se promener le long de la promenade ou simplement pour se d\u00e9tendre et profiter des vues panoramiques.<\/span><\/li>\n<li style=\"font-weight: 400;\" aria-level=\"1\"><b>Miramar Palace (Saint-S\u00e9bastien) :<\/b><span style=\"font-weight: 400;\"> Surplombant la baie de La Concha, ce palais offre un aper\u00e7u de l&#8217;histoire royale de Saint-S\u00e9bastien et des vues \u00e0 couper le souffle sur la ville et la mer.<\/span><\/li>\n<li style=\"font-weight: 400;\" aria-level=\"1\"><b>Mercado de la Ribera (Bilbao) :<\/b><span style=\"font-weight: 400;\"> Explorez le plus grand march\u00e9 couvert d&#8217;Europe, o\u00f9 une pl\u00e9thore de produits frais, de viandes et de fruits de mer mettent en valeur la richesse des ingr\u00e9dients culinaires basques.<\/span><\/li>\n<li style=\"font-weight: 400;\" aria-level=\"1\"><b>Exploration de la cuisine :<\/b><span style=\"font-weight: 400;\"> Bilbao et Saint-S\u00e9bastien sont des paradis gastronomiques. \u00c0 Bilbao, le Mercado de la Ribera est un v\u00e9ritable festin sensoriel, tandis que la culture des pintxos de Saint-S\u00e9bastien est une aventure en soi, chaque bar et chaque restaurant proposant une version unique de ces tapas locaux.<\/span><\/li>\n<li style=\"font-weight: 400;\" aria-level=\"1\"><b>Voyage architectural :<\/b><span style=\"font-weight: 400;\"> En traversant ces villes, admirez les contrastes architecturaux &#8211; des structures contemporaines de Bilbao, comme les tours Isozaki Atea, aux b\u00e2timents de la Belle \u00c9poque de Saint-S\u00e9bastien. Chaque ville raconte l&#8217;histoire de son pass\u00e9 et de son pr\u00e9sent \u00e0 travers son paysage architectural diversifi\u00e9.<\/span><\/li>\n<\/ul>\n<p><span style=\"font-weight: 400;\">Tout au long de votre voyage, vous aurez la possibilit\u00e9 d&#8217;adapter votre exp\u00e9rience \u00e0 vos int\u00e9r\u00eats, qu&#8217;il s&#8217;agisse de savourer des d\u00e9lices gastronomiques, d&#8217;approfondir les sites historiques ou de prendre la photo parfaite de paysages \u00e9poustouflants.<\/span><\/p>\n<p><span style=\"font-weight: 400;\">Pr\u00eat \u00e0 d\u00e9couvrir l&#8217;essence du Pays basque ? D\u00e9couvrez notre large gamme de circuits \u00e0 Bilbao chez Tour Travel and More. Chaque voyage est con\u00e7u pour vous offrir une exploration unique et m\u00e9morable des tr\u00e9sors du nord de l&#8217;Espagne.<\/span><a href=\"https:\/\/tourtravelandmore.com\/fr\/city\/espagne-fr\/bilbao-fr\/\"><span style=\"font-weight: 400;\"> Visitez Tour Travel and More pour en d\u00e9couvrir davantage et r\u00e9server votre prochaine aventure \u00e0 Bilbao et au-del\u00e0 ! \ud83c\udf1f<\/span><\/a><\/p>\n","protected":false},"excerpt":{"rendered":"<p><span style=\"font-weight: 400;\">Participez \u00e0 notre &#8220;Visite priv\u00e9e de Bilbao et Saint-S\u00e9bastien&#8221; pour une exploration in\u00e9gal\u00e9e de la culture vibrante, des sites historiques et des paysages \u00e0 couper le souffle. D\u00e9couvrez le c\u00e9l\u00e8bre mus\u00e9e Guggenheim, la beaut\u00e9 de la plage de La Concha et le charme des vieilles villes, le tout en une seule visite compl\u00e8te.<\/span><\/p>\n","protected":false},"featured_media":171759,"comment_status":"open","ping_status":"closed","template":"","meta":{"_acf_changed":false},"product_brand":[],"product_cat":[4739,4737,4740,3574],"product_tag":[],"class_list":{"0":"post-171743","1":"product","2":"type-product","3":"status-publish","4":"has-post-thumbnail","6":"product_cat-excursions-a-terre-privees-fr","7":"product_cat-toutes-les-visites-et-activites-privees-fr-6","8":"product_cat-visites-guidees-privees-fr-8","9":"product_cat-bilbao-fr","11":"first","12":"instock","13":"shipping-taxable","14":"purchasable","15":"product-type-simple"},"acf":[],"yoast_head":"<!-- This site is optimized with the Yoast SEO Premium plugin v25.3.1 (Yoast SEO v25.3.1) - https:\/\/yoast.com\/wordpress\/plugins\/seo\/ -->\n<title>\u27a1\ufe0f D\u00e9couvrez Bilbao et Saint-S\u00e9bastien : Visite priv\u00e9e exclusive avec Tour Travel and More \u2705<\/title>\n<meta name=\"description\" content=\"Explorez le meilleur de Bilbao et de Saint-S\u00e9bastien dans le luxe avec notre visite priv\u00e9e de 8 heures. Plongez dans la culture, l&#039;histoire et les vues imprenables. R\u00e9servez d\u00e8s maintenant avec Tour Travel and More ! \u2705\" \/>\n<meta name=\"robots\" content=\"index, follow, max-snippet:-1, max-image-preview:large, max-video-preview:-1\" \/>\n<link rel=\"canonical\" href=\"https:\/\/tourtravelandmore.com\/fr\/tours\/espagne-fr\/bilbao-fr\/toutes-les-visites-et-activites-privees-fr-6\/visite-privee-de-bilbao-et-saint-sebastien\/\" \/>\n<meta property=\"og:locale\" content=\"fr_FR\" \/>\n<meta property=\"og:type\" content=\"article\" \/>\n<meta property=\"og:title\" content=\"Visite priv\u00e9e de Bilbao et Saint-S\u00e9bastien\" \/>\n<meta property=\"og:description\" content=\"Explorez le meilleur de Bilbao et de Saint-S\u00e9bastien dans le luxe avec notre visite priv\u00e9e de 8 heures. Plongez dans la culture, l&#039;histoire et les vues imprenables. R\u00e9servez d\u00e8s maintenant avec Tour Travel and More ! \u2705\" \/>\n<meta property=\"og:url\" content=\"https:\/\/tourtravelandmore.com\/fr\/tours\/espagne-fr\/bilbao-fr\/toutes-les-visites-et-activites-privees-fr-6\/visite-privee-de-bilbao-et-saint-sebastien\/\" \/>\n<meta property=\"og:site_name\" content=\"Tour Travel And More\" \/>\n<meta property=\"article:publisher\" content=\"https:\/\/www.facebook.com\/tourtravelandmore\/\" \/>\n<meta property=\"article:modified_time\" content=\"2024-01-05T12:09:04+00:00\" \/>\n<meta property=\"og:image\" content=\"https:\/\/tourtravelandmore.com\/wp-content\/uploads\/2024\/01\/image3.jpg\" \/>\n\t<meta property=\"og:image:width\" content=\"1425\" \/>\n\t<meta property=\"og:image:height\" content=\"1125\" \/>\n\t<meta property=\"og:image:type\" content=\"image\/jpeg\" \/>\n<meta name=\"twitter:card\" content=\"summary_large_image\" \/>\n<meta name=\"twitter:site\" content=\"@TourTravel_More\" \/>\n<meta name=\"twitter:label1\" content=\"Dur\u00e9e de lecture estim\u00e9e\" \/>\n\t<meta name=\"twitter:data1\" content=\"4 minutes\" \/>\n<script type=\"application\/ld+json\" class=\"yoast-schema-graph\">{\"@context\":\"https:\/\/schema.org\",\"@graph\":[{\"@type\":\"WebPage\",\"@id\":\"https:\/\/tourtravelandmore.com\/fr\/tours\/espagne-fr\/bilbao-fr\/toutes-les-visites-et-activites-privees-fr-6\/visite-privee-de-bilbao-et-saint-sebastien\/\",\"url\":\"https:\/\/tourtravelandmore.com\/fr\/tours\/espagne-fr\/bilbao-fr\/toutes-les-visites-et-activites-privees-fr-6\/visite-privee-de-bilbao-et-saint-sebastien\/\",\"name\":\"\u27a1\ufe0f D\u00e9couvrez Bilbao et Saint-S\u00e9bastien : Visite priv\u00e9e exclusive avec Tour Travel and More \u2705\",\"isPartOf\":{\"@id\":\"https:\/\/tourtravelandmore.com\/fr\/#website\"},\"primaryImageOfPage\":{\"@id\":\"https:\/\/tourtravelandmore.com\/fr\/tours\/espagne-fr\/bilbao-fr\/toutes-les-visites-et-activites-privees-fr-6\/visite-privee-de-bilbao-et-saint-sebastien\/#primaryimage\"},\"image\":{\"@id\":\"https:\/\/tourtravelandmore.com\/fr\/tours\/espagne-fr\/bilbao-fr\/toutes-les-visites-et-activites-privees-fr-6\/visite-privee-de-bilbao-et-saint-sebastien\/#primaryimage\"},\"thumbnailUrl\":\"https:\/\/tourtravelandmore.com\/wp-content\/uploads\/2024\/01\/image3.jpg\",\"datePublished\":\"2024-01-01T15:25:02+00:00\",\"dateModified\":\"2024-01-05T12:09:04+00:00\",\"description\":\"Explorez le meilleur de Bilbao et de Saint-S\u00e9bastien dans le luxe avec notre visite priv\u00e9e de 8 heures. Plongez dans la culture, l'histoire et les vues imprenables. R\u00e9servez d\u00e8s maintenant avec Tour Travel and More ! \u2705\",\"breadcrumb\":{\"@id\":\"https:\/\/tourtravelandmore.com\/fr\/tours\/espagne-fr\/bilbao-fr\/toutes-les-visites-et-activites-privees-fr-6\/visite-privee-de-bilbao-et-saint-sebastien\/#breadcrumb\"},\"inLanguage\":\"fr-FR\",\"potentialAction\":[{\"@type\":\"ReadAction\",\"target\":[\"https:\/\/tourtravelandmore.com\/fr\/tours\/espagne-fr\/bilbao-fr\/toutes-les-visites-et-activites-privees-fr-6\/visite-privee-de-bilbao-et-saint-sebastien\/\"]}]},{\"@type\":\"ImageObject\",\"inLanguage\":\"fr-FR\",\"@id\":\"https:\/\/tourtravelandmore.com\/fr\/tours\/espagne-fr\/bilbao-fr\/toutes-les-visites-et-activites-privees-fr-6\/visite-privee-de-bilbao-et-saint-sebastien\/#primaryimage\",\"url\":\"https:\/\/tourtravelandmore.com\/wp-content\/uploads\/2024\/01\/image3.jpg\",\"contentUrl\":\"https:\/\/tourtravelandmore.com\/wp-content\/uploads\/2024\/01\/image3.jpg\",\"width\":1425,\"height\":1125},{\"@type\":\"BreadcrumbList\",\"@id\":\"https:\/\/tourtravelandmore.com\/fr\/tours\/espagne-fr\/bilbao-fr\/toutes-les-visites-et-activites-privees-fr-6\/visite-privee-de-bilbao-et-saint-sebastien\/#breadcrumb\",\"itemListElement\":[{\"@type\":\"ListItem\",\"position\":1,\"name\":\"Home\",\"item\":\"https:\/\/tourtravelandmore.com\/fr\/\"},{\"@type\":\"ListItem\",\"position\":2,\"name\":\"Tours\",\"item\":\"https:\/\/tourtravelandmore.com\/fr\/tours\/\"},{\"@type\":\"ListItem\",\"position\":3,\"name\":\"Visite priv\u00e9e de Bilbao et Saint-S\u00e9bastien\"}]},{\"@type\":\"WebSite\",\"@id\":\"https:\/\/tourtravelandmore.com\/fr\/#website\",\"url\":\"https:\/\/tourtravelandmore.com\/fr\/\",\"name\":\"Tour Travel And More\",\"description\":\"Private sightseeing tours and luxury transfers in Spain\",\"publisher\":{\"@id\":\"https:\/\/tourtravelandmore.com\/fr\/#organization\"},\"potentialAction\":[{\"@type\":\"SearchAction\",\"target\":{\"@type\":\"EntryPoint\",\"urlTemplate\":\"https:\/\/tourtravelandmore.com\/fr\/?s={search_term_string}\"},\"query-input\":{\"@type\":\"PropertyValueSpecification\",\"valueRequired\":true,\"valueName\":\"search_term_string\"}}],\"inLanguage\":\"fr-FR\"},{\"@type\":\"Organization\",\"@id\":\"https:\/\/tourtravelandmore.com\/fr\/#organization\",\"name\":\"Tour Travel And More\",\"url\":\"https:\/\/tourtravelandmore.com\/fr\/\",\"logo\":{\"@type\":\"ImageObject\",\"inLanguage\":\"fr-FR\",\"@id\":\"https:\/\/tourtravelandmore.com\/fr\/#\/schema\/logo\/image\/\",\"url\":\"https:\/\/tourtravelandmore.com\/wp-content\/uploads\/2022\/12\/cropped-logo-cabecera-new.png\",\"contentUrl\":\"https:\/\/tourtravelandmore.com\/wp-content\/uploads\/2022\/12\/cropped-logo-cabecera-new.png\",\"width\":430,\"height\":61,\"caption\":\"Tour Travel And More\"},\"image\":{\"@id\":\"https:\/\/tourtravelandmore.com\/fr\/#\/schema\/logo\/image\/\"},\"sameAs\":[\"https:\/\/www.facebook.com\/tourtravelandmore\/\",\"https:\/\/x.com\/TourTravel_More\"]}]}<\/script>\n<!-- \/ Yoast SEO Premium plugin. -->","yoast_head_json":{"title":"\u27a1\ufe0f D\u00e9couvrez Bilbao et Saint-S\u00e9bastien : Visite priv\u00e9e exclusive avec Tour Travel and More \u2705","description":"Explorez le meilleur de Bilbao et de Saint-S\u00e9bastien dans le luxe avec notre visite priv\u00e9e de 8 heures. Plongez dans la culture, l'histoire et les vues imprenables. R\u00e9servez d\u00e8s maintenant avec Tour Travel and More ! \u2705","robots":{"index":"index","follow":"follow","max-snippet":"max-snippet:-1","max-image-preview":"max-image-preview:large","max-video-preview":"max-video-preview:-1"},"canonical":"https:\/\/tourtravelandmore.com\/fr\/tours\/espagne-fr\/bilbao-fr\/toutes-les-visites-et-activites-privees-fr-6\/visite-privee-de-bilbao-et-saint-sebastien\/","og_locale":"fr_FR","og_type":"article","og_title":"Visite priv\u00e9e de Bilbao et Saint-S\u00e9bastien","og_description":"Explorez le meilleur de Bilbao et de Saint-S\u00e9bastien dans le luxe avec notre visite priv\u00e9e de 8 heures. Plongez dans la culture, l'histoire et les vues imprenables. R\u00e9servez d\u00e8s maintenant avec Tour Travel and More ! \u2705","og_url":"https:\/\/tourtravelandmore.com\/fr\/tours\/espagne-fr\/bilbao-fr\/toutes-les-visites-et-activites-privees-fr-6\/visite-privee-de-bilbao-et-saint-sebastien\/","og_site_name":"Tour Travel And More","article_publisher":"https:\/\/www.facebook.com\/tourtravelandmore\/","article_modified_time":"2024-01-05T12:09:04+00:00","og_image":[{"width":1425,"height":1125,"url":"https:\/\/tourtravelandmore.com\/wp-content\/uploads\/2024\/01\/image3.jpg","type":"image\/jpeg"}],"twitter_card":"summary_large_image","twitter_site":"@TourTravel_More","twitter_misc":{"Dur\u00e9e de lecture estim\u00e9e":"4 minutes"},"schema":{"@context":"https:\/\/schema.org","@graph":[{"@type":"WebPage","@id":"https:\/\/tourtravelandmore.com\/fr\/tours\/espagne-fr\/bilbao-fr\/toutes-les-visites-et-activites-privees-fr-6\/visite-privee-de-bilbao-et-saint-sebastien\/","url":"https:\/\/tourtravelandmore.com\/fr\/tours\/espagne-fr\/bilbao-fr\/toutes-les-visites-et-activites-privees-fr-6\/visite-privee-de-bilbao-et-saint-sebastien\/","name":"\u27a1\ufe0f D\u00e9couvrez Bilbao et Saint-S\u00e9bastien : Visite priv\u00e9e exclusive avec Tour Travel and More \u2705","isPartOf":{"@id":"https:\/\/tourtravelandmore.com\/fr\/#website"},"primaryImageOfPage":{"@id":"https:\/\/tourtravelandmore.com\/fr\/tours\/espagne-fr\/bilbao-fr\/toutes-les-visites-et-activites-privees-fr-6\/visite-privee-de-bilbao-et-saint-sebastien\/#primaryimage"},"image":{"@id":"https:\/\/tourtravelandmore.com\/fr\/tours\/espagne-fr\/bilbao-fr\/toutes-les-visites-et-activites-privees-fr-6\/visite-privee-de-bilbao-et-saint-sebastien\/#primaryimage"},"thumbnailUrl":"https:\/\/tourtravelandmore.com\/wp-content\/uploads\/2024\/01\/image3.jpg","datePublished":"2024-01-01T15:25:02+00:00","dateModified":"2024-01-05T12:09:04+00:00","description":"Explorez le meilleur de Bilbao et de Saint-S\u00e9bastien dans le luxe avec notre visite priv\u00e9e de 8 heures. Plongez dans la culture, l'histoire et les vues imprenables. R\u00e9servez d\u00e8s maintenant avec Tour Travel and More ! \u2705","breadcrumb":{"@id":"https:\/\/tourtravelandmore.com\/fr\/tours\/espagne-fr\/bilbao-fr\/toutes-les-visites-et-activites-privees-fr-6\/visite-privee-de-bilbao-et-saint-sebastien\/#breadcrumb"},"inLanguage":"fr-FR","potentialAction":[{"@type":"ReadAction","target":["https:\/\/tourtravelandmore.com\/fr\/tours\/espagne-fr\/bilbao-fr\/toutes-les-visites-et-activites-privees-fr-6\/visite-privee-de-bilbao-et-saint-sebastien\/"]}]},{"@type":"ImageObject","inLanguage":"fr-FR","@id":"https:\/\/tourtravelandmore.com\/fr\/tours\/espagne-fr\/bilbao-fr\/toutes-les-visites-et-activites-privees-fr-6\/visite-privee-de-bilbao-et-saint-sebastien\/#primaryimage","url":"https:\/\/tourtravelandmore.com\/wp-content\/uploads\/2024\/01\/image3.jpg","contentUrl":"https:\/\/tourtravelandmore.com\/wp-content\/uploads\/2024\/01\/image3.jpg","width":1425,"height":1125},{"@type":"BreadcrumbList","@id":"https:\/\/tourtravelandmore.com\/fr\/tours\/espagne-fr\/bilbao-fr\/toutes-les-visites-et-activites-privees-fr-6\/visite-privee-de-bilbao-et-saint-sebastien\/#breadcrumb","itemListElement":[{"@type":"ListItem","position":1,"name":"Home","item":"https:\/\/tourtravelandmore.com\/fr\/"},{"@type":"ListItem","position":2,"name":"Tours","item":"https:\/\/tourtravelandmore.com\/fr\/tours\/"},{"@type":"ListItem","position":3,"name":"Visite priv\u00e9e de Bilbao et Saint-S\u00e9bastien"}]},{"@type":"WebSite","@id":"https:\/\/tourtravelandmore.com\/fr\/#website","url":"https:\/\/tourtravelandmore.com\/fr\/","name":"Tour Travel And More","description":"Private sightseeing tours and luxury transfers in Spain","publisher":{"@id":"https:\/\/tourtravelandmore.com\/fr\/#organization"},"potentialAction":[{"@type":"SearchAction","target":{"@type":"EntryPoint","urlTemplate":"https:\/\/tourtravelandmore.com\/fr\/?s={search_term_string}"},"query-input":{"@type":"PropertyValueSpecification","valueRequired":true,"valueName":"search_term_string"}}],"inLanguage":"fr-FR"},{"@type":"Organization","@id":"https:\/\/tourtravelandmore.com\/fr\/#organization","name":"Tour Travel And More","url":"https:\/\/tourtravelandmore.com\/fr\/","logo":{"@type":"ImageObject","inLanguage":"fr-FR","@id":"https:\/\/tourtravelandmore.com\/fr\/#\/schema\/logo\/image\/","url":"https:\/\/tourtravelandmore.com\/wp-content\/uploads\/2022\/12\/cropped-logo-cabecera-new.png","contentUrl":"https:\/\/tourtravelandmore.com\/wp-content\/uploads\/2022\/12\/cropped-logo-cabecera-new.png","width":430,"height":61,"caption":"Tour Travel And More"},"image":{"@id":"https:\/\/tourtravelandmore.com\/fr\/#\/schema\/logo\/image\/"},"sameAs":["https:\/\/www.facebook.com\/tourtravelandmore\/","https:\/\/x.com\/TourTravel_More"]}]}},"_links":{"self":[{"href":"https:\/\/tourtravelandmore.com\/fr\/wp-json\/wp\/v2\/product\/171743","targetHints":{"allow":["GET"]}}],"collection":[{"href":"https:\/\/tourtravelandmore.com\/fr\/wp-json\/wp\/v2\/product"}],"about":[{"href":"https:\/\/tourtravelandmore.com\/fr\/wp-json\/wp\/v2\/types\/product"}],"replies":[{"embeddable":true,"href":"https:\/\/tourtravelandmore.com\/fr\/wp-json\/wp\/v2\/comments?post=171743"}],"wp:featuredmedia":[{"embeddable":true,"href":"https:\/\/tourtravelandmore.com\/fr\/wp-json\/wp\/v2\/media\/171759"}],"wp:attachment":[{"href":"https:\/\/tourtravelandmore.com\/fr\/wp-json\/wp\/v2\/media?parent=171743"}],"wp:term":[{"taxonomy":"product_brand","embeddable":true,"href":"https:\/\/tourtravelandmore.com\/fr\/wp-json\/wp\/v2\/product_brand?post=171743"},{"taxonomy":"product_cat","embeddable":true,"href":"https:\/\/tourtravelandmore.com\/fr\/wp-json\/wp\/v2\/product_cat?post=171743"},{"taxonomy":"product_tag","embeddable":true,"href":"https:\/\/tourtravelandmore.com\/fr\/wp-json\/wp\/v2\/product_tag?post=171743"}],"curies":[{"name":"wp","href":"https:\/\/api.w.org\/{rel}","templated":true}]}}