{"id":171541,"date":"2023-12-19T14:43:16","date_gmt":"2023-12-19T13:43:19","guid":{"rendered":"https:\/\/tourtravelandmore.com\/?post_type=product&#038;p=171541"},"modified":"2024-03-01T14:59:49","modified_gmt":"2024-03-01T13:59:49","slug":"visite-privee-a-pied-de-florence-copy","status":"publish","type":"product","link":"https:\/\/tourtravelandmore.com\/fr\/tours\/italie-fr\/florence-fr\/all-private-tours-activities-fr\/visite-privee-a-pied-de-florence-copy\/","title":{"rendered":"Excursion priv\u00e9e \u00e0 Montepulciano et Pienza"},"content":{"rendered":"<h2>Description de l&#8217;excursion priv\u00e9e \u00e0 Montepulciano et Pienza<\/h2>\n<p>Embarquez pour un voyage exclusif de 8 heures \u00e0 travers les paysages enchanteurs de la Toscane avec notre visite priv\u00e9e de Montepulciano et Pienza. Votre exp\u00e9rience personnalis\u00e9e commence avec un v\u00e9hicule confortable et un chauffeur-guide comp\u00e9tent en anglais ou en espagnol. Ce circuit immersif promet un m\u00e9lange de d\u00e9couverte culturelle, de d\u00e9lices culinaires et de paysages \u00e0 couper le souffle qui d\u00e9finissent le c\u0153ur de l&#8217;Italie.<\/p>\n<p>En traversant les charmants villages de Montepulciano et de Pienza, vous serez s\u00e9duit par l&#8217;hospitalit\u00e9 chaleureuse des habitants et l&#8217;attrait intemporel de ces sites historiques. L&#8217;attention personnalis\u00e9e de votre chauffeur-guide garantit un voyage sans encombre, vous permettant d&#8217;absorber pleinement la beaut\u00e9 et la culture de la Toscane sans le stress de naviguer sur des routes inconnues. Que vous soyez un passionn\u00e9 d&#8217;histoire ou simplement un voyageur \u00e0 la recherche des meilleures choses de la vie, cette visite exclusive de 8 heures vous promet une exp\u00e9rience immersive qui met en valeur l&#8217;essence m\u00eame de la Toscane. Alors, asseyez-vous, d\u00e9tendez-vous et laissez la beaut\u00e9 de Montepulciano et de Pienza se d\u00e9ployer devant vous, cr\u00e9ant des souvenirs qui resteront dans votre c\u0153ur longtemps apr\u00e8s la fin du voyage.<\/p>\n<p><span style=\"font-weight: 400;\">\u00a0Si vous \u00eates un grand admirateur d&#8217;art, jetez un coup d&#8217;\u0153il \u00e0 notre <\/span><a href=\"https:\/\/tourtravelandmore.com\/es\/tours\/italia-es\/florencia-es\/tour-privado-2-horas-en-florencia-galleria-accademia-con-guia-oficial\/\"><span style=\"font-weight: 400;\">visite priv\u00e9e \u00e0 pied de 2 heures de la galerie de l&#8217;Accademia<\/span><\/a><span style=\"font-weight: 400;\"> (les frais d&#8217;entr\u00e9e sont inclus dans le prix).<\/span><\/p>\n<h2>Points d&#8217;int\u00e9r\u00eat<\/h2>\n<p>Votre aventure commence \u00e0 Montepulciano, une ville pittoresque situ\u00e9e au sommet d&#8217;une colline et r\u00e9put\u00e9e pour son charme m\u00e9di\u00e9val et ses vins exquis. En fl\u00e2nant dans les rues pav\u00e9es, votre guide vous d\u00e9voilera la riche histoire de cette r\u00e9gion, de son architecture de la Renaissance \u00e0 sa culture viticole florissante. Admirez les vues panoramiques du Val d&#8217;Orcia.<\/p>\n<p>D\u00e9couvrez la beaut\u00e9 enchanteresse de Montepulciano, r\u00e9put\u00e9e pour sa superbe architecture de la Renaissance, ses rues charmantes et son vin de classe mondiale. Explorez le centre historique, visitez le Palazzo Comunale et la c\u00e9l\u00e8bre Torre di Pulcinella.<\/p>\n<p>Pendant que vous voyagez entre Montepulciano et Pienza, laissez la captivante campagne toscane se d\u00e9rouler sous vos yeux. Admirez les collines ondulantes orn\u00e9es de vignobles et d&#8217;oliveraies, cr\u00e9ant ainsi un paysage digne d&#8217;une carte postale.<\/p>\n<p>Tout au long de l&#8217;excursion, votre chauffeur-guide vous d\u00e9voilera des joyaux cach\u00e9s et des attractions moins connues, ajoutant ainsi une touche personnelle \u00e0 votre exploration.<\/p>\n<p>Ensuite, plongez dans la ville pittoresque de Pienza, class\u00e9e au patrimoine mondial de l&#8217;UNESCO et c\u00e9l\u00e8bre pour sa remarquable architecture de la Renaissance et son d\u00e9licieux fromage Pecorino. Fl\u00e2nez dans les rues charmantes, visitez la Piazza Pio II et laissez-vous tenter par les d\u00e9lices culinaires locaux dans les caf\u00e9s et les boutiques pittoresques.<\/p>\n<p>Cette visite priv\u00e9e exclusive de 8 heures \u00e0 Montepulciano et Pienza promet un m\u00e9lange inoubliable d&#8217;histoire, de culture et de gastronomie, le tout avec pour toile de fond l&#8217;\u00e9poustouflante campagne toscane. Plongez dans la beaut\u00e9 de la Toscane avec la commodit\u00e9 et le luxe d&#8217;un chauffeur-guide priv\u00e9, pour une exp\u00e9rience qui sort de l&#8217;ordinaire.<\/p>\n<p><span style=\"font-weight: 400;\">En revanche, si vous souhaitez d\u00e9couvrir davantage Florence et toute l&#8217;histoire qui l&#8217;entoure, nous vous recommandons de visiter nos <\/span><a href=\"https:\/\/tourtravelandmore.com\/fr\/city\/italie-fr\/florence-fr\/\"><span style=\"font-weight: 400;\">visites priv\u00e9es de cette belle destination.<\/span><\/a><\/p>\n<div id=\"gtx-trans\" style=\"position: absolute; left: 356px; top: 2000.75px;\">\n<div class=\"gtx-trans-icon\"><\/div>\n<\/div>\n","protected":false},"excerpt":{"rendered":"<p>Embarquez pour un voyage exclusif de 8 heures \u00e0 travers les paysages enchanteurs de la Toscane avec notre visite priv\u00e9e de Montepulciano et Pienza. Votre exp\u00e9rience personnalis\u00e9e commence avec un v\u00e9hicule confortable et un chauffeur-guide comp\u00e9tent qui parle couramment l&#8217;anglais et l&#8217;espagnol. Ce circuit immersif promet un m\u00e9lange de d\u00e9couverte culturelle, de d\u00e9lices culinaires et de paysages \u00e0 couper le souffle qui d\u00e9finissent le c\u0153ur de l&#8217;Italie.<\/p>\n","protected":false},"featured_media":171551,"comment_status":"open","ping_status":"closed","template":"","meta":{"_acf_changed":false},"product_brand":[],"product_cat":[3697,3702,3705],"product_tag":[],"class_list":{"0":"post-171541","1":"product","2":"type-product","3":"status-publish","4":"has-post-thumbnail","6":"product_cat-florence-fr","7":"product_cat-all-private-tours-activities-fr","8":"product_cat-private-walking-tours-fr","10":"first","11":"instock","12":"shipping-taxable","13":"purchasable","14":"product-type-simple"},"acf":[],"yoast_head":"<!-- This site is optimized with the Yoast SEO Premium plugin v25.3.1 (Yoast SEO v25.3.1) - https:\/\/yoast.com\/wordpress\/plugins\/seo\/ -->\n<title>\u27a1\ufe0f Excursion priv\u00e9e \u00e0 Montepulciano et Pienza | TTM<\/title>\n<meta name=\"description\" content=\"R\u00e9servez Excursion priv\u00e9e \u00e0 Montepulciano et Pienza maintenant, ne manquez pas cette opportunit\u00e9, ce sera une exp\u00e9rience priv\u00e9e que vous n&#039;oublierez jamais\u2705\" \/>\n<meta name=\"robots\" content=\"index, follow, max-snippet:-1, max-image-preview:large, max-video-preview:-1\" \/>\n<link rel=\"canonical\" href=\"https:\/\/tourtravelandmore.com\/fr\/tours\/italie-fr\/florence-fr\/all-private-tours-activities-fr\/visite-privee-a-pied-de-florence-copy\/\" \/>\n<meta property=\"og:locale\" content=\"fr_FR\" \/>\n<meta property=\"og:type\" content=\"article\" \/>\n<meta property=\"og:title\" content=\"Excursion priv\u00e9e \u00e0 Montepulciano et Pienza\" \/>\n<meta property=\"og:description\" content=\"R\u00e9servez Excursion priv\u00e9e \u00e0 Montepulciano et Pienza maintenant, ne manquez pas cette opportunit\u00e9, ce sera une exp\u00e9rience priv\u00e9e que vous n&#039;oublierez jamais\u2705\" \/>\n<meta property=\"og:url\" content=\"https:\/\/tourtravelandmore.com\/fr\/tours\/italie-fr\/florence-fr\/all-private-tours-activities-fr\/visite-privee-a-pied-de-florence-copy\/\" \/>\n<meta property=\"og:site_name\" content=\"Tour Travel And More\" \/>\n<meta property=\"article:publisher\" content=\"https:\/\/www.facebook.com\/tourtravelandmore\/\" \/>\n<meta property=\"article:modified_time\" content=\"2024-03-01T13:59:49+00:00\" \/>\n<meta property=\"og:image\" content=\"https:\/\/tourtravelandmore.com\/wp-content\/uploads\/2023\/12\/pexels-photo-14373361.jpg\" \/>\n\t<meta property=\"og:image:width\" content=\"1000\" \/>\n\t<meta property=\"og:image:height\" content=\"750\" \/>\n\t<meta property=\"og:image:type\" content=\"image\/jpeg\" \/>\n<meta name=\"twitter:card\" content=\"summary_large_image\" \/>\n<meta name=\"twitter:site\" content=\"@TourTravel_More\" \/>\n<meta name=\"twitter:label1\" content=\"Dur\u00e9e de lecture estim\u00e9e\" \/>\n\t<meta name=\"twitter:data1\" content=\"3 minutes\" \/>\n<script type=\"application\/ld+json\" class=\"yoast-schema-graph\">{\"@context\":\"https:\/\/schema.org\",\"@graph\":[{\"@type\":\"WebPage\",\"@id\":\"https:\/\/tourtravelandmore.com\/fr\/tours\/italie-fr\/florence-fr\/all-private-tours-activities-fr\/visite-privee-a-pied-de-florence-copy\/\",\"url\":\"https:\/\/tourtravelandmore.com\/fr\/tours\/italie-fr\/florence-fr\/all-private-tours-activities-fr\/visite-privee-a-pied-de-florence-copy\/\",\"name\":\"\u27a1\ufe0f Excursion priv\u00e9e \u00e0 Montepulciano et Pienza | TTM\",\"isPartOf\":{\"@id\":\"https:\/\/tourtravelandmore.com\/fr\/#website\"},\"primaryImageOfPage\":{\"@id\":\"https:\/\/tourtravelandmore.com\/fr\/tours\/italie-fr\/florence-fr\/all-private-tours-activities-fr\/visite-privee-a-pied-de-florence-copy\/#primaryimage\"},\"image\":{\"@id\":\"https:\/\/tourtravelandmore.com\/fr\/tours\/italie-fr\/florence-fr\/all-private-tours-activities-fr\/visite-privee-a-pied-de-florence-copy\/#primaryimage\"},\"thumbnailUrl\":\"https:\/\/tourtravelandmore.com\/wp-content\/uploads\/2023\/12\/pexels-photo-14373361.jpg\",\"datePublished\":\"2023-12-19T13:43:19+00:00\",\"dateModified\":\"2024-03-01T13:59:49+00:00\",\"description\":\"R\u00e9servez Excursion priv\u00e9e \u00e0 Montepulciano et Pienza maintenant, ne manquez pas cette opportunit\u00e9, ce sera une exp\u00e9rience priv\u00e9e que vous n'oublierez jamais\u2705\",\"breadcrumb\":{\"@id\":\"https:\/\/tourtravelandmore.com\/fr\/tours\/italie-fr\/florence-fr\/all-private-tours-activities-fr\/visite-privee-a-pied-de-florence-copy\/#breadcrumb\"},\"inLanguage\":\"fr-FR\",\"potentialAction\":[{\"@type\":\"ReadAction\",\"target\":[\"https:\/\/tourtravelandmore.com\/fr\/tours\/italie-fr\/florence-fr\/all-private-tours-activities-fr\/visite-privee-a-pied-de-florence-copy\/\"]}]},{\"@type\":\"ImageObject\",\"inLanguage\":\"fr-FR\",\"@id\":\"https:\/\/tourtravelandmore.com\/fr\/tours\/italie-fr\/florence-fr\/all-private-tours-activities-fr\/visite-privee-a-pied-de-florence-copy\/#primaryimage\",\"url\":\"https:\/\/tourtravelandmore.com\/wp-content\/uploads\/2023\/12\/pexels-photo-14373361.jpg\",\"contentUrl\":\"https:\/\/tourtravelandmore.com\/wp-content\/uploads\/2023\/12\/pexels-photo-14373361.jpg\",\"width\":1000,\"height\":750},{\"@type\":\"BreadcrumbList\",\"@id\":\"https:\/\/tourtravelandmore.com\/fr\/tours\/italie-fr\/florence-fr\/all-private-tours-activities-fr\/visite-privee-a-pied-de-florence-copy\/#breadcrumb\",\"itemListElement\":[{\"@type\":\"ListItem\",\"position\":1,\"name\":\"Home\",\"item\":\"https:\/\/tourtravelandmore.com\/fr\/\"},{\"@type\":\"ListItem\",\"position\":2,\"name\":\"Tours\",\"item\":\"https:\/\/tourtravelandmore.com\/fr\/tours\/\"},{\"@type\":\"ListItem\",\"position\":3,\"name\":\"Excursion priv\u00e9e \u00e0 Montepulciano et Pienza\"}]},{\"@type\":\"WebSite\",\"@id\":\"https:\/\/tourtravelandmore.com\/fr\/#website\",\"url\":\"https:\/\/tourtravelandmore.com\/fr\/\",\"name\":\"Tour Travel And More\",\"description\":\"Private sightseeing tours and luxury transfers in Spain\",\"publisher\":{\"@id\":\"https:\/\/tourtravelandmore.com\/fr\/#organization\"},\"potentialAction\":[{\"@type\":\"SearchAction\",\"target\":{\"@type\":\"EntryPoint\",\"urlTemplate\":\"https:\/\/tourtravelandmore.com\/fr\/?s={search_term_string}\"},\"query-input\":{\"@type\":\"PropertyValueSpecification\",\"valueRequired\":true,\"valueName\":\"search_term_string\"}}],\"inLanguage\":\"fr-FR\"},{\"@type\":\"Organization\",\"@id\":\"https:\/\/tourtravelandmore.com\/fr\/#organization\",\"name\":\"Tour Travel And More\",\"url\":\"https:\/\/tourtravelandmore.com\/fr\/\",\"logo\":{\"@type\":\"ImageObject\",\"inLanguage\":\"fr-FR\",\"@id\":\"https:\/\/tourtravelandmore.com\/fr\/#\/schema\/logo\/image\/\",\"url\":\"https:\/\/tourtravelandmore.com\/wp-content\/uploads\/2022\/12\/cropped-logo-cabecera-new.png\",\"contentUrl\":\"https:\/\/tourtravelandmore.com\/wp-content\/uploads\/2022\/12\/cropped-logo-cabecera-new.png\",\"width\":430,\"height\":61,\"caption\":\"Tour Travel And More\"},\"image\":{\"@id\":\"https:\/\/tourtravelandmore.com\/fr\/#\/schema\/logo\/image\/\"},\"sameAs\":[\"https:\/\/www.facebook.com\/tourtravelandmore\/\",\"https:\/\/x.com\/TourTravel_More\"]}]}<\/script>\n<!-- \/ Yoast SEO Premium plugin. -->","yoast_head_json":{"title":"\u27a1\ufe0f Excursion priv\u00e9e \u00e0 Montepulciano et Pienza | TTM","description":"R\u00e9servez Excursion priv\u00e9e \u00e0 Montepulciano et Pienza maintenant, ne manquez pas cette opportunit\u00e9, ce sera une exp\u00e9rience priv\u00e9e que vous n'oublierez jamais\u2705","robots":{"index":"index","follow":"follow","max-snippet":"max-snippet:-1","max-image-preview":"max-image-preview:large","max-video-preview":"max-video-preview:-1"},"canonical":"https:\/\/tourtravelandmore.com\/fr\/tours\/italie-fr\/florence-fr\/all-private-tours-activities-fr\/visite-privee-a-pied-de-florence-copy\/","og_locale":"fr_FR","og_type":"article","og_title":"Excursion priv\u00e9e \u00e0 Montepulciano et Pienza","og_description":"R\u00e9servez Excursion priv\u00e9e \u00e0 Montepulciano et Pienza maintenant, ne manquez pas cette opportunit\u00e9, ce sera une exp\u00e9rience priv\u00e9e que vous n'oublierez jamais\u2705","og_url":"https:\/\/tourtravelandmore.com\/fr\/tours\/italie-fr\/florence-fr\/all-private-tours-activities-fr\/visite-privee-a-pied-de-florence-copy\/","og_site_name":"Tour Travel And More","article_publisher":"https:\/\/www.facebook.com\/tourtravelandmore\/","article_modified_time":"2024-03-01T13:59:49+00:00","og_image":[{"width":1000,"height":750,"url":"https:\/\/tourtravelandmore.com\/wp-content\/uploads\/2023\/12\/pexels-photo-14373361.jpg","type":"image\/jpeg"}],"twitter_card":"summary_large_image","twitter_site":"@TourTravel_More","twitter_misc":{"Dur\u00e9e de lecture estim\u00e9e":"3 minutes"},"schema":{"@context":"https:\/\/schema.org","@graph":[{"@type":"WebPage","@id":"https:\/\/tourtravelandmore.com\/fr\/tours\/italie-fr\/florence-fr\/all-private-tours-activities-fr\/visite-privee-a-pied-de-florence-copy\/","url":"https:\/\/tourtravelandmore.com\/fr\/tours\/italie-fr\/florence-fr\/all-private-tours-activities-fr\/visite-privee-a-pied-de-florence-copy\/","name":"\u27a1\ufe0f Excursion priv\u00e9e \u00e0 Montepulciano et Pienza | TTM","isPartOf":{"@id":"https:\/\/tourtravelandmore.com\/fr\/#website"},"primaryImageOfPage":{"@id":"https:\/\/tourtravelandmore.com\/fr\/tours\/italie-fr\/florence-fr\/all-private-tours-activities-fr\/visite-privee-a-pied-de-florence-copy\/#primaryimage"},"image":{"@id":"https:\/\/tourtravelandmore.com\/fr\/tours\/italie-fr\/florence-fr\/all-private-tours-activities-fr\/visite-privee-a-pied-de-florence-copy\/#primaryimage"},"thumbnailUrl":"https:\/\/tourtravelandmore.com\/wp-content\/uploads\/2023\/12\/pexels-photo-14373361.jpg","datePublished":"2023-12-19T13:43:19+00:00","dateModified":"2024-03-01T13:59:49+00:00","description":"R\u00e9servez Excursion priv\u00e9e \u00e0 Montepulciano et Pienza maintenant, ne manquez pas cette opportunit\u00e9, ce sera une exp\u00e9rience priv\u00e9e que vous n'oublierez jamais\u2705","breadcrumb":{"@id":"https:\/\/tourtravelandmore.com\/fr\/tours\/italie-fr\/florence-fr\/all-private-tours-activities-fr\/visite-privee-a-pied-de-florence-copy\/#breadcrumb"},"inLanguage":"fr-FR","potentialAction":[{"@type":"ReadAction","target":["https:\/\/tourtravelandmore.com\/fr\/tours\/italie-fr\/florence-fr\/all-private-tours-activities-fr\/visite-privee-a-pied-de-florence-copy\/"]}]},{"@type":"ImageObject","inLanguage":"fr-FR","@id":"https:\/\/tourtravelandmore.com\/fr\/tours\/italie-fr\/florence-fr\/all-private-tours-activities-fr\/visite-privee-a-pied-de-florence-copy\/#primaryimage","url":"https:\/\/tourtravelandmore.com\/wp-content\/uploads\/2023\/12\/pexels-photo-14373361.jpg","contentUrl":"https:\/\/tourtravelandmore.com\/wp-content\/uploads\/2023\/12\/pexels-photo-14373361.jpg","width":1000,"height":750},{"@type":"BreadcrumbList","@id":"https:\/\/tourtravelandmore.com\/fr\/tours\/italie-fr\/florence-fr\/all-private-tours-activities-fr\/visite-privee-a-pied-de-florence-copy\/#breadcrumb","itemListElement":[{"@type":"ListItem","position":1,"name":"Home","item":"https:\/\/tourtravelandmore.com\/fr\/"},{"@type":"ListItem","position":2,"name":"Tours","item":"https:\/\/tourtravelandmore.com\/fr\/tours\/"},{"@type":"ListItem","position":3,"name":"Excursion priv\u00e9e \u00e0 Montepulciano et Pienza"}]},{"@type":"WebSite","@id":"https:\/\/tourtravelandmore.com\/fr\/#website","url":"https:\/\/tourtravelandmore.com\/fr\/","name":"Tour Travel And More","description":"Private sightseeing tours and luxury transfers in Spain","publisher":{"@id":"https:\/\/tourtravelandmore.com\/fr\/#organization"},"potentialAction":[{"@type":"SearchAction","target":{"@type":"EntryPoint","urlTemplate":"https:\/\/tourtravelandmore.com\/fr\/?s={search_term_string}"},"query-input":{"@type":"PropertyValueSpecification","valueRequired":true,"valueName":"search_term_string"}}],"inLanguage":"fr-FR"},{"@type":"Organization","@id":"https:\/\/tourtravelandmore.com\/fr\/#organization","name":"Tour Travel And More","url":"https:\/\/tourtravelandmore.com\/fr\/","logo":{"@type":"ImageObject","inLanguage":"fr-FR","@id":"https:\/\/tourtravelandmore.com\/fr\/#\/schema\/logo\/image\/","url":"https:\/\/tourtravelandmore.com\/wp-content\/uploads\/2022\/12\/cropped-logo-cabecera-new.png","contentUrl":"https:\/\/tourtravelandmore.com\/wp-content\/uploads\/2022\/12\/cropped-logo-cabecera-new.png","width":430,"height":61,"caption":"Tour Travel And More"},"image":{"@id":"https:\/\/tourtravelandmore.com\/fr\/#\/schema\/logo\/image\/"},"sameAs":["https:\/\/www.facebook.com\/tourtravelandmore\/","https:\/\/x.com\/TourTravel_More"]}]}},"_links":{"self":[{"href":"https:\/\/tourtravelandmore.com\/fr\/wp-json\/wp\/v2\/product\/171541","targetHints":{"allow":["GET"]}}],"collection":[{"href":"https:\/\/tourtravelandmore.com\/fr\/wp-json\/wp\/v2\/product"}],"about":[{"href":"https:\/\/tourtravelandmore.com\/fr\/wp-json\/wp\/v2\/types\/product"}],"replies":[{"embeddable":true,"href":"https:\/\/tourtravelandmore.com\/fr\/wp-json\/wp\/v2\/comments?post=171541"}],"wp:featuredmedia":[{"embeddable":true,"href":"https:\/\/tourtravelandmore.com\/fr\/wp-json\/wp\/v2\/media\/171551"}],"wp:attachment":[{"href":"https:\/\/tourtravelandmore.com\/fr\/wp-json\/wp\/v2\/media?parent=171541"}],"wp:term":[{"taxonomy":"product_brand","embeddable":true,"href":"https:\/\/tourtravelandmore.com\/fr\/wp-json\/wp\/v2\/product_brand?post=171541"},{"taxonomy":"product_cat","embeddable":true,"href":"https:\/\/tourtravelandmore.com\/fr\/wp-json\/wp\/v2\/product_cat?post=171541"},{"taxonomy":"product_tag","embeddable":true,"href":"https:\/\/tourtravelandmore.com\/fr\/wp-json\/wp\/v2\/product_tag?post=171541"}],"curies":[{"name":"wp","href":"https:\/\/api.w.org\/{rel}","templated":true}]}}