{"id":171408,"date":"2023-12-04T11:17:34","date_gmt":"2023-12-04T10:17:36","guid":{"rendered":"https:\/\/tourtravelandmore.com\/?post_type=product&#038;p=171408"},"modified":"2023-12-04T12:39:31","modified_gmt":"2023-12-04T11:39:31","slug":"visite-privee-de-fatima-et-coimbra","status":"publish","type":"product","link":"https:\/\/tourtravelandmore.com\/fr\/tours\/portugal-fr\/porto-fr\/toutes-les-visites-et-activites-privees\/visite-privee-de-fatima-et-coimbra\/","title":{"rendered":"Visite priv\u00e9e de F\u00e1tima et Coimbra"},"content":{"rendered":"<h2><b>Circuit priv\u00e9 de F\u00e1tima et Coimbra Description<\/b><\/h2>\n<p><span style=\"font-weight: 400;\">Embarquez pour un voyage enrichissant de 8 heures avec notre visite priv\u00e9e de F\u00e1tima et Coimbra, con\u00e7ue par Tour Travel and More. Cette visite combine l&#8217;attrait spirituel de F\u00e1tima et la grandeur acad\u00e9mique de Coimbra, offrant une exploration compl\u00e8te de deux des destinations les plus embl\u00e9matiques du Portugal.<\/span><\/p>\n<p><span style=\"font-weight: 400;\">L&#8217;exp\u00e9rience commence dans le confort d&#8217;une voiture luxueuse, en compagnie d&#8217;un guide comp\u00e9tent, pour un voyage sans encombre. La visite est m\u00e9ticuleusement con\u00e7ue pour englober l&#8217;essence de F\u00e1tima et de Coimbra. \u00c0 F\u00e1tima, vous plongerez dans la profonde spiritualit\u00e9 et l&#8217;histoire de l&#8217;un des sites de p\u00e8lerinage les plus v\u00e9n\u00e9r\u00e9s au monde. Le sanctuaire de F\u00e1tima et ses environs offrent une atmosph\u00e8re \u00e0 la fois paisible et puissante, qui trouve un \u00e9cho profond aupr\u00e8s des visiteurs du monde entier.<\/span><\/p>\n<p><span style=\"font-weight: 400;\">Le voyage vous m\u00e8nera ensuite \u00e0 Coimbra, une ville r\u00e9put\u00e9e pour son universit\u00e9 historique, l&#8217;une des plus anciennes d&#8217;Europe. Votre guide vous emm\u00e8nera pour une visite captivante de 3 heures, comprenant l&#8217;entr\u00e9e \u00e0 la prestigieuse universit\u00e9 de Coimbra, o\u00f9 vous pourrez vous \u00e9merveiller de son architecture \u00e9tonnante et de son importance historique. Cette partie de la visite ne met pas seulement l&#8217;accent sur l&#8217;h\u00e9ritage universitaire, mais vous plonge \u00e9galement dans la riche tapisserie culturelle de Coimbra.<\/span><\/p>\n<p><span style=\"font-weight: 400;\">Tout au long du circuit, vous d\u00e9couvrirez l&#8217;histoire, la culture et les traditions du Portugal. Chaque destination r\u00e9v\u00e8le des aspects uniques de la vie portugaise, de la profonde d\u00e9votion religieuse de F\u00e1tima aux activit\u00e9s intellectuelles de Coimbra. Ce circuit promet un m\u00e9lange d&#8217;exp\u00e9riences \u00e9ducatives, spirituelles et visuelles, ce qui en fait un choix parfait pour ceux qui cherchent \u00e0 mieux comprendre l&#8217;h\u00e9ritage du Portugal.<\/span><\/p>\n<h2><b>Points forts de l&#8217;excursion priv\u00e9e \u00e0 F\u00e1tima et Coimbra<\/b><\/h2>\n<h3><b>F\u00e1tima :<\/b><\/h3>\n<ul>\n<li style=\"font-weight: 400;\" aria-level=\"1\"><b>Les maisons des visionnaires : <\/b><span style=\"font-weight: 400;\">Comprenez mieux la vie des enfants bergers qui ont \u00e9t\u00e9 t\u00e9moins des apparitions en visitant leurs maisons dans le village voisin. Ces maisons pr\u00e9serv\u00e9es offrent un aper\u00e7u unique des humbles d\u00e9buts de l&#8217;histoire de F\u00e1tima.<\/span><\/li>\n<li style=\"font-weight: 400;\" aria-level=\"1\"><b>Via Sacra et Calvaire hongrois :<\/b><span style=\"font-weight: 400;\"> Marchez sur le chemin sacr\u00e9 de la Via Sacra, qui m\u00e8ne au Calvaire hongrois, compos\u00e9 de chapelles repr\u00e9sentant des sc\u00e8nes de la vie du Christ. Cette promenade sereine offre un moment de r\u00e9flexion et fait partie int\u00e9grante de l&#8217;exp\u00e9rience du p\u00e8lerinage de F\u00e1tima.<\/span><\/li>\n<li style=\"font-weight: 400;\" aria-level=\"1\"><b>Mus\u00e9e d&#8217;art sacr\u00e9 et d&#8217;ethnologie :<\/b><span style=\"font-weight: 400;\"> Ce mus\u00e9e abrite une riche collection d&#8217;art religieux et d&#8217;objets li\u00e9s \u00e0 l&#8217;histoire de F\u00e1tima et aux apparitions mariales, et offre une perspective approfondie du patrimoine religieux portugais.<\/span><\/li>\n<\/ul>\n<h3><b>Coimbra :<\/b><\/h3>\n<ul>\n<li style=\"font-weight: 400;\" aria-level=\"1\"><b>Arc et tour d&#8217;Almedina <\/b><span style=\"font-weight: 400;\">: D\u00e9couvrez l&#8217;ancienne porte maure de Coimbra, qui donne un aper\u00e7u des fortifications m\u00e9di\u00e9vales de la ville. La tour offre une vue panoramique de la ville et un aper\u00e7u de son importance historique.<\/span><\/li>\n<li style=\"font-weight: 400;\" aria-level=\"1\"><b>Monast\u00e8re de Santa Clara-a-Velha :<\/b><span style=\"font-weight: 400;\"> Visitez les ruines d&#8217;une beaut\u00e9 envo\u00fbtante de ce monast\u00e8re du XIVe si\u00e8cle, qui t\u00e9moigne de l&#8217;h\u00e9ritage monastique de Coimbra et des inondations qui ont conduit \u00e0 son abandon.<\/span><\/li>\n<li style=\"font-weight: 400;\" aria-level=\"1\"><b>Le centre-ville historique de Coimbra :<\/b><span style=\"font-weight: 400;\"> Promenez-vous dans les rues pittoresques du centre historique de Coimbra, o\u00f9 l&#8217;histoire se m\u00eale \u00e0 la vie \u00e9tudiante anim\u00e9e. D\u00e9couvrez des joyaux cach\u00e9s, des boutiques traditionnelles et des caf\u00e9s dans cette partie anim\u00e9e de la ville.<\/span><\/li>\n<\/ul>\n<p><span style=\"font-weight: 400;\">D\u00e9couvrez le meilleur du Portugal avec Tour Travel and More. Notre gamme de circuits priv\u00e9s \u00e0 Porto et au-del\u00e0 offre des exp\u00e9riences immersives dans certaines des destinations les plus captivantes du Portugal. Que vous soyez int\u00e9ress\u00e9 par les sites historiques, les rep\u00e8res culturels ou la beaut\u00e9 des paysages, nos circuits sont con\u00e7us pour vous offrir un voyage inoubliable. Visitez notre site web <\/span><a href=\"https:\/\/tourtravelandmore.com\/fr\/city\/portugal-fr\/porto-fr\/\"><span style=\"font-weight: 400;\">Tour Travel and More pour d\u00e9couvrir notre vaste liste de circuits et commencer \u00e0 planifier votre prochaine aventure d\u00e8s aujourd&#8217;hui !<\/span><\/a><\/p>\n","protected":false},"excerpt":{"rendered":"<p><span style=\"font-weight: 400;\">Rejoignez-nous pour un circuit priv\u00e9 de 8 heures au d\u00e9part de Porto, \u00e0 la d\u00e9couverte du sanctuaire spirituel de F\u00e1tima et de l&#8217;universit\u00e9 historique de Coimbra. D\u00e9couvrez le patrimoine religieux et les prouesses acad\u00e9miques du Portugal gr\u00e2ce \u00e0 un transport de luxe, un guide comp\u00e9tent et un acc\u00e8s exclusif \u00e0 l&#8217;universit\u00e9 de Coimbra.<\/span><\/p>\n","protected":false},"featured_media":171427,"comment_status":"open","ping_status":"closed","template":"","meta":{"_acf_changed":false},"product_brand":[],"product_cat":[4552,4551,3671],"product_tag":[],"class_list":{"0":"post-171408","1":"product","2":"type-product","3":"status-publish","4":"has-post-thumbnail","6":"product_cat-excursions-privees-dune-journee-fr-4","7":"product_cat-toutes-les-visites-et-activites-privees","8":"product_cat-porto-fr","10":"first","11":"instock","12":"shipping-taxable","13":"purchasable","14":"product-type-simple"},"acf":[],"yoast_head":"<!-- This site is optimized with the Yoast SEO Premium plugin v25.3.1 (Yoast SEO v25.3.1) - https:\/\/yoast.com\/wordpress\/plugins\/seo\/ -->\n<title>\u27a1\ufe0f Visite priv\u00e9e de F\u00e1tima et Coimbra : D\u00e9couvrez le patrimoine du Portugal | Tour Travel and More \u2705<\/title>\n<meta name=\"description\" content=\"Explorez le sanctuaire spirituel de F\u00e1tima et l&#039;universit\u00e9 historique de Coimbra lors de notre visite priv\u00e9e de 8 heures au d\u00e9part de Porto. Transport de luxe et guide expert inclus. \u2705\" \/>\n<meta name=\"robots\" content=\"index, follow, max-snippet:-1, max-image-preview:large, max-video-preview:-1\" \/>\n<link rel=\"canonical\" href=\"https:\/\/tourtravelandmore.com\/fr\/tours\/portugal-fr\/porto-fr\/toutes-les-visites-et-activites-privees\/visite-privee-de-fatima-et-coimbra\/\" \/>\n<meta property=\"og:locale\" content=\"fr_FR\" \/>\n<meta property=\"og:type\" content=\"article\" \/>\n<meta property=\"og:title\" content=\"Visite priv\u00e9e de F\u00e1tima et Coimbra\" \/>\n<meta property=\"og:description\" content=\"Explorez le sanctuaire spirituel de F\u00e1tima et l&#039;universit\u00e9 historique de Coimbra lors de notre visite priv\u00e9e de 8 heures au d\u00e9part de Porto. Transport de luxe et guide expert inclus. \u2705\" \/>\n<meta property=\"og:url\" content=\"https:\/\/tourtravelandmore.com\/fr\/tours\/portugal-fr\/porto-fr\/toutes-les-visites-et-activites-privees\/visite-privee-de-fatima-et-coimbra\/\" \/>\n<meta property=\"og:site_name\" content=\"Tour Travel And More\" \/>\n<meta property=\"article:publisher\" content=\"https:\/\/www.facebook.com\/tourtravelandmore\/\" \/>\n<meta property=\"article:modified_time\" content=\"2023-12-04T11:39:31+00:00\" \/>\n<meta property=\"og:image\" content=\"https:\/\/tourtravelandmore.com\/wp-content\/uploads\/2023\/12\/image4-5.jpg\" \/>\n\t<meta property=\"og:image:width\" content=\"950\" \/>\n\t<meta property=\"og:image:height\" content=\"750\" \/>\n\t<meta property=\"og:image:type\" content=\"image\/jpeg\" \/>\n<meta name=\"twitter:card\" content=\"summary_large_image\" \/>\n<meta name=\"twitter:site\" content=\"@TourTravel_More\" \/>\n<meta name=\"twitter:label1\" content=\"Dur\u00e9e de lecture estim\u00e9e\" \/>\n\t<meta name=\"twitter:data1\" content=\"3 minutes\" \/>\n<script type=\"application\/ld+json\" class=\"yoast-schema-graph\">{\"@context\":\"https:\/\/schema.org\",\"@graph\":[{\"@type\":\"WebPage\",\"@id\":\"https:\/\/tourtravelandmore.com\/fr\/tours\/portugal-fr\/porto-fr\/toutes-les-visites-et-activites-privees\/visite-privee-de-fatima-et-coimbra\/\",\"url\":\"https:\/\/tourtravelandmore.com\/fr\/tours\/portugal-fr\/porto-fr\/toutes-les-visites-et-activites-privees\/visite-privee-de-fatima-et-coimbra\/\",\"name\":\"\u27a1\ufe0f Visite priv\u00e9e de F\u00e1tima et Coimbra : D\u00e9couvrez le patrimoine du Portugal | Tour Travel and More \u2705\",\"isPartOf\":{\"@id\":\"https:\/\/tourtravelandmore.com\/fr\/#website\"},\"primaryImageOfPage\":{\"@id\":\"https:\/\/tourtravelandmore.com\/fr\/tours\/portugal-fr\/porto-fr\/toutes-les-visites-et-activites-privees\/visite-privee-de-fatima-et-coimbra\/#primaryimage\"},\"image\":{\"@id\":\"https:\/\/tourtravelandmore.com\/fr\/tours\/portugal-fr\/porto-fr\/toutes-les-visites-et-activites-privees\/visite-privee-de-fatima-et-coimbra\/#primaryimage\"},\"thumbnailUrl\":\"https:\/\/tourtravelandmore.com\/wp-content\/uploads\/2023\/12\/image4-5.jpg\",\"datePublished\":\"2023-12-04T10:17:36+00:00\",\"dateModified\":\"2023-12-04T11:39:31+00:00\",\"description\":\"Explorez le sanctuaire spirituel de F\u00e1tima et l'universit\u00e9 historique de Coimbra lors de notre visite priv\u00e9e de 8 heures au d\u00e9part de Porto. Transport de luxe et guide expert inclus. \u2705\",\"breadcrumb\":{\"@id\":\"https:\/\/tourtravelandmore.com\/fr\/tours\/portugal-fr\/porto-fr\/toutes-les-visites-et-activites-privees\/visite-privee-de-fatima-et-coimbra\/#breadcrumb\"},\"inLanguage\":\"fr-FR\",\"potentialAction\":[{\"@type\":\"ReadAction\",\"target\":[\"https:\/\/tourtravelandmore.com\/fr\/tours\/portugal-fr\/porto-fr\/toutes-les-visites-et-activites-privees\/visite-privee-de-fatima-et-coimbra\/\"]}]},{\"@type\":\"ImageObject\",\"inLanguage\":\"fr-FR\",\"@id\":\"https:\/\/tourtravelandmore.com\/fr\/tours\/portugal-fr\/porto-fr\/toutes-les-visites-et-activites-privees\/visite-privee-de-fatima-et-coimbra\/#primaryimage\",\"url\":\"https:\/\/tourtravelandmore.com\/wp-content\/uploads\/2023\/12\/image4-5.jpg\",\"contentUrl\":\"https:\/\/tourtravelandmore.com\/wp-content\/uploads\/2023\/12\/image4-5.jpg\",\"width\":950,\"height\":750},{\"@type\":\"BreadcrumbList\",\"@id\":\"https:\/\/tourtravelandmore.com\/fr\/tours\/portugal-fr\/porto-fr\/toutes-les-visites-et-activites-privees\/visite-privee-de-fatima-et-coimbra\/#breadcrumb\",\"itemListElement\":[{\"@type\":\"ListItem\",\"position\":1,\"name\":\"Home\",\"item\":\"https:\/\/tourtravelandmore.com\/fr\/\"},{\"@type\":\"ListItem\",\"position\":2,\"name\":\"Tours\",\"item\":\"https:\/\/tourtravelandmore.com\/fr\/tours\/\"},{\"@type\":\"ListItem\",\"position\":3,\"name\":\"Visite priv\u00e9e de F\u00e1tima et Coimbra\"}]},{\"@type\":\"WebSite\",\"@id\":\"https:\/\/tourtravelandmore.com\/fr\/#website\",\"url\":\"https:\/\/tourtravelandmore.com\/fr\/\",\"name\":\"Tour Travel And More\",\"description\":\"Private sightseeing tours and luxury transfers in Spain\",\"publisher\":{\"@id\":\"https:\/\/tourtravelandmore.com\/fr\/#organization\"},\"potentialAction\":[{\"@type\":\"SearchAction\",\"target\":{\"@type\":\"EntryPoint\",\"urlTemplate\":\"https:\/\/tourtravelandmore.com\/fr\/?s={search_term_string}\"},\"query-input\":{\"@type\":\"PropertyValueSpecification\",\"valueRequired\":true,\"valueName\":\"search_term_string\"}}],\"inLanguage\":\"fr-FR\"},{\"@type\":\"Organization\",\"@id\":\"https:\/\/tourtravelandmore.com\/fr\/#organization\",\"name\":\"Tour Travel And More\",\"url\":\"https:\/\/tourtravelandmore.com\/fr\/\",\"logo\":{\"@type\":\"ImageObject\",\"inLanguage\":\"fr-FR\",\"@id\":\"https:\/\/tourtravelandmore.com\/fr\/#\/schema\/logo\/image\/\",\"url\":\"https:\/\/tourtravelandmore.com\/wp-content\/uploads\/2022\/12\/cropped-logo-cabecera-new.png\",\"contentUrl\":\"https:\/\/tourtravelandmore.com\/wp-content\/uploads\/2022\/12\/cropped-logo-cabecera-new.png\",\"width\":430,\"height\":61,\"caption\":\"Tour Travel And More\"},\"image\":{\"@id\":\"https:\/\/tourtravelandmore.com\/fr\/#\/schema\/logo\/image\/\"},\"sameAs\":[\"https:\/\/www.facebook.com\/tourtravelandmore\/\",\"https:\/\/x.com\/TourTravel_More\"]}]}<\/script>\n<!-- \/ Yoast SEO Premium plugin. -->","yoast_head_json":{"title":"\u27a1\ufe0f Visite priv\u00e9e de F\u00e1tima et Coimbra : D\u00e9couvrez le patrimoine du Portugal | Tour Travel and More \u2705","description":"Explorez le sanctuaire spirituel de F\u00e1tima et l'universit\u00e9 historique de Coimbra lors de notre visite priv\u00e9e de 8 heures au d\u00e9part de Porto. Transport de luxe et guide expert inclus. \u2705","robots":{"index":"index","follow":"follow","max-snippet":"max-snippet:-1","max-image-preview":"max-image-preview:large","max-video-preview":"max-video-preview:-1"},"canonical":"https:\/\/tourtravelandmore.com\/fr\/tours\/portugal-fr\/porto-fr\/toutes-les-visites-et-activites-privees\/visite-privee-de-fatima-et-coimbra\/","og_locale":"fr_FR","og_type":"article","og_title":"Visite priv\u00e9e de F\u00e1tima et Coimbra","og_description":"Explorez le sanctuaire spirituel de F\u00e1tima et l'universit\u00e9 historique de Coimbra lors de notre visite priv\u00e9e de 8 heures au d\u00e9part de Porto. Transport de luxe et guide expert inclus. \u2705","og_url":"https:\/\/tourtravelandmore.com\/fr\/tours\/portugal-fr\/porto-fr\/toutes-les-visites-et-activites-privees\/visite-privee-de-fatima-et-coimbra\/","og_site_name":"Tour Travel And More","article_publisher":"https:\/\/www.facebook.com\/tourtravelandmore\/","article_modified_time":"2023-12-04T11:39:31+00:00","og_image":[{"width":950,"height":750,"url":"https:\/\/tourtravelandmore.com\/wp-content\/uploads\/2023\/12\/image4-5.jpg","type":"image\/jpeg"}],"twitter_card":"summary_large_image","twitter_site":"@TourTravel_More","twitter_misc":{"Dur\u00e9e de lecture estim\u00e9e":"3 minutes"},"schema":{"@context":"https:\/\/schema.org","@graph":[{"@type":"WebPage","@id":"https:\/\/tourtravelandmore.com\/fr\/tours\/portugal-fr\/porto-fr\/toutes-les-visites-et-activites-privees\/visite-privee-de-fatima-et-coimbra\/","url":"https:\/\/tourtravelandmore.com\/fr\/tours\/portugal-fr\/porto-fr\/toutes-les-visites-et-activites-privees\/visite-privee-de-fatima-et-coimbra\/","name":"\u27a1\ufe0f Visite priv\u00e9e de F\u00e1tima et Coimbra : D\u00e9couvrez le patrimoine du Portugal | Tour Travel and More \u2705","isPartOf":{"@id":"https:\/\/tourtravelandmore.com\/fr\/#website"},"primaryImageOfPage":{"@id":"https:\/\/tourtravelandmore.com\/fr\/tours\/portugal-fr\/porto-fr\/toutes-les-visites-et-activites-privees\/visite-privee-de-fatima-et-coimbra\/#primaryimage"},"image":{"@id":"https:\/\/tourtravelandmore.com\/fr\/tours\/portugal-fr\/porto-fr\/toutes-les-visites-et-activites-privees\/visite-privee-de-fatima-et-coimbra\/#primaryimage"},"thumbnailUrl":"https:\/\/tourtravelandmore.com\/wp-content\/uploads\/2023\/12\/image4-5.jpg","datePublished":"2023-12-04T10:17:36+00:00","dateModified":"2023-12-04T11:39:31+00:00","description":"Explorez le sanctuaire spirituel de F\u00e1tima et l'universit\u00e9 historique de Coimbra lors de notre visite priv\u00e9e de 8 heures au d\u00e9part de Porto. Transport de luxe et guide expert inclus. \u2705","breadcrumb":{"@id":"https:\/\/tourtravelandmore.com\/fr\/tours\/portugal-fr\/porto-fr\/toutes-les-visites-et-activites-privees\/visite-privee-de-fatima-et-coimbra\/#breadcrumb"},"inLanguage":"fr-FR","potentialAction":[{"@type":"ReadAction","target":["https:\/\/tourtravelandmore.com\/fr\/tours\/portugal-fr\/porto-fr\/toutes-les-visites-et-activites-privees\/visite-privee-de-fatima-et-coimbra\/"]}]},{"@type":"ImageObject","inLanguage":"fr-FR","@id":"https:\/\/tourtravelandmore.com\/fr\/tours\/portugal-fr\/porto-fr\/toutes-les-visites-et-activites-privees\/visite-privee-de-fatima-et-coimbra\/#primaryimage","url":"https:\/\/tourtravelandmore.com\/wp-content\/uploads\/2023\/12\/image4-5.jpg","contentUrl":"https:\/\/tourtravelandmore.com\/wp-content\/uploads\/2023\/12\/image4-5.jpg","width":950,"height":750},{"@type":"BreadcrumbList","@id":"https:\/\/tourtravelandmore.com\/fr\/tours\/portugal-fr\/porto-fr\/toutes-les-visites-et-activites-privees\/visite-privee-de-fatima-et-coimbra\/#breadcrumb","itemListElement":[{"@type":"ListItem","position":1,"name":"Home","item":"https:\/\/tourtravelandmore.com\/fr\/"},{"@type":"ListItem","position":2,"name":"Tours","item":"https:\/\/tourtravelandmore.com\/fr\/tours\/"},{"@type":"ListItem","position":3,"name":"Visite priv\u00e9e de F\u00e1tima et Coimbra"}]},{"@type":"WebSite","@id":"https:\/\/tourtravelandmore.com\/fr\/#website","url":"https:\/\/tourtravelandmore.com\/fr\/","name":"Tour Travel And More","description":"Private sightseeing tours and luxury transfers in Spain","publisher":{"@id":"https:\/\/tourtravelandmore.com\/fr\/#organization"},"potentialAction":[{"@type":"SearchAction","target":{"@type":"EntryPoint","urlTemplate":"https:\/\/tourtravelandmore.com\/fr\/?s={search_term_string}"},"query-input":{"@type":"PropertyValueSpecification","valueRequired":true,"valueName":"search_term_string"}}],"inLanguage":"fr-FR"},{"@type":"Organization","@id":"https:\/\/tourtravelandmore.com\/fr\/#organization","name":"Tour Travel And More","url":"https:\/\/tourtravelandmore.com\/fr\/","logo":{"@type":"ImageObject","inLanguage":"fr-FR","@id":"https:\/\/tourtravelandmore.com\/fr\/#\/schema\/logo\/image\/","url":"https:\/\/tourtravelandmore.com\/wp-content\/uploads\/2022\/12\/cropped-logo-cabecera-new.png","contentUrl":"https:\/\/tourtravelandmore.com\/wp-content\/uploads\/2022\/12\/cropped-logo-cabecera-new.png","width":430,"height":61,"caption":"Tour Travel And More"},"image":{"@id":"https:\/\/tourtravelandmore.com\/fr\/#\/schema\/logo\/image\/"},"sameAs":["https:\/\/www.facebook.com\/tourtravelandmore\/","https:\/\/x.com\/TourTravel_More"]}]}},"_links":{"self":[{"href":"https:\/\/tourtravelandmore.com\/fr\/wp-json\/wp\/v2\/product\/171408","targetHints":{"allow":["GET"]}}],"collection":[{"href":"https:\/\/tourtravelandmore.com\/fr\/wp-json\/wp\/v2\/product"}],"about":[{"href":"https:\/\/tourtravelandmore.com\/fr\/wp-json\/wp\/v2\/types\/product"}],"replies":[{"embeddable":true,"href":"https:\/\/tourtravelandmore.com\/fr\/wp-json\/wp\/v2\/comments?post=171408"}],"wp:featuredmedia":[{"embeddable":true,"href":"https:\/\/tourtravelandmore.com\/fr\/wp-json\/wp\/v2\/media\/171427"}],"wp:attachment":[{"href":"https:\/\/tourtravelandmore.com\/fr\/wp-json\/wp\/v2\/media?parent=171408"}],"wp:term":[{"taxonomy":"product_brand","embeddable":true,"href":"https:\/\/tourtravelandmore.com\/fr\/wp-json\/wp\/v2\/product_brand?post=171408"},{"taxonomy":"product_cat","embeddable":true,"href":"https:\/\/tourtravelandmore.com\/fr\/wp-json\/wp\/v2\/product_cat?post=171408"},{"taxonomy":"product_tag","embeddable":true,"href":"https:\/\/tourtravelandmore.com\/fr\/wp-json\/wp\/v2\/product_tag?post=171408"}],"curies":[{"name":"wp","href":"https:\/\/api.w.org\/{rel}","templated":true}]}}