{"id":171381,"date":"2023-12-04T10:54:03","date_gmt":"2023-12-04T09:54:06","guid":{"rendered":"https:\/\/tourtravelandmore.com\/?post_type=product&#038;p=171381"},"modified":"2023-12-04T12:53:56","modified_gmt":"2023-12-04T11:53:56","slug":"visite-privee-daveiro-fatima-et-nazare","status":"publish","type":"product","link":"https:\/\/tourtravelandmore.com\/fr\/tours\/portugal-fr\/porto-fr\/toutes-les-visites-et-activites-privees\/visite-privee-daveiro-fatima-et-nazare\/","title":{"rendered":"Visite priv\u00e9e d&#8217;Aveiro, F\u00e1tima et Nazar\u00e9"},"content":{"rendered":"<h2><b>Visite priv\u00e9e d&#8217;Aveiro, F\u00e1tima et Nazar\u00e9 Description<\/b><\/h2>\n<p><span style=\"font-weight: 400;\">D\u00e9couvrez la beaut\u00e9 enchanteresse et la profondeur spirituelle du Portugal lors de cette visite priv\u00e9e compl\u00e8te de 10 heures, couvrant les villes captivantes d&#8217;Aveiro, de F\u00e1tima et de Nazar\u00e9. Tour Travel and More vous propose un voyage exclusif \u00e0 travers ces trois destinations embl\u00e9matiques, chacune offrant un m\u00e9lange unique de culture, d&#8217;histoire et de splendeur naturelle.<\/span><\/p>\n<p><span style=\"font-weight: 400;\">Commencez votre visite dans un v\u00e9hicule luxueux, \u00e9quip\u00e9 pour votre plus grand confort, avec un guide comp\u00e9tent qui vous accompagnera tout au long de la journ\u00e9e. L&#8217;aventure commence \u00e0 Aveiro, souvent surnomm\u00e9e la &#8220;Venise du Portugal&#8221;, o\u00f9 vous serez \u00e9merveill\u00e9 par les moliceiros (bateaux) color\u00e9s qui glissent le long des canaux pittoresques. L&#8217;architecture Art nouveau de la ville ajoute une couche d&#8217;\u00e9l\u00e9gance \u00e0 l&#8217;atmosph\u00e8re d\u00e9j\u00e0 charmante.<\/span><\/p>\n<p><span style=\"font-weight: 400;\">Votre prochaine \u00e9tape, F\u00e1tima, est un lieu de p\u00e8lerinage de renomm\u00e9e mondiale, v\u00e9n\u00e9r\u00e9 pour sa profonde signification spirituelle. Vous visiterez le sanctuaire de F\u00e1tima, un lieu de s\u00e9r\u00e9nit\u00e9 et de r\u00e9flexion, o\u00f9 les apparitions de la Vierge Marie \u00e0 trois enfants bergers ont eu lieu en 1917.<\/span><\/p>\n<p><span style=\"font-weight: 400;\">Pour terminer votre visite \u00e0 Nazar\u00e9, pr\u00e9parez-vous \u00e0 \u00eatre impressionn\u00e9 par les falaises \u00e0 couper le souffle de cette ville c\u00f4ti\u00e8re et par la l\u00e9gendaire plage Praia do Norte, connue pour ses vagues imposantes et sa culture du surf. Les riches traditions de p\u00eache et la vie locale anim\u00e9e de Nazar\u00e9 offrent un aper\u00e7u fascinant de l&#8217;h\u00e9ritage maritime du Portugal.<\/span><\/p>\n<h2><b>Visite priv\u00e9e d&#8217;Aveiro, F\u00e1tima et Nazar\u00e9 &#8211; Points forts<\/b><\/h2>\n<ul>\n<li style=\"font-weight: 400;\" aria-level=\"1\"><b>Aveiro :<\/b><span style=\"font-weight: 400;\"> Entrez dans un monde de voies d&#8217;eau pittoresques et d&#8217;architecture remarquable. Le r\u00e9seau de canaux d&#8217;Aveiro, orn\u00e9 de b\u00e2timents Art nouveau et de moliceiros traditionnels, offre une ambiance \u00e0 la fois tranquille et dynamique. Le centre historique de la ville, avec sa culture maritime unique, offre une exp\u00e9rience inoubliable.<\/span><\/li>\n<li style=\"font-weight: 400;\" aria-level=\"1\"><b>F\u00e1tima :<\/b><span style=\"font-weight: 400;\"> D\u00e9couvrez les lieux saints et tranquilles de F\u00e1tima, un phare de la foi et de l&#8217;espoir. Le sanctuaire de F\u00e1tima, avec son impressionnante basilique et la chapelle des Apparitions, t\u00e9moigne de l&#8217;h\u00e9ritage spirituel durable des apparitions mariales.<\/span><\/li>\n<li style=\"font-weight: 400;\" aria-level=\"1\"><b>Nazar\u00e9 :<\/b><span style=\"font-weight: 400;\"> Plongez dans le charme extraordinaire de la c\u00f4te de Nazar\u00e9. C\u00e9l\u00e8bre pour ses vagues g\u00e9antes et son histoire du surf, Nazar\u00e9 s\u00e9duit \u00e9galement par son ambiance de village de p\u00eacheurs traditionnel. Le phare de la ville et le fort de S\u00e3o Miguel Arcanjo offrent des vues panoramiques sur l&#8217;oc\u00e9an Atlantique.<\/span><\/li>\n<li style=\"font-weight: 400;\" aria-level=\"1\"><b>Costa Nova :<\/b><span style=\"font-weight: 400;\"> une visite dans le quartier de Costa Nova \u00e0 Aveiro est un r\u00e9gal pour les yeux. Connu pour ses maisons aux rayures vives, ce quartier de bord de mer respire le charme. Ces &#8220;palheiros&#8221; color\u00e9s, qui servaient \u00e0 l&#8217;origine de cabanes de p\u00eacheurs, sont devenus des symboles embl\u00e9matiques de la r\u00e9gion, offrant une toile de fond parfaite pour des photos m\u00e9morables.<\/span><\/li>\n<li style=\"font-weight: 400;\" aria-level=\"1\"><b>Universit\u00e9 de Coimbra : <\/b><span style=\"font-weight: 400;\">Si vous \u00eates dans les environs, un d\u00e9tour par l&#8217;universit\u00e9 historique de Coimbra peut enrichir votre exp\u00e9rience. Cette universit\u00e9, l&#8217;une des plus anciennes d&#8217;Europe, est un remarquable centre de culture et d&#8217;apprentissage. L&#8217;architecture grandiose de l&#8217;universit\u00e9 et la c\u00e9l\u00e8bre biblioth\u00e8que Joanina mettent en valeur le riche patrimoine universitaire et architectural du Portugal.<\/span><\/li>\n<li style=\"font-weight: 400;\" aria-level=\"1\"><b>Monast\u00e8re d&#8217;Alcoba\u00e7a <\/b><span style=\"font-weight: 400;\">: Le monast\u00e8re d&#8217;Alcoba\u00e7a, class\u00e9 au patrimoine mondial de l&#8217;UNESCO et situ\u00e9 pr\u00e8s de Nazar\u00e9, constitue une autre \u00e9tape importante. Ce superbe exemple d&#8217;architecture gothique est c\u00e9l\u00e8bre pour les tombes du roi Pedro I et d&#8217;In\u00eas de Castro, une histoire d&#8217;amour tragique qui fait partie int\u00e9grante de l&#8217;histoire et de la culture portugaises.<\/span><\/li>\n<\/ul>\n<p><span style=\"font-weight: 400;\">Vous souhaitez vivre d&#8217;autres exp\u00e9riences uniques \u00e0 Porto et dans ses environs ? Tour Travel and More propose une vari\u00e9t\u00e9 de visites priv\u00e9es r\u00e9pondant \u00e0 divers int\u00e9r\u00eats et pr\u00e9f\u00e9rences. Que vous souhaitiez approfondir l&#8217;histoire du Portugal, explorer des villes plus pittoresques ou profiter de visites sp\u00e9cialis\u00e9es adapt\u00e9es \u00e0 vos go\u00fbts, nous avons quelque chose pour tout le monde. <\/span><a href=\"https:\/\/tourtravelandmore.com\/fr\/city\/portugal-fr\/porto-fr\/\"><span style=\"font-weight: 400;\">Visitez notre site web Tour Travel and More pour d\u00e9couvrir notre gamme compl\u00e8te de circuits exclusifs et r\u00e9servez votre prochain voyage inoubliable !<\/span><\/a><\/p>\n","protected":false},"excerpt":{"rendered":"<p><span style=\"font-weight: 400;\">Rejoignez-nous pour un voyage de 10 heures \u00e0 la d\u00e9couverte de la ville pittoresque d&#8217;Aveiro et de ses canaux enchanteurs, de la ville sacr\u00e9e de F\u00e1tima et des vues c\u00f4ti\u00e8res \u00e9poustouflantes de Nazar\u00e9. D\u00e9couvrez le m\u00e9lange unique de culture, d&#8217;histoire et de beaut\u00e9 naturelle qu&#8217;offre chaque lieu, avec le confort et la perspicacit\u00e9 de votre guide personnel et de votre v\u00e9hicule de luxe.<\/span><\/p>\n","protected":false},"featured_media":171400,"comment_status":"open","ping_status":"closed","template":"","meta":{"_acf_changed":false},"product_brand":[],"product_cat":[4552,4551,3671],"product_tag":[],"class_list":{"0":"post-171381","1":"product","2":"type-product","3":"status-publish","4":"has-post-thumbnail","6":"product_cat-excursions-privees-dune-journee-fr-4","7":"product_cat-toutes-les-visites-et-activites-privees","8":"product_cat-porto-fr","10":"first","11":"instock","12":"shipping-taxable","13":"purchasable","14":"product-type-simple"},"acf":[],"yoast_head":"<!-- This site is optimized with the Yoast SEO Premium plugin v25.3.1 (Yoast SEO v25.3.1) - https:\/\/yoast.com\/wordpress\/plugins\/seo\/ -->\n<title>\u27a1\ufe0f D\u00e9couvrez Aveiro, F\u00e1tima et Nazar\u00e9 : Visite priv\u00e9e de 10 heures avec Tour Travel &amp; More \u2705<\/title>\n<meta name=\"description\" content=\"Explorez le charme des canaux d&#039;Aveiro, le sanctuaire spirituel de F\u00e1tima et les superbes rivages de Nazar\u00e9 lors d&#039;une luxueuse visite priv\u00e9e de 10 heures. R\u00e9servez d\u00e8s maintenant pour une exp\u00e9rience inoubliable ! \u2705\" \/>\n<meta name=\"robots\" content=\"index, follow, max-snippet:-1, max-image-preview:large, max-video-preview:-1\" \/>\n<link rel=\"canonical\" href=\"https:\/\/tourtravelandmore.com\/fr\/tours\/portugal-fr\/porto-fr\/toutes-les-visites-et-activites-privees\/visite-privee-daveiro-fatima-et-nazare\/\" \/>\n<meta property=\"og:locale\" content=\"fr_FR\" \/>\n<meta property=\"og:type\" content=\"article\" \/>\n<meta property=\"og:title\" content=\"Visite priv\u00e9e d&#039;Aveiro, F\u00e1tima et Nazar\u00e9\" \/>\n<meta property=\"og:description\" content=\"Explorez le charme des canaux d&#039;Aveiro, le sanctuaire spirituel de F\u00e1tima et les superbes rivages de Nazar\u00e9 lors d&#039;une luxueuse visite priv\u00e9e de 10 heures. R\u00e9servez d\u00e8s maintenant pour une exp\u00e9rience inoubliable ! \u2705\" \/>\n<meta property=\"og:url\" content=\"https:\/\/tourtravelandmore.com\/fr\/tours\/portugal-fr\/porto-fr\/toutes-les-visites-et-activites-privees\/visite-privee-daveiro-fatima-et-nazare\/\" \/>\n<meta property=\"og:site_name\" content=\"Tour Travel And More\" \/>\n<meta property=\"article:publisher\" content=\"https:\/\/www.facebook.com\/tourtravelandmore\/\" \/>\n<meta property=\"article:modified_time\" content=\"2023-12-04T11:53:56+00:00\" \/>\n<meta property=\"og:image\" content=\"https:\/\/tourtravelandmore.com\/wp-content\/uploads\/2023\/12\/image4-4.jpg\" \/>\n\t<meta property=\"og:image:width\" content=\"950\" \/>\n\t<meta property=\"og:image:height\" content=\"750\" \/>\n\t<meta property=\"og:image:type\" content=\"image\/jpeg\" \/>\n<meta name=\"twitter:card\" content=\"summary_large_image\" \/>\n<meta name=\"twitter:site\" content=\"@TourTravel_More\" \/>\n<meta name=\"twitter:label1\" content=\"Dur\u00e9e de lecture estim\u00e9e\" \/>\n\t<meta name=\"twitter:data1\" content=\"3 minutes\" \/>\n<script type=\"application\/ld+json\" class=\"yoast-schema-graph\">{\"@context\":\"https:\/\/schema.org\",\"@graph\":[{\"@type\":\"WebPage\",\"@id\":\"https:\/\/tourtravelandmore.com\/fr\/tours\/portugal-fr\/porto-fr\/toutes-les-visites-et-activites-privees\/visite-privee-daveiro-fatima-et-nazare\/\",\"url\":\"https:\/\/tourtravelandmore.com\/fr\/tours\/portugal-fr\/porto-fr\/toutes-les-visites-et-activites-privees\/visite-privee-daveiro-fatima-et-nazare\/\",\"name\":\"\u27a1\ufe0f D\u00e9couvrez Aveiro, F\u00e1tima et Nazar\u00e9 : Visite priv\u00e9e de 10 heures avec Tour Travel & More \u2705\",\"isPartOf\":{\"@id\":\"https:\/\/tourtravelandmore.com\/fr\/#website\"},\"primaryImageOfPage\":{\"@id\":\"https:\/\/tourtravelandmore.com\/fr\/tours\/portugal-fr\/porto-fr\/toutes-les-visites-et-activites-privees\/visite-privee-daveiro-fatima-et-nazare\/#primaryimage\"},\"image\":{\"@id\":\"https:\/\/tourtravelandmore.com\/fr\/tours\/portugal-fr\/porto-fr\/toutes-les-visites-et-activites-privees\/visite-privee-daveiro-fatima-et-nazare\/#primaryimage\"},\"thumbnailUrl\":\"https:\/\/tourtravelandmore.com\/wp-content\/uploads\/2023\/12\/image4-4.jpg\",\"datePublished\":\"2023-12-04T09:54:06+00:00\",\"dateModified\":\"2023-12-04T11:53:56+00:00\",\"description\":\"Explorez le charme des canaux d'Aveiro, le sanctuaire spirituel de F\u00e1tima et les superbes rivages de Nazar\u00e9 lors d'une luxueuse visite priv\u00e9e de 10 heures. R\u00e9servez d\u00e8s maintenant pour une exp\u00e9rience inoubliable ! \u2705\",\"breadcrumb\":{\"@id\":\"https:\/\/tourtravelandmore.com\/fr\/tours\/portugal-fr\/porto-fr\/toutes-les-visites-et-activites-privees\/visite-privee-daveiro-fatima-et-nazare\/#breadcrumb\"},\"inLanguage\":\"fr-FR\",\"potentialAction\":[{\"@type\":\"ReadAction\",\"target\":[\"https:\/\/tourtravelandmore.com\/fr\/tours\/portugal-fr\/porto-fr\/toutes-les-visites-et-activites-privees\/visite-privee-daveiro-fatima-et-nazare\/\"]}]},{\"@type\":\"ImageObject\",\"inLanguage\":\"fr-FR\",\"@id\":\"https:\/\/tourtravelandmore.com\/fr\/tours\/portugal-fr\/porto-fr\/toutes-les-visites-et-activites-privees\/visite-privee-daveiro-fatima-et-nazare\/#primaryimage\",\"url\":\"https:\/\/tourtravelandmore.com\/wp-content\/uploads\/2023\/12\/image4-4.jpg\",\"contentUrl\":\"https:\/\/tourtravelandmore.com\/wp-content\/uploads\/2023\/12\/image4-4.jpg\",\"width\":950,\"height\":750},{\"@type\":\"BreadcrumbList\",\"@id\":\"https:\/\/tourtravelandmore.com\/fr\/tours\/portugal-fr\/porto-fr\/toutes-les-visites-et-activites-privees\/visite-privee-daveiro-fatima-et-nazare\/#breadcrumb\",\"itemListElement\":[{\"@type\":\"ListItem\",\"position\":1,\"name\":\"Home\",\"item\":\"https:\/\/tourtravelandmore.com\/fr\/\"},{\"@type\":\"ListItem\",\"position\":2,\"name\":\"Tours\",\"item\":\"https:\/\/tourtravelandmore.com\/fr\/tours\/\"},{\"@type\":\"ListItem\",\"position\":3,\"name\":\"Visite priv\u00e9e d&#8217;Aveiro, F\u00e1tima et Nazar\u00e9\"}]},{\"@type\":\"WebSite\",\"@id\":\"https:\/\/tourtravelandmore.com\/fr\/#website\",\"url\":\"https:\/\/tourtravelandmore.com\/fr\/\",\"name\":\"Tour Travel And More\",\"description\":\"Private sightseeing tours and luxury transfers in Spain\",\"publisher\":{\"@id\":\"https:\/\/tourtravelandmore.com\/fr\/#organization\"},\"potentialAction\":[{\"@type\":\"SearchAction\",\"target\":{\"@type\":\"EntryPoint\",\"urlTemplate\":\"https:\/\/tourtravelandmore.com\/fr\/?s={search_term_string}\"},\"query-input\":{\"@type\":\"PropertyValueSpecification\",\"valueRequired\":true,\"valueName\":\"search_term_string\"}}],\"inLanguage\":\"fr-FR\"},{\"@type\":\"Organization\",\"@id\":\"https:\/\/tourtravelandmore.com\/fr\/#organization\",\"name\":\"Tour Travel And More\",\"url\":\"https:\/\/tourtravelandmore.com\/fr\/\",\"logo\":{\"@type\":\"ImageObject\",\"inLanguage\":\"fr-FR\",\"@id\":\"https:\/\/tourtravelandmore.com\/fr\/#\/schema\/logo\/image\/\",\"url\":\"https:\/\/tourtravelandmore.com\/wp-content\/uploads\/2022\/12\/cropped-logo-cabecera-new.png\",\"contentUrl\":\"https:\/\/tourtravelandmore.com\/wp-content\/uploads\/2022\/12\/cropped-logo-cabecera-new.png\",\"width\":430,\"height\":61,\"caption\":\"Tour Travel And More\"},\"image\":{\"@id\":\"https:\/\/tourtravelandmore.com\/fr\/#\/schema\/logo\/image\/\"},\"sameAs\":[\"https:\/\/www.facebook.com\/tourtravelandmore\/\",\"https:\/\/x.com\/TourTravel_More\"]}]}<\/script>\n<!-- \/ Yoast SEO Premium plugin. -->","yoast_head_json":{"title":"\u27a1\ufe0f D\u00e9couvrez Aveiro, F\u00e1tima et Nazar\u00e9 : Visite priv\u00e9e de 10 heures avec Tour Travel & More \u2705","description":"Explorez le charme des canaux d'Aveiro, le sanctuaire spirituel de F\u00e1tima et les superbes rivages de Nazar\u00e9 lors d'une luxueuse visite priv\u00e9e de 10 heures. R\u00e9servez d\u00e8s maintenant pour une exp\u00e9rience inoubliable ! \u2705","robots":{"index":"index","follow":"follow","max-snippet":"max-snippet:-1","max-image-preview":"max-image-preview:large","max-video-preview":"max-video-preview:-1"},"canonical":"https:\/\/tourtravelandmore.com\/fr\/tours\/portugal-fr\/porto-fr\/toutes-les-visites-et-activites-privees\/visite-privee-daveiro-fatima-et-nazare\/","og_locale":"fr_FR","og_type":"article","og_title":"Visite priv\u00e9e d'Aveiro, F\u00e1tima et Nazar\u00e9","og_description":"Explorez le charme des canaux d'Aveiro, le sanctuaire spirituel de F\u00e1tima et les superbes rivages de Nazar\u00e9 lors d'une luxueuse visite priv\u00e9e de 10 heures. R\u00e9servez d\u00e8s maintenant pour une exp\u00e9rience inoubliable ! \u2705","og_url":"https:\/\/tourtravelandmore.com\/fr\/tours\/portugal-fr\/porto-fr\/toutes-les-visites-et-activites-privees\/visite-privee-daveiro-fatima-et-nazare\/","og_site_name":"Tour Travel And More","article_publisher":"https:\/\/www.facebook.com\/tourtravelandmore\/","article_modified_time":"2023-12-04T11:53:56+00:00","og_image":[{"width":950,"height":750,"url":"https:\/\/tourtravelandmore.com\/wp-content\/uploads\/2023\/12\/image4-4.jpg","type":"image\/jpeg"}],"twitter_card":"summary_large_image","twitter_site":"@TourTravel_More","twitter_misc":{"Dur\u00e9e de lecture estim\u00e9e":"3 minutes"},"schema":{"@context":"https:\/\/schema.org","@graph":[{"@type":"WebPage","@id":"https:\/\/tourtravelandmore.com\/fr\/tours\/portugal-fr\/porto-fr\/toutes-les-visites-et-activites-privees\/visite-privee-daveiro-fatima-et-nazare\/","url":"https:\/\/tourtravelandmore.com\/fr\/tours\/portugal-fr\/porto-fr\/toutes-les-visites-et-activites-privees\/visite-privee-daveiro-fatima-et-nazare\/","name":"\u27a1\ufe0f D\u00e9couvrez Aveiro, F\u00e1tima et Nazar\u00e9 : Visite priv\u00e9e de 10 heures avec Tour Travel & More \u2705","isPartOf":{"@id":"https:\/\/tourtravelandmore.com\/fr\/#website"},"primaryImageOfPage":{"@id":"https:\/\/tourtravelandmore.com\/fr\/tours\/portugal-fr\/porto-fr\/toutes-les-visites-et-activites-privees\/visite-privee-daveiro-fatima-et-nazare\/#primaryimage"},"image":{"@id":"https:\/\/tourtravelandmore.com\/fr\/tours\/portugal-fr\/porto-fr\/toutes-les-visites-et-activites-privees\/visite-privee-daveiro-fatima-et-nazare\/#primaryimage"},"thumbnailUrl":"https:\/\/tourtravelandmore.com\/wp-content\/uploads\/2023\/12\/image4-4.jpg","datePublished":"2023-12-04T09:54:06+00:00","dateModified":"2023-12-04T11:53:56+00:00","description":"Explorez le charme des canaux d'Aveiro, le sanctuaire spirituel de F\u00e1tima et les superbes rivages de Nazar\u00e9 lors d'une luxueuse visite priv\u00e9e de 10 heures. R\u00e9servez d\u00e8s maintenant pour une exp\u00e9rience inoubliable ! \u2705","breadcrumb":{"@id":"https:\/\/tourtravelandmore.com\/fr\/tours\/portugal-fr\/porto-fr\/toutes-les-visites-et-activites-privees\/visite-privee-daveiro-fatima-et-nazare\/#breadcrumb"},"inLanguage":"fr-FR","potentialAction":[{"@type":"ReadAction","target":["https:\/\/tourtravelandmore.com\/fr\/tours\/portugal-fr\/porto-fr\/toutes-les-visites-et-activites-privees\/visite-privee-daveiro-fatima-et-nazare\/"]}]},{"@type":"ImageObject","inLanguage":"fr-FR","@id":"https:\/\/tourtravelandmore.com\/fr\/tours\/portugal-fr\/porto-fr\/toutes-les-visites-et-activites-privees\/visite-privee-daveiro-fatima-et-nazare\/#primaryimage","url":"https:\/\/tourtravelandmore.com\/wp-content\/uploads\/2023\/12\/image4-4.jpg","contentUrl":"https:\/\/tourtravelandmore.com\/wp-content\/uploads\/2023\/12\/image4-4.jpg","width":950,"height":750},{"@type":"BreadcrumbList","@id":"https:\/\/tourtravelandmore.com\/fr\/tours\/portugal-fr\/porto-fr\/toutes-les-visites-et-activites-privees\/visite-privee-daveiro-fatima-et-nazare\/#breadcrumb","itemListElement":[{"@type":"ListItem","position":1,"name":"Home","item":"https:\/\/tourtravelandmore.com\/fr\/"},{"@type":"ListItem","position":2,"name":"Tours","item":"https:\/\/tourtravelandmore.com\/fr\/tours\/"},{"@type":"ListItem","position":3,"name":"Visite priv\u00e9e d&#8217;Aveiro, F\u00e1tima et Nazar\u00e9"}]},{"@type":"WebSite","@id":"https:\/\/tourtravelandmore.com\/fr\/#website","url":"https:\/\/tourtravelandmore.com\/fr\/","name":"Tour Travel And More","description":"Private sightseeing tours and luxury transfers in Spain","publisher":{"@id":"https:\/\/tourtravelandmore.com\/fr\/#organization"},"potentialAction":[{"@type":"SearchAction","target":{"@type":"EntryPoint","urlTemplate":"https:\/\/tourtravelandmore.com\/fr\/?s={search_term_string}"},"query-input":{"@type":"PropertyValueSpecification","valueRequired":true,"valueName":"search_term_string"}}],"inLanguage":"fr-FR"},{"@type":"Organization","@id":"https:\/\/tourtravelandmore.com\/fr\/#organization","name":"Tour Travel And More","url":"https:\/\/tourtravelandmore.com\/fr\/","logo":{"@type":"ImageObject","inLanguage":"fr-FR","@id":"https:\/\/tourtravelandmore.com\/fr\/#\/schema\/logo\/image\/","url":"https:\/\/tourtravelandmore.com\/wp-content\/uploads\/2022\/12\/cropped-logo-cabecera-new.png","contentUrl":"https:\/\/tourtravelandmore.com\/wp-content\/uploads\/2022\/12\/cropped-logo-cabecera-new.png","width":430,"height":61,"caption":"Tour Travel And More"},"image":{"@id":"https:\/\/tourtravelandmore.com\/fr\/#\/schema\/logo\/image\/"},"sameAs":["https:\/\/www.facebook.com\/tourtravelandmore\/","https:\/\/x.com\/TourTravel_More"]}]}},"_links":{"self":[{"href":"https:\/\/tourtravelandmore.com\/fr\/wp-json\/wp\/v2\/product\/171381","targetHints":{"allow":["GET"]}}],"collection":[{"href":"https:\/\/tourtravelandmore.com\/fr\/wp-json\/wp\/v2\/product"}],"about":[{"href":"https:\/\/tourtravelandmore.com\/fr\/wp-json\/wp\/v2\/types\/product"}],"replies":[{"embeddable":true,"href":"https:\/\/tourtravelandmore.com\/fr\/wp-json\/wp\/v2\/comments?post=171381"}],"wp:featuredmedia":[{"embeddable":true,"href":"https:\/\/tourtravelandmore.com\/fr\/wp-json\/wp\/v2\/media\/171400"}],"wp:attachment":[{"href":"https:\/\/tourtravelandmore.com\/fr\/wp-json\/wp\/v2\/media?parent=171381"}],"wp:term":[{"taxonomy":"product_brand","embeddable":true,"href":"https:\/\/tourtravelandmore.com\/fr\/wp-json\/wp\/v2\/product_brand?post=171381"},{"taxonomy":"product_cat","embeddable":true,"href":"https:\/\/tourtravelandmore.com\/fr\/wp-json\/wp\/v2\/product_cat?post=171381"},{"taxonomy":"product_tag","embeddable":true,"href":"https:\/\/tourtravelandmore.com\/fr\/wp-json\/wp\/v2\/product_tag?post=171381"}],"curies":[{"name":"wp","href":"https:\/\/api.w.org\/{rel}","templated":true}]}}