{"id":171348,"date":"2023-12-01T12:48:05","date_gmt":"2023-12-01T11:48:08","guid":{"rendered":"https:\/\/tourtravelandmore.com\/?post_type=product&#038;p=171348"},"modified":"2024-03-08T14:35:56","modified_gmt":"2024-03-08T13:35:56","slug":"visite-privee-daveiro-coimbra-et-fatima","status":"publish","type":"product","link":"https:\/\/tourtravelandmore.com\/fr\/tours\/portugal-fr\/porto-fr\/toutes-les-visites-et-activites-privees\/visite-privee-daveiro-coimbra-et-fatima\/","title":{"rendered":"Visite priv\u00e9e d&#8217;Aveiro, Coimbra et Fatima"},"content":{"rendered":"<h2><b>Visite priv\u00e9e d&#8217;Aveiro, Coimbra et Fatima Description<\/b><\/h2>\n<p><span style=\"font-weight: 400;\">Embarquez pour un voyage exquis de 10 heures au c\u0153ur du Portugal avec notre visite priv\u00e9e d&#8217;Aveiro, Coimbra et Fatima. Ce circuit est un m\u00e9lange parfait de beaut\u00e9, d&#8217;histoire et de spiritualit\u00e9, con\u00e7u pour offrir une exp\u00e9rience in\u00e9gal\u00e9e. Des charmants canaux d&#8217;Aveiro au site sacr\u00e9 de Fatima, en passant par les rues anciennes de Coimbra, ce circuit offre une plong\u00e9e profonde dans la riche culture et l&#8217;histoire du Portugal.<\/span><\/p>\n<p><span style=\"font-weight: 400;\">Votre journ\u00e9e commence dans le confort d&#8217;une voiture priv\u00e9e et d&#8217;un guide exp\u00e9riment\u00e9, tous deux \u00e0 votre service pendant toute la dur\u00e9e de l&#8217;excursion. Au cours de votre p\u00e9riple dans ces villes embl\u00e9matiques, votre guide vous fournira des commentaires perspicaces qui vous permettront de mieux comprendre l&#8217;importance de chaque lieu. Il ne s&#8217;agit pas seulement de visiter, mais de d\u00e9couvrir l&#8217;\u00e2me de chaque ville, de ses habitants et de ses traditions.<\/span><\/p>\n<p><span style=\"font-weight: 400;\">L&#8217;itin\u00e9raire a \u00e9t\u00e9 planifi\u00e9 avec soin pour que vous puissiez profiter au maximum de chaque destination.\u00a0 Coimbra, ville charg\u00e9e d&#8217;histoire avec l&#8217;une des plus anciennes universit\u00e9s d&#8217;Europe, offre un voyage dans le temps. Enfin, le voyage s&#8217;ach\u00e8ve \u00e0 Fatima, haut lieu de paix et de spiritualit\u00e9, o\u00f9 vous d\u00e9couvrirez l&#8217;ambiance sereine de ce lieu de p\u00e8lerinage sacr\u00e9.<\/span><\/p>\n<p><span style=\"font-weight: 400;\">En traversant ces lieux historiques, chaque instant devient un portail vers le pass\u00e9, vous permettant de marcher dans les pas des savants, des saints et des citoyens ordinaires qui ont fa\u00e7onn\u00e9 l&#8217;histoire du Portugal. \u00c0 Aveiro, les voies navigables scintillantes de la ville et l&#8217;architecture Art nouveau racontent l&#8217;histoire de l&#8217;h\u00e9ritage maritime et de l&#8217;\u00e9panouissement culturel. Coimbra, qui abrite une universit\u00e9 prestigieuse, r\u00e9sonne de d\u00e9bats savants et de sagesse ancienne. Fatima, sanctuaire de s\u00e9r\u00e9nit\u00e9, offre un espace de r\u00e9flexion et de connexion spirituelle, vous invitant \u00e0 profiter de son ambiance tranquille.<\/span><\/p>\n<h2><b>Visite priv\u00e9e d&#8217;Aveiro, Coimbra et Fatima &#8211; Points forts<\/b><\/h2>\n<h3><b>Aveiro :<\/b><\/h3>\n<ul>\n<li style=\"font-weight: 400;\" aria-level=\"1\"><b>Costa Nova <\/b><span style=\"font-weight: 400;\">: Visitez cette zone c\u00f4ti\u00e8re color\u00e9e connue pour ses maisons ray\u00e9es et ses plages de sable.<\/span><\/li>\n<li style=\"font-weight: 400;\" aria-level=\"1\"><b>Centre historique d&#8217;Aveiro :<\/b><span style=\"font-weight: 400;\"> D\u00e9couvrez le charme de la vieille ville d&#8217;Aveiro, avec ses b\u00e2timents historiques et ses boutiques d&#8217;artisans locaux.<\/span><\/li>\n<\/ul>\n<h3><b>Coimbra :<\/b><\/h3>\n<ul>\n<li style=\"font-weight: 400;\" aria-level=\"1\"><b>Universit\u00e9 de Coimbra <\/b><span style=\"font-weight: 400;\">: Explorez l&#8217;une des plus anciennes universit\u00e9s du monde, class\u00e9e au patrimoine mondial de l&#8217;UNESCO et r\u00e9put\u00e9e pour sa superbe biblioth\u00e8que et sa riche histoire.<\/span><\/li>\n<li style=\"font-weight: 400;\" aria-level=\"1\"><b>Vieille cath\u00e9drale de Coimbra :<\/b><span style=\"font-weight: 400;\"> un exemple remarquable de l&#8217;architecture romane au Portugal.<\/span><\/li>\n<li style=\"font-weight: 400;\" aria-level=\"1\"><b>Le centre-ville de Coimbra : <\/b><span style=\"font-weight: 400;\">Fl\u00e2nez dans les rues \u00e9troites, d\u00e9couvrez des cours cach\u00e9es, des \u00e9glises anciennes et des sc\u00e8nes culturelles anim\u00e9es.<\/span><\/li>\n<\/ul>\n<h3><b>Fatima :<\/b><\/h3>\n<ul>\n<li style=\"font-weight: 400;\" aria-level=\"1\"><b>Sanctuaire de Notre-Dame de Fatima : <\/b><span style=\"font-weight: 400;\">Visitez ce lieu saint o\u00f9 la Vierge Marie serait apparue. Le sanctuaire comprend la chapelle des Apparitions et la basilique Notre-Dame du Rosaire.<\/span><\/li>\n<li style=\"font-weight: 400;\" aria-level=\"1\"><b>Les environs paisibles de Fatima : <\/b><span style=\"font-weight: 400;\">D\u00e9couvrez l&#8217;atmosph\u00e8re tranquille qui fait de Fatima un lieu v\u00e9n\u00e9r\u00e9 par les p\u00e8lerins du monde entier.<\/span><\/li>\n<\/ul>\n<p><span style=\"font-weight: 400;\">Pour ceux qui souhaitent explorer davantage les merveilles du Portugal, Tour Travel and More propose un large \u00e9ventail de circuits priv\u00e9s au d\u00e9part de Porto. Que vous soyez int\u00e9ress\u00e9 par les sites historiques, les exp\u00e9riences culturelles ou les paysages naturels, nous avons un circuit adapt\u00e9 \u00e0 vos int\u00e9r\u00eats. <\/span><a href=\"https:\/\/tourtravelandmore.com\/fr\/city\/portugal-fr\/porto-fr\/\"><span style=\"font-weight: 400;\">Contactez-nous pour d\u00e9couvrir le meilleur du Portugal dans le confort et le style. <\/span><\/a><span style=\"font-weight: 400;\">Visitez Tour Travel and More pour d\u00e9couvrir nos options de circuits.<\/span><\/p>\n<div id=\"gtx-trans\" style=\"position: absolute; left: 28px; top: 615.453px;\">\n<div class=\"gtx-trans-icon\"><\/div>\n<\/div>\n","protected":false},"excerpt":{"rendered":"<p><span style=\"font-weight: 400;\">Participez \u00e0 notre visite priv\u00e9e d&#8217;Aveiro, Coimbra et Fatima pour un voyage immersif de 10 heures \u00e0 travers les paysages \u00e9poustouflants et les villes historiques du Portugal. Ce circuit comprend une voiture de luxe, un guide comp\u00e9tent et des visites de sites cl\u00e9s tels que l&#8217;universit\u00e9 de Coimbra, les canaux d&#8217;Aveiro et le sanctuaire de Notre-Dame de Fatima.<\/span><\/p>\n<p>&nbsp;<\/p>\n","protected":false},"featured_media":171358,"comment_status":"open","ping_status":"closed","template":"","meta":{"_acf_changed":false},"product_brand":[],"product_cat":[4552,4551,3671],"product_tag":[],"class_list":{"0":"post-171348","1":"product","2":"type-product","3":"status-publish","4":"has-post-thumbnail","6":"product_cat-excursions-privees-dune-journee-fr-4","7":"product_cat-toutes-les-visites-et-activites-privees","8":"product_cat-porto-fr","10":"first","11":"instock","12":"shipping-taxable","13":"purchasable","14":"product-type-simple"},"acf":[],"yoast_head":"<!-- This site is optimized with the Yoast SEO Premium plugin v25.3.1 (Yoast SEO v25.3.1) - https:\/\/yoast.com\/wordpress\/plugins\/seo\/ -->\n<title>\u27a1\ufe0f D\u00e9couvrez Aveiro, Coimbra et Fatima lors d&#039;une visite priv\u00e9e de 10 heures | Tour Travel and More \u2705<\/title>\n<meta name=\"description\" content=\"D\u00e9couvrez la beaut\u00e9 des canaux d&#039;Aveiro, l&#039;ancienne universit\u00e9 de Coimbra et la spiritualit\u00e9 de Fatima lors d&#039;une visite priv\u00e9e compl\u00e8te de 10 heures. R\u00e9servez maintenant avec Tour Travel and More \u2705\" \/>\n<meta name=\"robots\" content=\"index, follow, max-snippet:-1, max-image-preview:large, max-video-preview:-1\" \/>\n<link rel=\"canonical\" href=\"https:\/\/tourtravelandmore.com\/fr\/tours\/portugal-fr\/porto-fr\/toutes-les-visites-et-activites-privees\/visite-privee-daveiro-coimbra-et-fatima\/\" \/>\n<meta property=\"og:locale\" content=\"fr_FR\" \/>\n<meta property=\"og:type\" content=\"article\" \/>\n<meta property=\"og:title\" content=\"Visite priv\u00e9e d&#039;Aveiro, Coimbra et Fatima\" \/>\n<meta property=\"og:description\" content=\"D\u00e9couvrez la beaut\u00e9 des canaux d&#039;Aveiro, l&#039;ancienne universit\u00e9 de Coimbra et la spiritualit\u00e9 de Fatima lors d&#039;une visite priv\u00e9e compl\u00e8te de 10 heures. R\u00e9servez maintenant avec Tour Travel and More \u2705\" \/>\n<meta property=\"og:url\" content=\"https:\/\/tourtravelandmore.com\/fr\/tours\/portugal-fr\/porto-fr\/toutes-les-visites-et-activites-privees\/visite-privee-daveiro-coimbra-et-fatima\/\" \/>\n<meta property=\"og:site_name\" content=\"Tour Travel And More\" \/>\n<meta property=\"article:publisher\" content=\"https:\/\/www.facebook.com\/tourtravelandmore\/\" \/>\n<meta property=\"article:modified_time\" content=\"2024-03-08T13:35:56+00:00\" \/>\n<meta property=\"og:image\" content=\"https:\/\/tourtravelandmore.com\/wp-content\/uploads\/2023\/12\/image1-3.jpg\" \/>\n\t<meta property=\"og:image:width\" content=\"950\" \/>\n\t<meta property=\"og:image:height\" content=\"750\" \/>\n\t<meta property=\"og:image:type\" content=\"image\/jpeg\" \/>\n<meta name=\"twitter:card\" content=\"summary_large_image\" \/>\n<meta name=\"twitter:site\" content=\"@TourTravel_More\" \/>\n<meta name=\"twitter:label1\" content=\"Dur\u00e9e de lecture estim\u00e9e\" \/>\n\t<meta name=\"twitter:data1\" content=\"3 minutes\" \/>\n<script type=\"application\/ld+json\" class=\"yoast-schema-graph\">{\"@context\":\"https:\/\/schema.org\",\"@graph\":[{\"@type\":\"WebPage\",\"@id\":\"https:\/\/tourtravelandmore.com\/fr\/tours\/portugal-fr\/porto-fr\/toutes-les-visites-et-activites-privees\/visite-privee-daveiro-coimbra-et-fatima\/\",\"url\":\"https:\/\/tourtravelandmore.com\/fr\/tours\/portugal-fr\/porto-fr\/toutes-les-visites-et-activites-privees\/visite-privee-daveiro-coimbra-et-fatima\/\",\"name\":\"\u27a1\ufe0f D\u00e9couvrez Aveiro, Coimbra et Fatima lors d'une visite priv\u00e9e de 10 heures | Tour Travel and More \u2705\",\"isPartOf\":{\"@id\":\"https:\/\/tourtravelandmore.com\/fr\/#website\"},\"primaryImageOfPage\":{\"@id\":\"https:\/\/tourtravelandmore.com\/fr\/tours\/portugal-fr\/porto-fr\/toutes-les-visites-et-activites-privees\/visite-privee-daveiro-coimbra-et-fatima\/#primaryimage\"},\"image\":{\"@id\":\"https:\/\/tourtravelandmore.com\/fr\/tours\/portugal-fr\/porto-fr\/toutes-les-visites-et-activites-privees\/visite-privee-daveiro-coimbra-et-fatima\/#primaryimage\"},\"thumbnailUrl\":\"https:\/\/tourtravelandmore.com\/wp-content\/uploads\/2023\/12\/image1-3.jpg\",\"datePublished\":\"2023-12-01T11:48:08+00:00\",\"dateModified\":\"2024-03-08T13:35:56+00:00\",\"description\":\"D\u00e9couvrez la beaut\u00e9 des canaux d'Aveiro, l'ancienne universit\u00e9 de Coimbra et la spiritualit\u00e9 de Fatima lors d'une visite priv\u00e9e compl\u00e8te de 10 heures. R\u00e9servez maintenant avec Tour Travel and More \u2705\",\"breadcrumb\":{\"@id\":\"https:\/\/tourtravelandmore.com\/fr\/tours\/portugal-fr\/porto-fr\/toutes-les-visites-et-activites-privees\/visite-privee-daveiro-coimbra-et-fatima\/#breadcrumb\"},\"inLanguage\":\"fr-FR\",\"potentialAction\":[{\"@type\":\"ReadAction\",\"target\":[\"https:\/\/tourtravelandmore.com\/fr\/tours\/portugal-fr\/porto-fr\/toutes-les-visites-et-activites-privees\/visite-privee-daveiro-coimbra-et-fatima\/\"]}]},{\"@type\":\"ImageObject\",\"inLanguage\":\"fr-FR\",\"@id\":\"https:\/\/tourtravelandmore.com\/fr\/tours\/portugal-fr\/porto-fr\/toutes-les-visites-et-activites-privees\/visite-privee-daveiro-coimbra-et-fatima\/#primaryimage\",\"url\":\"https:\/\/tourtravelandmore.com\/wp-content\/uploads\/2023\/12\/image1-3.jpg\",\"contentUrl\":\"https:\/\/tourtravelandmore.com\/wp-content\/uploads\/2023\/12\/image1-3.jpg\",\"width\":950,\"height\":750},{\"@type\":\"BreadcrumbList\",\"@id\":\"https:\/\/tourtravelandmore.com\/fr\/tours\/portugal-fr\/porto-fr\/toutes-les-visites-et-activites-privees\/visite-privee-daveiro-coimbra-et-fatima\/#breadcrumb\",\"itemListElement\":[{\"@type\":\"ListItem\",\"position\":1,\"name\":\"Home\",\"item\":\"https:\/\/tourtravelandmore.com\/fr\/\"},{\"@type\":\"ListItem\",\"position\":2,\"name\":\"Tours\",\"item\":\"https:\/\/tourtravelandmore.com\/fr\/tours\/\"},{\"@type\":\"ListItem\",\"position\":3,\"name\":\"Visite priv\u00e9e d&#8217;Aveiro, Coimbra et Fatima\"}]},{\"@type\":\"WebSite\",\"@id\":\"https:\/\/tourtravelandmore.com\/fr\/#website\",\"url\":\"https:\/\/tourtravelandmore.com\/fr\/\",\"name\":\"Tour Travel And More\",\"description\":\"Private sightseeing tours and luxury transfers in Spain\",\"publisher\":{\"@id\":\"https:\/\/tourtravelandmore.com\/fr\/#organization\"},\"potentialAction\":[{\"@type\":\"SearchAction\",\"target\":{\"@type\":\"EntryPoint\",\"urlTemplate\":\"https:\/\/tourtravelandmore.com\/fr\/?s={search_term_string}\"},\"query-input\":{\"@type\":\"PropertyValueSpecification\",\"valueRequired\":true,\"valueName\":\"search_term_string\"}}],\"inLanguage\":\"fr-FR\"},{\"@type\":\"Organization\",\"@id\":\"https:\/\/tourtravelandmore.com\/fr\/#organization\",\"name\":\"Tour Travel And More\",\"url\":\"https:\/\/tourtravelandmore.com\/fr\/\",\"logo\":{\"@type\":\"ImageObject\",\"inLanguage\":\"fr-FR\",\"@id\":\"https:\/\/tourtravelandmore.com\/fr\/#\/schema\/logo\/image\/\",\"url\":\"https:\/\/tourtravelandmore.com\/wp-content\/uploads\/2022\/12\/cropped-logo-cabecera-new.png\",\"contentUrl\":\"https:\/\/tourtravelandmore.com\/wp-content\/uploads\/2022\/12\/cropped-logo-cabecera-new.png\",\"width\":430,\"height\":61,\"caption\":\"Tour Travel And More\"},\"image\":{\"@id\":\"https:\/\/tourtravelandmore.com\/fr\/#\/schema\/logo\/image\/\"},\"sameAs\":[\"https:\/\/www.facebook.com\/tourtravelandmore\/\",\"https:\/\/x.com\/TourTravel_More\"]}]}<\/script>\n<!-- \/ Yoast SEO Premium plugin. -->","yoast_head_json":{"title":"\u27a1\ufe0f D\u00e9couvrez Aveiro, Coimbra et Fatima lors d'une visite priv\u00e9e de 10 heures | Tour Travel and More \u2705","description":"D\u00e9couvrez la beaut\u00e9 des canaux d'Aveiro, l'ancienne universit\u00e9 de Coimbra et la spiritualit\u00e9 de Fatima lors d'une visite priv\u00e9e compl\u00e8te de 10 heures. R\u00e9servez maintenant avec Tour Travel and More \u2705","robots":{"index":"index","follow":"follow","max-snippet":"max-snippet:-1","max-image-preview":"max-image-preview:large","max-video-preview":"max-video-preview:-1"},"canonical":"https:\/\/tourtravelandmore.com\/fr\/tours\/portugal-fr\/porto-fr\/toutes-les-visites-et-activites-privees\/visite-privee-daveiro-coimbra-et-fatima\/","og_locale":"fr_FR","og_type":"article","og_title":"Visite priv\u00e9e d'Aveiro, Coimbra et Fatima","og_description":"D\u00e9couvrez la beaut\u00e9 des canaux d'Aveiro, l'ancienne universit\u00e9 de Coimbra et la spiritualit\u00e9 de Fatima lors d'une visite priv\u00e9e compl\u00e8te de 10 heures. R\u00e9servez maintenant avec Tour Travel and More \u2705","og_url":"https:\/\/tourtravelandmore.com\/fr\/tours\/portugal-fr\/porto-fr\/toutes-les-visites-et-activites-privees\/visite-privee-daveiro-coimbra-et-fatima\/","og_site_name":"Tour Travel And More","article_publisher":"https:\/\/www.facebook.com\/tourtravelandmore\/","article_modified_time":"2024-03-08T13:35:56+00:00","og_image":[{"width":950,"height":750,"url":"https:\/\/tourtravelandmore.com\/wp-content\/uploads\/2023\/12\/image1-3.jpg","type":"image\/jpeg"}],"twitter_card":"summary_large_image","twitter_site":"@TourTravel_More","twitter_misc":{"Dur\u00e9e de lecture estim\u00e9e":"3 minutes"},"schema":{"@context":"https:\/\/schema.org","@graph":[{"@type":"WebPage","@id":"https:\/\/tourtravelandmore.com\/fr\/tours\/portugal-fr\/porto-fr\/toutes-les-visites-et-activites-privees\/visite-privee-daveiro-coimbra-et-fatima\/","url":"https:\/\/tourtravelandmore.com\/fr\/tours\/portugal-fr\/porto-fr\/toutes-les-visites-et-activites-privees\/visite-privee-daveiro-coimbra-et-fatima\/","name":"\u27a1\ufe0f D\u00e9couvrez Aveiro, Coimbra et Fatima lors d'une visite priv\u00e9e de 10 heures | Tour Travel and More \u2705","isPartOf":{"@id":"https:\/\/tourtravelandmore.com\/fr\/#website"},"primaryImageOfPage":{"@id":"https:\/\/tourtravelandmore.com\/fr\/tours\/portugal-fr\/porto-fr\/toutes-les-visites-et-activites-privees\/visite-privee-daveiro-coimbra-et-fatima\/#primaryimage"},"image":{"@id":"https:\/\/tourtravelandmore.com\/fr\/tours\/portugal-fr\/porto-fr\/toutes-les-visites-et-activites-privees\/visite-privee-daveiro-coimbra-et-fatima\/#primaryimage"},"thumbnailUrl":"https:\/\/tourtravelandmore.com\/wp-content\/uploads\/2023\/12\/image1-3.jpg","datePublished":"2023-12-01T11:48:08+00:00","dateModified":"2024-03-08T13:35:56+00:00","description":"D\u00e9couvrez la beaut\u00e9 des canaux d'Aveiro, l'ancienne universit\u00e9 de Coimbra et la spiritualit\u00e9 de Fatima lors d'une visite priv\u00e9e compl\u00e8te de 10 heures. R\u00e9servez maintenant avec Tour Travel and More \u2705","breadcrumb":{"@id":"https:\/\/tourtravelandmore.com\/fr\/tours\/portugal-fr\/porto-fr\/toutes-les-visites-et-activites-privees\/visite-privee-daveiro-coimbra-et-fatima\/#breadcrumb"},"inLanguage":"fr-FR","potentialAction":[{"@type":"ReadAction","target":["https:\/\/tourtravelandmore.com\/fr\/tours\/portugal-fr\/porto-fr\/toutes-les-visites-et-activites-privees\/visite-privee-daveiro-coimbra-et-fatima\/"]}]},{"@type":"ImageObject","inLanguage":"fr-FR","@id":"https:\/\/tourtravelandmore.com\/fr\/tours\/portugal-fr\/porto-fr\/toutes-les-visites-et-activites-privees\/visite-privee-daveiro-coimbra-et-fatima\/#primaryimage","url":"https:\/\/tourtravelandmore.com\/wp-content\/uploads\/2023\/12\/image1-3.jpg","contentUrl":"https:\/\/tourtravelandmore.com\/wp-content\/uploads\/2023\/12\/image1-3.jpg","width":950,"height":750},{"@type":"BreadcrumbList","@id":"https:\/\/tourtravelandmore.com\/fr\/tours\/portugal-fr\/porto-fr\/toutes-les-visites-et-activites-privees\/visite-privee-daveiro-coimbra-et-fatima\/#breadcrumb","itemListElement":[{"@type":"ListItem","position":1,"name":"Home","item":"https:\/\/tourtravelandmore.com\/fr\/"},{"@type":"ListItem","position":2,"name":"Tours","item":"https:\/\/tourtravelandmore.com\/fr\/tours\/"},{"@type":"ListItem","position":3,"name":"Visite priv\u00e9e d&#8217;Aveiro, Coimbra et Fatima"}]},{"@type":"WebSite","@id":"https:\/\/tourtravelandmore.com\/fr\/#website","url":"https:\/\/tourtravelandmore.com\/fr\/","name":"Tour Travel And More","description":"Private sightseeing tours and luxury transfers in Spain","publisher":{"@id":"https:\/\/tourtravelandmore.com\/fr\/#organization"},"potentialAction":[{"@type":"SearchAction","target":{"@type":"EntryPoint","urlTemplate":"https:\/\/tourtravelandmore.com\/fr\/?s={search_term_string}"},"query-input":{"@type":"PropertyValueSpecification","valueRequired":true,"valueName":"search_term_string"}}],"inLanguage":"fr-FR"},{"@type":"Organization","@id":"https:\/\/tourtravelandmore.com\/fr\/#organization","name":"Tour Travel And More","url":"https:\/\/tourtravelandmore.com\/fr\/","logo":{"@type":"ImageObject","inLanguage":"fr-FR","@id":"https:\/\/tourtravelandmore.com\/fr\/#\/schema\/logo\/image\/","url":"https:\/\/tourtravelandmore.com\/wp-content\/uploads\/2022\/12\/cropped-logo-cabecera-new.png","contentUrl":"https:\/\/tourtravelandmore.com\/wp-content\/uploads\/2022\/12\/cropped-logo-cabecera-new.png","width":430,"height":61,"caption":"Tour Travel And More"},"image":{"@id":"https:\/\/tourtravelandmore.com\/fr\/#\/schema\/logo\/image\/"},"sameAs":["https:\/\/www.facebook.com\/tourtravelandmore\/","https:\/\/x.com\/TourTravel_More"]}]}},"_links":{"self":[{"href":"https:\/\/tourtravelandmore.com\/fr\/wp-json\/wp\/v2\/product\/171348","targetHints":{"allow":["GET"]}}],"collection":[{"href":"https:\/\/tourtravelandmore.com\/fr\/wp-json\/wp\/v2\/product"}],"about":[{"href":"https:\/\/tourtravelandmore.com\/fr\/wp-json\/wp\/v2\/types\/product"}],"replies":[{"embeddable":true,"href":"https:\/\/tourtravelandmore.com\/fr\/wp-json\/wp\/v2\/comments?post=171348"}],"wp:featuredmedia":[{"embeddable":true,"href":"https:\/\/tourtravelandmore.com\/fr\/wp-json\/wp\/v2\/media\/171358"}],"wp:attachment":[{"href":"https:\/\/tourtravelandmore.com\/fr\/wp-json\/wp\/v2\/media?parent=171348"}],"wp:term":[{"taxonomy":"product_brand","embeddable":true,"href":"https:\/\/tourtravelandmore.com\/fr\/wp-json\/wp\/v2\/product_brand?post=171348"},{"taxonomy":"product_cat","embeddable":true,"href":"https:\/\/tourtravelandmore.com\/fr\/wp-json\/wp\/v2\/product_cat?post=171348"},{"taxonomy":"product_tag","embeddable":true,"href":"https:\/\/tourtravelandmore.com\/fr\/wp-json\/wp\/v2\/product_tag?post=171348"}],"curies":[{"name":"wp","href":"https:\/\/api.w.org\/{rel}","templated":true}]}}