{"id":171318,"date":"2023-12-01T12:32:45","date_gmt":"2023-12-01T11:32:47","guid":{"rendered":"https:\/\/tourtravelandmore.com\/?post_type=product&#038;p=171318"},"modified":"2023-12-04T12:54:13","modified_gmt":"2023-12-04T11:54:13","slug":"transfert-de-porto-a-lisbonne-avec-jusqua-3-arrets-aveiro-nazare-ou-fatima-obidos","status":"publish","type":"product","link":"https:\/\/tourtravelandmore.com\/fr\/tours\/portugal-fr\/porto-fr\/toutes-les-visites-et-activites-privees\/transfert-de-porto-a-lisbonne-avec-jusqua-3-arrets-aveiro-nazare-ou-fatima-obidos\/","title":{"rendered":"Transfert de Porto \u00e0 Lisbonne avec jusqu&#8217;\u00e0 3 arr\u00eats (Aveiro, Nazar\u00e9 ou F\u00e1tima, \u00d3bidos)"},"content":{"rendered":"<h2><b>Transfert Porto-Lisbonne avec jusqu&#8217;\u00e0 3 arr\u00eats (Aveiro, Nazar\u00e9 ou F\u00e1tima, \u00d3bidos) Description<\/b><\/h2>\n<p><span style=\"font-weight: 400;\">Embarquez pour un voyage pittoresque et enrichissant de Porto \u00e0 Lisbonne, ponctu\u00e9 de trois arr\u00eats captivants \u00e0 Aveiro, Nazar\u00e9 ou F\u00e1tima, et \u00d3bidos. Ce transfert de 10 heures effectu\u00e9 par Tour Travel and More n&#8217;est pas un simple trajet, c&#8217;est une exp\u00e9rience personnalis\u00e9e \u00e0 travers certaines des destinations les plus pittoresques et les plus riches en histoire du Portugal.<\/span><\/p>\n<p><span style=\"font-weight: 400;\">Voyagez dans le confort et le style \u00e0 bord d&#8217;un v\u00e9hicule de luxe, exclusivement r\u00e9serv\u00e9 pour vous. Au d\u00e9part de Porto, le voyage se d\u00e9roule \u00e0 travers des paysages changeants, chacun racontant sa propre histoire. Ce transfert vous permet de personnaliser votre itin\u00e9raire, en choisissant la charmante ville d&#8217;Aveiro, connue sous le nom de &#8221; Venise du Portugal &#8220;, l&#8217;impressionnante ville c\u00f4ti\u00e8re de Nazar\u00e9, la spirituelle F\u00e1tima et le charme m\u00e9di\u00e9val d&#8217;\u00d3bidos.<\/span><\/p>\n<p><span style=\"font-weight: 400;\">Votre voyage est plus qu&#8217;un simple transfert, c&#8217;est une exploration priv\u00e9e adapt\u00e9e \u00e0 vos int\u00e9r\u00eats, qui vous permet de plonger au c\u0153ur de la beaut\u00e9 culturelle et naturelle du Portugal. Que vous soyez fascin\u00e9 par l&#8217;architecture historique, captiv\u00e9 par les sites religieux ou simplement amoureux des villes pittoresques, ce transfert vous offre une fa\u00e7on unique et personnelle de d\u00e9couvrir l&#8217;attrait diversifi\u00e9 du Portugal.<\/span><\/p>\n<p><span style=\"font-weight: 400;\">Votre aventure avec chauffeur vous fera d\u00e9couvrir les joyaux cach\u00e9s et les attractions populaires de chaque \u00e9tape. \u00c0 Aveiro, serpentez le long des canaux et admirez l&#8217;art des azulejos (carreaux de fa\u00efence) traditionnels. \u00c0 Nazar\u00e9, faites l&#8217;exp\u00e9rience des vagues de surf les plus hautes d&#8217;Europe ou trouvez la paix et la r\u00e9flexion \u00e0 F\u00e1tima, un site d&#8217;importance religieuse mondiale. \u00d3bidos, avec ses rues m\u00e9di\u00e9vales et son ancien ch\u00e2teau, est un retour dans le pass\u00e9. Chaque lieu a son propre caract\u00e8re et sa propre histoire, faisant de votre voyage une tapisserie d&#8217;exp\u00e9riences.<\/span><\/p>\n<p><span style=\"font-weight: 400;\">Tout au long du transfert, votre guide vous fournira des commentaires perspicaces, enrichissant votre compr\u00e9hension du mode de vie portugais. La flexibilit\u00e9 de ce circuit permet des explorations spontan\u00e9es et des pauses tranquilles, vous invitant \u00e0 savourer la cuisine locale ou \u00e0 prendre la photo parfaite. Votre confort est notre priorit\u00e9 et nous vous assurons un voyage agr\u00e9able et sans encombre vers Lisbonne, rempli de souvenirs et d&#8217;histoires \u00e0 ch\u00e9rir.<\/span><\/p>\n<h2><b>Points d&#8217;int\u00e9r\u00eat<\/b><\/h2>\n<h3><b>Aveiro :<\/b><\/h3>\n<ul>\n<li style=\"font-weight: 400;\" aria-level=\"1\"><b>Promenade en bateau sur les Moliceiros :<\/b><span style=\"font-weight: 400;\"> Embarquez pour un voyage pittoresque \u00e0 travers les canaux d&#8217;Aveiro sur ces bateaux color\u00e9s, traditionnellement utilis\u00e9s pour la r\u00e9colte des algues. Cette promenade offre une perspective unique sur les b\u00e2timents et les ponts Art nouveau de la ville.<\/span><\/li>\n<li style=\"font-weight: 400;\" aria-level=\"1\"><b>Mus\u00e9e d&#8217;Aveiro : <\/b><span style=\"font-weight: 400;\">Install\u00e9 dans l&#8217;ancien couvent de J\u00e9sus, ce mus\u00e9e pr\u00e9sente de l&#8217;art et des objets religieux, dont le tombeau orn\u00e9 de la princesse Sainte-Joana.<\/span><\/li>\n<li style=\"font-weight: 400;\" aria-level=\"1\"><b>Costa Nova :<\/b><span style=\"font-weight: 400;\"> Visitez la bande c\u00f4ti\u00e8re voisine connue pour ses maisons \u00e0 rayures. Cette communaut\u00e9 de p\u00eacheurs sur la lagune d&#8217;Aveiro est pittoresque et id\u00e9ale pour les amateurs de photos.<\/span><\/li>\n<li style=\"font-weight: 400;\" aria-level=\"1\"><b>Salines d&#8217;Aveiro <\/b><span style=\"font-weight: 400;\">: Explorez les salines traditionnelles o\u00f9 le sel est r\u00e9colt\u00e9 selon des techniques ancestrales, un aspect crucial de l&#8217;histoire et de l&#8217;\u00e9conomie d&#8217;Aveiro.<\/span><\/li>\n<\/ul>\n<h3><b>Nazar\u00e9 :<\/b><\/h3>\n<ul>\n<li style=\"font-weight: 400;\" aria-level=\"1\"><b>Praia Norte : <\/b><span style=\"font-weight: 400;\">C\u00e9l\u00e8bre pour ses vagues de surf record, cette plage est un paradis pour les amateurs de surf et les spectateurs.<\/span><\/li>\n<li style=\"font-weight: 400;\" aria-level=\"1\"><b>Miradouro do Suberco :<\/b><span style=\"font-weight: 400;\"> Un point de vue qui offre une vue imprenable sur la plage de Nazar\u00e9, la ville et l&#8217;oc\u00e9an Atlantique.<\/span><\/li>\n<li style=\"font-weight: 400;\" aria-level=\"1\"><b>Phare de Nazar\u00e9 et mus\u00e9e du surf :<\/b><span style=\"font-weight: 400;\"> D\u00e9couvrez l&#8217;histoire du surf dans la ville et admirez les objets li\u00e9s \u00e0 la culture du surf.<\/span><\/li>\n<\/ul>\n<h3><b>F\u00e1tima :<\/b><\/h3>\n<ul>\n<li style=\"font-weight: 400;\" aria-level=\"1\"><b>Sanctuaire de Notre-Dame de F\u00e1tima :<\/b><span style=\"font-weight: 400;\"> Le c\u0153ur du site de p\u00e8lerinage, avec la chapelle des Apparitions et la basilique Notre-Dame du Rosaire.<\/span><\/li>\n<li style=\"font-weight: 400;\" aria-level=\"1\"><b>Valinhos et Loca do Anjo :<\/b><span style=\"font-weight: 400;\"> Ces sites sacr\u00e9s marquent les lieux des apparitions mariales aux trois enfants bergers.<\/span><\/li>\n<li style=\"font-weight: 400;\" aria-level=\"1\"><b>Mus\u00e9e de cire de F\u00e1tima : <\/b><span style=\"font-weight: 400;\">Il offre un moyen unique de d\u00e9couvrir les apparitions et l&#8217;histoire de F\u00e1tima gr\u00e2ce \u00e0 des personnages de cire grandeur nature.<\/span><\/li>\n<\/ul>\n<h3><b>\u00d3bidos :<\/b><\/h3>\n<ul>\n<li style=\"font-weight: 400;\" aria-level=\"1\"><b>Ch\u00e2teau d&#8217;\u00d3bidos :<\/b><span style=\"font-weight: 400;\"> Explorez ce ch\u00e2teau m\u00e9di\u00e9val bien pr\u00e9serv\u00e9, aujourd&#8217;hui transform\u00e9 en h\u00f4tel de luxe, qui offre un retour en arri\u00e8re dans l&#8217;histoire du Portugal.<\/span><\/li>\n<li style=\"font-weight: 400;\" aria-level=\"1\"><b>Murailles de la ville :<\/b><span style=\"font-weight: 400;\"> Marchez le long des anciens remparts de la ville pour profiter d&#8217;une vue panoramique sur \u00d3bidos et ses environs.<\/span><\/li>\n<li style=\"font-weight: 400;\" aria-level=\"1\"><b>Rua Direita : <\/b><span style=\"font-weight: 400;\">Cette charmante rue est bord\u00e9e de boutiques, de caf\u00e9s et de maisons traditionnelles, parfaites pour d\u00e9couvrir la vie et la cuisine locales.<\/span><\/li>\n<li style=\"font-weight: 400;\" aria-level=\"1\"><b>Igreja de Santa Maria :<\/b><span style=\"font-weight: 400;\"> cette belle \u00e9glise, situ\u00e9e au c\u0153ur d&#8217;\u00d3bidos, est orn\u00e9e de tuiles et de peintures exquises.<\/span><\/li>\n<\/ul>\n<p><span style=\"font-weight: 400;\">Explorez davantage ce que Porto a \u00e0 offrir avec Tour Travel and More. Nous proposons un large \u00e9ventail de visites et d&#8217;exp\u00e9riences priv\u00e9es \u00e0 Porto et dans ses environs, toutes con\u00e7ues pour vous offrir une exploration authentique et inoubliable des tr\u00e9sors du Portugal.<\/span><a href=\"https:\/\/tourtravelandmore.com\/fr\/city\/portugal-fr\/porto-fr\/\"><span style=\"font-weight: 400;\"> Visitez Tour Travel and More pour d\u00e9couvrir nos offres de visites exclusives et cr\u00e9er votre aventure portugaise parfaite.<\/span><\/a><\/p>\n","protected":false},"excerpt":{"rendered":"<p><span style=\"font-weight: 400;\">Rejoignez-nous pour un transfert priv\u00e9 de 10 heures de Porto \u00e0 Lisbonne avec l&#8217;option de visiter jusqu&#8217;\u00e0 trois arr\u00eats magnifiques &#8211; Aveiro, Nazar\u00e9 ou F\u00e1tima, et \u00d3bidos. Voyagez dans le luxe, personnalisez votre voyage et impr\u00e9gnez-vous de la beaut\u00e9 distincte de chaque endroit.<\/span><\/p>\n","protected":false},"featured_media":171334,"comment_status":"open","ping_status":"closed","template":"","meta":{"_acf_changed":false},"product_brand":[],"product_cat":[4552,4551,3671],"product_tag":[],"class_list":{"0":"post-171318","1":"product","2":"type-product","3":"status-publish","4":"has-post-thumbnail","6":"product_cat-excursions-privees-dune-journee-fr-4","7":"product_cat-toutes-les-visites-et-activites-privees","8":"product_cat-porto-fr","10":"first","11":"instock","12":"shipping-taxable","13":"purchasable","14":"product-type-simple"},"acf":[],"yoast_head":"<!-- This site is optimized with the Yoast SEO Premium plugin v25.3.1 (Yoast SEO v25.3.1) - https:\/\/yoast.com\/wordpress\/plugins\/seo\/ -->\n<title>\u27a1\ufe0f Transfert priv\u00e9 exclusif de Porto \u00e0 Lisbonne avec arr\u00eats personnalis\u00e9s | Tour Travel &amp; More \u2705<\/title>\n<meta name=\"description\" content=\"Faites l&#039;exp\u00e9rience d&#039;un voyage unique de Porto \u00e0 Lisbonne avec des arr\u00eats \u00e0 Aveiro, Nazar\u00e9\/F\u00e1tima et \u00d3bidos. Circuit priv\u00e9 personnalisable pour une exp\u00e9rience portugaise m\u00e9morable \u2705\" \/>\n<meta name=\"robots\" content=\"index, follow, max-snippet:-1, max-image-preview:large, max-video-preview:-1\" \/>\n<link rel=\"canonical\" href=\"https:\/\/tourtravelandmore.com\/fr\/tours\/portugal-fr\/porto-fr\/toutes-les-visites-et-activites-privees\/transfert-de-porto-a-lisbonne-avec-jusqua-3-arrets-aveiro-nazare-ou-fatima-obidos\/\" \/>\n<meta property=\"og:locale\" content=\"fr_FR\" \/>\n<meta property=\"og:type\" content=\"article\" \/>\n<meta property=\"og:title\" content=\"Transfert de Porto \u00e0 Lisbonne avec jusqu&#039;\u00e0 3 arr\u00eats (Aveiro, Nazar\u00e9 ou F\u00e1tima, \u00d3bidos)\" \/>\n<meta property=\"og:description\" content=\"Faites l&#039;exp\u00e9rience d&#039;un voyage unique de Porto \u00e0 Lisbonne avec des arr\u00eats \u00e0 Aveiro, Nazar\u00e9\/F\u00e1tima et \u00d3bidos. Circuit priv\u00e9 personnalisable pour une exp\u00e9rience portugaise m\u00e9morable \u2705\" \/>\n<meta property=\"og:url\" content=\"https:\/\/tourtravelandmore.com\/fr\/tours\/portugal-fr\/porto-fr\/toutes-les-visites-et-activites-privees\/transfert-de-porto-a-lisbonne-avec-jusqua-3-arrets-aveiro-nazare-ou-fatima-obidos\/\" \/>\n<meta property=\"og:site_name\" content=\"Tour Travel And More\" \/>\n<meta property=\"article:publisher\" content=\"https:\/\/www.facebook.com\/tourtravelandmore\/\" \/>\n<meta property=\"article:modified_time\" content=\"2023-12-04T11:54:13+00:00\" \/>\n<meta property=\"og:image\" content=\"https:\/\/tourtravelandmore.com\/wp-content\/uploads\/2023\/12\/image3-2.jpg\" \/>\n\t<meta property=\"og:image:width\" content=\"950\" \/>\n\t<meta property=\"og:image:height\" content=\"750\" \/>\n\t<meta property=\"og:image:type\" content=\"image\/jpeg\" \/>\n<meta name=\"twitter:card\" content=\"summary_large_image\" \/>\n<meta name=\"twitter:site\" content=\"@TourTravel_More\" \/>\n<meta name=\"twitter:label1\" content=\"Dur\u00e9e de lecture estim\u00e9e\" \/>\n\t<meta name=\"twitter:data1\" content=\"4 minutes\" \/>\n<script type=\"application\/ld+json\" class=\"yoast-schema-graph\">{\"@context\":\"https:\/\/schema.org\",\"@graph\":[{\"@type\":\"WebPage\",\"@id\":\"https:\/\/tourtravelandmore.com\/fr\/tours\/portugal-fr\/porto-fr\/toutes-les-visites-et-activites-privees\/transfert-de-porto-a-lisbonne-avec-jusqua-3-arrets-aveiro-nazare-ou-fatima-obidos\/\",\"url\":\"https:\/\/tourtravelandmore.com\/fr\/tours\/portugal-fr\/porto-fr\/toutes-les-visites-et-activites-privees\/transfert-de-porto-a-lisbonne-avec-jusqua-3-arrets-aveiro-nazare-ou-fatima-obidos\/\",\"name\":\"\u27a1\ufe0f Transfert priv\u00e9 exclusif de Porto \u00e0 Lisbonne avec arr\u00eats personnalis\u00e9s | Tour Travel & More \u2705\",\"isPartOf\":{\"@id\":\"https:\/\/tourtravelandmore.com\/fr\/#website\"},\"primaryImageOfPage\":{\"@id\":\"https:\/\/tourtravelandmore.com\/fr\/tours\/portugal-fr\/porto-fr\/toutes-les-visites-et-activites-privees\/transfert-de-porto-a-lisbonne-avec-jusqua-3-arrets-aveiro-nazare-ou-fatima-obidos\/#primaryimage\"},\"image\":{\"@id\":\"https:\/\/tourtravelandmore.com\/fr\/tours\/portugal-fr\/porto-fr\/toutes-les-visites-et-activites-privees\/transfert-de-porto-a-lisbonne-avec-jusqua-3-arrets-aveiro-nazare-ou-fatima-obidos\/#primaryimage\"},\"thumbnailUrl\":\"https:\/\/tourtravelandmore.com\/wp-content\/uploads\/2023\/12\/image3-2.jpg\",\"datePublished\":\"2023-12-01T11:32:47+00:00\",\"dateModified\":\"2023-12-04T11:54:13+00:00\",\"description\":\"Faites l'exp\u00e9rience d'un voyage unique de Porto \u00e0 Lisbonne avec des arr\u00eats \u00e0 Aveiro, Nazar\u00e9\/F\u00e1tima et \u00d3bidos. Circuit priv\u00e9 personnalisable pour une exp\u00e9rience portugaise m\u00e9morable \u2705\",\"breadcrumb\":{\"@id\":\"https:\/\/tourtravelandmore.com\/fr\/tours\/portugal-fr\/porto-fr\/toutes-les-visites-et-activites-privees\/transfert-de-porto-a-lisbonne-avec-jusqua-3-arrets-aveiro-nazare-ou-fatima-obidos\/#breadcrumb\"},\"inLanguage\":\"fr-FR\",\"potentialAction\":[{\"@type\":\"ReadAction\",\"target\":[\"https:\/\/tourtravelandmore.com\/fr\/tours\/portugal-fr\/porto-fr\/toutes-les-visites-et-activites-privees\/transfert-de-porto-a-lisbonne-avec-jusqua-3-arrets-aveiro-nazare-ou-fatima-obidos\/\"]}]},{\"@type\":\"ImageObject\",\"inLanguage\":\"fr-FR\",\"@id\":\"https:\/\/tourtravelandmore.com\/fr\/tours\/portugal-fr\/porto-fr\/toutes-les-visites-et-activites-privees\/transfert-de-porto-a-lisbonne-avec-jusqua-3-arrets-aveiro-nazare-ou-fatima-obidos\/#primaryimage\",\"url\":\"https:\/\/tourtravelandmore.com\/wp-content\/uploads\/2023\/12\/image3-2.jpg\",\"contentUrl\":\"https:\/\/tourtravelandmore.com\/wp-content\/uploads\/2023\/12\/image3-2.jpg\",\"width\":950,\"height\":750},{\"@type\":\"BreadcrumbList\",\"@id\":\"https:\/\/tourtravelandmore.com\/fr\/tours\/portugal-fr\/porto-fr\/toutes-les-visites-et-activites-privees\/transfert-de-porto-a-lisbonne-avec-jusqua-3-arrets-aveiro-nazare-ou-fatima-obidos\/#breadcrumb\",\"itemListElement\":[{\"@type\":\"ListItem\",\"position\":1,\"name\":\"Home\",\"item\":\"https:\/\/tourtravelandmore.com\/fr\/\"},{\"@type\":\"ListItem\",\"position\":2,\"name\":\"Tours\",\"item\":\"https:\/\/tourtravelandmore.com\/fr\/tours\/\"},{\"@type\":\"ListItem\",\"position\":3,\"name\":\"Transfert de Porto \u00e0 Lisbonne avec jusqu&#8217;\u00e0 3 arr\u00eats (Aveiro, Nazar\u00e9 ou F\u00e1tima, \u00d3bidos)\"}]},{\"@type\":\"WebSite\",\"@id\":\"https:\/\/tourtravelandmore.com\/fr\/#website\",\"url\":\"https:\/\/tourtravelandmore.com\/fr\/\",\"name\":\"Tour Travel And More\",\"description\":\"Private sightseeing tours and luxury transfers in Spain\",\"publisher\":{\"@id\":\"https:\/\/tourtravelandmore.com\/fr\/#organization\"},\"potentialAction\":[{\"@type\":\"SearchAction\",\"target\":{\"@type\":\"EntryPoint\",\"urlTemplate\":\"https:\/\/tourtravelandmore.com\/fr\/?s={search_term_string}\"},\"query-input\":{\"@type\":\"PropertyValueSpecification\",\"valueRequired\":true,\"valueName\":\"search_term_string\"}}],\"inLanguage\":\"fr-FR\"},{\"@type\":\"Organization\",\"@id\":\"https:\/\/tourtravelandmore.com\/fr\/#organization\",\"name\":\"Tour Travel And More\",\"url\":\"https:\/\/tourtravelandmore.com\/fr\/\",\"logo\":{\"@type\":\"ImageObject\",\"inLanguage\":\"fr-FR\",\"@id\":\"https:\/\/tourtravelandmore.com\/fr\/#\/schema\/logo\/image\/\",\"url\":\"https:\/\/tourtravelandmore.com\/wp-content\/uploads\/2022\/12\/cropped-logo-cabecera-new.png\",\"contentUrl\":\"https:\/\/tourtravelandmore.com\/wp-content\/uploads\/2022\/12\/cropped-logo-cabecera-new.png\",\"width\":430,\"height\":61,\"caption\":\"Tour Travel And More\"},\"image\":{\"@id\":\"https:\/\/tourtravelandmore.com\/fr\/#\/schema\/logo\/image\/\"},\"sameAs\":[\"https:\/\/www.facebook.com\/tourtravelandmore\/\",\"https:\/\/x.com\/TourTravel_More\"]}]}<\/script>\n<!-- \/ Yoast SEO Premium plugin. -->","yoast_head_json":{"title":"\u27a1\ufe0f Transfert priv\u00e9 exclusif de Porto \u00e0 Lisbonne avec arr\u00eats personnalis\u00e9s | Tour Travel & More \u2705","description":"Faites l'exp\u00e9rience d'un voyage unique de Porto \u00e0 Lisbonne avec des arr\u00eats \u00e0 Aveiro, Nazar\u00e9\/F\u00e1tima et \u00d3bidos. Circuit priv\u00e9 personnalisable pour une exp\u00e9rience portugaise m\u00e9morable \u2705","robots":{"index":"index","follow":"follow","max-snippet":"max-snippet:-1","max-image-preview":"max-image-preview:large","max-video-preview":"max-video-preview:-1"},"canonical":"https:\/\/tourtravelandmore.com\/fr\/tours\/portugal-fr\/porto-fr\/toutes-les-visites-et-activites-privees\/transfert-de-porto-a-lisbonne-avec-jusqua-3-arrets-aveiro-nazare-ou-fatima-obidos\/","og_locale":"fr_FR","og_type":"article","og_title":"Transfert de Porto \u00e0 Lisbonne avec jusqu'\u00e0 3 arr\u00eats (Aveiro, Nazar\u00e9 ou F\u00e1tima, \u00d3bidos)","og_description":"Faites l'exp\u00e9rience d'un voyage unique de Porto \u00e0 Lisbonne avec des arr\u00eats \u00e0 Aveiro, Nazar\u00e9\/F\u00e1tima et \u00d3bidos. Circuit priv\u00e9 personnalisable pour une exp\u00e9rience portugaise m\u00e9morable \u2705","og_url":"https:\/\/tourtravelandmore.com\/fr\/tours\/portugal-fr\/porto-fr\/toutes-les-visites-et-activites-privees\/transfert-de-porto-a-lisbonne-avec-jusqua-3-arrets-aveiro-nazare-ou-fatima-obidos\/","og_site_name":"Tour Travel And More","article_publisher":"https:\/\/www.facebook.com\/tourtravelandmore\/","article_modified_time":"2023-12-04T11:54:13+00:00","og_image":[{"width":950,"height":750,"url":"https:\/\/tourtravelandmore.com\/wp-content\/uploads\/2023\/12\/image3-2.jpg","type":"image\/jpeg"}],"twitter_card":"summary_large_image","twitter_site":"@TourTravel_More","twitter_misc":{"Dur\u00e9e de lecture estim\u00e9e":"4 minutes"},"schema":{"@context":"https:\/\/schema.org","@graph":[{"@type":"WebPage","@id":"https:\/\/tourtravelandmore.com\/fr\/tours\/portugal-fr\/porto-fr\/toutes-les-visites-et-activites-privees\/transfert-de-porto-a-lisbonne-avec-jusqua-3-arrets-aveiro-nazare-ou-fatima-obidos\/","url":"https:\/\/tourtravelandmore.com\/fr\/tours\/portugal-fr\/porto-fr\/toutes-les-visites-et-activites-privees\/transfert-de-porto-a-lisbonne-avec-jusqua-3-arrets-aveiro-nazare-ou-fatima-obidos\/","name":"\u27a1\ufe0f Transfert priv\u00e9 exclusif de Porto \u00e0 Lisbonne avec arr\u00eats personnalis\u00e9s | Tour Travel & More \u2705","isPartOf":{"@id":"https:\/\/tourtravelandmore.com\/fr\/#website"},"primaryImageOfPage":{"@id":"https:\/\/tourtravelandmore.com\/fr\/tours\/portugal-fr\/porto-fr\/toutes-les-visites-et-activites-privees\/transfert-de-porto-a-lisbonne-avec-jusqua-3-arrets-aveiro-nazare-ou-fatima-obidos\/#primaryimage"},"image":{"@id":"https:\/\/tourtravelandmore.com\/fr\/tours\/portugal-fr\/porto-fr\/toutes-les-visites-et-activites-privees\/transfert-de-porto-a-lisbonne-avec-jusqua-3-arrets-aveiro-nazare-ou-fatima-obidos\/#primaryimage"},"thumbnailUrl":"https:\/\/tourtravelandmore.com\/wp-content\/uploads\/2023\/12\/image3-2.jpg","datePublished":"2023-12-01T11:32:47+00:00","dateModified":"2023-12-04T11:54:13+00:00","description":"Faites l'exp\u00e9rience d'un voyage unique de Porto \u00e0 Lisbonne avec des arr\u00eats \u00e0 Aveiro, Nazar\u00e9\/F\u00e1tima et \u00d3bidos. Circuit priv\u00e9 personnalisable pour une exp\u00e9rience portugaise m\u00e9morable \u2705","breadcrumb":{"@id":"https:\/\/tourtravelandmore.com\/fr\/tours\/portugal-fr\/porto-fr\/toutes-les-visites-et-activites-privees\/transfert-de-porto-a-lisbonne-avec-jusqua-3-arrets-aveiro-nazare-ou-fatima-obidos\/#breadcrumb"},"inLanguage":"fr-FR","potentialAction":[{"@type":"ReadAction","target":["https:\/\/tourtravelandmore.com\/fr\/tours\/portugal-fr\/porto-fr\/toutes-les-visites-et-activites-privees\/transfert-de-porto-a-lisbonne-avec-jusqua-3-arrets-aveiro-nazare-ou-fatima-obidos\/"]}]},{"@type":"ImageObject","inLanguage":"fr-FR","@id":"https:\/\/tourtravelandmore.com\/fr\/tours\/portugal-fr\/porto-fr\/toutes-les-visites-et-activites-privees\/transfert-de-porto-a-lisbonne-avec-jusqua-3-arrets-aveiro-nazare-ou-fatima-obidos\/#primaryimage","url":"https:\/\/tourtravelandmore.com\/wp-content\/uploads\/2023\/12\/image3-2.jpg","contentUrl":"https:\/\/tourtravelandmore.com\/wp-content\/uploads\/2023\/12\/image3-2.jpg","width":950,"height":750},{"@type":"BreadcrumbList","@id":"https:\/\/tourtravelandmore.com\/fr\/tours\/portugal-fr\/porto-fr\/toutes-les-visites-et-activites-privees\/transfert-de-porto-a-lisbonne-avec-jusqua-3-arrets-aveiro-nazare-ou-fatima-obidos\/#breadcrumb","itemListElement":[{"@type":"ListItem","position":1,"name":"Home","item":"https:\/\/tourtravelandmore.com\/fr\/"},{"@type":"ListItem","position":2,"name":"Tours","item":"https:\/\/tourtravelandmore.com\/fr\/tours\/"},{"@type":"ListItem","position":3,"name":"Transfert de Porto \u00e0 Lisbonne avec jusqu&#8217;\u00e0 3 arr\u00eats (Aveiro, Nazar\u00e9 ou F\u00e1tima, \u00d3bidos)"}]},{"@type":"WebSite","@id":"https:\/\/tourtravelandmore.com\/fr\/#website","url":"https:\/\/tourtravelandmore.com\/fr\/","name":"Tour Travel And More","description":"Private sightseeing tours and luxury transfers in Spain","publisher":{"@id":"https:\/\/tourtravelandmore.com\/fr\/#organization"},"potentialAction":[{"@type":"SearchAction","target":{"@type":"EntryPoint","urlTemplate":"https:\/\/tourtravelandmore.com\/fr\/?s={search_term_string}"},"query-input":{"@type":"PropertyValueSpecification","valueRequired":true,"valueName":"search_term_string"}}],"inLanguage":"fr-FR"},{"@type":"Organization","@id":"https:\/\/tourtravelandmore.com\/fr\/#organization","name":"Tour Travel And More","url":"https:\/\/tourtravelandmore.com\/fr\/","logo":{"@type":"ImageObject","inLanguage":"fr-FR","@id":"https:\/\/tourtravelandmore.com\/fr\/#\/schema\/logo\/image\/","url":"https:\/\/tourtravelandmore.com\/wp-content\/uploads\/2022\/12\/cropped-logo-cabecera-new.png","contentUrl":"https:\/\/tourtravelandmore.com\/wp-content\/uploads\/2022\/12\/cropped-logo-cabecera-new.png","width":430,"height":61,"caption":"Tour Travel And More"},"image":{"@id":"https:\/\/tourtravelandmore.com\/fr\/#\/schema\/logo\/image\/"},"sameAs":["https:\/\/www.facebook.com\/tourtravelandmore\/","https:\/\/x.com\/TourTravel_More"]}]}},"_links":{"self":[{"href":"https:\/\/tourtravelandmore.com\/fr\/wp-json\/wp\/v2\/product\/171318","targetHints":{"allow":["GET"]}}],"collection":[{"href":"https:\/\/tourtravelandmore.com\/fr\/wp-json\/wp\/v2\/product"}],"about":[{"href":"https:\/\/tourtravelandmore.com\/fr\/wp-json\/wp\/v2\/types\/product"}],"replies":[{"embeddable":true,"href":"https:\/\/tourtravelandmore.com\/fr\/wp-json\/wp\/v2\/comments?post=171318"}],"wp:featuredmedia":[{"embeddable":true,"href":"https:\/\/tourtravelandmore.com\/fr\/wp-json\/wp\/v2\/media\/171334"}],"wp:attachment":[{"href":"https:\/\/tourtravelandmore.com\/fr\/wp-json\/wp\/v2\/media?parent=171318"}],"wp:term":[{"taxonomy":"product_brand","embeddable":true,"href":"https:\/\/tourtravelandmore.com\/fr\/wp-json\/wp\/v2\/product_brand?post=171318"},{"taxonomy":"product_cat","embeddable":true,"href":"https:\/\/tourtravelandmore.com\/fr\/wp-json\/wp\/v2\/product_cat?post=171318"},{"taxonomy":"product_tag","embeddable":true,"href":"https:\/\/tourtravelandmore.com\/fr\/wp-json\/wp\/v2\/product_tag?post=171318"}],"curies":[{"name":"wp","href":"https:\/\/api.w.org\/{rel}","templated":true}]}}