{"id":171291,"date":"2023-12-01T12:09:01","date_gmt":"2023-12-01T11:09:04","guid":{"rendered":"https:\/\/tourtravelandmore.com\/?post_type=product&#038;p=171291"},"modified":"2023-12-04T12:40:34","modified_gmt":"2023-12-04T11:40:34","slug":"visite-privee-de-lisbonne-depuis-porto","status":"publish","type":"product","link":"https:\/\/tourtravelandmore.com\/fr\/tours\/portugal-fr\/porto-fr\/toutes-les-visites-et-activites-privees\/visite-privee-de-lisbonne-depuis-porto\/","title":{"rendered":"Visite priv\u00e9e de Lisbonne depuis Porto"},"content":{"rendered":"<h2><b>Visite priv\u00e9e de Lisbonne depuis Porto Description<\/b><\/h2>\n<p><span style=\"font-weight: 400;\">Embarquez pour un voyage captivant de 12 heures depuis la charmante ville de Porto jusqu&#8217;au c\u0153ur vibrant de la capitale du Portugal, Lisbonne. Cette visite priv\u00e9e, pr\u00e9sent\u00e9e par Tour Travel and More, offre une exploration intime des rues enchanteresses, de la riche histoire et de la culture anim\u00e9e de Lisbonne. En quittant Porto dans le confort d&#8217;une voiture de luxe, votre aventure \u00e0 travers les paysages \u00e9poustouflants du Portugal et dans sa capitale pleine d&#8217;\u00e2me commence.<\/span><\/p>\n<p><span style=\"font-weight: 400;\">\u00c0 votre arriv\u00e9e \u00e0 Lisbonne, ville connue pour ses sept collines et son m\u00e9lange exquis d&#8217;architecture traditionnelle et de culture contemporaine, votre guide personnel vous conduira dans une exploration de 4 heures. D\u00e9couvrez les quartiers fascinants de Lisbonne, chacun d\u00e9bordant d&#8217;un caract\u00e8re et d&#8217;histoires uniques. Du quartier historique de l&#8217;Alfama au quartier branch\u00e9 du Bairro Alto, Lisbonne se r\u00e9v\u00e8le non seulement comme une ville, mais aussi comme un livre d&#8217;histoires vivant.<\/span><\/p>\n<p><span style=\"font-weight: 400;\">Cette visite est une immersion au c\u0153ur de la culture, de l&#8217;histoire et du mode de vie portugais. En parcourant les rues pav\u00e9es de Lisbonne, vous d\u00e9couvrirez des joyaux cach\u00e9s, vous vous \u00e9merveillerez devant des panoramas \u00e9poustouflants et vous vous plongerez dans les r\u00e9cits l\u00e9gendaires de la ville. Le voyage est con\u00e7u pour \u00eatre plus qu&#8217;une simple visite touristique ; c&#8217;est une exp\u00e9rience \u00e9ducative et \u00e9motionnelle, adapt\u00e9e \u00e0 vos int\u00e9r\u00eats et \u00e0 votre rythme, qui vous garantit une journ\u00e9e remplie d&#8217;\u00e9merveillement et d&#8217;\u00e9tonnement.<\/span><\/p>\n<p><span style=\"font-weight: 400;\">Votre aventure \u00e0 Lisbonne s&#8217;\u00e9tend au-del\u00e0 des monuments, offrant une v\u00e9ritable connexion avec l&#8217;\u00e2me de la ville. D\u00e9couvrez l&#8217;\u00e9nergie vibrante des march\u00e9s anim\u00e9s de Lisbonne, o\u00f9 les couleurs et les ar\u00f4mes cr\u00e9ent une tapisserie de la vie locale. Alors que vous serpentez le long du front de mer, le Tage murmure des histoires d&#8217;explorateurs qui ont pris la mer depuis ces rives. Votre guide, avec sa connaissance approfondie et sa passion pour Lisbonne, veillera \u00e0 ce que chaque histoire, des traditions ancestrales aux merveilles modernes, soit vivement racont\u00e9e.<\/span><\/p>\n<h2><b>Visite priv\u00e9e de Lisbonne depuis Porto Points forts<\/b><\/h2>\n<ul>\n<li style=\"font-weight: 400;\" aria-level=\"1\"><b>Monast\u00e8re de Jeronimos : <\/b><span style=\"font-weight: 400;\">Class\u00e9 au patrimoine mondial de l&#8217;UNESCO, ce monast\u00e8re est un chef-d&#8217;\u0153uvre de l&#8217;architecture manu\u00e9line. Il t\u00e9moigne de l&#8217;\u00e2ge des d\u00e9couvertes au Portugal et refl\u00e8te la richesse et la puissance du Portugal au XVIe si\u00e8cle.<\/span><\/li>\n<li style=\"font-weight: 400;\" aria-level=\"1\"><b>Tour de Bel\u00e9m :<\/b><span style=\"font-weight: 400;\"> embl\u00e9matique du paysage de Lisbonne, la tour de Bel\u00e9m est un symbole des d\u00e9couvertes maritimes qui ont marqu\u00e9 l&#8217;histoire du Portugal. Son architecture unique et son importance historique en font une visite incontournable.<\/span><\/li>\n<li style=\"font-weight: 400;\" aria-level=\"1\"><b>Le quartier de l&#8217;Alfama :<\/b><span style=\"font-weight: 400;\"> Explorez le plus ancien quartier de Lisbonne, connu pour ses ruelles \u00e9troites, ses maisons traditionnelles de fado et son atmosph\u00e8re authentique du vieux Lisbonne. L&#8217;Alfama est un labyrinthe d&#8217;histoire et de culture qui offre des vues pittoresques \u00e0 chaque tournant.<\/span><\/li>\n<li style=\"font-weight: 400;\" aria-level=\"1\"><b>Bairro Alto et Chiado :<\/b><span style=\"font-weight: 400;\"> ces quartiers branch\u00e9s allient charme traditionnel et modernit\u00e9. Remplis de caf\u00e9s, de boutiques et de lieux culturels, ils offrent un aper\u00e7u de la vie urbaine contemporaine de Lisbonne.<\/span><\/li>\n<li style=\"font-weight: 400;\" aria-level=\"1\"><b>Praca do Comercio <\/b><span style=\"font-weight: 400;\">: Cette grande place, qui fait face au Tage, a \u00e9t\u00e9 le th\u00e9\u00e2tre d&#8217;\u00e9v\u00e9nements importants dans l&#8217;histoire du Portugal. Aujourd&#8217;hui, c&#8217;est un lieu populaire pour les habitants et les touristes, id\u00e9al pour profiter de l&#8217;atmosph\u00e8re vibrante de Lisbonne.<\/span><\/li>\n<li style=\"font-weight: 400;\" aria-level=\"1\"><b>La cath\u00e9drale de Lisbonne <\/b><span style=\"font-weight: 400;\">: Connue sous le nom de S\u00e9 de Lisboa, cette imposante cath\u00e9drale est un m\u00e9lange de styles architecturaux, refl\u00e9tant la diversit\u00e9 de l&#8217;histoire de la ville. Elle est le symbole de la r\u00e9silience et de la beaut\u00e9 de Lisbonne.<\/span><\/li>\n<\/ul>\n<p><span style=\"font-weight: 400;\">Pour ceux qui souhaitent d\u00e9couvrir davantage ce que Porto et ses environs ont \u00e0 offrir, Tour Travel and More propose un large \u00e9ventail de visites priv\u00e9es. Chaque visite est soigneusement con\u00e7ue pour offrir une exp\u00e9rience exclusive et enrichissante, mettant en valeur le meilleur de Porto et de ses environs. <\/span><a href=\"https:\/\/tourtravelandmore.com\/fr\/city\/portugal-fr\/porto-fr\/\"><span style=\"font-weight: 400;\">Explorez notre s\u00e9lection de circuits priv\u00e9s, notamment des circuits \u0153nologiques, des explorations historiques et des excursions panoramiques vers les joyaux cach\u00e9s du nord du Portugal. <\/span><\/a><span style=\"font-weight: 400;\">Contactez-nous pour cr\u00e9er votre itin\u00e9raire id\u00e9al et embarquez pour un voyage qui vous promettra des souvenirs inoubliables. Visitez Tour Travel and More pour plus d&#8217;informations et pour r\u00e9server votre prochaine aventure.<\/span><\/p>\n","protected":false},"excerpt":{"rendered":"<p><span style=\"font-weight: 400;\">Embarquez pour un circuit priv\u00e9 de 12 heures de Porto \u00e0 Lisbonne avec Tour Travel and More. Explorez les sites embl\u00e9matiques de Lisbonne tels que le monast\u00e8re de Jeronimos, la tour de Belem, l&#8217;Alfama, le Bairro Alto et bien d&#8217;autres encore gr\u00e2ce \u00e0 un guide comp\u00e9tent et \u00e0 un moyen de transport confortable. D\u00e9couvrez la riche histoire et la culture vibrante du Portugal au cours d&#8217;une journ\u00e9e remplie de d\u00e9couvertes.<\/span><\/p>\n","protected":false},"featured_media":171310,"comment_status":"open","ping_status":"closed","template":"","meta":{"_acf_changed":false},"product_brand":[],"product_cat":[4552,4551,3671],"product_tag":[],"class_list":{"0":"post-171291","1":"product","2":"type-product","3":"status-publish","4":"has-post-thumbnail","6":"product_cat-excursions-privees-dune-journee-fr-4","7":"product_cat-toutes-les-visites-et-activites-privees","8":"product_cat-porto-fr","10":"first","11":"instock","12":"shipping-taxable","13":"purchasable","14":"product-type-simple"},"acf":[],"yoast_head":"<!-- This site is optimized with the Yoast SEO Premium plugin v25.3.1 (Yoast SEO v25.3.1) - https:\/\/yoast.com\/wordpress\/plugins\/seo\/ -->\n<title>\u27a1\ufe0f D\u00e9couvrez les charmes de Lisbonne : Visite priv\u00e9e de 12 heures depuis Porto avec guide et voiture de luxe \u2705<\/title>\n<meta name=\"description\" content=\"Participez \u00e0 une visite priv\u00e9e de 12 heures de Porto \u00e0 Lisbonne, en explorant les sites embl\u00e9matiques avec un guide personnel. D\u00e9couvrez la capitale du Portugal dans le luxe et le confort. \u2705\" \/>\n<meta name=\"robots\" content=\"index, follow, max-snippet:-1, max-image-preview:large, max-video-preview:-1\" \/>\n<link rel=\"canonical\" href=\"https:\/\/tourtravelandmore.com\/fr\/tours\/portugal-fr\/porto-fr\/toutes-les-visites-et-activites-privees\/visite-privee-de-lisbonne-depuis-porto\/\" \/>\n<meta property=\"og:locale\" content=\"fr_FR\" \/>\n<meta property=\"og:type\" content=\"article\" \/>\n<meta property=\"og:title\" content=\"Visite priv\u00e9e de Lisbonne depuis Porto\" \/>\n<meta property=\"og:description\" content=\"Participez \u00e0 une visite priv\u00e9e de 12 heures de Porto \u00e0 Lisbonne, en explorant les sites embl\u00e9matiques avec un guide personnel. D\u00e9couvrez la capitale du Portugal dans le luxe et le confort. \u2705\" \/>\n<meta property=\"og:url\" content=\"https:\/\/tourtravelandmore.com\/fr\/tours\/portugal-fr\/porto-fr\/toutes-les-visites-et-activites-privees\/visite-privee-de-lisbonne-depuis-porto\/\" \/>\n<meta property=\"og:site_name\" content=\"Tour Travel And More\" \/>\n<meta property=\"article:publisher\" content=\"https:\/\/www.facebook.com\/tourtravelandmore\/\" \/>\n<meta property=\"article:modified_time\" content=\"2023-12-04T11:40:34+00:00\" \/>\n<meta property=\"og:image\" content=\"https:\/\/tourtravelandmore.com\/wp-content\/uploads\/2023\/12\/image4-1.jpg\" \/>\n\t<meta property=\"og:image:width\" content=\"950\" \/>\n\t<meta property=\"og:image:height\" content=\"750\" \/>\n\t<meta property=\"og:image:type\" content=\"image\/jpeg\" \/>\n<meta name=\"twitter:card\" content=\"summary_large_image\" \/>\n<meta name=\"twitter:site\" content=\"@TourTravel_More\" \/>\n<meta name=\"twitter:label1\" content=\"Dur\u00e9e de lecture estim\u00e9e\" \/>\n\t<meta name=\"twitter:data1\" content=\"3 minutes\" \/>\n<script type=\"application\/ld+json\" class=\"yoast-schema-graph\">{\"@context\":\"https:\/\/schema.org\",\"@graph\":[{\"@type\":\"WebPage\",\"@id\":\"https:\/\/tourtravelandmore.com\/fr\/tours\/portugal-fr\/porto-fr\/toutes-les-visites-et-activites-privees\/visite-privee-de-lisbonne-depuis-porto\/\",\"url\":\"https:\/\/tourtravelandmore.com\/fr\/tours\/portugal-fr\/porto-fr\/toutes-les-visites-et-activites-privees\/visite-privee-de-lisbonne-depuis-porto\/\",\"name\":\"\u27a1\ufe0f D\u00e9couvrez les charmes de Lisbonne : Visite priv\u00e9e de 12 heures depuis Porto avec guide et voiture de luxe \u2705\",\"isPartOf\":{\"@id\":\"https:\/\/tourtravelandmore.com\/fr\/#website\"},\"primaryImageOfPage\":{\"@id\":\"https:\/\/tourtravelandmore.com\/fr\/tours\/portugal-fr\/porto-fr\/toutes-les-visites-et-activites-privees\/visite-privee-de-lisbonne-depuis-porto\/#primaryimage\"},\"image\":{\"@id\":\"https:\/\/tourtravelandmore.com\/fr\/tours\/portugal-fr\/porto-fr\/toutes-les-visites-et-activites-privees\/visite-privee-de-lisbonne-depuis-porto\/#primaryimage\"},\"thumbnailUrl\":\"https:\/\/tourtravelandmore.com\/wp-content\/uploads\/2023\/12\/image4-1.jpg\",\"datePublished\":\"2023-12-01T11:09:04+00:00\",\"dateModified\":\"2023-12-04T11:40:34+00:00\",\"description\":\"Participez \u00e0 une visite priv\u00e9e de 12 heures de Porto \u00e0 Lisbonne, en explorant les sites embl\u00e9matiques avec un guide personnel. D\u00e9couvrez la capitale du Portugal dans le luxe et le confort. \u2705\",\"breadcrumb\":{\"@id\":\"https:\/\/tourtravelandmore.com\/fr\/tours\/portugal-fr\/porto-fr\/toutes-les-visites-et-activites-privees\/visite-privee-de-lisbonne-depuis-porto\/#breadcrumb\"},\"inLanguage\":\"fr-FR\",\"potentialAction\":[{\"@type\":\"ReadAction\",\"target\":[\"https:\/\/tourtravelandmore.com\/fr\/tours\/portugal-fr\/porto-fr\/toutes-les-visites-et-activites-privees\/visite-privee-de-lisbonne-depuis-porto\/\"]}]},{\"@type\":\"ImageObject\",\"inLanguage\":\"fr-FR\",\"@id\":\"https:\/\/tourtravelandmore.com\/fr\/tours\/portugal-fr\/porto-fr\/toutes-les-visites-et-activites-privees\/visite-privee-de-lisbonne-depuis-porto\/#primaryimage\",\"url\":\"https:\/\/tourtravelandmore.com\/wp-content\/uploads\/2023\/12\/image4-1.jpg\",\"contentUrl\":\"https:\/\/tourtravelandmore.com\/wp-content\/uploads\/2023\/12\/image4-1.jpg\",\"width\":950,\"height\":750},{\"@type\":\"BreadcrumbList\",\"@id\":\"https:\/\/tourtravelandmore.com\/fr\/tours\/portugal-fr\/porto-fr\/toutes-les-visites-et-activites-privees\/visite-privee-de-lisbonne-depuis-porto\/#breadcrumb\",\"itemListElement\":[{\"@type\":\"ListItem\",\"position\":1,\"name\":\"Home\",\"item\":\"https:\/\/tourtravelandmore.com\/fr\/\"},{\"@type\":\"ListItem\",\"position\":2,\"name\":\"Tours\",\"item\":\"https:\/\/tourtravelandmore.com\/fr\/tours\/\"},{\"@type\":\"ListItem\",\"position\":3,\"name\":\"Visite priv\u00e9e de Lisbonne depuis Porto\"}]},{\"@type\":\"WebSite\",\"@id\":\"https:\/\/tourtravelandmore.com\/fr\/#website\",\"url\":\"https:\/\/tourtravelandmore.com\/fr\/\",\"name\":\"Tour Travel And More\",\"description\":\"Private sightseeing tours and luxury transfers in Spain\",\"publisher\":{\"@id\":\"https:\/\/tourtravelandmore.com\/fr\/#organization\"},\"potentialAction\":[{\"@type\":\"SearchAction\",\"target\":{\"@type\":\"EntryPoint\",\"urlTemplate\":\"https:\/\/tourtravelandmore.com\/fr\/?s={search_term_string}\"},\"query-input\":{\"@type\":\"PropertyValueSpecification\",\"valueRequired\":true,\"valueName\":\"search_term_string\"}}],\"inLanguage\":\"fr-FR\"},{\"@type\":\"Organization\",\"@id\":\"https:\/\/tourtravelandmore.com\/fr\/#organization\",\"name\":\"Tour Travel And More\",\"url\":\"https:\/\/tourtravelandmore.com\/fr\/\",\"logo\":{\"@type\":\"ImageObject\",\"inLanguage\":\"fr-FR\",\"@id\":\"https:\/\/tourtravelandmore.com\/fr\/#\/schema\/logo\/image\/\",\"url\":\"https:\/\/tourtravelandmore.com\/wp-content\/uploads\/2022\/12\/cropped-logo-cabecera-new.png\",\"contentUrl\":\"https:\/\/tourtravelandmore.com\/wp-content\/uploads\/2022\/12\/cropped-logo-cabecera-new.png\",\"width\":430,\"height\":61,\"caption\":\"Tour Travel And More\"},\"image\":{\"@id\":\"https:\/\/tourtravelandmore.com\/fr\/#\/schema\/logo\/image\/\"},\"sameAs\":[\"https:\/\/www.facebook.com\/tourtravelandmore\/\",\"https:\/\/x.com\/TourTravel_More\"]}]}<\/script>\n<!-- \/ Yoast SEO Premium plugin. -->","yoast_head_json":{"title":"\u27a1\ufe0f D\u00e9couvrez les charmes de Lisbonne : Visite priv\u00e9e de 12 heures depuis Porto avec guide et voiture de luxe \u2705","description":"Participez \u00e0 une visite priv\u00e9e de 12 heures de Porto \u00e0 Lisbonne, en explorant les sites embl\u00e9matiques avec un guide personnel. D\u00e9couvrez la capitale du Portugal dans le luxe et le confort. \u2705","robots":{"index":"index","follow":"follow","max-snippet":"max-snippet:-1","max-image-preview":"max-image-preview:large","max-video-preview":"max-video-preview:-1"},"canonical":"https:\/\/tourtravelandmore.com\/fr\/tours\/portugal-fr\/porto-fr\/toutes-les-visites-et-activites-privees\/visite-privee-de-lisbonne-depuis-porto\/","og_locale":"fr_FR","og_type":"article","og_title":"Visite priv\u00e9e de Lisbonne depuis Porto","og_description":"Participez \u00e0 une visite priv\u00e9e de 12 heures de Porto \u00e0 Lisbonne, en explorant les sites embl\u00e9matiques avec un guide personnel. D\u00e9couvrez la capitale du Portugal dans le luxe et le confort. \u2705","og_url":"https:\/\/tourtravelandmore.com\/fr\/tours\/portugal-fr\/porto-fr\/toutes-les-visites-et-activites-privees\/visite-privee-de-lisbonne-depuis-porto\/","og_site_name":"Tour Travel And More","article_publisher":"https:\/\/www.facebook.com\/tourtravelandmore\/","article_modified_time":"2023-12-04T11:40:34+00:00","og_image":[{"width":950,"height":750,"url":"https:\/\/tourtravelandmore.com\/wp-content\/uploads\/2023\/12\/image4-1.jpg","type":"image\/jpeg"}],"twitter_card":"summary_large_image","twitter_site":"@TourTravel_More","twitter_misc":{"Dur\u00e9e de lecture estim\u00e9e":"3 minutes"},"schema":{"@context":"https:\/\/schema.org","@graph":[{"@type":"WebPage","@id":"https:\/\/tourtravelandmore.com\/fr\/tours\/portugal-fr\/porto-fr\/toutes-les-visites-et-activites-privees\/visite-privee-de-lisbonne-depuis-porto\/","url":"https:\/\/tourtravelandmore.com\/fr\/tours\/portugal-fr\/porto-fr\/toutes-les-visites-et-activites-privees\/visite-privee-de-lisbonne-depuis-porto\/","name":"\u27a1\ufe0f D\u00e9couvrez les charmes de Lisbonne : Visite priv\u00e9e de 12 heures depuis Porto avec guide et voiture de luxe \u2705","isPartOf":{"@id":"https:\/\/tourtravelandmore.com\/fr\/#website"},"primaryImageOfPage":{"@id":"https:\/\/tourtravelandmore.com\/fr\/tours\/portugal-fr\/porto-fr\/toutes-les-visites-et-activites-privees\/visite-privee-de-lisbonne-depuis-porto\/#primaryimage"},"image":{"@id":"https:\/\/tourtravelandmore.com\/fr\/tours\/portugal-fr\/porto-fr\/toutes-les-visites-et-activites-privees\/visite-privee-de-lisbonne-depuis-porto\/#primaryimage"},"thumbnailUrl":"https:\/\/tourtravelandmore.com\/wp-content\/uploads\/2023\/12\/image4-1.jpg","datePublished":"2023-12-01T11:09:04+00:00","dateModified":"2023-12-04T11:40:34+00:00","description":"Participez \u00e0 une visite priv\u00e9e de 12 heures de Porto \u00e0 Lisbonne, en explorant les sites embl\u00e9matiques avec un guide personnel. D\u00e9couvrez la capitale du Portugal dans le luxe et le confort. \u2705","breadcrumb":{"@id":"https:\/\/tourtravelandmore.com\/fr\/tours\/portugal-fr\/porto-fr\/toutes-les-visites-et-activites-privees\/visite-privee-de-lisbonne-depuis-porto\/#breadcrumb"},"inLanguage":"fr-FR","potentialAction":[{"@type":"ReadAction","target":["https:\/\/tourtravelandmore.com\/fr\/tours\/portugal-fr\/porto-fr\/toutes-les-visites-et-activites-privees\/visite-privee-de-lisbonne-depuis-porto\/"]}]},{"@type":"ImageObject","inLanguage":"fr-FR","@id":"https:\/\/tourtravelandmore.com\/fr\/tours\/portugal-fr\/porto-fr\/toutes-les-visites-et-activites-privees\/visite-privee-de-lisbonne-depuis-porto\/#primaryimage","url":"https:\/\/tourtravelandmore.com\/wp-content\/uploads\/2023\/12\/image4-1.jpg","contentUrl":"https:\/\/tourtravelandmore.com\/wp-content\/uploads\/2023\/12\/image4-1.jpg","width":950,"height":750},{"@type":"BreadcrumbList","@id":"https:\/\/tourtravelandmore.com\/fr\/tours\/portugal-fr\/porto-fr\/toutes-les-visites-et-activites-privees\/visite-privee-de-lisbonne-depuis-porto\/#breadcrumb","itemListElement":[{"@type":"ListItem","position":1,"name":"Home","item":"https:\/\/tourtravelandmore.com\/fr\/"},{"@type":"ListItem","position":2,"name":"Tours","item":"https:\/\/tourtravelandmore.com\/fr\/tours\/"},{"@type":"ListItem","position":3,"name":"Visite priv\u00e9e de Lisbonne depuis Porto"}]},{"@type":"WebSite","@id":"https:\/\/tourtravelandmore.com\/fr\/#website","url":"https:\/\/tourtravelandmore.com\/fr\/","name":"Tour Travel And More","description":"Private sightseeing tours and luxury transfers in Spain","publisher":{"@id":"https:\/\/tourtravelandmore.com\/fr\/#organization"},"potentialAction":[{"@type":"SearchAction","target":{"@type":"EntryPoint","urlTemplate":"https:\/\/tourtravelandmore.com\/fr\/?s={search_term_string}"},"query-input":{"@type":"PropertyValueSpecification","valueRequired":true,"valueName":"search_term_string"}}],"inLanguage":"fr-FR"},{"@type":"Organization","@id":"https:\/\/tourtravelandmore.com\/fr\/#organization","name":"Tour Travel And More","url":"https:\/\/tourtravelandmore.com\/fr\/","logo":{"@type":"ImageObject","inLanguage":"fr-FR","@id":"https:\/\/tourtravelandmore.com\/fr\/#\/schema\/logo\/image\/","url":"https:\/\/tourtravelandmore.com\/wp-content\/uploads\/2022\/12\/cropped-logo-cabecera-new.png","contentUrl":"https:\/\/tourtravelandmore.com\/wp-content\/uploads\/2022\/12\/cropped-logo-cabecera-new.png","width":430,"height":61,"caption":"Tour Travel And More"},"image":{"@id":"https:\/\/tourtravelandmore.com\/fr\/#\/schema\/logo\/image\/"},"sameAs":["https:\/\/www.facebook.com\/tourtravelandmore\/","https:\/\/x.com\/TourTravel_More"]}]}},"_links":{"self":[{"href":"https:\/\/tourtravelandmore.com\/fr\/wp-json\/wp\/v2\/product\/171291","targetHints":{"allow":["GET"]}}],"collection":[{"href":"https:\/\/tourtravelandmore.com\/fr\/wp-json\/wp\/v2\/product"}],"about":[{"href":"https:\/\/tourtravelandmore.com\/fr\/wp-json\/wp\/v2\/types\/product"}],"replies":[{"embeddable":true,"href":"https:\/\/tourtravelandmore.com\/fr\/wp-json\/wp\/v2\/comments?post=171291"}],"wp:featuredmedia":[{"embeddable":true,"href":"https:\/\/tourtravelandmore.com\/fr\/wp-json\/wp\/v2\/media\/171310"}],"wp:attachment":[{"href":"https:\/\/tourtravelandmore.com\/fr\/wp-json\/wp\/v2\/media?parent=171291"}],"wp:term":[{"taxonomy":"product_brand","embeddable":true,"href":"https:\/\/tourtravelandmore.com\/fr\/wp-json\/wp\/v2\/product_brand?post=171291"},{"taxonomy":"product_cat","embeddable":true,"href":"https:\/\/tourtravelandmore.com\/fr\/wp-json\/wp\/v2\/product_cat?post=171291"},{"taxonomy":"product_tag","embeddable":true,"href":"https:\/\/tourtravelandmore.com\/fr\/wp-json\/wp\/v2\/product_tag?post=171291"}],"curies":[{"name":"wp","href":"https:\/\/api.w.org\/{rel}","templated":true}]}}