{"id":171264,"date":"2023-12-01T11:41:05","date_gmt":"2023-12-01T10:41:08","guid":{"rendered":"https:\/\/tourtravelandmore.com\/?post_type=product&#038;p=171264"},"modified":"2023-12-04T12:38:46","modified_gmt":"2023-12-04T11:38:46","slug":"visite-privee-des-principaux-monuments-de-porto","status":"publish","type":"product","link":"https:\/\/tourtravelandmore.com\/fr\/tours\/portugal-fr\/porto-fr\/toutes-les-visites-et-activites-privees\/visite-privee-des-principaux-monuments-de-porto\/","title":{"rendered":"Visite priv\u00e9e des &#8220;Principaux monuments&#8221; de Porto"},"content":{"rendered":"<h2><b>Visite priv\u00e9e des &#8220;principaux monuments&#8221; de Porto Description<\/b><\/h2>\n<p><span style=\"font-weight: 400;\">D\u00e9couvrez le c\u0153ur et l&#8217;\u00e2me de Porto d&#8217;une mani\u00e8re exclusive et enrichissante gr\u00e2ce \u00e0 notre visite priv\u00e9e sp\u00e9cialement con\u00e7ue. Ce voyage de 4 heures, men\u00e9 par un guide local comp\u00e9tent et facilit\u00e9 par une voiture priv\u00e9e confortable, est le moyen id\u00e9al pour d\u00e9couvrir les sites les plus importants de Porto. Notre visite comprend des billets d&#8217;acc\u00e8s prioritaire au Palacio de la Bolsa et \u00e0 la c\u00e9l\u00e8bre Livraria Lello, ce qui vous garantit une exp\u00e9rience immersive et sans tracas.<\/span><\/p>\n<p><span style=\"font-weight: 400;\">Votre aventure commence dans l&#8217;atmosph\u00e8re vibrante de Porto, o\u00f9 chaque coin de rue raconte une histoire de tradition, de culture et d&#8217;art. En traversant la ville \u00e0 bord de notre v\u00e9hicule de luxe, vous ressentirez l&#8217;essence de la riche histoire de Porto. La visite est m\u00e9ticuleusement planifi\u00e9e pour couvrir toutes les attractions majeures tout en vous laissant suffisamment de temps pour absorber et savourer chaque exp\u00e9rience. Des rues historiques \u00e0 la grandeur des b\u00e2timents embl\u00e9matiques, chaque moment de cette visite est con\u00e7u pour captiver vos sens et vous laisser avec une profonde appr\u00e9ciation de cette belle ville.<\/span><\/p>\n<p><span style=\"font-weight: 400;\">La commodit\u00e9 d&#8217;une voiture priv\u00e9e permet un voyage confortable, tandis que notre guide exp\u00e9riment\u00e9 partage des id\u00e9es et des anecdotes, donnant vie \u00e0 l&#8217;histoire de Porto. Que vous soyez un amateur d&#8217;art, un passionn\u00e9 d&#8217;histoire ou que vous cherchiez simplement \u00e0 profiter du meilleur de Porto, cette visite promet d&#8217;\u00eatre une exp\u00e9rience m\u00e9morable et personnalis\u00e9e.<\/span><\/p>\n<h2><b>Visite priv\u00e9e des &#8220;principaux monuments&#8221; de Porto Points d&#8217;int\u00e9r\u00eat<\/b><\/h2>\n<ul>\n<li style=\"font-weight: 400;\" aria-level=\"1\"><b>Palais de la Bolsa <\/b><span style=\"font-weight: 400;\">: Souvent consid\u00e9r\u00e9 comme un joyau de l&#8217;architecture portugaise du XIXe si\u00e8cle, le Palacio de la Bolsa est c\u00e9l\u00e8bre pour son exquise fa\u00e7ade n\u00e9oclassique et ses int\u00e9rieurs orn\u00e9s. Ancienne bourse, il symbolise la r\u00e9ussite commerciale de Porto. \u00c0 l&#8217;int\u00e9rieur, vous serez impressionn\u00e9 par la salle arabe, un espace somptueux inspir\u00e9 des motifs mauresques, refl\u00e9tant les influences mondiales qui ont fa\u00e7onn\u00e9 Porto. Ce palais n&#8217;est pas un simple b\u00e2timent, c&#8217;est une c\u00e9l\u00e9bration de l&#8217;histoire, de l&#8217;architecture et du patrimoine \u00e9conomique de la ville.<\/span><\/li>\n<li style=\"font-weight: 400;\" aria-level=\"1\"><b>Livraria Lello :<\/b><span style=\"font-weight: 400;\"> Connue comme l&#8217;une des plus belles librairies du monde, Livraria Lello est une merveille de l&#8217;art nouveau. Avec son superbe escalier, son plafond en vitrail et ses \u00e9tag\u00e8res remplies de livres, c&#8217;est un paradis pour les amoureux des livres et un havre d&#8217;inspiration. On dit qu&#8217;elle a influenc\u00e9 Harry Potter de J.K. Rowling. Cette librairie est bien plus qu&#8217;un simple magasin, c&#8217;est un lieu culturel o\u00f9 la litt\u00e9rature, l&#8217;art et l&#8217;histoire se rejoignent.<\/span><\/li>\n<li style=\"font-weight: 400;\" aria-level=\"1\"><b>Tour Cl\u00e9rigos <\/b><span style=\"font-weight: 400;\">: cette tour baroque embl\u00e9matique, qui fait partie de l&#8217;\u00e9glise Cl\u00e9rigos, offre l&#8217;une des vues les plus \u00e9poustouflantes de Porto. En gravissant ses 225 marches, on acc\u00e8de \u00e0 une vue panoramique qui englobe toute la ville. L&#8217;importance historique de la tour et son r\u00f4le dans la ligne d&#8217;horizon de la ville en font une visite incontournable. Ce n&#8217;est pas seulement un point de vue, c&#8217;est un voyage \u00e0 travers l&#8217;histoire de Porto, qui offre une perspective unique sur la ville.<\/span><\/li>\n<li style=\"font-weight: 400;\" aria-level=\"1\"><b>Gare ferroviaire de S\u00e3o Bento :<\/b><span style=\"font-weight: 400;\"> Consid\u00e9r\u00e9e comme l&#8217;une des plus belles gares du monde, la gare de S\u00e3o Bento est r\u00e9put\u00e9e pour ses panneaux de carreaux azulejo (c\u00e9ramique bleue et blanche) qui ornent ses murs. Ces carreaux repr\u00e9sentent diverses sc\u00e8nes historiques et culturelles du Portugal et offrent un aper\u00e7u vivant du pass\u00e9 de la nation. La gare est plus qu&#8217;un centre de transport, c&#8217;est une galerie vivante de l&#8217;histoire et de l&#8217;art portugais.<\/span><\/li>\n<li style=\"font-weight: 400;\" aria-level=\"1\"><b>Quartier de la Ribeira <\/b><span style=\"font-weight: 400;\">: Promenez-vous dans la Ribeira, le quartier historique de Porto. Ce site class\u00e9 au patrimoine mondial de l&#8217;UNESCO est un tableau color\u00e9 de vieilles maisons, de rues sinueuses et de caf\u00e9s et restaurants anim\u00e9s. Ce quartier t\u00e9moigne de l&#8217;h\u00e9ritage de Porto en tant que port de p\u00eache et de commerce, o\u00f9 chaque ruelle et chaque b\u00e2timent ont une histoire \u00e0 raconter. C&#8217;est l&#8217;endroit id\u00e9al pour d\u00e9couvrir l&#8217;ambiance locale et savourer la cuisine portugaise traditionnelle.<\/span><\/li>\n<\/ul>\n<p><span style=\"font-weight: 400;\">D\u00e9couvrez les merveilles de Porto avec Tour Travel and More. Des rues historiques aux chefs-d&#8217;\u0153uvre architecturaux, nos visites priv\u00e9es offrent une exp\u00e9rience in\u00e9gal\u00e9e de la ville. Que vous cherchiez \u00e0 explorer les joyaux cach\u00e9s ou \u00e0 admirer la grandeur de ses c\u00e9l\u00e8bres monuments, nous avons le circuit id\u00e9al pour vous. <\/span><a href=\"https:\/\/tourtravelandmore.com\/fr\/city\/portugal-fr\/porto-fr\/\"><span style=\"font-weight: 400;\">Visitez Tour Travel and More pour d\u00e9couvrir notre large gamme de visites priv\u00e9es \u00e0 Porto et laissez-nous rendre votre voyage inoubliable.<\/span><\/a><\/p>\n","protected":false},"excerpt":{"rendered":"<p><span style=\"font-weight: 400;\">Rejoignez-nous pour une visite priv\u00e9e de 4 heures des principaux monuments de Porto, y compris le Palacio de la Bolsa et la Livraria Lello, avec un acc\u00e8s exclusif. D\u00e9couvrez la riche histoire de la ville et ses sites culturels dans le confort d&#8217;une voiture priv\u00e9e, guid\u00e9e par notre expert local.<\/span><\/p>\n","protected":false},"featured_media":171283,"comment_status":"open","ping_status":"closed","template":"","meta":{"_acf_changed":false},"product_brand":[],"product_cat":[4551,4553,3671],"product_tag":[],"class_list":{"0":"post-171264","1":"product","2":"type-product","3":"status-publish","4":"has-post-thumbnail","6":"product_cat-toutes-les-visites-et-activites-privees","7":"product_cat-visites-guidees-privees-fr-7","8":"product_cat-porto-fr","10":"first","11":"instock","12":"shipping-taxable","13":"purchasable","14":"product-type-simple"},"acf":[],"yoast_head":"<!-- This site is optimized with the Yoast SEO Premium plugin v25.3.1 (Yoast SEO v25.3.1) - https:\/\/yoast.com\/wordpress\/plugins\/seo\/ -->\n<title>\u27a1\ufe0f Explorez les sites c\u00e9l\u00e8bres de Porto lors d&#039;une visite priv\u00e9e avec Tour Travel and More \u2705<\/title>\n<meta name=\"description\" content=\"D\u00e9couvrez le Palacio de la Bolsa et la Livraria Lello de Porto lors d&#039;une visite priv\u00e9e de 4 heures avec un acc\u00e8s exclusif. Plongez dans l&#039;histoire de la ville avec Tour Travel and More. \u2705\" \/>\n<meta name=\"robots\" content=\"index, follow, max-snippet:-1, max-image-preview:large, max-video-preview:-1\" \/>\n<link rel=\"canonical\" href=\"https:\/\/tourtravelandmore.com\/fr\/tours\/portugal-fr\/porto-fr\/toutes-les-visites-et-activites-privees\/visite-privee-des-principaux-monuments-de-porto\/\" \/>\n<meta property=\"og:locale\" content=\"fr_FR\" \/>\n<meta property=\"og:type\" content=\"article\" \/>\n<meta property=\"og:title\" content=\"Visite priv\u00e9e des &quot;Principaux monuments&quot; de Porto\" \/>\n<meta property=\"og:description\" content=\"D\u00e9couvrez le Palacio de la Bolsa et la Livraria Lello de Porto lors d&#039;une visite priv\u00e9e de 4 heures avec un acc\u00e8s exclusif. Plongez dans l&#039;histoire de la ville avec Tour Travel and More. \u2705\" \/>\n<meta property=\"og:url\" content=\"https:\/\/tourtravelandmore.com\/fr\/tours\/portugal-fr\/porto-fr\/toutes-les-visites-et-activites-privees\/visite-privee-des-principaux-monuments-de-porto\/\" \/>\n<meta property=\"og:site_name\" content=\"Tour Travel And More\" \/>\n<meta property=\"article:publisher\" content=\"https:\/\/www.facebook.com\/tourtravelandmore\/\" \/>\n<meta property=\"article:modified_time\" content=\"2023-12-04T11:38:46+00:00\" \/>\n<meta property=\"og:image\" content=\"https:\/\/tourtravelandmore.com\/wp-content\/uploads\/2023\/12\/image4.jpg\" \/>\n\t<meta property=\"og:image:width\" content=\"950\" \/>\n\t<meta property=\"og:image:height\" content=\"750\" \/>\n\t<meta property=\"og:image:type\" content=\"image\/jpeg\" \/>\n<meta name=\"twitter:card\" content=\"summary_large_image\" \/>\n<meta name=\"twitter:site\" content=\"@TourTravel_More\" \/>\n<meta name=\"twitter:label1\" content=\"Dur\u00e9e de lecture estim\u00e9e\" \/>\n\t<meta name=\"twitter:data1\" content=\"4 minutes\" \/>\n<script type=\"application\/ld+json\" class=\"yoast-schema-graph\">{\"@context\":\"https:\/\/schema.org\",\"@graph\":[{\"@type\":\"WebPage\",\"@id\":\"https:\/\/tourtravelandmore.com\/fr\/tours\/portugal-fr\/porto-fr\/toutes-les-visites-et-activites-privees\/visite-privee-des-principaux-monuments-de-porto\/\",\"url\":\"https:\/\/tourtravelandmore.com\/fr\/tours\/portugal-fr\/porto-fr\/toutes-les-visites-et-activites-privees\/visite-privee-des-principaux-monuments-de-porto\/\",\"name\":\"\u27a1\ufe0f Explorez les sites c\u00e9l\u00e8bres de Porto lors d'une visite priv\u00e9e avec Tour Travel and More \u2705\",\"isPartOf\":{\"@id\":\"https:\/\/tourtravelandmore.com\/fr\/#website\"},\"primaryImageOfPage\":{\"@id\":\"https:\/\/tourtravelandmore.com\/fr\/tours\/portugal-fr\/porto-fr\/toutes-les-visites-et-activites-privees\/visite-privee-des-principaux-monuments-de-porto\/#primaryimage\"},\"image\":{\"@id\":\"https:\/\/tourtravelandmore.com\/fr\/tours\/portugal-fr\/porto-fr\/toutes-les-visites-et-activites-privees\/visite-privee-des-principaux-monuments-de-porto\/#primaryimage\"},\"thumbnailUrl\":\"https:\/\/tourtravelandmore.com\/wp-content\/uploads\/2023\/12\/image4.jpg\",\"datePublished\":\"2023-12-01T10:41:08+00:00\",\"dateModified\":\"2023-12-04T11:38:46+00:00\",\"description\":\"D\u00e9couvrez le Palacio de la Bolsa et la Livraria Lello de Porto lors d'une visite priv\u00e9e de 4 heures avec un acc\u00e8s exclusif. Plongez dans l'histoire de la ville avec Tour Travel and More. \u2705\",\"breadcrumb\":{\"@id\":\"https:\/\/tourtravelandmore.com\/fr\/tours\/portugal-fr\/porto-fr\/toutes-les-visites-et-activites-privees\/visite-privee-des-principaux-monuments-de-porto\/#breadcrumb\"},\"inLanguage\":\"fr-FR\",\"potentialAction\":[{\"@type\":\"ReadAction\",\"target\":[\"https:\/\/tourtravelandmore.com\/fr\/tours\/portugal-fr\/porto-fr\/toutes-les-visites-et-activites-privees\/visite-privee-des-principaux-monuments-de-porto\/\"]}]},{\"@type\":\"ImageObject\",\"inLanguage\":\"fr-FR\",\"@id\":\"https:\/\/tourtravelandmore.com\/fr\/tours\/portugal-fr\/porto-fr\/toutes-les-visites-et-activites-privees\/visite-privee-des-principaux-monuments-de-porto\/#primaryimage\",\"url\":\"https:\/\/tourtravelandmore.com\/wp-content\/uploads\/2023\/12\/image4.jpg\",\"contentUrl\":\"https:\/\/tourtravelandmore.com\/wp-content\/uploads\/2023\/12\/image4.jpg\",\"width\":950,\"height\":750},{\"@type\":\"BreadcrumbList\",\"@id\":\"https:\/\/tourtravelandmore.com\/fr\/tours\/portugal-fr\/porto-fr\/toutes-les-visites-et-activites-privees\/visite-privee-des-principaux-monuments-de-porto\/#breadcrumb\",\"itemListElement\":[{\"@type\":\"ListItem\",\"position\":1,\"name\":\"Home\",\"item\":\"https:\/\/tourtravelandmore.com\/fr\/\"},{\"@type\":\"ListItem\",\"position\":2,\"name\":\"Tours\",\"item\":\"https:\/\/tourtravelandmore.com\/fr\/tours\/\"},{\"@type\":\"ListItem\",\"position\":3,\"name\":\"Visite priv\u00e9e des &#8220;Principaux monuments&#8221; de Porto\"}]},{\"@type\":\"WebSite\",\"@id\":\"https:\/\/tourtravelandmore.com\/fr\/#website\",\"url\":\"https:\/\/tourtravelandmore.com\/fr\/\",\"name\":\"Tour Travel And More\",\"description\":\"Private sightseeing tours and luxury transfers in Spain\",\"publisher\":{\"@id\":\"https:\/\/tourtravelandmore.com\/fr\/#organization\"},\"potentialAction\":[{\"@type\":\"SearchAction\",\"target\":{\"@type\":\"EntryPoint\",\"urlTemplate\":\"https:\/\/tourtravelandmore.com\/fr\/?s={search_term_string}\"},\"query-input\":{\"@type\":\"PropertyValueSpecification\",\"valueRequired\":true,\"valueName\":\"search_term_string\"}}],\"inLanguage\":\"fr-FR\"},{\"@type\":\"Organization\",\"@id\":\"https:\/\/tourtravelandmore.com\/fr\/#organization\",\"name\":\"Tour Travel And More\",\"url\":\"https:\/\/tourtravelandmore.com\/fr\/\",\"logo\":{\"@type\":\"ImageObject\",\"inLanguage\":\"fr-FR\",\"@id\":\"https:\/\/tourtravelandmore.com\/fr\/#\/schema\/logo\/image\/\",\"url\":\"https:\/\/tourtravelandmore.com\/wp-content\/uploads\/2022\/12\/cropped-logo-cabecera-new.png\",\"contentUrl\":\"https:\/\/tourtravelandmore.com\/wp-content\/uploads\/2022\/12\/cropped-logo-cabecera-new.png\",\"width\":430,\"height\":61,\"caption\":\"Tour Travel And More\"},\"image\":{\"@id\":\"https:\/\/tourtravelandmore.com\/fr\/#\/schema\/logo\/image\/\"},\"sameAs\":[\"https:\/\/www.facebook.com\/tourtravelandmore\/\",\"https:\/\/x.com\/TourTravel_More\"]}]}<\/script>\n<!-- \/ Yoast SEO Premium plugin. -->","yoast_head_json":{"title":"\u27a1\ufe0f Explorez les sites c\u00e9l\u00e8bres de Porto lors d'une visite priv\u00e9e avec Tour Travel and More \u2705","description":"D\u00e9couvrez le Palacio de la Bolsa et la Livraria Lello de Porto lors d'une visite priv\u00e9e de 4 heures avec un acc\u00e8s exclusif. Plongez dans l'histoire de la ville avec Tour Travel and More. \u2705","robots":{"index":"index","follow":"follow","max-snippet":"max-snippet:-1","max-image-preview":"max-image-preview:large","max-video-preview":"max-video-preview:-1"},"canonical":"https:\/\/tourtravelandmore.com\/fr\/tours\/portugal-fr\/porto-fr\/toutes-les-visites-et-activites-privees\/visite-privee-des-principaux-monuments-de-porto\/","og_locale":"fr_FR","og_type":"article","og_title":"Visite priv\u00e9e des \"Principaux monuments\" de Porto","og_description":"D\u00e9couvrez le Palacio de la Bolsa et la Livraria Lello de Porto lors d'une visite priv\u00e9e de 4 heures avec un acc\u00e8s exclusif. Plongez dans l'histoire de la ville avec Tour Travel and More. \u2705","og_url":"https:\/\/tourtravelandmore.com\/fr\/tours\/portugal-fr\/porto-fr\/toutes-les-visites-et-activites-privees\/visite-privee-des-principaux-monuments-de-porto\/","og_site_name":"Tour Travel And More","article_publisher":"https:\/\/www.facebook.com\/tourtravelandmore\/","article_modified_time":"2023-12-04T11:38:46+00:00","og_image":[{"width":950,"height":750,"url":"https:\/\/tourtravelandmore.com\/wp-content\/uploads\/2023\/12\/image4.jpg","type":"image\/jpeg"}],"twitter_card":"summary_large_image","twitter_site":"@TourTravel_More","twitter_misc":{"Dur\u00e9e de lecture estim\u00e9e":"4 minutes"},"schema":{"@context":"https:\/\/schema.org","@graph":[{"@type":"WebPage","@id":"https:\/\/tourtravelandmore.com\/fr\/tours\/portugal-fr\/porto-fr\/toutes-les-visites-et-activites-privees\/visite-privee-des-principaux-monuments-de-porto\/","url":"https:\/\/tourtravelandmore.com\/fr\/tours\/portugal-fr\/porto-fr\/toutes-les-visites-et-activites-privees\/visite-privee-des-principaux-monuments-de-porto\/","name":"\u27a1\ufe0f Explorez les sites c\u00e9l\u00e8bres de Porto lors d'une visite priv\u00e9e avec Tour Travel and More \u2705","isPartOf":{"@id":"https:\/\/tourtravelandmore.com\/fr\/#website"},"primaryImageOfPage":{"@id":"https:\/\/tourtravelandmore.com\/fr\/tours\/portugal-fr\/porto-fr\/toutes-les-visites-et-activites-privees\/visite-privee-des-principaux-monuments-de-porto\/#primaryimage"},"image":{"@id":"https:\/\/tourtravelandmore.com\/fr\/tours\/portugal-fr\/porto-fr\/toutes-les-visites-et-activites-privees\/visite-privee-des-principaux-monuments-de-porto\/#primaryimage"},"thumbnailUrl":"https:\/\/tourtravelandmore.com\/wp-content\/uploads\/2023\/12\/image4.jpg","datePublished":"2023-12-01T10:41:08+00:00","dateModified":"2023-12-04T11:38:46+00:00","description":"D\u00e9couvrez le Palacio de la Bolsa et la Livraria Lello de Porto lors d'une visite priv\u00e9e de 4 heures avec un acc\u00e8s exclusif. Plongez dans l'histoire de la ville avec Tour Travel and More. \u2705","breadcrumb":{"@id":"https:\/\/tourtravelandmore.com\/fr\/tours\/portugal-fr\/porto-fr\/toutes-les-visites-et-activites-privees\/visite-privee-des-principaux-monuments-de-porto\/#breadcrumb"},"inLanguage":"fr-FR","potentialAction":[{"@type":"ReadAction","target":["https:\/\/tourtravelandmore.com\/fr\/tours\/portugal-fr\/porto-fr\/toutes-les-visites-et-activites-privees\/visite-privee-des-principaux-monuments-de-porto\/"]}]},{"@type":"ImageObject","inLanguage":"fr-FR","@id":"https:\/\/tourtravelandmore.com\/fr\/tours\/portugal-fr\/porto-fr\/toutes-les-visites-et-activites-privees\/visite-privee-des-principaux-monuments-de-porto\/#primaryimage","url":"https:\/\/tourtravelandmore.com\/wp-content\/uploads\/2023\/12\/image4.jpg","contentUrl":"https:\/\/tourtravelandmore.com\/wp-content\/uploads\/2023\/12\/image4.jpg","width":950,"height":750},{"@type":"BreadcrumbList","@id":"https:\/\/tourtravelandmore.com\/fr\/tours\/portugal-fr\/porto-fr\/toutes-les-visites-et-activites-privees\/visite-privee-des-principaux-monuments-de-porto\/#breadcrumb","itemListElement":[{"@type":"ListItem","position":1,"name":"Home","item":"https:\/\/tourtravelandmore.com\/fr\/"},{"@type":"ListItem","position":2,"name":"Tours","item":"https:\/\/tourtravelandmore.com\/fr\/tours\/"},{"@type":"ListItem","position":3,"name":"Visite priv\u00e9e des &#8220;Principaux monuments&#8221; de Porto"}]},{"@type":"WebSite","@id":"https:\/\/tourtravelandmore.com\/fr\/#website","url":"https:\/\/tourtravelandmore.com\/fr\/","name":"Tour Travel And More","description":"Private sightseeing tours and luxury transfers in Spain","publisher":{"@id":"https:\/\/tourtravelandmore.com\/fr\/#organization"},"potentialAction":[{"@type":"SearchAction","target":{"@type":"EntryPoint","urlTemplate":"https:\/\/tourtravelandmore.com\/fr\/?s={search_term_string}"},"query-input":{"@type":"PropertyValueSpecification","valueRequired":true,"valueName":"search_term_string"}}],"inLanguage":"fr-FR"},{"@type":"Organization","@id":"https:\/\/tourtravelandmore.com\/fr\/#organization","name":"Tour Travel And More","url":"https:\/\/tourtravelandmore.com\/fr\/","logo":{"@type":"ImageObject","inLanguage":"fr-FR","@id":"https:\/\/tourtravelandmore.com\/fr\/#\/schema\/logo\/image\/","url":"https:\/\/tourtravelandmore.com\/wp-content\/uploads\/2022\/12\/cropped-logo-cabecera-new.png","contentUrl":"https:\/\/tourtravelandmore.com\/wp-content\/uploads\/2022\/12\/cropped-logo-cabecera-new.png","width":430,"height":61,"caption":"Tour Travel And More"},"image":{"@id":"https:\/\/tourtravelandmore.com\/fr\/#\/schema\/logo\/image\/"},"sameAs":["https:\/\/www.facebook.com\/tourtravelandmore\/","https:\/\/x.com\/TourTravel_More"]}]}},"_links":{"self":[{"href":"https:\/\/tourtravelandmore.com\/fr\/wp-json\/wp\/v2\/product\/171264","targetHints":{"allow":["GET"]}}],"collection":[{"href":"https:\/\/tourtravelandmore.com\/fr\/wp-json\/wp\/v2\/product"}],"about":[{"href":"https:\/\/tourtravelandmore.com\/fr\/wp-json\/wp\/v2\/types\/product"}],"replies":[{"embeddable":true,"href":"https:\/\/tourtravelandmore.com\/fr\/wp-json\/wp\/v2\/comments?post=171264"}],"wp:featuredmedia":[{"embeddable":true,"href":"https:\/\/tourtravelandmore.com\/fr\/wp-json\/wp\/v2\/media\/171283"}],"wp:attachment":[{"href":"https:\/\/tourtravelandmore.com\/fr\/wp-json\/wp\/v2\/media?parent=171264"}],"wp:term":[{"taxonomy":"product_brand","embeddable":true,"href":"https:\/\/tourtravelandmore.com\/fr\/wp-json\/wp\/v2\/product_brand?post=171264"},{"taxonomy":"product_cat","embeddable":true,"href":"https:\/\/tourtravelandmore.com\/fr\/wp-json\/wp\/v2\/product_cat?post=171264"},{"taxonomy":"product_tag","embeddable":true,"href":"https:\/\/tourtravelandmore.com\/fr\/wp-json\/wp\/v2\/product_tag?post=171264"}],"curies":[{"name":"wp","href":"https:\/\/api.w.org\/{rel}","templated":true}]}}