{"id":171043,"date":"2023-11-15T20:53:41","date_gmt":"2023-11-15T19:53:43","guid":{"rendered":"https:\/\/tourtravelandmore.com\/?post_type=product&#038;p=171043"},"modified":"2023-11-15T21:08:57","modified_gmt":"2023-11-15T20:08:57","slug":"visite-privee-a-pied-dalcudia","status":"publish","type":"product","link":"https:\/\/tourtravelandmore.com\/fr\/tours\/espagne-fr\/mallorca-fr\/visite-privee-a-pied-dalcudia\/","title":{"rendered":"Visite priv\u00e9e \u00e0 pied d&#8217;Alc\u00fadia"},"content":{"rendered":"<h2>Description<\/h2>\n<p>Explorez la charmante ville d&#8217;Alc\u00fadia gr\u00e2ce \u00e0 notre promenade priv\u00e9e de 2 heures, con\u00e7ue pour vous immerger dans l&#8217;histoire, la culture et la beaut\u00e9 pittoresque de cette ville majorquine. Accompagn\u00e9 d&#8217;un guide expert, cette visite \u00e0 pied vous fera d\u00e9couvrir des rues pav\u00e9es, des places charmantes et des sites embl\u00e9matiques.<\/p>\n<p>Votre guide priv\u00e9 bilingue, qui conna\u00eet bien l&#8217;histoire et la culture de la r\u00e9gion, vous accompagnera tout au long de la visite, en vous donnant des conseils et en r\u00e9pondant \u00e0 toutes vos questions. Commencez votre aventure \u00e0 S\u00f3ller par un rendez-vous dans un point central de la ville, o\u00f9 vous serez accueilli par votre sympathique guide. Cet expert local vous emm\u00e8nera dans un voyage fascinant \u00e0 la d\u00e9couverte des secrets les mieux gard\u00e9s d&#8217;Alc\u00fadian.<\/p>\n<h2>Sites d&#8217;int\u00e9r\u00eat et monuments<\/h2>\n<p>Embarquez pour une promenade d\u00e9tendue et enrichissante dans les rues pav\u00e9es d&#8217;Alc\u00fadia. Admirez l&#8217;architecture ancienne, les fa\u00e7ades bien conserv\u00e9es et les coins et recoins qui rec\u00e8lent des histoires fascinantes, tout en vous impr\u00e9gnant de l&#8217;atmosph\u00e8re unique de la ville. Au cours de la visite, vous d\u00e9couvrirez des points d&#8217;int\u00e9r\u00eat remarquables tels que la porte de Xara et la muraille m\u00e9di\u00e9vale. L&#8217;\u00e9glise Sant Jaume et la Plaza Mayor feront \u00e9galement partie de votre exp\u00e9rience, vous donnant un aper\u00e7u complet de l&#8217;histoire et de l&#8217;importance d&#8217;Alc\u00fadia.<\/p>\n<p>Tout au long de la visite, vous vous immergerez dans la culture locale tandis que votre guide partagera avec vous des d\u00e9tails sur la vie quotidienne, les traditions et l&#8217;histoire d&#8217;Alc\u00fadia. Cette exp\u00e9rience vous permettra de d\u00e9couvrir l&#8217;authenticit\u00e9 de la r\u00e9gion. Profitez de l&#8217;occasion pour recevoir des recommandations de votre guide sur les restaurants locaux, les boutiques de charme et les autres lieux d&#8217;int\u00e9r\u00eat \u00e0 explorer par vous-m\u00eame apr\u00e8s la visite.<\/p>\n<p>L&#8217;excursion \u00e0 pied se termine par un au revoir au point de d\u00e9part, ce qui vous donne la possibilit\u00e9 de continuer \u00e0 explorer Alc\u00fadia par vous-m\u00eame ou de suivre les suggestions de votre guide.<\/p>\n<p>Cette visite priv\u00e9e \u00e0 pied d&#8217;Alc\u00fadia vous offre une exp\u00e9rience personnalis\u00e9e et enrichissante, vous permettant de d\u00e9couvrir l&#8217;essence historique de cette ville majorquine en peu de temps. Explorez Alc\u00fadia avec nous et laissez l&#8217;histoire prendre vie un pas apr\u00e8s l&#8217;autre !<\/p>\n<p>Consultez les autres circuits que nous proposons \u00e0 Majorque.<\/p>\n","protected":false},"excerpt":{"rendered":"<p>Explorez la charmante ville d&#8217;Alc\u00fadia gr\u00e2ce \u00e0 notre promenade priv\u00e9e de 2 heures, con\u00e7ue pour vous immerger dans l&#8217;histoire, la culture et la beaut\u00e9 pittoresque de cette ville majorquine. Accompagn\u00e9 d&#8217;un guide expert, cette visite \u00e0 pied vous fera d\u00e9couvrir des rues pav\u00e9es, des places charmantes et des sites embl\u00e9matiques.<\/p>\n","protected":false},"featured_media":171053,"comment_status":"open","ping_status":"closed","template":"","meta":{"_acf_changed":false},"product_brand":[],"product_cat":[4472,4474,3634],"product_tag":[],"class_list":{"0":"post-171043","1":"product","2":"type-product","3":"status-publish","4":"has-post-thumbnail","6":"product_cat-all-private-tours-activities-fr-23","7":"product_cat-private-sightseeing-tours-fr-25","8":"product_cat-mallorca-fr","10":"first","11":"instock","12":"shipping-taxable","13":"purchasable","14":"product-type-simple"},"acf":[],"yoast_head":"<!-- This site is optimized with the Yoast SEO Premium plugin v25.3.1 (Yoast SEO v25.3.1) - https:\/\/yoast.com\/wordpress\/plugins\/seo\/ -->\n<title>\u27a1\ufe0fVisite priv\u00e9e \u00e0 pied d&#039;Alc\u00fadia - TourTravel&amp;More<\/title>\n<meta name=\"description\" content=\"Visite priv\u00e9e \u00e0 pied d&#039;Alc\u00fadia. D\u00e9couvrez les sites les plus importants de l&#039;\u00eele avec votre guide officiel.\" \/>\n<meta name=\"robots\" content=\"index, follow, max-snippet:-1, max-image-preview:large, max-video-preview:-1\" \/>\n<link rel=\"canonical\" href=\"https:\/\/tourtravelandmore.com\/fr\/tours\/espagne-fr\/mallorca-fr\/visite-privee-a-pied-dalcudia\/\" \/>\n<meta property=\"og:locale\" content=\"fr_FR\" \/>\n<meta property=\"og:type\" content=\"article\" \/>\n<meta property=\"og:title\" content=\"Visite priv\u00e9e \u00e0 pied d&#039;Alc\u00fadia\" \/>\n<meta property=\"og:description\" content=\"Visite priv\u00e9e \u00e0 pied d&#039;Alc\u00fadia. D\u00e9couvrez les sites les plus importants de l&#039;\u00eele avec votre guide officiel.\" \/>\n<meta property=\"og:url\" content=\"https:\/\/tourtravelandmore.com\/fr\/tours\/espagne-fr\/mallorca-fr\/visite-privee-a-pied-dalcudia\/\" \/>\n<meta property=\"og:site_name\" content=\"Tour Travel And More\" \/>\n<meta property=\"article:publisher\" content=\"https:\/\/www.facebook.com\/tourtravelandmore\/\" \/>\n<meta property=\"article:modified_time\" content=\"2023-11-15T20:08:57+00:00\" \/>\n<meta property=\"og:image\" content=\"https:\/\/tourtravelandmore.com\/wp-content\/uploads\/2023\/11\/alcudia-557267_1280.jpg\" \/>\n\t<meta property=\"og:image:width\" content=\"1280\" \/>\n\t<meta property=\"og:image:height\" content=\"960\" \/>\n\t<meta property=\"og:image:type\" content=\"image\/jpeg\" \/>\n<meta name=\"twitter:card\" content=\"summary_large_image\" \/>\n<meta name=\"twitter:site\" content=\"@TourTravel_More\" \/>\n<meta name=\"twitter:label1\" content=\"Dur\u00e9e de lecture estim\u00e9e\" \/>\n\t<meta name=\"twitter:data1\" content=\"2 minutes\" \/>\n<script type=\"application\/ld+json\" class=\"yoast-schema-graph\">{\"@context\":\"https:\/\/schema.org\",\"@graph\":[{\"@type\":\"WebPage\",\"@id\":\"https:\/\/tourtravelandmore.com\/fr\/tours\/espagne-fr\/mallorca-fr\/visite-privee-a-pied-dalcudia\/\",\"url\":\"https:\/\/tourtravelandmore.com\/fr\/tours\/espagne-fr\/mallorca-fr\/visite-privee-a-pied-dalcudia\/\",\"name\":\"\u27a1\ufe0fVisite priv\u00e9e \u00e0 pied d'Alc\u00fadia - TourTravel&More\",\"isPartOf\":{\"@id\":\"https:\/\/tourtravelandmore.com\/fr\/#website\"},\"primaryImageOfPage\":{\"@id\":\"https:\/\/tourtravelandmore.com\/fr\/tours\/espagne-fr\/mallorca-fr\/visite-privee-a-pied-dalcudia\/#primaryimage\"},\"image\":{\"@id\":\"https:\/\/tourtravelandmore.com\/fr\/tours\/espagne-fr\/mallorca-fr\/visite-privee-a-pied-dalcudia\/#primaryimage\"},\"thumbnailUrl\":\"https:\/\/tourtravelandmore.com\/wp-content\/uploads\/2023\/11\/alcudia-557267_1280.jpg\",\"datePublished\":\"2023-11-15T19:53:43+00:00\",\"dateModified\":\"2023-11-15T20:08:57+00:00\",\"description\":\"Visite priv\u00e9e \u00e0 pied d'Alc\u00fadia. D\u00e9couvrez les sites les plus importants de l'\u00eele avec votre guide officiel.\",\"breadcrumb\":{\"@id\":\"https:\/\/tourtravelandmore.com\/fr\/tours\/espagne-fr\/mallorca-fr\/visite-privee-a-pied-dalcudia\/#breadcrumb\"},\"inLanguage\":\"fr-FR\",\"potentialAction\":[{\"@type\":\"ReadAction\",\"target\":[\"https:\/\/tourtravelandmore.com\/fr\/tours\/espagne-fr\/mallorca-fr\/visite-privee-a-pied-dalcudia\/\"]}]},{\"@type\":\"ImageObject\",\"inLanguage\":\"fr-FR\",\"@id\":\"https:\/\/tourtravelandmore.com\/fr\/tours\/espagne-fr\/mallorca-fr\/visite-privee-a-pied-dalcudia\/#primaryimage\",\"url\":\"https:\/\/tourtravelandmore.com\/wp-content\/uploads\/2023\/11\/alcudia-557267_1280.jpg\",\"contentUrl\":\"https:\/\/tourtravelandmore.com\/wp-content\/uploads\/2023\/11\/alcudia-557267_1280.jpg\",\"width\":1280,\"height\":960},{\"@type\":\"BreadcrumbList\",\"@id\":\"https:\/\/tourtravelandmore.com\/fr\/tours\/espagne-fr\/mallorca-fr\/visite-privee-a-pied-dalcudia\/#breadcrumb\",\"itemListElement\":[{\"@type\":\"ListItem\",\"position\":1,\"name\":\"Home\",\"item\":\"https:\/\/tourtravelandmore.com\/fr\/\"},{\"@type\":\"ListItem\",\"position\":2,\"name\":\"Tours\",\"item\":\"https:\/\/tourtravelandmore.com\/fr\/tours\/\"},{\"@type\":\"ListItem\",\"position\":3,\"name\":\"Visite priv\u00e9e \u00e0 pied d&#8217;Alc\u00fadia\"}]},{\"@type\":\"WebSite\",\"@id\":\"https:\/\/tourtravelandmore.com\/fr\/#website\",\"url\":\"https:\/\/tourtravelandmore.com\/fr\/\",\"name\":\"Tour Travel And More\",\"description\":\"Private sightseeing tours and luxury transfers in Spain\",\"publisher\":{\"@id\":\"https:\/\/tourtravelandmore.com\/fr\/#organization\"},\"potentialAction\":[{\"@type\":\"SearchAction\",\"target\":{\"@type\":\"EntryPoint\",\"urlTemplate\":\"https:\/\/tourtravelandmore.com\/fr\/?s={search_term_string}\"},\"query-input\":{\"@type\":\"PropertyValueSpecification\",\"valueRequired\":true,\"valueName\":\"search_term_string\"}}],\"inLanguage\":\"fr-FR\"},{\"@type\":\"Organization\",\"@id\":\"https:\/\/tourtravelandmore.com\/fr\/#organization\",\"name\":\"Tour Travel And More\",\"url\":\"https:\/\/tourtravelandmore.com\/fr\/\",\"logo\":{\"@type\":\"ImageObject\",\"inLanguage\":\"fr-FR\",\"@id\":\"https:\/\/tourtravelandmore.com\/fr\/#\/schema\/logo\/image\/\",\"url\":\"https:\/\/tourtravelandmore.com\/wp-content\/uploads\/2022\/12\/cropped-logo-cabecera-new.png\",\"contentUrl\":\"https:\/\/tourtravelandmore.com\/wp-content\/uploads\/2022\/12\/cropped-logo-cabecera-new.png\",\"width\":430,\"height\":61,\"caption\":\"Tour Travel And More\"},\"image\":{\"@id\":\"https:\/\/tourtravelandmore.com\/fr\/#\/schema\/logo\/image\/\"},\"sameAs\":[\"https:\/\/www.facebook.com\/tourtravelandmore\/\",\"https:\/\/x.com\/TourTravel_More\"]}]}<\/script>\n<!-- \/ Yoast SEO Premium plugin. -->","yoast_head_json":{"title":"\u27a1\ufe0fVisite priv\u00e9e \u00e0 pied d'Alc\u00fadia - TourTravel&More","description":"Visite priv\u00e9e \u00e0 pied d'Alc\u00fadia. D\u00e9couvrez les sites les plus importants de l'\u00eele avec votre guide officiel.","robots":{"index":"index","follow":"follow","max-snippet":"max-snippet:-1","max-image-preview":"max-image-preview:large","max-video-preview":"max-video-preview:-1"},"canonical":"https:\/\/tourtravelandmore.com\/fr\/tours\/espagne-fr\/mallorca-fr\/visite-privee-a-pied-dalcudia\/","og_locale":"fr_FR","og_type":"article","og_title":"Visite priv\u00e9e \u00e0 pied d'Alc\u00fadia","og_description":"Visite priv\u00e9e \u00e0 pied d'Alc\u00fadia. D\u00e9couvrez les sites les plus importants de l'\u00eele avec votre guide officiel.","og_url":"https:\/\/tourtravelandmore.com\/fr\/tours\/espagne-fr\/mallorca-fr\/visite-privee-a-pied-dalcudia\/","og_site_name":"Tour Travel And More","article_publisher":"https:\/\/www.facebook.com\/tourtravelandmore\/","article_modified_time":"2023-11-15T20:08:57+00:00","og_image":[{"width":1280,"height":960,"url":"https:\/\/tourtravelandmore.com\/wp-content\/uploads\/2023\/11\/alcudia-557267_1280.jpg","type":"image\/jpeg"}],"twitter_card":"summary_large_image","twitter_site":"@TourTravel_More","twitter_misc":{"Dur\u00e9e de lecture estim\u00e9e":"2 minutes"},"schema":{"@context":"https:\/\/schema.org","@graph":[{"@type":"WebPage","@id":"https:\/\/tourtravelandmore.com\/fr\/tours\/espagne-fr\/mallorca-fr\/visite-privee-a-pied-dalcudia\/","url":"https:\/\/tourtravelandmore.com\/fr\/tours\/espagne-fr\/mallorca-fr\/visite-privee-a-pied-dalcudia\/","name":"\u27a1\ufe0fVisite priv\u00e9e \u00e0 pied d'Alc\u00fadia - TourTravel&More","isPartOf":{"@id":"https:\/\/tourtravelandmore.com\/fr\/#website"},"primaryImageOfPage":{"@id":"https:\/\/tourtravelandmore.com\/fr\/tours\/espagne-fr\/mallorca-fr\/visite-privee-a-pied-dalcudia\/#primaryimage"},"image":{"@id":"https:\/\/tourtravelandmore.com\/fr\/tours\/espagne-fr\/mallorca-fr\/visite-privee-a-pied-dalcudia\/#primaryimage"},"thumbnailUrl":"https:\/\/tourtravelandmore.com\/wp-content\/uploads\/2023\/11\/alcudia-557267_1280.jpg","datePublished":"2023-11-15T19:53:43+00:00","dateModified":"2023-11-15T20:08:57+00:00","description":"Visite priv\u00e9e \u00e0 pied d'Alc\u00fadia. D\u00e9couvrez les sites les plus importants de l'\u00eele avec votre guide officiel.","breadcrumb":{"@id":"https:\/\/tourtravelandmore.com\/fr\/tours\/espagne-fr\/mallorca-fr\/visite-privee-a-pied-dalcudia\/#breadcrumb"},"inLanguage":"fr-FR","potentialAction":[{"@type":"ReadAction","target":["https:\/\/tourtravelandmore.com\/fr\/tours\/espagne-fr\/mallorca-fr\/visite-privee-a-pied-dalcudia\/"]}]},{"@type":"ImageObject","inLanguage":"fr-FR","@id":"https:\/\/tourtravelandmore.com\/fr\/tours\/espagne-fr\/mallorca-fr\/visite-privee-a-pied-dalcudia\/#primaryimage","url":"https:\/\/tourtravelandmore.com\/wp-content\/uploads\/2023\/11\/alcudia-557267_1280.jpg","contentUrl":"https:\/\/tourtravelandmore.com\/wp-content\/uploads\/2023\/11\/alcudia-557267_1280.jpg","width":1280,"height":960},{"@type":"BreadcrumbList","@id":"https:\/\/tourtravelandmore.com\/fr\/tours\/espagne-fr\/mallorca-fr\/visite-privee-a-pied-dalcudia\/#breadcrumb","itemListElement":[{"@type":"ListItem","position":1,"name":"Home","item":"https:\/\/tourtravelandmore.com\/fr\/"},{"@type":"ListItem","position":2,"name":"Tours","item":"https:\/\/tourtravelandmore.com\/fr\/tours\/"},{"@type":"ListItem","position":3,"name":"Visite priv\u00e9e \u00e0 pied d&#8217;Alc\u00fadia"}]},{"@type":"WebSite","@id":"https:\/\/tourtravelandmore.com\/fr\/#website","url":"https:\/\/tourtravelandmore.com\/fr\/","name":"Tour Travel And More","description":"Private sightseeing tours and luxury transfers in Spain","publisher":{"@id":"https:\/\/tourtravelandmore.com\/fr\/#organization"},"potentialAction":[{"@type":"SearchAction","target":{"@type":"EntryPoint","urlTemplate":"https:\/\/tourtravelandmore.com\/fr\/?s={search_term_string}"},"query-input":{"@type":"PropertyValueSpecification","valueRequired":true,"valueName":"search_term_string"}}],"inLanguage":"fr-FR"},{"@type":"Organization","@id":"https:\/\/tourtravelandmore.com\/fr\/#organization","name":"Tour Travel And More","url":"https:\/\/tourtravelandmore.com\/fr\/","logo":{"@type":"ImageObject","inLanguage":"fr-FR","@id":"https:\/\/tourtravelandmore.com\/fr\/#\/schema\/logo\/image\/","url":"https:\/\/tourtravelandmore.com\/wp-content\/uploads\/2022\/12\/cropped-logo-cabecera-new.png","contentUrl":"https:\/\/tourtravelandmore.com\/wp-content\/uploads\/2022\/12\/cropped-logo-cabecera-new.png","width":430,"height":61,"caption":"Tour Travel And More"},"image":{"@id":"https:\/\/tourtravelandmore.com\/fr\/#\/schema\/logo\/image\/"},"sameAs":["https:\/\/www.facebook.com\/tourtravelandmore\/","https:\/\/x.com\/TourTravel_More"]}]}},"_links":{"self":[{"href":"https:\/\/tourtravelandmore.com\/fr\/wp-json\/wp\/v2\/product\/171043","targetHints":{"allow":["GET"]}}],"collection":[{"href":"https:\/\/tourtravelandmore.com\/fr\/wp-json\/wp\/v2\/product"}],"about":[{"href":"https:\/\/tourtravelandmore.com\/fr\/wp-json\/wp\/v2\/types\/product"}],"replies":[{"embeddable":true,"href":"https:\/\/tourtravelandmore.com\/fr\/wp-json\/wp\/v2\/comments?post=171043"}],"wp:featuredmedia":[{"embeddable":true,"href":"https:\/\/tourtravelandmore.com\/fr\/wp-json\/wp\/v2\/media\/171053"}],"wp:attachment":[{"href":"https:\/\/tourtravelandmore.com\/fr\/wp-json\/wp\/v2\/media?parent=171043"}],"wp:term":[{"taxonomy":"product_brand","embeddable":true,"href":"https:\/\/tourtravelandmore.com\/fr\/wp-json\/wp\/v2\/product_brand?post=171043"},{"taxonomy":"product_cat","embeddable":true,"href":"https:\/\/tourtravelandmore.com\/fr\/wp-json\/wp\/v2\/product_cat?post=171043"},{"taxonomy":"product_tag","embeddable":true,"href":"https:\/\/tourtravelandmore.com\/fr\/wp-json\/wp\/v2\/product_tag?post=171043"}],"curies":[{"name":"wp","href":"https:\/\/api.w.org\/{rel}","templated":true}]}}