{"id":170994,"date":"2023-11-15T19:51:02","date_gmt":"2023-11-15T18:51:08","guid":{"rendered":"https:\/\/tourtravelandmore.com\/?post_type=product&#038;p=170994"},"modified":"2023-11-15T20:25:35","modified_gmt":"2023-11-15T19:25:35","slug":"visite-privee-de-palma-avec-experience-gastronomique","status":"publish","type":"product","link":"https:\/\/tourtravelandmore.com\/fr\/tours\/espagne-fr\/mallorca-fr\/visite-privee-de-palma-avec-experience-gastronomique\/","title":{"rendered":"Visite priv\u00e9e de Palma avec exp\u00e9rience gastronomique"},"content":{"rendered":"<h2>Description<\/h2>\n<p>Embarquez pour un festin de saveurs majorquines avec notre visite priv\u00e9e de Palma avec exp\u00e9rience gastronomique. Cette exp\u00e9rience de 5 heures vous plongera dans la riche tradition culinaire de l&#8217;\u00eele tandis que vous explorerez la ville dans le confort et le style, accompagn\u00e9 d&#8217;un guide bilingue et d&#8217;un chauffeur personnel.<\/p>\n<p>Votre guide priv\u00e9 bilingue, qui conna\u00eet bien l&#8217;histoire et la culture de la r\u00e9gion, vous accompagnera tout au long de la visite, en vous donnant des conseils et en r\u00e9pondant \u00e0 toutes vos questions. Avec un chauffeur attitr\u00e9 et un v\u00e9hicule luxueux adapt\u00e9 \u00e0 la taille de votre groupe, vous avez la possibilit\u00e9 de personnaliser votre itin\u00e9raire et d&#8217;organiser la journ\u00e9e en fonction de vos pr\u00e9f\u00e9rences.<\/p>\n<h2>Sites d&#8217;int\u00e9r\u00eat et monuments<\/h2>\n<p>Nous commen\u00e7ons la journ\u00e9e par une prise en charge \u00e0 l&#8217;endroit d\u00e9sign\u00e9, que ce soit votre h\u00f4tel ou le port de croisi\u00e8re. Vous serez accueilli par une voiture confortable et votre guide expert, pr\u00eat \u00e0 vous emmener dans un voyage culinaire exclusif autour de Palma.<\/p>\n<p>La premi\u00e8re \u00e9tape sera une d\u00e9gustation de jambon Serrano et d&#8217;une s\u00e9lection de fromages locaux. Votre guide vous emm\u00e8nera dans un endroit authentique o\u00f9 vous pourrez savourer ces d\u00e9lices, accompagn\u00e9s d&#8217;explications sur leur production et leur tradition dans la r\u00e9gion. Nous continuerons vers une boulangerie locale pour go\u00fbter le fameux &#8220;llonguet&#8221;, un pain unique et d\u00e9licieux de Majorque. Vous d\u00e9gusterez \u00e9galement des croquettes fra\u00eeches, une sp\u00e9cialit\u00e9 espagnole qui allie des saveurs douces et croquantes.<\/p>\n<p>Le d\u00e9jeuner vous attend dans un coin traditionnel de Majorque, o\u00f9 vous pourrez d\u00e9guster un festin comprenant des sp\u00e9cialit\u00e9s locales telles que l&#8217;ensaimada, un dessert spongieux et sucr\u00e9, consid\u00e9r\u00e9 comme un tr\u00e9sor gastronomique de l&#8217;\u00eele. Pour accompagner le repas, vous aurez l&#8217;occasion de d\u00e9guster des boissons typiques de la r\u00e9gion, qu&#8217;il s&#8217;agisse de vins locaux ou d&#8217;options rafra\u00eechissantes sans alcool.<\/p>\n<p>La visite se termine par la d\u00e9gustation d&#8217;une authentique ensaimada, suivie d&#8217;une glace artisanale dans l&#8217;un des coins les plus charmants de Palma. Entre les d\u00e9gustations, votre guide partagera des informations fascinantes sur la culture et l&#8217;histoire de Palma, offrant ainsi une exp\u00e9rience gastronomique qui va au-del\u00e0 de la nourriture. \u00c0 la fin de la journ\u00e9e, d\u00e9tendez-vous pendant que votre chauffeur vous ram\u00e8ne \u00e0 votre lieu d&#8217;origine, vous offrant ainsi une exp\u00e9rience compl\u00e8te et satisfaisante.<\/p>\n<p>Cette visite gastronomique priv\u00e9e \u00e0 Palma de Majorque allie luxe, saveur et culture pour vous offrir une journ\u00e9e inoubliable dans le joyau de la M\u00e9diterran\u00e9e, en profitant de ce que la gastronomie majorquine a de mieux \u00e0 offrir !<\/p>\n<p>Jetez un \u0153il aux autres circuits que nous proposons \u00e0 Majorque.<\/p>\n","protected":false},"excerpt":{"rendered":"<p>Embarquez pour un festin de saveurs majorquines avec notre visite priv\u00e9e de Palma avec exp\u00e9rience gastronomique. Cette exp\u00e9rience de 5 heures vous plongera dans la riche tradition culinaire de l&#8217;\u00eele tandis que vous explorerez la ville dans le confort et le style, accompagn\u00e9 d&#8217;un guide bilingue et d&#8217;un chauffeur personnel.<\/p>\n","protected":false},"featured_media":171090,"comment_status":"open","ping_status":"closed","template":"","meta":{"_acf_changed":false},"product_brand":[],"product_cat":[4472,4474,3634],"product_tag":[],"class_list":{"0":"post-170994","1":"product","2":"type-product","3":"status-publish","4":"has-post-thumbnail","6":"product_cat-all-private-tours-activities-fr-23","7":"product_cat-private-sightseeing-tours-fr-25","8":"product_cat-mallorca-fr","10":"first","11":"instock","12":"shipping-taxable","13":"purchasable","14":"product-type-simple"},"acf":[],"yoast_head":"<!-- This site is optimized with the Yoast SEO Premium plugin v25.3.1 (Yoast SEO v25.3.1) - https:\/\/yoast.com\/wordpress\/plugins\/seo\/ -->\n<title>\u27a1\ufe0fVisite priv\u00e9e de Palma avec exp\u00e9rience gastronomique - TTM<\/title>\n<meta name=\"description\" content=\"Visite priv\u00e9e d&#039;une journ\u00e9e compl\u00e8te de Majorque. Visite priv\u00e9e de Majorque. D\u00e9couvrez les sites les plus importants de l&#039;\u00eele avec votre chauffeur priv\u00e9 et votre guide officiel.\" \/>\n<meta name=\"robots\" content=\"index, follow, max-snippet:-1, max-image-preview:large, max-video-preview:-1\" \/>\n<link rel=\"canonical\" href=\"https:\/\/tourtravelandmore.com\/fr\/tours\/espagne-fr\/mallorca-fr\/visite-privee-de-palma-avec-experience-gastronomique\/\" \/>\n<meta property=\"og:locale\" content=\"fr_FR\" \/>\n<meta property=\"og:type\" content=\"article\" \/>\n<meta property=\"og:title\" content=\"Visite priv\u00e9e de Palma avec exp\u00e9rience gastronomique\" \/>\n<meta property=\"og:description\" content=\"Visite priv\u00e9e d&#039;une journ\u00e9e compl\u00e8te de Majorque. Visite priv\u00e9e de Majorque. D\u00e9couvrez les sites les plus importants de l&#039;\u00eele avec votre chauffeur priv\u00e9 et votre guide officiel.\" \/>\n<meta property=\"og:url\" content=\"https:\/\/tourtravelandmore.com\/fr\/tours\/espagne-fr\/mallorca-fr\/visite-privee-de-palma-avec-experience-gastronomique\/\" \/>\n<meta property=\"og:site_name\" content=\"Tour Travel And More\" \/>\n<meta property=\"article:publisher\" content=\"https:\/\/www.facebook.com\/tourtravelandmore\/\" \/>\n<meta property=\"article:modified_time\" content=\"2023-11-15T19:25:35+00:00\" \/>\n<meta property=\"og:image\" content=\"https:\/\/tourtravelandmore.com\/wp-content\/uploads\/2020\/03\/mallorca-1.3.jpg\" \/>\n\t<meta property=\"og:image:width\" content=\"615\" \/>\n\t<meta property=\"og:image:height\" content=\"410\" \/>\n\t<meta property=\"og:image:type\" content=\"image\/jpeg\" \/>\n<meta name=\"twitter:card\" content=\"summary_large_image\" \/>\n<meta name=\"twitter:site\" content=\"@TourTravel_More\" \/>\n<meta name=\"twitter:label1\" content=\"Dur\u00e9e de lecture estim\u00e9e\" \/>\n\t<meta name=\"twitter:data1\" content=\"2 minutes\" \/>\n<script type=\"application\/ld+json\" class=\"yoast-schema-graph\">{\"@context\":\"https:\/\/schema.org\",\"@graph\":[{\"@type\":\"WebPage\",\"@id\":\"https:\/\/tourtravelandmore.com\/fr\/tours\/espagne-fr\/mallorca-fr\/visite-privee-de-palma-avec-experience-gastronomique\/\",\"url\":\"https:\/\/tourtravelandmore.com\/fr\/tours\/espagne-fr\/mallorca-fr\/visite-privee-de-palma-avec-experience-gastronomique\/\",\"name\":\"\u27a1\ufe0fVisite priv\u00e9e de Palma avec exp\u00e9rience gastronomique - TTM\",\"isPartOf\":{\"@id\":\"https:\/\/tourtravelandmore.com\/fr\/#website\"},\"primaryImageOfPage\":{\"@id\":\"https:\/\/tourtravelandmore.com\/fr\/tours\/espagne-fr\/mallorca-fr\/visite-privee-de-palma-avec-experience-gastronomique\/#primaryimage\"},\"image\":{\"@id\":\"https:\/\/tourtravelandmore.com\/fr\/tours\/espagne-fr\/mallorca-fr\/visite-privee-de-palma-avec-experience-gastronomique\/#primaryimage\"},\"thumbnailUrl\":\"https:\/\/tourtravelandmore.com\/wp-content\/uploads\/2023\/11\/mallorca-109204_1280.jpg\",\"datePublished\":\"2023-11-15T18:51:08+00:00\",\"dateModified\":\"2023-11-15T19:25:35+00:00\",\"description\":\"Visite priv\u00e9e d'une journ\u00e9e compl\u00e8te de Majorque. Visite priv\u00e9e de Majorque. D\u00e9couvrez les sites les plus importants de l'\u00eele avec votre chauffeur priv\u00e9 et votre guide officiel.\",\"breadcrumb\":{\"@id\":\"https:\/\/tourtravelandmore.com\/fr\/tours\/espagne-fr\/mallorca-fr\/visite-privee-de-palma-avec-experience-gastronomique\/#breadcrumb\"},\"inLanguage\":\"fr-FR\",\"potentialAction\":[{\"@type\":\"ReadAction\",\"target\":[\"https:\/\/tourtravelandmore.com\/fr\/tours\/espagne-fr\/mallorca-fr\/visite-privee-de-palma-avec-experience-gastronomique\/\"]}]},{\"@type\":\"ImageObject\",\"inLanguage\":\"fr-FR\",\"@id\":\"https:\/\/tourtravelandmore.com\/fr\/tours\/espagne-fr\/mallorca-fr\/visite-privee-de-palma-avec-experience-gastronomique\/#primaryimage\",\"url\":\"https:\/\/tourtravelandmore.com\/wp-content\/uploads\/2023\/11\/mallorca-109204_1280.jpg\",\"contentUrl\":\"https:\/\/tourtravelandmore.com\/wp-content\/uploads\/2023\/11\/mallorca-109204_1280.jpg\",\"width\":1280,\"height\":960},{\"@type\":\"BreadcrumbList\",\"@id\":\"https:\/\/tourtravelandmore.com\/fr\/tours\/espagne-fr\/mallorca-fr\/visite-privee-de-palma-avec-experience-gastronomique\/#breadcrumb\",\"itemListElement\":[{\"@type\":\"ListItem\",\"position\":1,\"name\":\"Home\",\"item\":\"https:\/\/tourtravelandmore.com\/fr\/\"},{\"@type\":\"ListItem\",\"position\":2,\"name\":\"Tours\",\"item\":\"https:\/\/tourtravelandmore.com\/fr\/tours\/\"},{\"@type\":\"ListItem\",\"position\":3,\"name\":\"Visite priv\u00e9e de Palma avec exp\u00e9rience gastronomique\"}]},{\"@type\":\"WebSite\",\"@id\":\"https:\/\/tourtravelandmore.com\/fr\/#website\",\"url\":\"https:\/\/tourtravelandmore.com\/fr\/\",\"name\":\"Tour Travel And More\",\"description\":\"Private sightseeing tours and luxury transfers in Spain\",\"publisher\":{\"@id\":\"https:\/\/tourtravelandmore.com\/fr\/#organization\"},\"potentialAction\":[{\"@type\":\"SearchAction\",\"target\":{\"@type\":\"EntryPoint\",\"urlTemplate\":\"https:\/\/tourtravelandmore.com\/fr\/?s={search_term_string}\"},\"query-input\":{\"@type\":\"PropertyValueSpecification\",\"valueRequired\":true,\"valueName\":\"search_term_string\"}}],\"inLanguage\":\"fr-FR\"},{\"@type\":\"Organization\",\"@id\":\"https:\/\/tourtravelandmore.com\/fr\/#organization\",\"name\":\"Tour Travel And More\",\"url\":\"https:\/\/tourtravelandmore.com\/fr\/\",\"logo\":{\"@type\":\"ImageObject\",\"inLanguage\":\"fr-FR\",\"@id\":\"https:\/\/tourtravelandmore.com\/fr\/#\/schema\/logo\/image\/\",\"url\":\"https:\/\/tourtravelandmore.com\/wp-content\/uploads\/2022\/12\/cropped-logo-cabecera-new.png\",\"contentUrl\":\"https:\/\/tourtravelandmore.com\/wp-content\/uploads\/2022\/12\/cropped-logo-cabecera-new.png\",\"width\":430,\"height\":61,\"caption\":\"Tour Travel And More\"},\"image\":{\"@id\":\"https:\/\/tourtravelandmore.com\/fr\/#\/schema\/logo\/image\/\"},\"sameAs\":[\"https:\/\/www.facebook.com\/tourtravelandmore\/\",\"https:\/\/x.com\/TourTravel_More\"]}]}<\/script>\n<!-- \/ Yoast SEO Premium plugin. -->","yoast_head_json":{"title":"\u27a1\ufe0fVisite priv\u00e9e de Palma avec exp\u00e9rience gastronomique - TTM","description":"Visite priv\u00e9e d'une journ\u00e9e compl\u00e8te de Majorque. Visite priv\u00e9e de Majorque. D\u00e9couvrez les sites les plus importants de l'\u00eele avec votre chauffeur priv\u00e9 et votre guide officiel.","robots":{"index":"index","follow":"follow","max-snippet":"max-snippet:-1","max-image-preview":"max-image-preview:large","max-video-preview":"max-video-preview:-1"},"canonical":"https:\/\/tourtravelandmore.com\/fr\/tours\/espagne-fr\/mallorca-fr\/visite-privee-de-palma-avec-experience-gastronomique\/","og_locale":"fr_FR","og_type":"article","og_title":"Visite priv\u00e9e de Palma avec exp\u00e9rience gastronomique","og_description":"Visite priv\u00e9e d'une journ\u00e9e compl\u00e8te de Majorque. Visite priv\u00e9e de Majorque. D\u00e9couvrez les sites les plus importants de l'\u00eele avec votre chauffeur priv\u00e9 et votre guide officiel.","og_url":"https:\/\/tourtravelandmore.com\/fr\/tours\/espagne-fr\/mallorca-fr\/visite-privee-de-palma-avec-experience-gastronomique\/","og_site_name":"Tour Travel And More","article_publisher":"https:\/\/www.facebook.com\/tourtravelandmore\/","article_modified_time":"2023-11-15T19:25:35+00:00","og_image":[{"width":615,"height":410,"url":"https:\/\/tourtravelandmore.com\/wp-content\/uploads\/2020\/03\/mallorca-1.3.jpg","type":"image\/jpeg"}],"twitter_card":"summary_large_image","twitter_site":"@TourTravel_More","twitter_misc":{"Dur\u00e9e de lecture estim\u00e9e":"2 minutes"},"schema":{"@context":"https:\/\/schema.org","@graph":[{"@type":"WebPage","@id":"https:\/\/tourtravelandmore.com\/fr\/tours\/espagne-fr\/mallorca-fr\/visite-privee-de-palma-avec-experience-gastronomique\/","url":"https:\/\/tourtravelandmore.com\/fr\/tours\/espagne-fr\/mallorca-fr\/visite-privee-de-palma-avec-experience-gastronomique\/","name":"\u27a1\ufe0fVisite priv\u00e9e de Palma avec exp\u00e9rience gastronomique - TTM","isPartOf":{"@id":"https:\/\/tourtravelandmore.com\/fr\/#website"},"primaryImageOfPage":{"@id":"https:\/\/tourtravelandmore.com\/fr\/tours\/espagne-fr\/mallorca-fr\/visite-privee-de-palma-avec-experience-gastronomique\/#primaryimage"},"image":{"@id":"https:\/\/tourtravelandmore.com\/fr\/tours\/espagne-fr\/mallorca-fr\/visite-privee-de-palma-avec-experience-gastronomique\/#primaryimage"},"thumbnailUrl":"https:\/\/tourtravelandmore.com\/wp-content\/uploads\/2023\/11\/mallorca-109204_1280.jpg","datePublished":"2023-11-15T18:51:08+00:00","dateModified":"2023-11-15T19:25:35+00:00","description":"Visite priv\u00e9e d'une journ\u00e9e compl\u00e8te de Majorque. Visite priv\u00e9e de Majorque. D\u00e9couvrez les sites les plus importants de l'\u00eele avec votre chauffeur priv\u00e9 et votre guide officiel.","breadcrumb":{"@id":"https:\/\/tourtravelandmore.com\/fr\/tours\/espagne-fr\/mallorca-fr\/visite-privee-de-palma-avec-experience-gastronomique\/#breadcrumb"},"inLanguage":"fr-FR","potentialAction":[{"@type":"ReadAction","target":["https:\/\/tourtravelandmore.com\/fr\/tours\/espagne-fr\/mallorca-fr\/visite-privee-de-palma-avec-experience-gastronomique\/"]}]},{"@type":"ImageObject","inLanguage":"fr-FR","@id":"https:\/\/tourtravelandmore.com\/fr\/tours\/espagne-fr\/mallorca-fr\/visite-privee-de-palma-avec-experience-gastronomique\/#primaryimage","url":"https:\/\/tourtravelandmore.com\/wp-content\/uploads\/2023\/11\/mallorca-109204_1280.jpg","contentUrl":"https:\/\/tourtravelandmore.com\/wp-content\/uploads\/2023\/11\/mallorca-109204_1280.jpg","width":1280,"height":960},{"@type":"BreadcrumbList","@id":"https:\/\/tourtravelandmore.com\/fr\/tours\/espagne-fr\/mallorca-fr\/visite-privee-de-palma-avec-experience-gastronomique\/#breadcrumb","itemListElement":[{"@type":"ListItem","position":1,"name":"Home","item":"https:\/\/tourtravelandmore.com\/fr\/"},{"@type":"ListItem","position":2,"name":"Tours","item":"https:\/\/tourtravelandmore.com\/fr\/tours\/"},{"@type":"ListItem","position":3,"name":"Visite priv\u00e9e de Palma avec exp\u00e9rience gastronomique"}]},{"@type":"WebSite","@id":"https:\/\/tourtravelandmore.com\/fr\/#website","url":"https:\/\/tourtravelandmore.com\/fr\/","name":"Tour Travel And More","description":"Private sightseeing tours and luxury transfers in Spain","publisher":{"@id":"https:\/\/tourtravelandmore.com\/fr\/#organization"},"potentialAction":[{"@type":"SearchAction","target":{"@type":"EntryPoint","urlTemplate":"https:\/\/tourtravelandmore.com\/fr\/?s={search_term_string}"},"query-input":{"@type":"PropertyValueSpecification","valueRequired":true,"valueName":"search_term_string"}}],"inLanguage":"fr-FR"},{"@type":"Organization","@id":"https:\/\/tourtravelandmore.com\/fr\/#organization","name":"Tour Travel And More","url":"https:\/\/tourtravelandmore.com\/fr\/","logo":{"@type":"ImageObject","inLanguage":"fr-FR","@id":"https:\/\/tourtravelandmore.com\/fr\/#\/schema\/logo\/image\/","url":"https:\/\/tourtravelandmore.com\/wp-content\/uploads\/2022\/12\/cropped-logo-cabecera-new.png","contentUrl":"https:\/\/tourtravelandmore.com\/wp-content\/uploads\/2022\/12\/cropped-logo-cabecera-new.png","width":430,"height":61,"caption":"Tour Travel And More"},"image":{"@id":"https:\/\/tourtravelandmore.com\/fr\/#\/schema\/logo\/image\/"},"sameAs":["https:\/\/www.facebook.com\/tourtravelandmore\/","https:\/\/x.com\/TourTravel_More"]}]}},"_links":{"self":[{"href":"https:\/\/tourtravelandmore.com\/fr\/wp-json\/wp\/v2\/product\/170994","targetHints":{"allow":["GET"]}}],"collection":[{"href":"https:\/\/tourtravelandmore.com\/fr\/wp-json\/wp\/v2\/product"}],"about":[{"href":"https:\/\/tourtravelandmore.com\/fr\/wp-json\/wp\/v2\/types\/product"}],"replies":[{"embeddable":true,"href":"https:\/\/tourtravelandmore.com\/fr\/wp-json\/wp\/v2\/comments?post=170994"}],"wp:featuredmedia":[{"embeddable":true,"href":"https:\/\/tourtravelandmore.com\/fr\/wp-json\/wp\/v2\/media\/171090"}],"wp:attachment":[{"href":"https:\/\/tourtravelandmore.com\/fr\/wp-json\/wp\/v2\/media?parent=170994"}],"wp:term":[{"taxonomy":"product_brand","embeddable":true,"href":"https:\/\/tourtravelandmore.com\/fr\/wp-json\/wp\/v2\/product_brand?post=170994"},{"taxonomy":"product_cat","embeddable":true,"href":"https:\/\/tourtravelandmore.com\/fr\/wp-json\/wp\/v2\/product_cat?post=170994"},{"taxonomy":"product_tag","embeddable":true,"href":"https:\/\/tourtravelandmore.com\/fr\/wp-json\/wp\/v2\/product_tag?post=170994"}],"curies":[{"name":"wp","href":"https:\/\/api.w.org\/{rel}","templated":true}]}}