{"id":170878,"date":"2023-11-06T08:16:39","date_gmt":"2023-11-06T07:16:48","guid":{"rendered":"https:\/\/tourtravelandmore.com\/?post_type=product&#038;p=170878"},"modified":"2023-11-06T08:39:24","modified_gmt":"2023-11-06T07:39:24","slug":"visite-guidee-de-vienne-journee-complete-avec-droits-dentree","status":"publish","type":"product","link":"https:\/\/tourtravelandmore.com\/fr\/tours\/lautriche-fr\/vienna-fr\/visite-guidee-de-vienne-journee-complete-avec-droits-dentree\/","title":{"rendered":"Visite guid\u00e9e de Vienne (journ\u00e9e compl\u00e8te) avec droits d&#8217;entr\u00e9e"},"content":{"rendered":"<h2><b>Description de l&#8217;excursion d&#8217;une journ\u00e9e \u00e0 Vienne avec droits d&#8217;entr\u00e9e<\/b><\/h2>\n<p><span style=\"font-weight: 400;\">Plongez au c\u0153ur de Vienne gr\u00e2ce \u00e0 l&#8217;excursion compl\u00e8te d&#8217;une journ\u00e9e propos\u00e9e par Tour Travel and More, con\u00e7ue exclusivement pour les voyageurs exigeants. Connue sous le nom de &#8220;Cit\u00e9 de la musique&#8221;, Vienne est une ville dont l&#8217;importance historique et la grandeur architecturale sont in\u00e9gal\u00e9es et qui attire des visiteurs du monde entier. Tout au long de cette visite de 8 heures, vous serez accompagn\u00e9 d&#8217;un guide expert qui vous \u00e9clairera sur l&#8217;histoire enchanteresse de Vienne et sur son \u00e9clat artistique. Dans un v\u00e9hicule luxueux avec chauffeur, vous voyagerez confortablement d&#8217;un endroit \u00e0 l&#8217;autre, ce qui vous permettra de plonger au c\u0153ur de Vienne sans les inconv\u00e9nients habituels du voyage. Les droits d&#8217;entr\u00e9e \u00e0 deux des sites les plus embl\u00e9matiques de Vienne &#8211; le ch\u00e2teau de Sch\u00f6nbrunn et le mus\u00e9e de la Maison de Mozart &#8211; sont inclus, ce qui vous garantit une exp\u00e9rience fluide et enrichissante. Savourez les histoires des empereurs, des artistes et des architectes qui ont fa\u00e7onn\u00e9 cette magnifique ville, le tout pr\u00e9sent\u00e9 de mani\u00e8re compl\u00e8te et captivante.<\/span><\/p>\n<p><span style=\"font-weight: 400;\">Des rues pav\u00e9es de l&#8217;Innere Stadt aux vastes boulevards de la Ringstrasse, Vienne est un m\u00e9lange d&#8217;opulence royale et de charme moderne. Ancien c\u0153ur de l&#8217;empire des Habsbourg, chaque recoin de cette ville r\u00e9sonne de r\u00e9cits d&#8217;intrigues historiques, de projets artistiques et de musique in\u00e9gal\u00e9e. Dans le cadre de cette visite, nous d\u00e9voilerons la transformation de Vienne, d&#8217;une ville fronti\u00e8re romaine \u00e0 la capitale d&#8217;un empire tentaculaire. \u00c0 chaque endroit, vous voyagerez dans le temps, t\u00e9moin d&#8217;\u00e9poques qui ont laiss\u00e9 des traces ind\u00e9l\u00e9biles sur la toile de l&#8217;Europe. Les merveilles architecturales, les jardins soign\u00e9s, les airs classiques qui r\u00e9sonnent dans ses recoins et l&#8217;ar\u00f4me du caf\u00e9 viennois qui flotte dans ses caf\u00e9s &#8211; Vienne n&#8217;est pas seulement une ville, c&#8217;est une exp\u00e9rience. Et avec Tour Travel and More, soyez assur\u00e9 que c&#8217;est une exp\u00e9rience taill\u00e9e sur mesure pour des souvenirs qui dureront toute une vie.<\/span><\/p>\n<h2><b>Visite guid\u00e9e de Vienne en une journ\u00e9e avec droits d&#8217;entr\u00e9e Points forts<\/b><\/h2>\n<ul>\n<li style=\"font-weight: 400;\" aria-level=\"1\"><b>Le ch\u00e2teau de Sch\u00f6nbrunn : <\/b><span style=\"font-weight: 400;\">L&#8217;un des sites les plus visit\u00e9s de Vienne, ce palais baroque, avec son histoire et ses vastes jardins, t\u00e9moigne de la grandeur de la monarchie des Habsbourg. Autrefois r\u00e9sidence d&#8217;\u00e9t\u00e9, ses salles r\u00e9sonnent des histoires des empereurs et de leur vaste empire. Les opulentes salles d&#8217;apparat et les appartements priv\u00e9s de Fran\u00e7ois-Joseph et de Sissi donnent un aper\u00e7u du mode de vie imp\u00e9rial.<\/span><\/li>\n<li style=\"font-weight: 400;\" aria-level=\"1\"><b>Mus\u00e9e de la maison Mozart :<\/b><span style=\"font-weight: 400;\"> Entrez dans la r\u00e9sidence du XVIIIe si\u00e8cle de Wolfgang Amadeus Mozart, l&#8217;un des compositeurs les plus prolifiques au monde. Il ne s&#8217;agit pas seulement d&#8217;un mus\u00e9e, mais d&#8217;un voyage dans la vie et l&#8217;\u00e9poque de Mozart, o\u00f9 vous pourrez voir des partitions originales, des lettres et des objets personnels, qui vous \u00e9claireront sur sa vie personnelle et professionnelle.<\/span><\/li>\n<li style=\"font-weight: 400;\" aria-level=\"1\"><b>La cath\u00e9drale Saint-\u00c9tienne <\/b><span style=\"font-weight: 400;\">: Chef-d&#8217;\u0153uvre de l&#8217;architecture gothique, son toit de tuiles multicolores et sa tour nord dominent l&#8217;horizon de Vienne. Cette cath\u00e9drale embl\u00e9matique a \u00e9t\u00e9 le t\u00e9moin de nombreux \u00e9v\u00e9nements importants de l&#8217;histoire de l&#8217;Autriche et est un symbole du riche pass\u00e9 de Vienne.<\/span><\/li>\n<li style=\"font-weight: 400;\" aria-level=\"1\"><b>Palais imp\u00e9rial de la Hofburg :<\/b><span style=\"font-weight: 400;\"> Ancien \u00e9picentre de l&#8217;empire des Habsbourg, ce complexe de palais abrite plusieurs mus\u00e9es, les appartements imp\u00e9riaux et le bureau du pr\u00e9sident de l&#8217;Autriche. Son architecture complexe et son importance historique en font un lieu de visite incontournable.<\/span><\/li>\n<li style=\"font-weight: 400;\" aria-level=\"1\"><b>Palais du Belv\u00e9d\u00e8re :<\/b><span style=\"font-weight: 400;\"> Merveille architecturale, ce complexe historique se compose de deux palais baroques et abrite la plus grande collection au monde de peintures de Gustav Klimt.<\/span><\/li>\n<li style=\"font-weight: 400;\" aria-level=\"1\"><b>Op\u00e9ra d&#8217;\u00c9tat de Vienne :<\/b><span style=\"font-weight: 400;\"> Institution synonyme de grandeur et de culture, l&#8217;Op\u00e9ra national de Vienne est l&#8217;un des plus grands op\u00e9ras du monde. Son architecture n\u00e9o-Renaissance est \u00e0 elle seule captivante, mais ce sont les repr\u00e9sentations de classe mondiale \u00e0 l&#8217;int\u00e9rieur qui ont ciment\u00e9 son statut l\u00e9gendaire dans le domaine de la musique classique.<\/span><\/li>\n<li style=\"font-weight: 400;\" aria-level=\"1\"><b>La Ringstrasse :<\/b><span style=\"font-weight: 400;\"> Le grand boulevard historique de Vienne, construit apr\u00e8s la d\u00e9molition des remparts, est orn\u00e9 de b\u00e2timents monumentaux datant de la fin du XIXe si\u00e8cle. En l&#8217;empruntant, on a l&#8217;impression de feuilleter les pages de l&#8217;\u00e9volution architecturale de Vienne, avec des influences gothiques, Renaissance, baroques et n\u00e9oclassiques.<\/span><\/li>\n<\/ul>\n<p><a href=\"https:\/\/tourtravelandmore.com\/fr\/city\/lautriche-fr\/vienna-fr\/\"><span style=\"font-weight: 400;\">Pour une exploration plus approfondie des joyaux de Vienne, d\u00e9couvrez la gamme de visites priv\u00e9es propos\u00e9es par Tour Travel and More.<\/span><\/a><span style=\"font-weight: 400;\"> Chaque visite est minutieusement con\u00e7ue pour offrir une exp\u00e9rience sans pr\u00e9c\u00e9dent. Pour en savoir plus, consultez notre site officiel : Tour Travel and More.<\/span><\/p>\n","protected":false},"excerpt":{"rendered":"<p><span style=\"font-weight: 400;\">Embarquez pour un voyage complet de 8 heures \u00e0 travers Vienne, en explorant ses sites historiques avec l&#8217;aide d&#8217;un expert. Avec les droits d&#8217;entr\u00e9e inclus, plongez dans les merveilles du ch\u00e2teau de Schoenbrunn et du mus\u00e9e de la maison de Mozart, d\u00e9voilant les histoires qui ont fa\u00e7onn\u00e9 cette ville embl\u00e9matique.<\/span><\/p>\n","protected":false},"featured_media":170890,"comment_status":"open","ping_status":"closed","template":"","meta":{"_acf_changed":false},"product_brand":[],"product_cat":[3708,4181,4182],"product_tag":[],"class_list":{"0":"post-170878","1":"product","2":"type-product","3":"status-publish","4":"has-post-thumbnail","6":"product_cat-vienna-fr","7":"product_cat-toutes-les-visites-et-activites","8":"product_cat-visites-guidees-privees-fr-2","10":"first","11":"instock","12":"shipping-taxable","13":"purchasable","14":"product-type-simple"},"acf":[],"yoast_head":"<!-- This site is optimized with the Yoast SEO Premium plugin v25.3.1 (Yoast SEO v25.3.1) - https:\/\/yoast.com\/wordpress\/plugins\/seo\/ -->\n<title>\u27a1\ufe0f Explorez Vienne : Visite priv\u00e9e d&#039;une journ\u00e9e avec les principales attractions<\/title>\n<meta name=\"description\" content=\"Plongez au c\u0153ur de Vienne gr\u00e2ce \u00e0 une visite priv\u00e9e de 8 heures, \u00e0 la d\u00e9couverte de sites embl\u00e9matiques tels que le ch\u00e2teau de Sch\u00f6nbrunn et la maison de Mozart. D\u00e9couvrez Vienne comme jamais auparavant ! \u2705\" \/>\n<meta name=\"robots\" content=\"index, follow, max-snippet:-1, max-image-preview:large, max-video-preview:-1\" \/>\n<link rel=\"canonical\" href=\"https:\/\/tourtravelandmore.com\/fr\/tours\/lautriche-fr\/vienna-fr\/visite-guidee-de-vienne-journee-complete-avec-droits-dentree\/\" \/>\n<meta property=\"og:locale\" content=\"fr_FR\" \/>\n<meta property=\"og:type\" content=\"article\" \/>\n<meta property=\"og:title\" content=\"Visite guid\u00e9e de Vienne (journ\u00e9e compl\u00e8te) avec droits d&#039;entr\u00e9e\" \/>\n<meta property=\"og:description\" content=\"Plongez au c\u0153ur de Vienne gr\u00e2ce \u00e0 une visite priv\u00e9e de 8 heures, \u00e0 la d\u00e9couverte de sites embl\u00e9matiques tels que le ch\u00e2teau de Sch\u00f6nbrunn et la maison de Mozart. D\u00e9couvrez Vienne comme jamais auparavant ! \u2705\" \/>\n<meta property=\"og:url\" content=\"https:\/\/tourtravelandmore.com\/fr\/tours\/lautriche-fr\/vienna-fr\/visite-guidee-de-vienne-journee-complete-avec-droits-dentree\/\" \/>\n<meta property=\"og:site_name\" content=\"Tour Travel And More\" \/>\n<meta property=\"article:publisher\" content=\"https:\/\/www.facebook.com\/tourtravelandmore\/\" \/>\n<meta property=\"article:modified_time\" content=\"2023-11-06T07:39:24+00:00\" \/>\n<meta property=\"og:image\" content=\"https:\/\/tourtravelandmore.com\/wp-content\/uploads\/2023\/11\/image1-1.jpg\" \/>\n\t<meta property=\"og:image:width\" content=\"831\" \/>\n\t<meta property=\"og:image:height\" content=\"656\" \/>\n\t<meta property=\"og:image:type\" content=\"image\/jpeg\" \/>\n<meta name=\"twitter:card\" content=\"summary_large_image\" \/>\n<meta name=\"twitter:site\" content=\"@TourTravel_More\" \/>\n<meta name=\"twitter:label1\" content=\"Dur\u00e9e de lecture estim\u00e9e\" \/>\n\t<meta name=\"twitter:data1\" content=\"4 minutes\" \/>\n<script type=\"application\/ld+json\" class=\"yoast-schema-graph\">{\"@context\":\"https:\/\/schema.org\",\"@graph\":[{\"@type\":\"WebPage\",\"@id\":\"https:\/\/tourtravelandmore.com\/fr\/tours\/lautriche-fr\/vienna-fr\/visite-guidee-de-vienne-journee-complete-avec-droits-dentree\/\",\"url\":\"https:\/\/tourtravelandmore.com\/fr\/tours\/lautriche-fr\/vienna-fr\/visite-guidee-de-vienne-journee-complete-avec-droits-dentree\/\",\"name\":\"\u27a1\ufe0f Explorez Vienne : Visite priv\u00e9e d'une journ\u00e9e avec les principales attractions\",\"isPartOf\":{\"@id\":\"https:\/\/tourtravelandmore.com\/fr\/#website\"},\"primaryImageOfPage\":{\"@id\":\"https:\/\/tourtravelandmore.com\/fr\/tours\/lautriche-fr\/vienna-fr\/visite-guidee-de-vienne-journee-complete-avec-droits-dentree\/#primaryimage\"},\"image\":{\"@id\":\"https:\/\/tourtravelandmore.com\/fr\/tours\/lautriche-fr\/vienna-fr\/visite-guidee-de-vienne-journee-complete-avec-droits-dentree\/#primaryimage\"},\"thumbnailUrl\":\"https:\/\/tourtravelandmore.com\/wp-content\/uploads\/2023\/11\/image1-1.jpg\",\"datePublished\":\"2023-11-06T07:16:48+00:00\",\"dateModified\":\"2023-11-06T07:39:24+00:00\",\"description\":\"Plongez au c\u0153ur de Vienne gr\u00e2ce \u00e0 une visite priv\u00e9e de 8 heures, \u00e0 la d\u00e9couverte de sites embl\u00e9matiques tels que le ch\u00e2teau de Sch\u00f6nbrunn et la maison de Mozart. D\u00e9couvrez Vienne comme jamais auparavant ! \u2705\",\"breadcrumb\":{\"@id\":\"https:\/\/tourtravelandmore.com\/fr\/tours\/lautriche-fr\/vienna-fr\/visite-guidee-de-vienne-journee-complete-avec-droits-dentree\/#breadcrumb\"},\"inLanguage\":\"fr-FR\",\"potentialAction\":[{\"@type\":\"ReadAction\",\"target\":[\"https:\/\/tourtravelandmore.com\/fr\/tours\/lautriche-fr\/vienna-fr\/visite-guidee-de-vienne-journee-complete-avec-droits-dentree\/\"]}]},{\"@type\":\"ImageObject\",\"inLanguage\":\"fr-FR\",\"@id\":\"https:\/\/tourtravelandmore.com\/fr\/tours\/lautriche-fr\/vienna-fr\/visite-guidee-de-vienne-journee-complete-avec-droits-dentree\/#primaryimage\",\"url\":\"https:\/\/tourtravelandmore.com\/wp-content\/uploads\/2023\/11\/image1-1.jpg\",\"contentUrl\":\"https:\/\/tourtravelandmore.com\/wp-content\/uploads\/2023\/11\/image1-1.jpg\",\"width\":831,\"height\":656},{\"@type\":\"BreadcrumbList\",\"@id\":\"https:\/\/tourtravelandmore.com\/fr\/tours\/lautriche-fr\/vienna-fr\/visite-guidee-de-vienne-journee-complete-avec-droits-dentree\/#breadcrumb\",\"itemListElement\":[{\"@type\":\"ListItem\",\"position\":1,\"name\":\"Home\",\"item\":\"https:\/\/tourtravelandmore.com\/fr\/\"},{\"@type\":\"ListItem\",\"position\":2,\"name\":\"Tours\",\"item\":\"https:\/\/tourtravelandmore.com\/fr\/tours\/\"},{\"@type\":\"ListItem\",\"position\":3,\"name\":\"Visite guid\u00e9e de Vienne (journ\u00e9e compl\u00e8te) avec droits d&#8217;entr\u00e9e\"}]},{\"@type\":\"WebSite\",\"@id\":\"https:\/\/tourtravelandmore.com\/fr\/#website\",\"url\":\"https:\/\/tourtravelandmore.com\/fr\/\",\"name\":\"Tour Travel And More\",\"description\":\"Private sightseeing tours and luxury transfers in Spain\",\"publisher\":{\"@id\":\"https:\/\/tourtravelandmore.com\/fr\/#organization\"},\"potentialAction\":[{\"@type\":\"SearchAction\",\"target\":{\"@type\":\"EntryPoint\",\"urlTemplate\":\"https:\/\/tourtravelandmore.com\/fr\/?s={search_term_string}\"},\"query-input\":{\"@type\":\"PropertyValueSpecification\",\"valueRequired\":true,\"valueName\":\"search_term_string\"}}],\"inLanguage\":\"fr-FR\"},{\"@type\":\"Organization\",\"@id\":\"https:\/\/tourtravelandmore.com\/fr\/#organization\",\"name\":\"Tour Travel And More\",\"url\":\"https:\/\/tourtravelandmore.com\/fr\/\",\"logo\":{\"@type\":\"ImageObject\",\"inLanguage\":\"fr-FR\",\"@id\":\"https:\/\/tourtravelandmore.com\/fr\/#\/schema\/logo\/image\/\",\"url\":\"https:\/\/tourtravelandmore.com\/wp-content\/uploads\/2022\/12\/cropped-logo-cabecera-new.png\",\"contentUrl\":\"https:\/\/tourtravelandmore.com\/wp-content\/uploads\/2022\/12\/cropped-logo-cabecera-new.png\",\"width\":430,\"height\":61,\"caption\":\"Tour Travel And More\"},\"image\":{\"@id\":\"https:\/\/tourtravelandmore.com\/fr\/#\/schema\/logo\/image\/\"},\"sameAs\":[\"https:\/\/www.facebook.com\/tourtravelandmore\/\",\"https:\/\/x.com\/TourTravel_More\"]}]}<\/script>\n<!-- \/ Yoast SEO Premium plugin. -->","yoast_head_json":{"title":"\u27a1\ufe0f Explorez Vienne : Visite priv\u00e9e d'une journ\u00e9e avec les principales attractions","description":"Plongez au c\u0153ur de Vienne gr\u00e2ce \u00e0 une visite priv\u00e9e de 8 heures, \u00e0 la d\u00e9couverte de sites embl\u00e9matiques tels que le ch\u00e2teau de Sch\u00f6nbrunn et la maison de Mozart. D\u00e9couvrez Vienne comme jamais auparavant ! \u2705","robots":{"index":"index","follow":"follow","max-snippet":"max-snippet:-1","max-image-preview":"max-image-preview:large","max-video-preview":"max-video-preview:-1"},"canonical":"https:\/\/tourtravelandmore.com\/fr\/tours\/lautriche-fr\/vienna-fr\/visite-guidee-de-vienne-journee-complete-avec-droits-dentree\/","og_locale":"fr_FR","og_type":"article","og_title":"Visite guid\u00e9e de Vienne (journ\u00e9e compl\u00e8te) avec droits d'entr\u00e9e","og_description":"Plongez au c\u0153ur de Vienne gr\u00e2ce \u00e0 une visite priv\u00e9e de 8 heures, \u00e0 la d\u00e9couverte de sites embl\u00e9matiques tels que le ch\u00e2teau de Sch\u00f6nbrunn et la maison de Mozart. D\u00e9couvrez Vienne comme jamais auparavant ! \u2705","og_url":"https:\/\/tourtravelandmore.com\/fr\/tours\/lautriche-fr\/vienna-fr\/visite-guidee-de-vienne-journee-complete-avec-droits-dentree\/","og_site_name":"Tour Travel And More","article_publisher":"https:\/\/www.facebook.com\/tourtravelandmore\/","article_modified_time":"2023-11-06T07:39:24+00:00","og_image":[{"width":831,"height":656,"url":"https:\/\/tourtravelandmore.com\/wp-content\/uploads\/2023\/11\/image1-1.jpg","type":"image\/jpeg"}],"twitter_card":"summary_large_image","twitter_site":"@TourTravel_More","twitter_misc":{"Dur\u00e9e de lecture estim\u00e9e":"4 minutes"},"schema":{"@context":"https:\/\/schema.org","@graph":[{"@type":"WebPage","@id":"https:\/\/tourtravelandmore.com\/fr\/tours\/lautriche-fr\/vienna-fr\/visite-guidee-de-vienne-journee-complete-avec-droits-dentree\/","url":"https:\/\/tourtravelandmore.com\/fr\/tours\/lautriche-fr\/vienna-fr\/visite-guidee-de-vienne-journee-complete-avec-droits-dentree\/","name":"\u27a1\ufe0f Explorez Vienne : Visite priv\u00e9e d'une journ\u00e9e avec les principales attractions","isPartOf":{"@id":"https:\/\/tourtravelandmore.com\/fr\/#website"},"primaryImageOfPage":{"@id":"https:\/\/tourtravelandmore.com\/fr\/tours\/lautriche-fr\/vienna-fr\/visite-guidee-de-vienne-journee-complete-avec-droits-dentree\/#primaryimage"},"image":{"@id":"https:\/\/tourtravelandmore.com\/fr\/tours\/lautriche-fr\/vienna-fr\/visite-guidee-de-vienne-journee-complete-avec-droits-dentree\/#primaryimage"},"thumbnailUrl":"https:\/\/tourtravelandmore.com\/wp-content\/uploads\/2023\/11\/image1-1.jpg","datePublished":"2023-11-06T07:16:48+00:00","dateModified":"2023-11-06T07:39:24+00:00","description":"Plongez au c\u0153ur de Vienne gr\u00e2ce \u00e0 une visite priv\u00e9e de 8 heures, \u00e0 la d\u00e9couverte de sites embl\u00e9matiques tels que le ch\u00e2teau de Sch\u00f6nbrunn et la maison de Mozart. D\u00e9couvrez Vienne comme jamais auparavant ! \u2705","breadcrumb":{"@id":"https:\/\/tourtravelandmore.com\/fr\/tours\/lautriche-fr\/vienna-fr\/visite-guidee-de-vienne-journee-complete-avec-droits-dentree\/#breadcrumb"},"inLanguage":"fr-FR","potentialAction":[{"@type":"ReadAction","target":["https:\/\/tourtravelandmore.com\/fr\/tours\/lautriche-fr\/vienna-fr\/visite-guidee-de-vienne-journee-complete-avec-droits-dentree\/"]}]},{"@type":"ImageObject","inLanguage":"fr-FR","@id":"https:\/\/tourtravelandmore.com\/fr\/tours\/lautriche-fr\/vienna-fr\/visite-guidee-de-vienne-journee-complete-avec-droits-dentree\/#primaryimage","url":"https:\/\/tourtravelandmore.com\/wp-content\/uploads\/2023\/11\/image1-1.jpg","contentUrl":"https:\/\/tourtravelandmore.com\/wp-content\/uploads\/2023\/11\/image1-1.jpg","width":831,"height":656},{"@type":"BreadcrumbList","@id":"https:\/\/tourtravelandmore.com\/fr\/tours\/lautriche-fr\/vienna-fr\/visite-guidee-de-vienne-journee-complete-avec-droits-dentree\/#breadcrumb","itemListElement":[{"@type":"ListItem","position":1,"name":"Home","item":"https:\/\/tourtravelandmore.com\/fr\/"},{"@type":"ListItem","position":2,"name":"Tours","item":"https:\/\/tourtravelandmore.com\/fr\/tours\/"},{"@type":"ListItem","position":3,"name":"Visite guid\u00e9e de Vienne (journ\u00e9e compl\u00e8te) avec droits d&#8217;entr\u00e9e"}]},{"@type":"WebSite","@id":"https:\/\/tourtravelandmore.com\/fr\/#website","url":"https:\/\/tourtravelandmore.com\/fr\/","name":"Tour Travel And More","description":"Private sightseeing tours and luxury transfers in Spain","publisher":{"@id":"https:\/\/tourtravelandmore.com\/fr\/#organization"},"potentialAction":[{"@type":"SearchAction","target":{"@type":"EntryPoint","urlTemplate":"https:\/\/tourtravelandmore.com\/fr\/?s={search_term_string}"},"query-input":{"@type":"PropertyValueSpecification","valueRequired":true,"valueName":"search_term_string"}}],"inLanguage":"fr-FR"},{"@type":"Organization","@id":"https:\/\/tourtravelandmore.com\/fr\/#organization","name":"Tour Travel And More","url":"https:\/\/tourtravelandmore.com\/fr\/","logo":{"@type":"ImageObject","inLanguage":"fr-FR","@id":"https:\/\/tourtravelandmore.com\/fr\/#\/schema\/logo\/image\/","url":"https:\/\/tourtravelandmore.com\/wp-content\/uploads\/2022\/12\/cropped-logo-cabecera-new.png","contentUrl":"https:\/\/tourtravelandmore.com\/wp-content\/uploads\/2022\/12\/cropped-logo-cabecera-new.png","width":430,"height":61,"caption":"Tour Travel And More"},"image":{"@id":"https:\/\/tourtravelandmore.com\/fr\/#\/schema\/logo\/image\/"},"sameAs":["https:\/\/www.facebook.com\/tourtravelandmore\/","https:\/\/x.com\/TourTravel_More"]}]}},"_links":{"self":[{"href":"https:\/\/tourtravelandmore.com\/fr\/wp-json\/wp\/v2\/product\/170878","targetHints":{"allow":["GET"]}}],"collection":[{"href":"https:\/\/tourtravelandmore.com\/fr\/wp-json\/wp\/v2\/product"}],"about":[{"href":"https:\/\/tourtravelandmore.com\/fr\/wp-json\/wp\/v2\/types\/product"}],"replies":[{"embeddable":true,"href":"https:\/\/tourtravelandmore.com\/fr\/wp-json\/wp\/v2\/comments?post=170878"}],"wp:featuredmedia":[{"embeddable":true,"href":"https:\/\/tourtravelandmore.com\/fr\/wp-json\/wp\/v2\/media\/170890"}],"wp:attachment":[{"href":"https:\/\/tourtravelandmore.com\/fr\/wp-json\/wp\/v2\/media?parent=170878"}],"wp:term":[{"taxonomy":"product_brand","embeddable":true,"href":"https:\/\/tourtravelandmore.com\/fr\/wp-json\/wp\/v2\/product_brand?post=170878"},{"taxonomy":"product_cat","embeddable":true,"href":"https:\/\/tourtravelandmore.com\/fr\/wp-json\/wp\/v2\/product_cat?post=170878"},{"taxonomy":"product_tag","embeddable":true,"href":"https:\/\/tourtravelandmore.com\/fr\/wp-json\/wp\/v2\/product_tag?post=170878"}],"curies":[{"name":"wp","href":"https:\/\/api.w.org\/{rel}","templated":true}]}}