{"id":170848,"date":"2023-11-06T07:56:48","date_gmt":"2023-11-06T06:57:03","guid":{"rendered":"https:\/\/tourtravelandmore.com\/?post_type=product&#038;p=170848"},"modified":"2023-11-06T08:11:33","modified_gmt":"2023-11-06T07:11:33","slug":"excursion-privee-dune-journee-a-bratislava-au-depart-de-vienne","status":"publish","type":"product","link":"https:\/\/tourtravelandmore.com\/fr\/tours\/lautriche-fr\/vienna-fr\/excursion-privee-dune-journee-a-bratislava-au-depart-de-vienne\/","title":{"rendered":"Excursion priv\u00e9e d&#8217;une journ\u00e9e \u00e0 Bratislava au d\u00e9part de Vienne"},"content":{"rendered":"<h2><b>Excursion priv\u00e9e d&#8217;une journ\u00e9e \u00e0 Bratislava au d\u00e9part de Vienne Description<\/b><\/h2>\n<p><span style=\"font-weight: 400;\">D\u00e9couvrez les secrets de Bratislava, l&#8217;enchanteresse capitale de la Slovaquie, lors de cette excursion d&#8217;une journ\u00e9e tout compris au d\u00e9part de Vienne avec Tour Travel and More. \u00c0 une heure de route de Vienne, Bratislava offre un m\u00e9lange in\u00e9gal\u00e9 d&#8217;allure m\u00e9di\u00e9vale, d&#8217;art moderne et de panoramas sur les rives du fleuve. Ce circuit, soigneusement con\u00e7u pour les voyageurs exigeants, combine un transport confortable, l&#8217;expertise d&#8217;un guide local et la majest\u00e9 du ch\u00e2teau de Bratislava.<\/span><\/p>\n<p><span style=\"font-weight: 400;\">Votre voyage commence \u00e0 Vienne, o\u00f9 un v\u00e9hicule luxueux vous attend pour vous transporter \u00e0 travers les paysages pittoresques qui s\u00e9parent les deux capitales. La ligne d&#8217;horizon de Bratislava se d\u00e9voile, son m\u00e9lange de tours anciennes et d&#8217;urbanit\u00e9 moderne refl\u00e8te la riche histoire de la Slovaquie et son r\u00e9cent rajeunissement.<\/span><\/p>\n<p><span style=\"font-weight: 400;\">\u00c0 votre arriv\u00e9e, vous rencontrerez votre guide local, un expert qui conna\u00eet bien l&#8217;histoire, la culture et les l\u00e9gendes de Bratislava. Ses connaissances vous permettront d&#8217;\u00e9laborer un r\u00e9cit captivant, en peignant chaque ruelle, chaque place et chaque monument avec des histoires du pass\u00e9. Avec une entr\u00e9e incluse dans l&#8217;embl\u00e9matique ch\u00e2teau de Bratislava, remontez le temps et d\u00e9couvrez des \u00e9poques qui ont fa\u00e7onn\u00e9 l&#8217;Europe centrale.<\/span><\/p>\n<p><span style=\"font-weight: 400;\">En naviguant dans les rues pav\u00e9es de Bratislava, chaque pas que vous faites est une \u00e9treinte entre le pass\u00e9 et le pr\u00e9sent. Le m\u00e9lange harmonieux de merveilles architecturales, des \u00e9glises gothiques aux immeubles de l&#8217;\u00e8re socialiste, raconte l&#8217;histoire d&#8217;une ville qui n&#8217;a cess\u00e9 d&#8217;\u00e9voluer tout en restant fid\u00e8le \u00e0 ses racines. Au fil de vos p\u00e9r\u00e9grinations, vous remarquerez l&#8217;esprit vibrant de la ville, qui r\u00e9sonne dans les rires des caf\u00e9s de rue, les m\u00e9lodies des musiciens de rue et les peintures murales artistiques qui ornent ses b\u00e2timents. Bratislava ne se contente pas de pr\u00e9senter son histoire, elle vous invite \u00e0 en faire partie. Les palais exquis, les \u00e9glises centenaires et les places anim\u00e9es ne sont pas seulement des sites \u00e0 voir, ce sont des chroniques qui attendent d&#8217;\u00eatre partag\u00e9es. Avec Tour Travel and More, vous ne vous contentez pas d&#8217;explorer une ville, vous participez \u00e0 son histoire intemporelle. Laissez-vous envelopper par le charme de Bratislava, tandis que nos guides chevronn\u00e9s vous garantissent une journ\u00e9e remplie d&#8217;id\u00e9es profondes et de souvenirs d\u00e9licieux.<\/span><\/p>\n<h2><b>Points forts de l&#8217;excursion priv\u00e9e d&#8217;une journ\u00e9e \u00e0 Bratislava au d\u00e9part de Vienne<\/b><\/h2>\n<ul>\n<li style=\"font-weight: 400;\" aria-level=\"1\"><b>Le ch\u00e2teau de Bratislava : <\/b><span style=\"font-weight: 400;\">Dominant l&#8217;horizon de la ville, le ch\u00e2teau de Bratislava est un symbole du pass\u00e9 de la Slovaquie. Avec des racines remontant \u00e0 l&#8217;\u00e2ge de pierre, le ch\u00e2teau a \u00e9t\u00e9 le t\u00e9moin du r\u00e8gne des rois, du fracas des batailles et des chuchotements des intrigues politiques. Sa position strat\u00e9gique offre une vue panoramique sur Bratislava, le Danube et, par temps clair, sur une partie de l&#8217;Autriche.<\/span><\/li>\n<li style=\"font-weight: 400;\" aria-level=\"1\"><b>La vieille ville :<\/b><span style=\"font-weight: 400;\"> Plongez au c\u0153ur de la ville avec ses ruelles labyrinthiques, ses b\u00e2timents historiques et ses places. De la place principale, avec son ancien h\u00f4tel de ville et sa fontaine de Roland, \u00e0 la porte de Michel, la vieille ville offre un regard intime sur l&#8217;\u00e9volution de Bratislava au fil des si\u00e8cles.<\/span><\/li>\n<li style=\"font-weight: 400;\" aria-level=\"1\"><b>Palais primatial : <\/b><span style=\"font-weight: 400;\">Chef-d&#8217;\u0153uvre n\u00e9oclassique, le Palais primatial est connu pour sa galerie des glaces et ses rares tapisseries anglaises racontant l&#8217;histoire d&#8217;amour tragique de H\u00e9ro et L\u00e9andre. Son importance n&#8217;est pas seulement artistique ; il a servi de toile de fond \u00e0 de nombreux accords historiques.<\/span><\/li>\n<li style=\"font-weight: 400;\" aria-level=\"1\"><b>La cath\u00e9drale Saint-Martin :<\/b><span style=\"font-weight: 400;\"> Cette cath\u00e9drale gothique, avec son impressionnante fl\u00e8che, a vu le couronnement de plusieurs monarques hongrois, ce qui en fait un \u00e9l\u00e9ment essentiel de l&#8217;histoire de l&#8217;Europe centrale.<\/span><\/li>\n<li style=\"font-weight: 400;\" aria-level=\"1\"><b>\u00c9glise bleue de Sainte-\u00c9lisabeth :<\/b><span style=\"font-weight: 400;\"> \u00c9difice Art nouveau unique en son genre, cette \u00e9glise, avec sa teinte bleue unique, est tr\u00e8s appr\u00e9ci\u00e9e des amateurs de photographie et d&#8217;architecture.<\/span><\/li>\n<li style=\"font-weight: 400;\" aria-level=\"1\"><b>Promenade du Danube :<\/b><span style=\"font-weight: 400;\"> Profitez d&#8217;une promenade tranquille le long du Danube, le deuxi\u00e8me plus long fleuve d&#8217;Europe. Avec le pont UFO en arri\u00e8re-plan et le doux bourdonnement des activit\u00e9s riveraines, c&#8217;est une fa\u00e7on sereine de r\u00e9fl\u00e9chir \u00e0 la beaut\u00e9 de la ville.<\/span><\/li>\n<li style=\"font-weight: 400;\" aria-level=\"1\"><b>Ruines du ch\u00e2teau de Devin :<\/b><span style=\"font-weight: 400;\"> \u00c0 quelques kilom\u00e8tres du centre-ville, les ruines du ch\u00e2teau de Devin donnent un aper\u00e7u du pass\u00e9 lointain de la r\u00e9gion. Perch\u00e9 sur une falaise surplombant le confluent du Danube et de la Morava, son emplacement strat\u00e9gique en faisait une fortification essentielle dans l&#8217;Antiquit\u00e9. Les ruines racontent des histoires de tribus celtes, de l\u00e9gions romaines et de chevaliers m\u00e9di\u00e9vaux. Son arri\u00e8re-plan spectaculaire avec les deux rivi\u00e8res en fait un lieu pittoresque, qui r\u00e9sonne d&#8217;histoires d&#8217;intrigues et de conqu\u00eates.<\/span><\/li>\n<li style=\"font-weight: 400;\" aria-level=\"1\"><b>Palais Grassalkovich :<\/b><span style=\"font-weight: 400;\"> R\u00e9sidence du pr\u00e9sident de la Slovaquie, le palais Grassalkovich est une magnifique structure de style rococo, connue pour sa splendide architecture et ses vastes jardins. Si l&#8217;int\u00e9rieur du palais n&#8217;est pas ouvert au public, ses jardins bien entretenus offrent une \u00e9chapp\u00e9e sereine, avec des statues, des fontaines et une fontaine musicale unique qui joue des airs classiques, attirant les habitants et les touristes pour un moment de r\u00e9pit au milieu de la ville.<\/span><\/li>\n<\/ul>\n<p><span style=\"font-weight: 400;\">Une fois que vous aurez go\u00fbt\u00e9 aux charmes de Bratislava, explorez d&#8217;autres merveilles gr\u00e2ce \u00e0 notre gamme de visites priv\u00e9es propos\u00e9es par Tour Travel and More \u00e0 Vienne et au-del\u00e0. <\/span><a href=\"https:\/\/tourtravelandmore.com\/fr\/city\/lautriche-fr\/vienna-fr\/\"><span style=\"font-weight: 400;\">D\u00e9couvrez des villes et des histoires qui ne demandent qu&#8217;\u00e0 \u00eatre d\u00e9voil\u00e9es.<\/span><\/a><\/p>\n","protected":false},"excerpt":{"rendered":"<p><span style=\"font-weight: 400;\">Plongez dans une journ\u00e9e inoubliable \u00e0 Bratislava au d\u00e9part de Vienne. Traversez les rues m\u00e9di\u00e9vales, plongez dans le ch\u00e2teau historique de Bratislava et laissez notre guide expert donner vie \u00e0 l&#8217;histoire. Un m\u00e9lange harmonieux de transport, d&#8217;exploration et de narration vous attend.<\/span><\/p>\n","protected":false},"featured_media":170869,"comment_status":"open","ping_status":"closed","template":"","meta":{"_acf_changed":false},"product_brand":[],"product_cat":[3708,4181,4182],"product_tag":[],"class_list":{"0":"post-170848","1":"product","2":"type-product","3":"status-publish","4":"has-post-thumbnail","6":"product_cat-vienna-fr","7":"product_cat-toutes-les-visites-et-activites","8":"product_cat-visites-guidees-privees-fr-2","10":"first","11":"instock","12":"shipping-taxable","13":"purchasable","14":"product-type-simple"},"acf":[],"yoast_head":"<!-- This site is optimized with the Yoast SEO Premium plugin v25.3.1 (Yoast SEO v25.3.1) - https:\/\/yoast.com\/wordpress\/plugins\/seo\/ -->\n<title>\u27a1\ufe0f Visite priv\u00e9e de Bratislava au d\u00e9part de Vienne : Plongez dans l&#039;histoire de la Slovaquie avec Tour Travel and More<\/title>\n<meta name=\"description\" content=\"D\u00e9couvrez le charme historique de Bratislava lors d&#039;une excursion priv\u00e9e d&#039;une journ\u00e9e au d\u00e9part de Vienne. D\u00e9couvrez les ch\u00e2teaux, les ruelles de la vieille ville et la beaut\u00e9 du Danube. Rejoignez-nous pour un voyage inoubliable ! \u2705.\" \/>\n<meta name=\"robots\" content=\"index, follow, max-snippet:-1, max-image-preview:large, max-video-preview:-1\" \/>\n<link rel=\"canonical\" href=\"https:\/\/tourtravelandmore.com\/fr\/tours\/lautriche-fr\/vienna-fr\/excursion-privee-dune-journee-a-bratislava-au-depart-de-vienne\/\" \/>\n<meta property=\"og:locale\" content=\"fr_FR\" \/>\n<meta property=\"og:type\" content=\"article\" \/>\n<meta property=\"og:title\" content=\"Excursion priv\u00e9e d&#039;une journ\u00e9e \u00e0 Bratislava au d\u00e9part de Vienne\" \/>\n<meta property=\"og:description\" content=\"D\u00e9couvrez le charme historique de Bratislava lors d&#039;une excursion priv\u00e9e d&#039;une journ\u00e9e au d\u00e9part de Vienne. D\u00e9couvrez les ch\u00e2teaux, les ruelles de la vieille ville et la beaut\u00e9 du Danube. Rejoignez-nous pour un voyage inoubliable ! \u2705.\" \/>\n<meta property=\"og:url\" content=\"https:\/\/tourtravelandmore.com\/fr\/tours\/lautriche-fr\/vienna-fr\/excursion-privee-dune-journee-a-bratislava-au-depart-de-vienne\/\" \/>\n<meta property=\"og:site_name\" content=\"Tour Travel And More\" \/>\n<meta property=\"article:publisher\" content=\"https:\/\/www.facebook.com\/tourtravelandmore\/\" \/>\n<meta property=\"article:modified_time\" content=\"2023-11-06T07:11:33+00:00\" \/>\n<meta property=\"og:image\" content=\"https:\/\/tourtravelandmore.com\/wp-content\/uploads\/2023\/11\/image4.jpg\" \/>\n\t<meta property=\"og:image:width\" content=\"950\" \/>\n\t<meta property=\"og:image:height\" content=\"750\" \/>\n\t<meta property=\"og:image:type\" content=\"image\/jpeg\" \/>\n<meta name=\"twitter:card\" content=\"summary_large_image\" \/>\n<meta name=\"twitter:site\" content=\"@TourTravel_More\" \/>\n<meta name=\"twitter:label1\" content=\"Dur\u00e9e de lecture estim\u00e9e\" \/>\n\t<meta name=\"twitter:data1\" content=\"4 minutes\" \/>\n<script type=\"application\/ld+json\" class=\"yoast-schema-graph\">{\"@context\":\"https:\/\/schema.org\",\"@graph\":[{\"@type\":\"WebPage\",\"@id\":\"https:\/\/tourtravelandmore.com\/fr\/tours\/lautriche-fr\/vienna-fr\/excursion-privee-dune-journee-a-bratislava-au-depart-de-vienne\/\",\"url\":\"https:\/\/tourtravelandmore.com\/fr\/tours\/lautriche-fr\/vienna-fr\/excursion-privee-dune-journee-a-bratislava-au-depart-de-vienne\/\",\"name\":\"\u27a1\ufe0f Visite priv\u00e9e de Bratislava au d\u00e9part de Vienne : Plongez dans l'histoire de la Slovaquie avec Tour Travel and More\",\"isPartOf\":{\"@id\":\"https:\/\/tourtravelandmore.com\/fr\/#website\"},\"primaryImageOfPage\":{\"@id\":\"https:\/\/tourtravelandmore.com\/fr\/tours\/lautriche-fr\/vienna-fr\/excursion-privee-dune-journee-a-bratislava-au-depart-de-vienne\/#primaryimage\"},\"image\":{\"@id\":\"https:\/\/tourtravelandmore.com\/fr\/tours\/lautriche-fr\/vienna-fr\/excursion-privee-dune-journee-a-bratislava-au-depart-de-vienne\/#primaryimage\"},\"thumbnailUrl\":\"https:\/\/tourtravelandmore.com\/wp-content\/uploads\/2023\/11\/image4.jpg\",\"datePublished\":\"2023-11-06T06:57:03+00:00\",\"dateModified\":\"2023-11-06T07:11:33+00:00\",\"description\":\"D\u00e9couvrez le charme historique de Bratislava lors d'une excursion priv\u00e9e d'une journ\u00e9e au d\u00e9part de Vienne. D\u00e9couvrez les ch\u00e2teaux, les ruelles de la vieille ville et la beaut\u00e9 du Danube. Rejoignez-nous pour un voyage inoubliable ! \u2705.\",\"breadcrumb\":{\"@id\":\"https:\/\/tourtravelandmore.com\/fr\/tours\/lautriche-fr\/vienna-fr\/excursion-privee-dune-journee-a-bratislava-au-depart-de-vienne\/#breadcrumb\"},\"inLanguage\":\"fr-FR\",\"potentialAction\":[{\"@type\":\"ReadAction\",\"target\":[\"https:\/\/tourtravelandmore.com\/fr\/tours\/lautriche-fr\/vienna-fr\/excursion-privee-dune-journee-a-bratislava-au-depart-de-vienne\/\"]}]},{\"@type\":\"ImageObject\",\"inLanguage\":\"fr-FR\",\"@id\":\"https:\/\/tourtravelandmore.com\/fr\/tours\/lautriche-fr\/vienna-fr\/excursion-privee-dune-journee-a-bratislava-au-depart-de-vienne\/#primaryimage\",\"url\":\"https:\/\/tourtravelandmore.com\/wp-content\/uploads\/2023\/11\/image4.jpg\",\"contentUrl\":\"https:\/\/tourtravelandmore.com\/wp-content\/uploads\/2023\/11\/image4.jpg\",\"width\":950,\"height\":750},{\"@type\":\"BreadcrumbList\",\"@id\":\"https:\/\/tourtravelandmore.com\/fr\/tours\/lautriche-fr\/vienna-fr\/excursion-privee-dune-journee-a-bratislava-au-depart-de-vienne\/#breadcrumb\",\"itemListElement\":[{\"@type\":\"ListItem\",\"position\":1,\"name\":\"Home\",\"item\":\"https:\/\/tourtravelandmore.com\/fr\/\"},{\"@type\":\"ListItem\",\"position\":2,\"name\":\"Tours\",\"item\":\"https:\/\/tourtravelandmore.com\/fr\/tours\/\"},{\"@type\":\"ListItem\",\"position\":3,\"name\":\"Excursion priv\u00e9e d&#8217;une journ\u00e9e \u00e0 Bratislava au d\u00e9part de Vienne\"}]},{\"@type\":\"WebSite\",\"@id\":\"https:\/\/tourtravelandmore.com\/fr\/#website\",\"url\":\"https:\/\/tourtravelandmore.com\/fr\/\",\"name\":\"Tour Travel And More\",\"description\":\"Private sightseeing tours and luxury transfers in Spain\",\"publisher\":{\"@id\":\"https:\/\/tourtravelandmore.com\/fr\/#organization\"},\"potentialAction\":[{\"@type\":\"SearchAction\",\"target\":{\"@type\":\"EntryPoint\",\"urlTemplate\":\"https:\/\/tourtravelandmore.com\/fr\/?s={search_term_string}\"},\"query-input\":{\"@type\":\"PropertyValueSpecification\",\"valueRequired\":true,\"valueName\":\"search_term_string\"}}],\"inLanguage\":\"fr-FR\"},{\"@type\":\"Organization\",\"@id\":\"https:\/\/tourtravelandmore.com\/fr\/#organization\",\"name\":\"Tour Travel And More\",\"url\":\"https:\/\/tourtravelandmore.com\/fr\/\",\"logo\":{\"@type\":\"ImageObject\",\"inLanguage\":\"fr-FR\",\"@id\":\"https:\/\/tourtravelandmore.com\/fr\/#\/schema\/logo\/image\/\",\"url\":\"https:\/\/tourtravelandmore.com\/wp-content\/uploads\/2022\/12\/cropped-logo-cabecera-new.png\",\"contentUrl\":\"https:\/\/tourtravelandmore.com\/wp-content\/uploads\/2022\/12\/cropped-logo-cabecera-new.png\",\"width\":430,\"height\":61,\"caption\":\"Tour Travel And More\"},\"image\":{\"@id\":\"https:\/\/tourtravelandmore.com\/fr\/#\/schema\/logo\/image\/\"},\"sameAs\":[\"https:\/\/www.facebook.com\/tourtravelandmore\/\",\"https:\/\/x.com\/TourTravel_More\"]}]}<\/script>\n<!-- \/ Yoast SEO Premium plugin. -->","yoast_head_json":{"title":"\u27a1\ufe0f Visite priv\u00e9e de Bratislava au d\u00e9part de Vienne : Plongez dans l'histoire de la Slovaquie avec Tour Travel and More","description":"D\u00e9couvrez le charme historique de Bratislava lors d'une excursion priv\u00e9e d'une journ\u00e9e au d\u00e9part de Vienne. D\u00e9couvrez les ch\u00e2teaux, les ruelles de la vieille ville et la beaut\u00e9 du Danube. Rejoignez-nous pour un voyage inoubliable ! \u2705.","robots":{"index":"index","follow":"follow","max-snippet":"max-snippet:-1","max-image-preview":"max-image-preview:large","max-video-preview":"max-video-preview:-1"},"canonical":"https:\/\/tourtravelandmore.com\/fr\/tours\/lautriche-fr\/vienna-fr\/excursion-privee-dune-journee-a-bratislava-au-depart-de-vienne\/","og_locale":"fr_FR","og_type":"article","og_title":"Excursion priv\u00e9e d'une journ\u00e9e \u00e0 Bratislava au d\u00e9part de Vienne","og_description":"D\u00e9couvrez le charme historique de Bratislava lors d'une excursion priv\u00e9e d'une journ\u00e9e au d\u00e9part de Vienne. D\u00e9couvrez les ch\u00e2teaux, les ruelles de la vieille ville et la beaut\u00e9 du Danube. Rejoignez-nous pour un voyage inoubliable ! \u2705.","og_url":"https:\/\/tourtravelandmore.com\/fr\/tours\/lautriche-fr\/vienna-fr\/excursion-privee-dune-journee-a-bratislava-au-depart-de-vienne\/","og_site_name":"Tour Travel And More","article_publisher":"https:\/\/www.facebook.com\/tourtravelandmore\/","article_modified_time":"2023-11-06T07:11:33+00:00","og_image":[{"width":950,"height":750,"url":"https:\/\/tourtravelandmore.com\/wp-content\/uploads\/2023\/11\/image4.jpg","type":"image\/jpeg"}],"twitter_card":"summary_large_image","twitter_site":"@TourTravel_More","twitter_misc":{"Dur\u00e9e de lecture estim\u00e9e":"4 minutes"},"schema":{"@context":"https:\/\/schema.org","@graph":[{"@type":"WebPage","@id":"https:\/\/tourtravelandmore.com\/fr\/tours\/lautriche-fr\/vienna-fr\/excursion-privee-dune-journee-a-bratislava-au-depart-de-vienne\/","url":"https:\/\/tourtravelandmore.com\/fr\/tours\/lautriche-fr\/vienna-fr\/excursion-privee-dune-journee-a-bratislava-au-depart-de-vienne\/","name":"\u27a1\ufe0f Visite priv\u00e9e de Bratislava au d\u00e9part de Vienne : Plongez dans l'histoire de la Slovaquie avec Tour Travel and More","isPartOf":{"@id":"https:\/\/tourtravelandmore.com\/fr\/#website"},"primaryImageOfPage":{"@id":"https:\/\/tourtravelandmore.com\/fr\/tours\/lautriche-fr\/vienna-fr\/excursion-privee-dune-journee-a-bratislava-au-depart-de-vienne\/#primaryimage"},"image":{"@id":"https:\/\/tourtravelandmore.com\/fr\/tours\/lautriche-fr\/vienna-fr\/excursion-privee-dune-journee-a-bratislava-au-depart-de-vienne\/#primaryimage"},"thumbnailUrl":"https:\/\/tourtravelandmore.com\/wp-content\/uploads\/2023\/11\/image4.jpg","datePublished":"2023-11-06T06:57:03+00:00","dateModified":"2023-11-06T07:11:33+00:00","description":"D\u00e9couvrez le charme historique de Bratislava lors d'une excursion priv\u00e9e d'une journ\u00e9e au d\u00e9part de Vienne. D\u00e9couvrez les ch\u00e2teaux, les ruelles de la vieille ville et la beaut\u00e9 du Danube. Rejoignez-nous pour un voyage inoubliable ! \u2705.","breadcrumb":{"@id":"https:\/\/tourtravelandmore.com\/fr\/tours\/lautriche-fr\/vienna-fr\/excursion-privee-dune-journee-a-bratislava-au-depart-de-vienne\/#breadcrumb"},"inLanguage":"fr-FR","potentialAction":[{"@type":"ReadAction","target":["https:\/\/tourtravelandmore.com\/fr\/tours\/lautriche-fr\/vienna-fr\/excursion-privee-dune-journee-a-bratislava-au-depart-de-vienne\/"]}]},{"@type":"ImageObject","inLanguage":"fr-FR","@id":"https:\/\/tourtravelandmore.com\/fr\/tours\/lautriche-fr\/vienna-fr\/excursion-privee-dune-journee-a-bratislava-au-depart-de-vienne\/#primaryimage","url":"https:\/\/tourtravelandmore.com\/wp-content\/uploads\/2023\/11\/image4.jpg","contentUrl":"https:\/\/tourtravelandmore.com\/wp-content\/uploads\/2023\/11\/image4.jpg","width":950,"height":750},{"@type":"BreadcrumbList","@id":"https:\/\/tourtravelandmore.com\/fr\/tours\/lautriche-fr\/vienna-fr\/excursion-privee-dune-journee-a-bratislava-au-depart-de-vienne\/#breadcrumb","itemListElement":[{"@type":"ListItem","position":1,"name":"Home","item":"https:\/\/tourtravelandmore.com\/fr\/"},{"@type":"ListItem","position":2,"name":"Tours","item":"https:\/\/tourtravelandmore.com\/fr\/tours\/"},{"@type":"ListItem","position":3,"name":"Excursion priv\u00e9e d&#8217;une journ\u00e9e \u00e0 Bratislava au d\u00e9part de Vienne"}]},{"@type":"WebSite","@id":"https:\/\/tourtravelandmore.com\/fr\/#website","url":"https:\/\/tourtravelandmore.com\/fr\/","name":"Tour Travel And More","description":"Private sightseeing tours and luxury transfers in Spain","publisher":{"@id":"https:\/\/tourtravelandmore.com\/fr\/#organization"},"potentialAction":[{"@type":"SearchAction","target":{"@type":"EntryPoint","urlTemplate":"https:\/\/tourtravelandmore.com\/fr\/?s={search_term_string}"},"query-input":{"@type":"PropertyValueSpecification","valueRequired":true,"valueName":"search_term_string"}}],"inLanguage":"fr-FR"},{"@type":"Organization","@id":"https:\/\/tourtravelandmore.com\/fr\/#organization","name":"Tour Travel And More","url":"https:\/\/tourtravelandmore.com\/fr\/","logo":{"@type":"ImageObject","inLanguage":"fr-FR","@id":"https:\/\/tourtravelandmore.com\/fr\/#\/schema\/logo\/image\/","url":"https:\/\/tourtravelandmore.com\/wp-content\/uploads\/2022\/12\/cropped-logo-cabecera-new.png","contentUrl":"https:\/\/tourtravelandmore.com\/wp-content\/uploads\/2022\/12\/cropped-logo-cabecera-new.png","width":430,"height":61,"caption":"Tour Travel And More"},"image":{"@id":"https:\/\/tourtravelandmore.com\/fr\/#\/schema\/logo\/image\/"},"sameAs":["https:\/\/www.facebook.com\/tourtravelandmore\/","https:\/\/x.com\/TourTravel_More"]}]}},"_links":{"self":[{"href":"https:\/\/tourtravelandmore.com\/fr\/wp-json\/wp\/v2\/product\/170848","targetHints":{"allow":["GET"]}}],"collection":[{"href":"https:\/\/tourtravelandmore.com\/fr\/wp-json\/wp\/v2\/product"}],"about":[{"href":"https:\/\/tourtravelandmore.com\/fr\/wp-json\/wp\/v2\/types\/product"}],"replies":[{"embeddable":true,"href":"https:\/\/tourtravelandmore.com\/fr\/wp-json\/wp\/v2\/comments?post=170848"}],"wp:featuredmedia":[{"embeddable":true,"href":"https:\/\/tourtravelandmore.com\/fr\/wp-json\/wp\/v2\/media\/170869"}],"wp:attachment":[{"href":"https:\/\/tourtravelandmore.com\/fr\/wp-json\/wp\/v2\/media?parent=170848"}],"wp:term":[{"taxonomy":"product_brand","embeddable":true,"href":"https:\/\/tourtravelandmore.com\/fr\/wp-json\/wp\/v2\/product_brand?post=170848"},{"taxonomy":"product_cat","embeddable":true,"href":"https:\/\/tourtravelandmore.com\/fr\/wp-json\/wp\/v2\/product_cat?post=170848"},{"taxonomy":"product_tag","embeddable":true,"href":"https:\/\/tourtravelandmore.com\/fr\/wp-json\/wp\/v2\/product_tag?post=170848"}],"curies":[{"name":"wp","href":"https:\/\/api.w.org\/{rel}","templated":true}]}}