{"id":170786,"date":"2023-10-31T13:59:55","date_gmt":"2023-10-31T13:00:24","guid":{"rendered":"https:\/\/tourtravelandmore.com\/?post_type=product&#038;p=170786"},"modified":"2023-10-31T14:25:29","modified_gmt":"2023-10-31T13:25:29","slug":"visite-privee-de-budapest-au-depart-de-vienne-copy","status":"publish","type":"product","link":"https:\/\/tourtravelandmore.com\/fr\/tours\/lautriche-fr\/vienna-fr\/visite-privee-de-budapest-au-depart-de-vienne-copy\/","title":{"rendered":"Visite priv\u00e9e d&#8217;une journ\u00e9e du camp de concentration de Mauthausen au d\u00e9part de Vienne"},"content":{"rendered":"<h2><b>Visite priv\u00e9e d&#8217;une journ\u00e9e du camp de concentration de Mauthausen au d\u00e9part de Vienne Description<\/b><\/h2>\n<p><span style=\"font-weight: 400;\">Les \u00e9chos de l&#8217;histoire r\u00e9sonnent fort dans les lieux qui ont \u00e9t\u00e9 t\u00e9moins des heures les plus sombres de l&#8217;humanit\u00e9. Le camp de concentration de Mauthausen est un sombre t\u00e9moignage des atrocit\u00e9s de la Seconde Guerre mondiale. Cette excursion compl\u00e8te d&#8217;une journ\u00e9e de Vienne \u00e0 Mauthausen, propos\u00e9e exclusivement par Tour Travel and More, n&#8217;est pas seulement un voyage vers un lieu, mais aussi un voyage poignant dans le temps. Pendant 8 heures, nos guides comp\u00e9tents vous guideront \u00e0 travers cet espace obs\u00e9dant, en veillant \u00e0 ce que les histoires des victimes et des survivants soient racont\u00e9es avec le respect et la sensibilit\u00e9 qu&#8217;elles m\u00e9ritent. Un v\u00e9hicule d\u00e9di\u00e9 avec un chauffeur professionnel garantit que votre voyage de Vienne \u00e0 Mauthausen est aussi confortable et fluide que possible.<\/span><\/p>\n<p><span style=\"font-weight: 400;\">Lorsque vous traversez le sombre site de Mauthausen, l&#8217;air est charg\u00e9 de r\u00e9cits de pers\u00e9v\u00e9rance, de courage et, malheureusement, d&#8217;immenses souffrances. Il ne s&#8217;agit pas d&#8217;une simple visite d&#8217;un site historique, mais d&#8217;un p\u00e8lerinage dans un lieu de m\u00e9moire, de r\u00e9flexion et d&#8217;apprentissage. Les \u00e9difices, les artefacts et les espaces vides et obs\u00e9dants \u00e9voquent les histoires des personnes qui ont habit\u00e9 le camp, apportant une perspective profond\u00e9ment personnelle au r\u00e9cit plus large de la guerre. Chez Tour Travel and More, nous nous engageons non seulement \u00e0 vous pr\u00e9senter des faits historiques, mais aussi \u00e0 \u00e9tablir un lien, \u00e0 favoriser l&#8217;empathie et la compr\u00e9hension. Ces exp\u00e9riences immersives nous rappellent la fragilit\u00e9 de la paix et l&#8217;importance de la pr\u00e9server pour les g\u00e9n\u00e9rations futures.<\/span><\/p>\n<h2><b>Visite priv\u00e9e d&#8217;une journ\u00e9e du camp de concentration de Mauthausen au d\u00e9part de Vienne Points forts<\/b><\/h2>\n<ul>\n<li style=\"font-weight: 400;\" aria-level=\"1\"><span style=\"font-weight: 400;\">M\u00e9morial de Mauthausen : Il s&#8217;agit du point central de r\u00e9flexion au sein du camp. Le m\u00e9morial est un symbole du souvenir, qui veille \u00e0 ce que les victimes ne soient jamais oubli\u00e9es. Il offre aux visiteurs un espace de contemplation o\u00f9 ils peuvent se recueillir.<\/span><\/li>\n<li style=\"font-weight: 400;\" aria-level=\"1\"><span style=\"font-weight: 400;\">Les baraquements des prisonniers : Ces baraquements, qui accueillaient autrefois des milliers de personnes dans des conditions d&#8217;exigu\u00eft\u00e9 et de pr\u00e9carit\u00e9, rappellent aujourd&#8217;hui de mani\u00e8re effrayante les souffrances des d\u00e9tenus. Elles donnent un aper\u00e7u de la vie quotidienne et des luttes des prisonniers.<\/span><\/li>\n<li style=\"font-weight: 400;\" aria-level=\"1\"><span style=\"font-weight: 400;\">L&#8217;escalier de la mort : Cet ensemble de 186 marches est l&#8217;endroit o\u00f9 les prisonniers devaient porter de lourdes pierres provenant de la carri\u00e8re du camp. Il s&#8217;agit d&#8217;un t\u00e9moignage brutal du travail forc\u00e9 et des conditions extr\u00eames endur\u00e9es par les d\u00e9tenus.<\/span><\/li>\n<li style=\"font-weight: 400;\" aria-level=\"1\"><span style=\"font-weight: 400;\">Chambre \u00e0 gaz : T\u00e9moignage terrifiant de l&#8217;ampleur des atrocit\u00e9s, la chambre \u00e0 gaz de Mauthausen a jou\u00e9 un r\u00f4le tragique dans le processus d&#8217;an\u00e9antissement.<\/span><\/li>\n<li style=\"font-weight: 400;\" aria-level=\"1\"><span style=\"font-weight: 400;\">Mus\u00e9e de Mauthausen : Le mus\u00e9e offre un aper\u00e7u approfondi de l&#8217;histoire du camp, des d\u00e9tenus et du contexte plus large de l&#8217;Holocauste. Des objets, des photographies et des r\u00e9cits personnels offrent une perspective d\u00e9taill\u00e9e sur la vie dans le camp et la r\u00e9silience de l&#8217;esprit humain.<\/span><\/li>\n<li style=\"font-weight: 400;\" aria-level=\"1\"><span style=\"font-weight: 400;\">Carri\u00e8re : La carri\u00e8re de Wiener-Graben \u00e9tait la principale raison de l&#8217;emplacement du camp. Les prisonniers \u00e9taient contraints de travailler dur, en transportant de lourdes pierres jusqu&#8217;\u00e0 l&#8217;escalier de la mort. Aujourd&#8217;hui, la carri\u00e8re est un rappel solennel des conditions ext\u00e9nuantes auxquelles les d\u00e9tenus \u00e9taient confront\u00e9s quotidiennement.<\/span><\/li>\n<li style=\"font-weight: 400;\" aria-level=\"1\"><span style=\"font-weight: 400;\">La salle des noms : Cet espace obs\u00e9dant est d\u00e9di\u00e9 \u00e0 la pr\u00e9servation de la m\u00e9moire de ceux qui ont p\u00e9ri \u00e0 Mauthausen. Les murs portent les noms de milliers de victimes et r\u00e9sonnent des r\u00e9cits individuels de ceux qui ont souffert ici.<\/span><\/li>\n<\/ul>\n<p><span style=\"font-weight: 400;\">Tour Travel and More propose un large \u00e9ventail de visites priv\u00e9es con\u00e7ues pour les voyageurs exigeants. De la riche histoire de Vienne \u00e0 des voyages qui donnent \u00e0 r\u00e9fl\u00e9chir comme celui de Mauthausen, nous promettons une exp\u00e9rience de voyage profonde.<\/span><a href=\"https:\/\/tourtravelandmore.com\/fr\/city\/lautriche-fr\/vienna-fr\/\"><span style=\"font-weight: 400;\"> D\u00e9couvrez l&#8217;ensemble de nos offres \u00e0 Vienne et ailleurs sur le site de Tour Travel and More.<\/span><\/a><\/p>\n","protected":false},"excerpt":{"rendered":"<p><span style=\"font-weight: 400;\">Embarquez pour un voyage profond\u00e9ment \u00e9mouvant de Vienne au camp de concentration de Mauthausen, sous la conduite de guides experts. Cette visite de 8 heures permet de d\u00e9couvrir l&#8217;un des sites les plus importants de la Seconde Guerre mondiale et de mettre en lumi\u00e8re des histoires de courage, de r\u00e9silience et d&#8217;humanit\u00e9 au milieu des t\u00e9n\u00e8bres.<\/span><\/p>\n","protected":false},"featured_media":170798,"comment_status":"open","ping_status":"closed","template":"","meta":{"_acf_changed":false},"product_brand":[],"product_cat":[3708,4181,4182],"product_tag":[],"class_list":{"0":"post-170786","1":"product","2":"type-product","3":"status-publish","4":"has-post-thumbnail","6":"product_cat-vienna-fr","7":"product_cat-toutes-les-visites-et-activites","8":"product_cat-visites-guidees-privees-fr-2","10":"first","11":"instock","12":"shipping-taxable","13":"purchasable","14":"product-type-simple"},"acf":[],"yoast_head":"<!-- This site is optimized with the Yoast SEO Premium plugin v25.3.1 (Yoast SEO v25.3.1) - https:\/\/yoast.com\/wordpress\/plugins\/seo\/ -->\n<title>\u27a1\ufe0f Camp de concentration de Mauthausen : Une excursion priv\u00e9e d&#039;une journ\u00e9e au d\u00e9part de Vienne<\/title>\n<meta name=\"description\" content=\"Plongez dans l&#039;histoire avec une visite priv\u00e9e de Vienne \u00e0 Mauthausen. Comprenez les chapitres sombres de la Seconde Guerre mondiale gr\u00e2ce aux conseils d&#039;un expert. R\u00e9servez pour un voyage profond et r\u00e9fl\u00e9chi. \u2705\" \/>\n<meta name=\"robots\" content=\"index, follow, max-snippet:-1, max-image-preview:large, max-video-preview:-1\" \/>\n<link rel=\"canonical\" href=\"https:\/\/tourtravelandmore.com\/fr\/tours\/lautriche-fr\/vienna-fr\/visite-privee-de-budapest-au-depart-de-vienne-copy\/\" \/>\n<meta property=\"og:locale\" content=\"fr_FR\" \/>\n<meta property=\"og:type\" content=\"article\" \/>\n<meta property=\"og:title\" content=\"Visite priv\u00e9e d&#039;une journ\u00e9e du camp de concentration de Mauthausen au d\u00e9part de Vienne\" \/>\n<meta property=\"og:description\" content=\"Plongez dans l&#039;histoire avec une visite priv\u00e9e de Vienne \u00e0 Mauthausen. Comprenez les chapitres sombres de la Seconde Guerre mondiale gr\u00e2ce aux conseils d&#039;un expert. R\u00e9servez pour un voyage profond et r\u00e9fl\u00e9chi. \u2705\" \/>\n<meta property=\"og:url\" content=\"https:\/\/tourtravelandmore.com\/fr\/tours\/lautriche-fr\/vienna-fr\/visite-privee-de-budapest-au-depart-de-vienne-copy\/\" \/>\n<meta property=\"og:site_name\" content=\"Tour Travel And More\" \/>\n<meta property=\"article:publisher\" content=\"https:\/\/www.facebook.com\/tourtravelandmore\/\" \/>\n<meta property=\"article:modified_time\" content=\"2023-10-31T13:25:29+00:00\" \/>\n<meta property=\"og:image\" content=\"https:\/\/tourtravelandmore.com\/wp-content\/uploads\/2023\/10\/image1-12.jpg\" \/>\n\t<meta property=\"og:image:width\" content=\"950\" \/>\n\t<meta property=\"og:image:height\" content=\"750\" \/>\n\t<meta property=\"og:image:type\" content=\"image\/jpeg\" \/>\n<meta name=\"twitter:card\" content=\"summary_large_image\" \/>\n<meta name=\"twitter:site\" content=\"@TourTravel_More\" \/>\n<meta name=\"twitter:label1\" content=\"Dur\u00e9e de lecture estim\u00e9e\" \/>\n\t<meta name=\"twitter:data1\" content=\"3 minutes\" \/>\n<script type=\"application\/ld+json\" class=\"yoast-schema-graph\">{\"@context\":\"https:\/\/schema.org\",\"@graph\":[{\"@type\":\"WebPage\",\"@id\":\"https:\/\/tourtravelandmore.com\/fr\/tours\/lautriche-fr\/vienna-fr\/visite-privee-de-budapest-au-depart-de-vienne-copy\/\",\"url\":\"https:\/\/tourtravelandmore.com\/fr\/tours\/lautriche-fr\/vienna-fr\/visite-privee-de-budapest-au-depart-de-vienne-copy\/\",\"name\":\"\u27a1\ufe0f Camp de concentration de Mauthausen : Une excursion priv\u00e9e d'une journ\u00e9e au d\u00e9part de Vienne\",\"isPartOf\":{\"@id\":\"https:\/\/tourtravelandmore.com\/fr\/#website\"},\"primaryImageOfPage\":{\"@id\":\"https:\/\/tourtravelandmore.com\/fr\/tours\/lautriche-fr\/vienna-fr\/visite-privee-de-budapest-au-depart-de-vienne-copy\/#primaryimage\"},\"image\":{\"@id\":\"https:\/\/tourtravelandmore.com\/fr\/tours\/lautriche-fr\/vienna-fr\/visite-privee-de-budapest-au-depart-de-vienne-copy\/#primaryimage\"},\"thumbnailUrl\":\"https:\/\/tourtravelandmore.com\/wp-content\/uploads\/2023\/10\/image1-12.jpg\",\"datePublished\":\"2023-10-31T13:00:24+00:00\",\"dateModified\":\"2023-10-31T13:25:29+00:00\",\"description\":\"Plongez dans l'histoire avec une visite priv\u00e9e de Vienne \u00e0 Mauthausen. Comprenez les chapitres sombres de la Seconde Guerre mondiale gr\u00e2ce aux conseils d'un expert. R\u00e9servez pour un voyage profond et r\u00e9fl\u00e9chi. \u2705\",\"breadcrumb\":{\"@id\":\"https:\/\/tourtravelandmore.com\/fr\/tours\/lautriche-fr\/vienna-fr\/visite-privee-de-budapest-au-depart-de-vienne-copy\/#breadcrumb\"},\"inLanguage\":\"fr-FR\",\"potentialAction\":[{\"@type\":\"ReadAction\",\"target\":[\"https:\/\/tourtravelandmore.com\/fr\/tours\/lautriche-fr\/vienna-fr\/visite-privee-de-budapest-au-depart-de-vienne-copy\/\"]}]},{\"@type\":\"ImageObject\",\"inLanguage\":\"fr-FR\",\"@id\":\"https:\/\/tourtravelandmore.com\/fr\/tours\/lautriche-fr\/vienna-fr\/visite-privee-de-budapest-au-depart-de-vienne-copy\/#primaryimage\",\"url\":\"https:\/\/tourtravelandmore.com\/wp-content\/uploads\/2023\/10\/image1-12.jpg\",\"contentUrl\":\"https:\/\/tourtravelandmore.com\/wp-content\/uploads\/2023\/10\/image1-12.jpg\",\"width\":950,\"height\":750},{\"@type\":\"BreadcrumbList\",\"@id\":\"https:\/\/tourtravelandmore.com\/fr\/tours\/lautriche-fr\/vienna-fr\/visite-privee-de-budapest-au-depart-de-vienne-copy\/#breadcrumb\",\"itemListElement\":[{\"@type\":\"ListItem\",\"position\":1,\"name\":\"Home\",\"item\":\"https:\/\/tourtravelandmore.com\/fr\/\"},{\"@type\":\"ListItem\",\"position\":2,\"name\":\"Tours\",\"item\":\"https:\/\/tourtravelandmore.com\/fr\/tours\/\"},{\"@type\":\"ListItem\",\"position\":3,\"name\":\"Visite priv\u00e9e d&rsquo;une journ\u00e9e du camp de concentration de Mauthausen au d\u00e9part de Vienne\"}]},{\"@type\":\"WebSite\",\"@id\":\"https:\/\/tourtravelandmore.com\/fr\/#website\",\"url\":\"https:\/\/tourtravelandmore.com\/fr\/\",\"name\":\"Tour Travel And More\",\"description\":\"Private sightseeing tours and luxury transfers in Spain\",\"publisher\":{\"@id\":\"https:\/\/tourtravelandmore.com\/fr\/#organization\"},\"potentialAction\":[{\"@type\":\"SearchAction\",\"target\":{\"@type\":\"EntryPoint\",\"urlTemplate\":\"https:\/\/tourtravelandmore.com\/fr\/?s={search_term_string}\"},\"query-input\":{\"@type\":\"PropertyValueSpecification\",\"valueRequired\":true,\"valueName\":\"search_term_string\"}}],\"inLanguage\":\"fr-FR\"},{\"@type\":\"Organization\",\"@id\":\"https:\/\/tourtravelandmore.com\/fr\/#organization\",\"name\":\"Tour Travel And More\",\"url\":\"https:\/\/tourtravelandmore.com\/fr\/\",\"logo\":{\"@type\":\"ImageObject\",\"inLanguage\":\"fr-FR\",\"@id\":\"https:\/\/tourtravelandmore.com\/fr\/#\/schema\/logo\/image\/\",\"url\":\"https:\/\/tourtravelandmore.com\/wp-content\/uploads\/2022\/12\/cropped-logo-cabecera-new.png\",\"contentUrl\":\"https:\/\/tourtravelandmore.com\/wp-content\/uploads\/2022\/12\/cropped-logo-cabecera-new.png\",\"width\":430,\"height\":61,\"caption\":\"Tour Travel And More\"},\"image\":{\"@id\":\"https:\/\/tourtravelandmore.com\/fr\/#\/schema\/logo\/image\/\"},\"sameAs\":[\"https:\/\/www.facebook.com\/tourtravelandmore\/\",\"https:\/\/x.com\/TourTravel_More\"]}]}<\/script>\n<!-- \/ Yoast SEO Premium plugin. -->","yoast_head_json":{"title":"\u27a1\ufe0f Camp de concentration de Mauthausen : Une excursion priv\u00e9e d'une journ\u00e9e au d\u00e9part de Vienne","description":"Plongez dans l'histoire avec une visite priv\u00e9e de Vienne \u00e0 Mauthausen. Comprenez les chapitres sombres de la Seconde Guerre mondiale gr\u00e2ce aux conseils d'un expert. R\u00e9servez pour un voyage profond et r\u00e9fl\u00e9chi. \u2705","robots":{"index":"index","follow":"follow","max-snippet":"max-snippet:-1","max-image-preview":"max-image-preview:large","max-video-preview":"max-video-preview:-1"},"canonical":"https:\/\/tourtravelandmore.com\/fr\/tours\/lautriche-fr\/vienna-fr\/visite-privee-de-budapest-au-depart-de-vienne-copy\/","og_locale":"fr_FR","og_type":"article","og_title":"Visite priv\u00e9e d'une journ\u00e9e du camp de concentration de Mauthausen au d\u00e9part de Vienne","og_description":"Plongez dans l'histoire avec une visite priv\u00e9e de Vienne \u00e0 Mauthausen. Comprenez les chapitres sombres de la Seconde Guerre mondiale gr\u00e2ce aux conseils d'un expert. R\u00e9servez pour un voyage profond et r\u00e9fl\u00e9chi. \u2705","og_url":"https:\/\/tourtravelandmore.com\/fr\/tours\/lautriche-fr\/vienna-fr\/visite-privee-de-budapest-au-depart-de-vienne-copy\/","og_site_name":"Tour Travel And More","article_publisher":"https:\/\/www.facebook.com\/tourtravelandmore\/","article_modified_time":"2023-10-31T13:25:29+00:00","og_image":[{"width":950,"height":750,"url":"https:\/\/tourtravelandmore.com\/wp-content\/uploads\/2023\/10\/image1-12.jpg","type":"image\/jpeg"}],"twitter_card":"summary_large_image","twitter_site":"@TourTravel_More","twitter_misc":{"Dur\u00e9e de lecture estim\u00e9e":"3 minutes"},"schema":{"@context":"https:\/\/schema.org","@graph":[{"@type":"WebPage","@id":"https:\/\/tourtravelandmore.com\/fr\/tours\/lautriche-fr\/vienna-fr\/visite-privee-de-budapest-au-depart-de-vienne-copy\/","url":"https:\/\/tourtravelandmore.com\/fr\/tours\/lautriche-fr\/vienna-fr\/visite-privee-de-budapest-au-depart-de-vienne-copy\/","name":"\u27a1\ufe0f Camp de concentration de Mauthausen : Une excursion priv\u00e9e d'une journ\u00e9e au d\u00e9part de Vienne","isPartOf":{"@id":"https:\/\/tourtravelandmore.com\/fr\/#website"},"primaryImageOfPage":{"@id":"https:\/\/tourtravelandmore.com\/fr\/tours\/lautriche-fr\/vienna-fr\/visite-privee-de-budapest-au-depart-de-vienne-copy\/#primaryimage"},"image":{"@id":"https:\/\/tourtravelandmore.com\/fr\/tours\/lautriche-fr\/vienna-fr\/visite-privee-de-budapest-au-depart-de-vienne-copy\/#primaryimage"},"thumbnailUrl":"https:\/\/tourtravelandmore.com\/wp-content\/uploads\/2023\/10\/image1-12.jpg","datePublished":"2023-10-31T13:00:24+00:00","dateModified":"2023-10-31T13:25:29+00:00","description":"Plongez dans l'histoire avec une visite priv\u00e9e de Vienne \u00e0 Mauthausen. Comprenez les chapitres sombres de la Seconde Guerre mondiale gr\u00e2ce aux conseils d'un expert. R\u00e9servez pour un voyage profond et r\u00e9fl\u00e9chi. \u2705","breadcrumb":{"@id":"https:\/\/tourtravelandmore.com\/fr\/tours\/lautriche-fr\/vienna-fr\/visite-privee-de-budapest-au-depart-de-vienne-copy\/#breadcrumb"},"inLanguage":"fr-FR","potentialAction":[{"@type":"ReadAction","target":["https:\/\/tourtravelandmore.com\/fr\/tours\/lautriche-fr\/vienna-fr\/visite-privee-de-budapest-au-depart-de-vienne-copy\/"]}]},{"@type":"ImageObject","inLanguage":"fr-FR","@id":"https:\/\/tourtravelandmore.com\/fr\/tours\/lautriche-fr\/vienna-fr\/visite-privee-de-budapest-au-depart-de-vienne-copy\/#primaryimage","url":"https:\/\/tourtravelandmore.com\/wp-content\/uploads\/2023\/10\/image1-12.jpg","contentUrl":"https:\/\/tourtravelandmore.com\/wp-content\/uploads\/2023\/10\/image1-12.jpg","width":950,"height":750},{"@type":"BreadcrumbList","@id":"https:\/\/tourtravelandmore.com\/fr\/tours\/lautriche-fr\/vienna-fr\/visite-privee-de-budapest-au-depart-de-vienne-copy\/#breadcrumb","itemListElement":[{"@type":"ListItem","position":1,"name":"Home","item":"https:\/\/tourtravelandmore.com\/fr\/"},{"@type":"ListItem","position":2,"name":"Tours","item":"https:\/\/tourtravelandmore.com\/fr\/tours\/"},{"@type":"ListItem","position":3,"name":"Visite priv\u00e9e d&rsquo;une journ\u00e9e du camp de concentration de Mauthausen au d\u00e9part de Vienne"}]},{"@type":"WebSite","@id":"https:\/\/tourtravelandmore.com\/fr\/#website","url":"https:\/\/tourtravelandmore.com\/fr\/","name":"Tour Travel And More","description":"Private sightseeing tours and luxury transfers in Spain","publisher":{"@id":"https:\/\/tourtravelandmore.com\/fr\/#organization"},"potentialAction":[{"@type":"SearchAction","target":{"@type":"EntryPoint","urlTemplate":"https:\/\/tourtravelandmore.com\/fr\/?s={search_term_string}"},"query-input":{"@type":"PropertyValueSpecification","valueRequired":true,"valueName":"search_term_string"}}],"inLanguage":"fr-FR"},{"@type":"Organization","@id":"https:\/\/tourtravelandmore.com\/fr\/#organization","name":"Tour Travel And More","url":"https:\/\/tourtravelandmore.com\/fr\/","logo":{"@type":"ImageObject","inLanguage":"fr-FR","@id":"https:\/\/tourtravelandmore.com\/fr\/#\/schema\/logo\/image\/","url":"https:\/\/tourtravelandmore.com\/wp-content\/uploads\/2022\/12\/cropped-logo-cabecera-new.png","contentUrl":"https:\/\/tourtravelandmore.com\/wp-content\/uploads\/2022\/12\/cropped-logo-cabecera-new.png","width":430,"height":61,"caption":"Tour Travel And More"},"image":{"@id":"https:\/\/tourtravelandmore.com\/fr\/#\/schema\/logo\/image\/"},"sameAs":["https:\/\/www.facebook.com\/tourtravelandmore\/","https:\/\/x.com\/TourTravel_More"]}]}},"_links":{"self":[{"href":"https:\/\/tourtravelandmore.com\/fr\/wp-json\/wp\/v2\/product\/170786","targetHints":{"allow":["GET"]}}],"collection":[{"href":"https:\/\/tourtravelandmore.com\/fr\/wp-json\/wp\/v2\/product"}],"about":[{"href":"https:\/\/tourtravelandmore.com\/fr\/wp-json\/wp\/v2\/types\/product"}],"replies":[{"embeddable":true,"href":"https:\/\/tourtravelandmore.com\/fr\/wp-json\/wp\/v2\/comments?post=170786"}],"wp:featuredmedia":[{"embeddable":true,"href":"https:\/\/tourtravelandmore.com\/fr\/wp-json\/wp\/v2\/media\/170798"}],"wp:attachment":[{"href":"https:\/\/tourtravelandmore.com\/fr\/wp-json\/wp\/v2\/media?parent=170786"}],"wp:term":[{"taxonomy":"product_brand","embeddable":true,"href":"https:\/\/tourtravelandmore.com\/fr\/wp-json\/wp\/v2\/product_brand?post=170786"},{"taxonomy":"product_cat","embeddable":true,"href":"https:\/\/tourtravelandmore.com\/fr\/wp-json\/wp\/v2\/product_cat?post=170786"},{"taxonomy":"product_tag","embeddable":true,"href":"https:\/\/tourtravelandmore.com\/fr\/wp-json\/wp\/v2\/product_tag?post=170786"}],"curies":[{"name":"wp","href":"https:\/\/api.w.org\/{rel}","templated":true}]}}