{"id":170757,"date":"2023-10-30T16:31:32","date_gmt":"2023-10-30T15:31:41","guid":{"rendered":"https:\/\/tourtravelandmore.com\/?post_type=product&#038;p=170757"},"modified":"2023-10-30T17:08:38","modified_gmt":"2023-10-30T16:08:38","slug":"transfert-prive-de-vienne-a-bratislava-copy","status":"publish","type":"product","link":"https:\/\/tourtravelandmore.com\/fr\/tours\/lautriche-fr\/vienna-fr\/transfert-prive-de-vienne-a-bratislava-copy\/","title":{"rendered":"Transfert priv\u00e9 de Vienne \u00e0 Budapest"},"content":{"rendered":"<h2><b>Transfert priv\u00e9 de Vienne \u00e0 Budapest Description<\/b><\/h2>\n<p><span style=\"font-weight: 400;\">Faites l&#8217;exp\u00e9rience d&#8217;un voyage fluide entre deux des capitales les plus captivantes d&#8217;Europe gr\u00e2ce au service exclusif de transfert priv\u00e9 de Tour Travel and More. La transition entre Vienne et Budapest, deux villes riches en culture et en histoire, devrait \u00eatre un moment de facilit\u00e9 et de confort. Notre priorit\u00e9 est de veiller \u00e0 ce que vous vous d\u00e9placiez du point A au point B sans effort, en incarnant l&#8217;essence du luxe et de l&#8217;efficacit\u00e9. Nos v\u00e9hicules ultramodernes, adapt\u00e9s \u00e0 vos sp\u00e9cifications, garantissent que chaque moment de votre voyage correspond \u00e0 vos attentes. Que vous terminiez votre aventure \u00e0 Vienne ou que vous vous lanciez dans l&#8217;exploration de Budapest, ce transfert vous promet sophistication et fiabilit\u00e9 \u00e0 chaque kilom\u00e8tre.<\/span><\/p>\n<p><span style=\"font-weight: 400;\">Au fur et \u00e0 mesure que le paysage d\u00e9file devant votre fen\u00eatre, vous assistez \u00e0 la douce transformation de la grandeur de Vienne en charme de Budapest. Il ne s&#8217;agit pas d&#8217;un simple trajet, mais d&#8217;une transition entre deux \u00e9poques diff\u00e9rentes de l&#8217;histoire europ\u00e9enne. Chaque kilom\u00e8tre parcouru raconte des histoires d&#8217;empires qui ont r\u00e9gn\u00e9, de guerres qui ont redessin\u00e9 les fronti\u00e8res et de cultures qui se sont entrelac\u00e9es. Nos chauffeurs, comp\u00e9tents et courtois, veillent \u00e0 ce que le voyage soit aussi captivant que la destination elle-m\u00eame. Ils respectent les normes de professionnalisme les plus strictes et veillent \u00e0 votre confort et \u00e0 votre s\u00e9curit\u00e9. De plus, si vous souhaitez faire une pause pour vous \u00e9tirer ou pour immortaliser un paysage sur votre appareil photo, il vous suffit de nous le faire savoir. Nous sommes \u00e0 votre service et veillons \u00e0 ce que votre voyage soit adapt\u00e9 \u00e0 vos pr\u00e9f\u00e9rences. Appr\u00e9ciez les panoramas, savourez le luxe de nos v\u00e9hicules et faites de ce transfert un chapitre pr\u00e9cieux de votre histoire de voyage.<\/span><\/p>\n<h2><b>Points forts du transfert priv\u00e9 de Vienne \u00e0 Budapest<\/b><\/h2>\n<p><span style=\"font-weight: 400;\">Bien que l&#8217;essentiel de cette offre consiste \u00e0 faciliter votre transfert, le voyage lui-m\u00eame peut \u00eatre une exp\u00e9rience envo\u00fbtante. En traversant les paysages qui s\u00e9parent Vienne et Budapest, vous serez t\u00e9moin des topographies changeantes et de la danse des panoramas urbains et ruraux. Nos chauffeurs, qui connaissent bien la r\u00e9gion, veilleront \u00e0 ce que le voyage se d\u00e9roule sans encombre et vous indiqueront peut-\u00eatre des points d&#8217;int\u00e9r\u00eat en cours de route. Il ne s&#8217;agit pas d&#8217;un simple transfert, mais d&#8217;un pr\u00e9lude \u00e0 votre prochaine aventure.<\/span><\/p>\n<h3><span style=\"font-weight: 400;\">Budapest : La ville des sources thermales et de la grandeur architecturale<\/span><\/h3>\n<p><span style=\"font-weight: 400;\">Budapest, souvent surnomm\u00e9e le &#8220;Paris de l&#8217;Est&#8221;, s\u00e9duit par ses vues pittoresques sur le Danube, ses chefs-d&#8217;\u0153uvre architecturaux et sa sc\u00e8ne culturelle dynamique. En voici quelques exemples :<\/span><\/p>\n<ul>\n<li style=\"font-weight: 400;\" aria-level=\"1\"><b>Le ch\u00e2teau de Buda <\/b><span style=\"font-weight: 400;\">: Surplombant le Danube, ce complexe historique de palais des rois hongrois est un site class\u00e9 au patrimoine mondial de l&#8217;UNESCO, refl\u00e9tant les diff\u00e9rentes p\u00e9riodes architecturales depuis l&#8217;\u00e9poque m\u00e9di\u00e9vale jusqu&#8217;\u00e0 aujourd&#8217;hui.<\/span><\/li>\n<li style=\"font-weight: 400;\" aria-level=\"1\"><b>Les thermes :<\/b><span style=\"font-weight: 400;\"> R\u00e9put\u00e9e pour ses sources thermales, Budapest poss\u00e8de des bains traditionnels comme Sz\u00e9chenyi et Gell\u00e9rt, qui permettent de se d\u00e9tendre et de d\u00e9couvrir la culture thermale de la ville.<\/span><\/li>\n<li style=\"font-weight: 400;\" aria-level=\"1\"><b>Le Bastion des p\u00eacheurs <\/b><span style=\"font-weight: 400;\">: Offrant une vue panoramique sur Budapest, cette structure n\u00e9ogothique et n\u00e9oromane est l&#8217;un des sites les plus embl\u00e9matiques de la ville, construit pour comm\u00e9morer les p\u00eacheurs qui ont historiquement prot\u00e9g\u00e9 cette partie de la ville.<\/span><\/li>\n<li style=\"font-weight: 400;\" aria-level=\"1\"><b>B\u00e2timent du Parlement hongrois :<\/b><span style=\"font-weight: 400;\"> Merveille d&#8217;architecture n\u00e9ogothique, il s&#8217;agit du troisi\u00e8me plus grand b\u00e2timent parlementaire d&#8217;Europe, qui illustre le c\u0153ur politique et l&#8217;importance historique de la Hongrie.<\/span><\/li>\n<li style=\"font-weight: 400;\" aria-level=\"1\"><b>Place des H\u00e9ros :<\/b><span style=\"font-weight: 400;\"> Situ\u00e9e \u00e0 l&#8217;extr\u00e9mit\u00e9 de l&#8217;avenue Andr\u00e1ssy, cette grande place, entour\u00e9e du Mus\u00e9e des beaux-arts et du Palais des arts, abrite les statues des principaux dirigeants nationaux et la tombe du soldat inconnu.<\/span><\/li>\n<li style=\"font-weight: 400;\" aria-level=\"1\"><b>L&#8217;\u00e9glise Matthias :<\/b><span style=\"font-weight: 400;\"> Situ\u00e9e au c\u0153ur du quartier du ch\u00e2teau de Buda, l&#8217;\u00e9glise Matthias a plus de 700 ans et a \u00e9t\u00e9 le t\u00e9moin de plusieurs couronnements, mariages et c\u00e9r\u00e9monies. Son architecture n\u00e9ogothique caract\u00e9ristique et ses tuiles color\u00e9es en font une pi\u00e8ce unique dans l&#8217;horizon de Budapest.<\/span><\/li>\n<li style=\"font-weight: 400;\" aria-level=\"1\"><b>Pont des cha\u00eenes :<\/b><span style=\"font-weight: 400;\"> Le pont suspendu embl\u00e9matique qui relie Buda et Pest, les deux parties de la ville. Construit au XIXe si\u00e8cle, le pont des cha\u00eenes a \u00e9t\u00e9 le premier \u00e0 enjamber le Danube, symbolisant l&#8217;unit\u00e9 et le progr\u00e8s. De nuit, illumin\u00e9 par le ch\u00e2teau, il offre une vue pittoresque et t\u00e9moigne de la r\u00e9silience et de l&#8217;innovation de Budapest.<\/span><\/li>\n<\/ul>\n<p><span style=\"font-weight: 400;\">Alors que ce transfert vous am\u00e8ne aux portes des merveilles de Budapest, n&#8217;oubliez pas que Tour Travel and More propose une pl\u00e9thore de <\/span><a href=\"https:\/\/tourtravelandmore.com\/fr\/city\/lautriche-fr\/vienna-fr\/\"><span style=\"font-weight: 400;\">visites priv\u00e9es con\u00e7ues pour rendre votre s\u00e9jour viennois m\u00e9morable.<\/span><\/a><span style=\"font-weight: 400;\"> Plongez dans la richesse de l&#8217;histoire, de l&#8217;art et de la culture de Vienne gr\u00e2ce \u00e0 nos exp\u00e9riences soigneusement s\u00e9lectionn\u00e9es. Plongez dans notre catalogue et poursuivez votre aventure europ\u00e9enne avec nous. D\u00e9couvrez, explorez et laissez-vous enchanter.<\/span><\/p>\n","protected":false},"excerpt":{"rendered":"<p><span style=\"font-weight: 400;\">Faites l&#8217;exp\u00e9rience d&#8217;un transfert priv\u00e9 luxueux et sans faille de Vienne \u00e0 Budapest avec Tour Travel and More. Traversez deux joyaux europ\u00e9ens, admirez des paysages captivants et pr\u00e9parez-vous \u00e0 votre exploration de Budapest.<\/span><\/p>\n","protected":false},"featured_media":170776,"comment_status":"open","ping_status":"closed","template":"","meta":{"_acf_changed":false},"product_brand":[],"product_cat":[3708,4181,4183],"product_tag":[],"class_list":{"0":"post-170757","1":"product","2":"type-product","3":"status-publish","4":"has-post-thumbnail","6":"product_cat-vienna-fr","7":"product_cat-toutes-les-visites-et-activites","8":"product_cat-transferts-prives","10":"first","11":"instock","12":"shipping-taxable","13":"purchasable","14":"product-type-simple"},"acf":[],"yoast_head":"<!-- This site is optimized with the Yoast SEO Premium plugin v25.3.1 (Yoast SEO v25.3.1) - https:\/\/yoast.com\/wordpress\/plugins\/seo\/ -->\n<title>\u27a1\ufe0f Transfert priv\u00e9 de Vienne \u00e0 Budapest | Tour Travel &amp; More<\/title>\n<meta name=\"description\" content=\"D\u00e9couvrez le luxe et le confort de notre transfert priv\u00e9 de Vienne \u00e0 Budapest. Plongez dans les merveilles de Budapest avec Tour Travel and More. R\u00e9servez d\u00e8s maintenant pour un voyage sans encombre. \u2705\" \/>\n<meta name=\"robots\" content=\"index, follow, max-snippet:-1, max-image-preview:large, max-video-preview:-1\" \/>\n<link rel=\"canonical\" href=\"https:\/\/tourtravelandmore.com\/fr\/tours\/lautriche-fr\/vienna-fr\/transfert-prive-de-vienne-a-bratislava-copy\/\" \/>\n<meta property=\"og:locale\" content=\"fr_FR\" \/>\n<meta property=\"og:type\" content=\"article\" \/>\n<meta property=\"og:title\" content=\"Transfert priv\u00e9 de Vienne \u00e0 Budapest\" \/>\n<meta property=\"og:description\" content=\"D\u00e9couvrez le luxe et le confort de notre transfert priv\u00e9 de Vienne \u00e0 Budapest. Plongez dans les merveilles de Budapest avec Tour Travel and More. R\u00e9servez d\u00e8s maintenant pour un voyage sans encombre. \u2705\" \/>\n<meta property=\"og:url\" content=\"https:\/\/tourtravelandmore.com\/fr\/tours\/lautriche-fr\/vienna-fr\/transfert-prive-de-vienne-a-bratislava-copy\/\" \/>\n<meta property=\"og:site_name\" content=\"Tour Travel And More\" \/>\n<meta property=\"article:publisher\" content=\"https:\/\/www.facebook.com\/tourtravelandmore\/\" \/>\n<meta property=\"article:modified_time\" content=\"2023-10-30T16:08:38+00:00\" \/>\n<meta property=\"og:image\" content=\"https:\/\/tourtravelandmore.com\/wp-content\/uploads\/2023\/10\/image4-11.jpg\" \/>\n\t<meta property=\"og:image:width\" content=\"950\" \/>\n\t<meta property=\"og:image:height\" content=\"750\" \/>\n\t<meta property=\"og:image:type\" content=\"image\/jpeg\" \/>\n<meta name=\"twitter:card\" content=\"summary_large_image\" \/>\n<meta name=\"twitter:site\" content=\"@TourTravel_More\" \/>\n<meta name=\"twitter:label1\" content=\"Dur\u00e9e de lecture estim\u00e9e\" \/>\n\t<meta name=\"twitter:data1\" content=\"4 minutes\" \/>\n<script type=\"application\/ld+json\" class=\"yoast-schema-graph\">{\"@context\":\"https:\/\/schema.org\",\"@graph\":[{\"@type\":\"WebPage\",\"@id\":\"https:\/\/tourtravelandmore.com\/fr\/tours\/lautriche-fr\/vienna-fr\/transfert-prive-de-vienne-a-bratislava-copy\/\",\"url\":\"https:\/\/tourtravelandmore.com\/fr\/tours\/lautriche-fr\/vienna-fr\/transfert-prive-de-vienne-a-bratislava-copy\/\",\"name\":\"\u27a1\ufe0f Transfert priv\u00e9 de Vienne \u00e0 Budapest | Tour Travel & More\",\"isPartOf\":{\"@id\":\"https:\/\/tourtravelandmore.com\/fr\/#website\"},\"primaryImageOfPage\":{\"@id\":\"https:\/\/tourtravelandmore.com\/fr\/tours\/lautriche-fr\/vienna-fr\/transfert-prive-de-vienne-a-bratislava-copy\/#primaryimage\"},\"image\":{\"@id\":\"https:\/\/tourtravelandmore.com\/fr\/tours\/lautriche-fr\/vienna-fr\/transfert-prive-de-vienne-a-bratislava-copy\/#primaryimage\"},\"thumbnailUrl\":\"https:\/\/tourtravelandmore.com\/wp-content\/uploads\/2023\/10\/image4-11.jpg\",\"datePublished\":\"2023-10-30T15:31:41+00:00\",\"dateModified\":\"2023-10-30T16:08:38+00:00\",\"description\":\"D\u00e9couvrez le luxe et le confort de notre transfert priv\u00e9 de Vienne \u00e0 Budapest. Plongez dans les merveilles de Budapest avec Tour Travel and More. R\u00e9servez d\u00e8s maintenant pour un voyage sans encombre. \u2705\",\"breadcrumb\":{\"@id\":\"https:\/\/tourtravelandmore.com\/fr\/tours\/lautriche-fr\/vienna-fr\/transfert-prive-de-vienne-a-bratislava-copy\/#breadcrumb\"},\"inLanguage\":\"fr-FR\",\"potentialAction\":[{\"@type\":\"ReadAction\",\"target\":[\"https:\/\/tourtravelandmore.com\/fr\/tours\/lautriche-fr\/vienna-fr\/transfert-prive-de-vienne-a-bratislava-copy\/\"]}]},{\"@type\":\"ImageObject\",\"inLanguage\":\"fr-FR\",\"@id\":\"https:\/\/tourtravelandmore.com\/fr\/tours\/lautriche-fr\/vienna-fr\/transfert-prive-de-vienne-a-bratislava-copy\/#primaryimage\",\"url\":\"https:\/\/tourtravelandmore.com\/wp-content\/uploads\/2023\/10\/image4-11.jpg\",\"contentUrl\":\"https:\/\/tourtravelandmore.com\/wp-content\/uploads\/2023\/10\/image4-11.jpg\",\"width\":950,\"height\":750},{\"@type\":\"BreadcrumbList\",\"@id\":\"https:\/\/tourtravelandmore.com\/fr\/tours\/lautriche-fr\/vienna-fr\/transfert-prive-de-vienne-a-bratislava-copy\/#breadcrumb\",\"itemListElement\":[{\"@type\":\"ListItem\",\"position\":1,\"name\":\"Home\",\"item\":\"https:\/\/tourtravelandmore.com\/fr\/\"},{\"@type\":\"ListItem\",\"position\":2,\"name\":\"Tours\",\"item\":\"https:\/\/tourtravelandmore.com\/fr\/tours\/\"},{\"@type\":\"ListItem\",\"position\":3,\"name\":\"Transfert priv\u00e9 de Vienne \u00e0 Budapest\"}]},{\"@type\":\"WebSite\",\"@id\":\"https:\/\/tourtravelandmore.com\/fr\/#website\",\"url\":\"https:\/\/tourtravelandmore.com\/fr\/\",\"name\":\"Tour Travel And More\",\"description\":\"Private sightseeing tours and luxury transfers in Spain\",\"publisher\":{\"@id\":\"https:\/\/tourtravelandmore.com\/fr\/#organization\"},\"potentialAction\":[{\"@type\":\"SearchAction\",\"target\":{\"@type\":\"EntryPoint\",\"urlTemplate\":\"https:\/\/tourtravelandmore.com\/fr\/?s={search_term_string}\"},\"query-input\":{\"@type\":\"PropertyValueSpecification\",\"valueRequired\":true,\"valueName\":\"search_term_string\"}}],\"inLanguage\":\"fr-FR\"},{\"@type\":\"Organization\",\"@id\":\"https:\/\/tourtravelandmore.com\/fr\/#organization\",\"name\":\"Tour Travel And More\",\"url\":\"https:\/\/tourtravelandmore.com\/fr\/\",\"logo\":{\"@type\":\"ImageObject\",\"inLanguage\":\"fr-FR\",\"@id\":\"https:\/\/tourtravelandmore.com\/fr\/#\/schema\/logo\/image\/\",\"url\":\"https:\/\/tourtravelandmore.com\/wp-content\/uploads\/2022\/12\/cropped-logo-cabecera-new.png\",\"contentUrl\":\"https:\/\/tourtravelandmore.com\/wp-content\/uploads\/2022\/12\/cropped-logo-cabecera-new.png\",\"width\":430,\"height\":61,\"caption\":\"Tour Travel And More\"},\"image\":{\"@id\":\"https:\/\/tourtravelandmore.com\/fr\/#\/schema\/logo\/image\/\"},\"sameAs\":[\"https:\/\/www.facebook.com\/tourtravelandmore\/\",\"https:\/\/x.com\/TourTravel_More\"]}]}<\/script>\n<!-- \/ Yoast SEO Premium plugin. -->","yoast_head_json":{"title":"\u27a1\ufe0f Transfert priv\u00e9 de Vienne \u00e0 Budapest | Tour Travel & More","description":"D\u00e9couvrez le luxe et le confort de notre transfert priv\u00e9 de Vienne \u00e0 Budapest. Plongez dans les merveilles de Budapest avec Tour Travel and More. R\u00e9servez d\u00e8s maintenant pour un voyage sans encombre. \u2705","robots":{"index":"index","follow":"follow","max-snippet":"max-snippet:-1","max-image-preview":"max-image-preview:large","max-video-preview":"max-video-preview:-1"},"canonical":"https:\/\/tourtravelandmore.com\/fr\/tours\/lautriche-fr\/vienna-fr\/transfert-prive-de-vienne-a-bratislava-copy\/","og_locale":"fr_FR","og_type":"article","og_title":"Transfert priv\u00e9 de Vienne \u00e0 Budapest","og_description":"D\u00e9couvrez le luxe et le confort de notre transfert priv\u00e9 de Vienne \u00e0 Budapest. Plongez dans les merveilles de Budapest avec Tour Travel and More. R\u00e9servez d\u00e8s maintenant pour un voyage sans encombre. \u2705","og_url":"https:\/\/tourtravelandmore.com\/fr\/tours\/lautriche-fr\/vienna-fr\/transfert-prive-de-vienne-a-bratislava-copy\/","og_site_name":"Tour Travel And More","article_publisher":"https:\/\/www.facebook.com\/tourtravelandmore\/","article_modified_time":"2023-10-30T16:08:38+00:00","og_image":[{"width":950,"height":750,"url":"https:\/\/tourtravelandmore.com\/wp-content\/uploads\/2023\/10\/image4-11.jpg","type":"image\/jpeg"}],"twitter_card":"summary_large_image","twitter_site":"@TourTravel_More","twitter_misc":{"Dur\u00e9e de lecture estim\u00e9e":"4 minutes"},"schema":{"@context":"https:\/\/schema.org","@graph":[{"@type":"WebPage","@id":"https:\/\/tourtravelandmore.com\/fr\/tours\/lautriche-fr\/vienna-fr\/transfert-prive-de-vienne-a-bratislava-copy\/","url":"https:\/\/tourtravelandmore.com\/fr\/tours\/lautriche-fr\/vienna-fr\/transfert-prive-de-vienne-a-bratislava-copy\/","name":"\u27a1\ufe0f Transfert priv\u00e9 de Vienne \u00e0 Budapest | Tour Travel & More","isPartOf":{"@id":"https:\/\/tourtravelandmore.com\/fr\/#website"},"primaryImageOfPage":{"@id":"https:\/\/tourtravelandmore.com\/fr\/tours\/lautriche-fr\/vienna-fr\/transfert-prive-de-vienne-a-bratislava-copy\/#primaryimage"},"image":{"@id":"https:\/\/tourtravelandmore.com\/fr\/tours\/lautriche-fr\/vienna-fr\/transfert-prive-de-vienne-a-bratislava-copy\/#primaryimage"},"thumbnailUrl":"https:\/\/tourtravelandmore.com\/wp-content\/uploads\/2023\/10\/image4-11.jpg","datePublished":"2023-10-30T15:31:41+00:00","dateModified":"2023-10-30T16:08:38+00:00","description":"D\u00e9couvrez le luxe et le confort de notre transfert priv\u00e9 de Vienne \u00e0 Budapest. Plongez dans les merveilles de Budapest avec Tour Travel and More. R\u00e9servez d\u00e8s maintenant pour un voyage sans encombre. \u2705","breadcrumb":{"@id":"https:\/\/tourtravelandmore.com\/fr\/tours\/lautriche-fr\/vienna-fr\/transfert-prive-de-vienne-a-bratislava-copy\/#breadcrumb"},"inLanguage":"fr-FR","potentialAction":[{"@type":"ReadAction","target":["https:\/\/tourtravelandmore.com\/fr\/tours\/lautriche-fr\/vienna-fr\/transfert-prive-de-vienne-a-bratislava-copy\/"]}]},{"@type":"ImageObject","inLanguage":"fr-FR","@id":"https:\/\/tourtravelandmore.com\/fr\/tours\/lautriche-fr\/vienna-fr\/transfert-prive-de-vienne-a-bratislava-copy\/#primaryimage","url":"https:\/\/tourtravelandmore.com\/wp-content\/uploads\/2023\/10\/image4-11.jpg","contentUrl":"https:\/\/tourtravelandmore.com\/wp-content\/uploads\/2023\/10\/image4-11.jpg","width":950,"height":750},{"@type":"BreadcrumbList","@id":"https:\/\/tourtravelandmore.com\/fr\/tours\/lautriche-fr\/vienna-fr\/transfert-prive-de-vienne-a-bratislava-copy\/#breadcrumb","itemListElement":[{"@type":"ListItem","position":1,"name":"Home","item":"https:\/\/tourtravelandmore.com\/fr\/"},{"@type":"ListItem","position":2,"name":"Tours","item":"https:\/\/tourtravelandmore.com\/fr\/tours\/"},{"@type":"ListItem","position":3,"name":"Transfert priv\u00e9 de Vienne \u00e0 Budapest"}]},{"@type":"WebSite","@id":"https:\/\/tourtravelandmore.com\/fr\/#website","url":"https:\/\/tourtravelandmore.com\/fr\/","name":"Tour Travel And More","description":"Private sightseeing tours and luxury transfers in Spain","publisher":{"@id":"https:\/\/tourtravelandmore.com\/fr\/#organization"},"potentialAction":[{"@type":"SearchAction","target":{"@type":"EntryPoint","urlTemplate":"https:\/\/tourtravelandmore.com\/fr\/?s={search_term_string}"},"query-input":{"@type":"PropertyValueSpecification","valueRequired":true,"valueName":"search_term_string"}}],"inLanguage":"fr-FR"},{"@type":"Organization","@id":"https:\/\/tourtravelandmore.com\/fr\/#organization","name":"Tour Travel And More","url":"https:\/\/tourtravelandmore.com\/fr\/","logo":{"@type":"ImageObject","inLanguage":"fr-FR","@id":"https:\/\/tourtravelandmore.com\/fr\/#\/schema\/logo\/image\/","url":"https:\/\/tourtravelandmore.com\/wp-content\/uploads\/2022\/12\/cropped-logo-cabecera-new.png","contentUrl":"https:\/\/tourtravelandmore.com\/wp-content\/uploads\/2022\/12\/cropped-logo-cabecera-new.png","width":430,"height":61,"caption":"Tour Travel And More"},"image":{"@id":"https:\/\/tourtravelandmore.com\/fr\/#\/schema\/logo\/image\/"},"sameAs":["https:\/\/www.facebook.com\/tourtravelandmore\/","https:\/\/x.com\/TourTravel_More"]}]}},"_links":{"self":[{"href":"https:\/\/tourtravelandmore.com\/fr\/wp-json\/wp\/v2\/product\/170757","targetHints":{"allow":["GET"]}}],"collection":[{"href":"https:\/\/tourtravelandmore.com\/fr\/wp-json\/wp\/v2\/product"}],"about":[{"href":"https:\/\/tourtravelandmore.com\/fr\/wp-json\/wp\/v2\/types\/product"}],"replies":[{"embeddable":true,"href":"https:\/\/tourtravelandmore.com\/fr\/wp-json\/wp\/v2\/comments?post=170757"}],"wp:featuredmedia":[{"embeddable":true,"href":"https:\/\/tourtravelandmore.com\/fr\/wp-json\/wp\/v2\/media\/170776"}],"wp:attachment":[{"href":"https:\/\/tourtravelandmore.com\/fr\/wp-json\/wp\/v2\/media?parent=170757"}],"wp:term":[{"taxonomy":"product_brand","embeddable":true,"href":"https:\/\/tourtravelandmore.com\/fr\/wp-json\/wp\/v2\/product_brand?post=170757"},{"taxonomy":"product_cat","embeddable":true,"href":"https:\/\/tourtravelandmore.com\/fr\/wp-json\/wp\/v2\/product_cat?post=170757"},{"taxonomy":"product_tag","embeddable":true,"href":"https:\/\/tourtravelandmore.com\/fr\/wp-json\/wp\/v2\/product_tag?post=170757"}],"curies":[{"name":"wp","href":"https:\/\/api.w.org\/{rel}","templated":true}]}}