{"id":170729,"date":"2023-10-30T16:14:02","date_gmt":"2023-10-30T15:14:15","guid":{"rendered":"https:\/\/tourtravelandmore.com\/?post_type=product&#038;p=170729"},"modified":"2023-10-30T16:25:40","modified_gmt":"2023-10-30T15:25:40","slug":"transfert-prive-de-vienne-a-bratislava","status":"publish","type":"product","link":"https:\/\/tourtravelandmore.com\/fr\/tours\/lautriche-fr\/vienna-fr\/transfert-prive-de-vienne-a-bratislava\/","title":{"rendered":"Transfert priv\u00e9 de Vienne \u00e0 Bratislava"},"content":{"rendered":"<h2><b>Transfert priv\u00e9 de Vienne \u00e0 Bratislava Description<\/b><\/h2>\n<p><span style=\"font-weight: 400;\">Voyager entre Vienne et Bratislava n&#8217;a jamais \u00e9t\u00e9 aussi confortable et luxueux. Gr\u00e2ce au service exclusif de transfert priv\u00e9 de Tour Travel and More, parcourez la courte distance qui s\u00e9pare ces deux capitales europ\u00e9ennes tout en profitant d&#8217;une \u00e9l\u00e9gance in\u00e9gal\u00e9e. \u00c0 seulement une heure de route, la transition entre la grandeur imp\u00e9riale de l&#8217;Autriche et le charmant paysage urbain de la Slovaquie devient une exp\u00e9rience m\u00e9morable gr\u00e2ce \u00e0 notre service. Notre engagement consiste \u00e0 vous offrir un voyage sans encombre, en donnant la priorit\u00e9 \u00e0 votre confort, \u00e0 votre s\u00e9curit\u00e9 et \u00e0 votre temps. Chaque kilom\u00e8tre de l&#8217;itin\u00e9raire r\u00e9sonne de la promesse d&#8217;un service exceptionnel, vous pr\u00e9parant aux d\u00e9lices qui vous attendent \u00e0 Bratislava.<\/span><\/p>\n<p><span style=\"font-weight: 400;\">Au-del\u00e0 du simple acte de transport, notre service de transfert priv\u00e9 s&#8217;efforce de combler le foss\u00e9 culturel entre le charme imp\u00e9rial de Vienne et l&#8217;attrait historique de Bratislava. Au fil des routes pittoresques, l&#8217;environnement change subtilement, refl\u00e9tant l&#8217;histoire et l&#8217;identit\u00e9 uniques de ces deux joyaux europ\u00e9ens. Il ne s&#8217;agit pas d&#8217;un simple transfert, mais d&#8217;une transition. Une transition entre deux mondes, deux histoires et deux cultures dynamiques. \u00c0 l&#8217;approche de Bratislava, vous vous retrouverez non seulement dans une autre ville, mais aussi dans un autre monde, pr\u00eat et impatient d&#8217;en explorer les nombreuses facettes.<\/span><\/p>\n<h2><b>Points forts du transfert priv\u00e9 de Vienne \u00e0 Bratislava<\/b><\/h2>\n<ul>\n<li style=\"font-weight: 400;\" aria-level=\"1\"><b>Le ch\u00e2teau de Bratislava :<\/b><span style=\"font-weight: 400;\"> Dominant la capitale, le ch\u00e2teau de Bratislava est un \u00e9l\u00e9ment monumental de l&#8217;histoire de la Slovaquie. Cette impressionnante forteresse, avec sa fa\u00e7ade blanche et ses toits rouges, offre une vue panoramique sur la ville et le Danube. Son histoire vibrante s&#8217;\u00e9tend sur plusieurs \u00e9poques, de l&#8217;\u00e9poque romaine \u00e0 sa r\u00e9cente restauration.<\/span><\/li>\n<li style=\"font-weight: 400;\" aria-level=\"1\"><b>Vieille ville :<\/b><span style=\"font-weight: 400;\"> La vieille ville de Bratislava est un m\u00e9lange vibrant de rues pav\u00e9es, de palais historiques et de caf\u00e9s modernes. Son noyau m\u00e9di\u00e9val pr\u00e9serv\u00e9 abrite des monuments tels que la place principale, l&#8217;ancien h\u00f4tel de ville et le mus\u00e9e municipal de Bratislava, qui retrace l&#8217;histoire de la ville.<\/span><\/li>\n<li style=\"font-weight: 400;\" aria-level=\"1\"><b>L&#8217;\u00e9glise bleue :<\/b><span style=\"font-weight: 400;\"> Officiellement appel\u00e9e \u00e9glise Sainte-\u00c9lisabeth, ce chef-d&#8217;\u0153uvre de l&#8217;Art nouveau se distingue par ses teintes azur et ses d\u00e9corations ornementales. Son caract\u00e8re unique en fait l&#8217;un des points de rep\u00e8re les plus caract\u00e9ristiques de Bratislava.<\/span><\/li>\n<li style=\"font-weight: 400;\" aria-level=\"1\"><b>Ch\u00e2teau Devin :<\/b><span style=\"font-weight: 400;\"> Perch\u00e9 au sommet d&#8217;une falaise au confluent du Danube et de la Morava, ce ch\u00e2teau en ruine offre une vue spectaculaire et t\u00e9moigne de la riche histoire de la r\u00e9gion, qui s&#8217;\u00e9tend de la pr\u00e9histoire \u00e0 l&#8217;\u00e9poque de la guerre froide.<\/span><\/li>\n<li style=\"font-weight: 400;\" aria-level=\"1\"><b>Palais primatial :<\/b><span style=\"font-weight: 400;\"> Exemple parfait d&#8217;architecture n\u00e9oclassique, le palais est remarquable pour sa galerie des glaces et la paix historique de 1805 de Pressburg. Sa grandeur et son importance dans l&#8217;histoire europ\u00e9enne en font une \u00e9tape cl\u00e9 de toute visite de Bratislava.<\/span><\/li>\n<li style=\"font-weight: 400;\" aria-level=\"1\"><b>La porte de Michael :<\/b><span style=\"font-weight: 400;\"> Seule porte conserv\u00e9e de la ville, la porte de Michael est embl\u00e9matique des fortifications m\u00e9di\u00e9vales de Bratislava. Datant du XIVe si\u00e8cle, sa tour embl\u00e9matique abrite l&#8217;exposition d&#8217;armes du mus\u00e9e de la ville de Bratislava. De son sommet, les visiteurs peuvent admirer une vue \u00e0 360 degr\u00e9s du centre-ville.<\/span><\/li>\n<li style=\"font-weight: 400;\" aria-level=\"1\"><b>M\u00e9morial de guerre de Slav\u00edn :<\/b><span style=\"font-weight: 400;\"> Ce monument comm\u00e9moratif et cimeti\u00e8re militaire rend hommage aux soldats sovi\u00e9tiques tomb\u00e9s lors de la lib\u00e9ration de Bratislava pendant la Seconde Guerre mondiale. Situ\u00e9 sur une colline, il offre non seulement un souvenir solennel, mais aussi des vues panoramiques sur la ville et au-del\u00e0.<\/span><\/li>\n<li style=\"font-weight: 400;\" aria-level=\"1\"><b>La cath\u00e9drale Saint-Martin : <\/b><span style=\"font-weight: 400;\">Joyau de l&#8217;architecture gothique, cette cath\u00e9drale a jou\u00e9 un r\u00f4le important dans l&#8217;histoire de Bratislava, notamment en tant qu&#8217;\u00e9glise de couronnement du Royaume de Hongrie. Ses int\u00e9rieurs majestueux et son importance historique en font une visite incontournable lors de la d\u00e9couverte de la ville.<\/span><\/li>\n<\/ul>\n<p><span style=\"font-weight: 400;\">Si le transfert vers Bratislava est un voyage de confort, notre exploration des capitales europ\u00e9ennes ne s&#8217;arr\u00eate pas l\u00e0. Tour Travel and More propose une gamme exquise de visites priv\u00e9es \u00e0 Vienne, <\/span><a href=\"https:\/\/tourtravelandmore.com\/fr\/city\/lautriche-fr\/vienna-fr\/\"><span style=\"font-weight: 400;\">con\u00e7ues pour satisfaire le voyageur curieux qui sommeille en vous. D\u00e9couvrez notre gamme de circuits et de services.<\/span><\/a><\/p>\n","protected":false},"excerpt":{"rendered":"<p><span style=\"font-weight: 400;\">Profitez d&#8217;un transfert priv\u00e9 fluide et luxueux de Vienne \u00e0 Bratislava avec Tour Travel and More. \u00c0 l&#8217;arriv\u00e9e, plongez-vous dans les sites captivants de Bratislava, du ch\u00e2teau historique de Bratislava \u00e0 la vieille ville anim\u00e9e.<\/span><\/p>\n","protected":false},"featured_media":170739,"comment_status":"open","ping_status":"closed","template":"","meta":{"_acf_changed":false},"product_brand":[],"product_cat":[3708,4181,4183],"product_tag":[],"class_list":{"0":"post-170729","1":"product","2":"type-product","3":"status-publish","4":"has-post-thumbnail","6":"product_cat-vienna-fr","7":"product_cat-toutes-les-visites-et-activites","8":"product_cat-transferts-prives","10":"first","11":"instock","12":"shipping-taxable","13":"purchasable","14":"product-type-simple"},"acf":[],"yoast_head":"<!-- This site is optimized with the Yoast SEO Premium plugin v25.3.1 (Yoast SEO v25.3.1) - https:\/\/yoast.com\/wordpress\/plugins\/seo\/ -->\n<title>\u27a1\ufe0f Transfert priv\u00e9 de luxe : Vienne \u00e0 Bratislava avec Tour Travel and More<\/title>\n<meta name=\"description\" content=\"Faites l&#039;exp\u00e9rience du meilleur transfert entre Vienne et Bratislava. Luxuriez dans le confort et arrivez pr\u00eat \u00e0 explorer les sites embl\u00e9matiques de Bratislava. \u2705\" \/>\n<meta name=\"robots\" content=\"index, follow, max-snippet:-1, max-image-preview:large, max-video-preview:-1\" \/>\n<link rel=\"canonical\" href=\"https:\/\/tourtravelandmore.com\/fr\/tours\/lautriche-fr\/vienna-fr\/transfert-prive-de-vienne-a-bratislava\/\" \/>\n<meta property=\"og:locale\" content=\"fr_FR\" \/>\n<meta property=\"og:type\" content=\"article\" \/>\n<meta property=\"og:title\" content=\"Transfert priv\u00e9 de Vienne \u00e0 Bratislava\" \/>\n<meta property=\"og:description\" content=\"Faites l&#039;exp\u00e9rience du meilleur transfert entre Vienne et Bratislava. Luxuriez dans le confort et arrivez pr\u00eat \u00e0 explorer les sites embl\u00e9matiques de Bratislava. \u2705\" \/>\n<meta property=\"og:url\" content=\"https:\/\/tourtravelandmore.com\/fr\/tours\/lautriche-fr\/vienna-fr\/transfert-prive-de-vienne-a-bratislava\/\" \/>\n<meta property=\"og:site_name\" content=\"Tour Travel And More\" \/>\n<meta property=\"article:publisher\" content=\"https:\/\/www.facebook.com\/tourtravelandmore\/\" \/>\n<meta property=\"article:modified_time\" content=\"2023-10-30T15:25:40+00:00\" \/>\n<meta property=\"og:image\" content=\"https:\/\/tourtravelandmore.com\/wp-content\/uploads\/2023\/10\/image1-10.jpg\" \/>\n\t<meta property=\"og:image:width\" content=\"950\" \/>\n\t<meta property=\"og:image:height\" content=\"750\" \/>\n\t<meta property=\"og:image:type\" content=\"image\/jpeg\" \/>\n<meta name=\"twitter:card\" content=\"summary_large_image\" \/>\n<meta name=\"twitter:site\" content=\"@TourTravel_More\" \/>\n<meta name=\"twitter:label1\" content=\"Dur\u00e9e de lecture estim\u00e9e\" \/>\n\t<meta name=\"twitter:data1\" content=\"4 minutes\" \/>\n<script type=\"application\/ld+json\" class=\"yoast-schema-graph\">{\"@context\":\"https:\/\/schema.org\",\"@graph\":[{\"@type\":\"WebPage\",\"@id\":\"https:\/\/tourtravelandmore.com\/fr\/tours\/lautriche-fr\/vienna-fr\/transfert-prive-de-vienne-a-bratislava\/\",\"url\":\"https:\/\/tourtravelandmore.com\/fr\/tours\/lautriche-fr\/vienna-fr\/transfert-prive-de-vienne-a-bratislava\/\",\"name\":\"\u27a1\ufe0f Transfert priv\u00e9 de luxe : Vienne \u00e0 Bratislava avec Tour Travel and More\",\"isPartOf\":{\"@id\":\"https:\/\/tourtravelandmore.com\/fr\/#website\"},\"primaryImageOfPage\":{\"@id\":\"https:\/\/tourtravelandmore.com\/fr\/tours\/lautriche-fr\/vienna-fr\/transfert-prive-de-vienne-a-bratislava\/#primaryimage\"},\"image\":{\"@id\":\"https:\/\/tourtravelandmore.com\/fr\/tours\/lautriche-fr\/vienna-fr\/transfert-prive-de-vienne-a-bratislava\/#primaryimage\"},\"thumbnailUrl\":\"https:\/\/tourtravelandmore.com\/wp-content\/uploads\/2023\/10\/image1-10.jpg\",\"datePublished\":\"2023-10-30T15:14:15+00:00\",\"dateModified\":\"2023-10-30T15:25:40+00:00\",\"description\":\"Faites l'exp\u00e9rience du meilleur transfert entre Vienne et Bratislava. Luxuriez dans le confort et arrivez pr\u00eat \u00e0 explorer les sites embl\u00e9matiques de Bratislava. \u2705\",\"breadcrumb\":{\"@id\":\"https:\/\/tourtravelandmore.com\/fr\/tours\/lautriche-fr\/vienna-fr\/transfert-prive-de-vienne-a-bratislava\/#breadcrumb\"},\"inLanguage\":\"fr-FR\",\"potentialAction\":[{\"@type\":\"ReadAction\",\"target\":[\"https:\/\/tourtravelandmore.com\/fr\/tours\/lautriche-fr\/vienna-fr\/transfert-prive-de-vienne-a-bratislava\/\"]}]},{\"@type\":\"ImageObject\",\"inLanguage\":\"fr-FR\",\"@id\":\"https:\/\/tourtravelandmore.com\/fr\/tours\/lautriche-fr\/vienna-fr\/transfert-prive-de-vienne-a-bratislava\/#primaryimage\",\"url\":\"https:\/\/tourtravelandmore.com\/wp-content\/uploads\/2023\/10\/image1-10.jpg\",\"contentUrl\":\"https:\/\/tourtravelandmore.com\/wp-content\/uploads\/2023\/10\/image1-10.jpg\",\"width\":950,\"height\":750},{\"@type\":\"BreadcrumbList\",\"@id\":\"https:\/\/tourtravelandmore.com\/fr\/tours\/lautriche-fr\/vienna-fr\/transfert-prive-de-vienne-a-bratislava\/#breadcrumb\",\"itemListElement\":[{\"@type\":\"ListItem\",\"position\":1,\"name\":\"Home\",\"item\":\"https:\/\/tourtravelandmore.com\/fr\/\"},{\"@type\":\"ListItem\",\"position\":2,\"name\":\"Tours\",\"item\":\"https:\/\/tourtravelandmore.com\/fr\/tours\/\"},{\"@type\":\"ListItem\",\"position\":3,\"name\":\"Transfert priv\u00e9 de Vienne \u00e0 Bratislava\"}]},{\"@type\":\"WebSite\",\"@id\":\"https:\/\/tourtravelandmore.com\/fr\/#website\",\"url\":\"https:\/\/tourtravelandmore.com\/fr\/\",\"name\":\"Tour Travel And More\",\"description\":\"Private sightseeing tours and luxury transfers in Spain\",\"publisher\":{\"@id\":\"https:\/\/tourtravelandmore.com\/fr\/#organization\"},\"potentialAction\":[{\"@type\":\"SearchAction\",\"target\":{\"@type\":\"EntryPoint\",\"urlTemplate\":\"https:\/\/tourtravelandmore.com\/fr\/?s={search_term_string}\"},\"query-input\":{\"@type\":\"PropertyValueSpecification\",\"valueRequired\":true,\"valueName\":\"search_term_string\"}}],\"inLanguage\":\"fr-FR\"},{\"@type\":\"Organization\",\"@id\":\"https:\/\/tourtravelandmore.com\/fr\/#organization\",\"name\":\"Tour Travel And More\",\"url\":\"https:\/\/tourtravelandmore.com\/fr\/\",\"logo\":{\"@type\":\"ImageObject\",\"inLanguage\":\"fr-FR\",\"@id\":\"https:\/\/tourtravelandmore.com\/fr\/#\/schema\/logo\/image\/\",\"url\":\"https:\/\/tourtravelandmore.com\/wp-content\/uploads\/2022\/12\/cropped-logo-cabecera-new.png\",\"contentUrl\":\"https:\/\/tourtravelandmore.com\/wp-content\/uploads\/2022\/12\/cropped-logo-cabecera-new.png\",\"width\":430,\"height\":61,\"caption\":\"Tour Travel And More\"},\"image\":{\"@id\":\"https:\/\/tourtravelandmore.com\/fr\/#\/schema\/logo\/image\/\"},\"sameAs\":[\"https:\/\/www.facebook.com\/tourtravelandmore\/\",\"https:\/\/x.com\/TourTravel_More\"]}]}<\/script>\n<!-- \/ Yoast SEO Premium plugin. -->","yoast_head_json":{"title":"\u27a1\ufe0f Transfert priv\u00e9 de luxe : Vienne \u00e0 Bratislava avec Tour Travel and More","description":"Faites l'exp\u00e9rience du meilleur transfert entre Vienne et Bratislava. Luxuriez dans le confort et arrivez pr\u00eat \u00e0 explorer les sites embl\u00e9matiques de Bratislava. \u2705","robots":{"index":"index","follow":"follow","max-snippet":"max-snippet:-1","max-image-preview":"max-image-preview:large","max-video-preview":"max-video-preview:-1"},"canonical":"https:\/\/tourtravelandmore.com\/fr\/tours\/lautriche-fr\/vienna-fr\/transfert-prive-de-vienne-a-bratislava\/","og_locale":"fr_FR","og_type":"article","og_title":"Transfert priv\u00e9 de Vienne \u00e0 Bratislava","og_description":"Faites l'exp\u00e9rience du meilleur transfert entre Vienne et Bratislava. Luxuriez dans le confort et arrivez pr\u00eat \u00e0 explorer les sites embl\u00e9matiques de Bratislava. \u2705","og_url":"https:\/\/tourtravelandmore.com\/fr\/tours\/lautriche-fr\/vienna-fr\/transfert-prive-de-vienne-a-bratislava\/","og_site_name":"Tour Travel And More","article_publisher":"https:\/\/www.facebook.com\/tourtravelandmore\/","article_modified_time":"2023-10-30T15:25:40+00:00","og_image":[{"width":950,"height":750,"url":"https:\/\/tourtravelandmore.com\/wp-content\/uploads\/2023\/10\/image1-10.jpg","type":"image\/jpeg"}],"twitter_card":"summary_large_image","twitter_site":"@TourTravel_More","twitter_misc":{"Dur\u00e9e de lecture estim\u00e9e":"4 minutes"},"schema":{"@context":"https:\/\/schema.org","@graph":[{"@type":"WebPage","@id":"https:\/\/tourtravelandmore.com\/fr\/tours\/lautriche-fr\/vienna-fr\/transfert-prive-de-vienne-a-bratislava\/","url":"https:\/\/tourtravelandmore.com\/fr\/tours\/lautriche-fr\/vienna-fr\/transfert-prive-de-vienne-a-bratislava\/","name":"\u27a1\ufe0f Transfert priv\u00e9 de luxe : Vienne \u00e0 Bratislava avec Tour Travel and More","isPartOf":{"@id":"https:\/\/tourtravelandmore.com\/fr\/#website"},"primaryImageOfPage":{"@id":"https:\/\/tourtravelandmore.com\/fr\/tours\/lautriche-fr\/vienna-fr\/transfert-prive-de-vienne-a-bratislava\/#primaryimage"},"image":{"@id":"https:\/\/tourtravelandmore.com\/fr\/tours\/lautriche-fr\/vienna-fr\/transfert-prive-de-vienne-a-bratislava\/#primaryimage"},"thumbnailUrl":"https:\/\/tourtravelandmore.com\/wp-content\/uploads\/2023\/10\/image1-10.jpg","datePublished":"2023-10-30T15:14:15+00:00","dateModified":"2023-10-30T15:25:40+00:00","description":"Faites l'exp\u00e9rience du meilleur transfert entre Vienne et Bratislava. Luxuriez dans le confort et arrivez pr\u00eat \u00e0 explorer les sites embl\u00e9matiques de Bratislava. \u2705","breadcrumb":{"@id":"https:\/\/tourtravelandmore.com\/fr\/tours\/lautriche-fr\/vienna-fr\/transfert-prive-de-vienne-a-bratislava\/#breadcrumb"},"inLanguage":"fr-FR","potentialAction":[{"@type":"ReadAction","target":["https:\/\/tourtravelandmore.com\/fr\/tours\/lautriche-fr\/vienna-fr\/transfert-prive-de-vienne-a-bratislava\/"]}]},{"@type":"ImageObject","inLanguage":"fr-FR","@id":"https:\/\/tourtravelandmore.com\/fr\/tours\/lautriche-fr\/vienna-fr\/transfert-prive-de-vienne-a-bratislava\/#primaryimage","url":"https:\/\/tourtravelandmore.com\/wp-content\/uploads\/2023\/10\/image1-10.jpg","contentUrl":"https:\/\/tourtravelandmore.com\/wp-content\/uploads\/2023\/10\/image1-10.jpg","width":950,"height":750},{"@type":"BreadcrumbList","@id":"https:\/\/tourtravelandmore.com\/fr\/tours\/lautriche-fr\/vienna-fr\/transfert-prive-de-vienne-a-bratislava\/#breadcrumb","itemListElement":[{"@type":"ListItem","position":1,"name":"Home","item":"https:\/\/tourtravelandmore.com\/fr\/"},{"@type":"ListItem","position":2,"name":"Tours","item":"https:\/\/tourtravelandmore.com\/fr\/tours\/"},{"@type":"ListItem","position":3,"name":"Transfert priv\u00e9 de Vienne \u00e0 Bratislava"}]},{"@type":"WebSite","@id":"https:\/\/tourtravelandmore.com\/fr\/#website","url":"https:\/\/tourtravelandmore.com\/fr\/","name":"Tour Travel And More","description":"Private sightseeing tours and luxury transfers in Spain","publisher":{"@id":"https:\/\/tourtravelandmore.com\/fr\/#organization"},"potentialAction":[{"@type":"SearchAction","target":{"@type":"EntryPoint","urlTemplate":"https:\/\/tourtravelandmore.com\/fr\/?s={search_term_string}"},"query-input":{"@type":"PropertyValueSpecification","valueRequired":true,"valueName":"search_term_string"}}],"inLanguage":"fr-FR"},{"@type":"Organization","@id":"https:\/\/tourtravelandmore.com\/fr\/#organization","name":"Tour Travel And More","url":"https:\/\/tourtravelandmore.com\/fr\/","logo":{"@type":"ImageObject","inLanguage":"fr-FR","@id":"https:\/\/tourtravelandmore.com\/fr\/#\/schema\/logo\/image\/","url":"https:\/\/tourtravelandmore.com\/wp-content\/uploads\/2022\/12\/cropped-logo-cabecera-new.png","contentUrl":"https:\/\/tourtravelandmore.com\/wp-content\/uploads\/2022\/12\/cropped-logo-cabecera-new.png","width":430,"height":61,"caption":"Tour Travel And More"},"image":{"@id":"https:\/\/tourtravelandmore.com\/fr\/#\/schema\/logo\/image\/"},"sameAs":["https:\/\/www.facebook.com\/tourtravelandmore\/","https:\/\/x.com\/TourTravel_More"]}]}},"_links":{"self":[{"href":"https:\/\/tourtravelandmore.com\/fr\/wp-json\/wp\/v2\/product\/170729","targetHints":{"allow":["GET"]}}],"collection":[{"href":"https:\/\/tourtravelandmore.com\/fr\/wp-json\/wp\/v2\/product"}],"about":[{"href":"https:\/\/tourtravelandmore.com\/fr\/wp-json\/wp\/v2\/types\/product"}],"replies":[{"embeddable":true,"href":"https:\/\/tourtravelandmore.com\/fr\/wp-json\/wp\/v2\/comments?post=170729"}],"wp:featuredmedia":[{"embeddable":true,"href":"https:\/\/tourtravelandmore.com\/fr\/wp-json\/wp\/v2\/media\/170739"}],"wp:attachment":[{"href":"https:\/\/tourtravelandmore.com\/fr\/wp-json\/wp\/v2\/media?parent=170729"}],"wp:term":[{"taxonomy":"product_brand","embeddable":true,"href":"https:\/\/tourtravelandmore.com\/fr\/wp-json\/wp\/v2\/product_brand?post=170729"},{"taxonomy":"product_cat","embeddable":true,"href":"https:\/\/tourtravelandmore.com\/fr\/wp-json\/wp\/v2\/product_cat?post=170729"},{"taxonomy":"product_tag","embeddable":true,"href":"https:\/\/tourtravelandmore.com\/fr\/wp-json\/wp\/v2\/product_tag?post=170729"}],"curies":[{"name":"wp","href":"https:\/\/api.w.org\/{rel}","templated":true}]}}