{"id":170581,"date":"2023-10-06T10:58:30","date_gmt":"2023-10-06T08:58:39","guid":{"rendered":"https:\/\/tourtravelandmore.com\/?post_type=product&#038;p=170581"},"modified":"2023-10-18T21:24:05","modified_gmt":"2023-10-18T19:24:05","slug":"visite-privee-du-palais-et-des-jardins-de-queluz-a-sintra-et-cascais-depuis-lisbonne","status":"publish","type":"product","link":"https:\/\/tourtravelandmore.com\/fr\/tours\/portugal-fr\/lisbon-fr\/visite-privee-du-palais-et-des-jardins-de-queluz-a-sintra-et-cascais-depuis-lisbonne\/","title":{"rendered":"Visite priv\u00e9e d&#8217;une journ\u00e9e de Sintra et Cascais avec Pal\u00e1cio Queluz"},"content":{"rendered":"<h2><b>Visite priv\u00e9e du palais et des jardins de Queluz \u00e0 Sintra et Cascais depuis Lisbonne Description :<\/b><\/h2>\n<p><span style=\"font-weight: 400;\">Embrassez la majest\u00e9 et l&#8217;\u00e9l\u00e9gance des \u00e9poques r\u00e9volues du Portugal avec notre visite priv\u00e9e du palais et des jardins de Queluz \u00e0 Sintra et Cascais, m\u00e9ticuleusement planifi\u00e9e par Tour Travel and More. Partez de Lisbonne dans une voiture priv\u00e9e, en profitant de son confort, jusqu&#8217;\u00e0 ce que l&#8217;opulence du palais de Queluz vous accueille. V\u00e9ritable phare du style rococo du XVIIIe si\u00e8cle, le palais de Queluz, avec ses int\u00e9rieurs \u00e9labor\u00e9s et ses salles riches en histoire, brosse un tableau vivant de l&#8217;h\u00e9ritage monarchique du Portugal. Les jardins du palais, chefs-d&#8217;\u0153uvre en soi, racontent des histoires \u00e0 travers leurs haies soign\u00e9es, leurs fontaines d\u00e9coratives et leurs statuettes. En partant de Queluz, vous vous laisserez enchanter par les for\u00eats de Sintra, puis par l&#8217;attrait de la c\u00f4te de Cascais. Avec un guide expert \u00e0 vos c\u00f4t\u00e9s tout au long des 8 heures de voyage, l&#8217;histoire, l&#8217;art et la nature convergent pour offrir une exp\u00e9rience immersive.<\/span><\/p>\n<p><span style=\"font-weight: 400;\">Poursuivez votre journ\u00e9e par une promenade dans les couloirs du temps \u00e0 Sintra, une ville qui m\u00eale sans peine la grandeur de son pass\u00e9 royal au mysticisme de son arri\u00e8re-plan montagneux. Sentez le doux murmure des contes anciens en explorant ses rues pav\u00e9es, parsem\u00e9es de p\u00e2tisseries servant les c\u00e9l\u00e8bres &#8220;travesseiros&#8221; et &#8220;queijadas&#8221;. Le voyage prend ensuite une tournure rafra\u00eechissante en direction de l&#8217;oc\u00e9an Atlantique. \u00c0 Cascais, le doux clapotis des vagues sert de toile de fond \u00e0 son port de p\u00eache anim\u00e9 et \u00e0 ses places ensoleill\u00e9es. Au terme de cette visite, vous vous retrouverez avec une toile de souvenirs &#8211; du flair aristocratique de Queluz aux horizons ensoleill\u00e9s de Cascais &#8211; peignant une journ\u00e9e d&#8217;une richesse in\u00e9gal\u00e9e.<\/span><\/p>\n<h2><b>Visite priv\u00e9e du palais et des jardins de Queluz \u00e0 Sintra et Cascais au d\u00e9part de Lisbonne Points forts :<\/b><\/h2>\n<p><span style=\"font-weight: 400;\">Voyage \u00e0 travers un m\u00e9lange captivant de merveilles de la nature et de splendeurs architecturales. Le palais de Queluz, dans son \u00e9clat rococo, illustre la grandeur du pass\u00e9 royal du Portugal. Ses jardins, d\u00e9licate fusion du design et de la nature, offrent une escapade sereine. Sintra, avec son allure romantique, et Cascais, avec son h\u00e9ritage maritime, sont les prolongements parfaits, chacun offrant des points forts distincts, mais harmonieusement combin\u00e9s. Des chambres palatiales aux rues baign\u00e9es par la mer, ce circuit promet une abondance de beaut\u00e9 et de connaissances.<\/span><\/p>\n<h3><span style=\"font-weight: 400;\">Sites et lieux d&#8217;int\u00e9r\u00eat populaires :<\/span><\/h3>\n<ul>\n<li style=\"font-weight: 400;\" aria-level=\"1\"><b>Palais de Queluz :<\/b><span style=\"font-weight: 400;\"> Exemple m\u00eame des styles rococo et n\u00e9oclassique du XVIIIe si\u00e8cle, le palais de Queluz t\u00e9moigne de la vie luxueuse de la royaut\u00e9 portugaise. Ses int\u00e9rieurs, orn\u00e9s de lustres d\u00e9coratifs, de meubles luxueux et de carreaux peints \u00e0 la main, transportent les visiteurs \u00e0 une \u00e9poque d&#8217;opulence in\u00e9gal\u00e9e.<\/span><\/li>\n<li style=\"font-weight: 400;\" aria-level=\"1\"><b>Jardins de Queluz : <\/b><span style=\"font-weight: 400;\">S&#8217;\u00e9tendant sur les vastes terrains du palais, ces jardins servent de pi\u00e8ces ext\u00e9rieures. Avec leur am\u00e9nagement paysager m\u00e9ticuleux, leurs fontaines baroques et leurs statues, les jardins racontent l&#8217;histoire des rois qui se sont promen\u00e9s dans leurs all\u00e9es.<\/span><\/li>\n<li style=\"font-weight: 400;\" aria-level=\"1\"><b>Sintra :<\/b><span style=\"font-weight: 400;\"> Nich\u00e9e dans les montagnes de Sintra, cette ville est un terrain de jeu pour les retraites royales et les for\u00eats \u00e9nigmatiques. Son charme brumeux et ses ch\u00e2teaux de conte de f\u00e9es ont longtemps servi de muse aux po\u00e8tes et aux artistes.<\/span><\/li>\n<li style=\"font-weight: 400;\" aria-level=\"1\"><b>Cascais :<\/b><span style=\"font-weight: 400;\"> Ville o\u00f9 la terre rencontre la mer, Cascais est une magnifique juxtaposition de rues historiques, de marinas modernes et de plages dor\u00e9es. Son essence maritime et son pass\u00e9 royal en font une destination de choix.<\/span><\/li>\n<li style=\"font-weight: 400;\" aria-level=\"1\"><b>Fontaine mauresque dans les jardins de Queluz :<\/b><span style=\"font-weight: 400;\"> M\u00e9lange fascinant d&#8217;influences culturelles, cette fontaine embl\u00e9matique des jardins de Queluz t\u00e9moigne de l&#8217;impact de l&#8217;architecture mauresque sur l&#8217;esth\u00e9tique portugaise. Avec ses tuiles complexes et son design sym\u00e9trique, elle constitue une oasis d&#8217;art rafra\u00eechissante au milieu de la verdure.<\/span><\/li>\n<li style=\"font-weight: 400;\" aria-level=\"1\"><b>Cabo da Roca \u00e0 Sintra : <\/b><span style=\"font-weight: 400;\">Point le plus \u00e0 l&#8217;ouest de l&#8217;Europe continentale, Cabo da Roca offre une vue imprenable sur le vaste Atlantique. Marqu\u00e9 par un phare et des falaises escarp\u00e9es, c&#8217;est un endroit o\u00f9 la terre semble se terminer, ce qui en fait une visite incontournable pour les amateurs de nature.<\/span><\/li>\n<li style=\"font-weight: 400;\" aria-level=\"1\"><b>Boca do Inferno \u00e0 Cascais :<\/b><span style=\"font-weight: 400;\"> Ce gouffre spectaculaire situ\u00e9 au bord de l&#8217;oc\u00e9an offre un spectacle naturel. Les vagues incessantes qui s&#8217;\u00e9crasent dans les cavernes ont inspir\u00e9 de nombreuses l\u00e9gendes, et le site offre un point de vue palpitant pour assister \u00e0 la puissance brute de la nature.<\/span><\/li>\n<\/ul>\n<p>&nbsp;<\/p>\n<p><a href=\"https:\/\/tourtravelandmore.com\/fr\/city\/portugal-fr\/lisbon-fr\/\"><span style=\"font-weight: 400;\">Pour ceux qui souhaitent d\u00e9couvrir d&#8217;autres joyaux du Portugal, nous vous invitons \u00e0 parcourir notre vaste gamme de circuits, en particulier \u00e0 Lisbonne<\/span><\/a><span style=\"font-weight: 400;\">. <\/span><span style=\"font-weight: 400;\">Tour Travel and More s&#8217;engage \u00e0 vous faire vivre des exp\u00e9riences exceptionnelles qui vous laisseront des souvenirs imp\u00e9rissables. Visitez Tour Travel and More pour d\u00e9couvrir la myriade d&#8217;aventures qui vous attendent.<\/span><\/p>\n","protected":false},"excerpt":{"rendered":"<p><span style=\"font-weight: 400;\">D\u00e9couvrez les h\u00e9ritages royaux et maritimes du Portugal avec notre visite de 8 heures du palais de Queluz, de Sintra et de Cascais au d\u00e9part de Lisbonne. Soyez t\u00e9moin de l&#8217;opulence du XVIIIe si\u00e8cle de Queluz, explorez l&#8217;allure romantique de Sintra et profitez du charme c\u00f4tier de Cascais, le tout avec les conseils de notre guide expert.<\/span><\/p>\n","protected":false},"featured_media":170591,"comment_status":"open","ping_status":"closed","template":"","meta":{"_acf_changed":false},"product_brand":[],"product_cat":[4467,4469,3665],"product_tag":[],"class_list":{"0":"post-170581","1":"product","2":"type-product","3":"status-publish","4":"has-post-thumbnail","6":"product_cat-toutes-les-visites-et-activites-privees-fr-5","7":"product_cat-visites-guidees-privees-fr-6","8":"product_cat-lisbon-fr","10":"first","11":"instock","12":"shipping-taxable","13":"purchasable","14":"product-type-simple"},"acf":[],"yoast_head":"<!-- This site is optimized with the Yoast SEO Premium plugin v25.3.1 (Yoast SEO v25.3.1) - https:\/\/yoast.com\/wordpress\/plugins\/seo\/ -->\n<title>\u27a1\ufe0f Visite priv\u00e9e du palais de Queluz, de Sintra et de Cascais depuis Lisbonne<\/title>\n<meta name=\"description\" content=\"D\u00e9couvrez la grandeur royale et la beaut\u00e9 c\u00f4ti\u00e8re du Portugal en une journ\u00e9e : Le palais de Queluz, l&#039;enchanteresse Sintra et la pittoresque Cascais vous attendent. Plongez dans l&#039;histoire et la nature avec nous ! \u2705\" \/>\n<meta name=\"robots\" content=\"index, follow, max-snippet:-1, max-image-preview:large, max-video-preview:-1\" \/>\n<link rel=\"canonical\" href=\"https:\/\/tourtravelandmore.com\/fr\/tours\/portugal-fr\/lisbon-fr\/visite-privee-du-palais-et-des-jardins-de-queluz-a-sintra-et-cascais-depuis-lisbonne\/\" \/>\n<meta property=\"og:locale\" content=\"fr_FR\" \/>\n<meta property=\"og:type\" content=\"article\" \/>\n<meta property=\"og:title\" content=\"Visite priv\u00e9e d&#039;une journ\u00e9e de Sintra et Cascais avec Pal\u00e1cio Queluz\" \/>\n<meta property=\"og:description\" content=\"D\u00e9couvrez la grandeur royale et la beaut\u00e9 c\u00f4ti\u00e8re du Portugal en une journ\u00e9e : Le palais de Queluz, l&#039;enchanteresse Sintra et la pittoresque Cascais vous attendent. Plongez dans l&#039;histoire et la nature avec nous ! \u2705\" \/>\n<meta property=\"og:url\" content=\"https:\/\/tourtravelandmore.com\/fr\/tours\/portugal-fr\/lisbon-fr\/visite-privee-du-palais-et-des-jardins-de-queluz-a-sintra-et-cascais-depuis-lisbonne\/\" \/>\n<meta property=\"og:site_name\" content=\"Tour Travel And More\" \/>\n<meta property=\"article:publisher\" content=\"https:\/\/www.facebook.com\/tourtravelandmore\/\" \/>\n<meta property=\"article:modified_time\" content=\"2023-10-18T19:24:05+00:00\" \/>\n<meta property=\"og:image\" content=\"https:\/\/tourtravelandmore.com\/wp-content\/uploads\/2023\/10\/image1-9.jpg\" \/>\n\t<meta property=\"og:image:width\" content=\"900\" \/>\n\t<meta property=\"og:image:height\" content=\"750\" \/>\n\t<meta property=\"og:image:type\" content=\"image\/jpeg\" \/>\n<meta name=\"twitter:card\" content=\"summary_large_image\" \/>\n<meta name=\"twitter:site\" content=\"@TourTravel_More\" \/>\n<meta name=\"twitter:label1\" content=\"Dur\u00e9e de lecture estim\u00e9e\" \/>\n\t<meta name=\"twitter:data1\" content=\"4 minutes\" \/>\n<script type=\"application\/ld+json\" class=\"yoast-schema-graph\">{\"@context\":\"https:\/\/schema.org\",\"@graph\":[{\"@type\":\"WebPage\",\"@id\":\"https:\/\/tourtravelandmore.com\/fr\/tours\/portugal-fr\/lisbon-fr\/visite-privee-du-palais-et-des-jardins-de-queluz-a-sintra-et-cascais-depuis-lisbonne\/\",\"url\":\"https:\/\/tourtravelandmore.com\/fr\/tours\/portugal-fr\/lisbon-fr\/visite-privee-du-palais-et-des-jardins-de-queluz-a-sintra-et-cascais-depuis-lisbonne\/\",\"name\":\"\u27a1\ufe0f Visite priv\u00e9e du palais de Queluz, de Sintra et de Cascais depuis Lisbonne\",\"isPartOf\":{\"@id\":\"https:\/\/tourtravelandmore.com\/fr\/#website\"},\"primaryImageOfPage\":{\"@id\":\"https:\/\/tourtravelandmore.com\/fr\/tours\/portugal-fr\/lisbon-fr\/visite-privee-du-palais-et-des-jardins-de-queluz-a-sintra-et-cascais-depuis-lisbonne\/#primaryimage\"},\"image\":{\"@id\":\"https:\/\/tourtravelandmore.com\/fr\/tours\/portugal-fr\/lisbon-fr\/visite-privee-du-palais-et-des-jardins-de-queluz-a-sintra-et-cascais-depuis-lisbonne\/#primaryimage\"},\"thumbnailUrl\":\"https:\/\/tourtravelandmore.com\/wp-content\/uploads\/2023\/10\/image1-9.jpg\",\"datePublished\":\"2023-10-06T08:58:39+00:00\",\"dateModified\":\"2023-10-18T19:24:05+00:00\",\"description\":\"D\u00e9couvrez la grandeur royale et la beaut\u00e9 c\u00f4ti\u00e8re du Portugal en une journ\u00e9e : Le palais de Queluz, l'enchanteresse Sintra et la pittoresque Cascais vous attendent. Plongez dans l'histoire et la nature avec nous ! \u2705\",\"breadcrumb\":{\"@id\":\"https:\/\/tourtravelandmore.com\/fr\/tours\/portugal-fr\/lisbon-fr\/visite-privee-du-palais-et-des-jardins-de-queluz-a-sintra-et-cascais-depuis-lisbonne\/#breadcrumb\"},\"inLanguage\":\"fr-FR\",\"potentialAction\":[{\"@type\":\"ReadAction\",\"target\":[\"https:\/\/tourtravelandmore.com\/fr\/tours\/portugal-fr\/lisbon-fr\/visite-privee-du-palais-et-des-jardins-de-queluz-a-sintra-et-cascais-depuis-lisbonne\/\"]}]},{\"@type\":\"ImageObject\",\"inLanguage\":\"fr-FR\",\"@id\":\"https:\/\/tourtravelandmore.com\/fr\/tours\/portugal-fr\/lisbon-fr\/visite-privee-du-palais-et-des-jardins-de-queluz-a-sintra-et-cascais-depuis-lisbonne\/#primaryimage\",\"url\":\"https:\/\/tourtravelandmore.com\/wp-content\/uploads\/2023\/10\/image1-9.jpg\",\"contentUrl\":\"https:\/\/tourtravelandmore.com\/wp-content\/uploads\/2023\/10\/image1-9.jpg\",\"width\":900,\"height\":750},{\"@type\":\"BreadcrumbList\",\"@id\":\"https:\/\/tourtravelandmore.com\/fr\/tours\/portugal-fr\/lisbon-fr\/visite-privee-du-palais-et-des-jardins-de-queluz-a-sintra-et-cascais-depuis-lisbonne\/#breadcrumb\",\"itemListElement\":[{\"@type\":\"ListItem\",\"position\":1,\"name\":\"Home\",\"item\":\"https:\/\/tourtravelandmore.com\/fr\/\"},{\"@type\":\"ListItem\",\"position\":2,\"name\":\"Tours\",\"item\":\"https:\/\/tourtravelandmore.com\/fr\/tours\/\"},{\"@type\":\"ListItem\",\"position\":3,\"name\":\"Visite priv\u00e9e d&rsquo;une journ\u00e9e de Sintra et Cascais avec Pal\u00e1cio Queluz\"}]},{\"@type\":\"WebSite\",\"@id\":\"https:\/\/tourtravelandmore.com\/fr\/#website\",\"url\":\"https:\/\/tourtravelandmore.com\/fr\/\",\"name\":\"Tour Travel And More\",\"description\":\"Private sightseeing tours and luxury transfers in Spain\",\"publisher\":{\"@id\":\"https:\/\/tourtravelandmore.com\/fr\/#organization\"},\"potentialAction\":[{\"@type\":\"SearchAction\",\"target\":{\"@type\":\"EntryPoint\",\"urlTemplate\":\"https:\/\/tourtravelandmore.com\/fr\/?s={search_term_string}\"},\"query-input\":{\"@type\":\"PropertyValueSpecification\",\"valueRequired\":true,\"valueName\":\"search_term_string\"}}],\"inLanguage\":\"fr-FR\"},{\"@type\":\"Organization\",\"@id\":\"https:\/\/tourtravelandmore.com\/fr\/#organization\",\"name\":\"Tour Travel And More\",\"url\":\"https:\/\/tourtravelandmore.com\/fr\/\",\"logo\":{\"@type\":\"ImageObject\",\"inLanguage\":\"fr-FR\",\"@id\":\"https:\/\/tourtravelandmore.com\/fr\/#\/schema\/logo\/image\/\",\"url\":\"https:\/\/tourtravelandmore.com\/wp-content\/uploads\/2022\/12\/cropped-logo-cabecera-new.png\",\"contentUrl\":\"https:\/\/tourtravelandmore.com\/wp-content\/uploads\/2022\/12\/cropped-logo-cabecera-new.png\",\"width\":430,\"height\":61,\"caption\":\"Tour Travel And More\"},\"image\":{\"@id\":\"https:\/\/tourtravelandmore.com\/fr\/#\/schema\/logo\/image\/\"},\"sameAs\":[\"https:\/\/www.facebook.com\/tourtravelandmore\/\",\"https:\/\/x.com\/TourTravel_More\"]}]}<\/script>\n<!-- \/ Yoast SEO Premium plugin. -->","yoast_head_json":{"title":"\u27a1\ufe0f Visite priv\u00e9e du palais de Queluz, de Sintra et de Cascais depuis Lisbonne","description":"D\u00e9couvrez la grandeur royale et la beaut\u00e9 c\u00f4ti\u00e8re du Portugal en une journ\u00e9e : Le palais de Queluz, l'enchanteresse Sintra et la pittoresque Cascais vous attendent. Plongez dans l'histoire et la nature avec nous ! \u2705","robots":{"index":"index","follow":"follow","max-snippet":"max-snippet:-1","max-image-preview":"max-image-preview:large","max-video-preview":"max-video-preview:-1"},"canonical":"https:\/\/tourtravelandmore.com\/fr\/tours\/portugal-fr\/lisbon-fr\/visite-privee-du-palais-et-des-jardins-de-queluz-a-sintra-et-cascais-depuis-lisbonne\/","og_locale":"fr_FR","og_type":"article","og_title":"Visite priv\u00e9e d'une journ\u00e9e de Sintra et Cascais avec Pal\u00e1cio Queluz","og_description":"D\u00e9couvrez la grandeur royale et la beaut\u00e9 c\u00f4ti\u00e8re du Portugal en une journ\u00e9e : Le palais de Queluz, l'enchanteresse Sintra et la pittoresque Cascais vous attendent. Plongez dans l'histoire et la nature avec nous ! \u2705","og_url":"https:\/\/tourtravelandmore.com\/fr\/tours\/portugal-fr\/lisbon-fr\/visite-privee-du-palais-et-des-jardins-de-queluz-a-sintra-et-cascais-depuis-lisbonne\/","og_site_name":"Tour Travel And More","article_publisher":"https:\/\/www.facebook.com\/tourtravelandmore\/","article_modified_time":"2023-10-18T19:24:05+00:00","og_image":[{"width":900,"height":750,"url":"https:\/\/tourtravelandmore.com\/wp-content\/uploads\/2023\/10\/image1-9.jpg","type":"image\/jpeg"}],"twitter_card":"summary_large_image","twitter_site":"@TourTravel_More","twitter_misc":{"Dur\u00e9e de lecture estim\u00e9e":"4 minutes"},"schema":{"@context":"https:\/\/schema.org","@graph":[{"@type":"WebPage","@id":"https:\/\/tourtravelandmore.com\/fr\/tours\/portugal-fr\/lisbon-fr\/visite-privee-du-palais-et-des-jardins-de-queluz-a-sintra-et-cascais-depuis-lisbonne\/","url":"https:\/\/tourtravelandmore.com\/fr\/tours\/portugal-fr\/lisbon-fr\/visite-privee-du-palais-et-des-jardins-de-queluz-a-sintra-et-cascais-depuis-lisbonne\/","name":"\u27a1\ufe0f Visite priv\u00e9e du palais de Queluz, de Sintra et de Cascais depuis Lisbonne","isPartOf":{"@id":"https:\/\/tourtravelandmore.com\/fr\/#website"},"primaryImageOfPage":{"@id":"https:\/\/tourtravelandmore.com\/fr\/tours\/portugal-fr\/lisbon-fr\/visite-privee-du-palais-et-des-jardins-de-queluz-a-sintra-et-cascais-depuis-lisbonne\/#primaryimage"},"image":{"@id":"https:\/\/tourtravelandmore.com\/fr\/tours\/portugal-fr\/lisbon-fr\/visite-privee-du-palais-et-des-jardins-de-queluz-a-sintra-et-cascais-depuis-lisbonne\/#primaryimage"},"thumbnailUrl":"https:\/\/tourtravelandmore.com\/wp-content\/uploads\/2023\/10\/image1-9.jpg","datePublished":"2023-10-06T08:58:39+00:00","dateModified":"2023-10-18T19:24:05+00:00","description":"D\u00e9couvrez la grandeur royale et la beaut\u00e9 c\u00f4ti\u00e8re du Portugal en une journ\u00e9e : Le palais de Queluz, l'enchanteresse Sintra et la pittoresque Cascais vous attendent. Plongez dans l'histoire et la nature avec nous ! \u2705","breadcrumb":{"@id":"https:\/\/tourtravelandmore.com\/fr\/tours\/portugal-fr\/lisbon-fr\/visite-privee-du-palais-et-des-jardins-de-queluz-a-sintra-et-cascais-depuis-lisbonne\/#breadcrumb"},"inLanguage":"fr-FR","potentialAction":[{"@type":"ReadAction","target":["https:\/\/tourtravelandmore.com\/fr\/tours\/portugal-fr\/lisbon-fr\/visite-privee-du-palais-et-des-jardins-de-queluz-a-sintra-et-cascais-depuis-lisbonne\/"]}]},{"@type":"ImageObject","inLanguage":"fr-FR","@id":"https:\/\/tourtravelandmore.com\/fr\/tours\/portugal-fr\/lisbon-fr\/visite-privee-du-palais-et-des-jardins-de-queluz-a-sintra-et-cascais-depuis-lisbonne\/#primaryimage","url":"https:\/\/tourtravelandmore.com\/wp-content\/uploads\/2023\/10\/image1-9.jpg","contentUrl":"https:\/\/tourtravelandmore.com\/wp-content\/uploads\/2023\/10\/image1-9.jpg","width":900,"height":750},{"@type":"BreadcrumbList","@id":"https:\/\/tourtravelandmore.com\/fr\/tours\/portugal-fr\/lisbon-fr\/visite-privee-du-palais-et-des-jardins-de-queluz-a-sintra-et-cascais-depuis-lisbonne\/#breadcrumb","itemListElement":[{"@type":"ListItem","position":1,"name":"Home","item":"https:\/\/tourtravelandmore.com\/fr\/"},{"@type":"ListItem","position":2,"name":"Tours","item":"https:\/\/tourtravelandmore.com\/fr\/tours\/"},{"@type":"ListItem","position":3,"name":"Visite priv\u00e9e d&rsquo;une journ\u00e9e de Sintra et Cascais avec Pal\u00e1cio Queluz"}]},{"@type":"WebSite","@id":"https:\/\/tourtravelandmore.com\/fr\/#website","url":"https:\/\/tourtravelandmore.com\/fr\/","name":"Tour Travel And More","description":"Private sightseeing tours and luxury transfers in Spain","publisher":{"@id":"https:\/\/tourtravelandmore.com\/fr\/#organization"},"potentialAction":[{"@type":"SearchAction","target":{"@type":"EntryPoint","urlTemplate":"https:\/\/tourtravelandmore.com\/fr\/?s={search_term_string}"},"query-input":{"@type":"PropertyValueSpecification","valueRequired":true,"valueName":"search_term_string"}}],"inLanguage":"fr-FR"},{"@type":"Organization","@id":"https:\/\/tourtravelandmore.com\/fr\/#organization","name":"Tour Travel And More","url":"https:\/\/tourtravelandmore.com\/fr\/","logo":{"@type":"ImageObject","inLanguage":"fr-FR","@id":"https:\/\/tourtravelandmore.com\/fr\/#\/schema\/logo\/image\/","url":"https:\/\/tourtravelandmore.com\/wp-content\/uploads\/2022\/12\/cropped-logo-cabecera-new.png","contentUrl":"https:\/\/tourtravelandmore.com\/wp-content\/uploads\/2022\/12\/cropped-logo-cabecera-new.png","width":430,"height":61,"caption":"Tour Travel And More"},"image":{"@id":"https:\/\/tourtravelandmore.com\/fr\/#\/schema\/logo\/image\/"},"sameAs":["https:\/\/www.facebook.com\/tourtravelandmore\/","https:\/\/x.com\/TourTravel_More"]}]}},"_links":{"self":[{"href":"https:\/\/tourtravelandmore.com\/fr\/wp-json\/wp\/v2\/product\/170581","targetHints":{"allow":["GET"]}}],"collection":[{"href":"https:\/\/tourtravelandmore.com\/fr\/wp-json\/wp\/v2\/product"}],"about":[{"href":"https:\/\/tourtravelandmore.com\/fr\/wp-json\/wp\/v2\/types\/product"}],"replies":[{"embeddable":true,"href":"https:\/\/tourtravelandmore.com\/fr\/wp-json\/wp\/v2\/comments?post=170581"}],"wp:featuredmedia":[{"embeddable":true,"href":"https:\/\/tourtravelandmore.com\/fr\/wp-json\/wp\/v2\/media\/170591"}],"wp:attachment":[{"href":"https:\/\/tourtravelandmore.com\/fr\/wp-json\/wp\/v2\/media?parent=170581"}],"wp:term":[{"taxonomy":"product_brand","embeddable":true,"href":"https:\/\/tourtravelandmore.com\/fr\/wp-json\/wp\/v2\/product_brand?post=170581"},{"taxonomy":"product_cat","embeddable":true,"href":"https:\/\/tourtravelandmore.com\/fr\/wp-json\/wp\/v2\/product_cat?post=170581"},{"taxonomy":"product_tag","embeddable":true,"href":"https:\/\/tourtravelandmore.com\/fr\/wp-json\/wp\/v2\/product_tag?post=170581"}],"curies":[{"name":"wp","href":"https:\/\/api.w.org\/{rel}","templated":true}]}}