{"id":170531,"date":"2023-10-05T16:34:16","date_gmt":"2023-10-05T14:34:30","guid":{"rendered":"https:\/\/tourtravelandmore.com\/?post_type=product&#038;p=170531"},"modified":"2023-10-06T13:09:52","modified_gmt":"2023-10-06T11:09:52","slug":"visite-privee-de-sintra-avec-quinta-da-regaleira-et-cascais-depuis-lisbonne","status":"publish","type":"product","link":"https:\/\/tourtravelandmore.com\/fr\/tours\/portugal-fr\/lisbon-fr\/visite-privee-de-sintra-avec-quinta-da-regaleira-et-cascais-depuis-lisbonne\/","title":{"rendered":"Visite priv\u00e9e de Sintra avec Quinta da Regaleira et Cascais depuis Lisbonne"},"content":{"rendered":"<h2><b>Visite priv\u00e9e de Sintra avec Quinta da Regaleira et Cascais depuis Lisbonne Description :<\/b><\/h2>\n<p><span style=\"font-weight: 400;\">Embarquez pour un voyage remarquable qui englobe les joyaux culturels et naturels du Portugal avec notre &#8220;Circuit priv\u00e9 de Sintra avec Quinta da Regaleira et Cascais depuis Lisbonne&#8221;, m\u00e9ticuleusement con\u00e7u par Tour Travel and More. Depuis les ruelles anim\u00e9es de Lisbonne, voyagez au c\u0153ur du Portugal dans un luxueux autocar. Sentez le charme d&#8217;antan dans la ville de Sintra, class\u00e9e par l&#8217;UNESCO, qui abrite des palais de conte de f\u00e9es et des jardins \u00e9nigmatiques. Avec un guide expert \u00e0 vos c\u00f4t\u00e9s, plongez dans l&#8217;allure mystique de la Quinta da Regaleira, connue pour son symbolisme complexe et son architecture \u00e9tonnante. Au fil de la journ\u00e9e, d\u00e9tendez-vous dans la beaut\u00e9 c\u00f4ti\u00e8re de Cascais, une ville aux sables dor\u00e9s et \u00e0 l&#8217;histoire maritime profond\u00e9ment enracin\u00e9e. D&#8217;une dur\u00e9e de 8 heures, ce circuit offre une plong\u00e9e intime dans les histoires, les paysages et l&#8217;esprit de certains des sites les plus appr\u00e9ci\u00e9s du Portugal.<\/span><\/p>\n<p><span style=\"font-weight: 400;\">L&#8217;attrait de Sintra va au-del\u00e0 de ses merveilles palatiales ; c&#8217;est un endroit o\u00f9 chaque pierre et chaque feuille semblent chuchoter des histoires anciennes. Les mosa\u00efques vibrantes de la Quinta da Regaleira, incrust\u00e9es de symboles cach\u00e9s, invitent \u00e0 l&#8217;introspection, tandis que ses jardins, remplis de sentiers cach\u00e9s et de grottes secr\u00e8tes, \u00e9voquent un sentiment d&#8217;\u00e9merveillement. Cascais, avec ses eaux azur embrassant des rivages dor\u00e9s, offre un contraste rafra\u00eechissant, incarnant l&#8217;esprit de l&#8217;Atlantique. Ses marinas sont anim\u00e9es par la modernit\u00e9, mais les places de la ville r\u00e9sonnent des m\u00e9lodies intemporelles du Portugal. Avec Tour Travel and More, chaque moment est con\u00e7u pour assurer un m\u00e9lange harmonieux de d\u00e9couverte, de r\u00e9flexion et de luxe in\u00e9gal\u00e9.<\/span><\/p>\n<h2><b>Visite priv\u00e9e de Sintra avec Quinta da Regaleira et Cascais au d\u00e9part de Lisbonne :<\/b><\/h2>\n<p><span style=\"font-weight: 400;\">Laissez-vous s\u00e9duire par l&#8217;histoire, l&#8217;architecture et la beaut\u00e9 des paysages du Portugal. Depuis les terres de r\u00eave de Quinta da Regaleira, qui r\u00e9sonnent d&#8217;histoires de franc-ma\u00e7onnerie et d&#8217;ordres anciens, jusqu&#8217;aux vues majestueuses des paysages naturels de Sintra et \u00e0 l&#8217;atmosph\u00e8re marine rafra\u00eechissante de Cascais, ce circuit tisse un r\u00e9cit du pass\u00e9 du Portugal et de sa beaut\u00e9 in\u00e9branlable. Chaque \u00e9tape est un pas dans un autre monde, o\u00f9 les histoires prennent vie et o\u00f9 le pr\u00e9sent se m\u00eale harmonieusement au pass\u00e9.<\/span><\/p>\n<h3><span style=\"font-weight: 400;\">Sites et lieux d&#8217;int\u00e9r\u00eat populaires :<\/span><\/h3>\n<ul>\n<li style=\"font-weight: 400;\" aria-level=\"1\"><b>Quinta da Regaleira \u00e0 Sintra :<\/b><span style=\"font-weight: 400;\"> Un domaine envo\u00fbtant qui incarne les id\u00e9aux artistiques et architecturaux de la p\u00e9riode romantique. Avec ses jardins labyrinthiques, ses grottes \u00e9nigmatiques et son embl\u00e9matique puits d&#8217;initiation, la Quinta da Regaleira est plus qu&#8217;un simple site historique ; c&#8217;est une invitation \u00e0 explorer un monde envelopp\u00e9 de myst\u00e8re et de symbolisme.<\/span><\/li>\n<li style=\"font-weight: 400;\" aria-level=\"1\"><b>Sintra :<\/b><span style=\"font-weight: 400;\"> Cette ville class\u00e9e au patrimoine mondial de l&#8217;UNESCO est une symphonie de paysages verdoyants et de merveilles palatiales. Chaque coin de rue murmure des histoires de monarques, de po\u00e8tes et d&#8217;artistes qui ont fait de Sintra leur sanctuaire \u00e0 l&#8217;abri du monde.<\/span><\/li>\n<li style=\"font-weight: 400;\" aria-level=\"1\"><b>Cascais :<\/b><span style=\"font-weight: 400;\"> Fusion de tradition et de modernit\u00e9, Cascais offre des plages dor\u00e9es, un port de plaisance anim\u00e9 et des traces de son histoire en tant que lieu de retraite royal privil\u00e9gi\u00e9. La vieille ville, avec ses rues pav\u00e9es et ses places anim\u00e9es, d\u00e9gage un charme authentique qui donne aux visiteurs l&#8217;impression de remonter le temps.<\/span><\/li>\n<li style=\"font-weight: 400;\" aria-level=\"1\"><b>Ch\u00e2teau maure de Sintra <\/b><span style=\"font-weight: 400;\">: Perch\u00e9s sur les montagnes de Sintra, les vestiges de cette forteresse m\u00e9di\u00e9vale t\u00e9moignent de la pr\u00e9sence islamique dans la r\u00e9gion. Les remparts du ch\u00e2teau offrent des vues panoramiques incomparables sur les paysages environnants, m\u00ealant harmonieusement la riche histoire de la r\u00e9gion \u00e0 sa beaut\u00e9 naturelle.<\/span><\/li>\n<li style=\"font-weight: 400;\" aria-level=\"1\"><b>Boca do Inferno \u00e0 Cascais :<\/b><span style=\"font-weight: 400;\"> Cette formation marine unique, qui signifie &#8220;bouche de l&#8217;enfer&#8221;, t\u00e9moigne de la puissance brute de la nature. Le gouffre sur les falaises du bord de mer offre un spectacle spectaculaire lorsque les vagues s&#8217;\u00e9crasent violemment contre les rochers. Cette merveille naturelle, avec ses vues spectaculaires, captive les visiteurs et offre une s\u00e9r\u00e9nit\u00e9 contrast\u00e9e au milieu de la mer rugissante.<\/span><\/li>\n<\/ul>\n<p><span style=\"font-weight: 400;\">Explorez la ville anim\u00e9e de Lisbonne et ses nombreuses merveilles avec Tour Travel and More. <\/span><a href=\"https:\/\/tourtravelandmore.com\/fr\/city\/portugal-fr\/lisbon-fr\/\"><span style=\"font-weight: 400;\">Visitez notre site web pour d\u00e9couvrir l&#8217;\u00e9ventail de circuits sur mesure que nous proposons, <\/span><\/a><span style=\"font-weight: 400;\">chacun d&#8217;entre eux \u00e9tant con\u00e7u pour offrir des exp\u00e9riences uniques dans et autour de Lisbonne.<\/span><\/p>\n","protected":false},"excerpt":{"rendered":"<p><span style=\"font-weight: 400;\">Plongez dans le pass\u00e9 enchanteur du Portugal avec une visite priv\u00e9e de 8 heures de la l\u00e9gendaire Quinta da Regaleira \u00e0 Sintra et de la beaut\u00e9 c\u00f4ti\u00e8re de Cascais. Des jardins \u00e9nigmatiques et des palais historiques aux plages ensoleill\u00e9es, ce voyage promet une tapisserie de souvenirs inoubliables.<\/span><\/p>\n","protected":false},"featured_media":170541,"comment_status":"open","ping_status":"closed","template":"","meta":{"_acf_changed":false},"product_brand":[],"product_cat":[4467,4469,3665],"product_tag":[],"class_list":{"0":"post-170531","1":"product","2":"type-product","3":"status-publish","4":"has-post-thumbnail","6":"product_cat-toutes-les-visites-et-activites-privees-fr-5","7":"product_cat-visites-guidees-privees-fr-6","8":"product_cat-lisbon-fr","10":"first","11":"instock","12":"shipping-taxable","13":"purchasable","14":"product-type-simple"},"acf":[],"yoast_head":"<!-- This site is optimized with the Yoast SEO Premium plugin v25.3.1 (Yoast SEO v25.3.1) - https:\/\/yoast.com\/wordpress\/plugins\/seo\/ -->\n<title>\u27a1\ufe0f Private Sintra &amp; Cascais Tour with Quinta da Regaleira Visit | Tour Travel and More<\/title>\n<meta name=\"description\" content=\"D\u00e9couvrez l&#039;essence romantique de Sintra et le charme c\u00f4tier de Cascais lors d&#039;une excursion d&#039;une journ\u00e9e avec une plong\u00e9e dans les myst\u00e8res de Quinta da Regaleira. D\u00e9couvrez le Portugal comme jamais auparavant ! \u2705\" \/>\n<meta name=\"robots\" content=\"index, follow, max-snippet:-1, max-image-preview:large, max-video-preview:-1\" \/>\n<link rel=\"canonical\" href=\"https:\/\/tourtravelandmore.com\/fr\/tours\/portugal-fr\/lisbon-fr\/visite-privee-de-sintra-avec-quinta-da-regaleira-et-cascais-depuis-lisbonne\/\" \/>\n<meta property=\"og:locale\" content=\"fr_FR\" \/>\n<meta property=\"og:type\" content=\"article\" \/>\n<meta property=\"og:title\" content=\"Visite priv\u00e9e de Sintra avec Quinta da Regaleira et Cascais depuis Lisbonne\" \/>\n<meta property=\"og:description\" content=\"D\u00e9couvrez l&#039;essence romantique de Sintra et le charme c\u00f4tier de Cascais lors d&#039;une excursion d&#039;une journ\u00e9e avec une plong\u00e9e dans les myst\u00e8res de Quinta da Regaleira. D\u00e9couvrez le Portugal comme jamais auparavant ! \u2705\" \/>\n<meta property=\"og:url\" content=\"https:\/\/tourtravelandmore.com\/fr\/tours\/portugal-fr\/lisbon-fr\/visite-privee-de-sintra-avec-quinta-da-regaleira-et-cascais-depuis-lisbonne\/\" \/>\n<meta property=\"og:site_name\" content=\"Tour Travel And More\" \/>\n<meta property=\"article:publisher\" content=\"https:\/\/www.facebook.com\/tourtravelandmore\/\" \/>\n<meta property=\"article:modified_time\" content=\"2023-10-06T11:09:52+00:00\" \/>\n<meta property=\"og:image\" content=\"https:\/\/tourtravelandmore.com\/wp-content\/uploads\/2023\/10\/image1-8.jpg\" \/>\n\t<meta property=\"og:image:width\" content=\"900\" \/>\n\t<meta property=\"og:image:height\" content=\"750\" \/>\n\t<meta property=\"og:image:type\" content=\"image\/jpeg\" \/>\n<meta name=\"twitter:card\" content=\"summary_large_image\" \/>\n<meta name=\"twitter:site\" content=\"@TourTravel_More\" \/>\n<meta name=\"twitter:label1\" content=\"Dur\u00e9e de lecture estim\u00e9e\" \/>\n\t<meta name=\"twitter:data1\" content=\"4 minutes\" \/>\n<script type=\"application\/ld+json\" class=\"yoast-schema-graph\">{\"@context\":\"https:\/\/schema.org\",\"@graph\":[{\"@type\":\"WebPage\",\"@id\":\"https:\/\/tourtravelandmore.com\/fr\/tours\/portugal-fr\/lisbon-fr\/visite-privee-de-sintra-avec-quinta-da-regaleira-et-cascais-depuis-lisbonne\/\",\"url\":\"https:\/\/tourtravelandmore.com\/fr\/tours\/portugal-fr\/lisbon-fr\/visite-privee-de-sintra-avec-quinta-da-regaleira-et-cascais-depuis-lisbonne\/\",\"name\":\"\u27a1\ufe0f Private Sintra & Cascais Tour with Quinta da Regaleira Visit | Tour Travel and More\",\"isPartOf\":{\"@id\":\"https:\/\/tourtravelandmore.com\/fr\/#website\"},\"primaryImageOfPage\":{\"@id\":\"https:\/\/tourtravelandmore.com\/fr\/tours\/portugal-fr\/lisbon-fr\/visite-privee-de-sintra-avec-quinta-da-regaleira-et-cascais-depuis-lisbonne\/#primaryimage\"},\"image\":{\"@id\":\"https:\/\/tourtravelandmore.com\/fr\/tours\/portugal-fr\/lisbon-fr\/visite-privee-de-sintra-avec-quinta-da-regaleira-et-cascais-depuis-lisbonne\/#primaryimage\"},\"thumbnailUrl\":\"https:\/\/tourtravelandmore.com\/wp-content\/uploads\/2023\/10\/image1-8.jpg\",\"datePublished\":\"2023-10-05T14:34:30+00:00\",\"dateModified\":\"2023-10-06T11:09:52+00:00\",\"description\":\"D\u00e9couvrez l'essence romantique de Sintra et le charme c\u00f4tier de Cascais lors d'une excursion d'une journ\u00e9e avec une plong\u00e9e dans les myst\u00e8res de Quinta da Regaleira. D\u00e9couvrez le Portugal comme jamais auparavant ! \u2705\",\"breadcrumb\":{\"@id\":\"https:\/\/tourtravelandmore.com\/fr\/tours\/portugal-fr\/lisbon-fr\/visite-privee-de-sintra-avec-quinta-da-regaleira-et-cascais-depuis-lisbonne\/#breadcrumb\"},\"inLanguage\":\"fr-FR\",\"potentialAction\":[{\"@type\":\"ReadAction\",\"target\":[\"https:\/\/tourtravelandmore.com\/fr\/tours\/portugal-fr\/lisbon-fr\/visite-privee-de-sintra-avec-quinta-da-regaleira-et-cascais-depuis-lisbonne\/\"]}]},{\"@type\":\"ImageObject\",\"inLanguage\":\"fr-FR\",\"@id\":\"https:\/\/tourtravelandmore.com\/fr\/tours\/portugal-fr\/lisbon-fr\/visite-privee-de-sintra-avec-quinta-da-regaleira-et-cascais-depuis-lisbonne\/#primaryimage\",\"url\":\"https:\/\/tourtravelandmore.com\/wp-content\/uploads\/2023\/10\/image1-8.jpg\",\"contentUrl\":\"https:\/\/tourtravelandmore.com\/wp-content\/uploads\/2023\/10\/image1-8.jpg\",\"width\":900,\"height\":750},{\"@type\":\"BreadcrumbList\",\"@id\":\"https:\/\/tourtravelandmore.com\/fr\/tours\/portugal-fr\/lisbon-fr\/visite-privee-de-sintra-avec-quinta-da-regaleira-et-cascais-depuis-lisbonne\/#breadcrumb\",\"itemListElement\":[{\"@type\":\"ListItem\",\"position\":1,\"name\":\"Home\",\"item\":\"https:\/\/tourtravelandmore.com\/fr\/\"},{\"@type\":\"ListItem\",\"position\":2,\"name\":\"Tours\",\"item\":\"https:\/\/tourtravelandmore.com\/fr\/tours\/\"},{\"@type\":\"ListItem\",\"position\":3,\"name\":\"Visite priv\u00e9e de Sintra avec Quinta da Regaleira et Cascais depuis Lisbonne\"}]},{\"@type\":\"WebSite\",\"@id\":\"https:\/\/tourtravelandmore.com\/fr\/#website\",\"url\":\"https:\/\/tourtravelandmore.com\/fr\/\",\"name\":\"Tour Travel And More\",\"description\":\"Private sightseeing tours and luxury transfers in Spain\",\"publisher\":{\"@id\":\"https:\/\/tourtravelandmore.com\/fr\/#organization\"},\"potentialAction\":[{\"@type\":\"SearchAction\",\"target\":{\"@type\":\"EntryPoint\",\"urlTemplate\":\"https:\/\/tourtravelandmore.com\/fr\/?s={search_term_string}\"},\"query-input\":{\"@type\":\"PropertyValueSpecification\",\"valueRequired\":true,\"valueName\":\"search_term_string\"}}],\"inLanguage\":\"fr-FR\"},{\"@type\":\"Organization\",\"@id\":\"https:\/\/tourtravelandmore.com\/fr\/#organization\",\"name\":\"Tour Travel And More\",\"url\":\"https:\/\/tourtravelandmore.com\/fr\/\",\"logo\":{\"@type\":\"ImageObject\",\"inLanguage\":\"fr-FR\",\"@id\":\"https:\/\/tourtravelandmore.com\/fr\/#\/schema\/logo\/image\/\",\"url\":\"https:\/\/tourtravelandmore.com\/wp-content\/uploads\/2022\/12\/cropped-logo-cabecera-new.png\",\"contentUrl\":\"https:\/\/tourtravelandmore.com\/wp-content\/uploads\/2022\/12\/cropped-logo-cabecera-new.png\",\"width\":430,\"height\":61,\"caption\":\"Tour Travel And More\"},\"image\":{\"@id\":\"https:\/\/tourtravelandmore.com\/fr\/#\/schema\/logo\/image\/\"},\"sameAs\":[\"https:\/\/www.facebook.com\/tourtravelandmore\/\",\"https:\/\/x.com\/TourTravel_More\"]}]}<\/script>\n<!-- \/ Yoast SEO Premium plugin. -->","yoast_head_json":{"title":"\u27a1\ufe0f Private Sintra & Cascais Tour with Quinta da Regaleira Visit | Tour Travel and More","description":"D\u00e9couvrez l'essence romantique de Sintra et le charme c\u00f4tier de Cascais lors d'une excursion d'une journ\u00e9e avec une plong\u00e9e dans les myst\u00e8res de Quinta da Regaleira. D\u00e9couvrez le Portugal comme jamais auparavant ! \u2705","robots":{"index":"index","follow":"follow","max-snippet":"max-snippet:-1","max-image-preview":"max-image-preview:large","max-video-preview":"max-video-preview:-1"},"canonical":"https:\/\/tourtravelandmore.com\/fr\/tours\/portugal-fr\/lisbon-fr\/visite-privee-de-sintra-avec-quinta-da-regaleira-et-cascais-depuis-lisbonne\/","og_locale":"fr_FR","og_type":"article","og_title":"Visite priv\u00e9e de Sintra avec Quinta da Regaleira et Cascais depuis Lisbonne","og_description":"D\u00e9couvrez l'essence romantique de Sintra et le charme c\u00f4tier de Cascais lors d'une excursion d'une journ\u00e9e avec une plong\u00e9e dans les myst\u00e8res de Quinta da Regaleira. D\u00e9couvrez le Portugal comme jamais auparavant ! \u2705","og_url":"https:\/\/tourtravelandmore.com\/fr\/tours\/portugal-fr\/lisbon-fr\/visite-privee-de-sintra-avec-quinta-da-regaleira-et-cascais-depuis-lisbonne\/","og_site_name":"Tour Travel And More","article_publisher":"https:\/\/www.facebook.com\/tourtravelandmore\/","article_modified_time":"2023-10-06T11:09:52+00:00","og_image":[{"width":900,"height":750,"url":"https:\/\/tourtravelandmore.com\/wp-content\/uploads\/2023\/10\/image1-8.jpg","type":"image\/jpeg"}],"twitter_card":"summary_large_image","twitter_site":"@TourTravel_More","twitter_misc":{"Dur\u00e9e de lecture estim\u00e9e":"4 minutes"},"schema":{"@context":"https:\/\/schema.org","@graph":[{"@type":"WebPage","@id":"https:\/\/tourtravelandmore.com\/fr\/tours\/portugal-fr\/lisbon-fr\/visite-privee-de-sintra-avec-quinta-da-regaleira-et-cascais-depuis-lisbonne\/","url":"https:\/\/tourtravelandmore.com\/fr\/tours\/portugal-fr\/lisbon-fr\/visite-privee-de-sintra-avec-quinta-da-regaleira-et-cascais-depuis-lisbonne\/","name":"\u27a1\ufe0f Private Sintra & Cascais Tour with Quinta da Regaleira Visit | Tour Travel and More","isPartOf":{"@id":"https:\/\/tourtravelandmore.com\/fr\/#website"},"primaryImageOfPage":{"@id":"https:\/\/tourtravelandmore.com\/fr\/tours\/portugal-fr\/lisbon-fr\/visite-privee-de-sintra-avec-quinta-da-regaleira-et-cascais-depuis-lisbonne\/#primaryimage"},"image":{"@id":"https:\/\/tourtravelandmore.com\/fr\/tours\/portugal-fr\/lisbon-fr\/visite-privee-de-sintra-avec-quinta-da-regaleira-et-cascais-depuis-lisbonne\/#primaryimage"},"thumbnailUrl":"https:\/\/tourtravelandmore.com\/wp-content\/uploads\/2023\/10\/image1-8.jpg","datePublished":"2023-10-05T14:34:30+00:00","dateModified":"2023-10-06T11:09:52+00:00","description":"D\u00e9couvrez l'essence romantique de Sintra et le charme c\u00f4tier de Cascais lors d'une excursion d'une journ\u00e9e avec une plong\u00e9e dans les myst\u00e8res de Quinta da Regaleira. D\u00e9couvrez le Portugal comme jamais auparavant ! \u2705","breadcrumb":{"@id":"https:\/\/tourtravelandmore.com\/fr\/tours\/portugal-fr\/lisbon-fr\/visite-privee-de-sintra-avec-quinta-da-regaleira-et-cascais-depuis-lisbonne\/#breadcrumb"},"inLanguage":"fr-FR","potentialAction":[{"@type":"ReadAction","target":["https:\/\/tourtravelandmore.com\/fr\/tours\/portugal-fr\/lisbon-fr\/visite-privee-de-sintra-avec-quinta-da-regaleira-et-cascais-depuis-lisbonne\/"]}]},{"@type":"ImageObject","inLanguage":"fr-FR","@id":"https:\/\/tourtravelandmore.com\/fr\/tours\/portugal-fr\/lisbon-fr\/visite-privee-de-sintra-avec-quinta-da-regaleira-et-cascais-depuis-lisbonne\/#primaryimage","url":"https:\/\/tourtravelandmore.com\/wp-content\/uploads\/2023\/10\/image1-8.jpg","contentUrl":"https:\/\/tourtravelandmore.com\/wp-content\/uploads\/2023\/10\/image1-8.jpg","width":900,"height":750},{"@type":"BreadcrumbList","@id":"https:\/\/tourtravelandmore.com\/fr\/tours\/portugal-fr\/lisbon-fr\/visite-privee-de-sintra-avec-quinta-da-regaleira-et-cascais-depuis-lisbonne\/#breadcrumb","itemListElement":[{"@type":"ListItem","position":1,"name":"Home","item":"https:\/\/tourtravelandmore.com\/fr\/"},{"@type":"ListItem","position":2,"name":"Tours","item":"https:\/\/tourtravelandmore.com\/fr\/tours\/"},{"@type":"ListItem","position":3,"name":"Visite priv\u00e9e de Sintra avec Quinta da Regaleira et Cascais depuis Lisbonne"}]},{"@type":"WebSite","@id":"https:\/\/tourtravelandmore.com\/fr\/#website","url":"https:\/\/tourtravelandmore.com\/fr\/","name":"Tour Travel And More","description":"Private sightseeing tours and luxury transfers in Spain","publisher":{"@id":"https:\/\/tourtravelandmore.com\/fr\/#organization"},"potentialAction":[{"@type":"SearchAction","target":{"@type":"EntryPoint","urlTemplate":"https:\/\/tourtravelandmore.com\/fr\/?s={search_term_string}"},"query-input":{"@type":"PropertyValueSpecification","valueRequired":true,"valueName":"search_term_string"}}],"inLanguage":"fr-FR"},{"@type":"Organization","@id":"https:\/\/tourtravelandmore.com\/fr\/#organization","name":"Tour Travel And More","url":"https:\/\/tourtravelandmore.com\/fr\/","logo":{"@type":"ImageObject","inLanguage":"fr-FR","@id":"https:\/\/tourtravelandmore.com\/fr\/#\/schema\/logo\/image\/","url":"https:\/\/tourtravelandmore.com\/wp-content\/uploads\/2022\/12\/cropped-logo-cabecera-new.png","contentUrl":"https:\/\/tourtravelandmore.com\/wp-content\/uploads\/2022\/12\/cropped-logo-cabecera-new.png","width":430,"height":61,"caption":"Tour Travel And More"},"image":{"@id":"https:\/\/tourtravelandmore.com\/fr\/#\/schema\/logo\/image\/"},"sameAs":["https:\/\/www.facebook.com\/tourtravelandmore\/","https:\/\/x.com\/TourTravel_More"]}]}},"_links":{"self":[{"href":"https:\/\/tourtravelandmore.com\/fr\/wp-json\/wp\/v2\/product\/170531","targetHints":{"allow":["GET"]}}],"collection":[{"href":"https:\/\/tourtravelandmore.com\/fr\/wp-json\/wp\/v2\/product"}],"about":[{"href":"https:\/\/tourtravelandmore.com\/fr\/wp-json\/wp\/v2\/types\/product"}],"replies":[{"embeddable":true,"href":"https:\/\/tourtravelandmore.com\/fr\/wp-json\/wp\/v2\/comments?post=170531"}],"wp:featuredmedia":[{"embeddable":true,"href":"https:\/\/tourtravelandmore.com\/fr\/wp-json\/wp\/v2\/media\/170541"}],"wp:attachment":[{"href":"https:\/\/tourtravelandmore.com\/fr\/wp-json\/wp\/v2\/media?parent=170531"}],"wp:term":[{"taxonomy":"product_brand","embeddable":true,"href":"https:\/\/tourtravelandmore.com\/fr\/wp-json\/wp\/v2\/product_brand?post=170531"},{"taxonomy":"product_cat","embeddable":true,"href":"https:\/\/tourtravelandmore.com\/fr\/wp-json\/wp\/v2\/product_cat?post=170531"},{"taxonomy":"product_tag","embeddable":true,"href":"https:\/\/tourtravelandmore.com\/fr\/wp-json\/wp\/v2\/product_tag?post=170531"}],"curies":[{"name":"wp","href":"https:\/\/api.w.org\/{rel}","templated":true}]}}