{"id":170504,"date":"2023-10-04T16:06:08","date_gmt":"2023-10-04T14:06:25","guid":{"rendered":"https:\/\/tourtravelandmore.com\/?post_type=product&#038;p=170504"},"modified":"2025-01-31T16:03:29","modified_gmt":"2025-01-31T15:03:29","slug":"visite-privee-du-palais-de-la-pena-a-sintra-cascais-et-estoril-depuis-lisbonne","status":"publish","type":"product","link":"https:\/\/tourtravelandmore.com\/fr\/tours\/portugal-fr\/lisbon-fr\/visite-privee-du-palais-de-la-pena-a-sintra-cascais-et-estoril-depuis-lisbonne\/","title":{"rendered":"Visite priv\u00e9e du Palais de la Pena \u00e0 Sintra, Cascais et Estoril depuis Lisbonne"},"content":{"rendered":"<h2><b>Visite priv\u00e9e du Palais de Pena \u00e0 Sintra, Cascais et Estoril depuis Lisbonne Description :<\/b><\/h2>\n<p><span style=\"font-weight: 400;\">Embarquez pour un voyage captivant au c\u0153ur du riche patrimoine portugais gr\u00e2ce \u00e0 notre &#8220;Visite priv\u00e9e du Palais de Pena \u00e0 Sintra, Cascais et Estoril au d\u00e9part de Lisbonne&#8221;, soigneusement \u00e9labor\u00e9e par Tour Travel and More. Commen\u00e7ant dans la fougueuse Lisbonne, vous voyagerez dans un luxueux autocar, accompagn\u00e9 tout au long du voyage par notre guide bien inform\u00e9. Admirez la beaut\u00e9 envo\u00fbtante du palais de Pena \u00e0 Sintra, une manifestation vivante du romantisme du XIXe si\u00e8cle et un site class\u00e9 au patrimoine mondial de l&#8217;UNESCO. Plus tard, l&#8217;excursion passe \u00e9l\u00e9gamment aux villes c\u00f4ti\u00e8res de Cascais et d&#8217;Estoril, c\u00e9l\u00e8bres pour leurs retraites royales et leurs plages ensoleill\u00e9es. Cette visite compl\u00e8te de 8 heures promet non seulement des vues, mais aussi des souvenirs grav\u00e9s dans le temps.<\/span><\/p>\n<p><span style=\"font-weight: 400;\">Plongez dans les myst\u00e8res et les merveilles du Portugal au cours de cette excursion qui vous d\u00e9voile des couches d&#8217;histoire, d&#8217;art et de nature. Alors que l&#8217;autocar glisse doucement sur les routes pittoresques, vous serez envelopp\u00e9 par les paysages qui ont inspir\u00e9 les po\u00e8tes et les artistes depuis des g\u00e9n\u00e9rations. L&#8217;odeur du pin frais des for\u00eats de Sintra se m\u00eale \u00e0 la saveur sal\u00e9e de l&#8217;Atlantique, cr\u00e9ant une ambiance typiquement portugaise. \u00c0 chaque coin de rue, vous d\u00e9couvrirez des histoires d&#8217;\u00e9poques r\u00e9volues, des personnages l\u00e9gendaires et une beaut\u00e9 in\u00e9gal\u00e9e. Gr\u00e2ce \u00e0 l&#8217;expertise de notre guide, chaque histoire racont\u00e9e et chaque site visit\u00e9 deviennent une exp\u00e9rience intime, vous donnant l&#8217;impression de faire partie int\u00e9grante de la tapisserie vibrante qu&#8217;est le Portugal. Au fil des heures, vous comprendrez pourquoi l&#8217;attrait de ces lieux a travers\u00e9 les si\u00e8cles, attirant des voyageurs de tous horizons.<\/span><\/p>\n<h2><b>Visite priv\u00e9e du Palais de Pena \u00e0 Sintra, Cascais et Estoril au d\u00e9part de Lisbonne Points forts :<\/b><\/h2>\n<p><span style=\"font-weight: 400;\">Des for\u00eats verdoyantes qui entourent le Palais de la Pena \u00e0 Sintra aux eaux azur\u00e9es de Cascais et aux casinos glamour d&#8217;Estoril, ce circuit illustre les multiples facettes de la beaut\u00e9 du Portugal. Admirez la merveille architecturale du palais de Pena, d\u00e9couvrez les rois et les reines \u00e0 Cascais et plongez dans la vie luxueuse d&#8217;Estoril. Chaque lieu de ce circuit rayonne d&#8217;un charme unique, garantissant une exp\u00e9rience de la magnificence portugaise \u00e0 la fois diverse et harmonieuse.<\/span><\/p>\n<h3><span style=\"font-weight: 400;\">Sites et lieux d&#8217;int\u00e9r\u00eat populaires :<\/span><\/h3>\n<ul>\n<li style=\"font-weight: 400;\" aria-level=\"1\"><b>Le palais de Pena \u00e0 Sintra :<\/b><span style=\"font-weight: 400;\"> Merveille de l&#8217;architecture romantique, le palais de Pena est orn\u00e9 de terrasses vibrantes, de cr\u00e9neaux d\u00e9coratifs et de statues mythologiques. Avec pour toile de fond les collines verdoyantes de Sintra, le palais offre des vues panoramiques qui r\u00e9sument l&#8217;aura mystique de la ville et l&#8217;histoire royale du Portugal.<\/span><\/li>\n<li style=\"font-weight: 400;\" aria-level=\"1\"><b>Cascais :<\/b><span style=\"font-weight: 400;\"> Autrefois humble village de p\u00eacheurs, Cascais est devenu l&#8217;un des lieux pr\u00e9f\u00e9r\u00e9s de la noblesse europ\u00e9enne. Ses charmantes rues pav\u00e9es, son \u00e9l\u00e9gante promenade en bord de mer et ses demeures historiques racontent des histoires de luxe, d&#8217;art et d&#8217;histoire, ce qui en fait un joyau incontournable de la c\u00f4te.<\/span><\/li>\n<li style=\"font-weight: 400;\" aria-level=\"1\"><b>Estoril :<\/b><span style=\"font-weight: 400;\"> Surnomm\u00e9e la &#8220;Riviera portugaise&#8221;, Estoril est synonyme de son grand casino, dont on dit qu&#8217;il a inspir\u00e9 le &#8220;Casino Royale&#8221; de Ian Fleming. Mais au-del\u00e0 des paillettes et du glamour, Estoril offre des plages immacul\u00e9es, des jardins luxuriants et un aper\u00e7u de la vie luxueuse d&#8217;autrefois.<\/span><\/li>\n<li style=\"font-weight: 400;\" aria-level=\"1\"><b>Boca do Inferno (bouche de l&#8217;enfer) pr\u00e8s de Cascais :<\/b><span style=\"font-weight: 400;\"> Formation unique de falaise en bord de mer, la Boca do Inferno est c\u00e9l\u00e8bre pour son nom dramatique et ses vues encore plus spectaculaires. Au fil des ans, le mart\u00e8lement de l&#8217;oc\u00e9an Atlantique sur les rochers a creus\u00e9 une petite grotte, qui s&#8217;est ensuite effondr\u00e9e, formant une baie et une arche unique. Sa beaut\u00e9 farouche et le bruit de tonnerre des vagues s&#8217;\u00e9crasant dans les grottes en ont fait une attraction populaire, offrant une perspective brute et sauvage de la puissance et de la magnificence de la nature.<\/span><\/li>\n<\/ul>\n<p><span style=\"font-weight: 400;\">Pour ceux qui sont intrigu\u00e9s par l&#8217;attrait diversifi\u00e9 du Portugal, envisagez d&#8217;explorer d&#8217;autres de ses tr\u00e9sors.<\/span><a href=\"https:\/\/tourtravelandmore.com\/fr\/city\/portugal-fr\/lisbon-fr\/\"><span style=\"font-weight: 400;\"> Tour Travel and More est fier de proposer un \u00e9ventail de circuits \u00e0 Lisbonne, <\/span><\/a><span style=\"font-weight: 400;\">chacun d&#8217;entre eux \u00e9tant con\u00e7u pour r\u00e9pondre \u00e0 des int\u00e9r\u00eats et \u00e0 des curiosit\u00e9s uniques. Plongez plus profond\u00e9ment dans l&#8217;essence du Portugal en visitant notre site web et en choisissant parmi nos exp\u00e9riences m\u00e9ticuleusement con\u00e7ues \u00e0 Lisbonne.<\/span><\/p>\n","protected":false},"excerpt":{"rendered":"<p><span style=\"font-weight: 400;\">D\u00e9couvrez l&#8217;histoire royale et le charme c\u00f4tier du Portugal gr\u00e2ce \u00e0 notre visite priv\u00e9e de 8 heures. Traversez les domaines captivants du Palais de Pena, explorez les joyaux c\u00f4tiers de Cascais et d&#8217;Estoril, tout en profitant des conseils d&#8217;un expert et du confort d&#8217;un autocar priv\u00e9. Une journ\u00e9e de grandeur et d&#8217;\u00e9l\u00e9gance vous attend.<\/span><\/p>\n","protected":false},"featured_media":170514,"comment_status":"open","ping_status":"closed","template":"","meta":{"_acf_changed":false},"product_brand":[],"product_cat":[4467,4469,3665],"product_tag":[],"class_list":{"0":"post-170504","1":"product","2":"type-product","3":"status-publish","4":"has-post-thumbnail","6":"product_cat-toutes-les-visites-et-activites-privees-fr-5","7":"product_cat-visites-guidees-privees-fr-6","8":"product_cat-lisbon-fr","10":"first","11":"instock","12":"shipping-taxable","13":"purchasable","14":"product-type-simple"},"acf":[],"yoast_head":"<!-- This site is optimized with the Yoast SEO Premium plugin v25.3.1 (Yoast SEO v25.3.1) - https:\/\/yoast.com\/wordpress\/plugins\/seo\/ -->\n<title>\u27a1\ufe0f Private Tour : Palais de Pena, Cascais et Estoril depuis Lisbonne<\/title>\n<meta name=\"description\" content=\"Plongez dans le pass\u00e9 royal et l&#039;attrait c\u00f4tier du Portugal gr\u00e2ce \u00e0 notre visite priv\u00e9e de 8 heures. De la grandeur du palais de Pena au charme de Cascais, d\u00e9couvrez le meilleur du Portugal. \u2705\" \/>\n<meta name=\"robots\" content=\"index, follow, max-snippet:-1, max-image-preview:large, max-video-preview:-1\" \/>\n<link rel=\"canonical\" href=\"https:\/\/tourtravelandmore.com\/fr\/tours\/portugal-fr\/lisbon-fr\/visite-privee-du-palais-de-la-pena-a-sintra-cascais-et-estoril-depuis-lisbonne\/\" \/>\n<meta property=\"og:locale\" content=\"fr_FR\" \/>\n<meta property=\"og:type\" content=\"article\" \/>\n<meta property=\"og:title\" content=\"Visite priv\u00e9e du Palais de la Pena \u00e0 Sintra, Cascais et Estoril depuis Lisbonne\" \/>\n<meta property=\"og:description\" content=\"Plongez dans le pass\u00e9 royal et l&#039;attrait c\u00f4tier du Portugal gr\u00e2ce \u00e0 notre visite priv\u00e9e de 8 heures. De la grandeur du palais de Pena au charme de Cascais, d\u00e9couvrez le meilleur du Portugal. \u2705\" \/>\n<meta property=\"og:url\" content=\"https:\/\/tourtravelandmore.com\/fr\/tours\/portugal-fr\/lisbon-fr\/visite-privee-du-palais-de-la-pena-a-sintra-cascais-et-estoril-depuis-lisbonne\/\" \/>\n<meta property=\"og:site_name\" content=\"Tour Travel And More\" \/>\n<meta property=\"article:publisher\" content=\"https:\/\/www.facebook.com\/tourtravelandmore\/\" \/>\n<meta property=\"article:modified_time\" content=\"2025-01-31T15:03:29+00:00\" \/>\n<meta property=\"og:image\" content=\"https:\/\/tourtravelandmore.com\/wp-content\/uploads\/2023\/10\/image1-7.jpg\" \/>\n\t<meta property=\"og:image:width\" content=\"900\" \/>\n\t<meta property=\"og:image:height\" content=\"750\" \/>\n\t<meta property=\"og:image:type\" content=\"image\/jpeg\" \/>\n<meta name=\"twitter:card\" content=\"summary_large_image\" \/>\n<meta name=\"twitter:site\" content=\"@TourTravel_More\" \/>\n<meta name=\"twitter:label1\" content=\"Dur\u00e9e de lecture estim\u00e9e\" \/>\n\t<meta name=\"twitter:data1\" content=\"4 minutes\" \/>\n<script type=\"application\/ld+json\" class=\"yoast-schema-graph\">{\"@context\":\"https:\/\/schema.org\",\"@graph\":[{\"@type\":\"WebPage\",\"@id\":\"https:\/\/tourtravelandmore.com\/fr\/tours\/portugal-fr\/lisbon-fr\/visite-privee-du-palais-de-la-pena-a-sintra-cascais-et-estoril-depuis-lisbonne\/\",\"url\":\"https:\/\/tourtravelandmore.com\/fr\/tours\/portugal-fr\/lisbon-fr\/visite-privee-du-palais-de-la-pena-a-sintra-cascais-et-estoril-depuis-lisbonne\/\",\"name\":\"\u27a1\ufe0f Private Tour : Palais de Pena, Cascais et Estoril depuis Lisbonne\",\"isPartOf\":{\"@id\":\"https:\/\/tourtravelandmore.com\/fr\/#website\"},\"primaryImageOfPage\":{\"@id\":\"https:\/\/tourtravelandmore.com\/fr\/tours\/portugal-fr\/lisbon-fr\/visite-privee-du-palais-de-la-pena-a-sintra-cascais-et-estoril-depuis-lisbonne\/#primaryimage\"},\"image\":{\"@id\":\"https:\/\/tourtravelandmore.com\/fr\/tours\/portugal-fr\/lisbon-fr\/visite-privee-du-palais-de-la-pena-a-sintra-cascais-et-estoril-depuis-lisbonne\/#primaryimage\"},\"thumbnailUrl\":\"https:\/\/tourtravelandmore.com\/wp-content\/uploads\/2023\/10\/image1-7.jpg\",\"datePublished\":\"2023-10-04T14:06:25+00:00\",\"dateModified\":\"2025-01-31T15:03:29+00:00\",\"description\":\"Plongez dans le pass\u00e9 royal et l'attrait c\u00f4tier du Portugal gr\u00e2ce \u00e0 notre visite priv\u00e9e de 8 heures. De la grandeur du palais de Pena au charme de Cascais, d\u00e9couvrez le meilleur du Portugal. \u2705\",\"breadcrumb\":{\"@id\":\"https:\/\/tourtravelandmore.com\/fr\/tours\/portugal-fr\/lisbon-fr\/visite-privee-du-palais-de-la-pena-a-sintra-cascais-et-estoril-depuis-lisbonne\/#breadcrumb\"},\"inLanguage\":\"fr-FR\",\"potentialAction\":[{\"@type\":\"ReadAction\",\"target\":[\"https:\/\/tourtravelandmore.com\/fr\/tours\/portugal-fr\/lisbon-fr\/visite-privee-du-palais-de-la-pena-a-sintra-cascais-et-estoril-depuis-lisbonne\/\"]}]},{\"@type\":\"ImageObject\",\"inLanguage\":\"fr-FR\",\"@id\":\"https:\/\/tourtravelandmore.com\/fr\/tours\/portugal-fr\/lisbon-fr\/visite-privee-du-palais-de-la-pena-a-sintra-cascais-et-estoril-depuis-lisbonne\/#primaryimage\",\"url\":\"https:\/\/tourtravelandmore.com\/wp-content\/uploads\/2023\/10\/image1-7.jpg\",\"contentUrl\":\"https:\/\/tourtravelandmore.com\/wp-content\/uploads\/2023\/10\/image1-7.jpg\",\"width\":900,\"height\":750},{\"@type\":\"BreadcrumbList\",\"@id\":\"https:\/\/tourtravelandmore.com\/fr\/tours\/portugal-fr\/lisbon-fr\/visite-privee-du-palais-de-la-pena-a-sintra-cascais-et-estoril-depuis-lisbonne\/#breadcrumb\",\"itemListElement\":[{\"@type\":\"ListItem\",\"position\":1,\"name\":\"Home\",\"item\":\"https:\/\/tourtravelandmore.com\/fr\/\"},{\"@type\":\"ListItem\",\"position\":2,\"name\":\"Tours\",\"item\":\"https:\/\/tourtravelandmore.com\/fr\/tours\/\"},{\"@type\":\"ListItem\",\"position\":3,\"name\":\"Visite priv\u00e9e du Palais de la Pena \u00e0 Sintra, Cascais et Estoril depuis Lisbonne\"}]},{\"@type\":\"WebSite\",\"@id\":\"https:\/\/tourtravelandmore.com\/fr\/#website\",\"url\":\"https:\/\/tourtravelandmore.com\/fr\/\",\"name\":\"Tour Travel And More\",\"description\":\"Private sightseeing tours and luxury transfers in Spain\",\"publisher\":{\"@id\":\"https:\/\/tourtravelandmore.com\/fr\/#organization\"},\"potentialAction\":[{\"@type\":\"SearchAction\",\"target\":{\"@type\":\"EntryPoint\",\"urlTemplate\":\"https:\/\/tourtravelandmore.com\/fr\/?s={search_term_string}\"},\"query-input\":{\"@type\":\"PropertyValueSpecification\",\"valueRequired\":true,\"valueName\":\"search_term_string\"}}],\"inLanguage\":\"fr-FR\"},{\"@type\":\"Organization\",\"@id\":\"https:\/\/tourtravelandmore.com\/fr\/#organization\",\"name\":\"Tour Travel And More\",\"url\":\"https:\/\/tourtravelandmore.com\/fr\/\",\"logo\":{\"@type\":\"ImageObject\",\"inLanguage\":\"fr-FR\",\"@id\":\"https:\/\/tourtravelandmore.com\/fr\/#\/schema\/logo\/image\/\",\"url\":\"https:\/\/tourtravelandmore.com\/wp-content\/uploads\/2022\/12\/cropped-logo-cabecera-new.png\",\"contentUrl\":\"https:\/\/tourtravelandmore.com\/wp-content\/uploads\/2022\/12\/cropped-logo-cabecera-new.png\",\"width\":430,\"height\":61,\"caption\":\"Tour Travel And More\"},\"image\":{\"@id\":\"https:\/\/tourtravelandmore.com\/fr\/#\/schema\/logo\/image\/\"},\"sameAs\":[\"https:\/\/www.facebook.com\/tourtravelandmore\/\",\"https:\/\/x.com\/TourTravel_More\"]}]}<\/script>\n<!-- \/ Yoast SEO Premium plugin. -->","yoast_head_json":{"title":"\u27a1\ufe0f Private Tour : Palais de Pena, Cascais et Estoril depuis Lisbonne","description":"Plongez dans le pass\u00e9 royal et l'attrait c\u00f4tier du Portugal gr\u00e2ce \u00e0 notre visite priv\u00e9e de 8 heures. De la grandeur du palais de Pena au charme de Cascais, d\u00e9couvrez le meilleur du Portugal. \u2705","robots":{"index":"index","follow":"follow","max-snippet":"max-snippet:-1","max-image-preview":"max-image-preview:large","max-video-preview":"max-video-preview:-1"},"canonical":"https:\/\/tourtravelandmore.com\/fr\/tours\/portugal-fr\/lisbon-fr\/visite-privee-du-palais-de-la-pena-a-sintra-cascais-et-estoril-depuis-lisbonne\/","og_locale":"fr_FR","og_type":"article","og_title":"Visite priv\u00e9e du Palais de la Pena \u00e0 Sintra, Cascais et Estoril depuis Lisbonne","og_description":"Plongez dans le pass\u00e9 royal et l'attrait c\u00f4tier du Portugal gr\u00e2ce \u00e0 notre visite priv\u00e9e de 8 heures. De la grandeur du palais de Pena au charme de Cascais, d\u00e9couvrez le meilleur du Portugal. \u2705","og_url":"https:\/\/tourtravelandmore.com\/fr\/tours\/portugal-fr\/lisbon-fr\/visite-privee-du-palais-de-la-pena-a-sintra-cascais-et-estoril-depuis-lisbonne\/","og_site_name":"Tour Travel And More","article_publisher":"https:\/\/www.facebook.com\/tourtravelandmore\/","article_modified_time":"2025-01-31T15:03:29+00:00","og_image":[{"width":900,"height":750,"url":"https:\/\/tourtravelandmore.com\/wp-content\/uploads\/2023\/10\/image1-7.jpg","type":"image\/jpeg"}],"twitter_card":"summary_large_image","twitter_site":"@TourTravel_More","twitter_misc":{"Dur\u00e9e de lecture estim\u00e9e":"4 minutes"},"schema":{"@context":"https:\/\/schema.org","@graph":[{"@type":"WebPage","@id":"https:\/\/tourtravelandmore.com\/fr\/tours\/portugal-fr\/lisbon-fr\/visite-privee-du-palais-de-la-pena-a-sintra-cascais-et-estoril-depuis-lisbonne\/","url":"https:\/\/tourtravelandmore.com\/fr\/tours\/portugal-fr\/lisbon-fr\/visite-privee-du-palais-de-la-pena-a-sintra-cascais-et-estoril-depuis-lisbonne\/","name":"\u27a1\ufe0f Private Tour : Palais de Pena, Cascais et Estoril depuis Lisbonne","isPartOf":{"@id":"https:\/\/tourtravelandmore.com\/fr\/#website"},"primaryImageOfPage":{"@id":"https:\/\/tourtravelandmore.com\/fr\/tours\/portugal-fr\/lisbon-fr\/visite-privee-du-palais-de-la-pena-a-sintra-cascais-et-estoril-depuis-lisbonne\/#primaryimage"},"image":{"@id":"https:\/\/tourtravelandmore.com\/fr\/tours\/portugal-fr\/lisbon-fr\/visite-privee-du-palais-de-la-pena-a-sintra-cascais-et-estoril-depuis-lisbonne\/#primaryimage"},"thumbnailUrl":"https:\/\/tourtravelandmore.com\/wp-content\/uploads\/2023\/10\/image1-7.jpg","datePublished":"2023-10-04T14:06:25+00:00","dateModified":"2025-01-31T15:03:29+00:00","description":"Plongez dans le pass\u00e9 royal et l'attrait c\u00f4tier du Portugal gr\u00e2ce \u00e0 notre visite priv\u00e9e de 8 heures. De la grandeur du palais de Pena au charme de Cascais, d\u00e9couvrez le meilleur du Portugal. \u2705","breadcrumb":{"@id":"https:\/\/tourtravelandmore.com\/fr\/tours\/portugal-fr\/lisbon-fr\/visite-privee-du-palais-de-la-pena-a-sintra-cascais-et-estoril-depuis-lisbonne\/#breadcrumb"},"inLanguage":"fr-FR","potentialAction":[{"@type":"ReadAction","target":["https:\/\/tourtravelandmore.com\/fr\/tours\/portugal-fr\/lisbon-fr\/visite-privee-du-palais-de-la-pena-a-sintra-cascais-et-estoril-depuis-lisbonne\/"]}]},{"@type":"ImageObject","inLanguage":"fr-FR","@id":"https:\/\/tourtravelandmore.com\/fr\/tours\/portugal-fr\/lisbon-fr\/visite-privee-du-palais-de-la-pena-a-sintra-cascais-et-estoril-depuis-lisbonne\/#primaryimage","url":"https:\/\/tourtravelandmore.com\/wp-content\/uploads\/2023\/10\/image1-7.jpg","contentUrl":"https:\/\/tourtravelandmore.com\/wp-content\/uploads\/2023\/10\/image1-7.jpg","width":900,"height":750},{"@type":"BreadcrumbList","@id":"https:\/\/tourtravelandmore.com\/fr\/tours\/portugal-fr\/lisbon-fr\/visite-privee-du-palais-de-la-pena-a-sintra-cascais-et-estoril-depuis-lisbonne\/#breadcrumb","itemListElement":[{"@type":"ListItem","position":1,"name":"Home","item":"https:\/\/tourtravelandmore.com\/fr\/"},{"@type":"ListItem","position":2,"name":"Tours","item":"https:\/\/tourtravelandmore.com\/fr\/tours\/"},{"@type":"ListItem","position":3,"name":"Visite priv\u00e9e du Palais de la Pena \u00e0 Sintra, Cascais et Estoril depuis Lisbonne"}]},{"@type":"WebSite","@id":"https:\/\/tourtravelandmore.com\/fr\/#website","url":"https:\/\/tourtravelandmore.com\/fr\/","name":"Tour Travel And More","description":"Private sightseeing tours and luxury transfers in Spain","publisher":{"@id":"https:\/\/tourtravelandmore.com\/fr\/#organization"},"potentialAction":[{"@type":"SearchAction","target":{"@type":"EntryPoint","urlTemplate":"https:\/\/tourtravelandmore.com\/fr\/?s={search_term_string}"},"query-input":{"@type":"PropertyValueSpecification","valueRequired":true,"valueName":"search_term_string"}}],"inLanguage":"fr-FR"},{"@type":"Organization","@id":"https:\/\/tourtravelandmore.com\/fr\/#organization","name":"Tour Travel And More","url":"https:\/\/tourtravelandmore.com\/fr\/","logo":{"@type":"ImageObject","inLanguage":"fr-FR","@id":"https:\/\/tourtravelandmore.com\/fr\/#\/schema\/logo\/image\/","url":"https:\/\/tourtravelandmore.com\/wp-content\/uploads\/2022\/12\/cropped-logo-cabecera-new.png","contentUrl":"https:\/\/tourtravelandmore.com\/wp-content\/uploads\/2022\/12\/cropped-logo-cabecera-new.png","width":430,"height":61,"caption":"Tour Travel And More"},"image":{"@id":"https:\/\/tourtravelandmore.com\/fr\/#\/schema\/logo\/image\/"},"sameAs":["https:\/\/www.facebook.com\/tourtravelandmore\/","https:\/\/x.com\/TourTravel_More"]}]}},"_links":{"self":[{"href":"https:\/\/tourtravelandmore.com\/fr\/wp-json\/wp\/v2\/product\/170504","targetHints":{"allow":["GET"]}}],"collection":[{"href":"https:\/\/tourtravelandmore.com\/fr\/wp-json\/wp\/v2\/product"}],"about":[{"href":"https:\/\/tourtravelandmore.com\/fr\/wp-json\/wp\/v2\/types\/product"}],"replies":[{"embeddable":true,"href":"https:\/\/tourtravelandmore.com\/fr\/wp-json\/wp\/v2\/comments?post=170504"}],"wp:featuredmedia":[{"embeddable":true,"href":"https:\/\/tourtravelandmore.com\/fr\/wp-json\/wp\/v2\/media\/170514"}],"wp:attachment":[{"href":"https:\/\/tourtravelandmore.com\/fr\/wp-json\/wp\/v2\/media?parent=170504"}],"wp:term":[{"taxonomy":"product_brand","embeddable":true,"href":"https:\/\/tourtravelandmore.com\/fr\/wp-json\/wp\/v2\/product_brand?post=170504"},{"taxonomy":"product_cat","embeddable":true,"href":"https:\/\/tourtravelandmore.com\/fr\/wp-json\/wp\/v2\/product_cat?post=170504"},{"taxonomy":"product_tag","embeddable":true,"href":"https:\/\/tourtravelandmore.com\/fr\/wp-json\/wp\/v2\/product_tag?post=170504"}],"curies":[{"name":"wp","href":"https:\/\/api.w.org\/{rel}","templated":true}]}}