{"id":170481,"date":"2020-12-01T11:42:59","date_gmt":"2020-12-01T10:42:59","guid":{"rendered":"https:\/\/tourtravelandmore.com\/tours\/non class\u00e9\/santa-monica-and-long-beach-private-tour\/"},"modified":"2020-12-01T11:42:59","modified_gmt":"2020-12-01T10:42:59","slug":"santa-monica-and-long-beach-private-tour","status":"publish","type":"product","link":"https:\/\/tourtravelandmore.com\/fr\/tours\/etats-unis-fr\/anaheim-fr\/santa-monica-and-long-beach-private-tour\/","title":{"rendered":"Santa Monica and Long Beach Private Tour"},"content":{"rendered":"<h2>Description de la visite priv\u00e9e<\/h2>\n<p>Vous cherchez une visite priv\u00e9e de la c\u00f4te de Santa Monica et de Long Beach ?<br \/>\nTour Travel &amp; More propose une excursion priv\u00e9e d&#8217;une journ\u00e9e compl\u00e8te, qui vous permettra de d\u00e9couvrir tous les sites int\u00e9ressants du comt\u00e9 de Los Angeles. Nous vous recommandons toutefois de ne participer \u00e0 cette excursion priv\u00e9e que si vous \u00eates s\u00fbr de vivre un voyage m\u00e9morable. Que ce soit seul ou en compagnie des personnes de votre choix.<\/p>\n<p>Ce comt\u00e9 des \u00c9tats-Unis est unique et tr\u00e8s vaste, mais si vous n&#8217;avez pas beaucoup de temps pour tout visiter, nous allons vous emmener en priv\u00e9 et en exclusivit\u00e9, avec un v\u00e9hicule et un guide priv\u00e9s, dans les endroits les plus embl\u00e9matiques qu&#8217;aucune personne de bon go\u00fbt ne peut manquer, nous parlons de : Santa Monica et Long Beach<\/p>\n<p>N&#8217;importe o\u00f9 dans la r\u00e9gion d&#8217;Anaheim, nous vous recommandons donc de vous d\u00e9tendre et de nous dire o\u00f9 venir vous chercher dans notre v\u00e9hicule priv\u00e9 avec chauffeur. Notre guide officiel vous attendra \u00e0 Los Angeles pour commencer la visite de Santa Monica et Long Beach.<\/p>\n<h2>Activit\u00e9s dans le cadre de la visite priv\u00e9e<\/h2>\n<ul>\n<li>Visite des plages les plus c\u00e9l\u00e8bres du comt\u00e9 de Los Angeles<\/li>\n<li>Observation des maisons de quelques c\u00e9l\u00e9brit\u00e9s<\/li>\n<li>Visites de restaurants c\u00e9l\u00e8bres<\/li>\n<li>Prise en charge et retour le jour m\u00eame<\/li>\n<\/ul>\n<p>Vous pourrez profiter de la vue magnifique d&#8217;un coucher de soleil californien sur le rivage de la jet\u00e9e la plus c\u00e9l\u00e8bre des \u00c9tats-Unis.<\/p>\n<p>Vous pourrez profiter de la vue magnifique d&#8217;un coucher de soleil californien sur le rivage de la jet\u00e9e la plus c\u00e9l\u00e8bre des \u00c9tats-Unis.<\/p>\n<p>La Californie offre une grande vari\u00e9t\u00e9 de villes qui valent la peine d&#8217;\u00eatre visit\u00e9es. Nous vous invitons \u00e0 cette visite priv\u00e9e de Santa Monica et Long Beach au d\u00e9part d&#8217;Anaheim avec un chauffeur\/guide priv\u00e9. Vous profiterez d&#8217;une journ\u00e9e compl\u00e8te de visite de deux belles villes \u00e0 bord d&#8217;un v\u00e9hicule priv\u00e9 de luxe.<\/p>\n<p>Tour Travel &amp; More ne propose que des visites priv\u00e9es et personnalis\u00e9es, vous d\u00e9terminerez le lieu de prise en charge. Une fois dans le v\u00e9hicule, cette exp\u00e9rience californienne unique commencera.<\/p>\n<p>Long Beach est une ville c\u00f4ti\u00e8re et un port du sud de la Californie. C&#8217;est un endroit qui offre des vues magnifiques sur la c\u00f4te et la mer, c&#8217;est-\u00e0-dire un v\u00e9ritable paradis !<\/p>\n<p>D&#8217;autre part, nous avons Santa Monica, une autre ville c\u00f4ti\u00e8re situ\u00e9e \u00e0 l&#8217;ouest de Los Angeles. Cet endroit incroyable poss\u00e8de de nombreuses attractions, des restaurants et de belles plages. La combinaison de ces deux belles villes vous coupera le souffle et vous reviendrez de vos vacances plein d&#8217;\u00e9nergie.<\/p>\n<p>Croyez-nous quand nous vous disons que cette visite priv\u00e9e de Santa Monica et Long Beach est quelque chose que vous ne voulez absolument pas manquer. Profitez-en et personnalisez votre exp\u00e9rience priv\u00e9e, c&#8217;est une visite que vous n&#8217;oublierez jamais !<\/p>\n<h2>Points d&#8217;int\u00e9r\u00eat de notre visite \u00e0 Santa Monica et Long Beach<\/h2>\n<p>Apr\u00e8s une prise en charge priv\u00e9e et confortable \u00e0 votre h\u00f4tel d&#8217;Anaheim, vous commencerez cette visite priv\u00e9e d&#8217;une journ\u00e9e compl\u00e8te de la c\u00f4te californienne.<\/p>\n<p>Vous visiterez d&#8217;abord Santa Monica. Votre chauffeur\/guide priv\u00e9 vous guidera vers les endroits les plus embl\u00e9matiques de cette destination unique. Vous vous sentirez comme dans un film, car vous n&#8217;en croirez pas vos yeux.<\/p>\n<p>\u00c0 Santa Monica, vous pourrez visiter les lieux suivants :<\/p>\n<p>Parc du Pacifique<br \/>\nLa jet\u00e9e de Santa Monica<br \/>\nOcean drive<br \/>\nPalisades Park<br \/>\nVenice Beach<br \/>\nMuscle Beach<br \/>\nThird Street Promenade<br \/>\nLes marches de Santa Monica<br \/>\nAvant de poursuivre vers Long Beach, nous vous recommandons de go\u00fbter \u00e0 la cuisine du Santa Monica Waterfront. Quoi de mieux que de manger un d\u00e9licieux sandwich tout en profitant de la vue sur la mer ?<\/p>\n<p>Ensuite, direction Long Beach. Vous y d\u00e9couvrirez une ville pleine d&#8217;activit\u00e9s et d&#8217;\u00e9v\u00e9nements int\u00e9ressants, en plus de ses c\u00e9l\u00e8bres plages. Au cours de cette visite priv\u00e9e, vous pourrez visiter<\/p>\n<ul>\n<li>l&#8217;Aquarium du Pacifique<\/li>\n<li>Le Queen Mary<\/li>\n<li>Naples<\/li>\n<li>Long Beach<\/li>\n<li>Shoreline Villa<\/li>\n<\/ul>\n<p>L&#8217;itin\u00e9raire de la visite sera adapt\u00e9 \u00e0 vos propres int\u00e9r\u00eats. Vous d\u00e9ciderez dans quelle ville vous souhaitez passer plus de temps pendant votre visite.<\/p>\n<p>Enfin, votre chauffeur\/guide priv\u00e9 vous ram\u00e8nera \u00e0 votre h\u00f4tel <strong>d&#8217;Anaheim.<\/strong><\/p>\n","protected":false},"excerpt":{"rendered":"<p>Laissez-vous admirer par les incroyables attractions, les vues et la c\u00f4te que Santa Monica et Long Beach ont \u00e0 offrir. Profitez d&#8217;une excursion priv\u00e9e d&#8217;une journ\u00e9e sur la c\u00f4te californienne, confortablement install\u00e9 dans un v\u00e9hicule de luxe priv\u00e9 avec chauffeur\/guide.<\/p>\n","protected":false},"featured_media":88634,"comment_status":"open","ping_status":"closed","template":"","meta":{"_acf_changed":false},"product_brand":[],"product_cat":[4462,4463,3547,4063],"product_tag":[],"class_list":{"0":"post-170481","1":"product","2":"type-product","3":"status-publish","4":"has-post-thumbnail","6":"product_cat-all-private-tours-and-activities-fr-8","7":"product_cat-private-sightseeing-tours-fr-15","8":"product_cat-etats-unis-fr","9":"product_cat-anaheim-fr","11":"first","12":"instock","13":"shipping-taxable","14":"purchasable","15":"product-type-simple"},"acf":[],"yoast_head":"<!-- This site is optimized with the Yoast SEO Premium plugin v25.3.1 (Yoast SEO v25.3.1) - https:\/\/yoast.com\/wordpress\/plugins\/seo\/ -->\n<title>Visite priv\u00e9e de Santa Monica et Long Beach - Tout Travel &amp; More<\/title>\n<meta name=\"description\" content=\"\u3010 Incredible Santa Monica &amp; Long Beach Private Tour \u3011 au d\u00e9part d&#039;Anaheim et ayez la chance de visiter deux incroyables villes c\u00f4ti\u00e8res \u2705.\" \/>\n<meta name=\"robots\" content=\"index, follow, max-snippet:-1, max-image-preview:large, max-video-preview:-1\" \/>\n<link rel=\"canonical\" href=\"https:\/\/tourtravelandmore.com\/fr\/tours\/etats-unis-fr\/anaheim-fr\/santa-monica-and-long-beach-private-tour\/\" \/>\n<meta property=\"og:locale\" content=\"fr_FR\" \/>\n<meta property=\"og:type\" content=\"article\" \/>\n<meta property=\"og:title\" content=\"Santa Monica and Long Beach Private Tour\" \/>\n<meta property=\"og:description\" content=\"\u3010 Incredible Santa Monica &amp; Long Beach Private Tour \u3011 au d\u00e9part d&#039;Anaheim et ayez la chance de visiter deux incroyables villes c\u00f4ti\u00e8res \u2705.\" \/>\n<meta property=\"og:url\" content=\"https:\/\/tourtravelandmore.com\/fr\/tours\/etats-unis-fr\/anaheim-fr\/santa-monica-and-long-beach-private-tour\/\" \/>\n<meta property=\"og:site_name\" content=\"Tour Travel And More\" \/>\n<meta property=\"article:publisher\" content=\"https:\/\/www.facebook.com\/tourtravelandmore\/\" \/>\n<meta property=\"og:image\" content=\"https:\/\/tourtravelandmore.com\/wp-content\/uploads\/2020\/12\/santa-monica.jpg\" \/>\n\t<meta property=\"og:image:width\" content=\"1280\" \/>\n\t<meta property=\"og:image:height\" content=\"853\" \/>\n\t<meta property=\"og:image:type\" content=\"image\/jpeg\" \/>\n<meta name=\"twitter:card\" content=\"summary_large_image\" \/>\n<meta name=\"twitter:site\" content=\"@TourTravel_More\" \/>\n<meta name=\"twitter:label1\" content=\"Dur\u00e9e de lecture estim\u00e9e\" \/>\n\t<meta name=\"twitter:data1\" content=\"4 minutes\" \/>\n<script type=\"application\/ld+json\" class=\"yoast-schema-graph\">{\"@context\":\"https:\/\/schema.org\",\"@graph\":[{\"@type\":\"WebPage\",\"@id\":\"https:\/\/tourtravelandmore.com\/fr\/tours\/etats-unis-fr\/anaheim-fr\/santa-monica-and-long-beach-private-tour\/\",\"url\":\"https:\/\/tourtravelandmore.com\/fr\/tours\/etats-unis-fr\/anaheim-fr\/santa-monica-and-long-beach-private-tour\/\",\"name\":\"Visite priv\u00e9e de Santa Monica et Long Beach - Tout Travel & More\",\"isPartOf\":{\"@id\":\"https:\/\/tourtravelandmore.com\/fr\/#website\"},\"primaryImageOfPage\":{\"@id\":\"https:\/\/tourtravelandmore.com\/fr\/tours\/etats-unis-fr\/anaheim-fr\/santa-monica-and-long-beach-private-tour\/#primaryimage\"},\"image\":{\"@id\":\"https:\/\/tourtravelandmore.com\/fr\/tours\/etats-unis-fr\/anaheim-fr\/santa-monica-and-long-beach-private-tour\/#primaryimage\"},\"thumbnailUrl\":\"https:\/\/tourtravelandmore.com\/wp-content\/uploads\/2020\/12\/santa-monica.jpg\",\"datePublished\":\"2020-12-01T10:42:59+00:00\",\"description\":\"\u3010 Incredible Santa Monica & Long Beach Private Tour \u3011 au d\u00e9part d'Anaheim et ayez la chance de visiter deux incroyables villes c\u00f4ti\u00e8res \u2705.\",\"breadcrumb\":{\"@id\":\"https:\/\/tourtravelandmore.com\/fr\/tours\/etats-unis-fr\/anaheim-fr\/santa-monica-and-long-beach-private-tour\/#breadcrumb\"},\"inLanguage\":\"fr-FR\",\"potentialAction\":[{\"@type\":\"ReadAction\",\"target\":[\"https:\/\/tourtravelandmore.com\/fr\/tours\/etats-unis-fr\/anaheim-fr\/santa-monica-and-long-beach-private-tour\/\"]}]},{\"@type\":\"ImageObject\",\"inLanguage\":\"fr-FR\",\"@id\":\"https:\/\/tourtravelandmore.com\/fr\/tours\/etats-unis-fr\/anaheim-fr\/santa-monica-and-long-beach-private-tour\/#primaryimage\",\"url\":\"https:\/\/tourtravelandmore.com\/wp-content\/uploads\/2020\/12\/santa-monica.jpg\",\"contentUrl\":\"https:\/\/tourtravelandmore.com\/wp-content\/uploads\/2020\/12\/santa-monica.jpg\",\"width\":1280,\"height\":853},{\"@type\":\"BreadcrumbList\",\"@id\":\"https:\/\/tourtravelandmore.com\/fr\/tours\/etats-unis-fr\/anaheim-fr\/santa-monica-and-long-beach-private-tour\/#breadcrumb\",\"itemListElement\":[{\"@type\":\"ListItem\",\"position\":1,\"name\":\"Home\",\"item\":\"https:\/\/tourtravelandmore.com\/fr\/\"},{\"@type\":\"ListItem\",\"position\":2,\"name\":\"Tours\",\"item\":\"https:\/\/tourtravelandmore.com\/fr\/tours\/\"},{\"@type\":\"ListItem\",\"position\":3,\"name\":\"Santa Monica and Long Beach Private Tour\"}]},{\"@type\":\"WebSite\",\"@id\":\"https:\/\/tourtravelandmore.com\/fr\/#website\",\"url\":\"https:\/\/tourtravelandmore.com\/fr\/\",\"name\":\"Tour Travel And More\",\"description\":\"Private sightseeing tours and luxury transfers in Spain\",\"publisher\":{\"@id\":\"https:\/\/tourtravelandmore.com\/fr\/#organization\"},\"potentialAction\":[{\"@type\":\"SearchAction\",\"target\":{\"@type\":\"EntryPoint\",\"urlTemplate\":\"https:\/\/tourtravelandmore.com\/fr\/?s={search_term_string}\"},\"query-input\":{\"@type\":\"PropertyValueSpecification\",\"valueRequired\":true,\"valueName\":\"search_term_string\"}}],\"inLanguage\":\"fr-FR\"},{\"@type\":\"Organization\",\"@id\":\"https:\/\/tourtravelandmore.com\/fr\/#organization\",\"name\":\"Tour Travel And More\",\"url\":\"https:\/\/tourtravelandmore.com\/fr\/\",\"logo\":{\"@type\":\"ImageObject\",\"inLanguage\":\"fr-FR\",\"@id\":\"https:\/\/tourtravelandmore.com\/fr\/#\/schema\/logo\/image\/\",\"url\":\"https:\/\/tourtravelandmore.com\/wp-content\/uploads\/2022\/12\/cropped-logo-cabecera-new.png\",\"contentUrl\":\"https:\/\/tourtravelandmore.com\/wp-content\/uploads\/2022\/12\/cropped-logo-cabecera-new.png\",\"width\":430,\"height\":61,\"caption\":\"Tour Travel And More\"},\"image\":{\"@id\":\"https:\/\/tourtravelandmore.com\/fr\/#\/schema\/logo\/image\/\"},\"sameAs\":[\"https:\/\/www.facebook.com\/tourtravelandmore\/\",\"https:\/\/x.com\/TourTravel_More\"]}]}<\/script>\n<!-- \/ Yoast SEO Premium plugin. -->","yoast_head_json":{"title":"Visite priv\u00e9e de Santa Monica et Long Beach - Tout Travel & More","description":"\u3010 Incredible Santa Monica & Long Beach Private Tour \u3011 au d\u00e9part d'Anaheim et ayez la chance de visiter deux incroyables villes c\u00f4ti\u00e8res \u2705.","robots":{"index":"index","follow":"follow","max-snippet":"max-snippet:-1","max-image-preview":"max-image-preview:large","max-video-preview":"max-video-preview:-1"},"canonical":"https:\/\/tourtravelandmore.com\/fr\/tours\/etats-unis-fr\/anaheim-fr\/santa-monica-and-long-beach-private-tour\/","og_locale":"fr_FR","og_type":"article","og_title":"Santa Monica and Long Beach Private Tour","og_description":"\u3010 Incredible Santa Monica & Long Beach Private Tour \u3011 au d\u00e9part d'Anaheim et ayez la chance de visiter deux incroyables villes c\u00f4ti\u00e8res \u2705.","og_url":"https:\/\/tourtravelandmore.com\/fr\/tours\/etats-unis-fr\/anaheim-fr\/santa-monica-and-long-beach-private-tour\/","og_site_name":"Tour Travel And More","article_publisher":"https:\/\/www.facebook.com\/tourtravelandmore\/","og_image":[{"width":1280,"height":853,"url":"https:\/\/tourtravelandmore.com\/wp-content\/uploads\/2020\/12\/santa-monica.jpg","type":"image\/jpeg"}],"twitter_card":"summary_large_image","twitter_site":"@TourTravel_More","twitter_misc":{"Dur\u00e9e de lecture estim\u00e9e":"4 minutes"},"schema":{"@context":"https:\/\/schema.org","@graph":[{"@type":"WebPage","@id":"https:\/\/tourtravelandmore.com\/fr\/tours\/etats-unis-fr\/anaheim-fr\/santa-monica-and-long-beach-private-tour\/","url":"https:\/\/tourtravelandmore.com\/fr\/tours\/etats-unis-fr\/anaheim-fr\/santa-monica-and-long-beach-private-tour\/","name":"Visite priv\u00e9e de Santa Monica et Long Beach - Tout Travel & More","isPartOf":{"@id":"https:\/\/tourtravelandmore.com\/fr\/#website"},"primaryImageOfPage":{"@id":"https:\/\/tourtravelandmore.com\/fr\/tours\/etats-unis-fr\/anaheim-fr\/santa-monica-and-long-beach-private-tour\/#primaryimage"},"image":{"@id":"https:\/\/tourtravelandmore.com\/fr\/tours\/etats-unis-fr\/anaheim-fr\/santa-monica-and-long-beach-private-tour\/#primaryimage"},"thumbnailUrl":"https:\/\/tourtravelandmore.com\/wp-content\/uploads\/2020\/12\/santa-monica.jpg","datePublished":"2020-12-01T10:42:59+00:00","description":"\u3010 Incredible Santa Monica & Long Beach Private Tour \u3011 au d\u00e9part d'Anaheim et ayez la chance de visiter deux incroyables villes c\u00f4ti\u00e8res \u2705.","breadcrumb":{"@id":"https:\/\/tourtravelandmore.com\/fr\/tours\/etats-unis-fr\/anaheim-fr\/santa-monica-and-long-beach-private-tour\/#breadcrumb"},"inLanguage":"fr-FR","potentialAction":[{"@type":"ReadAction","target":["https:\/\/tourtravelandmore.com\/fr\/tours\/etats-unis-fr\/anaheim-fr\/santa-monica-and-long-beach-private-tour\/"]}]},{"@type":"ImageObject","inLanguage":"fr-FR","@id":"https:\/\/tourtravelandmore.com\/fr\/tours\/etats-unis-fr\/anaheim-fr\/santa-monica-and-long-beach-private-tour\/#primaryimage","url":"https:\/\/tourtravelandmore.com\/wp-content\/uploads\/2020\/12\/santa-monica.jpg","contentUrl":"https:\/\/tourtravelandmore.com\/wp-content\/uploads\/2020\/12\/santa-monica.jpg","width":1280,"height":853},{"@type":"BreadcrumbList","@id":"https:\/\/tourtravelandmore.com\/fr\/tours\/etats-unis-fr\/anaheim-fr\/santa-monica-and-long-beach-private-tour\/#breadcrumb","itemListElement":[{"@type":"ListItem","position":1,"name":"Home","item":"https:\/\/tourtravelandmore.com\/fr\/"},{"@type":"ListItem","position":2,"name":"Tours","item":"https:\/\/tourtravelandmore.com\/fr\/tours\/"},{"@type":"ListItem","position":3,"name":"Santa Monica and Long Beach Private Tour"}]},{"@type":"WebSite","@id":"https:\/\/tourtravelandmore.com\/fr\/#website","url":"https:\/\/tourtravelandmore.com\/fr\/","name":"Tour Travel And More","description":"Private sightseeing tours and luxury transfers in Spain","publisher":{"@id":"https:\/\/tourtravelandmore.com\/fr\/#organization"},"potentialAction":[{"@type":"SearchAction","target":{"@type":"EntryPoint","urlTemplate":"https:\/\/tourtravelandmore.com\/fr\/?s={search_term_string}"},"query-input":{"@type":"PropertyValueSpecification","valueRequired":true,"valueName":"search_term_string"}}],"inLanguage":"fr-FR"},{"@type":"Organization","@id":"https:\/\/tourtravelandmore.com\/fr\/#organization","name":"Tour Travel And More","url":"https:\/\/tourtravelandmore.com\/fr\/","logo":{"@type":"ImageObject","inLanguage":"fr-FR","@id":"https:\/\/tourtravelandmore.com\/fr\/#\/schema\/logo\/image\/","url":"https:\/\/tourtravelandmore.com\/wp-content\/uploads\/2022\/12\/cropped-logo-cabecera-new.png","contentUrl":"https:\/\/tourtravelandmore.com\/wp-content\/uploads\/2022\/12\/cropped-logo-cabecera-new.png","width":430,"height":61,"caption":"Tour Travel And More"},"image":{"@id":"https:\/\/tourtravelandmore.com\/fr\/#\/schema\/logo\/image\/"},"sameAs":["https:\/\/www.facebook.com\/tourtravelandmore\/","https:\/\/x.com\/TourTravel_More"]}]}},"_links":{"self":[{"href":"https:\/\/tourtravelandmore.com\/fr\/wp-json\/wp\/v2\/product\/170481","targetHints":{"allow":["GET"]}}],"collection":[{"href":"https:\/\/tourtravelandmore.com\/fr\/wp-json\/wp\/v2\/product"}],"about":[{"href":"https:\/\/tourtravelandmore.com\/fr\/wp-json\/wp\/v2\/types\/product"}],"replies":[{"embeddable":true,"href":"https:\/\/tourtravelandmore.com\/fr\/wp-json\/wp\/v2\/comments?post=170481"}],"wp:featuredmedia":[{"embeddable":true,"href":"https:\/\/tourtravelandmore.com\/fr\/wp-json\/wp\/v2\/media\/88634"}],"wp:attachment":[{"href":"https:\/\/tourtravelandmore.com\/fr\/wp-json\/wp\/v2\/media?parent=170481"}],"wp:term":[{"taxonomy":"product_brand","embeddable":true,"href":"https:\/\/tourtravelandmore.com\/fr\/wp-json\/wp\/v2\/product_brand?post=170481"},{"taxonomy":"product_cat","embeddable":true,"href":"https:\/\/tourtravelandmore.com\/fr\/wp-json\/wp\/v2\/product_cat?post=170481"},{"taxonomy":"product_tag","embeddable":true,"href":"https:\/\/tourtravelandmore.com\/fr\/wp-json\/wp\/v2\/product_tag?post=170481"}],"curies":[{"name":"wp","href":"https:\/\/api.w.org\/{rel}","templated":true}]}}