{"id":170475,"date":"2020-12-01T10:31:43","date_gmt":"2020-12-01T09:31:43","guid":{"rendered":"https:\/\/tourtravelandmore.com\/tours\/non class\u00e9\/los-angeles-private-tour-from-anaheim\/"},"modified":"2020-12-01T10:31:43","modified_gmt":"2020-12-01T09:31:43","slug":"los-angeles-private-tour-from-anaheim","status":"publish","type":"product","link":"https:\/\/tourtravelandmore.com\/fr\/tours\/etats-unis-fr\/anaheim-fr\/los-angeles-private-tour-from-anaheim\/","title":{"rendered":"Los Angeles Private Tour from Anaheim"},"content":{"rendered":"<h2>Description<\/h2>\n<p>Starting from Anaheim, a city that is only <strong>30 minutes from Los Angeles,<\/strong> so who wants to know one of the most exclusive cities in the United States? Join us on this Private Tour to Los Angeles from Anaheim aboard a <strong>private luxury vehicle<\/strong> with a driver.<\/p>\n<h2>How does your Private Experience start?<\/h2>\n<p>You will be picked up at your hotel or location of choice in Anaheim. Once in Los Angeles, you will meet your private official tour guide for a<strong> 4-hour guided tour.<\/strong> You will be able to visit the highlights of this incredible city.<\/p>\n<h2>Why is Los Angeles such a sought after tourist destination?<\/h2>\n<p>Los Angeles is located in Southern California and is a city that is growing by leaps and bounds. This city, as you may know, is the heart of the country&#8217;s film and television industry. Los Angeles is a very<strong> exclusive and expensive city where many famous actors, athletes and singers live.<\/strong><\/p>\n<p>Give us the opportunity at Tour Travel &amp; More to take you on our private<strong> tour to Los Angeles from Anaheim<\/strong> and thus know its best and most important places!<\/p>\n<h2>Points of interest in LA.<\/h2>\n<p>First, your private driver will pick you up at a location of your choice in Anaheim. Being a private tour, we can customize the tour to fit your exact needs. We are specialized in private tours and so you can enjoy a unique stay.<\/p>\n<p>Below you will find an itinerary for a <strong>4-hour tour<\/strong>, if you have something in mind or there is a special place you would like to visit, you just have to tell us.<\/p>\n<p><strong>Among other monuments and places you can visit:<\/strong><\/p>\n<ul>\n<li><strong>Hollywood sign<\/strong><\/li>\n<li><strong>Griffith Park<\/strong><\/li>\n<li><strong>Griffith Observatory<\/strong><\/li>\n<li><strong>The Hollywood Walk of Fame<\/strong><\/li>\n<li><strong>Canals of Venice<\/strong><\/li>\n<li><strong>Venice<\/strong><\/li>\n<li><strong>Rodeo Drive<\/strong><\/li>\n<li><strong>Santa Monica Pier<\/strong><\/li>\n<li><strong>Grauman&#8217;s Chinese Theater<\/strong><\/li>\n<li><strong>Great central market<\/strong><\/li>\n<li><strong>Sunset Boulevard And much more!<\/strong><\/li>\n<\/ul>\n<h3>Private and Exclusive Tour in Los Angeles not to be missed<\/h3>\n<p><img fetchpriority=\"high\" decoding=\"async\" class=\"alignnone wp-image-104503\" src=\"https:\/\/tourtravelandmore.com\/wp-content\/uploads\/2020\/12\/Untitled-design-300x169.png\" alt=\"\" width=\"469\" height=\"264\" srcset=\"https:\/\/tourtravelandmore.com\/wp-content\/uploads\/2020\/12\/Untitled-design-300x169.png 300w, https:\/\/tourtravelandmore.com\/wp-content\/uploads\/2020\/12\/Untitled-design-1024x577.png 1024w, https:\/\/tourtravelandmore.com\/wp-content\/uploads\/2020\/12\/Untitled-design-768x433.png 768w, https:\/\/tourtravelandmore.com\/wp-content\/uploads\/2020\/12\/Untitled-design-1536x865.png 1536w, https:\/\/tourtravelandmore.com\/wp-content\/uploads\/2020\/12\/Untitled-design-680x383.png 680w, https:\/\/tourtravelandmore.com\/wp-content\/uploads\/2020\/12\/Untitled-design-595x335.png 595w, https:\/\/tourtravelandmore.com\/wp-content\/uploads\/2020\/12\/Untitled-design.png 1640w\" sizes=\"(max-width: 469px) 100vw, 469px\" \/><\/p>\n<p>During this full-day private tour, you will also have free time to have lunch in a very typical restaurant in the city. If you are interested, we can make a reservation just for you and your group.<\/p>\n<p>Finally, your private driver will take you back to your hotel or location of choice in Anaheim.<\/p>\n<p><strong>Tour Travel &amp; More<\/strong> also offers private tours and experience in all cities in the<em> United States, Canada and the European Union, take a look at all our destinations here!<\/em><\/p>\n","protected":false},"excerpt":{"rendered":"<p>What can we say about <strong>Los Angeles?<\/strong>, is one of the most <strong>incredible and amazing cities of the whole world.<\/strong> Do not miss the chance to visit Los Angeles with our private full day tour from Anaheim. Get to personalized your own experience.<\/p>\n<div id=\"gtx-trans\" style=\"position: absolute; left: 748px; top: 38px;\">\n<div class=\"gtx-trans-icon\"><\/div>\n<\/div>\n","protected":false},"featured_media":98570,"comment_status":"open","ping_status":"closed","template":"","meta":{"_acf_changed":false},"product_brand":[],"product_cat":[4462,4463,3547,4063],"product_tag":[],"class_list":{"0":"post-170475","1":"product","2":"type-product","3":"status-publish","4":"has-post-thumbnail","6":"product_cat-all-private-tours-and-activities-fr-8","7":"product_cat-private-sightseeing-tours-fr-15","8":"product_cat-etats-unis-fr","9":"product_cat-anaheim-fr","11":"first","12":"instock","13":"shipping-taxable","14":"purchasable","15":"product-type-simple"},"acf":[],"yoast_head":"<!-- This site is optimized with the Yoast SEO Premium plugin v25.3.1 (Yoast SEO v25.3.1) - https:\/\/yoast.com\/wordpress\/plugins\/seo\/ -->\n<title>Visite priv\u00e9e de Los Angeles au d\u00e9part d&#039;Anaheim - Tour Travel &amp; More<\/title>\n<meta name=\"description\" content=\"\u2192 Visite de l&#039;une des plus belles villes des \u00c9tats-Unis avec notre LOS ANGELES Private Tour au d\u00e9part d&#039;ANAHEIM avec chauffeur priv\u00e9 \u2705\" \/>\n<meta name=\"robots\" content=\"index, follow, max-snippet:-1, max-image-preview:large, max-video-preview:-1\" \/>\n<link rel=\"canonical\" href=\"https:\/\/tourtravelandmore.com\/fr\/tours\/etats-unis-fr\/anaheim-fr\/los-angeles-private-tour-from-anaheim\/\" \/>\n<meta property=\"og:locale\" content=\"fr_FR\" \/>\n<meta property=\"og:type\" content=\"article\" \/>\n<meta property=\"og:title\" content=\"Los Angeles Private Tour from Anaheim\" \/>\n<meta property=\"og:description\" content=\"\u2192 Visite de l&#039;une des plus belles villes des \u00c9tats-Unis avec notre LOS ANGELES Private Tour au d\u00e9part d&#039;ANAHEIM avec chauffeur priv\u00e9 \u2705\" \/>\n<meta property=\"og:url\" content=\"https:\/\/tourtravelandmore.com\/fr\/tours\/etats-unis-fr\/anaheim-fr\/los-angeles-private-tour-from-anaheim\/\" \/>\n<meta property=\"og:site_name\" content=\"Tour Travel And More\" \/>\n<meta property=\"article:publisher\" content=\"https:\/\/www.facebook.com\/tourtravelandmore\/\" \/>\n<meta property=\"og:image\" content=\"https:\/\/tourtravelandmore.com\/wp-content\/uploads\/2020\/11\/los-angeles-2.jpg\" \/>\n\t<meta property=\"og:image:width\" content=\"1280\" \/>\n\t<meta property=\"og:image:height\" content=\"853\" \/>\n\t<meta property=\"og:image:type\" content=\"image\/jpeg\" \/>\n<meta name=\"twitter:card\" content=\"summary_large_image\" \/>\n<meta name=\"twitter:site\" content=\"@TourTravel_More\" \/>\n<meta name=\"twitter:label1\" content=\"Dur\u00e9e de lecture estim\u00e9e\" \/>\n\t<meta name=\"twitter:data1\" content=\"2 minutes\" \/>\n<script type=\"application\/ld+json\" class=\"yoast-schema-graph\">{\"@context\":\"https:\/\/schema.org\",\"@graph\":[{\"@type\":\"WebPage\",\"@id\":\"https:\/\/tourtravelandmore.com\/fr\/tours\/etats-unis-fr\/anaheim-fr\/los-angeles-private-tour-from-anaheim\/\",\"url\":\"https:\/\/tourtravelandmore.com\/fr\/tours\/etats-unis-fr\/anaheim-fr\/los-angeles-private-tour-from-anaheim\/\",\"name\":\"Visite priv\u00e9e de Los Angeles au d\u00e9part d'Anaheim - Tour Travel & More\",\"isPartOf\":{\"@id\":\"https:\/\/tourtravelandmore.com\/fr\/#website\"},\"primaryImageOfPage\":{\"@id\":\"https:\/\/tourtravelandmore.com\/fr\/tours\/etats-unis-fr\/anaheim-fr\/los-angeles-private-tour-from-anaheim\/#primaryimage\"},\"image\":{\"@id\":\"https:\/\/tourtravelandmore.com\/fr\/tours\/etats-unis-fr\/anaheim-fr\/los-angeles-private-tour-from-anaheim\/#primaryimage\"},\"thumbnailUrl\":\"https:\/\/tourtravelandmore.com\/wp-content\/uploads\/2020\/11\/los-angeles-2.jpg\",\"datePublished\":\"2020-12-01T09:31:43+00:00\",\"description\":\"\u2192 Visite de l'une des plus belles villes des \u00c9tats-Unis avec notre LOS ANGELES Private Tour au d\u00e9part d'ANAHEIM avec chauffeur priv\u00e9 \u2705\",\"breadcrumb\":{\"@id\":\"https:\/\/tourtravelandmore.com\/fr\/tours\/etats-unis-fr\/anaheim-fr\/los-angeles-private-tour-from-anaheim\/#breadcrumb\"},\"inLanguage\":\"fr-FR\",\"potentialAction\":[{\"@type\":\"ReadAction\",\"target\":[\"https:\/\/tourtravelandmore.com\/fr\/tours\/etats-unis-fr\/anaheim-fr\/los-angeles-private-tour-from-anaheim\/\"]}]},{\"@type\":\"ImageObject\",\"inLanguage\":\"fr-FR\",\"@id\":\"https:\/\/tourtravelandmore.com\/fr\/tours\/etats-unis-fr\/anaheim-fr\/los-angeles-private-tour-from-anaheim\/#primaryimage\",\"url\":\"https:\/\/tourtravelandmore.com\/wp-content\/uploads\/2020\/11\/los-angeles-2.jpg\",\"contentUrl\":\"https:\/\/tourtravelandmore.com\/wp-content\/uploads\/2020\/11\/los-angeles-2.jpg\",\"width\":1280,\"height\":853},{\"@type\":\"BreadcrumbList\",\"@id\":\"https:\/\/tourtravelandmore.com\/fr\/tours\/etats-unis-fr\/anaheim-fr\/los-angeles-private-tour-from-anaheim\/#breadcrumb\",\"itemListElement\":[{\"@type\":\"ListItem\",\"position\":1,\"name\":\"Home\",\"item\":\"https:\/\/tourtravelandmore.com\/fr\/\"},{\"@type\":\"ListItem\",\"position\":2,\"name\":\"Tours\",\"item\":\"https:\/\/tourtravelandmore.com\/fr\/tours\/\"},{\"@type\":\"ListItem\",\"position\":3,\"name\":\"Los Angeles Private Tour from Anaheim\"}]},{\"@type\":\"WebSite\",\"@id\":\"https:\/\/tourtravelandmore.com\/fr\/#website\",\"url\":\"https:\/\/tourtravelandmore.com\/fr\/\",\"name\":\"Tour Travel And More\",\"description\":\"Private sightseeing tours and luxury transfers in Spain\",\"publisher\":{\"@id\":\"https:\/\/tourtravelandmore.com\/fr\/#organization\"},\"potentialAction\":[{\"@type\":\"SearchAction\",\"target\":{\"@type\":\"EntryPoint\",\"urlTemplate\":\"https:\/\/tourtravelandmore.com\/fr\/?s={search_term_string}\"},\"query-input\":{\"@type\":\"PropertyValueSpecification\",\"valueRequired\":true,\"valueName\":\"search_term_string\"}}],\"inLanguage\":\"fr-FR\"},{\"@type\":\"Organization\",\"@id\":\"https:\/\/tourtravelandmore.com\/fr\/#organization\",\"name\":\"Tour Travel And More\",\"url\":\"https:\/\/tourtravelandmore.com\/fr\/\",\"logo\":{\"@type\":\"ImageObject\",\"inLanguage\":\"fr-FR\",\"@id\":\"https:\/\/tourtravelandmore.com\/fr\/#\/schema\/logo\/image\/\",\"url\":\"https:\/\/tourtravelandmore.com\/wp-content\/uploads\/2022\/12\/cropped-logo-cabecera-new.png\",\"contentUrl\":\"https:\/\/tourtravelandmore.com\/wp-content\/uploads\/2022\/12\/cropped-logo-cabecera-new.png\",\"width\":430,\"height\":61,\"caption\":\"Tour Travel And More\"},\"image\":{\"@id\":\"https:\/\/tourtravelandmore.com\/fr\/#\/schema\/logo\/image\/\"},\"sameAs\":[\"https:\/\/www.facebook.com\/tourtravelandmore\/\",\"https:\/\/x.com\/TourTravel_More\"]}]}<\/script>\n<!-- \/ Yoast SEO Premium plugin. -->","yoast_head_json":{"title":"Visite priv\u00e9e de Los Angeles au d\u00e9part d'Anaheim - Tour Travel & More","description":"\u2192 Visite de l'une des plus belles villes des \u00c9tats-Unis avec notre LOS ANGELES Private Tour au d\u00e9part d'ANAHEIM avec chauffeur priv\u00e9 \u2705","robots":{"index":"index","follow":"follow","max-snippet":"max-snippet:-1","max-image-preview":"max-image-preview:large","max-video-preview":"max-video-preview:-1"},"canonical":"https:\/\/tourtravelandmore.com\/fr\/tours\/etats-unis-fr\/anaheim-fr\/los-angeles-private-tour-from-anaheim\/","og_locale":"fr_FR","og_type":"article","og_title":"Los Angeles Private Tour from Anaheim","og_description":"\u2192 Visite de l'une des plus belles villes des \u00c9tats-Unis avec notre LOS ANGELES Private Tour au d\u00e9part d'ANAHEIM avec chauffeur priv\u00e9 \u2705","og_url":"https:\/\/tourtravelandmore.com\/fr\/tours\/etats-unis-fr\/anaheim-fr\/los-angeles-private-tour-from-anaheim\/","og_site_name":"Tour Travel And More","article_publisher":"https:\/\/www.facebook.com\/tourtravelandmore\/","og_image":[{"width":1280,"height":853,"url":"https:\/\/tourtravelandmore.com\/wp-content\/uploads\/2020\/11\/los-angeles-2.jpg","type":"image\/jpeg"}],"twitter_card":"summary_large_image","twitter_site":"@TourTravel_More","twitter_misc":{"Dur\u00e9e de lecture estim\u00e9e":"2 minutes"},"schema":{"@context":"https:\/\/schema.org","@graph":[{"@type":"WebPage","@id":"https:\/\/tourtravelandmore.com\/fr\/tours\/etats-unis-fr\/anaheim-fr\/los-angeles-private-tour-from-anaheim\/","url":"https:\/\/tourtravelandmore.com\/fr\/tours\/etats-unis-fr\/anaheim-fr\/los-angeles-private-tour-from-anaheim\/","name":"Visite priv\u00e9e de Los Angeles au d\u00e9part d'Anaheim - Tour Travel & More","isPartOf":{"@id":"https:\/\/tourtravelandmore.com\/fr\/#website"},"primaryImageOfPage":{"@id":"https:\/\/tourtravelandmore.com\/fr\/tours\/etats-unis-fr\/anaheim-fr\/los-angeles-private-tour-from-anaheim\/#primaryimage"},"image":{"@id":"https:\/\/tourtravelandmore.com\/fr\/tours\/etats-unis-fr\/anaheim-fr\/los-angeles-private-tour-from-anaheim\/#primaryimage"},"thumbnailUrl":"https:\/\/tourtravelandmore.com\/wp-content\/uploads\/2020\/11\/los-angeles-2.jpg","datePublished":"2020-12-01T09:31:43+00:00","description":"\u2192 Visite de l'une des plus belles villes des \u00c9tats-Unis avec notre LOS ANGELES Private Tour au d\u00e9part d'ANAHEIM avec chauffeur priv\u00e9 \u2705","breadcrumb":{"@id":"https:\/\/tourtravelandmore.com\/fr\/tours\/etats-unis-fr\/anaheim-fr\/los-angeles-private-tour-from-anaheim\/#breadcrumb"},"inLanguage":"fr-FR","potentialAction":[{"@type":"ReadAction","target":["https:\/\/tourtravelandmore.com\/fr\/tours\/etats-unis-fr\/anaheim-fr\/los-angeles-private-tour-from-anaheim\/"]}]},{"@type":"ImageObject","inLanguage":"fr-FR","@id":"https:\/\/tourtravelandmore.com\/fr\/tours\/etats-unis-fr\/anaheim-fr\/los-angeles-private-tour-from-anaheim\/#primaryimage","url":"https:\/\/tourtravelandmore.com\/wp-content\/uploads\/2020\/11\/los-angeles-2.jpg","contentUrl":"https:\/\/tourtravelandmore.com\/wp-content\/uploads\/2020\/11\/los-angeles-2.jpg","width":1280,"height":853},{"@type":"BreadcrumbList","@id":"https:\/\/tourtravelandmore.com\/fr\/tours\/etats-unis-fr\/anaheim-fr\/los-angeles-private-tour-from-anaheim\/#breadcrumb","itemListElement":[{"@type":"ListItem","position":1,"name":"Home","item":"https:\/\/tourtravelandmore.com\/fr\/"},{"@type":"ListItem","position":2,"name":"Tours","item":"https:\/\/tourtravelandmore.com\/fr\/tours\/"},{"@type":"ListItem","position":3,"name":"Los Angeles Private Tour from Anaheim"}]},{"@type":"WebSite","@id":"https:\/\/tourtravelandmore.com\/fr\/#website","url":"https:\/\/tourtravelandmore.com\/fr\/","name":"Tour Travel And More","description":"Private sightseeing tours and luxury transfers in Spain","publisher":{"@id":"https:\/\/tourtravelandmore.com\/fr\/#organization"},"potentialAction":[{"@type":"SearchAction","target":{"@type":"EntryPoint","urlTemplate":"https:\/\/tourtravelandmore.com\/fr\/?s={search_term_string}"},"query-input":{"@type":"PropertyValueSpecification","valueRequired":true,"valueName":"search_term_string"}}],"inLanguage":"fr-FR"},{"@type":"Organization","@id":"https:\/\/tourtravelandmore.com\/fr\/#organization","name":"Tour Travel And More","url":"https:\/\/tourtravelandmore.com\/fr\/","logo":{"@type":"ImageObject","inLanguage":"fr-FR","@id":"https:\/\/tourtravelandmore.com\/fr\/#\/schema\/logo\/image\/","url":"https:\/\/tourtravelandmore.com\/wp-content\/uploads\/2022\/12\/cropped-logo-cabecera-new.png","contentUrl":"https:\/\/tourtravelandmore.com\/wp-content\/uploads\/2022\/12\/cropped-logo-cabecera-new.png","width":430,"height":61,"caption":"Tour Travel And More"},"image":{"@id":"https:\/\/tourtravelandmore.com\/fr\/#\/schema\/logo\/image\/"},"sameAs":["https:\/\/www.facebook.com\/tourtravelandmore\/","https:\/\/x.com\/TourTravel_More"]}]}},"_links":{"self":[{"href":"https:\/\/tourtravelandmore.com\/fr\/wp-json\/wp\/v2\/product\/170475","targetHints":{"allow":["GET"]}}],"collection":[{"href":"https:\/\/tourtravelandmore.com\/fr\/wp-json\/wp\/v2\/product"}],"about":[{"href":"https:\/\/tourtravelandmore.com\/fr\/wp-json\/wp\/v2\/types\/product"}],"replies":[{"embeddable":true,"href":"https:\/\/tourtravelandmore.com\/fr\/wp-json\/wp\/v2\/comments?post=170475"}],"wp:featuredmedia":[{"embeddable":true,"href":"https:\/\/tourtravelandmore.com\/fr\/wp-json\/wp\/v2\/media\/98570"}],"wp:attachment":[{"href":"https:\/\/tourtravelandmore.com\/fr\/wp-json\/wp\/v2\/media?parent=170475"}],"wp:term":[{"taxonomy":"product_brand","embeddable":true,"href":"https:\/\/tourtravelandmore.com\/fr\/wp-json\/wp\/v2\/product_brand?post=170475"},{"taxonomy":"product_cat","embeddable":true,"href":"https:\/\/tourtravelandmore.com\/fr\/wp-json\/wp\/v2\/product_cat?post=170475"},{"taxonomy":"product_tag","embeddable":true,"href":"https:\/\/tourtravelandmore.com\/fr\/wp-json\/wp\/v2\/product_tag?post=170475"}],"curies":[{"name":"wp","href":"https:\/\/api.w.org\/{rel}","templated":true}]}}