{"id":170442,"date":"2023-10-03T15:30:23","date_gmt":"2023-10-03T13:30:39","guid":{"rendered":"https:\/\/tourtravelandmore.com\/?post_type=product&#038;p=170442"},"modified":"2023-10-06T13:06:27","modified_gmt":"2023-10-06T11:06:27","slug":"visite-privee-de-lalgarve-au-depart-de-lisbonne","status":"publish","type":"product","link":"https:\/\/tourtravelandmore.com\/fr\/tours\/portugal-fr\/lisbon-fr\/visite-privee-de-lalgarve-au-depart-de-lisbonne\/","title":{"rendered":"Visite priv\u00e9e de l&#8217;Algarve au d\u00e9part de Lisbonne"},"content":{"rendered":"<h2><b>Circuit priv\u00e9 en Algarve au d\u00e9part de Lisbonne Description :<\/b><\/h2>\n<p><span style=\"font-weight: 400;\">Plongez dans la beaut\u00e9 \u00e9poustouflante et la riche culture de l&#8217;Algarve, la r\u00e9gion la plus m\u00e9ridionale du Portugal, gr\u00e2ce \u00e0 ce circuit priv\u00e9 de 12 heures au d\u00e9part de Lisbonne, m\u00e9ticuleusement con\u00e7u par Tour Travel and More. D\u00e8s votre d\u00e9part de la capitale, vous serez confortablement install\u00e9 \u00e0 bord d&#8217;un v\u00e9hicule de luxe qui vous fera traverser les paysages pittoresques du Portugal. \u00c0 votre arriv\u00e9e en Algarve, notre guide \u00e9rudit, qui conna\u00eet parfaitement les histoires et les traditions de la r\u00e9gion, vous accompagnera pour une exploration de 4 heures. D\u00e9couvrez une terre o\u00f9 les falaises dor\u00e9es embrassent des mers azur\u00e9es, o\u00f9 les villes anciennes r\u00e9sonnent d&#8217;histoire et o\u00f9 l&#8217;ar\u00f4me de la cuisine traditionnelle vous attire. Alors que le soleil jette une lueur radieuse sur l&#8217;horizon, vous ferez vos adieux \u00e0 une journ\u00e9e pleine de plaisirs visuels et intellectuels, emportant avec vous les souvenirs d&#8217;une terre o\u00f9 la nature et la culture s&#8217;entrem\u00ealent sans effort.<\/span><\/p>\n<p><span style=\"font-weight: 400;\">En poursuivant votre voyage \u00e0 travers l&#8217;Algarve, pr\u00e9parez-vous \u00e0 \u00eatre enchant\u00e9 par le m\u00e9lange harmonieux des influences mauresques et europ\u00e9ennes qui s&#8217;expriment de mani\u00e8re \u00e9clatante dans l&#8217;architecture, la musique et l&#8217;art de la r\u00e9gion. Chaque \u00e9tape r\u00e9v\u00e8le une nouvelle facette du charme multiforme de l&#8217;Algarve, de ses march\u00e9s aux poissons anim\u00e9s par la p\u00eache du jour aux cours int\u00e9rieures sereines o\u00f9 le temps semble s&#8217;\u00eatre arr\u00eat\u00e9. Observez les artisans locaux \u00e0 l&#8217;\u0153uvre, moulant l&#8217;argile et tissant des tissus, pr\u00e9servant ainsi des traditions transmises de g\u00e9n\u00e9ration en g\u00e9n\u00e9ration. En serpentant \u00e0 travers les oliveraies et en passant devant de charmantes villas blanchies \u00e0 la chaux, l&#8217;essence de l&#8217;Algarve &#8211; sa beaut\u00e9 inspirante et ses traditions intemporelles &#8211; laissera une marque ind\u00e9l\u00e9bile dans votre c\u0153ur.<\/span><\/p>\n<h2><b>Visite priv\u00e9e de l&#8217;Algarve au d\u00e9part de Lisbonne Points forts :<\/b><\/h2>\n<p><span style=\"font-weight: 400;\">L&#8217;Algarve n&#8217;est pas seulement une destination ; c&#8217;est une tapisserie d&#8217;exp\u00e9riences qui n&#8217;attendent que d&#8217;\u00eatre d\u00e9voil\u00e9es. Des embl\u00e9matiques grottes calcaires de Ponta da Piedade \u00e0 l&#8217;architecture historique de Silves, chaque recoin de l&#8217;Algarve offre une histoire unique. Promenez-vous le long des interminables plages de sable comme Praia da Marinha, class\u00e9e parmi les meilleures au monde. Laissez-vous s\u00e9duire par les villas blanchies \u00e0 la chaux d&#8217;Albufeira et laissez-vous s\u00e9duire par l&#8217;atmosph\u00e8re anim\u00e9e de sa vieille ville.<\/span><\/p>\n<h3><span style=\"font-weight: 400;\">Sites et lieux d&#8217;int\u00e9r\u00eat populaires :<\/span><\/h3>\n<ul>\n<li style=\"font-weight: 400;\" aria-level=\"1\"><b>Ponta da Piedade : <\/b><span style=\"font-weight: 400;\">Chef-d&#8217;\u0153uvre naturel, Ponta da Piedade offre un labyrinthe de falaises et de grottes marines. Ici, le soleil et la mer s&#8217;amusent \u00e0 peindre une toile de couleurs, offrant aux visiteurs des vues \u00e0 couper le souffle.<\/span><\/li>\n<li style=\"font-weight: 400;\" aria-level=\"1\"><b>Silves : <\/b><span style=\"font-weight: 400;\">Autrefois capitale maure de l&#8217;Algarve, Silves poss\u00e8de un ch\u00e2teau et une cath\u00e9drale impressionnants. Ses rues pav\u00e9es murmurent des histoires sur son pass\u00e9 maure, ce qui en fait un tr\u00e9sor historique.<\/span><\/li>\n<li style=\"font-weight: 400;\" aria-level=\"1\"><b>Praia da Marinha :<\/b><span style=\"font-weight: 400;\"> Acclam\u00e9e pour sa beaut\u00e9 naturelle exceptionnelle, cette plage est un v\u00e9ritable coin de paradis avec son sable dor\u00e9 et ses eaux azur, encadr\u00e9s par d&#8217;intrigantes formations rocheuses.<\/span><\/li>\n<li style=\"font-weight: 400;\" aria-level=\"1\"><b>Vieille ville d&#8217;Albufeira :<\/b><span style=\"font-weight: 400;\"> Plongez dans la culture algarvienne en visitant la vieille ville d&#8217;Albufeira. Avec ses rues pittoresques, ses places anim\u00e9es et sa pl\u00e9thore de restaurants, elle offre un v\u00e9ritable aper\u00e7u de l&#8217;esprit dynamique de l&#8217;Algarve.<\/span><\/li>\n<li style=\"font-weight: 400;\" aria-level=\"1\"><b>Tavira :<\/b><span style=\"font-weight: 400;\"> Souvent surnomm\u00e9e la &#8220;Venise de l&#8217;Algarve&#8221;, Tavira est une ville pittoresque avec ses ponts anciens, son ch\u00e2teau maure et ses maisons traditionnelles. En vous promenant, vous ressentirez l&#8217;essence d&#8217;un Algarve d&#8217;antan, avec ses charmantes \u00e9glises et ses jardins tranquilles.<\/span><\/li>\n<li style=\"font-weight: 400;\" aria-level=\"1\"><b>Vieille ville de Faro :<\/b><span style=\"font-weight: 400;\"> entour\u00e9e d&#8217;anciens murs de d\u00e9fense, la vieille ville de Faro est un joyau d&#8217;importance historique et architecturale. Avec sa cath\u00e9drale gothique, la porte Arco da Vila et ses rues pav\u00e9es orn\u00e9es de b\u00e2timents aux tuiles azulejos, elle offre un d\u00e9licieux voyage \u00e0 travers l&#8217;histoire et la culture.<\/span><\/li>\n<\/ul>\n<p>&nbsp;<\/p>\n<p><span style=\"font-weight: 400;\">Si l&#8217;attrait de Lisbonne vous attire, explorez notre gamme vari\u00e9e de circuits qui mettent en valeur les multiples facettes du charme de la capitale.<\/span><a href=\"https:\/\/tourtravelandmore.com\/fr\/city\/portugal-fr\/lisbon-fr\/\"><span style=\"font-weight: 400;\"> Tour Travel and More vous invite \u00e0 d\u00e9couvrir les joyaux cach\u00e9s et les sites c\u00e9l\u00e8bres de Lisbonne. <\/span><\/a><span style=\"font-weight: 400;\">Plongez au c\u0153ur de sa riche histoire et de sa culture vibrante gr\u00e2ce \u00e0 nos visites priv\u00e9es organis\u00e9es par des experts. Visitez notre site web Tour Travel and More pour plus de d\u00e9tails.<\/span><\/p>\n","protected":false},"excerpt":{"rendered":"<p><span style=\"font-weight: 400;\">Embarquez pour un voyage captivant de Lisbonne \u00e0 l&#8217;Algarve, o\u00f9 la beaut\u00e9 envo\u00fbtante des plages dor\u00e9es, des villes anciennes et des merveilles naturelles vous attend. Men\u00e9 par des guides experts, ce circuit de 12 heures offre un aper\u00e7u intime de l&#8217;\u00e2me du sud du Portugal.<\/span><\/p>\n","protected":false},"featured_media":170452,"comment_status":"open","ping_status":"closed","template":"","meta":{"_acf_changed":false},"product_brand":[],"product_cat":[4468,4467,4469,3665],"product_tag":[],"class_list":{"0":"post-170442","1":"product","2":"type-product","3":"status-publish","4":"has-post-thumbnail","6":"product_cat-excursions-privees-dune-journee-fr-3","7":"product_cat-toutes-les-visites-et-activites-privees-fr-5","8":"product_cat-visites-guidees-privees-fr-6","9":"product_cat-lisbon-fr","11":"first","12":"instock","13":"shipping-taxable","14":"purchasable","15":"product-type-simple"},"acf":[],"yoast_head":"<!-- This site is optimized with the Yoast SEO Premium plugin v25.3.1 (Yoast SEO v25.3.1) - https:\/\/yoast.com\/wordpress\/plugins\/seo\/ -->\n<title>\u27a1\ufe0f Private Algarve Tour from Lisbon | Tour Travel and More<\/title>\n<meta name=\"description\" content=\"Plongez dans la beaut\u00e9 naturelle, l&#039;histoire et la culture de l&#039;Algarve lors d&#039;un circuit priv\u00e9 de 12 heures au d\u00e9part de Lisbonne. D\u00e9couvrez le meilleur du sud du Portugal avec Tour Travel and more \u2705\" \/>\n<meta name=\"robots\" content=\"index, follow, max-snippet:-1, max-image-preview:large, max-video-preview:-1\" \/>\n<link rel=\"canonical\" href=\"https:\/\/tourtravelandmore.com\/fr\/tours\/portugal-fr\/lisbon-fr\/visite-privee-de-lalgarve-au-depart-de-lisbonne\/\" \/>\n<meta property=\"og:locale\" content=\"fr_FR\" \/>\n<meta property=\"og:type\" content=\"article\" \/>\n<meta property=\"og:title\" content=\"Visite priv\u00e9e de l&#039;Algarve au d\u00e9part de Lisbonne\" \/>\n<meta property=\"og:description\" content=\"Plongez dans la beaut\u00e9 naturelle, l&#039;histoire et la culture de l&#039;Algarve lors d&#039;un circuit priv\u00e9 de 12 heures au d\u00e9part de Lisbonne. D\u00e9couvrez le meilleur du sud du Portugal avec Tour Travel and more \u2705\" \/>\n<meta property=\"og:url\" content=\"https:\/\/tourtravelandmore.com\/fr\/tours\/portugal-fr\/lisbon-fr\/visite-privee-de-lalgarve-au-depart-de-lisbonne\/\" \/>\n<meta property=\"og:site_name\" content=\"Tour Travel And More\" \/>\n<meta property=\"article:publisher\" content=\"https:\/\/www.facebook.com\/tourtravelandmore\/\" \/>\n<meta property=\"article:modified_time\" content=\"2023-10-06T11:06:27+00:00\" \/>\n<meta property=\"og:image\" content=\"https:\/\/tourtravelandmore.com\/wp-content\/uploads\/2023\/10\/image1-6.jpg\" \/>\n\t<meta property=\"og:image:width\" content=\"900\" \/>\n\t<meta property=\"og:image:height\" content=\"750\" \/>\n\t<meta property=\"og:image:type\" content=\"image\/jpeg\" \/>\n<meta name=\"twitter:card\" content=\"summary_large_image\" \/>\n<meta name=\"twitter:site\" content=\"@TourTravel_More\" \/>\n<meta name=\"twitter:label1\" content=\"Dur\u00e9e de lecture estim\u00e9e\" \/>\n\t<meta name=\"twitter:data1\" content=\"4 minutes\" \/>\n<script type=\"application\/ld+json\" class=\"yoast-schema-graph\">{\"@context\":\"https:\/\/schema.org\",\"@graph\":[{\"@type\":\"WebPage\",\"@id\":\"https:\/\/tourtravelandmore.com\/fr\/tours\/portugal-fr\/lisbon-fr\/visite-privee-de-lalgarve-au-depart-de-lisbonne\/\",\"url\":\"https:\/\/tourtravelandmore.com\/fr\/tours\/portugal-fr\/lisbon-fr\/visite-privee-de-lalgarve-au-depart-de-lisbonne\/\",\"name\":\"\u27a1\ufe0f Private Algarve Tour from Lisbon | Tour Travel and More\",\"isPartOf\":{\"@id\":\"https:\/\/tourtravelandmore.com\/fr\/#website\"},\"primaryImageOfPage\":{\"@id\":\"https:\/\/tourtravelandmore.com\/fr\/tours\/portugal-fr\/lisbon-fr\/visite-privee-de-lalgarve-au-depart-de-lisbonne\/#primaryimage\"},\"image\":{\"@id\":\"https:\/\/tourtravelandmore.com\/fr\/tours\/portugal-fr\/lisbon-fr\/visite-privee-de-lalgarve-au-depart-de-lisbonne\/#primaryimage\"},\"thumbnailUrl\":\"https:\/\/tourtravelandmore.com\/wp-content\/uploads\/2023\/10\/image1-6.jpg\",\"datePublished\":\"2023-10-03T13:30:39+00:00\",\"dateModified\":\"2023-10-06T11:06:27+00:00\",\"description\":\"Plongez dans la beaut\u00e9 naturelle, l'histoire et la culture de l'Algarve lors d'un circuit priv\u00e9 de 12 heures au d\u00e9part de Lisbonne. D\u00e9couvrez le meilleur du sud du Portugal avec Tour Travel and more \u2705\",\"breadcrumb\":{\"@id\":\"https:\/\/tourtravelandmore.com\/fr\/tours\/portugal-fr\/lisbon-fr\/visite-privee-de-lalgarve-au-depart-de-lisbonne\/#breadcrumb\"},\"inLanguage\":\"fr-FR\",\"potentialAction\":[{\"@type\":\"ReadAction\",\"target\":[\"https:\/\/tourtravelandmore.com\/fr\/tours\/portugal-fr\/lisbon-fr\/visite-privee-de-lalgarve-au-depart-de-lisbonne\/\"]}]},{\"@type\":\"ImageObject\",\"inLanguage\":\"fr-FR\",\"@id\":\"https:\/\/tourtravelandmore.com\/fr\/tours\/portugal-fr\/lisbon-fr\/visite-privee-de-lalgarve-au-depart-de-lisbonne\/#primaryimage\",\"url\":\"https:\/\/tourtravelandmore.com\/wp-content\/uploads\/2023\/10\/image1-6.jpg\",\"contentUrl\":\"https:\/\/tourtravelandmore.com\/wp-content\/uploads\/2023\/10\/image1-6.jpg\",\"width\":900,\"height\":750},{\"@type\":\"BreadcrumbList\",\"@id\":\"https:\/\/tourtravelandmore.com\/fr\/tours\/portugal-fr\/lisbon-fr\/visite-privee-de-lalgarve-au-depart-de-lisbonne\/#breadcrumb\",\"itemListElement\":[{\"@type\":\"ListItem\",\"position\":1,\"name\":\"Home\",\"item\":\"https:\/\/tourtravelandmore.com\/fr\/\"},{\"@type\":\"ListItem\",\"position\":2,\"name\":\"Tours\",\"item\":\"https:\/\/tourtravelandmore.com\/fr\/tours\/\"},{\"@type\":\"ListItem\",\"position\":3,\"name\":\"Visite priv\u00e9e de l&rsquo;Algarve au d\u00e9part de Lisbonne\"}]},{\"@type\":\"WebSite\",\"@id\":\"https:\/\/tourtravelandmore.com\/fr\/#website\",\"url\":\"https:\/\/tourtravelandmore.com\/fr\/\",\"name\":\"Tour Travel And More\",\"description\":\"Private sightseeing tours and luxury transfers in Spain\",\"publisher\":{\"@id\":\"https:\/\/tourtravelandmore.com\/fr\/#organization\"},\"potentialAction\":[{\"@type\":\"SearchAction\",\"target\":{\"@type\":\"EntryPoint\",\"urlTemplate\":\"https:\/\/tourtravelandmore.com\/fr\/?s={search_term_string}\"},\"query-input\":{\"@type\":\"PropertyValueSpecification\",\"valueRequired\":true,\"valueName\":\"search_term_string\"}}],\"inLanguage\":\"fr-FR\"},{\"@type\":\"Organization\",\"@id\":\"https:\/\/tourtravelandmore.com\/fr\/#organization\",\"name\":\"Tour Travel And More\",\"url\":\"https:\/\/tourtravelandmore.com\/fr\/\",\"logo\":{\"@type\":\"ImageObject\",\"inLanguage\":\"fr-FR\",\"@id\":\"https:\/\/tourtravelandmore.com\/fr\/#\/schema\/logo\/image\/\",\"url\":\"https:\/\/tourtravelandmore.com\/wp-content\/uploads\/2022\/12\/cropped-logo-cabecera-new.png\",\"contentUrl\":\"https:\/\/tourtravelandmore.com\/wp-content\/uploads\/2022\/12\/cropped-logo-cabecera-new.png\",\"width\":430,\"height\":61,\"caption\":\"Tour Travel And More\"},\"image\":{\"@id\":\"https:\/\/tourtravelandmore.com\/fr\/#\/schema\/logo\/image\/\"},\"sameAs\":[\"https:\/\/www.facebook.com\/tourtravelandmore\/\",\"https:\/\/x.com\/TourTravel_More\"]}]}<\/script>\n<!-- \/ Yoast SEO Premium plugin. -->","yoast_head_json":{"title":"\u27a1\ufe0f Private Algarve Tour from Lisbon | Tour Travel and More","description":"Plongez dans la beaut\u00e9 naturelle, l'histoire et la culture de l'Algarve lors d'un circuit priv\u00e9 de 12 heures au d\u00e9part de Lisbonne. D\u00e9couvrez le meilleur du sud du Portugal avec Tour Travel and more \u2705","robots":{"index":"index","follow":"follow","max-snippet":"max-snippet:-1","max-image-preview":"max-image-preview:large","max-video-preview":"max-video-preview:-1"},"canonical":"https:\/\/tourtravelandmore.com\/fr\/tours\/portugal-fr\/lisbon-fr\/visite-privee-de-lalgarve-au-depart-de-lisbonne\/","og_locale":"fr_FR","og_type":"article","og_title":"Visite priv\u00e9e de l'Algarve au d\u00e9part de Lisbonne","og_description":"Plongez dans la beaut\u00e9 naturelle, l'histoire et la culture de l'Algarve lors d'un circuit priv\u00e9 de 12 heures au d\u00e9part de Lisbonne. D\u00e9couvrez le meilleur du sud du Portugal avec Tour Travel and more \u2705","og_url":"https:\/\/tourtravelandmore.com\/fr\/tours\/portugal-fr\/lisbon-fr\/visite-privee-de-lalgarve-au-depart-de-lisbonne\/","og_site_name":"Tour Travel And More","article_publisher":"https:\/\/www.facebook.com\/tourtravelandmore\/","article_modified_time":"2023-10-06T11:06:27+00:00","og_image":[{"width":900,"height":750,"url":"https:\/\/tourtravelandmore.com\/wp-content\/uploads\/2023\/10\/image1-6.jpg","type":"image\/jpeg"}],"twitter_card":"summary_large_image","twitter_site":"@TourTravel_More","twitter_misc":{"Dur\u00e9e de lecture estim\u00e9e":"4 minutes"},"schema":{"@context":"https:\/\/schema.org","@graph":[{"@type":"WebPage","@id":"https:\/\/tourtravelandmore.com\/fr\/tours\/portugal-fr\/lisbon-fr\/visite-privee-de-lalgarve-au-depart-de-lisbonne\/","url":"https:\/\/tourtravelandmore.com\/fr\/tours\/portugal-fr\/lisbon-fr\/visite-privee-de-lalgarve-au-depart-de-lisbonne\/","name":"\u27a1\ufe0f Private Algarve Tour from Lisbon | Tour Travel and More","isPartOf":{"@id":"https:\/\/tourtravelandmore.com\/fr\/#website"},"primaryImageOfPage":{"@id":"https:\/\/tourtravelandmore.com\/fr\/tours\/portugal-fr\/lisbon-fr\/visite-privee-de-lalgarve-au-depart-de-lisbonne\/#primaryimage"},"image":{"@id":"https:\/\/tourtravelandmore.com\/fr\/tours\/portugal-fr\/lisbon-fr\/visite-privee-de-lalgarve-au-depart-de-lisbonne\/#primaryimage"},"thumbnailUrl":"https:\/\/tourtravelandmore.com\/wp-content\/uploads\/2023\/10\/image1-6.jpg","datePublished":"2023-10-03T13:30:39+00:00","dateModified":"2023-10-06T11:06:27+00:00","description":"Plongez dans la beaut\u00e9 naturelle, l'histoire et la culture de l'Algarve lors d'un circuit priv\u00e9 de 12 heures au d\u00e9part de Lisbonne. D\u00e9couvrez le meilleur du sud du Portugal avec Tour Travel and more \u2705","breadcrumb":{"@id":"https:\/\/tourtravelandmore.com\/fr\/tours\/portugal-fr\/lisbon-fr\/visite-privee-de-lalgarve-au-depart-de-lisbonne\/#breadcrumb"},"inLanguage":"fr-FR","potentialAction":[{"@type":"ReadAction","target":["https:\/\/tourtravelandmore.com\/fr\/tours\/portugal-fr\/lisbon-fr\/visite-privee-de-lalgarve-au-depart-de-lisbonne\/"]}]},{"@type":"ImageObject","inLanguage":"fr-FR","@id":"https:\/\/tourtravelandmore.com\/fr\/tours\/portugal-fr\/lisbon-fr\/visite-privee-de-lalgarve-au-depart-de-lisbonne\/#primaryimage","url":"https:\/\/tourtravelandmore.com\/wp-content\/uploads\/2023\/10\/image1-6.jpg","contentUrl":"https:\/\/tourtravelandmore.com\/wp-content\/uploads\/2023\/10\/image1-6.jpg","width":900,"height":750},{"@type":"BreadcrumbList","@id":"https:\/\/tourtravelandmore.com\/fr\/tours\/portugal-fr\/lisbon-fr\/visite-privee-de-lalgarve-au-depart-de-lisbonne\/#breadcrumb","itemListElement":[{"@type":"ListItem","position":1,"name":"Home","item":"https:\/\/tourtravelandmore.com\/fr\/"},{"@type":"ListItem","position":2,"name":"Tours","item":"https:\/\/tourtravelandmore.com\/fr\/tours\/"},{"@type":"ListItem","position":3,"name":"Visite priv\u00e9e de l&rsquo;Algarve au d\u00e9part de Lisbonne"}]},{"@type":"WebSite","@id":"https:\/\/tourtravelandmore.com\/fr\/#website","url":"https:\/\/tourtravelandmore.com\/fr\/","name":"Tour Travel And More","description":"Private sightseeing tours and luxury transfers in Spain","publisher":{"@id":"https:\/\/tourtravelandmore.com\/fr\/#organization"},"potentialAction":[{"@type":"SearchAction","target":{"@type":"EntryPoint","urlTemplate":"https:\/\/tourtravelandmore.com\/fr\/?s={search_term_string}"},"query-input":{"@type":"PropertyValueSpecification","valueRequired":true,"valueName":"search_term_string"}}],"inLanguage":"fr-FR"},{"@type":"Organization","@id":"https:\/\/tourtravelandmore.com\/fr\/#organization","name":"Tour Travel And More","url":"https:\/\/tourtravelandmore.com\/fr\/","logo":{"@type":"ImageObject","inLanguage":"fr-FR","@id":"https:\/\/tourtravelandmore.com\/fr\/#\/schema\/logo\/image\/","url":"https:\/\/tourtravelandmore.com\/wp-content\/uploads\/2022\/12\/cropped-logo-cabecera-new.png","contentUrl":"https:\/\/tourtravelandmore.com\/wp-content\/uploads\/2022\/12\/cropped-logo-cabecera-new.png","width":430,"height":61,"caption":"Tour Travel And More"},"image":{"@id":"https:\/\/tourtravelandmore.com\/fr\/#\/schema\/logo\/image\/"},"sameAs":["https:\/\/www.facebook.com\/tourtravelandmore\/","https:\/\/x.com\/TourTravel_More"]}]}},"_links":{"self":[{"href":"https:\/\/tourtravelandmore.com\/fr\/wp-json\/wp\/v2\/product\/170442","targetHints":{"allow":["GET"]}}],"collection":[{"href":"https:\/\/tourtravelandmore.com\/fr\/wp-json\/wp\/v2\/product"}],"about":[{"href":"https:\/\/tourtravelandmore.com\/fr\/wp-json\/wp\/v2\/types\/product"}],"replies":[{"embeddable":true,"href":"https:\/\/tourtravelandmore.com\/fr\/wp-json\/wp\/v2\/comments?post=170442"}],"wp:featuredmedia":[{"embeddable":true,"href":"https:\/\/tourtravelandmore.com\/fr\/wp-json\/wp\/v2\/media\/170452"}],"wp:attachment":[{"href":"https:\/\/tourtravelandmore.com\/fr\/wp-json\/wp\/v2\/media?parent=170442"}],"wp:term":[{"taxonomy":"product_brand","embeddable":true,"href":"https:\/\/tourtravelandmore.com\/fr\/wp-json\/wp\/v2\/product_brand?post=170442"},{"taxonomy":"product_cat","embeddable":true,"href":"https:\/\/tourtravelandmore.com\/fr\/wp-json\/wp\/v2\/product_cat?post=170442"},{"taxonomy":"product_tag","embeddable":true,"href":"https:\/\/tourtravelandmore.com\/fr\/wp-json\/wp\/v2\/product_tag?post=170442"}],"curies":[{"name":"wp","href":"https:\/\/api.w.org\/{rel}","templated":true}]}}