{"id":170415,"date":"2023-10-02T10:47:56","date_gmt":"2023-10-02T08:48:10","guid":{"rendered":"https:\/\/tourtravelandmore.com\/?post_type=product&#038;p=170415"},"modified":"2023-10-06T13:07:13","modified_gmt":"2023-10-06T11:07:13","slug":"transfert-a-porto-avec-arrets-a-fatima-et-coimbra","status":"publish","type":"product","link":"https:\/\/tourtravelandmore.com\/fr\/tours\/portugal-fr\/lisbon-fr\/transfert-a-porto-avec-arrets-a-fatima-et-coimbra\/","title":{"rendered":"Transfert \u00e0 Porto avec arr\u00eats \u00e0 Fatima et Coimbra"},"content":{"rendered":"<h2><b>Transfert \u00e0 Porto avec arr\u00eats \u00e0 Fatima et Coimbra Description :<\/b><\/h2>\n<p><span style=\"font-weight: 400;\">Commencez un voyage inoubliable avec le service exclusif &#8220;Transfert \u00e0 Porto avec arr\u00eats \u00e0 Fatima et Coimbra&#8221;, offert par Tour Travel and More. Au d\u00e9part de Lisbonne, dans le confort d&#8217;un v\u00e9hicule priv\u00e9 de luxe, votre premi\u00e8re destination est la ville sereine de Fatima, connue dans le monde entier pour ses apparitions mariales. Avec un guide sp\u00e9cialis\u00e9, d\u00e9couvrez les histoires spirituelles et l&#8217;importance de ce lieu de p\u00e8lerinage. Votre voyage vous m\u00e8nera ensuite \u00e0 l&#8217;illustre ville de Coimbra, o\u00f9 l&#8217;histoire et l&#8217;universit\u00e9 s&#8217;entrem\u00ealent. Profitez d&#8217;une visite de deux heures, men\u00e9e par un expert, pour d\u00e9couvrir la c\u00e9l\u00e8bre universit\u00e9 de Coimbra et ses magnifiques structures. La derni\u00e8re \u00e9tape de votre voyage se termine dans la ville anim\u00e9e de Porto. D&#8217;une dur\u00e9e totale de 10 heures, ce circuit est un parfait \u00e9quilibre entre l&#8217;\u00e9veil spirituel, l&#8217;exploration historique et le voyage de luxe.<\/span><\/p>\n<p><span style=\"font-weight: 400;\">Apr\u00e8s vous \u00eatre impr\u00e9gn\u00e9 de l&#8217;aura universitaire de Coimbra, continuez vers le nord et sentez l&#8217;impatience monter \u00e0 mesure que l&#8217;horizon de Porto se rapproche. \u00c0 mesure que vous approchez, vous apercevez le fleuve Douro, qui se faufile \u00e0 travers les paysages historiques de la ville. Profitez des conseils de votre guide, dont l&#8217;expertise vous fera d\u00e9couvrir les histoires et les traditions de chaque \u00e9tape. Chaque moment de ce voyage a \u00e9t\u00e9 m\u00e9ticuleusement planifi\u00e9 par Tour Travel and More pour garantir une exp\u00e9rience v\u00e9ritablement immersive, mariant les merveilles du patrimoine portugais avec les luxes modernes que vous attendez.<\/span><\/p>\n<h2><b>Transfert \u00e0 Porto avec arr\u00eats \u00e0 Fatima et Coimbra Points forts :<\/b><\/h2>\n<ul>\n<li style=\"font-weight: 400;\" aria-level=\"1\"><span style=\"font-weight: 400;\">D\u00e9couvrez Fatima, un lieu de p\u00e8lerinage mondial, et plongez dans ses myst\u00e8res spirituels.<\/span><\/li>\n<li style=\"font-weight: 400;\" aria-level=\"1\"><span style=\"font-weight: 400;\">Promenez-vous dans les anciens couloirs de l&#8217;universit\u00e9 de Coimbra, symbole de l&#8217;excellence acad\u00e9mique du Portugal.<\/span><\/li>\n<li style=\"font-weight: 400;\" aria-level=\"1\"><span style=\"font-weight: 400;\">La visite se termine \u00e0 Porto, une ville o\u00f9 tradition et modernit\u00e9 se rejoignent, offrant une riche tapisserie culturelle \u00e0 tous ceux qui la visitent.<\/span><\/li>\n<\/ul>\n<h2><b>Sites et lieux d&#8217;int\u00e9r\u00eat populaires :<\/b><\/h2>\n<ul>\n<li style=\"font-weight: 400;\" aria-level=\"1\"><b>Sanctuaire de Fatima :<\/b><span style=\"font-weight: 400;\"> Ce lieu saint de Fatima est un exemple de foi et de d\u00e9votion. Attirant des millions de personnes chaque ann\u00e9e, il comm\u00e9more les apparitions de la Vierge Marie \u00e0 trois enfants bergers en 1917. La vaste place, flanqu\u00e9e de la basilique Notre-Dame du Rosaire, t\u00e9moigne de la foi catholique profond\u00e9ment ancr\u00e9e au Portugal.<\/span><\/li>\n<li style=\"font-weight: 400;\" aria-level=\"1\"><b>Universit\u00e9 de Coimbra :<\/b><span style=\"font-weight: 400;\"> Fond\u00e9e en 1290, cette prestigieuse institution se dresse fi\u00e8rement, repr\u00e9sentant les prouesses universitaires de Coimbra. Avec sa biblioth\u00e8que Joanina et son palais royal, elle offre aux visiteurs un voyage \u00e0 travers les traditions savantes et la magnificence architecturale du Portugal.<\/span><\/li>\n<li style=\"font-weight: 400;\" aria-level=\"1\"><b>Le quartier de Ribeira \u00e0 Porto :<\/b><span style=\"font-weight: 400;\"> Class\u00e9 au patrimoine mondial de l&#8217;UNESCO, le quartier de Ribeira s\u00e9duit par son r\u00e9seau complexe de ruelles, d&#8217;\u00e9difices historiques et de promenades au bord de l&#8217;eau. Il reste un t\u00e9moignage vivant du pass\u00e9 charg\u00e9 d&#8217;histoire et du pr\u00e9sent dynamique de Porto.<\/span><\/li>\n<li style=\"font-weight: 400;\" aria-level=\"1\"><b>Monast\u00e8re de Santa Cruz \u00e0 Coimbra :<\/b><span style=\"font-weight: 400;\"> joyau architectural et spirituel, ce monast\u00e8re abrite les tombes des premiers rois du Portugal. C&#8217;est un m\u00e9lange harmonieux de design manu\u00e9lin et de r\u00e9v\u00e9rence religieuse.<\/span><\/li>\n<li style=\"font-weight: 400;\" aria-level=\"1\"><b>Pont Luis I \u00e0 Porto :<\/b><span style=\"font-weight: 400;\"> Ce pont en fer \u00e0 deux \u00e9tages, qui enjambe le Douro, symbolise les progr\u00e8s industriels et architecturaux de Porto. Son \u00e9l\u00e9gance par rapport au paysage urbain est un spectacle \u00e0 voir, surtout au cr\u00e9puscule.<\/span><\/li>\n<li style=\"font-weight: 400;\" aria-level=\"1\"><b>Chapelle des Apparitions \u00e0 Fatima :<\/b><span style=\"font-weight: 400;\"> Au c\u0153ur du sanctuaire, cette chapelle marque l&#8217;endroit o\u00f9 la Vierge Marie serait apparue aux enfants bergers. Lieu de spiritualit\u00e9 intense, des visiteurs du monde entier s&#8217;y rassemblent pour prier et r\u00e9fl\u00e9chir, en qu\u00eate de r\u00e9confort et de conseils.<\/span><\/li>\n<li style=\"font-weight: 400;\" aria-level=\"1\"><b>L&#8217;\u00e9glise et la tour de Cl\u00e9rigos \u00e0 Porto : <\/b><span style=\"font-weight: 400;\">Chef-d&#8217;\u0153uvre baroque embl\u00e9matique, la tour Cl\u00e9rigos domine l&#8217;horizon de Porto. L&#8217;\u00e9glise attenante, avec ses int\u00e9rieurs richement orn\u00e9s, t\u00e9moigne du flair artistique du XVIIIe si\u00e8cle. L&#8217;ascension de la tour offre aux visiteurs un panorama \u00e0 couper le souffle sur Porto et le fleuve Douro.<\/span><\/li>\n<\/ul>\n<p>&nbsp;<\/p>\n<p><span style=\"font-weight: 400;\">Pour ceux qui souhaitent explorer davantage les sites et les sons captivants du Portugal, <\/span><a href=\"https:\/\/tourtravelandmore.com\/fr\/city\/portugal-fr\/lisbon-fr\/\"><span style=\"font-weight: 400;\">Tour Travel and More propose une gamme exquise de visites priv\u00e9es \u00e0 Lisbonne.<\/span><\/a><span style=\"font-weight: 400;\"> D\u00e9couvrez la magie de la capitale du Portugal avec nous.<\/span><\/p>\n","protected":false},"excerpt":{"rendered":"<p><span style=\"font-weight: 400;\">D\u00e9couvrez un luxueux voyage de 10 heures au d\u00e9part de Lisbonne, avec des haltes au havre spirituel de Fatima et \u00e0 la ville historique de Coimbra, avant d&#8217;arriver \u00e0 la vibrante ville de Porto. Des guides experts, des sites embl\u00e9matiques et un service haut de gamme vous attendent.<\/span><\/p>\n","protected":false},"featured_media":170425,"comment_status":"open","ping_status":"closed","template":"","meta":{"_acf_changed":false},"product_brand":[],"product_cat":[4467,4470,4469,3665],"product_tag":[],"class_list":{"0":"post-170415","1":"product","2":"type-product","3":"status-publish","4":"has-post-thumbnail","6":"product_cat-toutes-les-visites-et-activites-privees-fr-5","7":"product_cat-transferts-prives-fr-8","8":"product_cat-visites-guidees-privees-fr-6","9":"product_cat-lisbon-fr","11":"first","12":"instock","13":"shipping-taxable","14":"purchasable","15":"product-type-simple"},"acf":[],"yoast_head":"<!-- This site is optimized with the Yoast SEO Premium plugin v25.3.1 (Yoast SEO v25.3.1) - https:\/\/yoast.com\/wordpress\/plugins\/seo\/ -->\n<title>\u27a1\ufe0f Transfert de luxe vers Porto : Fatima et Coimbra avec Tour Travel and More<\/title>\n<meta name=\"description\" content=\"Faites l&#039;exp\u00e9rience du luxe en vous arr\u00eatant \u00e0 Fatima et \u00e0 Coimbra sur la route de Porto. Plongez dans la spiritualit\u00e9, l&#039;histoire et la culture au cours de ce voyage premium de 10 heures \u2705\" \/>\n<meta name=\"robots\" content=\"index, follow, max-snippet:-1, max-image-preview:large, max-video-preview:-1\" \/>\n<link rel=\"canonical\" href=\"https:\/\/tourtravelandmore.com\/fr\/tours\/portugal-fr\/lisbon-fr\/transfert-a-porto-avec-arrets-a-fatima-et-coimbra\/\" \/>\n<meta property=\"og:locale\" content=\"fr_FR\" \/>\n<meta property=\"og:type\" content=\"article\" \/>\n<meta property=\"og:title\" content=\"Transfert \u00e0 Porto avec arr\u00eats \u00e0 Fatima et Coimbra\" \/>\n<meta property=\"og:description\" content=\"Faites l&#039;exp\u00e9rience du luxe en vous arr\u00eatant \u00e0 Fatima et \u00e0 Coimbra sur la route de Porto. Plongez dans la spiritualit\u00e9, l&#039;histoire et la culture au cours de ce voyage premium de 10 heures \u2705\" \/>\n<meta property=\"og:url\" content=\"https:\/\/tourtravelandmore.com\/fr\/tours\/portugal-fr\/lisbon-fr\/transfert-a-porto-avec-arrets-a-fatima-et-coimbra\/\" \/>\n<meta property=\"og:site_name\" content=\"Tour Travel And More\" \/>\n<meta property=\"article:publisher\" content=\"https:\/\/www.facebook.com\/tourtravelandmore\/\" \/>\n<meta property=\"article:modified_time\" content=\"2023-10-06T11:07:13+00:00\" \/>\n<meta property=\"og:image\" content=\"https:\/\/tourtravelandmore.com\/wp-content\/uploads\/2023\/10\/image1-5.jpg\" \/>\n\t<meta property=\"og:image:width\" content=\"900\" \/>\n\t<meta property=\"og:image:height\" content=\"750\" \/>\n\t<meta property=\"og:image:type\" content=\"image\/jpeg\" \/>\n<meta name=\"twitter:card\" content=\"summary_large_image\" \/>\n<meta name=\"twitter:site\" content=\"@TourTravel_More\" \/>\n<meta name=\"twitter:label1\" content=\"Dur\u00e9e de lecture estim\u00e9e\" \/>\n\t<meta name=\"twitter:data1\" content=\"4 minutes\" \/>\n<script type=\"application\/ld+json\" class=\"yoast-schema-graph\">{\"@context\":\"https:\/\/schema.org\",\"@graph\":[{\"@type\":\"WebPage\",\"@id\":\"https:\/\/tourtravelandmore.com\/fr\/tours\/portugal-fr\/lisbon-fr\/transfert-a-porto-avec-arrets-a-fatima-et-coimbra\/\",\"url\":\"https:\/\/tourtravelandmore.com\/fr\/tours\/portugal-fr\/lisbon-fr\/transfert-a-porto-avec-arrets-a-fatima-et-coimbra\/\",\"name\":\"\u27a1\ufe0f Transfert de luxe vers Porto : Fatima et Coimbra avec Tour Travel and More\",\"isPartOf\":{\"@id\":\"https:\/\/tourtravelandmore.com\/fr\/#website\"},\"primaryImageOfPage\":{\"@id\":\"https:\/\/tourtravelandmore.com\/fr\/tours\/portugal-fr\/lisbon-fr\/transfert-a-porto-avec-arrets-a-fatima-et-coimbra\/#primaryimage\"},\"image\":{\"@id\":\"https:\/\/tourtravelandmore.com\/fr\/tours\/portugal-fr\/lisbon-fr\/transfert-a-porto-avec-arrets-a-fatima-et-coimbra\/#primaryimage\"},\"thumbnailUrl\":\"https:\/\/tourtravelandmore.com\/wp-content\/uploads\/2023\/10\/image1-5.jpg\",\"datePublished\":\"2023-10-02T08:48:10+00:00\",\"dateModified\":\"2023-10-06T11:07:13+00:00\",\"description\":\"Faites l'exp\u00e9rience du luxe en vous arr\u00eatant \u00e0 Fatima et \u00e0 Coimbra sur la route de Porto. Plongez dans la spiritualit\u00e9, l'histoire et la culture au cours de ce voyage premium de 10 heures \u2705\",\"breadcrumb\":{\"@id\":\"https:\/\/tourtravelandmore.com\/fr\/tours\/portugal-fr\/lisbon-fr\/transfert-a-porto-avec-arrets-a-fatima-et-coimbra\/#breadcrumb\"},\"inLanguage\":\"fr-FR\",\"potentialAction\":[{\"@type\":\"ReadAction\",\"target\":[\"https:\/\/tourtravelandmore.com\/fr\/tours\/portugal-fr\/lisbon-fr\/transfert-a-porto-avec-arrets-a-fatima-et-coimbra\/\"]}]},{\"@type\":\"ImageObject\",\"inLanguage\":\"fr-FR\",\"@id\":\"https:\/\/tourtravelandmore.com\/fr\/tours\/portugal-fr\/lisbon-fr\/transfert-a-porto-avec-arrets-a-fatima-et-coimbra\/#primaryimage\",\"url\":\"https:\/\/tourtravelandmore.com\/wp-content\/uploads\/2023\/10\/image1-5.jpg\",\"contentUrl\":\"https:\/\/tourtravelandmore.com\/wp-content\/uploads\/2023\/10\/image1-5.jpg\",\"width\":900,\"height\":750},{\"@type\":\"BreadcrumbList\",\"@id\":\"https:\/\/tourtravelandmore.com\/fr\/tours\/portugal-fr\/lisbon-fr\/transfert-a-porto-avec-arrets-a-fatima-et-coimbra\/#breadcrumb\",\"itemListElement\":[{\"@type\":\"ListItem\",\"position\":1,\"name\":\"Home\",\"item\":\"https:\/\/tourtravelandmore.com\/fr\/\"},{\"@type\":\"ListItem\",\"position\":2,\"name\":\"Tours\",\"item\":\"https:\/\/tourtravelandmore.com\/fr\/tours\/\"},{\"@type\":\"ListItem\",\"position\":3,\"name\":\"Transfert \u00e0 Porto avec arr\u00eats \u00e0 Fatima et Coimbra\"}]},{\"@type\":\"WebSite\",\"@id\":\"https:\/\/tourtravelandmore.com\/fr\/#website\",\"url\":\"https:\/\/tourtravelandmore.com\/fr\/\",\"name\":\"Tour Travel And More\",\"description\":\"Private sightseeing tours and luxury transfers in Spain\",\"publisher\":{\"@id\":\"https:\/\/tourtravelandmore.com\/fr\/#organization\"},\"potentialAction\":[{\"@type\":\"SearchAction\",\"target\":{\"@type\":\"EntryPoint\",\"urlTemplate\":\"https:\/\/tourtravelandmore.com\/fr\/?s={search_term_string}\"},\"query-input\":{\"@type\":\"PropertyValueSpecification\",\"valueRequired\":true,\"valueName\":\"search_term_string\"}}],\"inLanguage\":\"fr-FR\"},{\"@type\":\"Organization\",\"@id\":\"https:\/\/tourtravelandmore.com\/fr\/#organization\",\"name\":\"Tour Travel And More\",\"url\":\"https:\/\/tourtravelandmore.com\/fr\/\",\"logo\":{\"@type\":\"ImageObject\",\"inLanguage\":\"fr-FR\",\"@id\":\"https:\/\/tourtravelandmore.com\/fr\/#\/schema\/logo\/image\/\",\"url\":\"https:\/\/tourtravelandmore.com\/wp-content\/uploads\/2022\/12\/cropped-logo-cabecera-new.png\",\"contentUrl\":\"https:\/\/tourtravelandmore.com\/wp-content\/uploads\/2022\/12\/cropped-logo-cabecera-new.png\",\"width\":430,\"height\":61,\"caption\":\"Tour Travel And More\"},\"image\":{\"@id\":\"https:\/\/tourtravelandmore.com\/fr\/#\/schema\/logo\/image\/\"},\"sameAs\":[\"https:\/\/www.facebook.com\/tourtravelandmore\/\",\"https:\/\/x.com\/TourTravel_More\"]}]}<\/script>\n<!-- \/ Yoast SEO Premium plugin. -->","yoast_head_json":{"title":"\u27a1\ufe0f Transfert de luxe vers Porto : Fatima et Coimbra avec Tour Travel and More","description":"Faites l'exp\u00e9rience du luxe en vous arr\u00eatant \u00e0 Fatima et \u00e0 Coimbra sur la route de Porto. Plongez dans la spiritualit\u00e9, l'histoire et la culture au cours de ce voyage premium de 10 heures \u2705","robots":{"index":"index","follow":"follow","max-snippet":"max-snippet:-1","max-image-preview":"max-image-preview:large","max-video-preview":"max-video-preview:-1"},"canonical":"https:\/\/tourtravelandmore.com\/fr\/tours\/portugal-fr\/lisbon-fr\/transfert-a-porto-avec-arrets-a-fatima-et-coimbra\/","og_locale":"fr_FR","og_type":"article","og_title":"Transfert \u00e0 Porto avec arr\u00eats \u00e0 Fatima et Coimbra","og_description":"Faites l'exp\u00e9rience du luxe en vous arr\u00eatant \u00e0 Fatima et \u00e0 Coimbra sur la route de Porto. Plongez dans la spiritualit\u00e9, l'histoire et la culture au cours de ce voyage premium de 10 heures \u2705","og_url":"https:\/\/tourtravelandmore.com\/fr\/tours\/portugal-fr\/lisbon-fr\/transfert-a-porto-avec-arrets-a-fatima-et-coimbra\/","og_site_name":"Tour Travel And More","article_publisher":"https:\/\/www.facebook.com\/tourtravelandmore\/","article_modified_time":"2023-10-06T11:07:13+00:00","og_image":[{"width":900,"height":750,"url":"https:\/\/tourtravelandmore.com\/wp-content\/uploads\/2023\/10\/image1-5.jpg","type":"image\/jpeg"}],"twitter_card":"summary_large_image","twitter_site":"@TourTravel_More","twitter_misc":{"Dur\u00e9e de lecture estim\u00e9e":"4 minutes"},"schema":{"@context":"https:\/\/schema.org","@graph":[{"@type":"WebPage","@id":"https:\/\/tourtravelandmore.com\/fr\/tours\/portugal-fr\/lisbon-fr\/transfert-a-porto-avec-arrets-a-fatima-et-coimbra\/","url":"https:\/\/tourtravelandmore.com\/fr\/tours\/portugal-fr\/lisbon-fr\/transfert-a-porto-avec-arrets-a-fatima-et-coimbra\/","name":"\u27a1\ufe0f Transfert de luxe vers Porto : Fatima et Coimbra avec Tour Travel and More","isPartOf":{"@id":"https:\/\/tourtravelandmore.com\/fr\/#website"},"primaryImageOfPage":{"@id":"https:\/\/tourtravelandmore.com\/fr\/tours\/portugal-fr\/lisbon-fr\/transfert-a-porto-avec-arrets-a-fatima-et-coimbra\/#primaryimage"},"image":{"@id":"https:\/\/tourtravelandmore.com\/fr\/tours\/portugal-fr\/lisbon-fr\/transfert-a-porto-avec-arrets-a-fatima-et-coimbra\/#primaryimage"},"thumbnailUrl":"https:\/\/tourtravelandmore.com\/wp-content\/uploads\/2023\/10\/image1-5.jpg","datePublished":"2023-10-02T08:48:10+00:00","dateModified":"2023-10-06T11:07:13+00:00","description":"Faites l'exp\u00e9rience du luxe en vous arr\u00eatant \u00e0 Fatima et \u00e0 Coimbra sur la route de Porto. Plongez dans la spiritualit\u00e9, l'histoire et la culture au cours de ce voyage premium de 10 heures \u2705","breadcrumb":{"@id":"https:\/\/tourtravelandmore.com\/fr\/tours\/portugal-fr\/lisbon-fr\/transfert-a-porto-avec-arrets-a-fatima-et-coimbra\/#breadcrumb"},"inLanguage":"fr-FR","potentialAction":[{"@type":"ReadAction","target":["https:\/\/tourtravelandmore.com\/fr\/tours\/portugal-fr\/lisbon-fr\/transfert-a-porto-avec-arrets-a-fatima-et-coimbra\/"]}]},{"@type":"ImageObject","inLanguage":"fr-FR","@id":"https:\/\/tourtravelandmore.com\/fr\/tours\/portugal-fr\/lisbon-fr\/transfert-a-porto-avec-arrets-a-fatima-et-coimbra\/#primaryimage","url":"https:\/\/tourtravelandmore.com\/wp-content\/uploads\/2023\/10\/image1-5.jpg","contentUrl":"https:\/\/tourtravelandmore.com\/wp-content\/uploads\/2023\/10\/image1-5.jpg","width":900,"height":750},{"@type":"BreadcrumbList","@id":"https:\/\/tourtravelandmore.com\/fr\/tours\/portugal-fr\/lisbon-fr\/transfert-a-porto-avec-arrets-a-fatima-et-coimbra\/#breadcrumb","itemListElement":[{"@type":"ListItem","position":1,"name":"Home","item":"https:\/\/tourtravelandmore.com\/fr\/"},{"@type":"ListItem","position":2,"name":"Tours","item":"https:\/\/tourtravelandmore.com\/fr\/tours\/"},{"@type":"ListItem","position":3,"name":"Transfert \u00e0 Porto avec arr\u00eats \u00e0 Fatima et Coimbra"}]},{"@type":"WebSite","@id":"https:\/\/tourtravelandmore.com\/fr\/#website","url":"https:\/\/tourtravelandmore.com\/fr\/","name":"Tour Travel And More","description":"Private sightseeing tours and luxury transfers in Spain","publisher":{"@id":"https:\/\/tourtravelandmore.com\/fr\/#organization"},"potentialAction":[{"@type":"SearchAction","target":{"@type":"EntryPoint","urlTemplate":"https:\/\/tourtravelandmore.com\/fr\/?s={search_term_string}"},"query-input":{"@type":"PropertyValueSpecification","valueRequired":true,"valueName":"search_term_string"}}],"inLanguage":"fr-FR"},{"@type":"Organization","@id":"https:\/\/tourtravelandmore.com\/fr\/#organization","name":"Tour Travel And More","url":"https:\/\/tourtravelandmore.com\/fr\/","logo":{"@type":"ImageObject","inLanguage":"fr-FR","@id":"https:\/\/tourtravelandmore.com\/fr\/#\/schema\/logo\/image\/","url":"https:\/\/tourtravelandmore.com\/wp-content\/uploads\/2022\/12\/cropped-logo-cabecera-new.png","contentUrl":"https:\/\/tourtravelandmore.com\/wp-content\/uploads\/2022\/12\/cropped-logo-cabecera-new.png","width":430,"height":61,"caption":"Tour Travel And More"},"image":{"@id":"https:\/\/tourtravelandmore.com\/fr\/#\/schema\/logo\/image\/"},"sameAs":["https:\/\/www.facebook.com\/tourtravelandmore\/","https:\/\/x.com\/TourTravel_More"]}]}},"_links":{"self":[{"href":"https:\/\/tourtravelandmore.com\/fr\/wp-json\/wp\/v2\/product\/170415","targetHints":{"allow":["GET"]}}],"collection":[{"href":"https:\/\/tourtravelandmore.com\/fr\/wp-json\/wp\/v2\/product"}],"about":[{"href":"https:\/\/tourtravelandmore.com\/fr\/wp-json\/wp\/v2\/types\/product"}],"replies":[{"embeddable":true,"href":"https:\/\/tourtravelandmore.com\/fr\/wp-json\/wp\/v2\/comments?post=170415"}],"wp:featuredmedia":[{"embeddable":true,"href":"https:\/\/tourtravelandmore.com\/fr\/wp-json\/wp\/v2\/media\/170425"}],"wp:attachment":[{"href":"https:\/\/tourtravelandmore.com\/fr\/wp-json\/wp\/v2\/media?parent=170415"}],"wp:term":[{"taxonomy":"product_brand","embeddable":true,"href":"https:\/\/tourtravelandmore.com\/fr\/wp-json\/wp\/v2\/product_brand?post=170415"},{"taxonomy":"product_cat","embeddable":true,"href":"https:\/\/tourtravelandmore.com\/fr\/wp-json\/wp\/v2\/product_cat?post=170415"},{"taxonomy":"product_tag","embeddable":true,"href":"https:\/\/tourtravelandmore.com\/fr\/wp-json\/wp\/v2\/product_tag?post=170415"}],"curies":[{"name":"wp","href":"https:\/\/api.w.org\/{rel}","templated":true}]}}