{"id":170388,"date":"2023-10-02T10:23:09","date_gmt":"2023-10-02T08:23:21","guid":{"rendered":"https:\/\/tourtravelandmore.com\/?post_type=product&#038;p=170388"},"modified":"2023-10-06T13:08:35","modified_gmt":"2023-10-06T11:08:35","slug":"transfert-a-porto-avec-arret-a-coimbra","status":"publish","type":"product","link":"https:\/\/tourtravelandmore.com\/fr\/tours\/portugal-fr\/lisbon-fr\/transfert-a-porto-avec-arret-a-coimbra\/","title":{"rendered":"Transfert \u00e0 Porto avec arr\u00eat \u00e0 Coimbra"},"content":{"rendered":"<h2><b>Transfert \u00e0 Porto avec arr\u00eat \u00e0 Coimbra Description :<\/b><\/h2>\n<p><span style=\"font-weight: 400;\">D\u00e9couvrez l&#8217;essence du Portugal gr\u00e2ce \u00e0 notre service exclusif de transfert \u00e0 Porto avec arr\u00eat \u00e0 Coimbra fourni par Tour Travel and More. Commencez votre voyage dans la ville vibrante de Lisbonne et soyez conduit dans un v\u00e9hicule priv\u00e9 de luxe jusqu&#8217;\u00e0 la ville historique de Coimbra. Ici, vous profiterez d&#8217;une visite guid\u00e9e de deux heures de l&#8217;universit\u00e9 de Coimbra, class\u00e9e au patrimoine mondial de l&#8217;UNESCO. Admirez l&#8217;architecture complexe et les r\u00e9cits des anciens \u00e9rudits avant de poursuivre votre voyage tranquille vers la magnifique ville de Porto. Ce circuit de 8 heures allie harmonieusement luxe, connaissance et loisirs, garantissant une journ\u00e9e d&#8217;exp\u00e9riences enrichissantes et un confort in\u00e9gal\u00e9.<\/span><\/p>\n<p><span style=\"font-weight: 400;\">\u00c9merveillez-vous devant la beaut\u00e9 des paysages en traversant des villes pittoresques et une campagne vallonn\u00e9e. En chemin, vous aurez l&#8217;occasion de vous arr\u00eater spontan\u00e9ment dans des caf\u00e9s pittoresques ou \u00e0 des points de vue pittoresques. Votre chauffeur exp\u00e9riment\u00e9 veillera \u00e0 ce que votre voyage se d\u00e9roule sans encombre et vous fournira des informations sur les r\u00e9gions que vous traversez. Lorsque vous atteindrez Porto, vous serez impr\u00e9gn\u00e9 d&#8217;une profonde appr\u00e9ciation de la diversit\u00e9 des cultures, des histoires et des g\u00e9ographies du Portugal. Chaque moment de ce voyage est con\u00e7u pour vous offrir une exp\u00e9rience intime de l&#8217;\u00e2me du Portugal.<\/span><\/p>\n<h2><b>Transfert \u00e0 Porto avec arr\u00eat \u00e0 Coimbra Points forts :<\/b><\/h2>\n<ul>\n<li style=\"font-weight: 400;\" aria-level=\"1\"><span style=\"font-weight: 400;\">Un service de chauffeur d&#8217;une dur\u00e9e de 8 heures garantissant le plus grand luxe et la plus grande commodit\u00e9.<\/span><\/li>\n<li style=\"font-weight: 400;\" aria-level=\"1\"><span style=\"font-weight: 400;\">Une visite guid\u00e9e sp\u00e9cialis\u00e9e de 2 heures \u00e0 Coimbra, plongeant dans les annales de sa v\u00e9n\u00e9rable universit\u00e9.<\/span><\/li>\n<li style=\"font-weight: 400;\" aria-level=\"1\"><span style=\"font-weight: 400;\">Les droits d&#8217;entr\u00e9e \u00e0 l&#8217;universit\u00e9 de Coimbra, qui vous permettront d&#8217;admirer de premi\u00e8re main la grandeur de cet \u00e9tablissement historique.<\/span><\/li>\n<li style=\"font-weight: 400;\" aria-level=\"1\"><span style=\"font-weight: 400;\">Un voyage serein de Coimbra \u00e0 Porto, o\u00f9 le paysage passe subtilement de la beaut\u00e9 int\u00e9rieure \u00e0 la magnificence c\u00f4ti\u00e8re.<\/span><\/li>\n<\/ul>\n<h2><b>Sites et lieux d&#8217;int\u00e9r\u00eat populaires \u00e0 Porto et Coimbra :<\/b><\/h2>\n<ul>\n<li style=\"font-weight: 400;\" aria-level=\"1\"><b>Universit\u00e9 de Coimbra : <\/b><span style=\"font-weight: 400;\">Fond\u00e9e en 1290, l&#8217;universit\u00e9 de Coimbra t\u00e9moigne de la grandeur acad\u00e9mique et architecturale de la ville. La biblioth\u00e8que Joanina et le palais royal de l&#8217;universit\u00e9, qui est l&#8217;une des plus anciennes universit\u00e9s du monde encore en activit\u00e9, offrent aux touristes un aper\u00e7u de la riche tapisserie de l&#8217;histoire universitaire du Portugal.<\/span><\/li>\n<li style=\"font-weight: 400;\" aria-level=\"1\"><b>Le quartier de Ribeira \u00e0 Porto :<\/b><span style=\"font-weight: 400;\"> Situ\u00e9 au bord du fleuve Douro, Ribeira est un quartier historique de Porto, reconnu pour ses rues pav\u00e9es \u00e9troites, ses b\u00e2timents anciens et son atmosph\u00e8re anim\u00e9e. Class\u00e9 au patrimoine mondial de l&#8217;UNESCO, c&#8217;est un centre anim\u00e9 o\u00f9 se m\u00ealent la riche histoire de Porto et la culture contemporaine.<\/span><\/li>\n<li style=\"font-weight: 400;\" aria-level=\"1\"><b>Livraria Lello :<\/b><span style=\"font-weight: 400;\"> Souvent consid\u00e9r\u00e9e comme l&#8217;une des plus belles librairies du monde, Livraria Lello, \u00e0 Porto, avec son architecture n\u00e9ogothique, ses boiseries complexes et son superbe escalier rouge, est un paradis litt\u00e9raire doubl\u00e9 d&#8217;une merveille architecturale.<\/span><\/li>\n<li style=\"font-weight: 400;\" aria-level=\"1\"><b>L&#8217;\u00e9glise Santa Clara \u00e0 Coimbra <\/b><span style=\"font-weight: 400;\">: exemple parfait des styles architecturaux manu\u00e9lin et gothique, l&#8217;\u00e9glise Santa Clara abrite le tombeau de la reine Sainte Isabelle. Elle reste un lieu spirituel serein, offrant du r\u00e9confort au milieu de l&#8217;agitation de Coimbra.<\/span><\/li>\n<li style=\"font-weight: 400;\" aria-level=\"1\"><b>Tour Clerigos \u00e0 Porto :<\/b><span style=\"font-weight: 400;\"> Dominant l&#8217;horizon de Porto, la tour Clerigos offre une vue panoramique de la ville. C&#8217;est un chef-d&#8217;\u0153uvre baroque, et l&#8217;ascension de ses 200 marches offre une vue gratifiante sur les toits en terre cuite de Porto et sur le fleuve Douro.<\/span><\/li>\n<li style=\"font-weight: 400;\" aria-level=\"1\"><b>Monast\u00e8re de Santa Cruz \u00e0 Coimbra :<\/b><span style=\"font-weight: 400;\"> ce monument sacr\u00e9 est une pi\u00e8ce ma\u00eetresse de l&#8217;histoire religieuse et architecturale du Portugal. Fond\u00e9 au XIIe si\u00e8cle, il abrite les tombes des deux premiers rois du pays. Ses boiseries orn\u00e9es, ses autels majestueux et ses \u00e9l\u00e9ments manu\u00e9lins t\u00e9moignent de l&#8217;\u00e9thique artistique et spirituelle de l&#8217;\u00e9poque.<\/span><\/li>\n<li style=\"font-weight: 400;\" aria-level=\"1\"><b>Pont Luis I \u00e0 Porto :<\/b><span style=\"font-weight: 400;\"> Pont en fer \u00e0 deux niveaux qui enjambe le fleuve Douro, le pont Luis I n&#8217;est pas seulement un moyen de transport, mais aussi un embl\u00e8me du patrimoine technique de Porto. Con\u00e7u par un disciple de Gustave Eiffel, l&#8217;\u00e9l\u00e9gante arche du pont et sa structure robuste sont un spectacle, en particulier au coucher du soleil, o\u00f9 la silhouette dor\u00e9e se d\u00e9coupe sur les teintes vibrantes du ciel.<\/span><\/li>\n<\/ul>\n<p>&nbsp;<\/p>\n<p><span style=\"font-weight: 400;\">Pour ceux qui souhaitent explorer davantage les merveilles du Portugal, <\/span><a href=\"https:\/\/tourtravelandmore.com\/fr\/tours\/portugal-fr\/lisbon-fr\/titre-de-lexcursion-transfert-a-porto-avec-arret-a-fatima\/\"><span style=\"font-weight: 400;\">Tour Travel and More propose \u00e9galement une myriade de circuits \u00e0 Lisbonne.<\/span><\/a> <span style=\"font-weight: 400;\">Plongez dans la capitale du pays et d\u00e9couvrez ses secrets et ses charmes. Pour obtenir une liste compl\u00e8te des circuits \u00e0 Lisbonne et r\u00e9server votre prochaine aventure, visitez le site de Tour Travel and More.<\/span><\/p>\n","protected":false},"excerpt":{"rendered":"<p><span style=\"font-weight: 400;\">Embarquez pour un voyage de 8 heures entre Lisbonne et Porto, avec un arr\u00eat sp\u00e9cial \u00e0 l&#8217;universit\u00e9 embl\u00e9matique de Coimbra. Profitez du luxe, de l&#8217;histoire et de la beaut\u00e9 des paysages du Portugal gr\u00e2ce \u00e0 ce transfert exclusif.<\/span><\/p>\n<p>&nbsp;<\/p>\n","protected":false},"featured_media":170398,"comment_status":"open","ping_status":"closed","template":"","meta":{"_acf_changed":false},"product_brand":[],"product_cat":[4467,4470,4469,3665],"product_tag":[],"class_list":{"0":"post-170388","1":"product","2":"type-product","3":"status-publish","4":"has-post-thumbnail","6":"product_cat-toutes-les-visites-et-activites-privees-fr-5","7":"product_cat-transferts-prives-fr-8","8":"product_cat-visites-guidees-privees-fr-6","9":"product_cat-lisbon-fr","11":"first","12":"instock","13":"shipping-taxable","14":"purchasable","15":"product-type-simple"},"acf":[],"yoast_head":"<!-- This site is optimized with the Yoast SEO Premium plugin v25.3.1 (Yoast SEO v25.3.1) - https:\/\/yoast.com\/wordpress\/plugins\/seo\/ -->\n<title>\u27a1\ufe0f Transfert vers Porto avec arr\u00eat \u00e0 Coimbra : luxe et histoire combin\u00e9s<\/title>\n<meta name=\"description\" content=\"D\u00e9couvrez le luxe d&#039;un transfert avec chauffeur de Lisbonne \u00e0 Porto avec un arr\u00eat historique \u00e0 l&#039;universit\u00e9 de Coimbra, class\u00e9e au patrimoine mondial de l&#039;UNESCO. Plongez dans l&#039;essence du Portugal avec Tour Travel and More. \u2705\" \/>\n<meta name=\"robots\" content=\"index, follow, max-snippet:-1, max-image-preview:large, max-video-preview:-1\" \/>\n<link rel=\"canonical\" href=\"https:\/\/tourtravelandmore.com\/fr\/tours\/portugal-fr\/lisbon-fr\/transfert-a-porto-avec-arret-a-coimbra\/\" \/>\n<meta property=\"og:locale\" content=\"fr_FR\" \/>\n<meta property=\"og:type\" content=\"article\" \/>\n<meta property=\"og:title\" content=\"Transfert \u00e0 Porto avec arr\u00eat \u00e0 Coimbra\" \/>\n<meta property=\"og:description\" content=\"D\u00e9couvrez le luxe d&#039;un transfert avec chauffeur de Lisbonne \u00e0 Porto avec un arr\u00eat historique \u00e0 l&#039;universit\u00e9 de Coimbra, class\u00e9e au patrimoine mondial de l&#039;UNESCO. Plongez dans l&#039;essence du Portugal avec Tour Travel and More. \u2705\" \/>\n<meta property=\"og:url\" content=\"https:\/\/tourtravelandmore.com\/fr\/tours\/portugal-fr\/lisbon-fr\/transfert-a-porto-avec-arret-a-coimbra\/\" \/>\n<meta property=\"og:site_name\" content=\"Tour Travel And More\" \/>\n<meta property=\"article:publisher\" content=\"https:\/\/www.facebook.com\/tourtravelandmore\/\" \/>\n<meta property=\"article:modified_time\" content=\"2023-10-06T11:08:35+00:00\" \/>\n<meta property=\"og:image\" content=\"https:\/\/tourtravelandmore.com\/wp-content\/uploads\/2023\/10\/image1-4.jpg\" \/>\n\t<meta property=\"og:image:width\" content=\"900\" \/>\n\t<meta property=\"og:image:height\" content=\"750\" \/>\n\t<meta property=\"og:image:type\" content=\"image\/jpeg\" \/>\n<meta name=\"twitter:card\" content=\"summary_large_image\" \/>\n<meta name=\"twitter:site\" content=\"@TourTravel_More\" \/>\n<meta name=\"twitter:label1\" content=\"Dur\u00e9e de lecture estim\u00e9e\" \/>\n\t<meta name=\"twitter:data1\" content=\"4 minutes\" \/>\n<script type=\"application\/ld+json\" class=\"yoast-schema-graph\">{\"@context\":\"https:\/\/schema.org\",\"@graph\":[{\"@type\":\"WebPage\",\"@id\":\"https:\/\/tourtravelandmore.com\/fr\/tours\/portugal-fr\/lisbon-fr\/transfert-a-porto-avec-arret-a-coimbra\/\",\"url\":\"https:\/\/tourtravelandmore.com\/fr\/tours\/portugal-fr\/lisbon-fr\/transfert-a-porto-avec-arret-a-coimbra\/\",\"name\":\"\u27a1\ufe0f Transfert vers Porto avec arr\u00eat \u00e0 Coimbra : luxe et histoire combin\u00e9s\",\"isPartOf\":{\"@id\":\"https:\/\/tourtravelandmore.com\/fr\/#website\"},\"primaryImageOfPage\":{\"@id\":\"https:\/\/tourtravelandmore.com\/fr\/tours\/portugal-fr\/lisbon-fr\/transfert-a-porto-avec-arret-a-coimbra\/#primaryimage\"},\"image\":{\"@id\":\"https:\/\/tourtravelandmore.com\/fr\/tours\/portugal-fr\/lisbon-fr\/transfert-a-porto-avec-arret-a-coimbra\/#primaryimage\"},\"thumbnailUrl\":\"https:\/\/tourtravelandmore.com\/wp-content\/uploads\/2023\/10\/image1-4.jpg\",\"datePublished\":\"2023-10-02T08:23:21+00:00\",\"dateModified\":\"2023-10-06T11:08:35+00:00\",\"description\":\"D\u00e9couvrez le luxe d'un transfert avec chauffeur de Lisbonne \u00e0 Porto avec un arr\u00eat historique \u00e0 l'universit\u00e9 de Coimbra, class\u00e9e au patrimoine mondial de l'UNESCO. Plongez dans l'essence du Portugal avec Tour Travel and More. \u2705\",\"breadcrumb\":{\"@id\":\"https:\/\/tourtravelandmore.com\/fr\/tours\/portugal-fr\/lisbon-fr\/transfert-a-porto-avec-arret-a-coimbra\/#breadcrumb\"},\"inLanguage\":\"fr-FR\",\"potentialAction\":[{\"@type\":\"ReadAction\",\"target\":[\"https:\/\/tourtravelandmore.com\/fr\/tours\/portugal-fr\/lisbon-fr\/transfert-a-porto-avec-arret-a-coimbra\/\"]}]},{\"@type\":\"ImageObject\",\"inLanguage\":\"fr-FR\",\"@id\":\"https:\/\/tourtravelandmore.com\/fr\/tours\/portugal-fr\/lisbon-fr\/transfert-a-porto-avec-arret-a-coimbra\/#primaryimage\",\"url\":\"https:\/\/tourtravelandmore.com\/wp-content\/uploads\/2023\/10\/image1-4.jpg\",\"contentUrl\":\"https:\/\/tourtravelandmore.com\/wp-content\/uploads\/2023\/10\/image1-4.jpg\",\"width\":900,\"height\":750},{\"@type\":\"BreadcrumbList\",\"@id\":\"https:\/\/tourtravelandmore.com\/fr\/tours\/portugal-fr\/lisbon-fr\/transfert-a-porto-avec-arret-a-coimbra\/#breadcrumb\",\"itemListElement\":[{\"@type\":\"ListItem\",\"position\":1,\"name\":\"Home\",\"item\":\"https:\/\/tourtravelandmore.com\/fr\/\"},{\"@type\":\"ListItem\",\"position\":2,\"name\":\"Tours\",\"item\":\"https:\/\/tourtravelandmore.com\/fr\/tours\/\"},{\"@type\":\"ListItem\",\"position\":3,\"name\":\"Transfert \u00e0 Porto avec arr\u00eat \u00e0 Coimbra\"}]},{\"@type\":\"WebSite\",\"@id\":\"https:\/\/tourtravelandmore.com\/fr\/#website\",\"url\":\"https:\/\/tourtravelandmore.com\/fr\/\",\"name\":\"Tour Travel And More\",\"description\":\"Private sightseeing tours and luxury transfers in Spain\",\"publisher\":{\"@id\":\"https:\/\/tourtravelandmore.com\/fr\/#organization\"},\"potentialAction\":[{\"@type\":\"SearchAction\",\"target\":{\"@type\":\"EntryPoint\",\"urlTemplate\":\"https:\/\/tourtravelandmore.com\/fr\/?s={search_term_string}\"},\"query-input\":{\"@type\":\"PropertyValueSpecification\",\"valueRequired\":true,\"valueName\":\"search_term_string\"}}],\"inLanguage\":\"fr-FR\"},{\"@type\":\"Organization\",\"@id\":\"https:\/\/tourtravelandmore.com\/fr\/#organization\",\"name\":\"Tour Travel And More\",\"url\":\"https:\/\/tourtravelandmore.com\/fr\/\",\"logo\":{\"@type\":\"ImageObject\",\"inLanguage\":\"fr-FR\",\"@id\":\"https:\/\/tourtravelandmore.com\/fr\/#\/schema\/logo\/image\/\",\"url\":\"https:\/\/tourtravelandmore.com\/wp-content\/uploads\/2022\/12\/cropped-logo-cabecera-new.png\",\"contentUrl\":\"https:\/\/tourtravelandmore.com\/wp-content\/uploads\/2022\/12\/cropped-logo-cabecera-new.png\",\"width\":430,\"height\":61,\"caption\":\"Tour Travel And More\"},\"image\":{\"@id\":\"https:\/\/tourtravelandmore.com\/fr\/#\/schema\/logo\/image\/\"},\"sameAs\":[\"https:\/\/www.facebook.com\/tourtravelandmore\/\",\"https:\/\/x.com\/TourTravel_More\"]}]}<\/script>\n<!-- \/ Yoast SEO Premium plugin. -->","yoast_head_json":{"title":"\u27a1\ufe0f Transfert vers Porto avec arr\u00eat \u00e0 Coimbra : luxe et histoire combin\u00e9s","description":"D\u00e9couvrez le luxe d'un transfert avec chauffeur de Lisbonne \u00e0 Porto avec un arr\u00eat historique \u00e0 l'universit\u00e9 de Coimbra, class\u00e9e au patrimoine mondial de l'UNESCO. Plongez dans l'essence du Portugal avec Tour Travel and More. \u2705","robots":{"index":"index","follow":"follow","max-snippet":"max-snippet:-1","max-image-preview":"max-image-preview:large","max-video-preview":"max-video-preview:-1"},"canonical":"https:\/\/tourtravelandmore.com\/fr\/tours\/portugal-fr\/lisbon-fr\/transfert-a-porto-avec-arret-a-coimbra\/","og_locale":"fr_FR","og_type":"article","og_title":"Transfert \u00e0 Porto avec arr\u00eat \u00e0 Coimbra","og_description":"D\u00e9couvrez le luxe d'un transfert avec chauffeur de Lisbonne \u00e0 Porto avec un arr\u00eat historique \u00e0 l'universit\u00e9 de Coimbra, class\u00e9e au patrimoine mondial de l'UNESCO. Plongez dans l'essence du Portugal avec Tour Travel and More. \u2705","og_url":"https:\/\/tourtravelandmore.com\/fr\/tours\/portugal-fr\/lisbon-fr\/transfert-a-porto-avec-arret-a-coimbra\/","og_site_name":"Tour Travel And More","article_publisher":"https:\/\/www.facebook.com\/tourtravelandmore\/","article_modified_time":"2023-10-06T11:08:35+00:00","og_image":[{"width":900,"height":750,"url":"https:\/\/tourtravelandmore.com\/wp-content\/uploads\/2023\/10\/image1-4.jpg","type":"image\/jpeg"}],"twitter_card":"summary_large_image","twitter_site":"@TourTravel_More","twitter_misc":{"Dur\u00e9e de lecture estim\u00e9e":"4 minutes"},"schema":{"@context":"https:\/\/schema.org","@graph":[{"@type":"WebPage","@id":"https:\/\/tourtravelandmore.com\/fr\/tours\/portugal-fr\/lisbon-fr\/transfert-a-porto-avec-arret-a-coimbra\/","url":"https:\/\/tourtravelandmore.com\/fr\/tours\/portugal-fr\/lisbon-fr\/transfert-a-porto-avec-arret-a-coimbra\/","name":"\u27a1\ufe0f Transfert vers Porto avec arr\u00eat \u00e0 Coimbra : luxe et histoire combin\u00e9s","isPartOf":{"@id":"https:\/\/tourtravelandmore.com\/fr\/#website"},"primaryImageOfPage":{"@id":"https:\/\/tourtravelandmore.com\/fr\/tours\/portugal-fr\/lisbon-fr\/transfert-a-porto-avec-arret-a-coimbra\/#primaryimage"},"image":{"@id":"https:\/\/tourtravelandmore.com\/fr\/tours\/portugal-fr\/lisbon-fr\/transfert-a-porto-avec-arret-a-coimbra\/#primaryimage"},"thumbnailUrl":"https:\/\/tourtravelandmore.com\/wp-content\/uploads\/2023\/10\/image1-4.jpg","datePublished":"2023-10-02T08:23:21+00:00","dateModified":"2023-10-06T11:08:35+00:00","description":"D\u00e9couvrez le luxe d'un transfert avec chauffeur de Lisbonne \u00e0 Porto avec un arr\u00eat historique \u00e0 l'universit\u00e9 de Coimbra, class\u00e9e au patrimoine mondial de l'UNESCO. Plongez dans l'essence du Portugal avec Tour Travel and More. \u2705","breadcrumb":{"@id":"https:\/\/tourtravelandmore.com\/fr\/tours\/portugal-fr\/lisbon-fr\/transfert-a-porto-avec-arret-a-coimbra\/#breadcrumb"},"inLanguage":"fr-FR","potentialAction":[{"@type":"ReadAction","target":["https:\/\/tourtravelandmore.com\/fr\/tours\/portugal-fr\/lisbon-fr\/transfert-a-porto-avec-arret-a-coimbra\/"]}]},{"@type":"ImageObject","inLanguage":"fr-FR","@id":"https:\/\/tourtravelandmore.com\/fr\/tours\/portugal-fr\/lisbon-fr\/transfert-a-porto-avec-arret-a-coimbra\/#primaryimage","url":"https:\/\/tourtravelandmore.com\/wp-content\/uploads\/2023\/10\/image1-4.jpg","contentUrl":"https:\/\/tourtravelandmore.com\/wp-content\/uploads\/2023\/10\/image1-4.jpg","width":900,"height":750},{"@type":"BreadcrumbList","@id":"https:\/\/tourtravelandmore.com\/fr\/tours\/portugal-fr\/lisbon-fr\/transfert-a-porto-avec-arret-a-coimbra\/#breadcrumb","itemListElement":[{"@type":"ListItem","position":1,"name":"Home","item":"https:\/\/tourtravelandmore.com\/fr\/"},{"@type":"ListItem","position":2,"name":"Tours","item":"https:\/\/tourtravelandmore.com\/fr\/tours\/"},{"@type":"ListItem","position":3,"name":"Transfert \u00e0 Porto avec arr\u00eat \u00e0 Coimbra"}]},{"@type":"WebSite","@id":"https:\/\/tourtravelandmore.com\/fr\/#website","url":"https:\/\/tourtravelandmore.com\/fr\/","name":"Tour Travel And More","description":"Private sightseeing tours and luxury transfers in Spain","publisher":{"@id":"https:\/\/tourtravelandmore.com\/fr\/#organization"},"potentialAction":[{"@type":"SearchAction","target":{"@type":"EntryPoint","urlTemplate":"https:\/\/tourtravelandmore.com\/fr\/?s={search_term_string}"},"query-input":{"@type":"PropertyValueSpecification","valueRequired":true,"valueName":"search_term_string"}}],"inLanguage":"fr-FR"},{"@type":"Organization","@id":"https:\/\/tourtravelandmore.com\/fr\/#organization","name":"Tour Travel And More","url":"https:\/\/tourtravelandmore.com\/fr\/","logo":{"@type":"ImageObject","inLanguage":"fr-FR","@id":"https:\/\/tourtravelandmore.com\/fr\/#\/schema\/logo\/image\/","url":"https:\/\/tourtravelandmore.com\/wp-content\/uploads\/2022\/12\/cropped-logo-cabecera-new.png","contentUrl":"https:\/\/tourtravelandmore.com\/wp-content\/uploads\/2022\/12\/cropped-logo-cabecera-new.png","width":430,"height":61,"caption":"Tour Travel And More"},"image":{"@id":"https:\/\/tourtravelandmore.com\/fr\/#\/schema\/logo\/image\/"},"sameAs":["https:\/\/www.facebook.com\/tourtravelandmore\/","https:\/\/x.com\/TourTravel_More"]}]}},"_links":{"self":[{"href":"https:\/\/tourtravelandmore.com\/fr\/wp-json\/wp\/v2\/product\/170388","targetHints":{"allow":["GET"]}}],"collection":[{"href":"https:\/\/tourtravelandmore.com\/fr\/wp-json\/wp\/v2\/product"}],"about":[{"href":"https:\/\/tourtravelandmore.com\/fr\/wp-json\/wp\/v2\/types\/product"}],"replies":[{"embeddable":true,"href":"https:\/\/tourtravelandmore.com\/fr\/wp-json\/wp\/v2\/comments?post=170388"}],"wp:featuredmedia":[{"embeddable":true,"href":"https:\/\/tourtravelandmore.com\/fr\/wp-json\/wp\/v2\/media\/170398"}],"wp:attachment":[{"href":"https:\/\/tourtravelandmore.com\/fr\/wp-json\/wp\/v2\/media?parent=170388"}],"wp:term":[{"taxonomy":"product_brand","embeddable":true,"href":"https:\/\/tourtravelandmore.com\/fr\/wp-json\/wp\/v2\/product_brand?post=170388"},{"taxonomy":"product_cat","embeddable":true,"href":"https:\/\/tourtravelandmore.com\/fr\/wp-json\/wp\/v2\/product_cat?post=170388"},{"taxonomy":"product_tag","embeddable":true,"href":"https:\/\/tourtravelandmore.com\/fr\/wp-json\/wp\/v2\/product_tag?post=170388"}],"curies":[{"name":"wp","href":"https:\/\/api.w.org\/{rel}","templated":true}]}}